{"id":12750,"date":"2024-12-28T20:49:58","date_gmt":"2024-12-28T19:49:58","guid":{"rendered":"https:\/\/luciennelaparisienne.fr\/?page_id=12750"},"modified":"2026-04-15T18:29:38","modified_gmt":"2026-04-15T16:29:38","slug":"echange-retour","status":"publish","type":"page","link":"https:\/\/luciennelaparisienne.fr\/en\/echange-retour\/","title":{"rendered":"Exchange and Returns"},"content":{"rendered":"<p>You have the right to return items purchased within 14 days of receipt.<\/p>\n<p>Pour cela merci de nous envoyer un email \u00e0 <a href=\"mailto:contact@luciennelaparisienne.fr\">contact@luciennelaparisienne.fr<\/a>\u00a0en indiquant votre souhait de retourner l\u2019article, votre nom et le num\u00e9ro de votre commande.<\/p>\n<p class=\" translation-block\">Returned items must be in perfect condition, with original tags and packaging.\nReturns of defective or incorrect items are free of charge. In other cases, the buyer will bear the return shipping costs.<\/p>\n<p>Si vous souhaitez \u00e9changer un article, merci de nous envoyer un email \u00e0 <a href=\"mailto:contact@luciennelaparisienne.fr\">contact@luciennelaparisienne.fr<\/a><\/p>\n<p>The shipping cost for the new item will be at your expense. You will be informed of any price difference if the new product costs more, along with instructions for paying the difference.<\/p>\n<p>You will be responsible for both the return shipping cost and the shipping fees for the replacement\u00a0item.<\/p>","protected":false},"excerpt":{"rendered":"<p>Vous avez le droit de retourner les articles achet\u00e9s dans les 14 jours suivant de leur r\u00e9ception. Pour cela merci de nous envoyer un email \u00e0 contact@luciennelaparisienne.fr\u00a0en indiquant votre souhait de retourner l\u2019article, votre nom et le num\u00e9ro de votre commande. Les articles de retour doivent \u00eatre en parfait \u00e9tat, [&hellip;]<\/p>","protected":false},"author":1,"featured_media":0,"parent":0,"menu_order":0,"comment_status":"closed","ping_status":"closed","template":"","meta":{"inline_featured_image":false,"footnotes":""},"class_list":["post-12750","page","type-page","status-publish","hentry"],"yoast_head":"<!-- This site is optimized with the Yoast SEO plugin v26.6 - https:\/\/yoast.com\/wordpress\/plugins\/seo\/ -->\n<title>\u00c9change et retour - Lucienne la Parisienne<\/title>\n<meta name=\"robots\" content=\"index, follow, max-snippet:-1, max-image-preview:large, max-video-preview:-1\" \/>\n<link rel=\"canonical\" href=\"https:\/\/luciennelaparisienne.fr\/en\/echange-retour\/\" \/>\n<meta property=\"og:locale\" content=\"en_GB\" \/>\n<meta property=\"og:type\" content=\"article\" \/>\n<meta property=\"og:title\" content=\"\u00c9change et retour - Lucienne la Parisienne\" \/>\n<meta property=\"og:description\" content=\"Vous avez le droit de retourner les articles achet\u00e9s dans les 14 jours suivant de leur r\u00e9ception. Pour cela merci de nous envoyer un email \u00e0 contact@luciennelaparisienne.fr\u00a0en indiquant votre souhait de retourner l\u2019article, votre nom et le num\u00e9ro de votre commande. Les articles de retour doivent \u00eatre en parfait \u00e9tat, [&hellip;]\" \/>\n<meta property=\"og:url\" content=\"https:\/\/luciennelaparisienne.fr\/en\/echange-retour\/\" \/>\n<meta property=\"og:site_name\" content=\"Lucienne la Parisienne\" \/>\n<meta property=\"article:modified_time\" content=\"2026-04-15T16:29:38+00:00\" \/>\n<meta name=\"twitter:card\" content=\"summary_large_image\" \/>\n<meta name=\"twitter:label1\" content=\"Estimated reading time\" \/>\n\t<meta name=\"twitter:data1\" content=\"1 minute\" \/>\n<script type=\"application\/ld+json\" class=\"yoast-schema-graph\">{\"@context\":\"https:\/\/schema.org\",\"@graph\":[{\"@type\":\"WebPage\",\"@id\":\"https:\/\/luciennelaparisienne.fr\/echange-retour\/\",\"url\":\"https:\/\/luciennelaparisienne.fr\/echange-retour\/\",\"name\":\"\u00c9change et retour - Lucienne la Parisienne\",\"isPartOf\":{\"@id\":\"https:\/\/luciennelaparisienne.fr\/#website\"},\"datePublished\":\"2024-12-28T19:49:58+00:00\",\"dateModified\":\"2026-04-15T16:29:38+00:00\",\"breadcrumb\":{\"@id\":\"https:\/\/luciennelaparisienne.fr\/echange-retour\/#breadcrumb\"},\"inLanguage\":\"en-GB\",\"potentialAction\":[{\"@type\":\"ReadAction\",\"target\":[\"https:\/\/luciennelaparisienne.fr\/echange-retour\/\"]}]},{\"@type\":\"BreadcrumbList\",\"@id\":\"https:\/\/luciennelaparisienne.fr\/echange-retour\/#breadcrumb\",\"itemListElement\":[{\"@type\":\"ListItem\",\"position\":1,\"name\":\"Accueil\",\"item\":\"https:\/\/luciennelaparisienne.fr\/\"},{\"@type\":\"ListItem\",\"position\":2,\"name\":\"\u00c9change et retour\"}]},{\"@type\":\"WebSite\",\"@id\":\"https:\/\/luciennelaparisienne.fr\/#website\",\"url\":\"https:\/\/luciennelaparisienne.fr\/\",\"name\":\"Lucienne la Parisienne\",\"description\":\"Produits pour Teckels\",\"potentialAction\":[{\"@type\":\"SearchAction\",\"target\":{\"@type\":\"EntryPoint\",\"urlTemplate\":\"https:\/\/luciennelaparisienne.fr\/?s={search_term_string}\"},\"query-input\":{\"@type\":\"PropertyValueSpecification\",\"valueRequired\":true,\"valueName\":\"search_term_string\"}}],\"inLanguage\":\"en-GB\"}]}<\/script>\n<!-- \/ Yoast SEO plugin. -->","yoast_head_json":{"title":"\u00c9change et retour - Lucienne la Parisienne","robots":{"index":"index","follow":"follow","max-snippet":"max-snippet:-1","max-image-preview":"max-image-preview:large","max-video-preview":"max-video-preview:-1"},"canonical":"https:\/\/luciennelaparisienne.fr\/en\/echange-retour\/","og_locale":"en_GB","og_type":"article","og_title":"\u00c9change et retour - Lucienne la Parisienne","og_description":"Vous avez le droit de retourner les articles achet\u00e9s dans les 14 jours suivant de leur r\u00e9ception. Pour cela merci de nous envoyer un email \u00e0 contact@luciennelaparisienne.fr\u00a0en indiquant votre souhait de retourner l\u2019article, votre nom et le num\u00e9ro de votre commande. Les articles de retour doivent \u00eatre en parfait \u00e9tat, [&hellip;]","og_url":"https:\/\/luciennelaparisienne.fr\/en\/echange-retour\/","og_site_name":"Lucienne la Parisienne","article_modified_time":"2026-04-15T16:29:38+00:00","twitter_card":"summary_large_image","twitter_misc":{"Estimated reading time":"1 minute"},"schema":{"@context":"https:\/\/schema.org","@graph":[{"@type":"WebPage","@id":"https:\/\/luciennelaparisienne.fr\/echange-retour\/","url":"https:\/\/luciennelaparisienne.fr\/echange-retour\/","name":"\u00c9change et retour - Lucienne la Parisienne","isPartOf":{"@id":"https:\/\/luciennelaparisienne.fr\/#website"},"datePublished":"2024-12-28T19:49:58+00:00","dateModified":"2026-04-15T16:29:38+00:00","breadcrumb":{"@id":"https:\/\/luciennelaparisienne.fr\/echange-retour\/#breadcrumb"},"inLanguage":"en-GB","potentialAction":[{"@type":"ReadAction","target":["https:\/\/luciennelaparisienne.fr\/echange-retour\/"]}]},{"@type":"BreadcrumbList","@id":"https:\/\/luciennelaparisienne.fr\/echange-retour\/#breadcrumb","itemListElement":[{"@type":"ListItem","position":1,"name":"Accueil","item":"https:\/\/luciennelaparisienne.fr\/"},{"@type":"ListItem","position":2,"name":"\u00c9change et retour"}]},{"@type":"WebSite","@id":"https:\/\/luciennelaparisienne.fr\/#website","url":"https:\/\/luciennelaparisienne.fr\/","name":"Lucienne la Parisienne","description":"Produits pour Teckels","potentialAction":[{"@type":"SearchAction","target":{"@type":"EntryPoint","urlTemplate":"https:\/\/luciennelaparisienne.fr\/?s={search_term_string}"},"query-input":{"@type":"PropertyValueSpecification","valueRequired":true,"valueName":"search_term_string"}}],"inLanguage":"en-GB"}]}},"_links":{"self":[{"href":"https:\/\/luciennelaparisienne.fr\/en\/wp-json\/wp\/v2\/pages\/12750","targetHints":{"allow":["GET"]}}],"collection":[{"href":"https:\/\/luciennelaparisienne.fr\/en\/wp-json\/wp\/v2\/pages"}],"about":[{"href":"https:\/\/luciennelaparisienne.fr\/en\/wp-json\/wp\/v2\/types\/page"}],"author":[{"embeddable":true,"href":"https:\/\/luciennelaparisienne.fr\/en\/wp-json\/wp\/v2\/users\/1"}],"replies":[{"embeddable":true,"href":"https:\/\/luciennelaparisienne.fr\/en\/wp-json\/wp\/v2\/comments?post=12750"}],"version-history":[{"count":4,"href":"https:\/\/luciennelaparisienne.fr\/en\/wp-json\/wp\/v2\/pages\/12750\/revisions"}],"predecessor-version":[{"id":17225,"href":"https:\/\/luciennelaparisienne.fr\/en\/wp-json\/wp\/v2\/pages\/12750\/revisions\/17225"}],"wp:attachment":[{"href":"https:\/\/luciennelaparisienne.fr\/en\/wp-json\/wp\/v2\/media?parent=12750"}],"curies":[{"name":"wp","href":"https:\/\/api.w.org\/{rel}","templated":true}]}}