{"id":12832,"date":"2025-01-09T16:52:25","date_gmt":"2025-01-09T15:52:25","guid":{"rendered":"https:\/\/luciennelaparisienne.fr\/?page_id=12832"},"modified":"2025-01-09T16:52:25","modified_gmt":"2025-01-09T15:52:25","slug":"soldes","status":"publish","type":"page","link":"https:\/\/luciennelaparisienne.fr\/en\/soldes\/","title":{"rendered":"SOLDES"},"content":{"rendered":"<div class=\"wpb-content-wrapper\"><div  class=\"sec_row container\"><div class=\"vc_row wpb_row vc_row-fluid\"><div class=\"wpb_column vc_column_container vc_col-sm-12 et-dark-column\"><div class=\"vc_column-inner\"><div class=\"wpb_wrapper\"> \n\n\t\t\t<ul class=\"et-product et-main-products products row et-product-style3 hover-animation-zoom products-sale-products et-no-variations\">\n\n\t\t\t\t\t\t\t\t\n\t\t\t\t\t\t\t\t\t\t\t\t\t\t\t\t\t\n<li class=\"item et-listing-style3 col-6 col-sm-6 col-md-4 col-lg-3 small_grid_5 product type-product post-13319 status-publish first instock product_cat-accessoires product_cat-collections product_cat-fin-de-collection product_cat-leopard product_cat-pour-les-dogparents has-post-thumbnail sale taxable shipping-taxable purchasable product-type-variable woo-variation-gallery-product\">\n\t<div class=\"product-inner animation bottom-to-top\">\n\t\t<figure class=\"product_thumbnail et-image-hover\">  \n\t\t<a href=\"https:\/\/luciennelaparisienne.fr\/en\/product\/snood-pour-dog-maman\/\" title=\"Snood for dog mom\"><img loading=\"lazy\" decoding=\"async\" width=\"600\" height=\"600\" src=\"https:\/\/luciennelaparisienne.fr\/wp-content\/uploads\/2025\/03\/DSC04745-600x600.jpg\" class=\"main-image skip-lazy\" alt=\"Snood for dog mom\" srcset=\"https:\/\/luciennelaparisienne.fr\/wp-content\/uploads\/2025\/03\/DSC04745-600x600.jpg 600w, https:\/\/luciennelaparisienne.fr\/wp-content\/uploads\/2025\/03\/DSC04745-100x100.jpg 100w, https:\/\/luciennelaparisienne.fr\/wp-content\/uploads\/2025\/03\/DSC04745-900x900.jpg 900w, https:\/\/luciennelaparisienne.fr\/wp-content\/uploads\/2025\/03\/DSC04745-300x300.jpg 300w, https:\/\/luciennelaparisienne.fr\/wp-content\/uploads\/2025\/03\/DSC04745-150x150.jpg 150w, https:\/\/luciennelaparisienne.fr\/wp-content\/uploads\/2025\/03\/DSC04745-768x768.jpg 768w, https:\/\/luciennelaparisienne.fr\/wp-content\/uploads\/2025\/03\/DSC04745-12x12.jpg 12w, https:\/\/luciennelaparisienne.fr\/wp-content\/uploads\/2025\/03\/DSC04745-50x50.jpg 50w, https:\/\/luciennelaparisienne.fr\/wp-content\/uploads\/2025\/03\/DSC04745.jpg 1000w\" sizes=\"auto, (max-width: 600px) 100vw, 600px\" \/><img loading=\"lazy\" decoding=\"async\" width=\"600\" height=\"600\" src=\"https:\/\/luciennelaparisienne.fr\/wp-content\/uploads\/2025\/03\/DSC04725-600x600.jpg\" class=\"product_thumbnail_hover\" alt=\"\" srcset=\"https:\/\/luciennelaparisienne.fr\/wp-content\/uploads\/2025\/03\/DSC04725-600x600.jpg 600w, https:\/\/luciennelaparisienne.fr\/wp-content\/uploads\/2025\/03\/DSC04725-100x100.jpg 100w, https:\/\/luciennelaparisienne.fr\/wp-content\/uploads\/2025\/03\/DSC04725-900x900.jpg 900w, https:\/\/luciennelaparisienne.fr\/wp-content\/uploads\/2025\/03\/DSC04725-300x300.jpg 300w, https:\/\/luciennelaparisienne.fr\/wp-content\/uploads\/2025\/03\/DSC04725-150x150.jpg 150w, https:\/\/luciennelaparisienne.fr\/wp-content\/uploads\/2025\/03\/DSC04725-768x768.jpg 768w, https:\/\/luciennelaparisienne.fr\/wp-content\/uploads\/2025\/03\/DSC04725-12x12.jpg 12w, https:\/\/luciennelaparisienne.fr\/wp-content\/uploads\/2025\/03\/DSC04725-50x50.jpg 50w, https:\/\/luciennelaparisienne.fr\/wp-content\/uploads\/2025\/03\/DSC04725.jpg 1000w\" sizes=\"auto, (max-width: 600px) 100vw, 600px\" \/><\/a>\n\t\t<span class=\"badge onsale perc\"><span class=\"onsale-before\">-<\/span> <span class=\"onsale-percent\">15<\/span> <span class=\"onsale-after\">%<\/span> <span class=\"onsale-off\">Off<\/span><\/span>\t\t<div class=\"actions-wrapper\">\n\t\t\t<div class=\"actions-inner\">\n\t\t\t\t\t\t\t\t<a href=\"https:\/\/luciennelaparisienne.fr\/en\/product\/snood-pour-dog-maman\/\" data-quantity=\"1\" class=\"button product_type_variable add_to_cart_button\" data-product_id=\"13319\" data-product_sku=\"\" aria-label=\"S\u00e9lectionner les options pour \u201cSnood pour dog maman\u201d\" rel=\"nofollow\" data-no-translation-aria-label=\"\"><span class=\"text\" data-no-translation=\"\" data-trp-gettext=\"\">Choose options<\/span><span class=\"icon\"><span class=\"et-icon et-shopping-bag\"><\/span><\/span><\/a>\t\t\t\t<a href=\"https:\/\/luciennelaparisienne.fr\/en\/product\/snood-pour-dog-maman\/\" title=\"Quick View\" data-product_id=\"13319\" class=\"et-quickview-btn et-tooltip product_type_variable\"><span class=\"text\">Quick View<\/span><span class=\"icon\"><span class=\"et-icon et-maximize-2\"><\/span><\/span><\/a>\t\t\t<\/div>\n\t\t<\/div>\n\t<\/figure>\n\t<div class=\"caption\">\n\t\t<div class=\"product-title\">\n\t\t\t<h2><a class=\"product-link\" href=\"https:\/\/luciennelaparisienne.fr\/en\/product\/snood-pour-dog-maman\/\" title=\"Snood for dog mom\">Snood for dog mom<\/a><\/h2>\n\t\t\t\t\t<\/div>\n\t\t\n\t\t<div class=\"product_after_title\">\n\n\t\t\t<div class=\"product_after_shop_loop_price\">\n\t\t\t\t\n\t<span class=\"price\"><del aria-hidden=\"true\"><span class=\"woocommerce-Price-amount amount\"><bdi>65&nbsp;<span class=\"woocommerce-Price-currencySymbol\">&euro;<\/span><\/bdi><\/span><\/del> <span class=\"screen-reader-text\" data-no-translation=\"\" data-trp-gettext=\"\">Le prix initial \u00e9tait\u00a0: 65&nbsp;&euro;.<\/span><ins aria-hidden=\"true\"><span class=\"woocommerce-Price-amount amount\"><bdi>55&nbsp;<span class=\"woocommerce-Price-currencySymbol\">&euro;<\/span><\/bdi><\/span><\/ins><span class=\"screen-reader-text\" data-no-translation=\"\" data-trp-gettext=\"\">Le prix actuel est\u00a0: 55&nbsp;&euro;.<\/span><\/span>\n\t\t\t<\/div>\n\n\t\t\t<div class=\"product-excerpt\">\n\t\t\t\t<p>Enfin un produit pour \u00eatre Matchy Matchy avec son chien! Le snood ou cache-cou est fait en fourrure synth\u00e9tique type lapin doubl\u00e9 polaire l\u00e9opard. La fourrure es tr\u00e8s douce et chaude, se lave parfaitement et se s\u00e8che tr\u00e8s vite. Le snood est reversible, il peut \u00eatre port\u00e9 cot\u00e9 fourrure couleur [&hellip;]<\/p>\n\t\t\t<\/div>\n\n\t\t\t<div class=\"after_shop_loop_actions\">\n\n\t\t\t\t<a href=\"https:\/\/luciennelaparisienne.fr\/en\/product\/snood-pour-dog-maman\/\" data-quantity=\"1\" class=\"button product_type_variable add_to_cart_button\" data-product_id=\"13319\" data-product_sku=\"\" aria-label=\"S\u00e9lectionner les options pour \u201cSnood pour dog maman\u201d\" rel=\"nofollow\" data-no-translation-aria-label=\"\"><span class=\"text\" data-no-translation=\"\" data-trp-gettext=\"\">Choose options<\/span><span class=\"icon\"><span class=\"et-icon et-shopping-bag\"><\/span><\/span><\/a>\t\t\t<\/div>\n\n\t\t<\/div>\n\n\t\t\n\t<\/div>\n\n\t<\/div>\n\n<\/li>\t\t\t\t\t\t\t\t\t\t\t\t\t\t\t\n\t\t\t\t<\/ul>\n\t\t\t\t\t \n\t<\/div><\/div><\/div><\/div><\/div>\n<\/div>","protected":false},"excerpt":{"rendered":"Enfin un produit pour \u00eatre Matchy Matchy avec son chien! Le snood ou cache-cou est fait en fourrure synth\u00e9tique type lapin doubl\u00e9 polaire l\u00e9opard. La fourrure es tr\u00e8s douce et chaude, se lave parfaitement et se s\u00e8che tr\u00e8s vite. Le snood est reversible, il peut \u00eatre port\u00e9 cot\u00e9 fourrure couleur [...]","protected":false},"author":1,"featured_media":0,"parent":0,"menu_order":0,"comment_status":"closed","ping_status":"closed","template":"","meta":{"inline_featured_image":false,"footnotes":""},"class_list":["post-12832","page","type-page","status-publish","hentry"],"yoast_head":"<!-- This site is optimized with the Yoast SEO plugin v26.6 - https:\/\/yoast.com\/wordpress\/plugins\/seo\/ -->\n<title>SOLDES - Lucienne la Parisienne<\/title>\n<meta name=\"robots\" content=\"index, follow, max-snippet:-1, max-image-preview:large, max-video-preview:-1\" \/>\n<link rel=\"canonical\" href=\"https:\/\/luciennelaparisienne.fr\/en\/soldes\/\" \/>\n<meta property=\"og:locale\" content=\"en_GB\" \/>\n<meta property=\"og:type\" content=\"article\" \/>\n<meta property=\"og:title\" content=\"SOLDES - Lucienne la Parisienne\" \/>\n<meta property=\"og:url\" content=\"https:\/\/luciennelaparisienne.fr\/en\/soldes\/\" \/>\n<meta property=\"og:site_name\" content=\"Lucienne la Parisienne\" \/>\n<meta name=\"twitter:card\" content=\"summary_large_image\" \/>\n<meta name=\"twitter:label1\" content=\"Estimated reading time\" \/>\n\t<meta name=\"twitter:data1\" content=\"1 minute\" \/>\n<script type=\"application\/ld+json\" class=\"yoast-schema-graph\">{\"@context\":\"https:\/\/schema.org\",\"@graph\":[{\"@type\":\"WebPage\",\"@id\":\"https:\/\/luciennelaparisienne.fr\/soldes\/\",\"url\":\"https:\/\/luciennelaparisienne.fr\/soldes\/\",\"name\":\"SOLDES - Lucienne la Parisienne\",\"isPartOf\":{\"@id\":\"https:\/\/luciennelaparisienne.fr\/#website\"},\"datePublished\":\"2025-01-09T15:52:25+00:00\",\"breadcrumb\":{\"@id\":\"https:\/\/luciennelaparisienne.fr\/soldes\/#breadcrumb\"},\"inLanguage\":\"en-GB\",\"potentialAction\":[{\"@type\":\"ReadAction\",\"target\":[\"https:\/\/luciennelaparisienne.fr\/soldes\/\"]}]},{\"@type\":\"BreadcrumbList\",\"@id\":\"https:\/\/luciennelaparisienne.fr\/soldes\/#breadcrumb\",\"itemListElement\":[{\"@type\":\"ListItem\",\"position\":1,\"name\":\"Accueil\",\"item\":\"https:\/\/luciennelaparisienne.fr\/\"},{\"@type\":\"ListItem\",\"position\":2,\"name\":\"SOLDES\"}]},{\"@type\":\"WebSite\",\"@id\":\"https:\/\/luciennelaparisienne.fr\/#website\",\"url\":\"https:\/\/luciennelaparisienne.fr\/\",\"name\":\"Lucienne la Parisienne\",\"description\":\"Produits pour Teckels\",\"potentialAction\":[{\"@type\":\"SearchAction\",\"target\":{\"@type\":\"EntryPoint\",\"urlTemplate\":\"https:\/\/luciennelaparisienne.fr\/?s={search_term_string}\"},\"query-input\":{\"@type\":\"PropertyValueSpecification\",\"valueRequired\":true,\"valueName\":\"search_term_string\"}}],\"inLanguage\":\"en-GB\"}]}<\/script>\n<!-- \/ Yoast SEO plugin. -->","yoast_head_json":{"title":"SOLDES - Lucienne la Parisienne","robots":{"index":"index","follow":"follow","max-snippet":"max-snippet:-1","max-image-preview":"max-image-preview:large","max-video-preview":"max-video-preview:-1"},"canonical":"https:\/\/luciennelaparisienne.fr\/en\/soldes\/","og_locale":"en_GB","og_type":"article","og_title":"SOLDES - Lucienne la Parisienne","og_url":"https:\/\/luciennelaparisienne.fr\/en\/soldes\/","og_site_name":"Lucienne la Parisienne","twitter_card":"summary_large_image","twitter_misc":{"Estimated reading time":"1 minute"},"schema":{"@context":"https:\/\/schema.org","@graph":[{"@type":"WebPage","@id":"https:\/\/luciennelaparisienne.fr\/soldes\/","url":"https:\/\/luciennelaparisienne.fr\/soldes\/","name":"SOLDES - Lucienne la Parisienne","isPartOf":{"@id":"https:\/\/luciennelaparisienne.fr\/#website"},"datePublished":"2025-01-09T15:52:25+00:00","breadcrumb":{"@id":"https:\/\/luciennelaparisienne.fr\/soldes\/#breadcrumb"},"inLanguage":"en-GB","potentialAction":[{"@type":"ReadAction","target":["https:\/\/luciennelaparisienne.fr\/soldes\/"]}]},{"@type":"BreadcrumbList","@id":"https:\/\/luciennelaparisienne.fr\/soldes\/#breadcrumb","itemListElement":[{"@type":"ListItem","position":1,"name":"Accueil","item":"https:\/\/luciennelaparisienne.fr\/"},{"@type":"ListItem","position":2,"name":"SOLDES"}]},{"@type":"WebSite","@id":"https:\/\/luciennelaparisienne.fr\/#website","url":"https:\/\/luciennelaparisienne.fr\/","name":"Lucienne la Parisienne","description":"Produits pour Teckels","potentialAction":[{"@type":"SearchAction","target":{"@type":"EntryPoint","urlTemplate":"https:\/\/luciennelaparisienne.fr\/?s={search_term_string}"},"query-input":{"@type":"PropertyValueSpecification","valueRequired":true,"valueName":"search_term_string"}}],"inLanguage":"en-GB"}]}},"_links":{"self":[{"href":"https:\/\/luciennelaparisienne.fr\/en\/wp-json\/wp\/v2\/pages\/12832","targetHints":{"allow":["GET"]}}],"collection":[{"href":"https:\/\/luciennelaparisienne.fr\/en\/wp-json\/wp\/v2\/pages"}],"about":[{"href":"https:\/\/luciennelaparisienne.fr\/en\/wp-json\/wp\/v2\/types\/page"}],"author":[{"embeddable":true,"href":"https:\/\/luciennelaparisienne.fr\/en\/wp-json\/wp\/v2\/users\/1"}],"replies":[{"embeddable":true,"href":"https:\/\/luciennelaparisienne.fr\/en\/wp-json\/wp\/v2\/comments?post=12832"}],"version-history":[{"count":1,"href":"https:\/\/luciennelaparisienne.fr\/en\/wp-json\/wp\/v2\/pages\/12832\/revisions"}],"predecessor-version":[{"id":12833,"href":"https:\/\/luciennelaparisienne.fr\/en\/wp-json\/wp\/v2\/pages\/12832\/revisions\/12833"}],"wp:attachment":[{"href":"https:\/\/luciennelaparisienne.fr\/en\/wp-json\/wp\/v2\/media?parent=12832"}],"curies":[{"name":"wp","href":"https:\/\/api.w.org\/{rel}","templated":true}]}}