{"id":3689,"date":"2023-08-30T15:08:25","date_gmt":"2023-08-30T13:08:25","guid":{"rendered":"https:\/\/luciennelaparisienne.fr\/?page_id=3689"},"modified":"2023-10-17T11:44:02","modified_gmt":"2023-10-17T09:44:02","slug":"qui-sommes-nous","status":"publish","type":"page","link":"https:\/\/luciennelaparisienne.fr\/en\/qui-sommes-nous\/","title":{"rendered":"About us"},"content":{"rendered":"<div class=\"wpb-content-wrapper\"><div  class=\"sec_row container\"><div class=\"vc_row wpb_row vc_row-fluid\"><div class=\"wpb_column vc_column_container vc_col-sm-12 et-dark-column\"><div class=\"vc_column-inner\"><div class=\"wpb_wrapper\">\n\t<div class=\"wpb_raw_code wpb_raw_html wpb_content_element vc_custom_1697017170925\" >\n\t\t<div class=\"wpb_wrapper\">\n\t\t\t<h1 class=\"title_left_heard\"><span>About us<\/span><\/h1>\n\t\t<\/div>\n\t<\/div>\n<\/div><\/div><\/div><\/div><\/div><div  class=\"sec_row container\"><div class=\"vc_row wpb_row vc_row-fluid\"><div class=\"wpb_column vc_column_container vc_col-sm-12 et-dark-column\"><div class=\"vc_column-inner\"><div class=\"wpb_wrapper\"><div class=\"vc_row wpb_row vc_inner vc_row-fluid max_width align-center vc_row-o-content-middle vc_row-flex\"><div class=\"wpb_column vc_column_container vc_col-sm-6 et-dark-column\"><div class=\"vc_column-inner\"><div class=\"wpb_wrapper\">\t<div class=\"et-image-550 et-image     et_image_link\">\n\t\t<div class=\"et-image-inner\">\n\t\t\t\t\t\t\t<div class=\"et-image-thumb\">\n\t\t\t\t\t<img loading=\"lazy\" decoding=\"async\" width=\"1500\" height=\"1992\" src=\"https:\/\/luciennelaparisienne.fr\/wp-content\/uploads\/2023\/10\/01-1-min.jpg\" class=\"attachment-full\" alt=\"\" title=\"01 (1)-min\" srcset=\"https:\/\/luciennelaparisienne.fr\/wp-content\/uploads\/2023\/10\/01-1-min.jpg 1500w, https:\/\/luciennelaparisienne.fr\/wp-content\/uploads\/2023\/10\/01-1-min-600x797.jpg 600w, https:\/\/luciennelaparisienne.fr\/wp-content\/uploads\/2023\/10\/01-1-min-900x1195.jpg 900w, https:\/\/luciennelaparisienne.fr\/wp-content\/uploads\/2023\/10\/01-1-min-226x300.jpg 226w, https:\/\/luciennelaparisienne.fr\/wp-content\/uploads\/2023\/10\/01-1-min-771x1024.jpg 771w, https:\/\/luciennelaparisienne.fr\/wp-content\/uploads\/2023\/10\/01-1-min-768x1020.jpg 768w, https:\/\/luciennelaparisienne.fr\/wp-content\/uploads\/2023\/10\/01-1-min-1157x1536.jpg 1157w, https:\/\/luciennelaparisienne.fr\/wp-content\/uploads\/2023\/10\/01-1-min-113x150.jpg 113w\" sizes=\"auto, (max-width: 1500px) 100vw, 1500px\" \/>\t\t\t\t<\/div>\n\t\t\t\t\t\t\t\t\t\t\t<\/div>\n\t<\/div>\n  <\/div><\/div><\/div><div class=\"wpb_column vc_column_container vc_col-sm-6 et-dark-column\"><div class=\"vc_column-inner\"><div class=\"wpb_wrapper\">\n\t<div class=\"wpb_text_column wpb_content_element\" >\n\t\t<div class=\"wpb_wrapper\">\n\t\t\t<p>All my life, I have been passionate about dogs, my first word even being the name of my female dog. I particularly love dachshunds, for their big personality despite their small size.<\/p>\n<p>Lucienne is a short haired miniature dachshund. When Lucienne arrived in our family, she immediately became the inspiration for everyone: the children crafted for her, drew her, and invented stories about her.<\/p>\n<p>For the well-being of our four-legged love, I searched for the necessary products and couldn't find what I needed. So, I decided to create products specially designed for dachshunds and their needs.<\/p>\n\n\t\t<\/div>\n\t<\/div>\n\n\t<div class=\"wpb_text_column wpb_content_element\" >\n\t\t<div class=\"wpb_wrapper\">\n\t\t\t<p>On February 14, 2023, I gave myself the gift of love \u2013 I registered the Lucienne la Parisienne brand, whose logo was designed by my 9-year-old daughter.<\/p>\n<p>Today, I am delighted to share with you my knowledge of this beautiful breed and offer you products for your dachshunds, which can also be used for other dogs! The goal is for us all to be happy!<\/p>\n<p>Viktoriya, \"mom\" of Lucienne and creator of the Lucienne la Parisienne brand.<\/p>\n\n\t\t<\/div>\n\t<\/div>\n<\/div><\/div><\/div><\/div><div class=\"vc_empty_space  hide-mobile\"   style=\"height: 33px\"><span class=\"vc_empty_space_inner\"><\/span><\/div>\n\t<div class=\"wpb_raw_code wpb_raw_html wpb_content_element\" >\n\t\t<div class=\"wpb_wrapper\">\n\t\t\t<div class=\"quote_box\">\n\t\t<img decoding=\"async\" src=\"https:\/\/luciennelaparisienne.fr\/wp-content\/uploads\/2023\/09\/quote.svg\">\n\t\t<span>Behind every good person, there is always a long dachshund!<\/span>\n\t<\/div>\n\t\t<\/div>\n\t<\/div>\n<div class=\"vc_row wpb_row vc_inner vc_row-fluid max_width\"><div class=\"wpb_column vc_column_container vc_col-sm-12 et-dark-column\"><div class=\"vc_column-inner\"><div class=\"wpb_wrapper\">\t<div id=\"et-image-slider-42\" class=\"et-image-slider slick slick-slider slick-dotted slick-dots-centered centered mfp-gallery\" data-adaptive-height=\"false\" variable-width=\"true\" data-pagination=\"true\" data-navigation=\"\" data-center=\"\" data-fade=\"\" data-columns=\"4\" data-infinite=\"true\" data-autoplay=\"true\" data-autoplay-speed=\"3000\" data-pause=\"\">\n\t\t\n\t\t\t\t\t<div class=\"gallery-item\">\n\t\t\t\t\t\t<a href=\"https:\/\/luciennelaparisienne.fr\/wp-content\/uploads\/2023\/10\/03-min.jpeg\">\t\t\t\t\t\t\t<div class=\"et-image-inner\">\n\t\t\t\t\t\t\t\t<div class=\"et_image_slider-wrapper\"><img decoding=\"async\" class=\"et_image_slider-img\" src=\"https:\/\/luciennelaparisienne.fr\/wp-content\/uploads\/2023\/10\/03-min-500x500.jpeg\" width=\"500\" height=\"500\" alt=\"\" title=\"\" loading=\"lazy\" \/><\/div>\t\t\t\t\t\t\t\t\t\t\t\t\t\t\t\t\t\t\t\t\t\t\t<\/div>\n\t\t\t\t\t\t<\/a>\t\t\t\t\t<\/div>\n\t\t\t\t\n\t\t\t\t\n\t\t\t\t\t<div class=\"gallery-item\">\n\t\t\t\t\t\t<a href=\"https:\/\/luciennelaparisienne.fr\/wp-content\/uploads\/2023\/10\/DSC2977-min.jpg\">\t\t\t\t\t\t\t<div class=\"et-image-inner\">\n\t\t\t\t\t\t\t\t<div class=\"et_image_slider-wrapper\"><img decoding=\"async\" class=\"et_image_slider-img\" src=\"https:\/\/luciennelaparisienne.fr\/wp-content\/uploads\/2023\/10\/DSC2977-min-500x500.jpg\" width=\"500\" height=\"500\" alt=\"\" title=\"\" loading=\"lazy\" \/><\/div>\t\t\t\t\t\t\t\t\t\t\t\t\t\t\t\t\t\t\t\t\t\t\t<\/div>\n\t\t\t\t\t\t<\/a>\t\t\t\t\t<\/div>\n\t\t\t\t\n\t\t\t\t\n\t\t\t\t\t<div class=\"gallery-item\">\n\t\t\t\t\t\t<a href=\"https:\/\/luciennelaparisienne.fr\/wp-content\/uploads\/2023\/10\/DSC05565-min.jpg\">\t\t\t\t\t\t\t<div class=\"et-image-inner\">\n\t\t\t\t\t\t\t\t<div class=\"et_image_slider-wrapper\"><img decoding=\"async\" class=\"et_image_slider-img\" src=\"https:\/\/luciennelaparisienne.fr\/wp-content\/uploads\/2023\/10\/DSC05565-min-500x500.jpg\" width=\"500\" height=\"500\" alt=\"\" title=\"\" loading=\"lazy\" \/><\/div>\t\t\t\t\t\t\t\t\t\t\t\t\t\t\t\t\t\t\t\t\t\t\t<\/div>\n\t\t\t\t\t\t<\/a>\t\t\t\t\t<\/div>\n\t\t\t\t\n\t\t\t\t\n\t\t\t\t\t<div class=\"gallery-item\">\n\t\t\t\t\t\t<a href=\"https:\/\/luciennelaparisienne.fr\/wp-content\/uploads\/2023\/10\/DSC3295-min.jpg\">\t\t\t\t\t\t\t<div class=\"et-image-inner\">\n\t\t\t\t\t\t\t\t<div class=\"et_image_slider-wrapper\"><img decoding=\"async\" class=\"et_image_slider-img\" src=\"https:\/\/luciennelaparisienne.fr\/wp-content\/uploads\/2023\/10\/DSC3295-min-500x500.jpg\" width=\"500\" height=\"500\" alt=\"\" title=\"\" loading=\"lazy\" \/><\/div>\t\t\t\t\t\t\t\t\t\t\t\t\t\t\t\t\t\t\t\t\t\t\t<\/div>\n\t\t\t\t\t\t<\/a>\t\t\t\t\t<\/div>\n\t\t\t\t\n\t\t\t\t\n\t\t\t\t\t<div class=\"gallery-item\">\n\t\t\t\t\t\t<a href=\"https:\/\/luciennelaparisienne.fr\/wp-content\/uploads\/2023\/10\/IMG_0298-min.jpg\">\t\t\t\t\t\t\t<div class=\"et-image-inner\">\n\t\t\t\t\t\t\t\t<div class=\"et_image_slider-wrapper\"><img decoding=\"async\" class=\"et_image_slider-img\" src=\"https:\/\/luciennelaparisienne.fr\/wp-content\/uploads\/2023\/10\/IMG_0298-min-500x500.jpg\" width=\"500\" height=\"500\" alt=\"\" title=\"\" loading=\"lazy\" \/><\/div>\t\t\t\t\t\t\t\t\t\t\t\t\t\t\t\t\t\t\t\t\t\t\t<\/div>\n\t\t\t\t\t\t<\/a>\t\t\t\t\t<\/div>\n\t\t\t\t\n\t\t\t\t\n\t\t\t\t\t<div class=\"gallery-item\">\n\t\t\t\t\t\t<a href=\"https:\/\/luciennelaparisienne.fr\/wp-content\/uploads\/2023\/10\/DSC05508-min.jpg\">\t\t\t\t\t\t\t<div class=\"et-image-inner\">\n\t\t\t\t\t\t\t\t<div class=\"et_image_slider-wrapper\"><img decoding=\"async\" class=\"et_image_slider-img\" src=\"https:\/\/luciennelaparisienne.fr\/wp-content\/uploads\/2023\/10\/DSC05508-min-500x500.jpg\" width=\"500\" height=\"500\" alt=\"\" title=\"\" loading=\"lazy\" \/><\/div>\t\t\t\t\t\t\t\t\t\t\t\t\t\t\t\t\t\t\t\t\t\t\t<\/div>\n\t\t\t\t\t\t<\/a>\t\t\t\t\t<\/div>\n\t\t\t\t\n\t\t\t\t\n\t\t\t\t\t<div class=\"gallery-item\">\n\t\t\t\t\t\t<a href=\"https:\/\/luciennelaparisienne.fr\/wp-content\/uploads\/2023\/10\/DSC3081-min.jpg\">\t\t\t\t\t\t\t<div class=\"et-image-inner\">\n\t\t\t\t\t\t\t\t<div class=\"et_image_slider-wrapper\"><img decoding=\"async\" class=\"et_image_slider-img\" src=\"https:\/\/luciennelaparisienne.fr\/wp-content\/uploads\/2023\/10\/DSC3081-min-500x500.jpg\" width=\"500\" height=\"500\" alt=\"\" title=\"\" loading=\"lazy\" \/><\/div>\t\t\t\t\t\t\t\t\t\t\t\t\t\t\t\t\t\t\t\t\t\t\t<\/div>\n\t\t\t\t\t\t<\/a>\t\t\t\t\t<\/div>\n\t\t\t\t\n\t\t\t\t\n\t\t\t\t\t<div class=\"gallery-item\">\n\t\t\t\t\t\t<a href=\"https:\/\/luciennelaparisienne.fr\/wp-content\/uploads\/2023\/10\/DSC3312-min.jpg\">\t\t\t\t\t\t\t<div class=\"et-image-inner\">\n\t\t\t\t\t\t\t\t<div class=\"et_image_slider-wrapper\"><img decoding=\"async\" class=\"et_image_slider-img\" src=\"https:\/\/luciennelaparisienne.fr\/wp-content\/uploads\/2023\/10\/DSC3312-min-500x500.jpg\" width=\"500\" height=\"500\" alt=\"\" title=\"\" loading=\"lazy\" \/><\/div>\t\t\t\t\t\t\t\t\t\t\t\t\t\t\t\t\t\t\t\t\t\t\t<\/div>\n\t\t\t\t\t\t<\/a>\t\t\t\t\t<\/div>\n\t\t\t\t\n\t\t\t\t\n\t\t\t\t\t<div class=\"gallery-item\">\n\t\t\t\t\t\t<a href=\"https:\/\/luciennelaparisienne.fr\/wp-content\/uploads\/2023\/10\/DSC05458-min.jpg\">\t\t\t\t\t\t\t<div class=\"et-image-inner\">\n\t\t\t\t\t\t\t\t<div class=\"et_image_slider-wrapper\"><img decoding=\"async\" class=\"et_image_slider-img\" src=\"https:\/\/luciennelaparisienne.fr\/wp-content\/uploads\/2023\/10\/DSC05458-min-500x500.jpg\" width=\"500\" height=\"500\" alt=\"\" title=\"\" loading=\"lazy\" \/><\/div>\t\t\t\t\t\t\t\t\t\t\t\t\t\t\t\t\t\t\t\t\t\t\t<\/div>\n\t\t\t\t\t\t<\/a>\t\t\t\t\t<\/div>\n\t\t\t\t\n\t\t\t\t\t<\/div>\n\t<\/div><\/div><\/div><\/div><\/div><\/div><\/div><\/div><\/div>\n<\/div>","protected":false},"excerpt":{"rendered":"Qui sommes nous ? Toute ma vie, j\u2019ai \u00e9t\u00e9 passionn\u00e9e par les chiens, m\u00eame mon premier mot a \u00e9t\u00e9 le nom de ma chienne. J\u2019aime particuli\u00e8rement les teckels, pour leur grande personnalit\u00e9 malgr\u00e9 la petite taille. Lucienne est un teckel nain poil ras. Quand Lucienne est arriv\u00e9e dans notre famille, [...]","protected":false},"author":1,"featured_media":0,"parent":0,"menu_order":0,"comment_status":"closed","ping_status":"closed","template":"","meta":{"inline_featured_image":false,"footnotes":""},"class_list":["post-3689","page","type-page","status-publish","hentry"],"yoast_head":"<!-- This site is optimized with the Yoast SEO plugin v26.6 - https:\/\/yoast.com\/wordpress\/plugins\/seo\/ -->\n<title>Qui sommes nous ? - Lucienne la Parisienne<\/title>\n<meta name=\"robots\" content=\"index, follow, max-snippet:-1, max-image-preview:large, max-video-preview:-1\" \/>\n<link rel=\"canonical\" href=\"https:\/\/luciennelaparisienne.fr\/en\/qui-sommes-nous\/\" \/>\n<meta property=\"og:locale\" content=\"en_GB\" \/>\n<meta property=\"og:type\" content=\"article\" \/>\n<meta property=\"og:title\" content=\"Qui sommes nous ? - Lucienne la Parisienne\" \/>\n<meta property=\"og:url\" content=\"https:\/\/luciennelaparisienne.fr\/en\/qui-sommes-nous\/\" \/>\n<meta property=\"og:site_name\" content=\"Lucienne la Parisienne\" \/>\n<meta property=\"article:modified_time\" content=\"2023-10-17T09:44:02+00:00\" \/>\n<meta name=\"twitter:card\" content=\"summary_large_image\" \/>\n<meta name=\"twitter:label1\" content=\"Estimated reading time\" \/>\n\t<meta name=\"twitter:data1\" content=\"2 minutes\" \/>\n<script type=\"application\/ld+json\" class=\"yoast-schema-graph\">{\"@context\":\"https:\/\/schema.org\",\"@graph\":[{\"@type\":\"WebPage\",\"@id\":\"https:\/\/luciennelaparisienne.fr\/qui-sommes-nous\/\",\"url\":\"https:\/\/luciennelaparisienne.fr\/qui-sommes-nous\/\",\"name\":\"Qui sommes nous ? - Lucienne la Parisienne\",\"isPartOf\":{\"@id\":\"https:\/\/luciennelaparisienne.fr\/#website\"},\"datePublished\":\"2023-08-30T13:08:25+00:00\",\"dateModified\":\"2023-10-17T09:44:02+00:00\",\"breadcrumb\":{\"@id\":\"https:\/\/luciennelaparisienne.fr\/qui-sommes-nous\/#breadcrumb\"},\"inLanguage\":\"en-GB\",\"potentialAction\":[{\"@type\":\"ReadAction\",\"target\":[\"https:\/\/luciennelaparisienne.fr\/qui-sommes-nous\/\"]}]},{\"@type\":\"BreadcrumbList\",\"@id\":\"https:\/\/luciennelaparisienne.fr\/qui-sommes-nous\/#breadcrumb\",\"itemListElement\":[{\"@type\":\"ListItem\",\"position\":1,\"name\":\"Accueil\",\"item\":\"https:\/\/luciennelaparisienne.fr\/\"},{\"@type\":\"ListItem\",\"position\":2,\"name\":\"Qui sommes nous ?\"}]},{\"@type\":\"WebSite\",\"@id\":\"https:\/\/luciennelaparisienne.fr\/#website\",\"url\":\"https:\/\/luciennelaparisienne.fr\/\",\"name\":\"Lucienne la Parisienne\",\"description\":\"Produits pour Teckels\",\"potentialAction\":[{\"@type\":\"SearchAction\",\"target\":{\"@type\":\"EntryPoint\",\"urlTemplate\":\"https:\/\/luciennelaparisienne.fr\/?s={search_term_string}\"},\"query-input\":{\"@type\":\"PropertyValueSpecification\",\"valueRequired\":true,\"valueName\":\"search_term_string\"}}],\"inLanguage\":\"en-GB\"}]}<\/script>\n<!-- \/ Yoast SEO plugin. -->","yoast_head_json":{"title":"Qui sommes nous ? - Lucienne la Parisienne","robots":{"index":"index","follow":"follow","max-snippet":"max-snippet:-1","max-image-preview":"max-image-preview:large","max-video-preview":"max-video-preview:-1"},"canonical":"https:\/\/luciennelaparisienne.fr\/en\/qui-sommes-nous\/","og_locale":"en_GB","og_type":"article","og_title":"Qui sommes nous ? - Lucienne la Parisienne","og_url":"https:\/\/luciennelaparisienne.fr\/en\/qui-sommes-nous\/","og_site_name":"Lucienne la Parisienne","article_modified_time":"2023-10-17T09:44:02+00:00","twitter_card":"summary_large_image","twitter_misc":{"Estimated reading time":"2 minutes"},"schema":{"@context":"https:\/\/schema.org","@graph":[{"@type":"WebPage","@id":"https:\/\/luciennelaparisienne.fr\/qui-sommes-nous\/","url":"https:\/\/luciennelaparisienne.fr\/qui-sommes-nous\/","name":"Qui sommes nous ? - Lucienne la Parisienne","isPartOf":{"@id":"https:\/\/luciennelaparisienne.fr\/#website"},"datePublished":"2023-08-30T13:08:25+00:00","dateModified":"2023-10-17T09:44:02+00:00","breadcrumb":{"@id":"https:\/\/luciennelaparisienne.fr\/qui-sommes-nous\/#breadcrumb"},"inLanguage":"en-GB","potentialAction":[{"@type":"ReadAction","target":["https:\/\/luciennelaparisienne.fr\/qui-sommes-nous\/"]}]},{"@type":"BreadcrumbList","@id":"https:\/\/luciennelaparisienne.fr\/qui-sommes-nous\/#breadcrumb","itemListElement":[{"@type":"ListItem","position":1,"name":"Accueil","item":"https:\/\/luciennelaparisienne.fr\/"},{"@type":"ListItem","position":2,"name":"Qui sommes nous ?"}]},{"@type":"WebSite","@id":"https:\/\/luciennelaparisienne.fr\/#website","url":"https:\/\/luciennelaparisienne.fr\/","name":"Lucienne la Parisienne","description":"Produits pour Teckels","potentialAction":[{"@type":"SearchAction","target":{"@type":"EntryPoint","urlTemplate":"https:\/\/luciennelaparisienne.fr\/?s={search_term_string}"},"query-input":{"@type":"PropertyValueSpecification","valueRequired":true,"valueName":"search_term_string"}}],"inLanguage":"en-GB"}]}},"_links":{"self":[{"href":"https:\/\/luciennelaparisienne.fr\/en\/wp-json\/wp\/v2\/pages\/3689","targetHints":{"allow":["GET"]}}],"collection":[{"href":"https:\/\/luciennelaparisienne.fr\/en\/wp-json\/wp\/v2\/pages"}],"about":[{"href":"https:\/\/luciennelaparisienne.fr\/en\/wp-json\/wp\/v2\/types\/page"}],"author":[{"embeddable":true,"href":"https:\/\/luciennelaparisienne.fr\/en\/wp-json\/wp\/v2\/users\/1"}],"replies":[{"embeddable":true,"href":"https:\/\/luciennelaparisienne.fr\/en\/wp-json\/wp\/v2\/comments?post=3689"}],"version-history":[{"count":24,"href":"https:\/\/luciennelaparisienne.fr\/en\/wp-json\/wp\/v2\/pages\/3689\/revisions"}],"predecessor-version":[{"id":5633,"href":"https:\/\/luciennelaparisienne.fr\/en\/wp-json\/wp\/v2\/pages\/3689\/revisions\/5633"}],"wp:attachment":[{"href":"https:\/\/luciennelaparisienne.fr\/en\/wp-json\/wp\/v2\/media?parent=3689"}],"curies":[{"name":"wp","href":"https:\/\/api.w.org\/{rel}","templated":true}]}}