{"id":4781,"date":"2023-09-22T11:46:45","date_gmt":"2023-09-22T09:46:45","guid":{"rendered":"https:\/\/luciennelaparisienne.fr\/?page_id=4781"},"modified":"2023-10-15T13:49:53","modified_gmt":"2023-10-15T11:49:53","slug":"studio-photo","status":"publish","type":"page","link":"https:\/\/luciennelaparisienne.fr\/en\/studio-photo\/","title":{"rendered":"Studio photo"},"content":{"rendered":"<div class=\"wpb-content-wrapper\"><div  class=\"sec_row container\"><div class=\"vc_row wpb_row vc_row-fluid\"><div class=\"wpb_column vc_column_container vc_col-sm-12 et-dark-column\"><div class=\"vc_column-inner\"><div class=\"wpb_wrapper\">\n\t<div class=\"wpb_raw_code wpb_raw_html wpb_content_element\" >\n\t\t<div class=\"wpb_wrapper\">\n\t\t\t<h1 class=\"title_left_heard\"><span>Studio photo<\/span><\/h1>\n\t\t<\/div>\n\t<\/div>\n<\/div><\/div><\/div><\/div><\/div><div  class=\"sec_row container\"><div class=\"vc_row wpb_row vc_row-fluid\"><div class=\"wpb_column vc_column_container vc_col-sm-12 et-dark-column\"><div class=\"vc_column-inner\"><div class=\"wpb_wrapper\"><div class=\"vc_row wpb_row vc_inner vc_row-fluid max_width align-center vc_row-o-content-middle vc_row-flex\"><div class=\"wpb_column vc_column_container vc_col-sm-6 et-dark-column\"><div class=\"vc_column-inner\"><div class=\"wpb_wrapper\">\t<div class=\"et-image-395 et-image     et_image_link\">\n\t\t<div class=\"et-image-inner\">\n\t\t\t\t\t\t\t<div class=\"et-image-thumb\">\n\t\t\t\t\t<img loading=\"lazy\" decoding=\"async\" width=\"1275\" height=\"1594\" src=\"https:\/\/luciennelaparisienne.fr\/wp-content\/uploads\/2023\/10\/1-16-min.jpg\" class=\"attachment-full\" alt=\"\" title=\"1-16-min\" srcset=\"https:\/\/luciennelaparisienne.fr\/wp-content\/uploads\/2023\/10\/1-16-min.jpg 1275w, https:\/\/luciennelaparisienne.fr\/wp-content\/uploads\/2023\/10\/1-16-min-600x750.jpg 600w, https:\/\/luciennelaparisienne.fr\/wp-content\/uploads\/2023\/10\/1-16-min-900x1125.jpg 900w, https:\/\/luciennelaparisienne.fr\/wp-content\/uploads\/2023\/10\/1-16-min-240x300.jpg 240w, https:\/\/luciennelaparisienne.fr\/wp-content\/uploads\/2023\/10\/1-16-min-819x1024.jpg 819w, https:\/\/luciennelaparisienne.fr\/wp-content\/uploads\/2023\/10\/1-16-min-768x960.jpg 768w, https:\/\/luciennelaparisienne.fr\/wp-content\/uploads\/2023\/10\/1-16-min-1229x1536.jpg 1229w, https:\/\/luciennelaparisienne.fr\/wp-content\/uploads\/2023\/10\/1-16-min-120x150.jpg 120w\" sizes=\"auto, (max-width: 1275px) 100vw, 1275px\" \/>\t\t\t\t<\/div>\n\t\t\t\t\t\t\t\t\t\t\t<\/div>\n\t<\/div>\n  <\/div><\/div><\/div><div class=\"wpb_column vc_column_container vc_col-sm-6 et-dark-column\"><div class=\"vc_column-inner\"><div class=\"wpb_wrapper\"><div class=\"vc_empty_space  hide-desktop\"   style=\"height: 33px\"><span class=\"vc_empty_space_inner\"><\/span><\/div><h2 style=\"font-size: 23px;text-align: left\" class=\"vc_custom_heading vc_do_custom_heading\" >Studio Photo \u00ab\u202fChez Lucienne\u202fla Parisienne \u00bb<\/h2>\n\t<div class=\"wpb_text_column wpb_content_element\" >\n\t\t<div class=\"wpb_wrapper\">\n\t\t\t<p><span data-contrast=\"auto\">Dans notre studio photo nous <\/span><span data-contrast=\"none\">In our photo studio, we offer photo sessions of your dachshund alone, with you, or with your family, for an unforgettable experience and wonderful memories!<\/span><span data-ccp-props=\"{&quot;201341983&quot;:0,&quot;335559739&quot;:160,&quot;335559740&quot;:259}\">\u00a0<\/span><\/p>\n<p><span data-contrast=\"none\">Photo sessions are by appointment with our photographers specialized in dogs. Photos can be taken in our family studio or in iconic locations in Paris.<\/span><span data-ccp-props=\"{&quot;201341983&quot;:0,&quot;335559739&quot;:160,&quot;335559740&quot;:259}\">\u00a0<\/span><\/p>\n<p><span data-contrast=\"none\">To organize your photo sessions, please contact us.<\/span><span data-ccp-props=\"{&quot;201341983&quot;:0,&quot;335559739&quot;:160,&quot;335559740&quot;:259}\">\u00a0<\/span><\/p>\n\n\t\t<\/div>\n\t<\/div>\n\t\t<div id=\"et-button-6a04ccf0745fa\" class=\"et_btn_align_left\">\n\t\t\t<a href=\"https:\/\/luciennelaparisienne.fr\/contactez-nous\/\" class=\"et_btn button et_btn_md solid color-\"  role=\"button\" title=\"Contact us\" ><span>Contact us<\/span><\/a>\n\t\t<\/div>\n\t\t\n\t<\/div><\/div><\/div><\/div><div class=\"vc_empty_space  hide-mobile\"   style=\"height: 33px\"><span class=\"vc_empty_space_inner\"><\/span><\/div>\n\t<div class=\"wpb_raw_code wpb_raw_html wpb_content_element\" >\n\t\t<div class=\"wpb_wrapper\">\n\t\t\t<div class=\"quote_box\">\n\t\t<img decoding=\"async\" src=\"https:\/\/luciennelaparisienne.fr\/wp-content\/uploads\/2023\/09\/quote.svg\">\n\t\t<span>Behind every good person, there is always a long dachshund!<\/span>\n\t<\/div>\n\t\t<\/div>\n\t<\/div>\n<div class=\"vc_row wpb_row vc_inner vc_row-fluid max_width\"><div class=\"wpb_column vc_column_container vc_col-sm-12 et-dark-column\"><div class=\"vc_column-inner\"><div class=\"wpb_wrapper\">\t<div id=\"et-image-slider-939\" class=\"et-image-slider slick slick-slider slick-dotted slick-dots-centered centered mfp-gallery\" data-adaptive-height=\"false\" variable-width=\"true\" data-pagination=\"true\" data-navigation=\"\" data-center=\"\" data-fade=\"\" data-columns=\"5\" data-infinite=\"true\" data-autoplay=\"true\" data-autoplay-speed=\"3000\" data-pause=\"\">\n\t\t\n\t\t\t\t\t<div class=\"gallery-item\">\n\t\t\t\t\t\t<a href=\"https:\/\/luciennelaparisienne.fr\/wp-content\/uploads\/2023\/10\/1-16-min.jpg\">\t\t\t\t\t\t\t<div class=\"et-image-inner\">\n\t\t\t\t\t\t\t\t<div class=\"et_image_slider-wrapper\"><img decoding=\"async\" class=\"et_image_slider-img\" src=\"https:\/\/luciennelaparisienne.fr\/wp-content\/uploads\/2023\/10\/1-16-min-500x500.jpg\" width=\"500\" height=\"500\" alt=\"1-16-min\" title=\"1-16-min\" loading=\"lazy\" \/><\/div>\t\t\t\t\t\t\t\t\t\t\t\t\t\t\t\t\t\t\t\t\t\t\t<\/div>\n\t\t\t\t\t\t<\/a>\t\t\t\t\t<\/div>\n\t\t\t\t\n\t\t\t\t\n\t\t\t\t\t<div class=\"gallery-item\">\n\t\t\t\t\t\t<a href=\"https:\/\/luciennelaparisienne.fr\/wp-content\/uploads\/2023\/10\/Lucia-tour-Eiffel-min.jpg\">\t\t\t\t\t\t\t<div class=\"et-image-inner\">\n\t\t\t\t\t\t\t\t<div class=\"et_image_slider-wrapper\"><img decoding=\"async\" class=\"et_image_slider-img\" src=\"https:\/\/luciennelaparisienne.fr\/wp-content\/uploads\/2023\/10\/Lucia-tour-Eiffel-min-500x500.jpg\" width=\"500\" height=\"500\" alt=\"Lucia tour Eiffel-min\" title=\"Lucia tour Eiffel-min\" loading=\"lazy\" \/><\/div>\t\t\t\t\t\t\t\t\t\t\t\t\t\t\t\t\t\t\t\t\t\t\t<\/div>\n\t\t\t\t\t\t<\/a>\t\t\t\t\t<\/div>\n\t\t\t\t\n\t\t\t\t\n\t\t\t\t\t<div class=\"gallery-item\">\n\t\t\t\t\t\t<a href=\"https:\/\/luciennelaparisienne.fr\/wp-content\/uploads\/2023\/10\/DSC2984-min-scaled.jpg\">\t\t\t\t\t\t\t<div class=\"et-image-inner\">\n\t\t\t\t\t\t\t\t<div class=\"et_image_slider-wrapper\"><img decoding=\"async\" class=\"et_image_slider-img\" src=\"https:\/\/luciennelaparisienne.fr\/wp-content\/uploads\/2023\/10\/DSC2984-min-scaled-500x500.jpg\" width=\"500\" height=\"500\" alt=\"_DSC2984-min\" title=\"_DSC2984-min\" loading=\"lazy\" \/><\/div>\t\t\t\t\t\t\t\t\t\t\t\t\t\t\t\t\t\t\t\t\t\t\t<\/div>\n\t\t\t\t\t\t<\/a>\t\t\t\t\t<\/div>\n\t\t\t\t\n\t\t\t\t\n\t\t\t\t\t<div class=\"gallery-item\">\n\t\t\t\t\t\t<a href=\"https:\/\/luciennelaparisienne.fr\/wp-content\/uploads\/2023\/10\/DSC2885-min-scaled.jpg\">\t\t\t\t\t\t\t<div class=\"et-image-inner\">\n\t\t\t\t\t\t\t\t<div class=\"et_image_slider-wrapper\"><img decoding=\"async\" class=\"et_image_slider-img\" src=\"https:\/\/luciennelaparisienne.fr\/wp-content\/uploads\/2023\/10\/DSC2885-min-scaled-500x500.jpg\" width=\"500\" height=\"500\" alt=\"_DSC2885-min\" title=\"_DSC2885-min\" loading=\"lazy\" \/><\/div>\t\t\t\t\t\t\t\t\t\t\t\t\t\t\t\t\t\t\t\t\t\t\t<\/div>\n\t\t\t\t\t\t<\/a>\t\t\t\t\t<\/div>\n\t\t\t\t\n\t\t\t\t\n\t\t\t\t\t<div class=\"gallery-item\">\n\t\t\t\t\t\t<a href=\"https:\/\/luciennelaparisienne.fr\/wp-content\/uploads\/2023\/10\/Tango_1-min.jpeg\">\t\t\t\t\t\t\t<div class=\"et-image-inner\">\n\t\t\t\t\t\t\t\t<div class=\"et_image_slider-wrapper\"><img decoding=\"async\" class=\"et_image_slider-img\" src=\"https:\/\/luciennelaparisienne.fr\/wp-content\/uploads\/2023\/10\/Tango_1-min-500x500.jpeg\" width=\"500\" height=\"500\" alt=\"Tango_1-min\" title=\"Tango_1-min\" loading=\"lazy\" \/><\/div>\t\t\t\t\t\t\t\t\t\t\t\t\t\t\t\t\t\t\t\t\t\t\t<\/div>\n\t\t\t\t\t\t<\/a>\t\t\t\t\t<\/div>\n\t\t\t\t\n\t\t\t\t\n\t\t\t\t\t<div class=\"gallery-item\">\n\t\t\t\t\t\t<a href=\"https:\/\/luciennelaparisienne.fr\/wp-content\/uploads\/2023\/10\/DSC2997-min-scaled.jpg\">\t\t\t\t\t\t\t<div class=\"et-image-inner\">\n\t\t\t\t\t\t\t\t<div class=\"et_image_slider-wrapper\"><img decoding=\"async\" class=\"et_image_slider-img\" src=\"https:\/\/luciennelaparisienne.fr\/wp-content\/uploads\/2023\/10\/DSC2997-min-scaled-500x500.jpg\" width=\"500\" height=\"500\" alt=\"_DSC2997-min\" title=\"_DSC2997-min\" loading=\"lazy\" \/><\/div>\t\t\t\t\t\t\t\t\t\t\t\t\t\t\t\t\t\t\t\t\t\t\t<\/div>\n\t\t\t\t\t\t<\/a>\t\t\t\t\t<\/div>\n\t\t\t\t\n\t\t\t\t\n\t\t\t\t\t<div class=\"gallery-item\">\n\t\t\t\t\t\t<a href=\"https:\/\/luciennelaparisienne.fr\/wp-content\/uploads\/2023\/10\/Bonnie-min.jpeg\">\t\t\t\t\t\t\t<div class=\"et-image-inner\">\n\t\t\t\t\t\t\t\t<div class=\"et_image_slider-wrapper\"><img decoding=\"async\" class=\"et_image_slider-img\" src=\"https:\/\/luciennelaparisienne.fr\/wp-content\/uploads\/2023\/10\/Bonnie-min-500x500.jpeg\" width=\"500\" height=\"500\" alt=\"Bonnie-min\" title=\"Bonnie-min\" loading=\"lazy\" \/><\/div>\t\t\t\t\t\t\t\t\t\t\t\t\t\t\t\t\t\t\t\t\t\t\t<\/div>\n\t\t\t\t\t\t<\/a>\t\t\t\t\t<\/div>\n\t\t\t\t\n\t\t\t\t\n\t\t\t\t\t<div class=\"gallery-item\">\n\t\t\t\t\t\t<a href=\"https:\/\/luciennelaparisienne.fr\/wp-content\/uploads\/2023\/10\/2-17-min.jpeg\">\t\t\t\t\t\t\t<div class=\"et-image-inner\">\n\t\t\t\t\t\t\t\t<div class=\"et_image_slider-wrapper\"><img decoding=\"async\" class=\"et_image_slider-img\" src=\"https:\/\/luciennelaparisienne.fr\/wp-content\/uploads\/2023\/10\/2-17-min-500x500.jpeg\" width=\"500\" height=\"500\" alt=\"2-17-min\" title=\"2-17-min\" loading=\"lazy\" \/><\/div>\t\t\t\t\t\t\t\t\t\t\t\t\t\t\t\t\t\t\t\t\t\t\t<\/div>\n\t\t\t\t\t\t<\/a>\t\t\t\t\t<\/div>\n\t\t\t\t\n\t\t\t\t\n\t\t\t\t\t<div class=\"gallery-item\">\n\t\t\t\t\t\t<a href=\"https:\/\/luciennelaparisienne.fr\/wp-content\/uploads\/2023\/10\/9Q8A7039-min.jpeg\">\t\t\t\t\t\t\t<div class=\"et-image-inner\">\n\t\t\t\t\t\t\t\t<div class=\"et_image_slider-wrapper\"><img decoding=\"async\" class=\"et_image_slider-img\" src=\"https:\/\/luciennelaparisienne.fr\/wp-content\/uploads\/2023\/10\/9Q8A7039-min-500x500.jpeg\" width=\"500\" height=\"500\" alt=\"9Q8A7039-min\" title=\"9Q8A7039-min\" loading=\"lazy\" \/><\/div>\t\t\t\t\t\t\t\t\t\t\t\t\t\t\t\t\t\t\t\t\t\t\t<\/div>\n\t\t\t\t\t\t<\/a>\t\t\t\t\t<\/div>\n\t\t\t\t\n\t\t\t\t\n\t\t\t\t\t<div class=\"gallery-item\">\n\t\t\t\t\t\t<a href=\"https:\/\/luciennelaparisienne.fr\/wp-content\/uploads\/2023\/10\/Bonnie_01-min.jpeg\">\t\t\t\t\t\t\t<div class=\"et-image-inner\">\n\t\t\t\t\t\t\t\t<div class=\"et_image_slider-wrapper\"><img decoding=\"async\" class=\"et_image_slider-img\" src=\"https:\/\/luciennelaparisienne.fr\/wp-content\/uploads\/2023\/10\/Bonnie_01-min-500x500.jpeg\" width=\"500\" height=\"500\" alt=\"Bonnie_01-min\" title=\"Bonnie_01-min\" loading=\"lazy\" \/><\/div>\t\t\t\t\t\t\t\t\t\t\t\t\t\t\t\t\t\t\t\t\t\t\t<\/div>\n\t\t\t\t\t\t<\/a>\t\t\t\t\t<\/div>\n\t\t\t\t\n\t\t\t\t\n\t\t\t\t\t<div class=\"gallery-item\">\n\t\t\t\t\t\t<a href=\"https:\/\/luciennelaparisienne.fr\/wp-content\/uploads\/2023\/10\/IMG_0094-min.jpg\">\t\t\t\t\t\t\t<div class=\"et-image-inner\">\n\t\t\t\t\t\t\t\t<div class=\"et_image_slider-wrapper\"><img decoding=\"async\" class=\"et_image_slider-img\" src=\"https:\/\/luciennelaparisienne.fr\/wp-content\/uploads\/2023\/10\/IMG_0094-min-500x500.jpg\" width=\"500\" height=\"500\" alt=\"IMG_0094-min\" title=\"IMG_0094-min\" loading=\"lazy\" \/><\/div>\t\t\t\t\t\t\t\t\t\t\t\t\t\t\t\t\t\t\t\t\t\t\t<\/div>\n\t\t\t\t\t\t<\/a>\t\t\t\t\t<\/div>\n\t\t\t\t\n\t\t\t\t\n\t\t\t\t\t<div class=\"gallery-item\">\n\t\t\t\t\t\t<a href=\"https:\/\/luciennelaparisienne.fr\/wp-content\/uploads\/2023\/10\/Tango-min.jpeg\">\t\t\t\t\t\t\t<div class=\"et-image-inner\">\n\t\t\t\t\t\t\t\t<div class=\"et_image_slider-wrapper\"><img decoding=\"async\" class=\"et_image_slider-img\" src=\"https:\/\/luciennelaparisienne.fr\/wp-content\/uploads\/2023\/10\/Tango-min-500x500.jpeg\" width=\"500\" height=\"500\" alt=\"Tango-min\" title=\"Tango-min\" loading=\"lazy\" \/><\/div>\t\t\t\t\t\t\t\t\t\t\t\t\t\t\t\t\t\t\t\t\t\t\t<\/div>\n\t\t\t\t\t\t<\/a>\t\t\t\t\t<\/div>\n\t\t\t\t\n\t\t\t\t\t<\/div>\n\t<\/div><\/div><\/div><\/div><\/div><\/div><\/div><\/div><\/div>\n<\/div>","protected":false},"excerpt":{"rendered":"Studio photo Studio Photo \u00ab\u202fChez Lucienne\u202fla Parisienne \u00bb Dans notre studio photo nous vous proposons des s\u00e9ances photos de votre teckel seul, avec vous ou en famille, pour une exp\u00e9rience inoubliable et des merveilleux souvenirs\u202f!\u00a0 Les s\u00e9ances photos sont sur rendez-vous avec nos photographes sp\u00e9cialis\u00e9s sur les chiens. Les photos [...]","protected":false},"author":1,"featured_media":0,"parent":0,"menu_order":0,"comment_status":"closed","ping_status":"closed","template":"","meta":{"inline_featured_image":false,"footnotes":""},"class_list":["post-4781","page","type-page","status-publish","hentry"],"yoast_head":"<!-- This site is optimized with the Yoast SEO plugin v26.6 - https:\/\/yoast.com\/wordpress\/plugins\/seo\/ -->\n<title>Studio photo - Lucienne la Parisienne<\/title>\n<meta name=\"robots\" content=\"index, follow, max-snippet:-1, max-image-preview:large, max-video-preview:-1\" \/>\n<link rel=\"canonical\" href=\"https:\/\/luciennelaparisienne.fr\/en\/studio-photo\/\" \/>\n<meta property=\"og:locale\" content=\"en_GB\" \/>\n<meta property=\"og:type\" content=\"article\" \/>\n<meta property=\"og:title\" content=\"Studio photo - Lucienne la Parisienne\" \/>\n<meta property=\"og:url\" content=\"https:\/\/luciennelaparisienne.fr\/en\/studio-photo\/\" \/>\n<meta property=\"og:site_name\" content=\"Lucienne la Parisienne\" \/>\n<meta property=\"article:modified_time\" content=\"2023-10-15T11:49:53+00:00\" \/>\n<meta name=\"twitter:card\" content=\"summary_large_image\" \/>\n<meta name=\"twitter:label1\" content=\"Estimated reading time\" \/>\n\t<meta name=\"twitter:data1\" content=\"1 minute\" \/>\n<script type=\"application\/ld+json\" class=\"yoast-schema-graph\">{\"@context\":\"https:\/\/schema.org\",\"@graph\":[{\"@type\":\"WebPage\",\"@id\":\"https:\/\/luciennelaparisienne.fr\/studio-photo\/\",\"url\":\"https:\/\/luciennelaparisienne.fr\/studio-photo\/\",\"name\":\"Studio photo - Lucienne la Parisienne\",\"isPartOf\":{\"@id\":\"https:\/\/luciennelaparisienne.fr\/#website\"},\"datePublished\":\"2023-09-22T09:46:45+00:00\",\"dateModified\":\"2023-10-15T11:49:53+00:00\",\"breadcrumb\":{\"@id\":\"https:\/\/luciennelaparisienne.fr\/studio-photo\/#breadcrumb\"},\"inLanguage\":\"en-GB\",\"potentialAction\":[{\"@type\":\"ReadAction\",\"target\":[\"https:\/\/luciennelaparisienne.fr\/studio-photo\/\"]}]},{\"@type\":\"BreadcrumbList\",\"@id\":\"https:\/\/luciennelaparisienne.fr\/studio-photo\/#breadcrumb\",\"itemListElement\":[{\"@type\":\"ListItem\",\"position\":1,\"name\":\"Accueil\",\"item\":\"https:\/\/luciennelaparisienne.fr\/\"},{\"@type\":\"ListItem\",\"position\":2,\"name\":\"Studio photo\"}]},{\"@type\":\"WebSite\",\"@id\":\"https:\/\/luciennelaparisienne.fr\/#website\",\"url\":\"https:\/\/luciennelaparisienne.fr\/\",\"name\":\"Lucienne la Parisienne\",\"description\":\"Produits pour Teckels\",\"potentialAction\":[{\"@type\":\"SearchAction\",\"target\":{\"@type\":\"EntryPoint\",\"urlTemplate\":\"https:\/\/luciennelaparisienne.fr\/?s={search_term_string}\"},\"query-input\":{\"@type\":\"PropertyValueSpecification\",\"valueRequired\":true,\"valueName\":\"search_term_string\"}}],\"inLanguage\":\"en-GB\"}]}<\/script>\n<!-- \/ Yoast SEO plugin. -->","yoast_head_json":{"title":"Studio photo - Lucienne la Parisienne","robots":{"index":"index","follow":"follow","max-snippet":"max-snippet:-1","max-image-preview":"max-image-preview:large","max-video-preview":"max-video-preview:-1"},"canonical":"https:\/\/luciennelaparisienne.fr\/en\/studio-photo\/","og_locale":"en_GB","og_type":"article","og_title":"Studio photo - Lucienne la Parisienne","og_url":"https:\/\/luciennelaparisienne.fr\/en\/studio-photo\/","og_site_name":"Lucienne la Parisienne","article_modified_time":"2023-10-15T11:49:53+00:00","twitter_card":"summary_large_image","twitter_misc":{"Estimated reading time":"1 minute"},"schema":{"@context":"https:\/\/schema.org","@graph":[{"@type":"WebPage","@id":"https:\/\/luciennelaparisienne.fr\/studio-photo\/","url":"https:\/\/luciennelaparisienne.fr\/studio-photo\/","name":"Studio photo - Lucienne la Parisienne","isPartOf":{"@id":"https:\/\/luciennelaparisienne.fr\/#website"},"datePublished":"2023-09-22T09:46:45+00:00","dateModified":"2023-10-15T11:49:53+00:00","breadcrumb":{"@id":"https:\/\/luciennelaparisienne.fr\/studio-photo\/#breadcrumb"},"inLanguage":"en-GB","potentialAction":[{"@type":"ReadAction","target":["https:\/\/luciennelaparisienne.fr\/studio-photo\/"]}]},{"@type":"BreadcrumbList","@id":"https:\/\/luciennelaparisienne.fr\/studio-photo\/#breadcrumb","itemListElement":[{"@type":"ListItem","position":1,"name":"Accueil","item":"https:\/\/luciennelaparisienne.fr\/"},{"@type":"ListItem","position":2,"name":"Studio photo"}]},{"@type":"WebSite","@id":"https:\/\/luciennelaparisienne.fr\/#website","url":"https:\/\/luciennelaparisienne.fr\/","name":"Lucienne la Parisienne","description":"Produits pour Teckels","potentialAction":[{"@type":"SearchAction","target":{"@type":"EntryPoint","urlTemplate":"https:\/\/luciennelaparisienne.fr\/?s={search_term_string}"},"query-input":{"@type":"PropertyValueSpecification","valueRequired":true,"valueName":"search_term_string"}}],"inLanguage":"en-GB"}]}},"_links":{"self":[{"href":"https:\/\/luciennelaparisienne.fr\/en\/wp-json\/wp\/v2\/pages\/4781","targetHints":{"allow":["GET"]}}],"collection":[{"href":"https:\/\/luciennelaparisienne.fr\/en\/wp-json\/wp\/v2\/pages"}],"about":[{"href":"https:\/\/luciennelaparisienne.fr\/en\/wp-json\/wp\/v2\/types\/page"}],"author":[{"embeddable":true,"href":"https:\/\/luciennelaparisienne.fr\/en\/wp-json\/wp\/v2\/users\/1"}],"replies":[{"embeddable":true,"href":"https:\/\/luciennelaparisienne.fr\/en\/wp-json\/wp\/v2\/comments?post=4781"}],"version-history":[{"count":4,"href":"https:\/\/luciennelaparisienne.fr\/en\/wp-json\/wp\/v2\/pages\/4781\/revisions"}],"predecessor-version":[{"id":4783,"href":"https:\/\/luciennelaparisienne.fr\/en\/wp-json\/wp\/v2\/pages\/4781\/revisions\/4783"}],"wp:attachment":[{"href":"https:\/\/luciennelaparisienne.fr\/en\/wp-json\/wp\/v2\/media?parent=4781"}],"curies":[{"name":"wp","href":"https:\/\/api.w.org\/{rel}","templated":true}]}}