{"id":10943,"date":"2024-05-15T15:28:30","date_gmt":"2024-05-15T13:28:30","guid":{"rendered":"https:\/\/luciennelaparisienne.fr\/?post_type=product&#038;p=10943"},"modified":"2026-03-22T01:54:42","modified_gmt":"2026-03-22T00:54:42","slug":"cocoon-grotte-a-calins-fourrure-renard","status":"publish","type":"product","link":"https:\/\/luciennelaparisienne.fr\/en\/product\/cocoon-grotte-a-calins-fourrure-renard\/","title":{"rendered":"Cocoon \u2013 Snuggle Cave in \u201cFox\u201d Faux Fur"},"content":{"rendered":"<p><strong>Cocoon \u2013 Snuggle Cave with Faux Fox Fur<\/strong><\/p>\n<p>Dachshunds really enjoy wrapping themselves in something warm to sleep in.<\/p>\n<p>This is especially true for short-haired dachshunds, which are very sensitive to the cold.<\/p>\n<p>That's why they love snuggling close to us under the blankets!<\/p>\n<p>Our Cozy Cocoons are made from soft, high-quality faux fur and particularly sturdy fabrics. For every Cocoon purchased we offer a fabric toy bone in matching color as a gift.<\/p>\n<p><strong>Characteristics:<\/strong><\/p>\n<p>Outer covering: 97% cotton, 3% elastane<\/p>\n<p><strong>Care:<\/strong><\/p>\n<p>Hand wash or machine wash at 30\u00b0C on delicate cycle. Gentle spin and delicate drying. Can be dried with a hair dryer.<\/p>\n<p>Avalable in size M and L<\/p>\n<p><span class=\"TextRun SCXW138891938 BCX0\" lang=\"FR-FR\" xml:lang=\"FR-FR\" data-contrast=\"none\"><span class=\"NormalTextRun SCXW138891938 BCX0\">M: Width 65cm, Depth 60cm<\/span><\/span><span class=\"EOP SCXW138891938 BCX0\" data-ccp-props=\"{}\">\u00a0<\/span><\/p>\n<p><span class=\"TextRun SCXW138891938 BCX0\" lang=\"FR-FR\" xml:lang=\"FR-FR\" data-contrast=\"none\"><span class=\"NormalTextRun SCXW138891938 BCX0\">L: Largeur 78cm, Profondeur 70cm<\/span><\/span><span class=\"EOP SCXW138891938 BCX0\" data-ccp-props=\"{}\">\u00a0<\/span><\/p>\n<p><strong>Size XL is made on pre-order and requires payment in advance. Please email us for a quote.<\/strong><\/p>\n<p><strong>Please note that the colors in the photos may vary slightly.<\/strong><\/p>\n<p>&nbsp;<\/p>\n<p>&nbsp;<\/p>\n<p>&nbsp;<\/p>","protected":false},"excerpt":{"rendered":"<p>Cocoon &#8211; Grotte \u00e0 c\u00e2lins fourrure type \u00ab\u00a0Renard\u00a0\u00bb Les teckels aiment beaucoup s\u2019envelopper dans quelque chose de chaud pour dormir. Surtout les teckels \u00e0 poils ras qui sont tr\u00e8s frileux. C\u2019est pourquoi ils adorent dormir coll\u00e9s \u00e0 nous sous les couettes ! Nos Cocoons &#8211; Grottes \u00e0 calins sont faits [&hellip;]<\/p>","protected":false},"featured_media":15694,"comment_status":"open","ping_status":"closed","template":"","meta":{"inline_featured_image":false},"product_brand":[],"product_cat":[151,70,71],"product_tag":[],"class_list":{"0":"post-10943","1":"product","2":"type-product","3":"status-publish","4":"has-post-thumbnail","6":"product_cat-cocoons","7":"product_cat-pour-nos-teckels","8":"product_cat-pour-se-coucher","10":"first","11":"outofstock","12":"taxable","13":"shipping-taxable","14":"purchasable","15":"product-type-variable"},"yoast_head":"<!-- This site is optimized with the Yoast SEO plugin v26.6 - https:\/\/yoast.com\/wordpress\/plugins\/seo\/ -->\n<title>Cocoon - Grotte \u00e0 c\u00e2lins fourrure &quot;Renard&quot; - Lucienne la Parisienne<\/title>\n<meta name=\"robots\" content=\"index, follow, max-snippet:-1, max-image-preview:large, max-video-preview:-1\" \/>\n<link rel=\"canonical\" href=\"https:\/\/luciennelaparisienne.fr\/en\/product\/cocoon-grotte-a-calins-fourrure-renard\/\" \/>\n<meta property=\"og:locale\" content=\"en_GB\" \/>\n<meta property=\"og:type\" content=\"article\" \/>\n<meta property=\"og:title\" content=\"Cocoon - Grotte \u00e0 c\u00e2lins fourrure &quot;Renard&quot; - Lucienne la Parisienne\" \/>\n<meta property=\"og:description\" content=\"Cocoon &#8211; Grotte \u00e0 c\u00e2lins fourrure type \u00ab\u00a0Renard\u00a0\u00bb Les teckels aiment beaucoup s\u2019envelopper dans quelque chose de chaud pour dormir. Surtout les teckels \u00e0 poils ras qui sont tr\u00e8s frileux. C\u2019est pourquoi ils adorent dormir coll\u00e9s \u00e0 nous sous les couettes ! Nos Cocoons &#8211; Grottes \u00e0 calins sont faits [&hellip;]\" \/>\n<meta property=\"og:url\" content=\"https:\/\/luciennelaparisienne.fr\/en\/product\/cocoon-grotte-a-calins-fourrure-renard\/\" \/>\n<meta property=\"og:site_name\" content=\"Lucienne la Parisienne\" \/>\n<meta property=\"article:modified_time\" content=\"2026-03-22T00:54:42+00:00\" \/>\n<meta property=\"og:image\" content=\"https:\/\/luciennelaparisienne.fr\/wp-content\/uploads\/2024\/05\/mal-08708.jpg\" \/>\n\t<meta property=\"og:image:width\" content=\"1000\" \/>\n\t<meta property=\"og:image:height\" content=\"1000\" \/>\n\t<meta property=\"og:image:type\" content=\"image\/jpeg\" \/>\n<meta name=\"twitter:card\" content=\"summary_large_image\" \/>\n<meta name=\"twitter:label1\" content=\"Estimated reading time\" \/>\n\t<meta name=\"twitter:data1\" content=\"2 minutes\" \/>\n<script type=\"application\/ld+json\" class=\"yoast-schema-graph\">{\"@context\":\"https:\/\/schema.org\",\"@graph\":[{\"@type\":\"WebPage\",\"@id\":\"https:\/\/luciennelaparisienne.fr\/produit\/cocoon-grotte-a-calins-fourrure-renard\/\",\"url\":\"https:\/\/luciennelaparisienne.fr\/produit\/cocoon-grotte-a-calins-fourrure-renard\/\",\"name\":\"Cocoon - Grotte \u00e0 c\u00e2lins fourrure \\\"Renard\\\" - Lucienne la Parisienne\",\"isPartOf\":{\"@id\":\"https:\/\/luciennelaparisienne.fr\/#website\"},\"primaryImageOfPage\":{\"@id\":\"https:\/\/luciennelaparisienne.fr\/produit\/cocoon-grotte-a-calins-fourrure-renard\/#primaryimage\"},\"image\":{\"@id\":\"https:\/\/luciennelaparisienne.fr\/produit\/cocoon-grotte-a-calins-fourrure-renard\/#primaryimage\"},\"thumbnailUrl\":\"https:\/\/luciennelaparisienne.fr\/wp-content\/uploads\/2024\/05\/mal-08708.jpg\",\"datePublished\":\"2024-05-15T13:28:30+00:00\",\"dateModified\":\"2026-03-22T00:54:42+00:00\",\"breadcrumb\":{\"@id\":\"https:\/\/luciennelaparisienne.fr\/produit\/cocoon-grotte-a-calins-fourrure-renard\/#breadcrumb\"},\"inLanguage\":\"en-GB\",\"potentialAction\":[{\"@type\":\"ReadAction\",\"target\":[\"https:\/\/luciennelaparisienne.fr\/produit\/cocoon-grotte-a-calins-fourrure-renard\/\"]}]},{\"@type\":\"ImageObject\",\"inLanguage\":\"en-GB\",\"@id\":\"https:\/\/luciennelaparisienne.fr\/produit\/cocoon-grotte-a-calins-fourrure-renard\/#primaryimage\",\"url\":\"https:\/\/luciennelaparisienne.fr\/wp-content\/uploads\/2024\/05\/mal-08708.jpg\",\"contentUrl\":\"https:\/\/luciennelaparisienne.fr\/wp-content\/uploads\/2024\/05\/mal-08708.jpg\",\"width\":1000,\"height\":1000},{\"@type\":\"BreadcrumbList\",\"@id\":\"https:\/\/luciennelaparisienne.fr\/produit\/cocoon-grotte-a-calins-fourrure-renard\/#breadcrumb\",\"itemListElement\":[{\"@type\":\"ListItem\",\"position\":1,\"name\":\"Accueil\",\"item\":\"https:\/\/luciennelaparisienne.fr\/\"},{\"@type\":\"ListItem\",\"position\":2,\"name\":\"Boutique\",\"item\":\"https:\/\/luciennelaparisienne.fr\/shop\/\"},{\"@type\":\"ListItem\",\"position\":3,\"name\":\"Cocoon &#8211; Grotte \u00e0 c\u00e2lins fourrure \u00ab\u00a0Renard\u00a0\u00bb\"}]},{\"@type\":\"WebSite\",\"@id\":\"https:\/\/luciennelaparisienne.fr\/#website\",\"url\":\"https:\/\/luciennelaparisienne.fr\/\",\"name\":\"Lucienne la Parisienne\",\"description\":\"Produits pour Teckels\",\"potentialAction\":[{\"@type\":\"SearchAction\",\"target\":{\"@type\":\"EntryPoint\",\"urlTemplate\":\"https:\/\/luciennelaparisienne.fr\/?s={search_term_string}\"},\"query-input\":{\"@type\":\"PropertyValueSpecification\",\"valueRequired\":true,\"valueName\":\"search_term_string\"}}],\"inLanguage\":\"en-GB\"}]}<\/script>\n<!-- \/ Yoast SEO plugin. -->","yoast_head_json":{"title":"Cocoon - Grotte \u00e0 c\u00e2lins fourrure \"Renard\" - Lucienne la Parisienne","robots":{"index":"index","follow":"follow","max-snippet":"max-snippet:-1","max-image-preview":"max-image-preview:large","max-video-preview":"max-video-preview:-1"},"canonical":"https:\/\/luciennelaparisienne.fr\/en\/product\/cocoon-grotte-a-calins-fourrure-renard\/","og_locale":"en_GB","og_type":"article","og_title":"Cocoon - Grotte \u00e0 c\u00e2lins fourrure \"Renard\" - Lucienne la Parisienne","og_description":"Cocoon &#8211; Grotte \u00e0 c\u00e2lins fourrure type \u00ab\u00a0Renard\u00a0\u00bb Les teckels aiment beaucoup s\u2019envelopper dans quelque chose de chaud pour dormir. Surtout les teckels \u00e0 poils ras qui sont tr\u00e8s frileux. C\u2019est pourquoi ils adorent dormir coll\u00e9s \u00e0 nous sous les couettes ! Nos Cocoons &#8211; Grottes \u00e0 calins sont faits [&hellip;]","og_url":"https:\/\/luciennelaparisienne.fr\/en\/product\/cocoon-grotte-a-calins-fourrure-renard\/","og_site_name":"Lucienne la Parisienne","article_modified_time":"2026-03-22T00:54:42+00:00","og_image":[{"width":1000,"height":1000,"url":"https:\/\/luciennelaparisienne.fr\/wp-content\/uploads\/2024\/05\/mal-08708.jpg","type":"image\/jpeg"}],"twitter_card":"summary_large_image","twitter_misc":{"Estimated reading time":"2 minutes"},"schema":{"@context":"https:\/\/schema.org","@graph":[{"@type":"WebPage","@id":"https:\/\/luciennelaparisienne.fr\/produit\/cocoon-grotte-a-calins-fourrure-renard\/","url":"https:\/\/luciennelaparisienne.fr\/produit\/cocoon-grotte-a-calins-fourrure-renard\/","name":"Cocoon - Grotte \u00e0 c\u00e2lins fourrure \"Renard\" - Lucienne la Parisienne","isPartOf":{"@id":"https:\/\/luciennelaparisienne.fr\/#website"},"primaryImageOfPage":{"@id":"https:\/\/luciennelaparisienne.fr\/produit\/cocoon-grotte-a-calins-fourrure-renard\/#primaryimage"},"image":{"@id":"https:\/\/luciennelaparisienne.fr\/produit\/cocoon-grotte-a-calins-fourrure-renard\/#primaryimage"},"thumbnailUrl":"https:\/\/luciennelaparisienne.fr\/wp-content\/uploads\/2024\/05\/mal-08708.jpg","datePublished":"2024-05-15T13:28:30+00:00","dateModified":"2026-03-22T00:54:42+00:00","breadcrumb":{"@id":"https:\/\/luciennelaparisienne.fr\/produit\/cocoon-grotte-a-calins-fourrure-renard\/#breadcrumb"},"inLanguage":"en-GB","potentialAction":[{"@type":"ReadAction","target":["https:\/\/luciennelaparisienne.fr\/produit\/cocoon-grotte-a-calins-fourrure-renard\/"]}]},{"@type":"ImageObject","inLanguage":"en-GB","@id":"https:\/\/luciennelaparisienne.fr\/produit\/cocoon-grotte-a-calins-fourrure-renard\/#primaryimage","url":"https:\/\/luciennelaparisienne.fr\/wp-content\/uploads\/2024\/05\/mal-08708.jpg","contentUrl":"https:\/\/luciennelaparisienne.fr\/wp-content\/uploads\/2024\/05\/mal-08708.jpg","width":1000,"height":1000},{"@type":"BreadcrumbList","@id":"https:\/\/luciennelaparisienne.fr\/produit\/cocoon-grotte-a-calins-fourrure-renard\/#breadcrumb","itemListElement":[{"@type":"ListItem","position":1,"name":"Accueil","item":"https:\/\/luciennelaparisienne.fr\/"},{"@type":"ListItem","position":2,"name":"Boutique","item":"https:\/\/luciennelaparisienne.fr\/shop\/"},{"@type":"ListItem","position":3,"name":"Cocoon &#8211; Grotte \u00e0 c\u00e2lins fourrure \u00ab\u00a0Renard\u00a0\u00bb"}]},{"@type":"WebSite","@id":"https:\/\/luciennelaparisienne.fr\/#website","url":"https:\/\/luciennelaparisienne.fr\/","name":"Lucienne la Parisienne","description":"Produits pour Teckels","potentialAction":[{"@type":"SearchAction","target":{"@type":"EntryPoint","urlTemplate":"https:\/\/luciennelaparisienne.fr\/?s={search_term_string}"},"query-input":{"@type":"PropertyValueSpecification","valueRequired":true,"valueName":"search_term_string"}}],"inLanguage":"en-GB"}]}},"_links":{"self":[{"href":"https:\/\/luciennelaparisienne.fr\/en\/wp-json\/wp\/v2\/product\/10943","targetHints":{"allow":["GET"]}}],"collection":[{"href":"https:\/\/luciennelaparisienne.fr\/en\/wp-json\/wp\/v2\/product"}],"about":[{"href":"https:\/\/luciennelaparisienne.fr\/en\/wp-json\/wp\/v2\/types\/product"}],"replies":[{"embeddable":true,"href":"https:\/\/luciennelaparisienne.fr\/en\/wp-json\/wp\/v2\/comments?post=10943"}],"wp:featuredmedia":[{"embeddable":true,"href":"https:\/\/luciennelaparisienne.fr\/en\/wp-json\/wp\/v2\/media\/15694"}],"wp:attachment":[{"href":"https:\/\/luciennelaparisienne.fr\/en\/wp-json\/wp\/v2\/media?parent=10943"}],"wp:term":[{"taxonomy":"product_brand","embeddable":true,"href":"https:\/\/luciennelaparisienne.fr\/en\/wp-json\/wp\/v2\/product_brand?post=10943"},{"taxonomy":"product_cat","embeddable":true,"href":"https:\/\/luciennelaparisienne.fr\/en\/wp-json\/wp\/v2\/product_cat?post=10943"},{"taxonomy":"product_tag","embeddable":true,"href":"https:\/\/luciennelaparisienne.fr\/en\/wp-json\/wp\/v2\/product_tag?post=10943"}],"curies":[{"name":"wp","href":"https:\/\/api.w.org\/{rel}","templated":true}]}}