{"id":11665,"date":"2024-06-25T13:55:44","date_gmt":"2024-06-25T11:55:44","guid":{"rendered":"https:\/\/luciennelaparisienne.fr\/?post_type=product&#038;p=11665"},"modified":"2026-05-12T11:22:45","modified_gmt":"2026-05-12T09:22:45","slug":"gilet-de-natation-la-parisienne","status":"publish","type":"product","link":"https:\/\/luciennelaparisienne.fr\/en\/product\/gilet-de-natation-la-parisienne\/","title":{"rendered":"Swim vest La Parisienne"},"content":{"rendered":"<p><strong>Swim vest \"La Parisienne\"<\/strong><br \/>\n<span style=\"font-size: 10pt;\">The striped swim vest is a limited summer collection in the style of Lucienne the Parisian!<\/span><br \/>\n<span style=\"font-size: 10pt;\">It is essential to have a flotation vest specially designed for a dachshund. Firstly, because our vests are tailor-made. Most standard vests are too short and wide for a dachshund.<\/span><br \/>\n<span style=\"font-size: 10pt;\">Our vests cover the entire back and help keep your dachshund afloat in a horizontal position. Thanks to the vest\u2019s buoyancy, the dog can effectively use its legs and strengthen its back in a balanced way without having to arch its back and neck!<\/span><br \/>\n<span style=\"font-size: 10pt;\">M\u00eame si votre animal sait nager, le gilet limite le risque de noyade lorsqu\u2019il y a des courants tr\u00e8s forts. Avec le gilet, le chien est moins fatigu\u00e9 et va profiter de la baignade.<\/span><br \/>\n<span style=\"font-size: 10pt;\">La poign\u00e9e sur le dessus permet de soulever votre chien si vous \u00eates en bateau ou sur stand-up paddle. Les bandes r\u00e9fl\u00e9chissantes permettent de ne pas perdre de vue votre teckel.<\/span><br \/>\n<span style=\"font-size: 10pt;\">Finally, each vest comes with its own mesh bag in which you can store the leash during swimming and then dry the vest directly in its bag.<\/span><\/p>\n<p><strong>Care:\u00a0<\/strong><span style=\"font-size: 10pt;\">Rinse the vest after each use with fresh water and air dry without placing it in direct sunlight.<\/span><\/p>\n<p><strong>Tailles disponibles :<\/strong> <span style=\"font-size: 10pt;\">SX, S, M et L. <em>Possible commander en XXS.<\/em><\/span><br \/>\n<span style=\"font-size: 10pt;\">To make it easier to choose the vest, below are indicated the back lengths of each vest by size:<\/span><br \/>\n<span style=\"font-size: 10pt;\">XXS 25 cm (Dachshund Kaninchen and puppies 3\u20134 kg)<\/span><br \/>\n<span style=\"font-size: 10pt;\">XS 25 cm (Dachshund Kaninchen 4-5 kg)<\/span><br \/>\n<span style=\"font-size: 10pt;\">S 30 cm (Miniature Dachshund 6\u20137 kg)<\/span><br \/>\n<span style=\"font-size: 10pt;\">M 35 cm (Standard Dachshund 8-9 kg)<\/span><br \/>\n<span style=\"font-size: 10pt;\">L 39 cm (Large Standard Dachshund 10\u201312 kg)<\/span><br \/>\n<em><span style=\"font-size: 10pt;\">Attention ! Le gilet ne doit pas couvrir tout le dos jusqu&rsquo;au la base de la queue, ce n&rsquo;est pas un manteau.<\/span><\/em><\/p>\n<p class=\"p1\"><strong><span class=\"s1\">Safety information: <\/span><\/strong><span class=\"s1\">To be used under human supervision and not intended for professional rescue use.<\/span><\/p>","protected":false},"excerpt":{"rendered":"<p>Gilet de natation \u00ab La Parisienne\u00bb Le gilet de natation en rayures est une collection limit\u00e9e de cet \u00e9t\u00e9 dans le style de Lucienne la Parisienne! C\u2019est indispensable d\u2019avoir un gilet de flottaison sp\u00e9cialement con\u00e7u pour un teckel. Tout d\u2019abord, parce que nos gilets sont faits sur mesure. La plupart [&hellip;]<\/p>","protected":false},"featured_media":13723,"comment_status":"open","ping_status":"closed","template":"","meta":{"inline_featured_image":false},"product_brand":[],"product_cat":[156,191,157,70,73],"product_tag":[],"class_list":{"0":"post-11665","1":"product","2":"type-product","3":"status-publish","4":"has-post-thumbnail","6":"product_cat-collections","7":"product_cat-gilets-de-natation","8":"product_cat-la-parisienne","9":"product_cat-pour-nos-teckels","10":"product_cat-pour-voyager","12":"first","13":"instock","14":"taxable","15":"shipping-taxable","16":"purchasable","17":"product-type-variable"},"yoast_head":"<!-- This site is optimized with the Yoast SEO plugin v26.6 - https:\/\/yoast.com\/wordpress\/plugins\/seo\/ -->\n<title>Gilet de natation, Gilet de sauvetage pour Chien, Teckel<\/title>\n<meta name=\"description\" content=\"Magnifiques v\u00eatements &amp; accessoires pour prendre soin de son chien. Produits con\u00e7us pour les teckels 100% artisanaux et fabriqu\u00e9s en France.\" \/>\n<meta name=\"robots\" content=\"index, follow, max-snippet:-1, max-image-preview:large, max-video-preview:-1\" \/>\n<link rel=\"canonical\" href=\"https:\/\/luciennelaparisienne.fr\/en\/product\/gilet-de-natation-la-parisienne\/\" \/>\n<meta property=\"og:locale\" content=\"en_GB\" \/>\n<meta property=\"og:type\" content=\"article\" \/>\n<meta property=\"og:title\" content=\"Gilet de natation, Gilet de sauvetage pour Chien, Teckel\" \/>\n<meta property=\"og:description\" content=\"Magnifiques v\u00eatements &amp; accessoires pour prendre soin de son chien. Produits con\u00e7us pour les teckels 100% artisanaux et fabriqu\u00e9s en France.\" \/>\n<meta property=\"og:url\" content=\"https:\/\/luciennelaparisienne.fr\/en\/product\/gilet-de-natation-la-parisienne\/\" \/>\n<meta property=\"og:site_name\" content=\"Lucienne la Parisienne\" \/>\n<meta property=\"article:modified_time\" content=\"2026-05-12T09:22:45+00:00\" \/>\n<meta property=\"og:image\" content=\"https:\/\/luciennelaparisienne.fr\/wp-content\/uploads\/2025\/04\/8-01.jpg\" \/>\n\t<meta property=\"og:image:width\" content=\"1553\" \/>\n\t<meta property=\"og:image:height\" content=\"1553\" \/>\n\t<meta property=\"og:image:type\" content=\"image\/jpeg\" \/>\n<meta name=\"twitter:card\" content=\"summary_large_image\" \/>\n<meta name=\"twitter:label1\" content=\"Estimated reading time\" \/>\n\t<meta name=\"twitter:data1\" content=\"2 minutes\" \/>\n<script type=\"application\/ld+json\" class=\"yoast-schema-graph\">{\"@context\":\"https:\/\/schema.org\",\"@graph\":[{\"@type\":\"WebPage\",\"@id\":\"https:\/\/luciennelaparisienne.fr\/produit\/gilet-de-natation-la-parisienne\/\",\"url\":\"https:\/\/luciennelaparisienne.fr\/produit\/gilet-de-natation-la-parisienne\/\",\"name\":\"Gilet de natation, Gilet de sauvetage pour Chien, Teckel\",\"isPartOf\":{\"@id\":\"https:\/\/luciennelaparisienne.fr\/#website\"},\"primaryImageOfPage\":{\"@id\":\"https:\/\/luciennelaparisienne.fr\/produit\/gilet-de-natation-la-parisienne\/#primaryimage\"},\"image\":{\"@id\":\"https:\/\/luciennelaparisienne.fr\/produit\/gilet-de-natation-la-parisienne\/#primaryimage\"},\"thumbnailUrl\":\"https:\/\/luciennelaparisienne.fr\/wp-content\/uploads\/2025\/04\/8-01.jpg\",\"datePublished\":\"2024-06-25T11:55:44+00:00\",\"dateModified\":\"2026-05-12T09:22:45+00:00\",\"description\":\"Magnifiques v\u00eatements & accessoires pour prendre soin de son chien. Produits con\u00e7us pour les teckels 100% artisanaux et fabriqu\u00e9s en France.\",\"breadcrumb\":{\"@id\":\"https:\/\/luciennelaparisienne.fr\/produit\/gilet-de-natation-la-parisienne\/#breadcrumb\"},\"inLanguage\":\"en-GB\",\"potentialAction\":[{\"@type\":\"ReadAction\",\"target\":[\"https:\/\/luciennelaparisienne.fr\/produit\/gilet-de-natation-la-parisienne\/\"]}]},{\"@type\":\"ImageObject\",\"inLanguage\":\"en-GB\",\"@id\":\"https:\/\/luciennelaparisienne.fr\/produit\/gilet-de-natation-la-parisienne\/#primaryimage\",\"url\":\"https:\/\/luciennelaparisienne.fr\/wp-content\/uploads\/2025\/04\/8-01.jpg\",\"contentUrl\":\"https:\/\/luciennelaparisienne.fr\/wp-content\/uploads\/2025\/04\/8-01.jpg\",\"width\":1553,\"height\":1553},{\"@type\":\"BreadcrumbList\",\"@id\":\"https:\/\/luciennelaparisienne.fr\/produit\/gilet-de-natation-la-parisienne\/#breadcrumb\",\"itemListElement\":[{\"@type\":\"ListItem\",\"position\":1,\"name\":\"Accueil\",\"item\":\"https:\/\/luciennelaparisienne.fr\/\"},{\"@type\":\"ListItem\",\"position\":2,\"name\":\"Boutique\",\"item\":\"https:\/\/luciennelaparisienne.fr\/shop\/\"},{\"@type\":\"ListItem\",\"position\":3,\"name\":\"Gilet de natation La Parisienne\"}]},{\"@type\":\"WebSite\",\"@id\":\"https:\/\/luciennelaparisienne.fr\/#website\",\"url\":\"https:\/\/luciennelaparisienne.fr\/\",\"name\":\"Lucienne la Parisienne\",\"description\":\"Produits pour Teckels\",\"potentialAction\":[{\"@type\":\"SearchAction\",\"target\":{\"@type\":\"EntryPoint\",\"urlTemplate\":\"https:\/\/luciennelaparisienne.fr\/?s={search_term_string}\"},\"query-input\":{\"@type\":\"PropertyValueSpecification\",\"valueRequired\":true,\"valueName\":\"search_term_string\"}}],\"inLanguage\":\"en-GB\"}]}<\/script>\n<!-- \/ Yoast SEO plugin. -->","yoast_head_json":{"title":"Gilet de natation, Gilet de sauvetage pour Chien, Teckel","description":"Magnifiques v\u00eatements & accessoires pour prendre soin de son chien. Produits con\u00e7us pour les teckels 100% artisanaux et fabriqu\u00e9s en France.","robots":{"index":"index","follow":"follow","max-snippet":"max-snippet:-1","max-image-preview":"max-image-preview:large","max-video-preview":"max-video-preview:-1"},"canonical":"https:\/\/luciennelaparisienne.fr\/en\/product\/gilet-de-natation-la-parisienne\/","og_locale":"en_GB","og_type":"article","og_title":"Gilet de natation, Gilet de sauvetage pour Chien, Teckel","og_description":"Magnifiques v\u00eatements & accessoires pour prendre soin de son chien. Produits con\u00e7us pour les teckels 100% artisanaux et fabriqu\u00e9s en France.","og_url":"https:\/\/luciennelaparisienne.fr\/en\/product\/gilet-de-natation-la-parisienne\/","og_site_name":"Lucienne la Parisienne","article_modified_time":"2026-05-12T09:22:45+00:00","og_image":[{"width":1553,"height":1553,"url":"https:\/\/luciennelaparisienne.fr\/wp-content\/uploads\/2025\/04\/8-01.jpg","type":"image\/jpeg"}],"twitter_card":"summary_large_image","twitter_misc":{"Estimated reading time":"2 minutes"},"schema":{"@context":"https:\/\/schema.org","@graph":[{"@type":"WebPage","@id":"https:\/\/luciennelaparisienne.fr\/produit\/gilet-de-natation-la-parisienne\/","url":"https:\/\/luciennelaparisienne.fr\/produit\/gilet-de-natation-la-parisienne\/","name":"Gilet de natation, Gilet de sauvetage pour Chien, Teckel","isPartOf":{"@id":"https:\/\/luciennelaparisienne.fr\/#website"},"primaryImageOfPage":{"@id":"https:\/\/luciennelaparisienne.fr\/produit\/gilet-de-natation-la-parisienne\/#primaryimage"},"image":{"@id":"https:\/\/luciennelaparisienne.fr\/produit\/gilet-de-natation-la-parisienne\/#primaryimage"},"thumbnailUrl":"https:\/\/luciennelaparisienne.fr\/wp-content\/uploads\/2025\/04\/8-01.jpg","datePublished":"2024-06-25T11:55:44+00:00","dateModified":"2026-05-12T09:22:45+00:00","description":"Magnifiques v\u00eatements & accessoires pour prendre soin de son chien. Produits con\u00e7us pour les teckels 100% artisanaux et fabriqu\u00e9s en France.","breadcrumb":{"@id":"https:\/\/luciennelaparisienne.fr\/produit\/gilet-de-natation-la-parisienne\/#breadcrumb"},"inLanguage":"en-GB","potentialAction":[{"@type":"ReadAction","target":["https:\/\/luciennelaparisienne.fr\/produit\/gilet-de-natation-la-parisienne\/"]}]},{"@type":"ImageObject","inLanguage":"en-GB","@id":"https:\/\/luciennelaparisienne.fr\/produit\/gilet-de-natation-la-parisienne\/#primaryimage","url":"https:\/\/luciennelaparisienne.fr\/wp-content\/uploads\/2025\/04\/8-01.jpg","contentUrl":"https:\/\/luciennelaparisienne.fr\/wp-content\/uploads\/2025\/04\/8-01.jpg","width":1553,"height":1553},{"@type":"BreadcrumbList","@id":"https:\/\/luciennelaparisienne.fr\/produit\/gilet-de-natation-la-parisienne\/#breadcrumb","itemListElement":[{"@type":"ListItem","position":1,"name":"Accueil","item":"https:\/\/luciennelaparisienne.fr\/"},{"@type":"ListItem","position":2,"name":"Boutique","item":"https:\/\/luciennelaparisienne.fr\/shop\/"},{"@type":"ListItem","position":3,"name":"Gilet de natation La Parisienne"}]},{"@type":"WebSite","@id":"https:\/\/luciennelaparisienne.fr\/#website","url":"https:\/\/luciennelaparisienne.fr\/","name":"Lucienne la Parisienne","description":"Produits pour Teckels","potentialAction":[{"@type":"SearchAction","target":{"@type":"EntryPoint","urlTemplate":"https:\/\/luciennelaparisienne.fr\/?s={search_term_string}"},"query-input":{"@type":"PropertyValueSpecification","valueRequired":true,"valueName":"search_term_string"}}],"inLanguage":"en-GB"}]}},"_links":{"self":[{"href":"https:\/\/luciennelaparisienne.fr\/en\/wp-json\/wp\/v2\/product\/11665","targetHints":{"allow":["GET"]}}],"collection":[{"href":"https:\/\/luciennelaparisienne.fr\/en\/wp-json\/wp\/v2\/product"}],"about":[{"href":"https:\/\/luciennelaparisienne.fr\/en\/wp-json\/wp\/v2\/types\/product"}],"replies":[{"embeddable":true,"href":"https:\/\/luciennelaparisienne.fr\/en\/wp-json\/wp\/v2\/comments?post=11665"}],"wp:featuredmedia":[{"embeddable":true,"href":"https:\/\/luciennelaparisienne.fr\/en\/wp-json\/wp\/v2\/media\/13723"}],"wp:attachment":[{"href":"https:\/\/luciennelaparisienne.fr\/en\/wp-json\/wp\/v2\/media?parent=11665"}],"wp:term":[{"taxonomy":"product_brand","embeddable":true,"href":"https:\/\/luciennelaparisienne.fr\/en\/wp-json\/wp\/v2\/product_brand?post=11665"},{"taxonomy":"product_cat","embeddable":true,"href":"https:\/\/luciennelaparisienne.fr\/en\/wp-json\/wp\/v2\/product_cat?post=11665"},{"taxonomy":"product_tag","embeddable":true,"href":"https:\/\/luciennelaparisienne.fr\/en\/wp-json\/wp\/v2\/product_tag?post=11665"}],"curies":[{"name":"wp","href":"https:\/\/api.w.org\/{rel}","templated":true}]}}