{"id":12968,"date":"2025-01-29T18:45:56","date_gmt":"2025-01-29T17:45:56","guid":{"rendered":"https:\/\/luciennelaparisienne.fr\/?post_type=product&#038;p=12968"},"modified":"2026-04-20T11:38:47","modified_gmt":"2026-04-20T09:38:47","slug":"pull-en-polaire-bouclette","status":"publish","type":"product","link":"https:\/\/luciennelaparisienne.fr\/en\/product\/pull-en-polaire-bouclette\/","title":{"rendered":"Fleece boucle sweater"},"content":{"rendered":"<p><strong>Fleece boucle sweater<\/strong><br \/>\n<span style=\"font-size: 10pt;\">Ce pull en polaire bouclette est tr\u00e8s chic et original. Il est chaud et agr\u00e9able au toucher et il est fait sp\u00e9cialement pour nos teckels qui ont le corps mince et des pattes courtes. <\/span><br \/>\n<span style=\"font-size: 10pt;\">Our sweater has no zippers or buttons; it slips over the head and fits snugly around the body to accentuate the dachshund's beautiful silhouette!<\/span><br \/>\n<span style=\"font-size: 10pt;\">Il n&rsquo;y a pas d\u2019ouverture pour le harnais, le harnais peut \u00eatre mis par-dessus le pulls. Si vous avez besoin d&rsquo;une ouverture, merci d\u2019indiquer votre demande dans les commentaires de commande.<\/span><\/p>\n<p><strong>Caracteristics:<\/strong><br \/>\n<span style=\"font-size: 10pt;\">Color: Green, Blue, Chocolate<\/span><br \/>\n<span style=\"font-size: 10pt;\">Fabric: 84% Polyester, 16% Polyamide<\/span><\/p>\n<p><strong>Care:<\/strong> <span style=\"font-size: 10pt;\">Hand wash or machine wash at 30\u00b0C. Light spin and drying.<\/span><\/p>\n<p><strong>Available in sizes:<\/strong> <span style=\"font-size: 10pt;\">XXS, XS, S, M, L, XL.<\/span><\/p>\n<p>Sizes XXS and XL are made only on pre-order and after payment is received.<\/p>\n<p>Custom orders are available, thank you for <a href=\"https:\/\/luciennelaparisienne.fr\/contactez-nous\/\"><strong>contacting us via the Contact section<\/strong><\/a>.<\/p>\n<p><strong>Custom manufacturing is done after payment and takes approximately two weeks.<\/strong><\/p>\n<p>Please note that the colors in the photos may vary slightly.<\/p>\n<p>&nbsp;<\/p>\n<p>&nbsp;<\/p>","protected":false},"excerpt":{"rendered":"<p>Pull en polaire bouclette Ce pull en polaire bouclette est tr\u00e8s chic et original. Il est chaud et agr\u00e9able au toucher et il est fait sp\u00e9cialement pour nos teckels qui ont le corps mince et des pattes courtes. Ce pull n\u2019a pas de fermeture ou de boucle, il se glisse [&hellip;]<\/p>","protected":false},"featured_media":12993,"comment_status":"open","ping_status":"closed","template":"","meta":{"inline_featured_image":false},"product_brand":[],"product_cat":[156,70,72,153],"product_tag":[],"class_list":{"0":"post-12968","1":"product","2":"type-product","3":"status-publish","4":"has-post-thumbnail","6":"product_cat-collections","7":"product_cat-pour-nos-teckels","8":"product_cat-pour-shabiller","9":"product_cat-vetements","11":"first","12":"instock","13":"featured","14":"taxable","15":"shipping-taxable","16":"purchasable","17":"product-type-variable"},"yoast_head":"<!-- This site is optimized with the Yoast SEO plugin v26.6 - https:\/\/yoast.com\/wordpress\/plugins\/seo\/ -->\n<title>Pull en polaire bouclette pour Chien, Teckel | Lucienne la Parisienne<\/title>\n<meta name=\"description\" content=\"Magnifiques v\u00eatements &amp; accessoires pour prendre soin de son chien. Produits con\u00e7us pour les teckels 100% artisanaux et fabriqu\u00e9s en France.\" \/>\n<meta name=\"robots\" content=\"index, follow, max-snippet:-1, max-image-preview:large, max-video-preview:-1\" \/>\n<link rel=\"canonical\" href=\"https:\/\/luciennelaparisienne.fr\/en\/product\/pull-en-polaire-bouclette\/\" \/>\n<meta property=\"og:locale\" content=\"en_GB\" \/>\n<meta property=\"og:type\" content=\"article\" \/>\n<meta property=\"og:title\" content=\"Pull en polaire bouclette pour Chien, Teckel | Lucienne la Parisienne\" \/>\n<meta property=\"og:description\" content=\"Magnifiques v\u00eatements &amp; accessoires pour prendre soin de son chien. Produits con\u00e7us pour les teckels 100% artisanaux et fabriqu\u00e9s en France.\" \/>\n<meta property=\"og:url\" content=\"https:\/\/luciennelaparisienne.fr\/en\/product\/pull-en-polaire-bouclette\/\" \/>\n<meta property=\"og:site_name\" content=\"Lucienne la Parisienne\" \/>\n<meta property=\"article:modified_time\" content=\"2026-04-20T09:38:47+00:00\" \/>\n<meta property=\"og:image\" content=\"https:\/\/luciennelaparisienne.fr\/wp-content\/uploads\/2025\/01\/mal-00130.jpg\" \/>\n\t<meta property=\"og:image:width\" content=\"706\" \/>\n\t<meta property=\"og:image:height\" content=\"706\" \/>\n\t<meta property=\"og:image:type\" content=\"image\/jpeg\" \/>\n<meta name=\"twitter:card\" content=\"summary_large_image\" \/>\n<meta name=\"twitter:label1\" content=\"Estimated reading time\" \/>\n\t<meta name=\"twitter:data1\" content=\"2 minutes\" \/>\n<script type=\"application\/ld+json\" class=\"yoast-schema-graph\">{\"@context\":\"https:\/\/schema.org\",\"@graph\":[{\"@type\":\"WebPage\",\"@id\":\"https:\/\/luciennelaparisienne.fr\/produit\/pull-en-polaire-bouclette\/\",\"url\":\"https:\/\/luciennelaparisienne.fr\/produit\/pull-en-polaire-bouclette\/\",\"name\":\"Pull en polaire bouclette pour Chien, Teckel | Lucienne la Parisienne\",\"isPartOf\":{\"@id\":\"https:\/\/luciennelaparisienne.fr\/#website\"},\"primaryImageOfPage\":{\"@id\":\"https:\/\/luciennelaparisienne.fr\/produit\/pull-en-polaire-bouclette\/#primaryimage\"},\"image\":{\"@id\":\"https:\/\/luciennelaparisienne.fr\/produit\/pull-en-polaire-bouclette\/#primaryimage\"},\"thumbnailUrl\":\"https:\/\/luciennelaparisienne.fr\/wp-content\/uploads\/2025\/01\/mal-00130.jpg\",\"datePublished\":\"2025-01-29T17:45:56+00:00\",\"dateModified\":\"2026-04-20T09:38:47+00:00\",\"description\":\"Magnifiques v\u00eatements & accessoires pour prendre soin de son chien. Produits con\u00e7us pour les teckels 100% artisanaux et fabriqu\u00e9s en France.\",\"breadcrumb\":{\"@id\":\"https:\/\/luciennelaparisienne.fr\/produit\/pull-en-polaire-bouclette\/#breadcrumb\"},\"inLanguage\":\"en-GB\",\"potentialAction\":[{\"@type\":\"ReadAction\",\"target\":[\"https:\/\/luciennelaparisienne.fr\/produit\/pull-en-polaire-bouclette\/\"]}]},{\"@type\":\"ImageObject\",\"inLanguage\":\"en-GB\",\"@id\":\"https:\/\/luciennelaparisienne.fr\/produit\/pull-en-polaire-bouclette\/#primaryimage\",\"url\":\"https:\/\/luciennelaparisienne.fr\/wp-content\/uploads\/2025\/01\/mal-00130.jpg\",\"contentUrl\":\"https:\/\/luciennelaparisienne.fr\/wp-content\/uploads\/2025\/01\/mal-00130.jpg\",\"width\":706,\"height\":706},{\"@type\":\"BreadcrumbList\",\"@id\":\"https:\/\/luciennelaparisienne.fr\/produit\/pull-en-polaire-bouclette\/#breadcrumb\",\"itemListElement\":[{\"@type\":\"ListItem\",\"position\":1,\"name\":\"Accueil\",\"item\":\"https:\/\/luciennelaparisienne.fr\/\"},{\"@type\":\"ListItem\",\"position\":2,\"name\":\"Boutique\",\"item\":\"https:\/\/luciennelaparisienne.fr\/shop\/\"},{\"@type\":\"ListItem\",\"position\":3,\"name\":\"Pull en polaire bouclette\"}]},{\"@type\":\"WebSite\",\"@id\":\"https:\/\/luciennelaparisienne.fr\/#website\",\"url\":\"https:\/\/luciennelaparisienne.fr\/\",\"name\":\"Lucienne la Parisienne\",\"description\":\"Produits pour Teckels\",\"potentialAction\":[{\"@type\":\"SearchAction\",\"target\":{\"@type\":\"EntryPoint\",\"urlTemplate\":\"https:\/\/luciennelaparisienne.fr\/?s={search_term_string}\"},\"query-input\":{\"@type\":\"PropertyValueSpecification\",\"valueRequired\":true,\"valueName\":\"search_term_string\"}}],\"inLanguage\":\"en-GB\"}]}<\/script>\n<!-- \/ Yoast SEO plugin. -->","yoast_head_json":{"title":"Pull en polaire bouclette pour Chien, Teckel | Lucienne la Parisienne","description":"Magnifiques v\u00eatements & accessoires pour prendre soin de son chien. Produits con\u00e7us pour les teckels 100% artisanaux et fabriqu\u00e9s en France.","robots":{"index":"index","follow":"follow","max-snippet":"max-snippet:-1","max-image-preview":"max-image-preview:large","max-video-preview":"max-video-preview:-1"},"canonical":"https:\/\/luciennelaparisienne.fr\/en\/product\/pull-en-polaire-bouclette\/","og_locale":"en_GB","og_type":"article","og_title":"Pull en polaire bouclette pour Chien, Teckel | Lucienne la Parisienne","og_description":"Magnifiques v\u00eatements & accessoires pour prendre soin de son chien. Produits con\u00e7us pour les teckels 100% artisanaux et fabriqu\u00e9s en France.","og_url":"https:\/\/luciennelaparisienne.fr\/en\/product\/pull-en-polaire-bouclette\/","og_site_name":"Lucienne la Parisienne","article_modified_time":"2026-04-20T09:38:47+00:00","og_image":[{"width":706,"height":706,"url":"https:\/\/luciennelaparisienne.fr\/wp-content\/uploads\/2025\/01\/mal-00130.jpg","type":"image\/jpeg"}],"twitter_card":"summary_large_image","twitter_misc":{"Estimated reading time":"2 minutes"},"schema":{"@context":"https:\/\/schema.org","@graph":[{"@type":"WebPage","@id":"https:\/\/luciennelaparisienne.fr\/produit\/pull-en-polaire-bouclette\/","url":"https:\/\/luciennelaparisienne.fr\/produit\/pull-en-polaire-bouclette\/","name":"Pull en polaire bouclette pour Chien, Teckel | Lucienne la Parisienne","isPartOf":{"@id":"https:\/\/luciennelaparisienne.fr\/#website"},"primaryImageOfPage":{"@id":"https:\/\/luciennelaparisienne.fr\/produit\/pull-en-polaire-bouclette\/#primaryimage"},"image":{"@id":"https:\/\/luciennelaparisienne.fr\/produit\/pull-en-polaire-bouclette\/#primaryimage"},"thumbnailUrl":"https:\/\/luciennelaparisienne.fr\/wp-content\/uploads\/2025\/01\/mal-00130.jpg","datePublished":"2025-01-29T17:45:56+00:00","dateModified":"2026-04-20T09:38:47+00:00","description":"Magnifiques v\u00eatements & accessoires pour prendre soin de son chien. Produits con\u00e7us pour les teckels 100% artisanaux et fabriqu\u00e9s en France.","breadcrumb":{"@id":"https:\/\/luciennelaparisienne.fr\/produit\/pull-en-polaire-bouclette\/#breadcrumb"},"inLanguage":"en-GB","potentialAction":[{"@type":"ReadAction","target":["https:\/\/luciennelaparisienne.fr\/produit\/pull-en-polaire-bouclette\/"]}]},{"@type":"ImageObject","inLanguage":"en-GB","@id":"https:\/\/luciennelaparisienne.fr\/produit\/pull-en-polaire-bouclette\/#primaryimage","url":"https:\/\/luciennelaparisienne.fr\/wp-content\/uploads\/2025\/01\/mal-00130.jpg","contentUrl":"https:\/\/luciennelaparisienne.fr\/wp-content\/uploads\/2025\/01\/mal-00130.jpg","width":706,"height":706},{"@type":"BreadcrumbList","@id":"https:\/\/luciennelaparisienne.fr\/produit\/pull-en-polaire-bouclette\/#breadcrumb","itemListElement":[{"@type":"ListItem","position":1,"name":"Accueil","item":"https:\/\/luciennelaparisienne.fr\/"},{"@type":"ListItem","position":2,"name":"Boutique","item":"https:\/\/luciennelaparisienne.fr\/shop\/"},{"@type":"ListItem","position":3,"name":"Pull en polaire bouclette"}]},{"@type":"WebSite","@id":"https:\/\/luciennelaparisienne.fr\/#website","url":"https:\/\/luciennelaparisienne.fr\/","name":"Lucienne la Parisienne","description":"Produits pour Teckels","potentialAction":[{"@type":"SearchAction","target":{"@type":"EntryPoint","urlTemplate":"https:\/\/luciennelaparisienne.fr\/?s={search_term_string}"},"query-input":{"@type":"PropertyValueSpecification","valueRequired":true,"valueName":"search_term_string"}}],"inLanguage":"en-GB"}]}},"_links":{"self":[{"href":"https:\/\/luciennelaparisienne.fr\/en\/wp-json\/wp\/v2\/product\/12968","targetHints":{"allow":["GET"]}}],"collection":[{"href":"https:\/\/luciennelaparisienne.fr\/en\/wp-json\/wp\/v2\/product"}],"about":[{"href":"https:\/\/luciennelaparisienne.fr\/en\/wp-json\/wp\/v2\/types\/product"}],"replies":[{"embeddable":true,"href":"https:\/\/luciennelaparisienne.fr\/en\/wp-json\/wp\/v2\/comments?post=12968"}],"wp:featuredmedia":[{"embeddable":true,"href":"https:\/\/luciennelaparisienne.fr\/en\/wp-json\/wp\/v2\/media\/12993"}],"wp:attachment":[{"href":"https:\/\/luciennelaparisienne.fr\/en\/wp-json\/wp\/v2\/media?parent=12968"}],"wp:term":[{"taxonomy":"product_brand","embeddable":true,"href":"https:\/\/luciennelaparisienne.fr\/en\/wp-json\/wp\/v2\/product_brand?post=12968"},{"taxonomy":"product_cat","embeddable":true,"href":"https:\/\/luciennelaparisienne.fr\/en\/wp-json\/wp\/v2\/product_cat?post=12968"},{"taxonomy":"product_tag","embeddable":true,"href":"https:\/\/luciennelaparisienne.fr\/en\/wp-json\/wp\/v2\/product_tag?post=12968"}],"curies":[{"name":"wp","href":"https:\/\/api.w.org\/{rel}","templated":true}]}}