{"id":13298,"date":"2025-03-16T12:43:05","date_gmt":"2025-03-16T11:43:05","guid":{"rendered":"https:\/\/luciennelaparisienne.fr\/?post_type=product&#038;p=13298"},"modified":"2026-03-21T19:06:39","modified_gmt":"2026-03-21T18:06:39","slug":"sac-de-transport-teckel-chocolat","status":"publish","type":"product","link":"https:\/\/luciennelaparisienne.fr\/en\/product\/sac-de-transport-teckel-chocolat\/","title":{"rendered":"Chocolate Dachshund carrier bag"},"content":{"rendered":"<p>Our dogs love to accompany us everywhere, especially dachshunds, who are very endearing and easy to carry.<\/p>\n<p>The bag is essential, especially if you enjoy taking your dachshund with you in your daily life.<\/p>\n<p>We have created a bag that can function both as a carrier and a basket. Our bag is perfectly suited for city life, where your dog can be comfortably settled in a taxi, at a restaurant, or at a friend\u2019s house.<\/p>\n<p>The bag can also serve as a basket during your travels!<\/p>\n<p>The bag is made of waterproof material and can be easily washed by hand or in a washing machine. \nA simple sponge is enough to clean small stains.<\/p>\n<p>The base is very rigid and does not bend, ensuring proper support for the fragile backs of our dachshunds. The base has a zippered cover that can be removed for washing.<\/p>\n<p>The bag comes with an ultra-soft and warm synthetic fur cover, easily removable and machine washable. This luxurious cover creates a cozy, cocoon-like experience for your dachshund. You can also replace it with a fur cover of your choice for added comfort and style.<\/p>\n<p>The handles are made of flat, wide straps to avoid hurting your shoulder. Each bag includes a large zippered pocket. There is also a nylon shoulder strap.<\/p>\n<p>A small pouch for treats is attached to the outside of the bag.<\/p>\n<p>The bag closes with a zipper and features an interior strap to secure the dog.<\/p>\n<p>Finally, our bags are very stylish and elegant, and can even replace your own handbag! \ud83d\ude0a<\/p>\n<p><strong>Features<\/strong><strong>\u202f:<\/strong><strong>\u00a0\u00a0<\/strong><\/p>\n<p>Color: Chocolate.<\/p>\n<p>Fabric: Waterproof polyester<\/p>\n<p>Cover: Faux fur in Leopard, Chinchilla, or Beige Rabbit. You can also choose a cover in another color.<\/p>\n<ul>\n<li>A nylon shoulder strap.<\/li>\n<li>Fur cover.<\/li>\n<li>Interior strap to secure the dog.<\/li>\n<li>Rigid bottom with a zippered cover.<\/li>\n<li>Large pocket.<\/li>\n<li>Bag with a zipper.<\/li>\n<\/ul>\n<p><strong>Care Instructions:<\/strong><strong>\u202f:<\/strong><strong>\u00a0\u00a0<\/strong><\/p>\n<p>Hand wash or machine wash at 30\u00b0C. Gentle spin, do not dry clean, do not bleach. Do not iron!<\/p>\n<p><strong>Size <\/strong>:<\/p>\n<p>M: 50 cm bag length, 45 cm base length (for rabbits and dwarf breeds up to 6 kg).<\/p>\n<p>L: 55 cm bag length, 50 cm base length (for small standard breeds up to 8 kg or two Kaninchens).<\/p>\n<p>XL: 60 cm bag length, 55 cm base length (for standard breeds 9\u202fkg+ or two toy breeds).<\/p>","protected":false},"excerpt":{"rendered":"<p>Nos chiens adorent nous accompagner partout. Surtout les teckels qui sont tr\u00e8s attachants et faciles \u00e0 porter. Le sac est indispensable surtout si vous aimez emmener votre teckel avec vous dans la vie de tous les jours. Nous avons cr\u00e9\u00e9 un sac qui peut \u00e0 la fois faire sac et [&hellip;]<\/p>","protected":false},"featured_media":15101,"comment_status":"open","ping_status":"closed","template":"","meta":{"inline_featured_image":false},"product_brand":[],"product_cat":[155,70],"product_tag":[],"class_list":{"0":"post-13298","1":"product","2":"type-product","3":"status-publish","4":"has-post-thumbnail","6":"product_cat-sacs","7":"product_cat-pour-nos-teckels","9":"first","10":"instock","11":"featured","12":"taxable","13":"shipping-taxable","14":"purchasable","15":"product-type-variable"},"yoast_head":"<!-- This site is optimized with the Yoast SEO plugin v26.6 - https:\/\/yoast.com\/wordpress\/plugins\/seo\/ -->\n<title>Sac de transport Teckel chocolat - Lucienne la Parisienne<\/title>\n<meta name=\"robots\" content=\"index, follow, max-snippet:-1, max-image-preview:large, max-video-preview:-1\" \/>\n<link rel=\"canonical\" href=\"https:\/\/luciennelaparisienne.fr\/en\/product\/sac-de-transport-teckel-chocolat\/\" \/>\n<meta property=\"og:locale\" content=\"en_GB\" \/>\n<meta property=\"og:type\" content=\"article\" \/>\n<meta property=\"og:title\" content=\"Sac de transport Teckel chocolat - Lucienne la Parisienne\" \/>\n<meta property=\"og:description\" content=\"Nos chiens adorent nous accompagner partout. Surtout les teckels qui sont tr\u00e8s attachants et faciles \u00e0 porter. Le sac est indispensable surtout si vous aimez emmener votre teckel avec vous dans la vie de tous les jours. Nous avons cr\u00e9\u00e9 un sac qui peut \u00e0 la fois faire sac et [&hellip;]\" \/>\n<meta property=\"og:url\" content=\"https:\/\/luciennelaparisienne.fr\/en\/product\/sac-de-transport-teckel-chocolat\/\" \/>\n<meta property=\"og:site_name\" content=\"Lucienne la Parisienne\" \/>\n<meta property=\"article:modified_time\" content=\"2026-03-21T18:06:39+00:00\" \/>\n<meta property=\"og:image\" content=\"https:\/\/luciennelaparisienne.fr\/wp-content\/uploads\/2025\/03\/2-21_resized.jpg\" \/>\n\t<meta property=\"og:image:width\" content=\"2560\" \/>\n\t<meta property=\"og:image:height\" content=\"2560\" \/>\n\t<meta property=\"og:image:type\" content=\"image\/jpeg\" \/>\n<meta name=\"twitter:card\" content=\"summary_large_image\" \/>\n<meta name=\"twitter:label1\" content=\"Estimated reading time\" \/>\n\t<meta name=\"twitter:data1\" content=\"3 minutes\" \/>\n<script type=\"application\/ld+json\" class=\"yoast-schema-graph\">{\"@context\":\"https:\/\/schema.org\",\"@graph\":[{\"@type\":\"WebPage\",\"@id\":\"https:\/\/luciennelaparisienne.fr\/produit\/sac-de-transport-teckel-chocolat\/\",\"url\":\"https:\/\/luciennelaparisienne.fr\/produit\/sac-de-transport-teckel-chocolat\/\",\"name\":\"Sac de transport Teckel chocolat - Lucienne la Parisienne\",\"isPartOf\":{\"@id\":\"https:\/\/luciennelaparisienne.fr\/#website\"},\"primaryImageOfPage\":{\"@id\":\"https:\/\/luciennelaparisienne.fr\/produit\/sac-de-transport-teckel-chocolat\/#primaryimage\"},\"image\":{\"@id\":\"https:\/\/luciennelaparisienne.fr\/produit\/sac-de-transport-teckel-chocolat\/#primaryimage\"},\"thumbnailUrl\":\"https:\/\/luciennelaparisienne.fr\/wp-content\/uploads\/2025\/03\/2-21_resized.jpg\",\"datePublished\":\"2025-03-16T11:43:05+00:00\",\"dateModified\":\"2026-03-21T18:06:39+00:00\",\"breadcrumb\":{\"@id\":\"https:\/\/luciennelaparisienne.fr\/produit\/sac-de-transport-teckel-chocolat\/#breadcrumb\"},\"inLanguage\":\"en-GB\",\"potentialAction\":[{\"@type\":\"ReadAction\",\"target\":[\"https:\/\/luciennelaparisienne.fr\/produit\/sac-de-transport-teckel-chocolat\/\"]}]},{\"@type\":\"ImageObject\",\"inLanguage\":\"en-GB\",\"@id\":\"https:\/\/luciennelaparisienne.fr\/produit\/sac-de-transport-teckel-chocolat\/#primaryimage\",\"url\":\"https:\/\/luciennelaparisienne.fr\/wp-content\/uploads\/2025\/03\/2-21_resized.jpg\",\"contentUrl\":\"https:\/\/luciennelaparisienne.fr\/wp-content\/uploads\/2025\/03\/2-21_resized.jpg\",\"width\":2560,\"height\":2560},{\"@type\":\"BreadcrumbList\",\"@id\":\"https:\/\/luciennelaparisienne.fr\/produit\/sac-de-transport-teckel-chocolat\/#breadcrumb\",\"itemListElement\":[{\"@type\":\"ListItem\",\"position\":1,\"name\":\"Accueil\",\"item\":\"https:\/\/luciennelaparisienne.fr\/\"},{\"@type\":\"ListItem\",\"position\":2,\"name\":\"Boutique\",\"item\":\"https:\/\/luciennelaparisienne.fr\/shop\/\"},{\"@type\":\"ListItem\",\"position\":3,\"name\":\"Sac de transport Teckel chocolat\"}]},{\"@type\":\"WebSite\",\"@id\":\"https:\/\/luciennelaparisienne.fr\/#website\",\"url\":\"https:\/\/luciennelaparisienne.fr\/\",\"name\":\"Lucienne la Parisienne\",\"description\":\"Produits pour Teckels\",\"potentialAction\":[{\"@type\":\"SearchAction\",\"target\":{\"@type\":\"EntryPoint\",\"urlTemplate\":\"https:\/\/luciennelaparisienne.fr\/?s={search_term_string}\"},\"query-input\":{\"@type\":\"PropertyValueSpecification\",\"valueRequired\":true,\"valueName\":\"search_term_string\"}}],\"inLanguage\":\"en-GB\"}]}<\/script>\n<!-- \/ Yoast SEO plugin. -->","yoast_head_json":{"title":"Sac de transport Teckel chocolat - Lucienne la Parisienne","robots":{"index":"index","follow":"follow","max-snippet":"max-snippet:-1","max-image-preview":"max-image-preview:large","max-video-preview":"max-video-preview:-1"},"canonical":"https:\/\/luciennelaparisienne.fr\/en\/product\/sac-de-transport-teckel-chocolat\/","og_locale":"en_GB","og_type":"article","og_title":"Sac de transport Teckel chocolat - Lucienne la Parisienne","og_description":"Nos chiens adorent nous accompagner partout. Surtout les teckels qui sont tr\u00e8s attachants et faciles \u00e0 porter. Le sac est indispensable surtout si vous aimez emmener votre teckel avec vous dans la vie de tous les jours. Nous avons cr\u00e9\u00e9 un sac qui peut \u00e0 la fois faire sac et [&hellip;]","og_url":"https:\/\/luciennelaparisienne.fr\/en\/product\/sac-de-transport-teckel-chocolat\/","og_site_name":"Lucienne la Parisienne","article_modified_time":"2026-03-21T18:06:39+00:00","og_image":[{"width":2560,"height":2560,"url":"https:\/\/luciennelaparisienne.fr\/wp-content\/uploads\/2025\/03\/2-21_resized.jpg","type":"image\/jpeg"}],"twitter_card":"summary_large_image","twitter_misc":{"Estimated reading time":"3 minutes"},"schema":{"@context":"https:\/\/schema.org","@graph":[{"@type":"WebPage","@id":"https:\/\/luciennelaparisienne.fr\/produit\/sac-de-transport-teckel-chocolat\/","url":"https:\/\/luciennelaparisienne.fr\/produit\/sac-de-transport-teckel-chocolat\/","name":"Sac de transport Teckel chocolat - Lucienne la Parisienne","isPartOf":{"@id":"https:\/\/luciennelaparisienne.fr\/#website"},"primaryImageOfPage":{"@id":"https:\/\/luciennelaparisienne.fr\/produit\/sac-de-transport-teckel-chocolat\/#primaryimage"},"image":{"@id":"https:\/\/luciennelaparisienne.fr\/produit\/sac-de-transport-teckel-chocolat\/#primaryimage"},"thumbnailUrl":"https:\/\/luciennelaparisienne.fr\/wp-content\/uploads\/2025\/03\/2-21_resized.jpg","datePublished":"2025-03-16T11:43:05+00:00","dateModified":"2026-03-21T18:06:39+00:00","breadcrumb":{"@id":"https:\/\/luciennelaparisienne.fr\/produit\/sac-de-transport-teckel-chocolat\/#breadcrumb"},"inLanguage":"en-GB","potentialAction":[{"@type":"ReadAction","target":["https:\/\/luciennelaparisienne.fr\/produit\/sac-de-transport-teckel-chocolat\/"]}]},{"@type":"ImageObject","inLanguage":"en-GB","@id":"https:\/\/luciennelaparisienne.fr\/produit\/sac-de-transport-teckel-chocolat\/#primaryimage","url":"https:\/\/luciennelaparisienne.fr\/wp-content\/uploads\/2025\/03\/2-21_resized.jpg","contentUrl":"https:\/\/luciennelaparisienne.fr\/wp-content\/uploads\/2025\/03\/2-21_resized.jpg","width":2560,"height":2560},{"@type":"BreadcrumbList","@id":"https:\/\/luciennelaparisienne.fr\/produit\/sac-de-transport-teckel-chocolat\/#breadcrumb","itemListElement":[{"@type":"ListItem","position":1,"name":"Accueil","item":"https:\/\/luciennelaparisienne.fr\/"},{"@type":"ListItem","position":2,"name":"Boutique","item":"https:\/\/luciennelaparisienne.fr\/shop\/"},{"@type":"ListItem","position":3,"name":"Sac de transport Teckel chocolat"}]},{"@type":"WebSite","@id":"https:\/\/luciennelaparisienne.fr\/#website","url":"https:\/\/luciennelaparisienne.fr\/","name":"Lucienne la Parisienne","description":"Produits pour Teckels","potentialAction":[{"@type":"SearchAction","target":{"@type":"EntryPoint","urlTemplate":"https:\/\/luciennelaparisienne.fr\/?s={search_term_string}"},"query-input":{"@type":"PropertyValueSpecification","valueRequired":true,"valueName":"search_term_string"}}],"inLanguage":"en-GB"}]}},"_links":{"self":[{"href":"https:\/\/luciennelaparisienne.fr\/en\/wp-json\/wp\/v2\/product\/13298","targetHints":{"allow":["GET"]}}],"collection":[{"href":"https:\/\/luciennelaparisienne.fr\/en\/wp-json\/wp\/v2\/product"}],"about":[{"href":"https:\/\/luciennelaparisienne.fr\/en\/wp-json\/wp\/v2\/types\/product"}],"replies":[{"embeddable":true,"href":"https:\/\/luciennelaparisienne.fr\/en\/wp-json\/wp\/v2\/comments?post=13298"}],"wp:featuredmedia":[{"embeddable":true,"href":"https:\/\/luciennelaparisienne.fr\/en\/wp-json\/wp\/v2\/media\/15101"}],"wp:attachment":[{"href":"https:\/\/luciennelaparisienne.fr\/en\/wp-json\/wp\/v2\/media?parent=13298"}],"wp:term":[{"taxonomy":"product_brand","embeddable":true,"href":"https:\/\/luciennelaparisienne.fr\/en\/wp-json\/wp\/v2\/product_brand?post=13298"},{"taxonomy":"product_cat","embeddable":true,"href":"https:\/\/luciennelaparisienne.fr\/en\/wp-json\/wp\/v2\/product_cat?post=13298"},{"taxonomy":"product_tag","embeddable":true,"href":"https:\/\/luciennelaparisienne.fr\/en\/wp-json\/wp\/v2\/product_tag?post=13298"}],"curies":[{"name":"wp","href":"https:\/\/api.w.org\/{rel}","templated":true}]}}