{"id":13319,"date":"2025-03-17T17:22:46","date_gmt":"2025-03-17T16:22:46","guid":{"rendered":"https:\/\/luciennelaparisienne.fr\/?post_type=product&#038;p=13319"},"modified":"2026-04-19T20:52:53","modified_gmt":"2026-04-19T18:52:53","slug":"snood-pour-dog-maman","status":"publish","type":"product","link":"https:\/\/luciennelaparisienne.fr\/en\/product\/snood-pour-dog-maman\/","title":{"rendered":"Snood for dog mom"},"content":{"rendered":"<p>Finally, a product to be Matchy Matchy with your dog!<\/p>\n<p>The snood or neck warmer is made of synthetic rabbit-like fur, lined with leopard fleece.<\/p>\n<p>The fur is very soft and warm, washes perfectly, and dries quickly. The snood is reversible; it can be worn with the solid-colored fur side featuring a small leopard detail, or entirely with the leopard side.<\/p>\n<p>Pour avoir le style Matchy Matchy avec votre chien, il vous suffit d&rsquo;acheter pour votre ami \u00e0 quatre pattes une polaire leopard ou aussi un snood! Ensemble vous serez les vrais stars!<\/p>\n<p>Characteristics:<\/p>\n<p>Fabric: 100% Polyester<\/p>\n<p>Hand wash or machine wash at 30\u00b0C. Light spin and drying.<\/p>\n<p>Colors: Chocolate, Black, Beige.<\/p>\n<p>One size<\/p>\n<p>It is possible to order a custom size for your child or a specific size. Thank you for <a href=\"https:\/\/luciennelaparisienne.fr\/contactez-nous\/\"><strong>contacting us via the Contact section<\/strong><\/a>.<\/p>\n<p><strong>Custom manufacturing is done after payment and takes approximately two weeks.<\/strong><\/p>\n<p>Please note that the colors in the photos may vary slightly.<\/p>\n<p>&nbsp;<\/p>\n<p>&nbsp;<\/p>","protected":false},"excerpt":{"rendered":"<p>Enfin un produit pour \u00eatre Matchy Matchy avec son chien! Le snood ou cache-cou est fait en fourrure synth\u00e9tique type lapin doubl\u00e9 polaire l\u00e9opard. La fourrure es tr\u00e8s douce et chaude, se lave parfaitement et se s\u00e8che tr\u00e8s vite. Le snood est reversible, il peut \u00eatre port\u00e9 cot\u00e9 fourrure couleur [&hellip;]<\/p>","protected":false},"featured_media":13323,"comment_status":"open","ping_status":"closed","template":"","meta":{"inline_featured_image":false},"product_brand":[],"product_cat":[137,156,203,158,75],"product_tag":[],"class_list":{"0":"post-13319","1":"product","2":"type-product","3":"status-publish","4":"has-post-thumbnail","6":"product_cat-accessoires","7":"product_cat-collections","8":"product_cat-fin-de-collection","9":"product_cat-leopard","10":"product_cat-pour-les-dogparents","12":"first","13":"instock","14":"sale","15":"taxable","16":"shipping-taxable","17":"purchasable","18":"product-type-variable"},"yoast_head":"<!-- This site is optimized with the Yoast SEO plugin v26.6 - https:\/\/yoast.com\/wordpress\/plugins\/seo\/ -->\n<title>Snood pour dog maman - Lucienne la Parisienne<\/title>\n<meta name=\"robots\" content=\"index, follow, max-snippet:-1, max-image-preview:large, max-video-preview:-1\" \/>\n<link rel=\"canonical\" href=\"https:\/\/luciennelaparisienne.fr\/en\/product\/snood-pour-dog-maman\/\" \/>\n<meta property=\"og:locale\" content=\"en_GB\" \/>\n<meta property=\"og:type\" content=\"article\" \/>\n<meta property=\"og:title\" content=\"Snood pour dog maman - Lucienne la Parisienne\" \/>\n<meta property=\"og:description\" content=\"Enfin un produit pour \u00eatre Matchy Matchy avec son chien! Le snood ou cache-cou est fait en fourrure synth\u00e9tique type lapin doubl\u00e9 polaire l\u00e9opard. La fourrure es tr\u00e8s douce et chaude, se lave parfaitement et se s\u00e8che tr\u00e8s vite. Le snood est reversible, il peut \u00eatre port\u00e9 cot\u00e9 fourrure couleur [&hellip;]\" \/>\n<meta property=\"og:url\" content=\"https:\/\/luciennelaparisienne.fr\/en\/product\/snood-pour-dog-maman\/\" \/>\n<meta property=\"og:site_name\" content=\"Lucienne la Parisienne\" \/>\n<meta property=\"article:modified_time\" content=\"2026-04-19T18:52:53+00:00\" \/>\n<meta property=\"og:image\" content=\"https:\/\/luciennelaparisienne.fr\/wp-content\/uploads\/2025\/03\/DSC04745.jpg\" \/>\n\t<meta property=\"og:image:width\" content=\"1000\" \/>\n\t<meta property=\"og:image:height\" content=\"1000\" \/>\n\t<meta property=\"og:image:type\" content=\"image\/jpeg\" \/>\n<meta name=\"twitter:card\" content=\"summary_large_image\" \/>\n<meta name=\"twitter:label1\" content=\"Estimated reading time\" \/>\n\t<meta name=\"twitter:data1\" content=\"2 minutes\" \/>\n<script type=\"application\/ld+json\" class=\"yoast-schema-graph\">{\"@context\":\"https:\/\/schema.org\",\"@graph\":[{\"@type\":\"WebPage\",\"@id\":\"https:\/\/luciennelaparisienne.fr\/produit\/snood-pour-dog-maman\/\",\"url\":\"https:\/\/luciennelaparisienne.fr\/produit\/snood-pour-dog-maman\/\",\"name\":\"Snood pour dog maman - Lucienne la Parisienne\",\"isPartOf\":{\"@id\":\"https:\/\/luciennelaparisienne.fr\/#website\"},\"primaryImageOfPage\":{\"@id\":\"https:\/\/luciennelaparisienne.fr\/produit\/snood-pour-dog-maman\/#primaryimage\"},\"image\":{\"@id\":\"https:\/\/luciennelaparisienne.fr\/produit\/snood-pour-dog-maman\/#primaryimage\"},\"thumbnailUrl\":\"https:\/\/luciennelaparisienne.fr\/wp-content\/uploads\/2025\/03\/DSC04745.jpg\",\"datePublished\":\"2025-03-17T16:22:46+00:00\",\"dateModified\":\"2026-04-19T18:52:53+00:00\",\"breadcrumb\":{\"@id\":\"https:\/\/luciennelaparisienne.fr\/produit\/snood-pour-dog-maman\/#breadcrumb\"},\"inLanguage\":\"en-GB\",\"potentialAction\":[{\"@type\":\"ReadAction\",\"target\":[\"https:\/\/luciennelaparisienne.fr\/produit\/snood-pour-dog-maman\/\"]}]},{\"@type\":\"ImageObject\",\"inLanguage\":\"en-GB\",\"@id\":\"https:\/\/luciennelaparisienne.fr\/produit\/snood-pour-dog-maman\/#primaryimage\",\"url\":\"https:\/\/luciennelaparisienne.fr\/wp-content\/uploads\/2025\/03\/DSC04745.jpg\",\"contentUrl\":\"https:\/\/luciennelaparisienne.fr\/wp-content\/uploads\/2025\/03\/DSC04745.jpg\",\"width\":1000,\"height\":1000},{\"@type\":\"BreadcrumbList\",\"@id\":\"https:\/\/luciennelaparisienne.fr\/produit\/snood-pour-dog-maman\/#breadcrumb\",\"itemListElement\":[{\"@type\":\"ListItem\",\"position\":1,\"name\":\"Accueil\",\"item\":\"https:\/\/luciennelaparisienne.fr\/\"},{\"@type\":\"ListItem\",\"position\":2,\"name\":\"Boutique\",\"item\":\"https:\/\/luciennelaparisienne.fr\/shop\/\"},{\"@type\":\"ListItem\",\"position\":3,\"name\":\"Snood pour dog maman\"}]},{\"@type\":\"WebSite\",\"@id\":\"https:\/\/luciennelaparisienne.fr\/#website\",\"url\":\"https:\/\/luciennelaparisienne.fr\/\",\"name\":\"Lucienne la Parisienne\",\"description\":\"Produits pour Teckels\",\"potentialAction\":[{\"@type\":\"SearchAction\",\"target\":{\"@type\":\"EntryPoint\",\"urlTemplate\":\"https:\/\/luciennelaparisienne.fr\/?s={search_term_string}\"},\"query-input\":{\"@type\":\"PropertyValueSpecification\",\"valueRequired\":true,\"valueName\":\"search_term_string\"}}],\"inLanguage\":\"en-GB\"}]}<\/script>\n<!-- \/ Yoast SEO plugin. -->","yoast_head_json":{"title":"Snood pour dog maman - Lucienne la Parisienne","robots":{"index":"index","follow":"follow","max-snippet":"max-snippet:-1","max-image-preview":"max-image-preview:large","max-video-preview":"max-video-preview:-1"},"canonical":"https:\/\/luciennelaparisienne.fr\/en\/product\/snood-pour-dog-maman\/","og_locale":"en_GB","og_type":"article","og_title":"Snood pour dog maman - Lucienne la Parisienne","og_description":"Enfin un produit pour \u00eatre Matchy Matchy avec son chien! Le snood ou cache-cou est fait en fourrure synth\u00e9tique type lapin doubl\u00e9 polaire l\u00e9opard. La fourrure es tr\u00e8s douce et chaude, se lave parfaitement et se s\u00e8che tr\u00e8s vite. Le snood est reversible, il peut \u00eatre port\u00e9 cot\u00e9 fourrure couleur [&hellip;]","og_url":"https:\/\/luciennelaparisienne.fr\/en\/product\/snood-pour-dog-maman\/","og_site_name":"Lucienne la Parisienne","article_modified_time":"2026-04-19T18:52:53+00:00","og_image":[{"width":1000,"height":1000,"url":"https:\/\/luciennelaparisienne.fr\/wp-content\/uploads\/2025\/03\/DSC04745.jpg","type":"image\/jpeg"}],"twitter_card":"summary_large_image","twitter_misc":{"Estimated reading time":"2 minutes"},"schema":{"@context":"https:\/\/schema.org","@graph":[{"@type":"WebPage","@id":"https:\/\/luciennelaparisienne.fr\/produit\/snood-pour-dog-maman\/","url":"https:\/\/luciennelaparisienne.fr\/produit\/snood-pour-dog-maman\/","name":"Snood pour dog maman - Lucienne la Parisienne","isPartOf":{"@id":"https:\/\/luciennelaparisienne.fr\/#website"},"primaryImageOfPage":{"@id":"https:\/\/luciennelaparisienne.fr\/produit\/snood-pour-dog-maman\/#primaryimage"},"image":{"@id":"https:\/\/luciennelaparisienne.fr\/produit\/snood-pour-dog-maman\/#primaryimage"},"thumbnailUrl":"https:\/\/luciennelaparisienne.fr\/wp-content\/uploads\/2025\/03\/DSC04745.jpg","datePublished":"2025-03-17T16:22:46+00:00","dateModified":"2026-04-19T18:52:53+00:00","breadcrumb":{"@id":"https:\/\/luciennelaparisienne.fr\/produit\/snood-pour-dog-maman\/#breadcrumb"},"inLanguage":"en-GB","potentialAction":[{"@type":"ReadAction","target":["https:\/\/luciennelaparisienne.fr\/produit\/snood-pour-dog-maman\/"]}]},{"@type":"ImageObject","inLanguage":"en-GB","@id":"https:\/\/luciennelaparisienne.fr\/produit\/snood-pour-dog-maman\/#primaryimage","url":"https:\/\/luciennelaparisienne.fr\/wp-content\/uploads\/2025\/03\/DSC04745.jpg","contentUrl":"https:\/\/luciennelaparisienne.fr\/wp-content\/uploads\/2025\/03\/DSC04745.jpg","width":1000,"height":1000},{"@type":"BreadcrumbList","@id":"https:\/\/luciennelaparisienne.fr\/produit\/snood-pour-dog-maman\/#breadcrumb","itemListElement":[{"@type":"ListItem","position":1,"name":"Accueil","item":"https:\/\/luciennelaparisienne.fr\/"},{"@type":"ListItem","position":2,"name":"Boutique","item":"https:\/\/luciennelaparisienne.fr\/shop\/"},{"@type":"ListItem","position":3,"name":"Snood pour dog maman"}]},{"@type":"WebSite","@id":"https:\/\/luciennelaparisienne.fr\/#website","url":"https:\/\/luciennelaparisienne.fr\/","name":"Lucienne la Parisienne","description":"Produits pour Teckels","potentialAction":[{"@type":"SearchAction","target":{"@type":"EntryPoint","urlTemplate":"https:\/\/luciennelaparisienne.fr\/?s={search_term_string}"},"query-input":{"@type":"PropertyValueSpecification","valueRequired":true,"valueName":"search_term_string"}}],"inLanguage":"en-GB"}]}},"_links":{"self":[{"href":"https:\/\/luciennelaparisienne.fr\/en\/wp-json\/wp\/v2\/product\/13319","targetHints":{"allow":["GET"]}}],"collection":[{"href":"https:\/\/luciennelaparisienne.fr\/en\/wp-json\/wp\/v2\/product"}],"about":[{"href":"https:\/\/luciennelaparisienne.fr\/en\/wp-json\/wp\/v2\/types\/product"}],"replies":[{"embeddable":true,"href":"https:\/\/luciennelaparisienne.fr\/en\/wp-json\/wp\/v2\/comments?post=13319"}],"wp:featuredmedia":[{"embeddable":true,"href":"https:\/\/luciennelaparisienne.fr\/en\/wp-json\/wp\/v2\/media\/13323"}],"wp:attachment":[{"href":"https:\/\/luciennelaparisienne.fr\/en\/wp-json\/wp\/v2\/media?parent=13319"}],"wp:term":[{"taxonomy":"product_brand","embeddable":true,"href":"https:\/\/luciennelaparisienne.fr\/en\/wp-json\/wp\/v2\/product_brand?post=13319"},{"taxonomy":"product_cat","embeddable":true,"href":"https:\/\/luciennelaparisienne.fr\/en\/wp-json\/wp\/v2\/product_cat?post=13319"},{"taxonomy":"product_tag","embeddable":true,"href":"https:\/\/luciennelaparisienne.fr\/en\/wp-json\/wp\/v2\/product_tag?post=13319"}],"curies":[{"name":"wp","href":"https:\/\/api.w.org\/{rel}","templated":true}]}}