{"id":13994,"date":"2025-05-30T12:26:00","date_gmt":"2025-05-30T10:26:00","guid":{"rendered":"https:\/\/luciennelaparisienne.fr\/?post_type=product&#038;p=13994"},"modified":"2026-04-05T09:27:43","modified_gmt":"2026-04-05T07:27:43","slug":"sac-cabas-avec-fermeture-eclaire-pour-teckel","status":"publish","type":"product","link":"https:\/\/luciennelaparisienne.fr\/en\/product\/sac-cabas-avec-fermeture-eclaire-pour-teckel\/","title":{"rendered":"Tote Bag with Zipper for Dachshund"},"content":{"rendered":"<p data-start=\"114\" data-end=\"174\">D\u00e9couvrez notre sac cabas 2-en-1, aussi pratique qu\u2019\u00e9l\u00e9gant.<\/p>\n<p data-start=\"176\" data-end=\"438\">Con\u00e7u pour vous accompagner au quotidien, ce sac se transforme en quelques secondes en sac de transport confortable pour votre teckel. L\u00e9ger et enti\u00e8rement imperm\u00e9able, il se plie facilement pour se glisser dans une valise, id\u00e9al pour vos d\u00e9placements.<\/p>\n<p data-start=\"440\" data-end=\"729\">Au quotidien, utilisez le comme un cabas classique pour faire vos courses ou transporter vos affaires. Et si votre compagnon a besoin de se reposer, il vous suffit d\u2019ouvrir les deux zips et de clipser le bouton-pression : le sac devient alors un espace s\u00e9curis\u00e9 et adapt\u00e9 pour votre chien avec un fond rigide pour prot\u00e9ger le dos de votre teckel.<\/p>\n<ul>\n<li>Lightweight<\/li>\n<li>Waterproof<\/li>\n<li>Stiff bottom<\/li>\n<li>Strap with carabiner to attach the dog<\/li>\n<li>A pocket<\/li>\n<li>Ring to attach the poop bag or treats<\/li>\n<li>Shoulder pad for straps<\/li>\n<li>Fermeture \u00e0 bouton pression et une fermeture \u00e9claire en plus<\/li>\n<\/ul>\n<p>Facile d\u2019entretien, sa mati\u00e8re imperm\u00e9able se nettoie simplement \u00e0 l\u2019\u00e9ponge ou en machine.<\/p>\n<p data-start=\"1036\" data-end=\"1175\">Pratique, fonctionnel et r\u00e9solument chic, ce sac s\u2019adapte \u00e0 toutes les situations et peut m\u00eame remplacer votre sac \u00e0 main avec \u00e9l\u00e9gance \ud83d\ude0a<\/p>\n<p><strong>Features<\/strong><strong>\u202f:<\/strong><strong>\u00a0\u00a0<\/strong><\/p>\n<p>Couleur: Noir carreaux beiges.<\/p>\n<p>Fabric: Waterproof polyester.<\/p>\n<p><strong>Care Instructions:<\/strong><strong>\u202f:<\/strong><strong>\u00a0\u00a0<\/strong><\/p>\n<p>Hand wash or machine wash at 30\u00b0C. Gentle spin, do not dry clean, do not bleach. Do not iron!<\/p>\n<p><strong>One size :<\/strong><\/p>\n<p>Bottom length: 40 cm, top length: 50 cm, height: 35 cm.<\/p>\n<p>&nbsp;<\/p>","protected":false},"excerpt":{"rendered":"<p>D\u00e9couvrez notre sac cabas 2-en-1, aussi pratique qu\u2019\u00e9l\u00e9gant. Con\u00e7u pour vous accompagner au quotidien, ce sac se transforme en quelques secondes en sac de transport confortable pour votre teckel. L\u00e9ger et enti\u00e8rement imperm\u00e9able, il se plie facilement pour se glisser dans une valise, id\u00e9al pour vos d\u00e9placements. Au quotidien, utilisez [&hellip;]<\/p>","protected":false},"featured_media":17064,"comment_status":"open","ping_status":"closed","template":"","meta":{"inline_featured_image":false},"product_brand":[],"product_cat":[137,157,75,155,70],"product_tag":[],"class_list":{"0":"post-13994","1":"product","2":"type-product","3":"status-publish","4":"has-post-thumbnail","6":"product_cat-accessoires","7":"product_cat-la-parisienne","8":"product_cat-pour-les-dogparents","9":"product_cat-sacs","10":"product_cat-pour-nos-teckels","12":"first","13":"instock","14":"featured","15":"taxable","16":"shipping-taxable","17":"purchasable","18":"product-type-variable"},"yoast_head":"<!-- This site is optimized with the Yoast SEO plugin v26.6 - https:\/\/yoast.com\/wordpress\/plugins\/seo\/ -->\n<title>Sac cabas avec fermeture \u00e9clair pour teckel - Lucienne la Parisienne<\/title>\n<meta name=\"robots\" content=\"index, follow, max-snippet:-1, max-image-preview:large, max-video-preview:-1\" \/>\n<link rel=\"canonical\" href=\"https:\/\/luciennelaparisienne.fr\/en\/product\/sac-cabas-avec-fermeture-eclaire-pour-teckel\/\" \/>\n<meta property=\"og:locale\" content=\"en_GB\" \/>\n<meta property=\"og:type\" content=\"article\" \/>\n<meta property=\"og:title\" content=\"Sac cabas avec fermeture \u00e9clair pour teckel - Lucienne la Parisienne\" \/>\n<meta property=\"og:description\" content=\"D\u00e9couvrez notre sac cabas 2-en-1, aussi pratique qu\u2019\u00e9l\u00e9gant. Con\u00e7u pour vous accompagner au quotidien, ce sac se transforme en quelques secondes en sac de transport confortable pour votre teckel. L\u00e9ger et enti\u00e8rement imperm\u00e9able, il se plie facilement pour se glisser dans une valise, id\u00e9al pour vos d\u00e9placements. Au quotidien, utilisez [&hellip;]\" \/>\n<meta property=\"og:url\" content=\"https:\/\/luciennelaparisienne.fr\/en\/product\/sac-cabas-avec-fermeture-eclaire-pour-teckel\/\" \/>\n<meta property=\"og:site_name\" content=\"Lucienne la Parisienne\" \/>\n<meta property=\"article:modified_time\" content=\"2026-04-05T07:27:43+00:00\" \/>\n<meta property=\"og:image\" content=\"https:\/\/luciennelaparisienne.fr\/wp-content\/uploads\/2025\/05\/2-37.jpg\" \/>\n\t<meta property=\"og:image:width\" content=\"2048\" \/>\n\t<meta property=\"og:image:height\" content=\"2048\" \/>\n\t<meta property=\"og:image:type\" content=\"image\/jpeg\" \/>\n<meta name=\"twitter:card\" content=\"summary_large_image\" \/>\n<meta name=\"twitter:label1\" content=\"Estimated reading time\" \/>\n\t<meta name=\"twitter:data1\" content=\"2 minutes\" \/>\n<script type=\"application\/ld+json\" class=\"yoast-schema-graph\">{\"@context\":\"https:\/\/schema.org\",\"@graph\":[{\"@type\":\"WebPage\",\"@id\":\"https:\/\/luciennelaparisienne.fr\/produit\/sac-cabas-avec-fermeture-eclaire-pour-teckel\/\",\"url\":\"https:\/\/luciennelaparisienne.fr\/produit\/sac-cabas-avec-fermeture-eclaire-pour-teckel\/\",\"name\":\"Sac cabas avec fermeture \u00e9clair pour teckel - Lucienne la Parisienne\",\"isPartOf\":{\"@id\":\"https:\/\/luciennelaparisienne.fr\/#website\"},\"primaryImageOfPage\":{\"@id\":\"https:\/\/luciennelaparisienne.fr\/produit\/sac-cabas-avec-fermeture-eclaire-pour-teckel\/#primaryimage\"},\"image\":{\"@id\":\"https:\/\/luciennelaparisienne.fr\/produit\/sac-cabas-avec-fermeture-eclaire-pour-teckel\/#primaryimage\"},\"thumbnailUrl\":\"https:\/\/luciennelaparisienne.fr\/wp-content\/uploads\/2025\/05\/2-37.jpg\",\"datePublished\":\"2025-05-30T10:26:00+00:00\",\"dateModified\":\"2026-04-05T07:27:43+00:00\",\"breadcrumb\":{\"@id\":\"https:\/\/luciennelaparisienne.fr\/produit\/sac-cabas-avec-fermeture-eclaire-pour-teckel\/#breadcrumb\"},\"inLanguage\":\"en-GB\",\"potentialAction\":[{\"@type\":\"ReadAction\",\"target\":[\"https:\/\/luciennelaparisienne.fr\/produit\/sac-cabas-avec-fermeture-eclaire-pour-teckel\/\"]}]},{\"@type\":\"ImageObject\",\"inLanguage\":\"en-GB\",\"@id\":\"https:\/\/luciennelaparisienne.fr\/produit\/sac-cabas-avec-fermeture-eclaire-pour-teckel\/#primaryimage\",\"url\":\"https:\/\/luciennelaparisienne.fr\/wp-content\/uploads\/2025\/05\/2-37.jpg\",\"contentUrl\":\"https:\/\/luciennelaparisienne.fr\/wp-content\/uploads\/2025\/05\/2-37.jpg\",\"width\":2048,\"height\":2048},{\"@type\":\"BreadcrumbList\",\"@id\":\"https:\/\/luciennelaparisienne.fr\/produit\/sac-cabas-avec-fermeture-eclaire-pour-teckel\/#breadcrumb\",\"itemListElement\":[{\"@type\":\"ListItem\",\"position\":1,\"name\":\"Accueil\",\"item\":\"https:\/\/luciennelaparisienne.fr\/\"},{\"@type\":\"ListItem\",\"position\":2,\"name\":\"Boutique\",\"item\":\"https:\/\/luciennelaparisienne.fr\/shop\/\"},{\"@type\":\"ListItem\",\"position\":3,\"name\":\"Sac cabas avec fermeture \u00e9clair pour teckel\"}]},{\"@type\":\"WebSite\",\"@id\":\"https:\/\/luciennelaparisienne.fr\/#website\",\"url\":\"https:\/\/luciennelaparisienne.fr\/\",\"name\":\"Lucienne la Parisienne\",\"description\":\"Produits pour Teckels\",\"potentialAction\":[{\"@type\":\"SearchAction\",\"target\":{\"@type\":\"EntryPoint\",\"urlTemplate\":\"https:\/\/luciennelaparisienne.fr\/?s={search_term_string}\"},\"query-input\":{\"@type\":\"PropertyValueSpecification\",\"valueRequired\":true,\"valueName\":\"search_term_string\"}}],\"inLanguage\":\"en-GB\"}]}<\/script>\n<!-- \/ Yoast SEO plugin. -->","yoast_head_json":{"title":"Sac cabas avec fermeture \u00e9clair pour teckel - Lucienne la Parisienne","robots":{"index":"index","follow":"follow","max-snippet":"max-snippet:-1","max-image-preview":"max-image-preview:large","max-video-preview":"max-video-preview:-1"},"canonical":"https:\/\/luciennelaparisienne.fr\/en\/product\/sac-cabas-avec-fermeture-eclaire-pour-teckel\/","og_locale":"en_GB","og_type":"article","og_title":"Sac cabas avec fermeture \u00e9clair pour teckel - Lucienne la Parisienne","og_description":"D\u00e9couvrez notre sac cabas 2-en-1, aussi pratique qu\u2019\u00e9l\u00e9gant. Con\u00e7u pour vous accompagner au quotidien, ce sac se transforme en quelques secondes en sac de transport confortable pour votre teckel. L\u00e9ger et enti\u00e8rement imperm\u00e9able, il se plie facilement pour se glisser dans une valise, id\u00e9al pour vos d\u00e9placements. Au quotidien, utilisez [&hellip;]","og_url":"https:\/\/luciennelaparisienne.fr\/en\/product\/sac-cabas-avec-fermeture-eclaire-pour-teckel\/","og_site_name":"Lucienne la Parisienne","article_modified_time":"2026-04-05T07:27:43+00:00","og_image":[{"width":2048,"height":2048,"url":"https:\/\/luciennelaparisienne.fr\/wp-content\/uploads\/2025\/05\/2-37.jpg","type":"image\/jpeg"}],"twitter_card":"summary_large_image","twitter_misc":{"Estimated reading time":"2 minutes"},"schema":{"@context":"https:\/\/schema.org","@graph":[{"@type":"WebPage","@id":"https:\/\/luciennelaparisienne.fr\/produit\/sac-cabas-avec-fermeture-eclaire-pour-teckel\/","url":"https:\/\/luciennelaparisienne.fr\/produit\/sac-cabas-avec-fermeture-eclaire-pour-teckel\/","name":"Sac cabas avec fermeture \u00e9clair pour teckel - Lucienne la Parisienne","isPartOf":{"@id":"https:\/\/luciennelaparisienne.fr\/#website"},"primaryImageOfPage":{"@id":"https:\/\/luciennelaparisienne.fr\/produit\/sac-cabas-avec-fermeture-eclaire-pour-teckel\/#primaryimage"},"image":{"@id":"https:\/\/luciennelaparisienne.fr\/produit\/sac-cabas-avec-fermeture-eclaire-pour-teckel\/#primaryimage"},"thumbnailUrl":"https:\/\/luciennelaparisienne.fr\/wp-content\/uploads\/2025\/05\/2-37.jpg","datePublished":"2025-05-30T10:26:00+00:00","dateModified":"2026-04-05T07:27:43+00:00","breadcrumb":{"@id":"https:\/\/luciennelaparisienne.fr\/produit\/sac-cabas-avec-fermeture-eclaire-pour-teckel\/#breadcrumb"},"inLanguage":"en-GB","potentialAction":[{"@type":"ReadAction","target":["https:\/\/luciennelaparisienne.fr\/produit\/sac-cabas-avec-fermeture-eclaire-pour-teckel\/"]}]},{"@type":"ImageObject","inLanguage":"en-GB","@id":"https:\/\/luciennelaparisienne.fr\/produit\/sac-cabas-avec-fermeture-eclaire-pour-teckel\/#primaryimage","url":"https:\/\/luciennelaparisienne.fr\/wp-content\/uploads\/2025\/05\/2-37.jpg","contentUrl":"https:\/\/luciennelaparisienne.fr\/wp-content\/uploads\/2025\/05\/2-37.jpg","width":2048,"height":2048},{"@type":"BreadcrumbList","@id":"https:\/\/luciennelaparisienne.fr\/produit\/sac-cabas-avec-fermeture-eclaire-pour-teckel\/#breadcrumb","itemListElement":[{"@type":"ListItem","position":1,"name":"Accueil","item":"https:\/\/luciennelaparisienne.fr\/"},{"@type":"ListItem","position":2,"name":"Boutique","item":"https:\/\/luciennelaparisienne.fr\/shop\/"},{"@type":"ListItem","position":3,"name":"Sac cabas avec fermeture \u00e9clair pour teckel"}]},{"@type":"WebSite","@id":"https:\/\/luciennelaparisienne.fr\/#website","url":"https:\/\/luciennelaparisienne.fr\/","name":"Lucienne la Parisienne","description":"Produits pour Teckels","potentialAction":[{"@type":"SearchAction","target":{"@type":"EntryPoint","urlTemplate":"https:\/\/luciennelaparisienne.fr\/?s={search_term_string}"},"query-input":{"@type":"PropertyValueSpecification","valueRequired":true,"valueName":"search_term_string"}}],"inLanguage":"en-GB"}]}},"_links":{"self":[{"href":"https:\/\/luciennelaparisienne.fr\/en\/wp-json\/wp\/v2\/product\/13994","targetHints":{"allow":["GET"]}}],"collection":[{"href":"https:\/\/luciennelaparisienne.fr\/en\/wp-json\/wp\/v2\/product"}],"about":[{"href":"https:\/\/luciennelaparisienne.fr\/en\/wp-json\/wp\/v2\/types\/product"}],"replies":[{"embeddable":true,"href":"https:\/\/luciennelaparisienne.fr\/en\/wp-json\/wp\/v2\/comments?post=13994"}],"wp:featuredmedia":[{"embeddable":true,"href":"https:\/\/luciennelaparisienne.fr\/en\/wp-json\/wp\/v2\/media\/17064"}],"wp:attachment":[{"href":"https:\/\/luciennelaparisienne.fr\/en\/wp-json\/wp\/v2\/media?parent=13994"}],"wp:term":[{"taxonomy":"product_brand","embeddable":true,"href":"https:\/\/luciennelaparisienne.fr\/en\/wp-json\/wp\/v2\/product_brand?post=13994"},{"taxonomy":"product_cat","embeddable":true,"href":"https:\/\/luciennelaparisienne.fr\/en\/wp-json\/wp\/v2\/product_cat?post=13994"},{"taxonomy":"product_tag","embeddable":true,"href":"https:\/\/luciennelaparisienne.fr\/en\/wp-json\/wp\/v2\/product_tag?post=13994"}],"curies":[{"name":"wp","href":"https:\/\/api.w.org\/{rel}","templated":true}]}}