{"id":14035,"date":"2025-06-09T12:52:52","date_gmt":"2025-06-09T10:52:52","guid":{"rendered":"https:\/\/luciennelaparisienne.fr\/?post_type=product&#038;p=14035"},"modified":"2026-04-23T17:48:30","modified_gmt":"2026-04-23T15:48:30","slug":"sac-shopping-lucienne","status":"publish","type":"product","link":"https:\/\/luciennelaparisienne.fr\/en\/product\/sac-shopping-lucienne\/","title":{"rendered":"Lucienne shopping bag"},"content":{"rendered":"<p><strong>Lucienne shopping bag<\/strong><br \/>\n<span style=\"font-size: 10pt;\">Many of you asked me to create a simple fabric bag to carry your dachshunds\u2019 belongings.<\/span><br \/>\n<span style=\"font-size: 10pt;\">And since I\u2019m always listening to you\u2026 here it is, the new marvel is finally ready! <\/span><span style=\"font-size: 10pt;\">The drawing, of course, was done by my daughter.<\/span><br \/>\n<span style=\"font-size: 10pt;\">A 100% Lucienne la Parisienne shopping bag, designed for the loyal fans of our brand!<\/span><br \/>\n<span style=\"font-size: 10pt;\">Le tissu en toile de coton est tr\u00e8s r\u00e9sistant tout en restant l\u00e9ger et parfait pour le glisser dans n\u2019importe quel sac ou valise.<\/span><br \/>\n<span style=\"font-size: 10pt;\">Now, Lucienne goes with you everywhere! <span style=\"font-size: 10pt;\">You can put the leash, some treats, the water bottle, and many other things in it.<\/span><\/span><\/p>\n<p><strong>Features<\/strong><strong>\u202f:<\/strong><strong>\u00a0\u00a0<\/strong><br \/>\n<span style=\"font-size: 10pt;\">Color: red<\/span><br \/>\n<span style=\"font-size: 10pt;\">Fabric: cotton canvas<\/span><\/p>\n<p><strong>Care Instructions:<\/strong><strong>\u202f:<\/strong><strong>\u00a0\u00a0<\/strong><span style=\"font-size: 10pt;\">Hand wash or machine wash at 30\u202f\u00b0C. Do not dry clean, tumble dry, or bleach. Iron gently on the reverse side \u2014 do not iron directly on the print!<\/span><\/p>\n<p><strong>One size :\u00a0<\/strong><span style=\"font-size: 10pt;\">35\u202fcm x 41\u202fcm, handle length: 60\u202fcm.<\/span><\/p>\n<p>&nbsp;<\/p>","protected":false},"excerpt":{"rendered":"<p>Sac shopping Lucienne Vous avez \u00e9t\u00e9 nombreux \u00e0 me demander de cr\u00e9er un sac en tissu tout simple pour pouvoir transporter les affaires de vos teckels. Et comme je suis toujours \u00e0 votre \u00e9coute\u2026 voil\u00e0, la nouvelle merveille est enfin pr\u00eate ! Le dessin, bien s\u00fbr, a \u00e9t\u00e9 r\u00e9alis\u00e9 par [&hellip;]<\/p>","protected":false},"featured_media":14055,"comment_status":"open","ping_status":"closed","template":"","meta":{"inline_featured_image":false},"product_brand":[],"product_cat":[137,154,157,75,70,155],"product_tag":[],"class_list":{"0":"post-14035","1":"product","2":"type-product","3":"status-publish","4":"has-post-thumbnail","6":"product_cat-accessoires","7":"product_cat-jouets-et-accessoires","8":"product_cat-la-parisienne","9":"product_cat-pour-les-dogparents","10":"product_cat-pour-nos-teckels","11":"product_cat-sacs","13":"first","14":"instock","15":"taxable","16":"shipping-taxable","17":"purchasable","18":"product-type-simple"},"yoast_head":"<!-- This site is optimized with the Yoast SEO plugin v26.6 - https:\/\/yoast.com\/wordpress\/plugins\/seo\/ -->\n<title>Sac shopping Lucienne - Lucienne la Parisienne<\/title>\n<meta name=\"robots\" content=\"index, follow, max-snippet:-1, max-image-preview:large, max-video-preview:-1\" \/>\n<link rel=\"canonical\" href=\"https:\/\/luciennelaparisienne.fr\/en\/product\/sac-shopping-lucienne\/\" \/>\n<meta property=\"og:locale\" content=\"en_GB\" \/>\n<meta property=\"og:type\" content=\"article\" \/>\n<meta property=\"og:title\" content=\"Sac shopping Lucienne - Lucienne la Parisienne\" \/>\n<meta property=\"og:description\" content=\"Sac shopping Lucienne Vous avez \u00e9t\u00e9 nombreux \u00e0 me demander de cr\u00e9er un sac en tissu tout simple pour pouvoir transporter les affaires de vos teckels. Et comme je suis toujours \u00e0 votre \u00e9coute\u2026 voil\u00e0, la nouvelle merveille est enfin pr\u00eate ! Le dessin, bien s\u00fbr, a \u00e9t\u00e9 r\u00e9alis\u00e9 par [&hellip;]\" \/>\n<meta property=\"og:url\" content=\"https:\/\/luciennelaparisienne.fr\/en\/product\/sac-shopping-lucienne\/\" \/>\n<meta property=\"og:site_name\" content=\"Lucienne la Parisienne\" \/>\n<meta property=\"article:modified_time\" content=\"2026-04-23T15:48:30+00:00\" \/>\n<meta property=\"og:image\" content=\"https:\/\/luciennelaparisienne.fr\/wp-content\/uploads\/2025\/06\/mal-03768.jpg\" \/>\n\t<meta property=\"og:image:width\" content=\"1000\" \/>\n\t<meta property=\"og:image:height\" content=\"1000\" \/>\n\t<meta property=\"og:image:type\" content=\"image\/jpeg\" \/>\n<meta name=\"twitter:card\" content=\"summary_large_image\" \/>\n<meta name=\"twitter:label1\" content=\"Estimated reading time\" \/>\n\t<meta name=\"twitter:data1\" content=\"2 minutes\" \/>\n<script type=\"application\/ld+json\" class=\"yoast-schema-graph\">{\"@context\":\"https:\/\/schema.org\",\"@graph\":[{\"@type\":\"WebPage\",\"@id\":\"https:\/\/luciennelaparisienne.fr\/produit\/sac-shopping-lucienne\/\",\"url\":\"https:\/\/luciennelaparisienne.fr\/produit\/sac-shopping-lucienne\/\",\"name\":\"Sac shopping Lucienne - Lucienne la Parisienne\",\"isPartOf\":{\"@id\":\"https:\/\/luciennelaparisienne.fr\/#website\"},\"primaryImageOfPage\":{\"@id\":\"https:\/\/luciennelaparisienne.fr\/produit\/sac-shopping-lucienne\/#primaryimage\"},\"image\":{\"@id\":\"https:\/\/luciennelaparisienne.fr\/produit\/sac-shopping-lucienne\/#primaryimage\"},\"thumbnailUrl\":\"https:\/\/luciennelaparisienne.fr\/wp-content\/uploads\/2025\/06\/mal-03768.jpg\",\"datePublished\":\"2025-06-09T10:52:52+00:00\",\"dateModified\":\"2026-04-23T15:48:30+00:00\",\"breadcrumb\":{\"@id\":\"https:\/\/luciennelaparisienne.fr\/produit\/sac-shopping-lucienne\/#breadcrumb\"},\"inLanguage\":\"en-GB\",\"potentialAction\":[{\"@type\":\"ReadAction\",\"target\":[\"https:\/\/luciennelaparisienne.fr\/produit\/sac-shopping-lucienne\/\"]}]},{\"@type\":\"ImageObject\",\"inLanguage\":\"en-GB\",\"@id\":\"https:\/\/luciennelaparisienne.fr\/produit\/sac-shopping-lucienne\/#primaryimage\",\"url\":\"https:\/\/luciennelaparisienne.fr\/wp-content\/uploads\/2025\/06\/mal-03768.jpg\",\"contentUrl\":\"https:\/\/luciennelaparisienne.fr\/wp-content\/uploads\/2025\/06\/mal-03768.jpg\",\"width\":1000,\"height\":1000},{\"@type\":\"BreadcrumbList\",\"@id\":\"https:\/\/luciennelaparisienne.fr\/produit\/sac-shopping-lucienne\/#breadcrumb\",\"itemListElement\":[{\"@type\":\"ListItem\",\"position\":1,\"name\":\"Accueil\",\"item\":\"https:\/\/luciennelaparisienne.fr\/\"},{\"@type\":\"ListItem\",\"position\":2,\"name\":\"Boutique\",\"item\":\"https:\/\/luciennelaparisienne.fr\/shop\/\"},{\"@type\":\"ListItem\",\"position\":3,\"name\":\"Sac shopping Lucienne\"}]},{\"@type\":\"WebSite\",\"@id\":\"https:\/\/luciennelaparisienne.fr\/#website\",\"url\":\"https:\/\/luciennelaparisienne.fr\/\",\"name\":\"Lucienne la Parisienne\",\"description\":\"Produits pour Teckels\",\"potentialAction\":[{\"@type\":\"SearchAction\",\"target\":{\"@type\":\"EntryPoint\",\"urlTemplate\":\"https:\/\/luciennelaparisienne.fr\/?s={search_term_string}\"},\"query-input\":{\"@type\":\"PropertyValueSpecification\",\"valueRequired\":true,\"valueName\":\"search_term_string\"}}],\"inLanguage\":\"en-GB\"}]}<\/script>\n<!-- \/ Yoast SEO plugin. -->","yoast_head_json":{"title":"Sac shopping Lucienne - Lucienne la Parisienne","robots":{"index":"index","follow":"follow","max-snippet":"max-snippet:-1","max-image-preview":"max-image-preview:large","max-video-preview":"max-video-preview:-1"},"canonical":"https:\/\/luciennelaparisienne.fr\/en\/product\/sac-shopping-lucienne\/","og_locale":"en_GB","og_type":"article","og_title":"Sac shopping Lucienne - Lucienne la Parisienne","og_description":"Sac shopping Lucienne Vous avez \u00e9t\u00e9 nombreux \u00e0 me demander de cr\u00e9er un sac en tissu tout simple pour pouvoir transporter les affaires de vos teckels. Et comme je suis toujours \u00e0 votre \u00e9coute\u2026 voil\u00e0, la nouvelle merveille est enfin pr\u00eate ! Le dessin, bien s\u00fbr, a \u00e9t\u00e9 r\u00e9alis\u00e9 par [&hellip;]","og_url":"https:\/\/luciennelaparisienne.fr\/en\/product\/sac-shopping-lucienne\/","og_site_name":"Lucienne la Parisienne","article_modified_time":"2026-04-23T15:48:30+00:00","og_image":[{"width":1000,"height":1000,"url":"https:\/\/luciennelaparisienne.fr\/wp-content\/uploads\/2025\/06\/mal-03768.jpg","type":"image\/jpeg"}],"twitter_card":"summary_large_image","twitter_misc":{"Estimated reading time":"2 minutes"},"schema":{"@context":"https:\/\/schema.org","@graph":[{"@type":"WebPage","@id":"https:\/\/luciennelaparisienne.fr\/produit\/sac-shopping-lucienne\/","url":"https:\/\/luciennelaparisienne.fr\/produit\/sac-shopping-lucienne\/","name":"Sac shopping Lucienne - Lucienne la Parisienne","isPartOf":{"@id":"https:\/\/luciennelaparisienne.fr\/#website"},"primaryImageOfPage":{"@id":"https:\/\/luciennelaparisienne.fr\/produit\/sac-shopping-lucienne\/#primaryimage"},"image":{"@id":"https:\/\/luciennelaparisienne.fr\/produit\/sac-shopping-lucienne\/#primaryimage"},"thumbnailUrl":"https:\/\/luciennelaparisienne.fr\/wp-content\/uploads\/2025\/06\/mal-03768.jpg","datePublished":"2025-06-09T10:52:52+00:00","dateModified":"2026-04-23T15:48:30+00:00","breadcrumb":{"@id":"https:\/\/luciennelaparisienne.fr\/produit\/sac-shopping-lucienne\/#breadcrumb"},"inLanguage":"en-GB","potentialAction":[{"@type":"ReadAction","target":["https:\/\/luciennelaparisienne.fr\/produit\/sac-shopping-lucienne\/"]}]},{"@type":"ImageObject","inLanguage":"en-GB","@id":"https:\/\/luciennelaparisienne.fr\/produit\/sac-shopping-lucienne\/#primaryimage","url":"https:\/\/luciennelaparisienne.fr\/wp-content\/uploads\/2025\/06\/mal-03768.jpg","contentUrl":"https:\/\/luciennelaparisienne.fr\/wp-content\/uploads\/2025\/06\/mal-03768.jpg","width":1000,"height":1000},{"@type":"BreadcrumbList","@id":"https:\/\/luciennelaparisienne.fr\/produit\/sac-shopping-lucienne\/#breadcrumb","itemListElement":[{"@type":"ListItem","position":1,"name":"Accueil","item":"https:\/\/luciennelaparisienne.fr\/"},{"@type":"ListItem","position":2,"name":"Boutique","item":"https:\/\/luciennelaparisienne.fr\/shop\/"},{"@type":"ListItem","position":3,"name":"Sac shopping Lucienne"}]},{"@type":"WebSite","@id":"https:\/\/luciennelaparisienne.fr\/#website","url":"https:\/\/luciennelaparisienne.fr\/","name":"Lucienne la Parisienne","description":"Produits pour Teckels","potentialAction":[{"@type":"SearchAction","target":{"@type":"EntryPoint","urlTemplate":"https:\/\/luciennelaparisienne.fr\/?s={search_term_string}"},"query-input":{"@type":"PropertyValueSpecification","valueRequired":true,"valueName":"search_term_string"}}],"inLanguage":"en-GB"}]}},"_links":{"self":[{"href":"https:\/\/luciennelaparisienne.fr\/en\/wp-json\/wp\/v2\/product\/14035","targetHints":{"allow":["GET"]}}],"collection":[{"href":"https:\/\/luciennelaparisienne.fr\/en\/wp-json\/wp\/v2\/product"}],"about":[{"href":"https:\/\/luciennelaparisienne.fr\/en\/wp-json\/wp\/v2\/types\/product"}],"replies":[{"embeddable":true,"href":"https:\/\/luciennelaparisienne.fr\/en\/wp-json\/wp\/v2\/comments?post=14035"}],"wp:featuredmedia":[{"embeddable":true,"href":"https:\/\/luciennelaparisienne.fr\/en\/wp-json\/wp\/v2\/media\/14055"}],"wp:attachment":[{"href":"https:\/\/luciennelaparisienne.fr\/en\/wp-json\/wp\/v2\/media?parent=14035"}],"wp:term":[{"taxonomy":"product_brand","embeddable":true,"href":"https:\/\/luciennelaparisienne.fr\/en\/wp-json\/wp\/v2\/product_brand?post=14035"},{"taxonomy":"product_cat","embeddable":true,"href":"https:\/\/luciennelaparisienne.fr\/en\/wp-json\/wp\/v2\/product_cat?post=14035"},{"taxonomy":"product_tag","embeddable":true,"href":"https:\/\/luciennelaparisienne.fr\/en\/wp-json\/wp\/v2\/product_tag?post=14035"}],"curies":[{"name":"wp","href":"https:\/\/api.w.org\/{rel}","templated":true}]}}