{"id":14076,"date":"2025-06-11T09:10:28","date_gmt":"2025-06-11T07:10:28","guid":{"rendered":"https:\/\/luciennelaparisienne.fr\/?post_type=product&#038;p=14076"},"modified":"2026-03-22T21:11:02","modified_gmt":"2026-03-22T20:11:02","slug":"tee-shirt-lucienne-la-parisienne","status":"publish","type":"product","link":"https:\/\/luciennelaparisienne.fr\/en\/product\/tee-shirt-lucienne-la-parisienne\/","title":{"rendered":"T-shirt Lucienne la Parisienne"},"content":{"rendered":"<p><strong>T-shirt Lucienne la Parisienne<\/strong><\/p>\n<p>A T-shirt like no other!<\/p>\n<p>Lucienne, the Parisian Dachshund \u2013 four-legged elegance!\nSmall in size, big in style!<\/p>\n<p>With the charm of a true Parisian icon, Lucienne accompanies you everywhere with elegance and a touch of humor.<\/p>\n<p>The illustration of Lucienne, the dachshund in a striped shirt and beret, was created by her young 11-year-old owner, a true artist with a passion for fashion and Paris.<\/p>\n<p>A playful nod to all dachshund lovers and fans of the French touch.<\/p>\n<p>The first edition of T-shirts was designed and printed in Ukraine, the home country of Viktoriya, the brand\u2019s founder, as a heartfelt way to support her country with passion and conviction. A limited edition.<\/p>\n<p><strong>\u00a0<\/strong><strong>Features<\/strong>\u00a0:<\/p>\n<p>Composition : 95% Coton 5% Elasthanne<\/p>\n<p>Density: 200 g\/m\u00b2<\/p>\n<p><strong>Care Instructions:<\/strong>\u00a0:<\/p>\n<p>Wash inside out at 30\u00b0C with similar colors.\nDo not tumble dry.\nIron gently, avoiding direct contact with the design.<\/p>\n<p><strong>Available in sizes: <\/strong>S, M, L, XL<\/p>\n<p>Unisex cut, comfortable for all styles, runs large.<\/p>","protected":false},"excerpt":{"rendered":"<p>Tee-shirt \u00ab\u00a0Lucienne la Parisienne\u00a0\u00bb Un tee-shirt pas comme les autres\u00a0! Lucienne teckel parisienne &#8211; elegance \u00e0 quatre pattes! Petite en taille mais grande en style! Avec son allure de petite Parisienne iconique, Lucienne vous accompagne partout avec \u00e9l\u00e9gance et humour. Le dessin de Lucienne, teckel en marini\u00e8re et b\u00e9ret, a [&hellip;]<\/p>","protected":false},"featured_media":14090,"comment_status":"open","ping_status":"closed","template":"","meta":{"inline_featured_image":false},"product_brand":[],"product_cat":[137,156,157,75,70],"product_tag":[],"class_list":{"0":"post-14076","1":"product","2":"type-product","3":"status-publish","4":"has-post-thumbnail","6":"product_cat-accessoires","7":"product_cat-collections","8":"product_cat-la-parisienne","9":"product_cat-pour-les-dogparents","10":"product_cat-pour-nos-teckels","12":"first","13":"instock","14":"taxable","15":"shipping-taxable","16":"purchasable","17":"product-type-variable"},"yoast_head":"<!-- This site is optimized with the Yoast SEO plugin v26.6 - https:\/\/yoast.com\/wordpress\/plugins\/seo\/ -->\n<title>Tapis de voyage fin et doux pour Teckel, Chien &amp; Chiot<\/title>\n<meta name=\"description\" content=\"Magnifiques v\u00eatements &amp; accessoires pour prendre soin de son chien. Produits con\u00e7us pour les teckels 100% artisanaux et fabriqu\u00e9s en France.\" \/>\n<meta name=\"robots\" content=\"index, follow, max-snippet:-1, max-image-preview:large, max-video-preview:-1\" \/>\n<link rel=\"canonical\" href=\"https:\/\/luciennelaparisienne.fr\/en\/product\/tee-shirt-lucienne-la-parisienne\/\" \/>\n<meta property=\"og:locale\" content=\"en_GB\" \/>\n<meta property=\"og:type\" content=\"article\" \/>\n<meta property=\"og:title\" content=\"Tapis de voyage fin et doux pour Teckel, Chien &amp; Chiot\" \/>\n<meta property=\"og:description\" content=\"Magnifiques v\u00eatements &amp; accessoires pour prendre soin de son chien. Produits con\u00e7us pour les teckels 100% artisanaux et fabriqu\u00e9s en France.\" \/>\n<meta property=\"og:url\" content=\"https:\/\/luciennelaparisienne.fr\/en\/product\/tee-shirt-lucienne-la-parisienne\/\" \/>\n<meta property=\"og:site_name\" content=\"Lucienne la Parisienne\" \/>\n<meta property=\"article:modified_time\" content=\"2026-03-22T20:11:02+00:00\" \/>\n<meta property=\"og:image\" content=\"https:\/\/luciennelaparisienne.fr\/wp-content\/uploads\/2025\/06\/Tee-shirt-Lucienne.jpg\" \/>\n\t<meta property=\"og:image:width\" content=\"1707\" \/>\n\t<meta property=\"og:image:height\" content=\"1707\" \/>\n\t<meta property=\"og:image:type\" content=\"image\/jpeg\" \/>\n<meta name=\"twitter:card\" content=\"summary_large_image\" \/>\n<meta name=\"twitter:label1\" content=\"Estimated reading time\" \/>\n\t<meta name=\"twitter:data1\" content=\"2 minutes\" \/>\n<script type=\"application\/ld+json\" class=\"yoast-schema-graph\">{\"@context\":\"https:\/\/schema.org\",\"@graph\":[{\"@type\":\"WebPage\",\"@id\":\"https:\/\/luciennelaparisienne.fr\/produit\/tee-shirt-lucienne-la-parisienne\/\",\"url\":\"https:\/\/luciennelaparisienne.fr\/produit\/tee-shirt-lucienne-la-parisienne\/\",\"name\":\"Tapis de voyage fin et doux pour Teckel, Chien & Chiot\",\"isPartOf\":{\"@id\":\"https:\/\/luciennelaparisienne.fr\/#website\"},\"primaryImageOfPage\":{\"@id\":\"https:\/\/luciennelaparisienne.fr\/produit\/tee-shirt-lucienne-la-parisienne\/#primaryimage\"},\"image\":{\"@id\":\"https:\/\/luciennelaparisienne.fr\/produit\/tee-shirt-lucienne-la-parisienne\/#primaryimage\"},\"thumbnailUrl\":\"https:\/\/luciennelaparisienne.fr\/wp-content\/uploads\/2025\/06\/Tee-shirt-Lucienne.jpg\",\"datePublished\":\"2025-06-11T07:10:28+00:00\",\"dateModified\":\"2026-03-22T20:11:02+00:00\",\"description\":\"Magnifiques v\u00eatements & accessoires pour prendre soin de son chien. Produits con\u00e7us pour les teckels 100% artisanaux et fabriqu\u00e9s en France.\",\"breadcrumb\":{\"@id\":\"https:\/\/luciennelaparisienne.fr\/produit\/tee-shirt-lucienne-la-parisienne\/#breadcrumb\"},\"inLanguage\":\"en-GB\",\"potentialAction\":[{\"@type\":\"ReadAction\",\"target\":[\"https:\/\/luciennelaparisienne.fr\/produit\/tee-shirt-lucienne-la-parisienne\/\"]}]},{\"@type\":\"ImageObject\",\"inLanguage\":\"en-GB\",\"@id\":\"https:\/\/luciennelaparisienne.fr\/produit\/tee-shirt-lucienne-la-parisienne\/#primaryimage\",\"url\":\"https:\/\/luciennelaparisienne.fr\/wp-content\/uploads\/2025\/06\/Tee-shirt-Lucienne.jpg\",\"contentUrl\":\"https:\/\/luciennelaparisienne.fr\/wp-content\/uploads\/2025\/06\/Tee-shirt-Lucienne.jpg\",\"width\":1707,\"height\":1707},{\"@type\":\"BreadcrumbList\",\"@id\":\"https:\/\/luciennelaparisienne.fr\/produit\/tee-shirt-lucienne-la-parisienne\/#breadcrumb\",\"itemListElement\":[{\"@type\":\"ListItem\",\"position\":1,\"name\":\"Accueil\",\"item\":\"https:\/\/luciennelaparisienne.fr\/\"},{\"@type\":\"ListItem\",\"position\":2,\"name\":\"Boutique\",\"item\":\"https:\/\/luciennelaparisienne.fr\/shop\/\"},{\"@type\":\"ListItem\",\"position\":3,\"name\":\"Tee-shirt Lucienne la Parisienne\"}]},{\"@type\":\"WebSite\",\"@id\":\"https:\/\/luciennelaparisienne.fr\/#website\",\"url\":\"https:\/\/luciennelaparisienne.fr\/\",\"name\":\"Lucienne la Parisienne\",\"description\":\"Produits pour Teckels\",\"potentialAction\":[{\"@type\":\"SearchAction\",\"target\":{\"@type\":\"EntryPoint\",\"urlTemplate\":\"https:\/\/luciennelaparisienne.fr\/?s={search_term_string}\"},\"query-input\":{\"@type\":\"PropertyValueSpecification\",\"valueRequired\":true,\"valueName\":\"search_term_string\"}}],\"inLanguage\":\"en-GB\"}]}<\/script>\n<!-- \/ Yoast SEO plugin. -->","yoast_head_json":{"title":"Tapis de voyage fin et doux pour Teckel, Chien & Chiot","description":"Magnifiques v\u00eatements & accessoires pour prendre soin de son chien. Produits con\u00e7us pour les teckels 100% artisanaux et fabriqu\u00e9s en France.","robots":{"index":"index","follow":"follow","max-snippet":"max-snippet:-1","max-image-preview":"max-image-preview:large","max-video-preview":"max-video-preview:-1"},"canonical":"https:\/\/luciennelaparisienne.fr\/en\/product\/tee-shirt-lucienne-la-parisienne\/","og_locale":"en_GB","og_type":"article","og_title":"Tapis de voyage fin et doux pour Teckel, Chien & Chiot","og_description":"Magnifiques v\u00eatements & accessoires pour prendre soin de son chien. Produits con\u00e7us pour les teckels 100% artisanaux et fabriqu\u00e9s en France.","og_url":"https:\/\/luciennelaparisienne.fr\/en\/product\/tee-shirt-lucienne-la-parisienne\/","og_site_name":"Lucienne la Parisienne","article_modified_time":"2026-03-22T20:11:02+00:00","og_image":[{"width":1707,"height":1707,"url":"https:\/\/luciennelaparisienne.fr\/wp-content\/uploads\/2025\/06\/Tee-shirt-Lucienne.jpg","type":"image\/jpeg"}],"twitter_card":"summary_large_image","twitter_misc":{"Estimated reading time":"2 minutes"},"schema":{"@context":"https:\/\/schema.org","@graph":[{"@type":"WebPage","@id":"https:\/\/luciennelaparisienne.fr\/produit\/tee-shirt-lucienne-la-parisienne\/","url":"https:\/\/luciennelaparisienne.fr\/produit\/tee-shirt-lucienne-la-parisienne\/","name":"Tapis de voyage fin et doux pour Teckel, Chien & Chiot","isPartOf":{"@id":"https:\/\/luciennelaparisienne.fr\/#website"},"primaryImageOfPage":{"@id":"https:\/\/luciennelaparisienne.fr\/produit\/tee-shirt-lucienne-la-parisienne\/#primaryimage"},"image":{"@id":"https:\/\/luciennelaparisienne.fr\/produit\/tee-shirt-lucienne-la-parisienne\/#primaryimage"},"thumbnailUrl":"https:\/\/luciennelaparisienne.fr\/wp-content\/uploads\/2025\/06\/Tee-shirt-Lucienne.jpg","datePublished":"2025-06-11T07:10:28+00:00","dateModified":"2026-03-22T20:11:02+00:00","description":"Magnifiques v\u00eatements & accessoires pour prendre soin de son chien. Produits con\u00e7us pour les teckels 100% artisanaux et fabriqu\u00e9s en France.","breadcrumb":{"@id":"https:\/\/luciennelaparisienne.fr\/produit\/tee-shirt-lucienne-la-parisienne\/#breadcrumb"},"inLanguage":"en-GB","potentialAction":[{"@type":"ReadAction","target":["https:\/\/luciennelaparisienne.fr\/produit\/tee-shirt-lucienne-la-parisienne\/"]}]},{"@type":"ImageObject","inLanguage":"en-GB","@id":"https:\/\/luciennelaparisienne.fr\/produit\/tee-shirt-lucienne-la-parisienne\/#primaryimage","url":"https:\/\/luciennelaparisienne.fr\/wp-content\/uploads\/2025\/06\/Tee-shirt-Lucienne.jpg","contentUrl":"https:\/\/luciennelaparisienne.fr\/wp-content\/uploads\/2025\/06\/Tee-shirt-Lucienne.jpg","width":1707,"height":1707},{"@type":"BreadcrumbList","@id":"https:\/\/luciennelaparisienne.fr\/produit\/tee-shirt-lucienne-la-parisienne\/#breadcrumb","itemListElement":[{"@type":"ListItem","position":1,"name":"Accueil","item":"https:\/\/luciennelaparisienne.fr\/"},{"@type":"ListItem","position":2,"name":"Boutique","item":"https:\/\/luciennelaparisienne.fr\/shop\/"},{"@type":"ListItem","position":3,"name":"Tee-shirt Lucienne la Parisienne"}]},{"@type":"WebSite","@id":"https:\/\/luciennelaparisienne.fr\/#website","url":"https:\/\/luciennelaparisienne.fr\/","name":"Lucienne la Parisienne","description":"Produits pour Teckels","potentialAction":[{"@type":"SearchAction","target":{"@type":"EntryPoint","urlTemplate":"https:\/\/luciennelaparisienne.fr\/?s={search_term_string}"},"query-input":{"@type":"PropertyValueSpecification","valueRequired":true,"valueName":"search_term_string"}}],"inLanguage":"en-GB"}]}},"_links":{"self":[{"href":"https:\/\/luciennelaparisienne.fr\/en\/wp-json\/wp\/v2\/product\/14076","targetHints":{"allow":["GET"]}}],"collection":[{"href":"https:\/\/luciennelaparisienne.fr\/en\/wp-json\/wp\/v2\/product"}],"about":[{"href":"https:\/\/luciennelaparisienne.fr\/en\/wp-json\/wp\/v2\/types\/product"}],"replies":[{"embeddable":true,"href":"https:\/\/luciennelaparisienne.fr\/en\/wp-json\/wp\/v2\/comments?post=14076"}],"wp:featuredmedia":[{"embeddable":true,"href":"https:\/\/luciennelaparisienne.fr\/en\/wp-json\/wp\/v2\/media\/14090"}],"wp:attachment":[{"href":"https:\/\/luciennelaparisienne.fr\/en\/wp-json\/wp\/v2\/media?parent=14076"}],"wp:term":[{"taxonomy":"product_brand","embeddable":true,"href":"https:\/\/luciennelaparisienne.fr\/en\/wp-json\/wp\/v2\/product_brand?post=14076"},{"taxonomy":"product_cat","embeddable":true,"href":"https:\/\/luciennelaparisienne.fr\/en\/wp-json\/wp\/v2\/product_cat?post=14076"},{"taxonomy":"product_tag","embeddable":true,"href":"https:\/\/luciennelaparisienne.fr\/en\/wp-json\/wp\/v2\/product_tag?post=14076"}],"curies":[{"name":"wp","href":"https:\/\/api.w.org\/{rel}","templated":true}]}}