{"id":14096,"date":"2025-06-11T12:57:53","date_gmt":"2025-06-11T10:57:53","guid":{"rendered":"https:\/\/luciennelaparisienne.fr\/?post_type=product&#038;p=14096"},"modified":"2026-04-08T01:53:11","modified_gmt":"2026-04-07T23:53:11","slug":"tee-shirt-lucienne-sur-stand-uo-paddle","status":"publish","type":"product","link":"https:\/\/luciennelaparisienne.fr\/en\/product\/tee-shirt-lucienne-sur-stand-uo-paddle\/","title":{"rendered":"T-shirt Lucienne Stand Up on Paddleboard"},"content":{"rendered":"<p><strong>T-shirt Lucienne Stand Up on Paddleboard<\/strong><\/p>\n<p>To celebrate Lucienne's love for stand-up paddleboarding, we created a unique T-shirt that reflects her personality.<\/p>\n<p>Lucienne \u2013 always chic, even on a paddleboard.<\/p>\n<p>Sporty, brave, and determined, she doesn't back down from any wave!<\/p>\n<p>With her little paws but great determination, she carves her path on the water with elegance and Parisian chic.<\/p>\n<p>With the charm of a true Parisian icon, Lucienne accompanies you everywhere with elegance and a touch of humor.<\/p>\n<p>This T-shirt is more than just clothing \u2013 it's a keepsake, a statement, a passion worn with pride.<\/p>\n<p>The illustration of Lucienne, the dachshund in a striped shirt and beret, was created by her young 11-year-old owner, a true artist with a passion for fashion and Paris.<\/p>\n<p>A wink to all dachshund lovers and fans of the French touch!<\/p>\n<p>The first edition of T-shirts was designed and printed in Ukraine, the home country of Viktoriya, the brand\u2019s founder, as a heartfelt way to support her country with passion and conviction. A limited edition.<\/p>\n<p><strong>\u00a0<\/strong><strong>Features<\/strong>\u00a0:<\/p>\n<p>Composition : 95% Coton 5% Elasthanne<\/p>\n<p>Density: 200 g\/m\u00b2<\/p>\n<p><strong>Care Instructions:<\/strong>\u00a0:<\/p>\n<p>Wash inside out at 30\u00b0C with similar colors.\nDo not tumble dry.\nIron gently, avoiding direct contact with the design.<\/p>\n<p><strong>Available in sizes: <\/strong>S, M, L, XL<\/p>\n<p>Unisex cut, comfortable for all styles.<\/p>","protected":false},"excerpt":{"rendered":"<p>Tee-shirt Lucienne sur Stand Up Paddle. Pour c\u00e9l\u00e9brer l\u2019amour de Lucienne pour le stand up paddle, nous avons cr\u00e9\u00e9 un tee-shirt unique, \u00e0 son image. Lucienne &#8211; toujours chic, m\u00eame sur un paddle. Sportive, courageuse et d\u00e9termin\u00e9e, elle ne recule devant aucune vague! Avec ses petites pattes mais avec une [&hellip;]<\/p>","protected":false},"featured_media":14232,"comment_status":"open","ping_status":"closed","template":"","meta":{"inline_featured_image":false},"product_brand":[],"product_cat":[137,156,157,75,70,71,73],"product_tag":[],"class_list":{"0":"post-14096","1":"product","2":"type-product","3":"status-publish","4":"has-post-thumbnail","6":"product_cat-accessoires","7":"product_cat-collections","8":"product_cat-la-parisienne","9":"product_cat-pour-les-dogparents","10":"product_cat-pour-nos-teckels","11":"product_cat-pour-se-coucher","12":"product_cat-pour-voyager","14":"first","15":"instock","16":"taxable","17":"shipping-taxable","18":"purchasable","19":"product-type-variable"},"yoast_head":"<!-- This site is optimized with the Yoast SEO plugin v26.6 - https:\/\/yoast.com\/wordpress\/plugins\/seo\/ -->\n<title>Tapis de voyage fin et doux pour Teckel, Chien &amp; Chiot<\/title>\n<meta name=\"description\" content=\"Magnifiques v\u00eatements &amp; accessoires pour prendre soin de son chien. Produits con\u00e7us pour les teckels 100% artisanaux et fabriqu\u00e9s en France.\" \/>\n<meta name=\"robots\" content=\"index, follow, max-snippet:-1, max-image-preview:large, max-video-preview:-1\" \/>\n<link rel=\"canonical\" href=\"https:\/\/luciennelaparisienne.fr\/en\/product\/tee-shirt-lucienne-sur-stand-uo-paddle\/\" \/>\n<meta property=\"og:locale\" content=\"en_GB\" \/>\n<meta property=\"og:type\" content=\"article\" \/>\n<meta property=\"og:title\" content=\"Tapis de voyage fin et doux pour Teckel, Chien &amp; Chiot\" \/>\n<meta property=\"og:description\" content=\"Magnifiques v\u00eatements &amp; accessoires pour prendre soin de son chien. Produits con\u00e7us pour les teckels 100% artisanaux et fabriqu\u00e9s en France.\" \/>\n<meta property=\"og:url\" content=\"https:\/\/luciennelaparisienne.fr\/en\/product\/tee-shirt-lucienne-sur-stand-uo-paddle\/\" \/>\n<meta property=\"og:site_name\" content=\"Lucienne la Parisienne\" \/>\n<meta property=\"article:modified_time\" content=\"2026-04-07T23:53:11+00:00\" \/>\n<meta property=\"og:image\" content=\"https:\/\/luciennelaparisienne.fr\/wp-content\/uploads\/2025\/06\/55555.jpg\" \/>\n\t<meta property=\"og:image:width\" content=\"1065\" \/>\n\t<meta property=\"og:image:height\" content=\"1065\" \/>\n\t<meta property=\"og:image:type\" content=\"image\/jpeg\" \/>\n<meta name=\"twitter:card\" content=\"summary_large_image\" \/>\n<meta name=\"twitter:label1\" content=\"Estimated reading time\" \/>\n\t<meta name=\"twitter:data1\" content=\"2 minutes\" \/>\n<script type=\"application\/ld+json\" class=\"yoast-schema-graph\">{\"@context\":\"https:\/\/schema.org\",\"@graph\":[{\"@type\":\"WebPage\",\"@id\":\"https:\/\/luciennelaparisienne.fr\/produit\/tee-shirt-lucienne-sur-stand-uo-paddle\/\",\"url\":\"https:\/\/luciennelaparisienne.fr\/produit\/tee-shirt-lucienne-sur-stand-uo-paddle\/\",\"name\":\"Tapis de voyage fin et doux pour Teckel, Chien & Chiot\",\"isPartOf\":{\"@id\":\"https:\/\/luciennelaparisienne.fr\/#website\"},\"primaryImageOfPage\":{\"@id\":\"https:\/\/luciennelaparisienne.fr\/produit\/tee-shirt-lucienne-sur-stand-uo-paddle\/#primaryimage\"},\"image\":{\"@id\":\"https:\/\/luciennelaparisienne.fr\/produit\/tee-shirt-lucienne-sur-stand-uo-paddle\/#primaryimage\"},\"thumbnailUrl\":\"https:\/\/luciennelaparisienne.fr\/wp-content\/uploads\/2025\/06\/55555.jpg\",\"datePublished\":\"2025-06-11T10:57:53+00:00\",\"dateModified\":\"2026-04-07T23:53:11+00:00\",\"description\":\"Magnifiques v\u00eatements & accessoires pour prendre soin de son chien. Produits con\u00e7us pour les teckels 100% artisanaux et fabriqu\u00e9s en France.\",\"breadcrumb\":{\"@id\":\"https:\/\/luciennelaparisienne.fr\/produit\/tee-shirt-lucienne-sur-stand-uo-paddle\/#breadcrumb\"},\"inLanguage\":\"en-GB\",\"potentialAction\":[{\"@type\":\"ReadAction\",\"target\":[\"https:\/\/luciennelaparisienne.fr\/produit\/tee-shirt-lucienne-sur-stand-uo-paddle\/\"]}]},{\"@type\":\"ImageObject\",\"inLanguage\":\"en-GB\",\"@id\":\"https:\/\/luciennelaparisienne.fr\/produit\/tee-shirt-lucienne-sur-stand-uo-paddle\/#primaryimage\",\"url\":\"https:\/\/luciennelaparisienne.fr\/wp-content\/uploads\/2025\/06\/55555.jpg\",\"contentUrl\":\"https:\/\/luciennelaparisienne.fr\/wp-content\/uploads\/2025\/06\/55555.jpg\",\"width\":1065,\"height\":1065,\"caption\":\"Print\"},{\"@type\":\"BreadcrumbList\",\"@id\":\"https:\/\/luciennelaparisienne.fr\/produit\/tee-shirt-lucienne-sur-stand-uo-paddle\/#breadcrumb\",\"itemListElement\":[{\"@type\":\"ListItem\",\"position\":1,\"name\":\"Accueil\",\"item\":\"https:\/\/luciennelaparisienne.fr\/\"},{\"@type\":\"ListItem\",\"position\":2,\"name\":\"Boutique\",\"item\":\"https:\/\/luciennelaparisienne.fr\/shop\/\"},{\"@type\":\"ListItem\",\"position\":3,\"name\":\"Tee-shirt Lucienne sur Stand Up Paddle.\"}]},{\"@type\":\"WebSite\",\"@id\":\"https:\/\/luciennelaparisienne.fr\/#website\",\"url\":\"https:\/\/luciennelaparisienne.fr\/\",\"name\":\"Lucienne la Parisienne\",\"description\":\"Produits pour Teckels\",\"potentialAction\":[{\"@type\":\"SearchAction\",\"target\":{\"@type\":\"EntryPoint\",\"urlTemplate\":\"https:\/\/luciennelaparisienne.fr\/?s={search_term_string}\"},\"query-input\":{\"@type\":\"PropertyValueSpecification\",\"valueRequired\":true,\"valueName\":\"search_term_string\"}}],\"inLanguage\":\"en-GB\"}]}<\/script>\n<!-- \/ Yoast SEO plugin. -->","yoast_head_json":{"title":"Tapis de voyage fin et doux pour Teckel, Chien & Chiot","description":"Magnifiques v\u00eatements & accessoires pour prendre soin de son chien. Produits con\u00e7us pour les teckels 100% artisanaux et fabriqu\u00e9s en France.","robots":{"index":"index","follow":"follow","max-snippet":"max-snippet:-1","max-image-preview":"max-image-preview:large","max-video-preview":"max-video-preview:-1"},"canonical":"https:\/\/luciennelaparisienne.fr\/en\/product\/tee-shirt-lucienne-sur-stand-uo-paddle\/","og_locale":"en_GB","og_type":"article","og_title":"Tapis de voyage fin et doux pour Teckel, Chien & Chiot","og_description":"Magnifiques v\u00eatements & accessoires pour prendre soin de son chien. Produits con\u00e7us pour les teckels 100% artisanaux et fabriqu\u00e9s en France.","og_url":"https:\/\/luciennelaparisienne.fr\/en\/product\/tee-shirt-lucienne-sur-stand-uo-paddle\/","og_site_name":"Lucienne la Parisienne","article_modified_time":"2026-04-07T23:53:11+00:00","og_image":[{"width":1065,"height":1065,"url":"https:\/\/luciennelaparisienne.fr\/wp-content\/uploads\/2025\/06\/55555.jpg","type":"image\/jpeg"}],"twitter_card":"summary_large_image","twitter_misc":{"Estimated reading time":"2 minutes"},"schema":{"@context":"https:\/\/schema.org","@graph":[{"@type":"WebPage","@id":"https:\/\/luciennelaparisienne.fr\/produit\/tee-shirt-lucienne-sur-stand-uo-paddle\/","url":"https:\/\/luciennelaparisienne.fr\/produit\/tee-shirt-lucienne-sur-stand-uo-paddle\/","name":"Tapis de voyage fin et doux pour Teckel, Chien & Chiot","isPartOf":{"@id":"https:\/\/luciennelaparisienne.fr\/#website"},"primaryImageOfPage":{"@id":"https:\/\/luciennelaparisienne.fr\/produit\/tee-shirt-lucienne-sur-stand-uo-paddle\/#primaryimage"},"image":{"@id":"https:\/\/luciennelaparisienne.fr\/produit\/tee-shirt-lucienne-sur-stand-uo-paddle\/#primaryimage"},"thumbnailUrl":"https:\/\/luciennelaparisienne.fr\/wp-content\/uploads\/2025\/06\/55555.jpg","datePublished":"2025-06-11T10:57:53+00:00","dateModified":"2026-04-07T23:53:11+00:00","description":"Magnifiques v\u00eatements & accessoires pour prendre soin de son chien. Produits con\u00e7us pour les teckels 100% artisanaux et fabriqu\u00e9s en France.","breadcrumb":{"@id":"https:\/\/luciennelaparisienne.fr\/produit\/tee-shirt-lucienne-sur-stand-uo-paddle\/#breadcrumb"},"inLanguage":"en-GB","potentialAction":[{"@type":"ReadAction","target":["https:\/\/luciennelaparisienne.fr\/produit\/tee-shirt-lucienne-sur-stand-uo-paddle\/"]}]},{"@type":"ImageObject","inLanguage":"en-GB","@id":"https:\/\/luciennelaparisienne.fr\/produit\/tee-shirt-lucienne-sur-stand-uo-paddle\/#primaryimage","url":"https:\/\/luciennelaparisienne.fr\/wp-content\/uploads\/2025\/06\/55555.jpg","contentUrl":"https:\/\/luciennelaparisienne.fr\/wp-content\/uploads\/2025\/06\/55555.jpg","width":1065,"height":1065,"caption":"Print"},{"@type":"BreadcrumbList","@id":"https:\/\/luciennelaparisienne.fr\/produit\/tee-shirt-lucienne-sur-stand-uo-paddle\/#breadcrumb","itemListElement":[{"@type":"ListItem","position":1,"name":"Accueil","item":"https:\/\/luciennelaparisienne.fr\/"},{"@type":"ListItem","position":2,"name":"Boutique","item":"https:\/\/luciennelaparisienne.fr\/shop\/"},{"@type":"ListItem","position":3,"name":"Tee-shirt Lucienne sur Stand Up Paddle."}]},{"@type":"WebSite","@id":"https:\/\/luciennelaparisienne.fr\/#website","url":"https:\/\/luciennelaparisienne.fr\/","name":"Lucienne la Parisienne","description":"Produits pour Teckels","potentialAction":[{"@type":"SearchAction","target":{"@type":"EntryPoint","urlTemplate":"https:\/\/luciennelaparisienne.fr\/?s={search_term_string}"},"query-input":{"@type":"PropertyValueSpecification","valueRequired":true,"valueName":"search_term_string"}}],"inLanguage":"en-GB"}]}},"_links":{"self":[{"href":"https:\/\/luciennelaparisienne.fr\/en\/wp-json\/wp\/v2\/product\/14096","targetHints":{"allow":["GET"]}}],"collection":[{"href":"https:\/\/luciennelaparisienne.fr\/en\/wp-json\/wp\/v2\/product"}],"about":[{"href":"https:\/\/luciennelaparisienne.fr\/en\/wp-json\/wp\/v2\/types\/product"}],"replies":[{"embeddable":true,"href":"https:\/\/luciennelaparisienne.fr\/en\/wp-json\/wp\/v2\/comments?post=14096"}],"wp:featuredmedia":[{"embeddable":true,"href":"https:\/\/luciennelaparisienne.fr\/en\/wp-json\/wp\/v2\/media\/14232"}],"wp:attachment":[{"href":"https:\/\/luciennelaparisienne.fr\/en\/wp-json\/wp\/v2\/media?parent=14096"}],"wp:term":[{"taxonomy":"product_brand","embeddable":true,"href":"https:\/\/luciennelaparisienne.fr\/en\/wp-json\/wp\/v2\/product_brand?post=14096"},{"taxonomy":"product_cat","embeddable":true,"href":"https:\/\/luciennelaparisienne.fr\/en\/wp-json\/wp\/v2\/product_cat?post=14096"},{"taxonomy":"product_tag","embeddable":true,"href":"https:\/\/luciennelaparisienne.fr\/en\/wp-json\/wp\/v2\/product_tag?post=14096"}],"curies":[{"name":"wp","href":"https:\/\/api.w.org\/{rel}","templated":true}]}}