{"id":14609,"date":"2025-09-13T14:55:09","date_gmt":"2025-09-13T12:55:09","guid":{"rendered":"https:\/\/luciennelaparisienne.fr\/?post_type=product&#038;p=14609"},"modified":"2026-04-20T11:31:42","modified_gmt":"2026-04-20T09:31:42","slug":"veste-impermeable-le-marais","status":"publish","type":"product","link":"https:\/\/luciennelaparisienne.fr\/en\/product\/veste-impermeable-le-marais\/","title":{"rendered":"Le Marais Raincoat"},"content":{"rendered":"<p><strong>Manteau imperm\u00e9able Le Marais<\/strong><br \/>\n<span style=\"font-size: 10pt;\">Ce manteau imperm\u00e9able est id\u00e9al pour une demi saison. Il est l\u00e9ger, et surtout il couvre et prot\u00e8ge bien contre la pluie et le vent. En int\u00e9rieur il est doubl\u00e9 par le tissu imperm\u00e9able n\u00e9opr\u00e8ne.<\/span><br \/>\n<span style=\"font-size: 10pt;\">Il y a une ouverture pour le harnais sur le haut du dos. La fermeture est en boutons pression. Il y a deux bandes r\u00e9fl\u00e9chissantes pour mieux voir votre teckel la nuit. Il n&rsquo; y a pas d&rsquo;\u00e9lastiques pour les pattes.<\/span><\/p>\n<p><strong>Characteristics:<\/strong><br \/>\n<span style=\"font-size: 10pt;\">Colors: Red, Black<\/span><br \/>\n<span style=\"font-size: 10pt;\">Fabric: 84% Polyester, 16% Polyamide<\/span><\/p>\n<p><strong>Care:\u00a0<\/strong><span style=\"font-size: 10pt;\">Hand wash or machine wash at 30\u00b0C. Light spin and drying.<\/span><\/p>\n<p><strong>Available in sizes:<\/strong>\u00a0<span style=\"font-size: 10pt;\">XXS, XS, S, M, L, XL\u00a0<\/span><\/p>\n<p>&nbsp;<\/p>\n<p>XXS: Dachshund Kaninchen 3-4 kg<\/p>\n<p>XS: Mini Dachshund 5 kg<\/p>\n<p>S: Miniature Dachshund 6-7 kg<\/p>\n<p>M: Standard Dachshund 8\u20138.5 kg<\/p>\n<p>L: Large Standard Dachshund 9\u201310 kg<\/p>\n<p>XL: Large Standard Dachshund 10\u202fkg+<\/p>\n<p>Sizes XXS and XL are made only on pre-order and after payment is received.<\/p>\n<p>Custom orders are available, thank you for <a href=\"https:\/\/luciennelaparisienne.fr\/contactez-nous\/\"><strong>contacting us via the Contact section<\/strong><\/a>.<\/p>\n<p><strong>Custom manufacturing is done after payment and takes approximately two weeks.<\/strong><\/p>\n<p>Please note that the colors in the photos may vary slightly.<\/p>","protected":false},"excerpt":{"rendered":"<p>Manteau imperm\u00e9able Le Marais Ce manteau imperm\u00e9able est id\u00e9al pour une demi saison. Il est l\u00e9ger, et surtout il couvre et prot\u00e8ge bien contre la pluie et le vent. En int\u00e9rieur il est doubl\u00e9 par le tissu imperm\u00e9able n\u00e9opr\u00e8ne. Il y a une ouverture pour le harnais sur le haut [&hellip;]<\/p>","protected":false},"featured_media":14634,"comment_status":"open","ping_status":"closed","template":"","meta":{"inline_featured_image":false},"product_brand":[],"product_cat":[203,70,72,153],"product_tag":[],"class_list":{"0":"post-14609","1":"product","2":"type-product","3":"status-publish","4":"has-post-thumbnail","6":"product_cat-fin-de-collection","7":"product_cat-pour-nos-teckels","8":"product_cat-pour-shabiller","9":"product_cat-vetements","11":"first","12":"instock","13":"taxable","14":"shipping-taxable","15":"purchasable","16":"product-type-variable"},"yoast_head":"<!-- This site is optimized with the Yoast SEO plugin v26.6 - https:\/\/yoast.com\/wordpress\/plugins\/seo\/ -->\n<title>Imperm\u00e9able pour Chien, Teckel | Lucienne la Parisienne<\/title>\n<meta name=\"description\" content=\"Magnifiques v\u00eatements &amp; accessoires pour prendre soin de son chien. Produits con\u00e7us pour les teckels 100% artisanaux et fabriqu\u00e9s en France.\" \/>\n<meta name=\"robots\" content=\"index, follow, max-snippet:-1, max-image-preview:large, max-video-preview:-1\" \/>\n<link rel=\"canonical\" href=\"https:\/\/luciennelaparisienne.fr\/en\/product\/veste-impermeable-le-marais\/\" \/>\n<meta property=\"og:locale\" content=\"en_GB\" \/>\n<meta property=\"og:type\" content=\"article\" \/>\n<meta property=\"og:title\" content=\"Imperm\u00e9able pour Chien, Teckel | Lucienne la Parisienne\" \/>\n<meta property=\"og:description\" content=\"Magnifiques v\u00eatements &amp; accessoires pour prendre soin de son chien. Produits con\u00e7us pour les teckels 100% artisanaux et fabriqu\u00e9s en France.\" \/>\n<meta property=\"og:url\" content=\"https:\/\/luciennelaparisienne.fr\/en\/product\/veste-impermeable-le-marais\/\" \/>\n<meta property=\"og:site_name\" content=\"Lucienne la Parisienne\" \/>\n<meta property=\"article:modified_time\" content=\"2026-04-20T09:31:42+00:00\" \/>\n<meta property=\"og:image\" content=\"https:\/\/luciennelaparisienne.fr\/wp-content\/uploads\/2025\/09\/mal-05929-1.jpg\" \/>\n\t<meta property=\"og:image:width\" content=\"933\" \/>\n\t<meta property=\"og:image:height\" content=\"933\" \/>\n\t<meta property=\"og:image:type\" content=\"image\/jpeg\" \/>\n<meta name=\"twitter:card\" content=\"summary_large_image\" \/>\n<meta name=\"twitter:label1\" content=\"Estimated reading time\" \/>\n\t<meta name=\"twitter:data1\" content=\"2 minutes\" \/>\n<script type=\"application\/ld+json\" class=\"yoast-schema-graph\">{\"@context\":\"https:\/\/schema.org\",\"@graph\":[{\"@type\":\"WebPage\",\"@id\":\"https:\/\/luciennelaparisienne.fr\/produit\/veste-impermeable-le-marais\/\",\"url\":\"https:\/\/luciennelaparisienne.fr\/produit\/veste-impermeable-le-marais\/\",\"name\":\"Imperm\u00e9able pour Chien, Teckel | Lucienne la Parisienne\",\"isPartOf\":{\"@id\":\"https:\/\/luciennelaparisienne.fr\/#website\"},\"primaryImageOfPage\":{\"@id\":\"https:\/\/luciennelaparisienne.fr\/produit\/veste-impermeable-le-marais\/#primaryimage\"},\"image\":{\"@id\":\"https:\/\/luciennelaparisienne.fr\/produit\/veste-impermeable-le-marais\/#primaryimage\"},\"thumbnailUrl\":\"https:\/\/luciennelaparisienne.fr\/wp-content\/uploads\/2025\/09\/mal-05929-1.jpg\",\"datePublished\":\"2025-09-13T12:55:09+00:00\",\"dateModified\":\"2026-04-20T09:31:42+00:00\",\"description\":\"Magnifiques v\u00eatements & accessoires pour prendre soin de son chien. Produits con\u00e7us pour les teckels 100% artisanaux et fabriqu\u00e9s en France.\",\"breadcrumb\":{\"@id\":\"https:\/\/luciennelaparisienne.fr\/produit\/veste-impermeable-le-marais\/#breadcrumb\"},\"inLanguage\":\"en-GB\",\"potentialAction\":[{\"@type\":\"ReadAction\",\"target\":[\"https:\/\/luciennelaparisienne.fr\/produit\/veste-impermeable-le-marais\/\"]}]},{\"@type\":\"ImageObject\",\"inLanguage\":\"en-GB\",\"@id\":\"https:\/\/luciennelaparisienne.fr\/produit\/veste-impermeable-le-marais\/#primaryimage\",\"url\":\"https:\/\/luciennelaparisienne.fr\/wp-content\/uploads\/2025\/09\/mal-05929-1.jpg\",\"contentUrl\":\"https:\/\/luciennelaparisienne.fr\/wp-content\/uploads\/2025\/09\/mal-05929-1.jpg\",\"width\":933,\"height\":933},{\"@type\":\"BreadcrumbList\",\"@id\":\"https:\/\/luciennelaparisienne.fr\/produit\/veste-impermeable-le-marais\/#breadcrumb\",\"itemListElement\":[{\"@type\":\"ListItem\",\"position\":1,\"name\":\"Accueil\",\"item\":\"https:\/\/luciennelaparisienne.fr\/\"},{\"@type\":\"ListItem\",\"position\":2,\"name\":\"Boutique\",\"item\":\"https:\/\/luciennelaparisienne.fr\/shop\/\"},{\"@type\":\"ListItem\",\"position\":3,\"name\":\"Manteau imperm\u00e9able Le Marais\"}]},{\"@type\":\"WebSite\",\"@id\":\"https:\/\/luciennelaparisienne.fr\/#website\",\"url\":\"https:\/\/luciennelaparisienne.fr\/\",\"name\":\"Lucienne la Parisienne\",\"description\":\"Produits pour Teckels\",\"potentialAction\":[{\"@type\":\"SearchAction\",\"target\":{\"@type\":\"EntryPoint\",\"urlTemplate\":\"https:\/\/luciennelaparisienne.fr\/?s={search_term_string}\"},\"query-input\":{\"@type\":\"PropertyValueSpecification\",\"valueRequired\":true,\"valueName\":\"search_term_string\"}}],\"inLanguage\":\"en-GB\"}]}<\/script>\n<!-- \/ Yoast SEO plugin. -->","yoast_head_json":{"title":"Imperm\u00e9able pour Chien, Teckel | Lucienne la Parisienne","description":"Magnifiques v\u00eatements & accessoires pour prendre soin de son chien. Produits con\u00e7us pour les teckels 100% artisanaux et fabriqu\u00e9s en France.","robots":{"index":"index","follow":"follow","max-snippet":"max-snippet:-1","max-image-preview":"max-image-preview:large","max-video-preview":"max-video-preview:-1"},"canonical":"https:\/\/luciennelaparisienne.fr\/en\/product\/veste-impermeable-le-marais\/","og_locale":"en_GB","og_type":"article","og_title":"Imperm\u00e9able pour Chien, Teckel | Lucienne la Parisienne","og_description":"Magnifiques v\u00eatements & accessoires pour prendre soin de son chien. Produits con\u00e7us pour les teckels 100% artisanaux et fabriqu\u00e9s en France.","og_url":"https:\/\/luciennelaparisienne.fr\/en\/product\/veste-impermeable-le-marais\/","og_site_name":"Lucienne la Parisienne","article_modified_time":"2026-04-20T09:31:42+00:00","og_image":[{"width":933,"height":933,"url":"https:\/\/luciennelaparisienne.fr\/wp-content\/uploads\/2025\/09\/mal-05929-1.jpg","type":"image\/jpeg"}],"twitter_card":"summary_large_image","twitter_misc":{"Estimated reading time":"2 minutes"},"schema":{"@context":"https:\/\/schema.org","@graph":[{"@type":"WebPage","@id":"https:\/\/luciennelaparisienne.fr\/produit\/veste-impermeable-le-marais\/","url":"https:\/\/luciennelaparisienne.fr\/produit\/veste-impermeable-le-marais\/","name":"Imperm\u00e9able pour Chien, Teckel | Lucienne la Parisienne","isPartOf":{"@id":"https:\/\/luciennelaparisienne.fr\/#website"},"primaryImageOfPage":{"@id":"https:\/\/luciennelaparisienne.fr\/produit\/veste-impermeable-le-marais\/#primaryimage"},"image":{"@id":"https:\/\/luciennelaparisienne.fr\/produit\/veste-impermeable-le-marais\/#primaryimage"},"thumbnailUrl":"https:\/\/luciennelaparisienne.fr\/wp-content\/uploads\/2025\/09\/mal-05929-1.jpg","datePublished":"2025-09-13T12:55:09+00:00","dateModified":"2026-04-20T09:31:42+00:00","description":"Magnifiques v\u00eatements & accessoires pour prendre soin de son chien. Produits con\u00e7us pour les teckels 100% artisanaux et fabriqu\u00e9s en France.","breadcrumb":{"@id":"https:\/\/luciennelaparisienne.fr\/produit\/veste-impermeable-le-marais\/#breadcrumb"},"inLanguage":"en-GB","potentialAction":[{"@type":"ReadAction","target":["https:\/\/luciennelaparisienne.fr\/produit\/veste-impermeable-le-marais\/"]}]},{"@type":"ImageObject","inLanguage":"en-GB","@id":"https:\/\/luciennelaparisienne.fr\/produit\/veste-impermeable-le-marais\/#primaryimage","url":"https:\/\/luciennelaparisienne.fr\/wp-content\/uploads\/2025\/09\/mal-05929-1.jpg","contentUrl":"https:\/\/luciennelaparisienne.fr\/wp-content\/uploads\/2025\/09\/mal-05929-1.jpg","width":933,"height":933},{"@type":"BreadcrumbList","@id":"https:\/\/luciennelaparisienne.fr\/produit\/veste-impermeable-le-marais\/#breadcrumb","itemListElement":[{"@type":"ListItem","position":1,"name":"Accueil","item":"https:\/\/luciennelaparisienne.fr\/"},{"@type":"ListItem","position":2,"name":"Boutique","item":"https:\/\/luciennelaparisienne.fr\/shop\/"},{"@type":"ListItem","position":3,"name":"Manteau imperm\u00e9able Le Marais"}]},{"@type":"WebSite","@id":"https:\/\/luciennelaparisienne.fr\/#website","url":"https:\/\/luciennelaparisienne.fr\/","name":"Lucienne la Parisienne","description":"Produits pour Teckels","potentialAction":[{"@type":"SearchAction","target":{"@type":"EntryPoint","urlTemplate":"https:\/\/luciennelaparisienne.fr\/?s={search_term_string}"},"query-input":{"@type":"PropertyValueSpecification","valueRequired":true,"valueName":"search_term_string"}}],"inLanguage":"en-GB"}]}},"_links":{"self":[{"href":"https:\/\/luciennelaparisienne.fr\/en\/wp-json\/wp\/v2\/product\/14609","targetHints":{"allow":["GET"]}}],"collection":[{"href":"https:\/\/luciennelaparisienne.fr\/en\/wp-json\/wp\/v2\/product"}],"about":[{"href":"https:\/\/luciennelaparisienne.fr\/en\/wp-json\/wp\/v2\/types\/product"}],"replies":[{"embeddable":true,"href":"https:\/\/luciennelaparisienne.fr\/en\/wp-json\/wp\/v2\/comments?post=14609"}],"wp:featuredmedia":[{"embeddable":true,"href":"https:\/\/luciennelaparisienne.fr\/en\/wp-json\/wp\/v2\/media\/14634"}],"wp:attachment":[{"href":"https:\/\/luciennelaparisienne.fr\/en\/wp-json\/wp\/v2\/media?parent=14609"}],"wp:term":[{"taxonomy":"product_brand","embeddable":true,"href":"https:\/\/luciennelaparisienne.fr\/en\/wp-json\/wp\/v2\/product_brand?post=14609"},{"taxonomy":"product_cat","embeddable":true,"href":"https:\/\/luciennelaparisienne.fr\/en\/wp-json\/wp\/v2\/product_cat?post=14609"},{"taxonomy":"product_tag","embeddable":true,"href":"https:\/\/luciennelaparisienne.fr\/en\/wp-json\/wp\/v2\/product_tag?post=14609"}],"curies":[{"name":"wp","href":"https:\/\/api.w.org\/{rel}","templated":true}]}}