{"id":14677,"date":"2025-09-18T17:07:37","date_gmt":"2025-09-18T15:07:37","guid":{"rendered":"https:\/\/luciennelaparisienne.fr\/?post_type=product&#038;p=14677"},"modified":"2026-04-20T11:28:30","modified_gmt":"2026-04-20T09:28:30","slug":"doudoune-rivoli","status":"publish","type":"product","link":"https:\/\/luciennelaparisienne.fr\/en\/product\/doudoune-rivoli\/","title":{"rendered":"Rivoli Puffer Jacket"},"content":{"rendered":"<p><strong>Rivoli Puffer Jacket<\/strong><br \/>\n<span style=\"font-size: 10pt;\">The Rivoli down jacket is a new coat that is both warm, very lightweight, and waterproof.<\/span><br \/>\n<span style=\"font-size: 10pt;\">Ce manteau prot\u00e9gera et r\u00e9chauffera votre teckel pendant les p\u00e9riodes de froid, de temps sec ou de pluie.<\/span><br \/>\n<span style=\"font-size: 10pt;\">Une ouverture pour le harnais est pr\u00e9vue sur le haut du dos. Le manteau poss\u00e8de des boutons pressions. Tr\u00e8s facile \u00e0 mettre, il suffit de glisser sur la t\u00eate de votre chien et fermer les boutons sur un cot\u00e9.<\/span><br \/>\n<span style=\"font-size: 10pt;\">Son rembourrage en polyester permet un lavage et un s\u00e9chage faciles et rapides. \u00c0 l&rsquo;int\u00e9rieur, la doublure en polaire tr\u00e8s douce offre un confort optimal, sublim\u00e9e par une moumoute rose poudr\u00e9.\u00a0<\/span><\/p>\n<p><strong>Caracteristics:<\/strong><br \/>\n<span style=\"font-size: 10pt;\">Couleur : Rose poudr\u00e9e<\/span><br \/>\n<span style=\"font-size: 10pt;\">Fabric: 84% Polyester, 16% Polyamide<\/span><\/p>\n<p><strong>Care:\u00a0<\/strong><span style=\"font-size: 10pt;\">Hand wash or machine wash at 30\u00b0C. Light spin and drying.<\/span><\/p>\n<p><strong>Available in sizes:<\/strong><span style=\"font-size: 10pt;\"> XXS, XS, S, M, L, XL\u00a0<\/span><\/p>\n<p>XXS: Dachshund Kaninchen 3-4 kg<\/p>\n<p>XS: Mini Dachshund 5 kg<\/p>\n<p>S: Miniature Dachshund 6-7 kg<\/p>\n<p>M: Standard Dachshund 8\u20138.5 kg<\/p>\n<p>L: Large Standard Dachshund 9\u201310 kg<\/p>\n<p>XL: Large Standard Dachshund 10\u202fkg+<\/p>\n<p>Size XL is made to order and upon payment.<\/p>\n<p><strong>Custom manufacturing is done after payment and takes approximately two weeks.<\/strong><\/p>\n<p>Please note that the colors in the photos may vary slightly.<\/p>","protected":false},"excerpt":{"rendered":"<p>Doudoune Rivoli La doudoune Rivoli est un nouveau\u00a0 manteau \u00e0 la fois chaud, tr\u00e8s l\u00e9ger et impermeable. Ce manteau prot\u00e9gera et r\u00e9chauffera votre teckel pendant les p\u00e9riodes de froid, de temps sec ou de pluie. Une ouverture pour le harnais est pr\u00e9vue sur le haut du dos. Le manteau poss\u00e8de [&hellip;]<\/p>","protected":false},"featured_media":15220,"comment_status":"open","ping_status":"closed","template":"","meta":{"inline_featured_image":false},"product_brand":[],"product_cat":[203,70,72,153],"product_tag":[],"class_list":{"0":"post-14677","1":"product","2":"type-product","3":"status-publish","4":"has-post-thumbnail","6":"product_cat-fin-de-collection","7":"product_cat-pour-nos-teckels","8":"product_cat-pour-shabiller","9":"product_cat-vetements","11":"first","12":"instock","13":"taxable","14":"shipping-taxable","15":"purchasable","16":"product-type-variable","17":"has-default-attributes"},"yoast_head":"<!-- This site is optimized with the Yoast SEO plugin v26.6 - https:\/\/yoast.com\/wordpress\/plugins\/seo\/ -->\n<title>Doudoune Rivoli - Lucienne la Parisienne<\/title>\n<meta name=\"robots\" content=\"index, follow, max-snippet:-1, max-image-preview:large, max-video-preview:-1\" \/>\n<link rel=\"canonical\" href=\"https:\/\/luciennelaparisienne.fr\/en\/product\/doudoune-rivoli\/\" \/>\n<meta property=\"og:locale\" content=\"en_GB\" \/>\n<meta property=\"og:type\" content=\"article\" \/>\n<meta property=\"og:title\" content=\"Doudoune Rivoli - Lucienne la Parisienne\" \/>\n<meta property=\"og:description\" content=\"Doudoune Rivoli La doudoune Rivoli est un nouveau\u00a0 manteau \u00e0 la fois chaud, tr\u00e8s l\u00e9ger et impermeable. Ce manteau prot\u00e9gera et r\u00e9chauffera votre teckel pendant les p\u00e9riodes de froid, de temps sec ou de pluie. Une ouverture pour le harnais est pr\u00e9vue sur le haut du dos. Le manteau poss\u00e8de [&hellip;]\" \/>\n<meta property=\"og:url\" content=\"https:\/\/luciennelaparisienne.fr\/en\/product\/doudoune-rivoli\/\" \/>\n<meta property=\"og:site_name\" content=\"Lucienne la Parisienne\" \/>\n<meta property=\"article:modified_time\" content=\"2026-04-20T09:28:30+00:00\" \/>\n<meta property=\"og:image\" content=\"https:\/\/luciennelaparisienne.fr\/wp-content\/uploads\/2025\/09\/1-072.jpg\" \/>\n\t<meta property=\"og:image:width\" content=\"600\" \/>\n\t<meta property=\"og:image:height\" content=\"600\" \/>\n\t<meta property=\"og:image:type\" content=\"image\/jpeg\" \/>\n<meta name=\"twitter:card\" content=\"summary_large_image\" \/>\n<meta name=\"twitter:label1\" content=\"Estimated reading time\" \/>\n\t<meta name=\"twitter:data1\" content=\"2 minutes\" \/>\n<script type=\"application\/ld+json\" class=\"yoast-schema-graph\">{\"@context\":\"https:\/\/schema.org\",\"@graph\":[{\"@type\":\"WebPage\",\"@id\":\"https:\/\/luciennelaparisienne.fr\/produit\/doudoune-rivoli\/\",\"url\":\"https:\/\/luciennelaparisienne.fr\/produit\/doudoune-rivoli\/\",\"name\":\"Doudoune Rivoli - Lucienne la Parisienne\",\"isPartOf\":{\"@id\":\"https:\/\/luciennelaparisienne.fr\/#website\"},\"primaryImageOfPage\":{\"@id\":\"https:\/\/luciennelaparisienne.fr\/produit\/doudoune-rivoli\/#primaryimage\"},\"image\":{\"@id\":\"https:\/\/luciennelaparisienne.fr\/produit\/doudoune-rivoli\/#primaryimage\"},\"thumbnailUrl\":\"https:\/\/luciennelaparisienne.fr\/wp-content\/uploads\/2025\/09\/1-072.jpg\",\"datePublished\":\"2025-09-18T15:07:37+00:00\",\"dateModified\":\"2026-04-20T09:28:30+00:00\",\"breadcrumb\":{\"@id\":\"https:\/\/luciennelaparisienne.fr\/produit\/doudoune-rivoli\/#breadcrumb\"},\"inLanguage\":\"en-GB\",\"potentialAction\":[{\"@type\":\"ReadAction\",\"target\":[\"https:\/\/luciennelaparisienne.fr\/produit\/doudoune-rivoli\/\"]}]},{\"@type\":\"ImageObject\",\"inLanguage\":\"en-GB\",\"@id\":\"https:\/\/luciennelaparisienne.fr\/produit\/doudoune-rivoli\/#primaryimage\",\"url\":\"https:\/\/luciennelaparisienne.fr\/wp-content\/uploads\/2025\/09\/1-072.jpg\",\"contentUrl\":\"https:\/\/luciennelaparisienne.fr\/wp-content\/uploads\/2025\/09\/1-072.jpg\",\"width\":600,\"height\":600},{\"@type\":\"BreadcrumbList\",\"@id\":\"https:\/\/luciennelaparisienne.fr\/produit\/doudoune-rivoli\/#breadcrumb\",\"itemListElement\":[{\"@type\":\"ListItem\",\"position\":1,\"name\":\"Accueil\",\"item\":\"https:\/\/luciennelaparisienne.fr\/\"},{\"@type\":\"ListItem\",\"position\":2,\"name\":\"Boutique\",\"item\":\"https:\/\/luciennelaparisienne.fr\/shop\/\"},{\"@type\":\"ListItem\",\"position\":3,\"name\":\"Doudoune Rivoli\"}]},{\"@type\":\"WebSite\",\"@id\":\"https:\/\/luciennelaparisienne.fr\/#website\",\"url\":\"https:\/\/luciennelaparisienne.fr\/\",\"name\":\"Lucienne la Parisienne\",\"description\":\"Produits pour Teckels\",\"potentialAction\":[{\"@type\":\"SearchAction\",\"target\":{\"@type\":\"EntryPoint\",\"urlTemplate\":\"https:\/\/luciennelaparisienne.fr\/?s={search_term_string}\"},\"query-input\":{\"@type\":\"PropertyValueSpecification\",\"valueRequired\":true,\"valueName\":\"search_term_string\"}}],\"inLanguage\":\"en-GB\"}]}<\/script>\n<!-- \/ Yoast SEO plugin. -->","yoast_head_json":{"title":"Doudoune Rivoli - Lucienne la Parisienne","robots":{"index":"index","follow":"follow","max-snippet":"max-snippet:-1","max-image-preview":"max-image-preview:large","max-video-preview":"max-video-preview:-1"},"canonical":"https:\/\/luciennelaparisienne.fr\/en\/product\/doudoune-rivoli\/","og_locale":"en_GB","og_type":"article","og_title":"Doudoune Rivoli - Lucienne la Parisienne","og_description":"Doudoune Rivoli La doudoune Rivoli est un nouveau\u00a0 manteau \u00e0 la fois chaud, tr\u00e8s l\u00e9ger et impermeable. Ce manteau prot\u00e9gera et r\u00e9chauffera votre teckel pendant les p\u00e9riodes de froid, de temps sec ou de pluie. Une ouverture pour le harnais est pr\u00e9vue sur le haut du dos. Le manteau poss\u00e8de [&hellip;]","og_url":"https:\/\/luciennelaparisienne.fr\/en\/product\/doudoune-rivoli\/","og_site_name":"Lucienne la Parisienne","article_modified_time":"2026-04-20T09:28:30+00:00","og_image":[{"width":600,"height":600,"url":"https:\/\/luciennelaparisienne.fr\/wp-content\/uploads\/2025\/09\/1-072.jpg","type":"image\/jpeg"}],"twitter_card":"summary_large_image","twitter_misc":{"Estimated reading time":"2 minutes"},"schema":{"@context":"https:\/\/schema.org","@graph":[{"@type":"WebPage","@id":"https:\/\/luciennelaparisienne.fr\/produit\/doudoune-rivoli\/","url":"https:\/\/luciennelaparisienne.fr\/produit\/doudoune-rivoli\/","name":"Doudoune Rivoli - Lucienne la Parisienne","isPartOf":{"@id":"https:\/\/luciennelaparisienne.fr\/#website"},"primaryImageOfPage":{"@id":"https:\/\/luciennelaparisienne.fr\/produit\/doudoune-rivoli\/#primaryimage"},"image":{"@id":"https:\/\/luciennelaparisienne.fr\/produit\/doudoune-rivoli\/#primaryimage"},"thumbnailUrl":"https:\/\/luciennelaparisienne.fr\/wp-content\/uploads\/2025\/09\/1-072.jpg","datePublished":"2025-09-18T15:07:37+00:00","dateModified":"2026-04-20T09:28:30+00:00","breadcrumb":{"@id":"https:\/\/luciennelaparisienne.fr\/produit\/doudoune-rivoli\/#breadcrumb"},"inLanguage":"en-GB","potentialAction":[{"@type":"ReadAction","target":["https:\/\/luciennelaparisienne.fr\/produit\/doudoune-rivoli\/"]}]},{"@type":"ImageObject","inLanguage":"en-GB","@id":"https:\/\/luciennelaparisienne.fr\/produit\/doudoune-rivoli\/#primaryimage","url":"https:\/\/luciennelaparisienne.fr\/wp-content\/uploads\/2025\/09\/1-072.jpg","contentUrl":"https:\/\/luciennelaparisienne.fr\/wp-content\/uploads\/2025\/09\/1-072.jpg","width":600,"height":600},{"@type":"BreadcrumbList","@id":"https:\/\/luciennelaparisienne.fr\/produit\/doudoune-rivoli\/#breadcrumb","itemListElement":[{"@type":"ListItem","position":1,"name":"Accueil","item":"https:\/\/luciennelaparisienne.fr\/"},{"@type":"ListItem","position":2,"name":"Boutique","item":"https:\/\/luciennelaparisienne.fr\/shop\/"},{"@type":"ListItem","position":3,"name":"Doudoune Rivoli"}]},{"@type":"WebSite","@id":"https:\/\/luciennelaparisienne.fr\/#website","url":"https:\/\/luciennelaparisienne.fr\/","name":"Lucienne la Parisienne","description":"Produits pour Teckels","potentialAction":[{"@type":"SearchAction","target":{"@type":"EntryPoint","urlTemplate":"https:\/\/luciennelaparisienne.fr\/?s={search_term_string}"},"query-input":{"@type":"PropertyValueSpecification","valueRequired":true,"valueName":"search_term_string"}}],"inLanguage":"en-GB"}]}},"_links":{"self":[{"href":"https:\/\/luciennelaparisienne.fr\/en\/wp-json\/wp\/v2\/product\/14677","targetHints":{"allow":["GET"]}}],"collection":[{"href":"https:\/\/luciennelaparisienne.fr\/en\/wp-json\/wp\/v2\/product"}],"about":[{"href":"https:\/\/luciennelaparisienne.fr\/en\/wp-json\/wp\/v2\/types\/product"}],"replies":[{"embeddable":true,"href":"https:\/\/luciennelaparisienne.fr\/en\/wp-json\/wp\/v2\/comments?post=14677"}],"wp:featuredmedia":[{"embeddable":true,"href":"https:\/\/luciennelaparisienne.fr\/en\/wp-json\/wp\/v2\/media\/15220"}],"wp:attachment":[{"href":"https:\/\/luciennelaparisienne.fr\/en\/wp-json\/wp\/v2\/media?parent=14677"}],"wp:term":[{"taxonomy":"product_brand","embeddable":true,"href":"https:\/\/luciennelaparisienne.fr\/en\/wp-json\/wp\/v2\/product_brand?post=14677"},{"taxonomy":"product_cat","embeddable":true,"href":"https:\/\/luciennelaparisienne.fr\/en\/wp-json\/wp\/v2\/product_cat?post=14677"},{"taxonomy":"product_tag","embeddable":true,"href":"https:\/\/luciennelaparisienne.fr\/en\/wp-json\/wp\/v2\/product_tag?post=14677"}],"curies":[{"name":"wp","href":"https:\/\/api.w.org\/{rel}","templated":true}]}}