{"id":14935,"date":"2025-10-09T07:56:56","date_gmt":"2025-10-09T05:56:56","guid":{"rendered":"https:\/\/luciennelaparisienne.fr\/?post_type=product&#038;p=14935"},"modified":"2026-04-10T08:18:56","modified_gmt":"2026-04-10T06:18:56","slug":"sac-de-transport-teckel-beige-et-noir","status":"publish","type":"product","link":"https:\/\/luciennelaparisienne.fr\/en\/product\/sac-de-transport-teckel-beige-et-noir\/","title":{"rendered":"Beige and black Dachshund carrier bag"},"content":{"rendered":"<p>Our dogs love to accompany us everywhere, especially dachshunds, who are very endearing and easy to carry.<\/p>\n<p>The bag is essential, especially if you enjoy taking your dachshund with you in your daily life.<\/p>\n<p>We have created a bag that can function both as a carrier and a basket. Our bag is perfectly suited for city life, where your dog can be comfortably settled in a taxi, at a restaurant, or at a friend\u2019s house.<\/p>\n<p>The bag can also serve as a basket during your travels!<\/p>\n<p>The bag is made of waterproof material and can be easily washed by hand or in a washing machine. \nA simple sponge is enough to clean small stains.<\/p>\n<p>The base is rigid, which provides good support for our dachshunds\u2019 delicate backs. The base has a zippered cover that can be removed for washing.<\/p>\n<p>The bag comes with a cover that is easy to machine wash. The cover can be removed and replaced with a faux fur version for winter.<\/p>\n<p>The handles are made of wide, flat straps so they don\u2019t hurt the shoulder. Each bag has a large zippered pocket. There is also a nylon shoulder strap. The handle fastener to hold the straps together is optional but can be added.<\/p>\n<p>The bag closes with a zipper and includes an internal strap to secure your dog. The small round treat bag is not included but can be purchased separately.<\/p>\n<p>Finally, our bags are very stylish and elegant, and can even replace your own handbag! \ud83d\ude0a<\/p>\n<p><strong>Features<\/strong><strong>\u202f:<\/strong><strong>\u00a0\u00a0<\/strong><\/p>\n<p>Color: Beige and black, with various faux fur covers available.<\/p>\n<p>Fabric: Waterproof polyester.<\/p>\n<p>Cover: Chinchilla, Black Rabbit. You can also choose a cover in another color.<\/p>\n<ul>\n<li>A nylon shoulder strap.<\/li>\n<li>Housse amovible avec la mousse en interieur<\/li>\n<li>Interior strap to secure the dog.<\/li>\n<li>Rigid bottom with a zippered cover.<\/li>\n<li>Large pocket.<\/li>\n<li>Bag with a zipper.<\/li>\n<\/ul>\n<p><strong>Care Instructions:<\/strong><strong>\u202f:<\/strong><strong>\u00a0<\/strong><\/p>\n<p>Hand wash or machine wash at 30\u00b0C. Gentle spin, do not dry clean, do not bleach. Do not iron!<\/p>\n<p><strong>Size:<\/strong><\/p>\n<p>M: 55 cm bag length, 45 cm base length (rabbits and miniatures up to 6 kg)<\/p>\n<p>L: 60 cm bag length, 50 cm base length (small standards 8 kg or two rabbits)<\/p>\n<p>XL: 70 cm bag length, 60 cm base length (standards 9 kg+ or two miniatures)<\/p>","protected":false},"excerpt":{"rendered":"<p>Nos chiens adorent nous accompagner partout. Surtout les teckels qui sont tr\u00e8s attachants et faciles \u00e0 porter. Le sac est indispensable surtout si vous aimez emmener votre teckel avec vous dans la vie de tous les jours. Nous avons cr\u00e9\u00e9 un sac qui peut \u00e0 la fois faire sac et [&hellip;]<\/p>","protected":false},"featured_media":17040,"comment_status":"open","ping_status":"closed","template":"","meta":{"inline_featured_image":false},"product_brand":[],"product_cat":[155,70],"product_tag":[],"class_list":{"0":"post-14935","1":"product","2":"type-product","3":"status-publish","4":"has-post-thumbnail","6":"product_cat-sacs","7":"product_cat-pour-nos-teckels","9":"first","10":"instock","11":"taxable","12":"shipping-taxable","13":"purchasable","14":"product-type-variable"},"yoast_head":"<!-- This site is optimized with the Yoast SEO plugin v26.6 - https:\/\/yoast.com\/wordpress\/plugins\/seo\/ -->\n<title>Sac de transport Teckel beige et noir - Lucienne la Parisienne<\/title>\n<meta name=\"robots\" content=\"index, follow, max-snippet:-1, max-image-preview:large, max-video-preview:-1\" \/>\n<link rel=\"canonical\" href=\"https:\/\/luciennelaparisienne.fr\/en\/product\/sac-de-transport-teckel-beige-et-noir\/\" \/>\n<meta property=\"og:locale\" content=\"en_GB\" \/>\n<meta property=\"og:type\" content=\"article\" \/>\n<meta property=\"og:title\" content=\"Sac de transport Teckel beige et noir - Lucienne la Parisienne\" \/>\n<meta property=\"og:description\" content=\"Nos chiens adorent nous accompagner partout. Surtout les teckels qui sont tr\u00e8s attachants et faciles \u00e0 porter. Le sac est indispensable surtout si vous aimez emmener votre teckel avec vous dans la vie de tous les jours. Nous avons cr\u00e9\u00e9 un sac qui peut \u00e0 la fois faire sac et [&hellip;]\" \/>\n<meta property=\"og:url\" content=\"https:\/\/luciennelaparisienne.fr\/en\/product\/sac-de-transport-teckel-beige-et-noir\/\" \/>\n<meta property=\"og:site_name\" content=\"Lucienne la Parisienne\" \/>\n<meta property=\"article:modified_time\" content=\"2026-04-10T06:18:56+00:00\" \/>\n<meta property=\"og:image\" content=\"https:\/\/luciennelaparisienne.fr\/wp-content\/uploads\/2025\/10\/9Q8A0723.jpg\" \/>\n\t<meta property=\"og:image:width\" content=\"1080\" \/>\n\t<meta property=\"og:image:height\" content=\"1080\" \/>\n\t<meta property=\"og:image:type\" content=\"image\/jpeg\" \/>\n<meta name=\"twitter:card\" content=\"summary_large_image\" \/>\n<meta name=\"twitter:label1\" content=\"Estimated reading time\" \/>\n\t<meta name=\"twitter:data1\" content=\"3 minutes\" \/>\n<script type=\"application\/ld+json\" class=\"yoast-schema-graph\">{\"@context\":\"https:\/\/schema.org\",\"@graph\":[{\"@type\":\"WebPage\",\"@id\":\"https:\/\/luciennelaparisienne.fr\/produit\/sac-de-transport-teckel-beige-et-noir\/\",\"url\":\"https:\/\/luciennelaparisienne.fr\/produit\/sac-de-transport-teckel-beige-et-noir\/\",\"name\":\"Sac de transport Teckel beige et noir - Lucienne la Parisienne\",\"isPartOf\":{\"@id\":\"https:\/\/luciennelaparisienne.fr\/#website\"},\"primaryImageOfPage\":{\"@id\":\"https:\/\/luciennelaparisienne.fr\/produit\/sac-de-transport-teckel-beige-et-noir\/#primaryimage\"},\"image\":{\"@id\":\"https:\/\/luciennelaparisienne.fr\/produit\/sac-de-transport-teckel-beige-et-noir\/#primaryimage\"},\"thumbnailUrl\":\"https:\/\/luciennelaparisienne.fr\/wp-content\/uploads\/2025\/10\/9Q8A0723.jpg\",\"datePublished\":\"2025-10-09T05:56:56+00:00\",\"dateModified\":\"2026-04-10T06:18:56+00:00\",\"breadcrumb\":{\"@id\":\"https:\/\/luciennelaparisienne.fr\/produit\/sac-de-transport-teckel-beige-et-noir\/#breadcrumb\"},\"inLanguage\":\"en-GB\",\"potentialAction\":[{\"@type\":\"ReadAction\",\"target\":[\"https:\/\/luciennelaparisienne.fr\/produit\/sac-de-transport-teckel-beige-et-noir\/\"]}]},{\"@type\":\"ImageObject\",\"inLanguage\":\"en-GB\",\"@id\":\"https:\/\/luciennelaparisienne.fr\/produit\/sac-de-transport-teckel-beige-et-noir\/#primaryimage\",\"url\":\"https:\/\/luciennelaparisienne.fr\/wp-content\/uploads\/2025\/10\/9Q8A0723.jpg\",\"contentUrl\":\"https:\/\/luciennelaparisienne.fr\/wp-content\/uploads\/2025\/10\/9Q8A0723.jpg\",\"width\":1080,\"height\":1080},{\"@type\":\"BreadcrumbList\",\"@id\":\"https:\/\/luciennelaparisienne.fr\/produit\/sac-de-transport-teckel-beige-et-noir\/#breadcrumb\",\"itemListElement\":[{\"@type\":\"ListItem\",\"position\":1,\"name\":\"Accueil\",\"item\":\"https:\/\/luciennelaparisienne.fr\/\"},{\"@type\":\"ListItem\",\"position\":2,\"name\":\"Boutique\",\"item\":\"https:\/\/luciennelaparisienne.fr\/shop\/\"},{\"@type\":\"ListItem\",\"position\":3,\"name\":\"Sac de transport Teckel beige et noir\"}]},{\"@type\":\"WebSite\",\"@id\":\"https:\/\/luciennelaparisienne.fr\/#website\",\"url\":\"https:\/\/luciennelaparisienne.fr\/\",\"name\":\"Lucienne la Parisienne\",\"description\":\"Produits pour Teckels\",\"potentialAction\":[{\"@type\":\"SearchAction\",\"target\":{\"@type\":\"EntryPoint\",\"urlTemplate\":\"https:\/\/luciennelaparisienne.fr\/?s={search_term_string}\"},\"query-input\":{\"@type\":\"PropertyValueSpecification\",\"valueRequired\":true,\"valueName\":\"search_term_string\"}}],\"inLanguage\":\"en-GB\"}]}<\/script>\n<!-- \/ Yoast SEO plugin. -->","yoast_head_json":{"title":"Sac de transport Teckel beige et noir - Lucienne la Parisienne","robots":{"index":"index","follow":"follow","max-snippet":"max-snippet:-1","max-image-preview":"max-image-preview:large","max-video-preview":"max-video-preview:-1"},"canonical":"https:\/\/luciennelaparisienne.fr\/en\/product\/sac-de-transport-teckel-beige-et-noir\/","og_locale":"en_GB","og_type":"article","og_title":"Sac de transport Teckel beige et noir - Lucienne la Parisienne","og_description":"Nos chiens adorent nous accompagner partout. Surtout les teckels qui sont tr\u00e8s attachants et faciles \u00e0 porter. Le sac est indispensable surtout si vous aimez emmener votre teckel avec vous dans la vie de tous les jours. Nous avons cr\u00e9\u00e9 un sac qui peut \u00e0 la fois faire sac et [&hellip;]","og_url":"https:\/\/luciennelaparisienne.fr\/en\/product\/sac-de-transport-teckel-beige-et-noir\/","og_site_name":"Lucienne la Parisienne","article_modified_time":"2026-04-10T06:18:56+00:00","og_image":[{"width":1080,"height":1080,"url":"https:\/\/luciennelaparisienne.fr\/wp-content\/uploads\/2025\/10\/9Q8A0723.jpg","type":"image\/jpeg"}],"twitter_card":"summary_large_image","twitter_misc":{"Estimated reading time":"3 minutes"},"schema":{"@context":"https:\/\/schema.org","@graph":[{"@type":"WebPage","@id":"https:\/\/luciennelaparisienne.fr\/produit\/sac-de-transport-teckel-beige-et-noir\/","url":"https:\/\/luciennelaparisienne.fr\/produit\/sac-de-transport-teckel-beige-et-noir\/","name":"Sac de transport Teckel beige et noir - Lucienne la Parisienne","isPartOf":{"@id":"https:\/\/luciennelaparisienne.fr\/#website"},"primaryImageOfPage":{"@id":"https:\/\/luciennelaparisienne.fr\/produit\/sac-de-transport-teckel-beige-et-noir\/#primaryimage"},"image":{"@id":"https:\/\/luciennelaparisienne.fr\/produit\/sac-de-transport-teckel-beige-et-noir\/#primaryimage"},"thumbnailUrl":"https:\/\/luciennelaparisienne.fr\/wp-content\/uploads\/2025\/10\/9Q8A0723.jpg","datePublished":"2025-10-09T05:56:56+00:00","dateModified":"2026-04-10T06:18:56+00:00","breadcrumb":{"@id":"https:\/\/luciennelaparisienne.fr\/produit\/sac-de-transport-teckel-beige-et-noir\/#breadcrumb"},"inLanguage":"en-GB","potentialAction":[{"@type":"ReadAction","target":["https:\/\/luciennelaparisienne.fr\/produit\/sac-de-transport-teckel-beige-et-noir\/"]}]},{"@type":"ImageObject","inLanguage":"en-GB","@id":"https:\/\/luciennelaparisienne.fr\/produit\/sac-de-transport-teckel-beige-et-noir\/#primaryimage","url":"https:\/\/luciennelaparisienne.fr\/wp-content\/uploads\/2025\/10\/9Q8A0723.jpg","contentUrl":"https:\/\/luciennelaparisienne.fr\/wp-content\/uploads\/2025\/10\/9Q8A0723.jpg","width":1080,"height":1080},{"@type":"BreadcrumbList","@id":"https:\/\/luciennelaparisienne.fr\/produit\/sac-de-transport-teckel-beige-et-noir\/#breadcrumb","itemListElement":[{"@type":"ListItem","position":1,"name":"Accueil","item":"https:\/\/luciennelaparisienne.fr\/"},{"@type":"ListItem","position":2,"name":"Boutique","item":"https:\/\/luciennelaparisienne.fr\/shop\/"},{"@type":"ListItem","position":3,"name":"Sac de transport Teckel beige et noir"}]},{"@type":"WebSite","@id":"https:\/\/luciennelaparisienne.fr\/#website","url":"https:\/\/luciennelaparisienne.fr\/","name":"Lucienne la Parisienne","description":"Produits pour Teckels","potentialAction":[{"@type":"SearchAction","target":{"@type":"EntryPoint","urlTemplate":"https:\/\/luciennelaparisienne.fr\/?s={search_term_string}"},"query-input":{"@type":"PropertyValueSpecification","valueRequired":true,"valueName":"search_term_string"}}],"inLanguage":"en-GB"}]}},"_links":{"self":[{"href":"https:\/\/luciennelaparisienne.fr\/en\/wp-json\/wp\/v2\/product\/14935","targetHints":{"allow":["GET"]}}],"collection":[{"href":"https:\/\/luciennelaparisienne.fr\/en\/wp-json\/wp\/v2\/product"}],"about":[{"href":"https:\/\/luciennelaparisienne.fr\/en\/wp-json\/wp\/v2\/types\/product"}],"replies":[{"embeddable":true,"href":"https:\/\/luciennelaparisienne.fr\/en\/wp-json\/wp\/v2\/comments?post=14935"}],"wp:featuredmedia":[{"embeddable":true,"href":"https:\/\/luciennelaparisienne.fr\/en\/wp-json\/wp\/v2\/media\/17040"}],"wp:attachment":[{"href":"https:\/\/luciennelaparisienne.fr\/en\/wp-json\/wp\/v2\/media?parent=14935"}],"wp:term":[{"taxonomy":"product_brand","embeddable":true,"href":"https:\/\/luciennelaparisienne.fr\/en\/wp-json\/wp\/v2\/product_brand?post=14935"},{"taxonomy":"product_cat","embeddable":true,"href":"https:\/\/luciennelaparisienne.fr\/en\/wp-json\/wp\/v2\/product_cat?post=14935"},{"taxonomy":"product_tag","embeddable":true,"href":"https:\/\/luciennelaparisienne.fr\/en\/wp-json\/wp\/v2\/product_tag?post=14935"}],"curies":[{"name":"wp","href":"https:\/\/api.w.org\/{rel}","templated":true}]}}