{"id":15321,"date":"2025-11-14T17:21:36","date_gmt":"2025-11-14T16:21:36","guid":{"rendered":"https:\/\/luciennelaparisienne.fr\/?post_type=product&#038;p=15321"},"modified":"2026-04-20T10:46:42","modified_gmt":"2026-04-20T08:46:42","slug":"trench-coat-montaigne","status":"publish","type":"product","link":"https:\/\/luciennelaparisienne.fr\/en\/product\/trench-coat-montaigne\/","title":{"rendered":"Trench-coat Montaigne"},"content":{"rendered":"<p><strong>Trench-coat Montaigne<\/strong><br \/>\n<span style=\"font-size: 10pt;\">Le v\u00e9ritable bijou de notre collection, c\u2019est ce trench-coat Montaigne. Chic, \u00e9l\u00e9gant et parfaitement coup\u00e9, il met en valeur la silhouette de votre teckel et lui donne une allure irr\u00e9sistible.<\/span><br \/>\n<span style=\"font-size: 10pt;\">Le tissu est d\u00e9perlant des deux c\u00f4t\u00e9s, id\u00e9al pour affronter la pluie tout en restant styl\u00e9. Une ouverture sur le dos est pr\u00e9vue pour le harnais. La fermeture se fait par boutons-pression pour plus de praticit\u00e9.<\/span><br \/>\n<span style=\"font-size: 10pt;\">With this trench coat, your dachshund will undoubtedly be the chicest and most elegant! Perfect for mid-season.<\/span><br \/>\n<span style=\"font-size: 10pt;\"><em>La couleur Beige est doubl\u00e9 d\u2019un \u00e9l\u00e9gant tissu \u00e0 carreaux qui apporte une touche de raffinement suppl\u00e9mentaire. Les couleurs Noir et Kaki sont doubl\u00e9s polaire.<\/em><\/span><\/p>\n<p><strong>Characteristics:<\/strong><br \/>\n<span style=\"font-size: 10pt;\">Couleurs: Noire, Beige, Kaki<\/span><br \/>\n<span style=\"font-size: 10pt;\">Fabric: 84% Polyester, 16% Polyamide<\/span><\/p>\n<p><strong>Care:\u00a0<\/strong><span style=\"font-size: 10pt;\">Hand wash or machine wash at 30\u00b0C. Light spin and drying.<\/span><\/p>\n<p><span style=\"font-size: 10pt;\"><em>Please note that the colors displayed in the photos may vary slightly depending on your screen.<\/em><\/span><\/p>\n<p>XXS: Dachshund Kaninchen 3-4 kg<\/p>\n<p>XS: Mini Dachshund 5 kg<\/p>\n<p>S: Miniature Dachshund 6-7 kg<\/p>\n<p>M: Standard Dachshund 8\u20138.5 kg<\/p>\n<p>L: Large Standard Dachshund 9\u201310 kg<\/p>\n<p>XL: Large Standard Dachshund 10\u202fkg+<\/p>\n<p>The trench coats are made to order, with an expected wait of 1\u20132 weeks.<\/p>\n<p>Custom orders are available, thank you for <a href=\"https:\/\/luciennelaparisienne.fr\/contactez-nous\/\"><strong>contacting us via the Contact section<\/strong><\/a>.<\/p>\n<p>Please note that the colors in the photos may vary slightly.<\/p>\n<p>&nbsp;<\/p>","protected":false},"excerpt":{"rendered":"<p>Trench-coat Montaigne Le v\u00e9ritable bijou de notre collection, c\u2019est ce trench-coat Montaigne. Chic, \u00e9l\u00e9gant et parfaitement coup\u00e9, il met en valeur la silhouette de votre teckel et lui donne une allure irr\u00e9sistible. Le tissu est d\u00e9perlant des deux c\u00f4t\u00e9s, id\u00e9al pour affronter la pluie tout en restant styl\u00e9. Une ouverture [&hellip;]<\/p>","protected":false},"featured_media":15820,"comment_status":"open","ping_status":"closed","template":"","meta":{"inline_featured_image":false},"product_brand":[],"product_cat":[70,72,153],"product_tag":[],"class_list":{"0":"post-15321","1":"product","2":"type-product","3":"status-publish","4":"has-post-thumbnail","6":"product_cat-pour-nos-teckels","7":"product_cat-pour-shabiller","8":"product_cat-vetements","10":"first","11":"instock","12":"featured","13":"taxable","14":"shipping-taxable","15":"purchasable","16":"product-type-variable"},"yoast_head":"<!-- This site is optimized with the Yoast SEO plugin v26.6 - https:\/\/yoast.com\/wordpress\/plugins\/seo\/ -->\n<title>Imperm\u00e9able pour Chien, Teckel | Lucienne la Parisienne<\/title>\n<meta name=\"description\" content=\"Magnifiques v\u00eatements &amp; accessoires pour prendre soin de son chien. Produits con\u00e7us pour les teckels 100% artisanaux et fabriqu\u00e9s en France.\" \/>\n<meta name=\"robots\" content=\"index, follow, max-snippet:-1, max-image-preview:large, max-video-preview:-1\" \/>\n<link rel=\"canonical\" href=\"https:\/\/luciennelaparisienne.fr\/en\/product\/trench-coat-montaigne\/\" \/>\n<meta property=\"og:locale\" content=\"en_GB\" \/>\n<meta property=\"og:type\" content=\"article\" \/>\n<meta property=\"og:title\" content=\"Imperm\u00e9able pour Chien, Teckel | Lucienne la Parisienne\" \/>\n<meta property=\"og:description\" content=\"Magnifiques v\u00eatements &amp; accessoires pour prendre soin de son chien. Produits con\u00e7us pour les teckels 100% artisanaux et fabriqu\u00e9s en France.\" \/>\n<meta property=\"og:url\" content=\"https:\/\/luciennelaparisienne.fr\/en\/product\/trench-coat-montaigne\/\" \/>\n<meta property=\"og:site_name\" content=\"Lucienne la Parisienne\" \/>\n<meta property=\"article:modified_time\" content=\"2026-04-20T08:46:42+00:00\" \/>\n<meta property=\"og:image\" content=\"https:\/\/luciennelaparisienne.fr\/wp-content\/uploads\/2025\/11\/9Q8A8378-copy_resized.jpeg\" \/>\n\t<meta property=\"og:image:width\" content=\"2560\" \/>\n\t<meta property=\"og:image:height\" content=\"2560\" \/>\n\t<meta property=\"og:image:type\" content=\"image\/jpeg\" \/>\n<meta name=\"twitter:card\" content=\"summary_large_image\" \/>\n<meta name=\"twitter:label1\" content=\"Estimated reading time\" \/>\n\t<meta name=\"twitter:data1\" content=\"2 minutes\" \/>\n<script type=\"application\/ld+json\" class=\"yoast-schema-graph\">{\"@context\":\"https:\/\/schema.org\",\"@graph\":[{\"@type\":\"WebPage\",\"@id\":\"https:\/\/luciennelaparisienne.fr\/produit\/trench-coat-montaigne\/\",\"url\":\"https:\/\/luciennelaparisienne.fr\/produit\/trench-coat-montaigne\/\",\"name\":\"Imperm\u00e9able pour Chien, Teckel | Lucienne la Parisienne\",\"isPartOf\":{\"@id\":\"https:\/\/luciennelaparisienne.fr\/#website\"},\"primaryImageOfPage\":{\"@id\":\"https:\/\/luciennelaparisienne.fr\/produit\/trench-coat-montaigne\/#primaryimage\"},\"image\":{\"@id\":\"https:\/\/luciennelaparisienne.fr\/produit\/trench-coat-montaigne\/#primaryimage\"},\"thumbnailUrl\":\"https:\/\/luciennelaparisienne.fr\/wp-content\/uploads\/2025\/11\/9Q8A8378-copy_resized.jpeg\",\"datePublished\":\"2025-11-14T16:21:36+00:00\",\"dateModified\":\"2026-04-20T08:46:42+00:00\",\"description\":\"Magnifiques v\u00eatements & accessoires pour prendre soin de son chien. Produits con\u00e7us pour les teckels 100% artisanaux et fabriqu\u00e9s en France.\",\"breadcrumb\":{\"@id\":\"https:\/\/luciennelaparisienne.fr\/produit\/trench-coat-montaigne\/#breadcrumb\"},\"inLanguage\":\"en-GB\",\"potentialAction\":[{\"@type\":\"ReadAction\",\"target\":[\"https:\/\/luciennelaparisienne.fr\/produit\/trench-coat-montaigne\/\"]}]},{\"@type\":\"ImageObject\",\"inLanguage\":\"en-GB\",\"@id\":\"https:\/\/luciennelaparisienne.fr\/produit\/trench-coat-montaigne\/#primaryimage\",\"url\":\"https:\/\/luciennelaparisienne.fr\/wp-content\/uploads\/2025\/11\/9Q8A8378-copy_resized.jpeg\",\"contentUrl\":\"https:\/\/luciennelaparisienne.fr\/wp-content\/uploads\/2025\/11\/9Q8A8378-copy_resized.jpeg\",\"width\":2560,\"height\":2560},{\"@type\":\"BreadcrumbList\",\"@id\":\"https:\/\/luciennelaparisienne.fr\/produit\/trench-coat-montaigne\/#breadcrumb\",\"itemListElement\":[{\"@type\":\"ListItem\",\"position\":1,\"name\":\"Accueil\",\"item\":\"https:\/\/luciennelaparisienne.fr\/\"},{\"@type\":\"ListItem\",\"position\":2,\"name\":\"Boutique\",\"item\":\"https:\/\/luciennelaparisienne.fr\/shop\/\"},{\"@type\":\"ListItem\",\"position\":3,\"name\":\"Trench-coat Montaigne\"}]},{\"@type\":\"WebSite\",\"@id\":\"https:\/\/luciennelaparisienne.fr\/#website\",\"url\":\"https:\/\/luciennelaparisienne.fr\/\",\"name\":\"Lucienne la Parisienne\",\"description\":\"Produits pour Teckels\",\"potentialAction\":[{\"@type\":\"SearchAction\",\"target\":{\"@type\":\"EntryPoint\",\"urlTemplate\":\"https:\/\/luciennelaparisienne.fr\/?s={search_term_string}\"},\"query-input\":{\"@type\":\"PropertyValueSpecification\",\"valueRequired\":true,\"valueName\":\"search_term_string\"}}],\"inLanguage\":\"en-GB\"}]}<\/script>\n<!-- \/ Yoast SEO plugin. -->","yoast_head_json":{"title":"Imperm\u00e9able pour Chien, Teckel | Lucienne la Parisienne","description":"Magnifiques v\u00eatements & accessoires pour prendre soin de son chien. Produits con\u00e7us pour les teckels 100% artisanaux et fabriqu\u00e9s en France.","robots":{"index":"index","follow":"follow","max-snippet":"max-snippet:-1","max-image-preview":"max-image-preview:large","max-video-preview":"max-video-preview:-1"},"canonical":"https:\/\/luciennelaparisienne.fr\/en\/product\/trench-coat-montaigne\/","og_locale":"en_GB","og_type":"article","og_title":"Imperm\u00e9able pour Chien, Teckel | Lucienne la Parisienne","og_description":"Magnifiques v\u00eatements & accessoires pour prendre soin de son chien. Produits con\u00e7us pour les teckels 100% artisanaux et fabriqu\u00e9s en France.","og_url":"https:\/\/luciennelaparisienne.fr\/en\/product\/trench-coat-montaigne\/","og_site_name":"Lucienne la Parisienne","article_modified_time":"2026-04-20T08:46:42+00:00","og_image":[{"width":2560,"height":2560,"url":"https:\/\/luciennelaparisienne.fr\/wp-content\/uploads\/2025\/11\/9Q8A8378-copy_resized.jpeg","type":"image\/jpeg"}],"twitter_card":"summary_large_image","twitter_misc":{"Estimated reading time":"2 minutes"},"schema":{"@context":"https:\/\/schema.org","@graph":[{"@type":"WebPage","@id":"https:\/\/luciennelaparisienne.fr\/produit\/trench-coat-montaigne\/","url":"https:\/\/luciennelaparisienne.fr\/produit\/trench-coat-montaigne\/","name":"Imperm\u00e9able pour Chien, Teckel | Lucienne la Parisienne","isPartOf":{"@id":"https:\/\/luciennelaparisienne.fr\/#website"},"primaryImageOfPage":{"@id":"https:\/\/luciennelaparisienne.fr\/produit\/trench-coat-montaigne\/#primaryimage"},"image":{"@id":"https:\/\/luciennelaparisienne.fr\/produit\/trench-coat-montaigne\/#primaryimage"},"thumbnailUrl":"https:\/\/luciennelaparisienne.fr\/wp-content\/uploads\/2025\/11\/9Q8A8378-copy_resized.jpeg","datePublished":"2025-11-14T16:21:36+00:00","dateModified":"2026-04-20T08:46:42+00:00","description":"Magnifiques v\u00eatements & accessoires pour prendre soin de son chien. Produits con\u00e7us pour les teckels 100% artisanaux et fabriqu\u00e9s en France.","breadcrumb":{"@id":"https:\/\/luciennelaparisienne.fr\/produit\/trench-coat-montaigne\/#breadcrumb"},"inLanguage":"en-GB","potentialAction":[{"@type":"ReadAction","target":["https:\/\/luciennelaparisienne.fr\/produit\/trench-coat-montaigne\/"]}]},{"@type":"ImageObject","inLanguage":"en-GB","@id":"https:\/\/luciennelaparisienne.fr\/produit\/trench-coat-montaigne\/#primaryimage","url":"https:\/\/luciennelaparisienne.fr\/wp-content\/uploads\/2025\/11\/9Q8A8378-copy_resized.jpeg","contentUrl":"https:\/\/luciennelaparisienne.fr\/wp-content\/uploads\/2025\/11\/9Q8A8378-copy_resized.jpeg","width":2560,"height":2560},{"@type":"BreadcrumbList","@id":"https:\/\/luciennelaparisienne.fr\/produit\/trench-coat-montaigne\/#breadcrumb","itemListElement":[{"@type":"ListItem","position":1,"name":"Accueil","item":"https:\/\/luciennelaparisienne.fr\/"},{"@type":"ListItem","position":2,"name":"Boutique","item":"https:\/\/luciennelaparisienne.fr\/shop\/"},{"@type":"ListItem","position":3,"name":"Trench-coat Montaigne"}]},{"@type":"WebSite","@id":"https:\/\/luciennelaparisienne.fr\/#website","url":"https:\/\/luciennelaparisienne.fr\/","name":"Lucienne la Parisienne","description":"Produits pour Teckels","potentialAction":[{"@type":"SearchAction","target":{"@type":"EntryPoint","urlTemplate":"https:\/\/luciennelaparisienne.fr\/?s={search_term_string}"},"query-input":{"@type":"PropertyValueSpecification","valueRequired":true,"valueName":"search_term_string"}}],"inLanguage":"en-GB"}]}},"_links":{"self":[{"href":"https:\/\/luciennelaparisienne.fr\/en\/wp-json\/wp\/v2\/product\/15321","targetHints":{"allow":["GET"]}}],"collection":[{"href":"https:\/\/luciennelaparisienne.fr\/en\/wp-json\/wp\/v2\/product"}],"about":[{"href":"https:\/\/luciennelaparisienne.fr\/en\/wp-json\/wp\/v2\/types\/product"}],"replies":[{"embeddable":true,"href":"https:\/\/luciennelaparisienne.fr\/en\/wp-json\/wp\/v2\/comments?post=15321"}],"wp:featuredmedia":[{"embeddable":true,"href":"https:\/\/luciennelaparisienne.fr\/en\/wp-json\/wp\/v2\/media\/15820"}],"wp:attachment":[{"href":"https:\/\/luciennelaparisienne.fr\/en\/wp-json\/wp\/v2\/media?parent=15321"}],"wp:term":[{"taxonomy":"product_brand","embeddable":true,"href":"https:\/\/luciennelaparisienne.fr\/en\/wp-json\/wp\/v2\/product_brand?post=15321"},{"taxonomy":"product_cat","embeddable":true,"href":"https:\/\/luciennelaparisienne.fr\/en\/wp-json\/wp\/v2\/product_cat?post=15321"},{"taxonomy":"product_tag","embeddable":true,"href":"https:\/\/luciennelaparisienne.fr\/en\/wp-json\/wp\/v2\/product_tag?post=15321"}],"curies":[{"name":"wp","href":"https:\/\/api.w.org\/{rel}","templated":true}]}}