{"id":15786,"date":"2025-12-03T17:41:49","date_gmt":"2025-12-03T16:41:49","guid":{"rendered":"https:\/\/luciennelaparisienne.fr\/?post_type=product&#038;p=15786"},"modified":"2026-04-20T10:41:25","modified_gmt":"2026-04-20T08:41:25","slug":"manteau-trocadero","status":"publish","type":"product","link":"https:\/\/luciennelaparisienne.fr\/en\/product\/manteau-trocadero\/","title":{"rendered":"Trocad\u00e9ro jacket"},"content":{"rendered":"<p><strong>Trocad\u00e9ro jacket<\/strong><br \/>\n<span style=\"font-size: 10pt;\">The Trocad\u00e9ro jacket is a new model that is warm, lightweight, and waterproof.<\/span><br \/>\n<span style=\"font-size: 10pt;\">Equipped with snap buttons, this coat effectively protects your dachshund in wet weather. <\/span><span style=\"font-size: 10pt;\">L\u2019int\u00e9rieur est doubl\u00e9 d\u2019un tissu imperm\u00e9able, donc il ne va pas absorber l\u2019humidit\u00e9 venant du sol. <\/span><span style=\"font-size: 10pt;\">It washes and dries very easily and quickly.<\/span><br \/>\n<span style=\"font-size: 10pt;\">An opening for a harness is provided on the upper back.\u00a0 <\/span><span style=\"font-size: 10pt;\">Very easy to put on: simply slip the jacket over your dog\u2019s head and fasten the buttons on the side.\u00a0<\/span><br \/>\n<span style=\"font-size: 10pt;\">Perfect for mid-season: lightweight yet warm enough.<\/span><\/p>\n<p><strong>Features<\/strong> :<br \/>\n<span style=\"font-size: 10pt;\">Couleur : Noir bleue, noir vert, noir rose poudr\u00e9e.<\/span><br \/>\n<span style=\"font-size: 10pt;\">Fabric: 84% Polyester, 16% Polyamide<\/span><\/p>\n<p><strong>Care: <\/strong><span style=\"font-size: 10pt;\">Hand wash or machine wash at 30\u00b0C. Light spin and drying.<\/span><\/p>\n<p><span style=\"font-size: 10pt;\"><em>Please note that the colors displayed in the photos may vary slightly depending on your screen.<\/em><\/span><\/p>\n<p><strong>Available in sizes:<\/strong><\/p>\n<p>Available in sizes:<\/p>\n<p>XXS: Dachshund Kaninchen 3-4 kg<\/p>\n<p>XS: Mini Dachshund 5 kg<\/p>\n<p>S: Miniature Dachshund 6-7 kg<\/p>\n<p>M: Standard Dachshund 8\u20138.5 kg<\/p>\n<p>L: Large Standard Dachshund 9\u201310 kg<\/p>\n<p>XL: Large Standard Dachshund 10\u202fkg+<\/p>\n<p>Size XL is made to order and upon payment.<\/p>\n<p><strong>Custom manufacturing is done after payment and takes approximately two weeks.<\/strong><\/p>\n<p>Please note that the colors in the photos may vary slightly.<\/p>","protected":false},"excerpt":{"rendered":"<p>Manteau Trocad\u00e9ro Le manteau Trocad\u00e9ro est un nouveau mod\u00e8le \u00e0 la fois chaud, l\u00e9ger et imperm\u00e9able. Dot\u00e9 de boutons-pressions, ce manteau prot\u00e8ge efficacement votre teckel par temps humide. L\u2019int\u00e9rieur est doubl\u00e9 d\u2019un tissu imperm\u00e9able, donc il ne va pas absorber l\u2019humidit\u00e9 venant du sol. Il se lave et se s\u00e8che [&hellip;]<\/p>","protected":false},"featured_media":15991,"comment_status":"open","ping_status":"closed","template":"","meta":{"inline_featured_image":false},"product_brand":[],"product_cat":[203,70,72,153],"product_tag":[],"class_list":{"0":"post-15786","1":"product","2":"type-product","3":"status-publish","4":"has-post-thumbnail","6":"product_cat-fin-de-collection","7":"product_cat-pour-nos-teckels","8":"product_cat-pour-shabiller","9":"product_cat-vetements","11":"first","12":"instock","13":"taxable","14":"shipping-taxable","15":"purchasable","16":"product-type-variable","17":"has-default-attributes"},"yoast_head":"<!-- This site is optimized with the Yoast SEO plugin v26.6 - https:\/\/yoast.com\/wordpress\/plugins\/seo\/ -->\n<title>Manteau Trocad\u00e9ro - Lucienne la Parisienne<\/title>\n<meta name=\"robots\" content=\"index, follow, max-snippet:-1, max-image-preview:large, max-video-preview:-1\" \/>\n<link rel=\"canonical\" href=\"https:\/\/luciennelaparisienne.fr\/en\/product\/manteau-trocadero\/\" \/>\n<meta property=\"og:locale\" content=\"en_GB\" \/>\n<meta property=\"og:type\" content=\"article\" \/>\n<meta property=\"og:title\" content=\"Manteau Trocad\u00e9ro - Lucienne la Parisienne\" \/>\n<meta property=\"og:description\" content=\"Manteau Trocad\u00e9ro Le manteau Trocad\u00e9ro est un nouveau mod\u00e8le \u00e0 la fois chaud, l\u00e9ger et imperm\u00e9able. Dot\u00e9 de boutons-pressions, ce manteau prot\u00e8ge efficacement votre teckel par temps humide. L\u2019int\u00e9rieur est doubl\u00e9 d\u2019un tissu imperm\u00e9able, donc il ne va pas absorber l\u2019humidit\u00e9 venant du sol. Il se lave et se s\u00e8che [&hellip;]\" \/>\n<meta property=\"og:url\" content=\"https:\/\/luciennelaparisienne.fr\/en\/product\/manteau-trocadero\/\" \/>\n<meta property=\"og:site_name\" content=\"Lucienne la Parisienne\" \/>\n<meta property=\"article:modified_time\" content=\"2026-04-20T08:41:25+00:00\" \/>\n<meta property=\"og:image\" content=\"https:\/\/luciennelaparisienne.fr\/wp-content\/uploads\/2025\/12\/2-05.jpg\" \/>\n\t<meta property=\"og:image:width\" content=\"1000\" \/>\n\t<meta property=\"og:image:height\" content=\"1000\" \/>\n\t<meta property=\"og:image:type\" content=\"image\/jpeg\" \/>\n<meta name=\"twitter:card\" content=\"summary_large_image\" \/>\n<meta name=\"twitter:label1\" content=\"Estimated reading time\" \/>\n\t<meta name=\"twitter:data1\" content=\"2 minutes\" \/>\n<script type=\"application\/ld+json\" class=\"yoast-schema-graph\">{\"@context\":\"https:\/\/schema.org\",\"@graph\":[{\"@type\":\"WebPage\",\"@id\":\"https:\/\/luciennelaparisienne.fr\/produit\/manteau-trocadero\/\",\"url\":\"https:\/\/luciennelaparisienne.fr\/produit\/manteau-trocadero\/\",\"name\":\"Manteau Trocad\u00e9ro - Lucienne la Parisienne\",\"isPartOf\":{\"@id\":\"https:\/\/luciennelaparisienne.fr\/#website\"},\"primaryImageOfPage\":{\"@id\":\"https:\/\/luciennelaparisienne.fr\/produit\/manteau-trocadero\/#primaryimage\"},\"image\":{\"@id\":\"https:\/\/luciennelaparisienne.fr\/produit\/manteau-trocadero\/#primaryimage\"},\"thumbnailUrl\":\"https:\/\/luciennelaparisienne.fr\/wp-content\/uploads\/2025\/12\/2-05.jpg\",\"datePublished\":\"2025-12-03T16:41:49+00:00\",\"dateModified\":\"2026-04-20T08:41:25+00:00\",\"breadcrumb\":{\"@id\":\"https:\/\/luciennelaparisienne.fr\/produit\/manteau-trocadero\/#breadcrumb\"},\"inLanguage\":\"en-GB\",\"potentialAction\":[{\"@type\":\"ReadAction\",\"target\":[\"https:\/\/luciennelaparisienne.fr\/produit\/manteau-trocadero\/\"]}]},{\"@type\":\"ImageObject\",\"inLanguage\":\"en-GB\",\"@id\":\"https:\/\/luciennelaparisienne.fr\/produit\/manteau-trocadero\/#primaryimage\",\"url\":\"https:\/\/luciennelaparisienne.fr\/wp-content\/uploads\/2025\/12\/2-05.jpg\",\"contentUrl\":\"https:\/\/luciennelaparisienne.fr\/wp-content\/uploads\/2025\/12\/2-05.jpg\",\"width\":1000,\"height\":1000},{\"@type\":\"BreadcrumbList\",\"@id\":\"https:\/\/luciennelaparisienne.fr\/produit\/manteau-trocadero\/#breadcrumb\",\"itemListElement\":[{\"@type\":\"ListItem\",\"position\":1,\"name\":\"Accueil\",\"item\":\"https:\/\/luciennelaparisienne.fr\/\"},{\"@type\":\"ListItem\",\"position\":2,\"name\":\"Boutique\",\"item\":\"https:\/\/luciennelaparisienne.fr\/shop\/\"},{\"@type\":\"ListItem\",\"position\":3,\"name\":\"Manteau Trocad\u00e9ro\"}]},{\"@type\":\"WebSite\",\"@id\":\"https:\/\/luciennelaparisienne.fr\/#website\",\"url\":\"https:\/\/luciennelaparisienne.fr\/\",\"name\":\"Lucienne la Parisienne\",\"description\":\"Produits pour Teckels\",\"potentialAction\":[{\"@type\":\"SearchAction\",\"target\":{\"@type\":\"EntryPoint\",\"urlTemplate\":\"https:\/\/luciennelaparisienne.fr\/?s={search_term_string}\"},\"query-input\":{\"@type\":\"PropertyValueSpecification\",\"valueRequired\":true,\"valueName\":\"search_term_string\"}}],\"inLanguage\":\"en-GB\"}]}<\/script>\n<!-- \/ Yoast SEO plugin. -->","yoast_head_json":{"title":"Manteau Trocad\u00e9ro - Lucienne la Parisienne","robots":{"index":"index","follow":"follow","max-snippet":"max-snippet:-1","max-image-preview":"max-image-preview:large","max-video-preview":"max-video-preview:-1"},"canonical":"https:\/\/luciennelaparisienne.fr\/en\/product\/manteau-trocadero\/","og_locale":"en_GB","og_type":"article","og_title":"Manteau Trocad\u00e9ro - Lucienne la Parisienne","og_description":"Manteau Trocad\u00e9ro Le manteau Trocad\u00e9ro est un nouveau mod\u00e8le \u00e0 la fois chaud, l\u00e9ger et imperm\u00e9able. Dot\u00e9 de boutons-pressions, ce manteau prot\u00e8ge efficacement votre teckel par temps humide. L\u2019int\u00e9rieur est doubl\u00e9 d\u2019un tissu imperm\u00e9able, donc il ne va pas absorber l\u2019humidit\u00e9 venant du sol. Il se lave et se s\u00e8che [&hellip;]","og_url":"https:\/\/luciennelaparisienne.fr\/en\/product\/manteau-trocadero\/","og_site_name":"Lucienne la Parisienne","article_modified_time":"2026-04-20T08:41:25+00:00","og_image":[{"width":1000,"height":1000,"url":"https:\/\/luciennelaparisienne.fr\/wp-content\/uploads\/2025\/12\/2-05.jpg","type":"image\/jpeg"}],"twitter_card":"summary_large_image","twitter_misc":{"Estimated reading time":"2 minutes"},"schema":{"@context":"https:\/\/schema.org","@graph":[{"@type":"WebPage","@id":"https:\/\/luciennelaparisienne.fr\/produit\/manteau-trocadero\/","url":"https:\/\/luciennelaparisienne.fr\/produit\/manteau-trocadero\/","name":"Manteau Trocad\u00e9ro - Lucienne la Parisienne","isPartOf":{"@id":"https:\/\/luciennelaparisienne.fr\/#website"},"primaryImageOfPage":{"@id":"https:\/\/luciennelaparisienne.fr\/produit\/manteau-trocadero\/#primaryimage"},"image":{"@id":"https:\/\/luciennelaparisienne.fr\/produit\/manteau-trocadero\/#primaryimage"},"thumbnailUrl":"https:\/\/luciennelaparisienne.fr\/wp-content\/uploads\/2025\/12\/2-05.jpg","datePublished":"2025-12-03T16:41:49+00:00","dateModified":"2026-04-20T08:41:25+00:00","breadcrumb":{"@id":"https:\/\/luciennelaparisienne.fr\/produit\/manteau-trocadero\/#breadcrumb"},"inLanguage":"en-GB","potentialAction":[{"@type":"ReadAction","target":["https:\/\/luciennelaparisienne.fr\/produit\/manteau-trocadero\/"]}]},{"@type":"ImageObject","inLanguage":"en-GB","@id":"https:\/\/luciennelaparisienne.fr\/produit\/manteau-trocadero\/#primaryimage","url":"https:\/\/luciennelaparisienne.fr\/wp-content\/uploads\/2025\/12\/2-05.jpg","contentUrl":"https:\/\/luciennelaparisienne.fr\/wp-content\/uploads\/2025\/12\/2-05.jpg","width":1000,"height":1000},{"@type":"BreadcrumbList","@id":"https:\/\/luciennelaparisienne.fr\/produit\/manteau-trocadero\/#breadcrumb","itemListElement":[{"@type":"ListItem","position":1,"name":"Accueil","item":"https:\/\/luciennelaparisienne.fr\/"},{"@type":"ListItem","position":2,"name":"Boutique","item":"https:\/\/luciennelaparisienne.fr\/shop\/"},{"@type":"ListItem","position":3,"name":"Manteau Trocad\u00e9ro"}]},{"@type":"WebSite","@id":"https:\/\/luciennelaparisienne.fr\/#website","url":"https:\/\/luciennelaparisienne.fr\/","name":"Lucienne la Parisienne","description":"Produits pour Teckels","potentialAction":[{"@type":"SearchAction","target":{"@type":"EntryPoint","urlTemplate":"https:\/\/luciennelaparisienne.fr\/?s={search_term_string}"},"query-input":{"@type":"PropertyValueSpecification","valueRequired":true,"valueName":"search_term_string"}}],"inLanguage":"en-GB"}]}},"_links":{"self":[{"href":"https:\/\/luciennelaparisienne.fr\/en\/wp-json\/wp\/v2\/product\/15786","targetHints":{"allow":["GET"]}}],"collection":[{"href":"https:\/\/luciennelaparisienne.fr\/en\/wp-json\/wp\/v2\/product"}],"about":[{"href":"https:\/\/luciennelaparisienne.fr\/en\/wp-json\/wp\/v2\/types\/product"}],"replies":[{"embeddable":true,"href":"https:\/\/luciennelaparisienne.fr\/en\/wp-json\/wp\/v2\/comments?post=15786"}],"wp:featuredmedia":[{"embeddable":true,"href":"https:\/\/luciennelaparisienne.fr\/en\/wp-json\/wp\/v2\/media\/15991"}],"wp:attachment":[{"href":"https:\/\/luciennelaparisienne.fr\/en\/wp-json\/wp\/v2\/media?parent=15786"}],"wp:term":[{"taxonomy":"product_brand","embeddable":true,"href":"https:\/\/luciennelaparisienne.fr\/en\/wp-json\/wp\/v2\/product_brand?post=15786"},{"taxonomy":"product_cat","embeddable":true,"href":"https:\/\/luciennelaparisienne.fr\/en\/wp-json\/wp\/v2\/product_cat?post=15786"},{"taxonomy":"product_tag","embeddable":true,"href":"https:\/\/luciennelaparisienne.fr\/en\/wp-json\/wp\/v2\/product_tag?post=15786"}],"curies":[{"name":"wp","href":"https:\/\/api.w.org\/{rel}","templated":true}]}}