{"id":16009,"date":"2026-01-02T18:30:04","date_gmt":"2026-01-02T17:30:04","guid":{"rendered":"https:\/\/luciennelaparisienne.fr\/?post_type=product&#038;p=16009"},"modified":"2026-04-22T14:04:21","modified_gmt":"2026-04-22T12:04:21","slug":"impermeable-concorde","status":"publish","type":"product","link":"https:\/\/luciennelaparisienne.fr\/en\/product\/impermeable-concorde\/","title":{"rendered":"Concorde raincoat"},"content":{"rendered":"<p><strong>Concorde raincoat<\/strong> \u2014 L\u00e9ger &amp; Sport Chic!<\/p>\n<p><span style=\"font-size: 10pt;\"><span style=\"font-weight: 400;\">L&rsquo;imperm\u00e9able Concorde est id\u00e9al pour la mi-saison et les journ\u00e9es pluvieuses. L&rsquo;imperm\u00e9able prot\u00e8ge efficacement contre la pluie et le vent, tout en restant confortable pour votre teckel.<\/span><span style=\"font-weight: 400;\"><br \/>\n<\/span><span style=\"font-weight: 400;\">The interior is lined with a neoprene-like fabric that helps retain warmth without adding bulk. It does not absorb moisture.<\/span><span style=\"font-weight: 400;\"><br \/>\n<\/span><span style=\"font-weight: 400;\">An opening on the top of the back allows for a harness to pass through. The hook-and-loop (Velcro) closure is quick and easy to use, perfect for dogs who don\u2019t like buttons. Reflective strips provide better visibility during evening walks or in low light.<\/span><\/span><br \/>\n<span style=\"font-weight: 400; font-size: 10pt;\">The raincoat features elastic straps for the legs to keep the coat securely in place. If your dachshund doesn\u2019t like the elastics, they can be shortened to the minimum or simply not used.<\/span><br \/>\n<span style=\"font-weight: 400; font-size: 10pt;\">A practical and stylish essential for rainy days and forest walks.<\/span><\/p>\n<p><strong>Characteristics:<\/strong><br \/>\n<span style=\"font-size: 10pt;\">Colors: Black and red, black and khaki<\/span><br \/>\n<span style=\"font-size: 10pt;\">Fabric: 84% Polyester, 16% Polyamide<\/span><\/p>\n<p><strong>Available in sizes:<\/strong><br \/>\n<span style=\"font-size: 10pt;\">XXS: Dachshund Kaninchen 3-4 kg<\/span><br \/>\n<span style=\"font-size: 10pt;\">XS: Mini Dachshund 5 kg<\/span><br \/>\n<span style=\"font-size: 10pt;\">S: Miniature Dachshund 6-7 kg<\/span><br \/>\n<span style=\"font-size: 10pt;\">M: Standard Dachshund 8\u20138.5 kg<\/span><br \/>\n<span style=\"font-size: 10pt;\">L: Large Standard Dachshund 9\u201310 kg<\/span><br \/>\n<span style=\"font-size: 10pt;\">XL: Large Standard Dachshund 10\u202fkg+<\/span><br \/>\n<span style=\"font-size: 10pt;\">Sizes XXS and XL are made only on pre-order and after payment is received.<\/span><br \/>\n<span style=\"font-size: 10pt;\">Custom orders are available, thank you for <a href=\"https:\/\/luciennelaparisienne.fr\/contactez-nous\/\"><strong>contacting us via the Contact section<\/strong><\/a>.<\/span><br \/>\n<span style=\"font-size: 10pt;\"><strong>Custom manufacturing is done after payment and takes approximately two weeks.<\/strong><\/span><\/p>\n<p><em>Please note that the colors displayed in the photos may vary slightly depending on your screen.<\/em><\/p>","protected":false},"excerpt":{"rendered":"<p>Imperm\u00e9able Concorde \u2014 L\u00e9ger &amp; Sport Chic! L&rsquo;imperm\u00e9able Concorde est id\u00e9al pour la mi-saison et les journ\u00e9es pluvieuses. L&rsquo;imperm\u00e9able prot\u00e8ge efficacement contre la pluie et le vent, tout en restant confortable pour votre teckel. L\u2019int\u00e9rieur est doubl\u00e9 d\u2019un tissu type n\u00e9opr\u00e8ne, qui aide \u00e0 garder la chaleur sans alourdir le [&hellip;]<\/p>","protected":false},"featured_media":16737,"comment_status":"open","ping_status":"closed","template":"","meta":{"inline_featured_image":false},"product_brand":[],"product_cat":[70,72,153],"product_tag":[],"class_list":{"0":"post-16009","1":"product","2":"type-product","3":"status-publish","4":"has-post-thumbnail","6":"product_cat-pour-nos-teckels","7":"product_cat-pour-shabiller","8":"product_cat-vetements","10":"first","11":"instock","12":"taxable","13":"shipping-taxable","14":"purchasable","15":"product-type-variable"},"yoast_head":"<!-- This site is optimized with the Yoast SEO plugin v26.6 - https:\/\/yoast.com\/wordpress\/plugins\/seo\/ -->\n<title>Imperm\u00e9able pour Chien, Teckel | Lucienne la Parisienne<\/title>\n<meta name=\"description\" content=\"Magnifiques v\u00eatements &amp; accessoires pour prendre soin de son chien. Produits con\u00e7us pour les teckels 100% artisanaux et fabriqu\u00e9s en France.\" \/>\n<meta name=\"robots\" content=\"index, follow, max-snippet:-1, max-image-preview:large, max-video-preview:-1\" \/>\n<link rel=\"canonical\" href=\"https:\/\/luciennelaparisienne.fr\/en\/product\/impermeable-concorde\/\" \/>\n<meta property=\"og:locale\" content=\"en_GB\" \/>\n<meta property=\"og:type\" content=\"article\" \/>\n<meta property=\"og:title\" content=\"Imperm\u00e9able pour Chien, Teckel | Lucienne la Parisienne\" \/>\n<meta property=\"og:description\" content=\"Magnifiques v\u00eatements &amp; accessoires pour prendre soin de son chien. Produits con\u00e7us pour les teckels 100% artisanaux et fabriqu\u00e9s en France.\" \/>\n<meta property=\"og:url\" content=\"https:\/\/luciennelaparisienne.fr\/en\/product\/impermeable-concorde\/\" \/>\n<meta property=\"og:site_name\" content=\"Lucienne la Parisienne\" \/>\n<meta property=\"article:modified_time\" content=\"2026-04-22T12:04:21+00:00\" \/>\n<meta property=\"og:image\" content=\"https:\/\/luciennelaparisienne.fr\/wp-content\/uploads\/2026\/01\/2_26-31.jpg\" \/>\n\t<meta property=\"og:image:width\" content=\"1000\" \/>\n\t<meta property=\"og:image:height\" content=\"1000\" \/>\n\t<meta property=\"og:image:type\" content=\"image\/jpeg\" \/>\n<meta name=\"twitter:card\" content=\"summary_large_image\" \/>\n<meta name=\"twitter:label1\" content=\"Estimated reading time\" \/>\n\t<meta name=\"twitter:data1\" content=\"2 minutes\" \/>\n<script type=\"application\/ld+json\" class=\"yoast-schema-graph\">{\"@context\":\"https:\/\/schema.org\",\"@graph\":[{\"@type\":\"WebPage\",\"@id\":\"https:\/\/luciennelaparisienne.fr\/produit\/impermeable-concorde\/\",\"url\":\"https:\/\/luciennelaparisienne.fr\/produit\/impermeable-concorde\/\",\"name\":\"Imperm\u00e9able pour Chien, Teckel | Lucienne la Parisienne\",\"isPartOf\":{\"@id\":\"https:\/\/luciennelaparisienne.fr\/#website\"},\"primaryImageOfPage\":{\"@id\":\"https:\/\/luciennelaparisienne.fr\/produit\/impermeable-concorde\/#primaryimage\"},\"image\":{\"@id\":\"https:\/\/luciennelaparisienne.fr\/produit\/impermeable-concorde\/#primaryimage\"},\"thumbnailUrl\":\"https:\/\/luciennelaparisienne.fr\/wp-content\/uploads\/2026\/01\/2_26-31.jpg\",\"datePublished\":\"2026-01-02T17:30:04+00:00\",\"dateModified\":\"2026-04-22T12:04:21+00:00\",\"description\":\"Magnifiques v\u00eatements & accessoires pour prendre soin de son chien. Produits con\u00e7us pour les teckels 100% artisanaux et fabriqu\u00e9s en France.\",\"breadcrumb\":{\"@id\":\"https:\/\/luciennelaparisienne.fr\/produit\/impermeable-concorde\/#breadcrumb\"},\"inLanguage\":\"en-GB\",\"potentialAction\":[{\"@type\":\"ReadAction\",\"target\":[\"https:\/\/luciennelaparisienne.fr\/produit\/impermeable-concorde\/\"]}]},{\"@type\":\"ImageObject\",\"inLanguage\":\"en-GB\",\"@id\":\"https:\/\/luciennelaparisienne.fr\/produit\/impermeable-concorde\/#primaryimage\",\"url\":\"https:\/\/luciennelaparisienne.fr\/wp-content\/uploads\/2026\/01\/2_26-31.jpg\",\"contentUrl\":\"https:\/\/luciennelaparisienne.fr\/wp-content\/uploads\/2026\/01\/2_26-31.jpg\",\"width\":1000,\"height\":1000},{\"@type\":\"BreadcrumbList\",\"@id\":\"https:\/\/luciennelaparisienne.fr\/produit\/impermeable-concorde\/#breadcrumb\",\"itemListElement\":[{\"@type\":\"ListItem\",\"position\":1,\"name\":\"Accueil\",\"item\":\"https:\/\/luciennelaparisienne.fr\/\"},{\"@type\":\"ListItem\",\"position\":2,\"name\":\"Boutique\",\"item\":\"https:\/\/luciennelaparisienne.fr\/shop\/\"},{\"@type\":\"ListItem\",\"position\":3,\"name\":\"Imperm\u00e9able Concorde\"}]},{\"@type\":\"WebSite\",\"@id\":\"https:\/\/luciennelaparisienne.fr\/#website\",\"url\":\"https:\/\/luciennelaparisienne.fr\/\",\"name\":\"Lucienne la Parisienne\",\"description\":\"Produits pour Teckels\",\"potentialAction\":[{\"@type\":\"SearchAction\",\"target\":{\"@type\":\"EntryPoint\",\"urlTemplate\":\"https:\/\/luciennelaparisienne.fr\/?s={search_term_string}\"},\"query-input\":{\"@type\":\"PropertyValueSpecification\",\"valueRequired\":true,\"valueName\":\"search_term_string\"}}],\"inLanguage\":\"en-GB\"}]}<\/script>\n<!-- \/ Yoast SEO plugin. -->","yoast_head_json":{"title":"Imperm\u00e9able pour Chien, Teckel | Lucienne la Parisienne","description":"Magnifiques v\u00eatements & accessoires pour prendre soin de son chien. Produits con\u00e7us pour les teckels 100% artisanaux et fabriqu\u00e9s en France.","robots":{"index":"index","follow":"follow","max-snippet":"max-snippet:-1","max-image-preview":"max-image-preview:large","max-video-preview":"max-video-preview:-1"},"canonical":"https:\/\/luciennelaparisienne.fr\/en\/product\/impermeable-concorde\/","og_locale":"en_GB","og_type":"article","og_title":"Imperm\u00e9able pour Chien, Teckel | Lucienne la Parisienne","og_description":"Magnifiques v\u00eatements & accessoires pour prendre soin de son chien. Produits con\u00e7us pour les teckels 100% artisanaux et fabriqu\u00e9s en France.","og_url":"https:\/\/luciennelaparisienne.fr\/en\/product\/impermeable-concorde\/","og_site_name":"Lucienne la Parisienne","article_modified_time":"2026-04-22T12:04:21+00:00","og_image":[{"width":1000,"height":1000,"url":"https:\/\/luciennelaparisienne.fr\/wp-content\/uploads\/2026\/01\/2_26-31.jpg","type":"image\/jpeg"}],"twitter_card":"summary_large_image","twitter_misc":{"Estimated reading time":"2 minutes"},"schema":{"@context":"https:\/\/schema.org","@graph":[{"@type":"WebPage","@id":"https:\/\/luciennelaparisienne.fr\/produit\/impermeable-concorde\/","url":"https:\/\/luciennelaparisienne.fr\/produit\/impermeable-concorde\/","name":"Imperm\u00e9able pour Chien, Teckel | Lucienne la Parisienne","isPartOf":{"@id":"https:\/\/luciennelaparisienne.fr\/#website"},"primaryImageOfPage":{"@id":"https:\/\/luciennelaparisienne.fr\/produit\/impermeable-concorde\/#primaryimage"},"image":{"@id":"https:\/\/luciennelaparisienne.fr\/produit\/impermeable-concorde\/#primaryimage"},"thumbnailUrl":"https:\/\/luciennelaparisienne.fr\/wp-content\/uploads\/2026\/01\/2_26-31.jpg","datePublished":"2026-01-02T17:30:04+00:00","dateModified":"2026-04-22T12:04:21+00:00","description":"Magnifiques v\u00eatements & accessoires pour prendre soin de son chien. Produits con\u00e7us pour les teckels 100% artisanaux et fabriqu\u00e9s en France.","breadcrumb":{"@id":"https:\/\/luciennelaparisienne.fr\/produit\/impermeable-concorde\/#breadcrumb"},"inLanguage":"en-GB","potentialAction":[{"@type":"ReadAction","target":["https:\/\/luciennelaparisienne.fr\/produit\/impermeable-concorde\/"]}]},{"@type":"ImageObject","inLanguage":"en-GB","@id":"https:\/\/luciennelaparisienne.fr\/produit\/impermeable-concorde\/#primaryimage","url":"https:\/\/luciennelaparisienne.fr\/wp-content\/uploads\/2026\/01\/2_26-31.jpg","contentUrl":"https:\/\/luciennelaparisienne.fr\/wp-content\/uploads\/2026\/01\/2_26-31.jpg","width":1000,"height":1000},{"@type":"BreadcrumbList","@id":"https:\/\/luciennelaparisienne.fr\/produit\/impermeable-concorde\/#breadcrumb","itemListElement":[{"@type":"ListItem","position":1,"name":"Accueil","item":"https:\/\/luciennelaparisienne.fr\/"},{"@type":"ListItem","position":2,"name":"Boutique","item":"https:\/\/luciennelaparisienne.fr\/shop\/"},{"@type":"ListItem","position":3,"name":"Imperm\u00e9able Concorde"}]},{"@type":"WebSite","@id":"https:\/\/luciennelaparisienne.fr\/#website","url":"https:\/\/luciennelaparisienne.fr\/","name":"Lucienne la Parisienne","description":"Produits pour Teckels","potentialAction":[{"@type":"SearchAction","target":{"@type":"EntryPoint","urlTemplate":"https:\/\/luciennelaparisienne.fr\/?s={search_term_string}"},"query-input":{"@type":"PropertyValueSpecification","valueRequired":true,"valueName":"search_term_string"}}],"inLanguage":"en-GB"}]}},"_links":{"self":[{"href":"https:\/\/luciennelaparisienne.fr\/en\/wp-json\/wp\/v2\/product\/16009","targetHints":{"allow":["GET"]}}],"collection":[{"href":"https:\/\/luciennelaparisienne.fr\/en\/wp-json\/wp\/v2\/product"}],"about":[{"href":"https:\/\/luciennelaparisienne.fr\/en\/wp-json\/wp\/v2\/types\/product"}],"replies":[{"embeddable":true,"href":"https:\/\/luciennelaparisienne.fr\/en\/wp-json\/wp\/v2\/comments?post=16009"}],"wp:featuredmedia":[{"embeddable":true,"href":"https:\/\/luciennelaparisienne.fr\/en\/wp-json\/wp\/v2\/media\/16737"}],"wp:attachment":[{"href":"https:\/\/luciennelaparisienne.fr\/en\/wp-json\/wp\/v2\/media?parent=16009"}],"wp:term":[{"taxonomy":"product_brand","embeddable":true,"href":"https:\/\/luciennelaparisienne.fr\/en\/wp-json\/wp\/v2\/product_brand?post=16009"},{"taxonomy":"product_cat","embeddable":true,"href":"https:\/\/luciennelaparisienne.fr\/en\/wp-json\/wp\/v2\/product_cat?post=16009"},{"taxonomy":"product_tag","embeddable":true,"href":"https:\/\/luciennelaparisienne.fr\/en\/wp-json\/wp\/v2\/product_tag?post=16009"}],"curies":[{"name":"wp","href":"https:\/\/api.w.org\/{rel}","templated":true}]}}