{"id":16091,"date":"2026-01-09T20:32:32","date_gmt":"2026-01-09T19:32:32","guid":{"rendered":"https:\/\/luciennelaparisienne.fr\/?post_type=product&#038;p=16091"},"modified":"2026-03-17T16:31:13","modified_gmt":"2026-03-17T15:31:13","slug":"panier-dehoussable","status":"publish","type":"product","link":"https:\/\/luciennelaparisienne.fr\/en\/product\/panier-dehoussable\/","title":{"rendered":"Panier d\u00e9houssable Vicky Pets"},"content":{"rendered":"<p>Les paniers d\u00e9houssables de la marque Vicky Pets sont fabriqu\u00e9s en tissu d\u2019ameublement anti\u2011griffes et anti\u2011taches. Ce tissu, \u00e0 la fois tr\u00e8s doux au toucher et extr\u00eamement r\u00e9sistant, est sp\u00e9cialement con\u00e7u pour les meubles (canap\u00e9s, fauteuils). Il r\u00e9siste aux poils de chien et \u00e0 la salet\u00e9 : un simple coup d\u2019\u00e9ponge suffit pour le nettoyage quotidien.<\/p>\n<p>La housse s\u2019enl\u00e8ve facilement gr\u00e2ce \u00e0 une fermeture \u00e9clair pour \u00eatre lav\u00e9 \u00e0 la machine. Le coussin est amovible et r\u00e9versible, il peut \u00eatre utilis\u00e9 des deux c\u00f4t\u00e9s.<\/p>\n<p>Chaque panier est confectionn\u00e9 \u00e0 la main de fa\u00e7on artisanale. Rembourr\u00e9 d\u2019une garniture stable et ferme, il conserve sa forme au fil du temps et apr\u00e8s de nombreux lavages.<\/p>\n<p>Facile \u00e0 entretenir gr\u00e2ce \u00e0 son velours sp\u00e9cialement adapt\u00e9 aux poils d\u2019animaux.<\/p>\n<p>Le mod\u00e8le a un look moderne et tendance qui s\u2019int\u00e8gre parfaitement \u00e0 votre int\u00e9rieur. Un petit coussin est offert avec.<\/p>\n<p>Taille XL disponible sur demande.<\/p>\n<p><strong>Caracteristics:\u00a0\u00a0<\/strong><\/p>\n<p><span data-contrast=\"none\">Outer fabric: 100% polyester, durable and easy to care for.<\/span><span data-ccp-props=\"{}\">\u00a0<\/span><\/p>\n<p><span data-contrast=\"none\">Filling: Hypoallergenic fiber<\/span> <span data-contrast=\"none\">flakes that do not form lumps, even after washing.<\/span><span data-ccp-props=\"{}\">\u00a0<\/span><\/p>\n<p><strong>Care:\u00a0\u00a0<\/strong><\/p>\n<p><span data-contrast=\"none\">Hand wash or machine wash at 30\u00b0C. Light spin and drying.<\/span><span data-contrast=\"none\">A wet sponge is enough to remove small stains.<\/span><span data-ccp-props=\"{&quot;134233117&quot;:false,&quot;134233118&quot;:false,&quot;201341983&quot;:0,&quot;335559738&quot;:0,&quot;335559739&quot;:312,&quot;335559740&quot;:240}\">\u00a0<\/span><\/p>\n<p><span data-contrast=\"none\">Disponible en une seule taille:\u00a0 65cm x 45cm x 23cm <\/span><\/p>\n<p>Please note that the colors displayed in the photos may vary slightly depending on your screen.<\/p>","protected":false},"excerpt":{"rendered":"<p>Les paniers d\u00e9houssables de la marque Vicky Pets sont fabriqu\u00e9s en tissu d\u2019ameublement anti\u2011griffes et anti\u2011taches. Ce tissu, \u00e0 la fois tr\u00e8s doux au toucher et extr\u00eamement r\u00e9sistant, est sp\u00e9cialement con\u00e7u pour les meubles (canap\u00e9s, fauteuils). Il r\u00e9siste aux poils de chien et \u00e0 la salet\u00e9 : un simple coup [&hellip;]<\/p>","protected":false},"featured_media":16105,"comment_status":"open","ping_status":"closed","template":"","meta":{"inline_featured_image":false},"product_brand":[],"product_cat":[150,70,71],"product_tag":[],"class_list":{"0":"post-16091","1":"product","2":"type-product","3":"status-publish","4":"has-post-thumbnail","6":"product_cat-paniers-coussins-niches","7":"product_cat-pour-nos-teckels","8":"product_cat-pour-se-coucher","10":"first","11":"instock","12":"featured","13":"taxable","14":"shipping-taxable","15":"purchasable","16":"product-type-variable"},"yoast_head":"<!-- This site is optimized with the Yoast SEO plugin v26.6 - https:\/\/yoast.com\/wordpress\/plugins\/seo\/ -->\n<title>Panier pour Chien de qualit\u00e9, Tissu Premium, Cr\u00e9ation Artisanale<\/title>\n<meta name=\"description\" content=\"Magnifiques v\u00eatements &amp; accessoires pour prendre soin de son chien. Produits con\u00e7us pour les teckels 100% artisanaux et fabriqu\u00e9s en France.\" \/>\n<meta name=\"robots\" content=\"index, follow, max-snippet:-1, max-image-preview:large, max-video-preview:-1\" \/>\n<link rel=\"canonical\" href=\"https:\/\/luciennelaparisienne.fr\/en\/product\/panier-dehoussable\/\" \/>\n<meta property=\"og:locale\" content=\"en_GB\" \/>\n<meta property=\"og:type\" content=\"article\" \/>\n<meta property=\"og:title\" content=\"Panier pour Chien de qualit\u00e9, Tissu Premium, Cr\u00e9ation Artisanale\" \/>\n<meta property=\"og:description\" content=\"Magnifiques v\u00eatements &amp; accessoires pour prendre soin de son chien. Produits con\u00e7us pour les teckels 100% artisanaux et fabriqu\u00e9s en France.\" \/>\n<meta property=\"og:url\" content=\"https:\/\/luciennelaparisienne.fr\/en\/product\/panier-dehoussable\/\" \/>\n<meta property=\"og:site_name\" content=\"Lucienne la Parisienne\" \/>\n<meta property=\"article:modified_time\" content=\"2026-03-17T15:31:13+00:00\" \/>\n<meta property=\"og:image\" content=\"https:\/\/luciennelaparisienne.fr\/wp-content\/uploads\/2026\/01\/mal-03466.jpg\" \/>\n\t<meta property=\"og:image:width\" content=\"1000\" \/>\n\t<meta property=\"og:image:height\" content=\"1000\" \/>\n\t<meta property=\"og:image:type\" content=\"image\/jpeg\" \/>\n<meta name=\"twitter:card\" content=\"summary_large_image\" \/>\n<meta name=\"twitter:label1\" content=\"Estimated reading time\" \/>\n\t<meta name=\"twitter:data1\" content=\"2 minutes\" \/>\n<script type=\"application\/ld+json\" class=\"yoast-schema-graph\">{\"@context\":\"https:\/\/schema.org\",\"@graph\":[{\"@type\":\"WebPage\",\"@id\":\"https:\/\/luciennelaparisienne.fr\/produit\/panier-dehoussable\/\",\"url\":\"https:\/\/luciennelaparisienne.fr\/produit\/panier-dehoussable\/\",\"name\":\"Panier pour Chien de qualit\u00e9, Tissu Premium, Cr\u00e9ation Artisanale\",\"isPartOf\":{\"@id\":\"https:\/\/luciennelaparisienne.fr\/#website\"},\"primaryImageOfPage\":{\"@id\":\"https:\/\/luciennelaparisienne.fr\/produit\/panier-dehoussable\/#primaryimage\"},\"image\":{\"@id\":\"https:\/\/luciennelaparisienne.fr\/produit\/panier-dehoussable\/#primaryimage\"},\"thumbnailUrl\":\"https:\/\/luciennelaparisienne.fr\/wp-content\/uploads\/2026\/01\/mal-03466.jpg\",\"datePublished\":\"2026-01-09T19:32:32+00:00\",\"dateModified\":\"2026-03-17T15:31:13+00:00\",\"description\":\"Magnifiques v\u00eatements & accessoires pour prendre soin de son chien. Produits con\u00e7us pour les teckels 100% artisanaux et fabriqu\u00e9s en France.\",\"breadcrumb\":{\"@id\":\"https:\/\/luciennelaparisienne.fr\/produit\/panier-dehoussable\/#breadcrumb\"},\"inLanguage\":\"en-GB\",\"potentialAction\":[{\"@type\":\"ReadAction\",\"target\":[\"https:\/\/luciennelaparisienne.fr\/produit\/panier-dehoussable\/\"]}]},{\"@type\":\"ImageObject\",\"inLanguage\":\"en-GB\",\"@id\":\"https:\/\/luciennelaparisienne.fr\/produit\/panier-dehoussable\/#primaryimage\",\"url\":\"https:\/\/luciennelaparisienne.fr\/wp-content\/uploads\/2026\/01\/mal-03466.jpg\",\"contentUrl\":\"https:\/\/luciennelaparisienne.fr\/wp-content\/uploads\/2026\/01\/mal-03466.jpg\",\"width\":1000,\"height\":1000},{\"@type\":\"BreadcrumbList\",\"@id\":\"https:\/\/luciennelaparisienne.fr\/produit\/panier-dehoussable\/#breadcrumb\",\"itemListElement\":[{\"@type\":\"ListItem\",\"position\":1,\"name\":\"Accueil\",\"item\":\"https:\/\/luciennelaparisienne.fr\/\"},{\"@type\":\"ListItem\",\"position\":2,\"name\":\"Boutique\",\"item\":\"https:\/\/luciennelaparisienne.fr\/shop\/\"},{\"@type\":\"ListItem\",\"position\":3,\"name\":\"Panier d\u00e9houssable Vicky Pets\"}]},{\"@type\":\"WebSite\",\"@id\":\"https:\/\/luciennelaparisienne.fr\/#website\",\"url\":\"https:\/\/luciennelaparisienne.fr\/\",\"name\":\"Lucienne la Parisienne\",\"description\":\"Produits pour Teckels\",\"potentialAction\":[{\"@type\":\"SearchAction\",\"target\":{\"@type\":\"EntryPoint\",\"urlTemplate\":\"https:\/\/luciennelaparisienne.fr\/?s={search_term_string}\"},\"query-input\":{\"@type\":\"PropertyValueSpecification\",\"valueRequired\":true,\"valueName\":\"search_term_string\"}}],\"inLanguage\":\"en-GB\"}]}<\/script>\n<!-- \/ Yoast SEO plugin. -->","yoast_head_json":{"title":"Panier pour Chien de qualit\u00e9, Tissu Premium, Cr\u00e9ation Artisanale","description":"Magnifiques v\u00eatements & accessoires pour prendre soin de son chien. Produits con\u00e7us pour les teckels 100% artisanaux et fabriqu\u00e9s en France.","robots":{"index":"index","follow":"follow","max-snippet":"max-snippet:-1","max-image-preview":"max-image-preview:large","max-video-preview":"max-video-preview:-1"},"canonical":"https:\/\/luciennelaparisienne.fr\/en\/product\/panier-dehoussable\/","og_locale":"en_GB","og_type":"article","og_title":"Panier pour Chien de qualit\u00e9, Tissu Premium, Cr\u00e9ation Artisanale","og_description":"Magnifiques v\u00eatements & accessoires pour prendre soin de son chien. Produits con\u00e7us pour les teckels 100% artisanaux et fabriqu\u00e9s en France.","og_url":"https:\/\/luciennelaparisienne.fr\/en\/product\/panier-dehoussable\/","og_site_name":"Lucienne la Parisienne","article_modified_time":"2026-03-17T15:31:13+00:00","og_image":[{"width":1000,"height":1000,"url":"https:\/\/luciennelaparisienne.fr\/wp-content\/uploads\/2026\/01\/mal-03466.jpg","type":"image\/jpeg"}],"twitter_card":"summary_large_image","twitter_misc":{"Estimated reading time":"2 minutes"},"schema":{"@context":"https:\/\/schema.org","@graph":[{"@type":"WebPage","@id":"https:\/\/luciennelaparisienne.fr\/produit\/panier-dehoussable\/","url":"https:\/\/luciennelaparisienne.fr\/produit\/panier-dehoussable\/","name":"Panier pour Chien de qualit\u00e9, Tissu Premium, Cr\u00e9ation Artisanale","isPartOf":{"@id":"https:\/\/luciennelaparisienne.fr\/#website"},"primaryImageOfPage":{"@id":"https:\/\/luciennelaparisienne.fr\/produit\/panier-dehoussable\/#primaryimage"},"image":{"@id":"https:\/\/luciennelaparisienne.fr\/produit\/panier-dehoussable\/#primaryimage"},"thumbnailUrl":"https:\/\/luciennelaparisienne.fr\/wp-content\/uploads\/2026\/01\/mal-03466.jpg","datePublished":"2026-01-09T19:32:32+00:00","dateModified":"2026-03-17T15:31:13+00:00","description":"Magnifiques v\u00eatements & accessoires pour prendre soin de son chien. Produits con\u00e7us pour les teckels 100% artisanaux et fabriqu\u00e9s en France.","breadcrumb":{"@id":"https:\/\/luciennelaparisienne.fr\/produit\/panier-dehoussable\/#breadcrumb"},"inLanguage":"en-GB","potentialAction":[{"@type":"ReadAction","target":["https:\/\/luciennelaparisienne.fr\/produit\/panier-dehoussable\/"]}]},{"@type":"ImageObject","inLanguage":"en-GB","@id":"https:\/\/luciennelaparisienne.fr\/produit\/panier-dehoussable\/#primaryimage","url":"https:\/\/luciennelaparisienne.fr\/wp-content\/uploads\/2026\/01\/mal-03466.jpg","contentUrl":"https:\/\/luciennelaparisienne.fr\/wp-content\/uploads\/2026\/01\/mal-03466.jpg","width":1000,"height":1000},{"@type":"BreadcrumbList","@id":"https:\/\/luciennelaparisienne.fr\/produit\/panier-dehoussable\/#breadcrumb","itemListElement":[{"@type":"ListItem","position":1,"name":"Accueil","item":"https:\/\/luciennelaparisienne.fr\/"},{"@type":"ListItem","position":2,"name":"Boutique","item":"https:\/\/luciennelaparisienne.fr\/shop\/"},{"@type":"ListItem","position":3,"name":"Panier d\u00e9houssable Vicky Pets"}]},{"@type":"WebSite","@id":"https:\/\/luciennelaparisienne.fr\/#website","url":"https:\/\/luciennelaparisienne.fr\/","name":"Lucienne la Parisienne","description":"Produits pour Teckels","potentialAction":[{"@type":"SearchAction","target":{"@type":"EntryPoint","urlTemplate":"https:\/\/luciennelaparisienne.fr\/?s={search_term_string}"},"query-input":{"@type":"PropertyValueSpecification","valueRequired":true,"valueName":"search_term_string"}}],"inLanguage":"en-GB"}]}},"_links":{"self":[{"href":"https:\/\/luciennelaparisienne.fr\/en\/wp-json\/wp\/v2\/product\/16091","targetHints":{"allow":["GET"]}}],"collection":[{"href":"https:\/\/luciennelaparisienne.fr\/en\/wp-json\/wp\/v2\/product"}],"about":[{"href":"https:\/\/luciennelaparisienne.fr\/en\/wp-json\/wp\/v2\/types\/product"}],"replies":[{"embeddable":true,"href":"https:\/\/luciennelaparisienne.fr\/en\/wp-json\/wp\/v2\/comments?post=16091"}],"wp:featuredmedia":[{"embeddable":true,"href":"https:\/\/luciennelaparisienne.fr\/en\/wp-json\/wp\/v2\/media\/16105"}],"wp:attachment":[{"href":"https:\/\/luciennelaparisienne.fr\/en\/wp-json\/wp\/v2\/media?parent=16091"}],"wp:term":[{"taxonomy":"product_brand","embeddable":true,"href":"https:\/\/luciennelaparisienne.fr\/en\/wp-json\/wp\/v2\/product_brand?post=16091"},{"taxonomy":"product_cat","embeddable":true,"href":"https:\/\/luciennelaparisienne.fr\/en\/wp-json\/wp\/v2\/product_cat?post=16091"},{"taxonomy":"product_tag","embeddable":true,"href":"https:\/\/luciennelaparisienne.fr\/en\/wp-json\/wp\/v2\/product_tag?post=16091"}],"curies":[{"name":"wp","href":"https:\/\/api.w.org\/{rel}","templated":true}]}}