{"id":16170,"date":"2026-01-16T03:09:51","date_gmt":"2026-01-16T02:09:51","guid":{"rendered":"https:\/\/luciennelaparisienne.fr\/?post_type=product&#038;p=16170"},"modified":"2026-05-10T00:55:25","modified_gmt":"2026-05-09T22:55:25","slug":"collier-pour-chien-en-cuir-nacre-vicky-pets","status":"publish","type":"product","link":"https:\/\/luciennelaparisienne.fr\/en\/product\/collier-pour-chien-en-cuir-nacre-vicky-pets\/","title":{"rendered":"Collier pour chien en cuir nacr\u00e9 \u2013 Vicky Pets"},"content":{"rendered":"<p><strong>Pearlescent leather collar \u2013 Vicky Pets<\/strong><br \/>\n<span style=\"font-weight: 400; font-size: 10pt;\">Elegant, luminous, and timeless, the Vicky Pets pearlescent collar adds a couture touch to your dog\u2019s everyday look.<\/span><br \/>\n<span style=\"font-size: 10pt;\"><span style=\"font-weight: 400;\">Crafted from natural cowhide leather, selected for its beauty and suppleness, it reflects high-quality Italian craftsmanship<\/span><span style=\"font-weight: 400;\"><br \/>\n<\/span><span style=\"font-weight: 400;\">Son cuir est tr\u00e8s doux au toucher, tout en \u00e9tant r\u00e9sistant et durable, id\u00e9al pour un usage quotidien.<\/span><\/span><br \/>\n<span style=\"font-weight: 400; font-size: 10pt;\">Its pearlescent finish delicately catches the light and enhances every movement, creating a chic and refined effect.<\/span><br \/>\n<span style=\"font-weight: 400; font-size: 10pt;\">La fermeture par boucle assure un maintien s\u00e9curis\u00e9, tandis que le m\u00e9tal \u00e0 finition teint\u00e9e apporte une touche \u00e9l\u00e9gante et moderne.<\/span><br \/>\n<span style=\"font-weight: 400; font-size: 10pt;\">Each collar is adorned with a small decorative logo featuring Lucienne and Vicky, the brand\u2019s iconic signature.<\/span><br \/>\n<span style=\"font-weight: 400; font-size: 10pt;\">Caract\u00e9ristiques : cuir de vache naturel de haute qualit\u00e9. Finition aux reflets nacr\u00e9s. Largeur du collier : 2,5 cm.<\/span><\/p>\n<p><strong>Care:\u00a0<\/strong><br \/>\n<span style=\"font-size: 10pt;\">To preserve the beauty of your Vicky Pets collar:<\/span><br \/>\n<span style=\"font-size: 10pt;\">\u2022 Gently clean with a soft, dry cloth<\/span><br \/>\n<span style=\"font-size: 10pt;\">\u2022 For stains, use a slightly damp cloth<\/span><br \/>\n<span style=\"font-size: 10pt;\">\u2022 Do not immerse in water<\/span><br \/>\n<span style=\"font-size: 10pt;\">\u2022 Avoid chemical or abrasive products<\/span><br \/>\n<span style=\"font-size: 10pt;\">\u2022 Allow to dry naturally, away from any heat source<\/span><\/p>\n<p><strong>Available in sizes \u2013 dog neck circumference:<\/strong><br \/>\n<span style=\"font-size: 10pt;\">XS &#8211; tour de cou 18 &#8211; 21 cm<\/span><br \/>\n<span style=\"font-size: 10pt;\">S &#8211; tour de cou 22,5 &#8211; 26 cm<\/span><br \/>\n<span style=\"font-size: 10pt;\">M &#8211; tour de cou 26,5 &#8211; 30,5 cm<\/span><br \/>\n<span style=\"font-size: 10pt;\">L &#8211; tour de cou 31,5 &#8211; 33 cm<\/span><\/p>\n<p><strong><span style=\"font-size: 12pt;\">We also offer a matching leash and pouch (for treats or small accessories) in the same colors.<\/span><\/strong><\/p>\n<p><em>Made in Italy.<\/em><\/p>","protected":false},"excerpt":{"rendered":"<p>Collier en cuir aux reflets nacr\u00e9s \u2013 Vicky Pets \u00c9l\u00e9gant, lumineux et intemporel, le collier Vicky Pets aux reflets nacr\u00e9s apporte une touche couture au quotidien de votre chien. Confectionn\u00e9 en cuir de vache naturel, s\u00e9lectionn\u00e9 pour sa beaut\u00e9 et sa souplesse, il refl\u00e8te un savoir-faire italien de haute qualit\u00e9. [&hellip;]<\/p>","protected":false},"featured_media":16213,"comment_status":"open","ping_status":"closed","template":"","meta":{"inline_featured_image":false},"product_brand":[],"product_cat":[204,70],"product_tag":[],"class_list":{"0":"post-16170","1":"product","2":"type-product","3":"status-publish","4":"has-post-thumbnail","6":"product_cat-laisses-et-colliers","7":"product_cat-pour-nos-teckels","9":"first","10":"instock","11":"featured","12":"taxable","13":"shipping-taxable","14":"purchasable","15":"product-type-variable"},"yoast_head":"<!-- This site is optimized with the Yoast SEO plugin v26.6 - https:\/\/yoast.com\/wordpress\/plugins\/seo\/ -->\n<title>Collier pour chien en cuir nacr\u00e9 \u2013 Vicky Pets - Lucienne la Parisienne<\/title>\n<meta name=\"robots\" content=\"index, follow, max-snippet:-1, max-image-preview:large, max-video-preview:-1\" \/>\n<link rel=\"canonical\" href=\"https:\/\/luciennelaparisienne.fr\/en\/product\/collier-pour-chien-en-cuir-nacre-vicky-pets\/\" \/>\n<meta property=\"og:locale\" content=\"en_GB\" \/>\n<meta property=\"og:type\" content=\"article\" \/>\n<meta property=\"og:title\" content=\"Collier pour chien en cuir nacr\u00e9 \u2013 Vicky Pets - Lucienne la Parisienne\" \/>\n<meta property=\"og:description\" content=\"Collier en cuir aux reflets nacr\u00e9s \u2013 Vicky Pets \u00c9l\u00e9gant, lumineux et intemporel, le collier Vicky Pets aux reflets nacr\u00e9s apporte une touche couture au quotidien de votre chien. Confectionn\u00e9 en cuir de vache naturel, s\u00e9lectionn\u00e9 pour sa beaut\u00e9 et sa souplesse, il refl\u00e8te un savoir-faire italien de haute qualit\u00e9. [&hellip;]\" \/>\n<meta property=\"og:url\" content=\"https:\/\/luciennelaparisienne.fr\/en\/product\/collier-pour-chien-en-cuir-nacre-vicky-pets\/\" \/>\n<meta property=\"og:site_name\" content=\"Lucienne la Parisienne\" \/>\n<meta property=\"article:modified_time\" content=\"2026-05-09T22:55:25+00:00\" \/>\n<meta property=\"og:image\" content=\"https:\/\/luciennelaparisienne.fr\/wp-content\/uploads\/2026\/01\/carre-LV_color.jpg\" \/>\n\t<meta property=\"og:image:width\" content=\"1293\" \/>\n\t<meta property=\"og:image:height\" content=\"1293\" \/>\n\t<meta property=\"og:image:type\" content=\"image\/jpeg\" \/>\n<meta name=\"twitter:card\" content=\"summary_large_image\" \/>\n<meta name=\"twitter:label1\" content=\"Estimated reading time\" \/>\n\t<meta name=\"twitter:data1\" content=\"2 minutes\" \/>\n<script type=\"application\/ld+json\" class=\"yoast-schema-graph\">{\"@context\":\"https:\/\/schema.org\",\"@graph\":[{\"@type\":\"WebPage\",\"@id\":\"https:\/\/luciennelaparisienne.fr\/produit\/collier-pour-chien-en-cuir-nacre-vicky-pets\/\",\"url\":\"https:\/\/luciennelaparisienne.fr\/produit\/collier-pour-chien-en-cuir-nacre-vicky-pets\/\",\"name\":\"Collier pour chien en cuir nacr\u00e9 \u2013 Vicky Pets - Lucienne la Parisienne\",\"isPartOf\":{\"@id\":\"https:\/\/luciennelaparisienne.fr\/#website\"},\"primaryImageOfPage\":{\"@id\":\"https:\/\/luciennelaparisienne.fr\/produit\/collier-pour-chien-en-cuir-nacre-vicky-pets\/#primaryimage\"},\"image\":{\"@id\":\"https:\/\/luciennelaparisienne.fr\/produit\/collier-pour-chien-en-cuir-nacre-vicky-pets\/#primaryimage\"},\"thumbnailUrl\":\"https:\/\/luciennelaparisienne.fr\/wp-content\/uploads\/2026\/01\/carre-LV_color.jpg\",\"datePublished\":\"2026-01-16T02:09:51+00:00\",\"dateModified\":\"2026-05-09T22:55:25+00:00\",\"breadcrumb\":{\"@id\":\"https:\/\/luciennelaparisienne.fr\/produit\/collier-pour-chien-en-cuir-nacre-vicky-pets\/#breadcrumb\"},\"inLanguage\":\"en-GB\",\"potentialAction\":[{\"@type\":\"ReadAction\",\"target\":[\"https:\/\/luciennelaparisienne.fr\/produit\/collier-pour-chien-en-cuir-nacre-vicky-pets\/\"]}]},{\"@type\":\"ImageObject\",\"inLanguage\":\"en-GB\",\"@id\":\"https:\/\/luciennelaparisienne.fr\/produit\/collier-pour-chien-en-cuir-nacre-vicky-pets\/#primaryimage\",\"url\":\"https:\/\/luciennelaparisienne.fr\/wp-content\/uploads\/2026\/01\/carre-LV_color.jpg\",\"contentUrl\":\"https:\/\/luciennelaparisienne.fr\/wp-content\/uploads\/2026\/01\/carre-LV_color.jpg\",\"width\":1293,\"height\":1293},{\"@type\":\"BreadcrumbList\",\"@id\":\"https:\/\/luciennelaparisienne.fr\/produit\/collier-pour-chien-en-cuir-nacre-vicky-pets\/#breadcrumb\",\"itemListElement\":[{\"@type\":\"ListItem\",\"position\":1,\"name\":\"Accueil\",\"item\":\"https:\/\/luciennelaparisienne.fr\/\"},{\"@type\":\"ListItem\",\"position\":2,\"name\":\"Boutique\",\"item\":\"https:\/\/luciennelaparisienne.fr\/shop\/\"},{\"@type\":\"ListItem\",\"position\":3,\"name\":\"Collier pour chien en cuir nacr\u00e9 \u2013 Vicky Pets\"}]},{\"@type\":\"WebSite\",\"@id\":\"https:\/\/luciennelaparisienne.fr\/#website\",\"url\":\"https:\/\/luciennelaparisienne.fr\/\",\"name\":\"Lucienne la Parisienne\",\"description\":\"Produits pour Teckels\",\"potentialAction\":[{\"@type\":\"SearchAction\",\"target\":{\"@type\":\"EntryPoint\",\"urlTemplate\":\"https:\/\/luciennelaparisienne.fr\/?s={search_term_string}\"},\"query-input\":{\"@type\":\"PropertyValueSpecification\",\"valueRequired\":true,\"valueName\":\"search_term_string\"}}],\"inLanguage\":\"en-GB\"}]}<\/script>\n<!-- \/ Yoast SEO plugin. -->","yoast_head_json":{"title":"Collier pour chien en cuir nacr\u00e9 \u2013 Vicky Pets - Lucienne la Parisienne","robots":{"index":"index","follow":"follow","max-snippet":"max-snippet:-1","max-image-preview":"max-image-preview:large","max-video-preview":"max-video-preview:-1"},"canonical":"https:\/\/luciennelaparisienne.fr\/en\/product\/collier-pour-chien-en-cuir-nacre-vicky-pets\/","og_locale":"en_GB","og_type":"article","og_title":"Collier pour chien en cuir nacr\u00e9 \u2013 Vicky Pets - Lucienne la Parisienne","og_description":"Collier en cuir aux reflets nacr\u00e9s \u2013 Vicky Pets \u00c9l\u00e9gant, lumineux et intemporel, le collier Vicky Pets aux reflets nacr\u00e9s apporte une touche couture au quotidien de votre chien. Confectionn\u00e9 en cuir de vache naturel, s\u00e9lectionn\u00e9 pour sa beaut\u00e9 et sa souplesse, il refl\u00e8te un savoir-faire italien de haute qualit\u00e9. [&hellip;]","og_url":"https:\/\/luciennelaparisienne.fr\/en\/product\/collier-pour-chien-en-cuir-nacre-vicky-pets\/","og_site_name":"Lucienne la Parisienne","article_modified_time":"2026-05-09T22:55:25+00:00","og_image":[{"width":1293,"height":1293,"url":"https:\/\/luciennelaparisienne.fr\/wp-content\/uploads\/2026\/01\/carre-LV_color.jpg","type":"image\/jpeg"}],"twitter_card":"summary_large_image","twitter_misc":{"Estimated reading time":"2 minutes"},"schema":{"@context":"https:\/\/schema.org","@graph":[{"@type":"WebPage","@id":"https:\/\/luciennelaparisienne.fr\/produit\/collier-pour-chien-en-cuir-nacre-vicky-pets\/","url":"https:\/\/luciennelaparisienne.fr\/produit\/collier-pour-chien-en-cuir-nacre-vicky-pets\/","name":"Collier pour chien en cuir nacr\u00e9 \u2013 Vicky Pets - Lucienne la Parisienne","isPartOf":{"@id":"https:\/\/luciennelaparisienne.fr\/#website"},"primaryImageOfPage":{"@id":"https:\/\/luciennelaparisienne.fr\/produit\/collier-pour-chien-en-cuir-nacre-vicky-pets\/#primaryimage"},"image":{"@id":"https:\/\/luciennelaparisienne.fr\/produit\/collier-pour-chien-en-cuir-nacre-vicky-pets\/#primaryimage"},"thumbnailUrl":"https:\/\/luciennelaparisienne.fr\/wp-content\/uploads\/2026\/01\/carre-LV_color.jpg","datePublished":"2026-01-16T02:09:51+00:00","dateModified":"2026-05-09T22:55:25+00:00","breadcrumb":{"@id":"https:\/\/luciennelaparisienne.fr\/produit\/collier-pour-chien-en-cuir-nacre-vicky-pets\/#breadcrumb"},"inLanguage":"en-GB","potentialAction":[{"@type":"ReadAction","target":["https:\/\/luciennelaparisienne.fr\/produit\/collier-pour-chien-en-cuir-nacre-vicky-pets\/"]}]},{"@type":"ImageObject","inLanguage":"en-GB","@id":"https:\/\/luciennelaparisienne.fr\/produit\/collier-pour-chien-en-cuir-nacre-vicky-pets\/#primaryimage","url":"https:\/\/luciennelaparisienne.fr\/wp-content\/uploads\/2026\/01\/carre-LV_color.jpg","contentUrl":"https:\/\/luciennelaparisienne.fr\/wp-content\/uploads\/2026\/01\/carre-LV_color.jpg","width":1293,"height":1293},{"@type":"BreadcrumbList","@id":"https:\/\/luciennelaparisienne.fr\/produit\/collier-pour-chien-en-cuir-nacre-vicky-pets\/#breadcrumb","itemListElement":[{"@type":"ListItem","position":1,"name":"Accueil","item":"https:\/\/luciennelaparisienne.fr\/"},{"@type":"ListItem","position":2,"name":"Boutique","item":"https:\/\/luciennelaparisienne.fr\/shop\/"},{"@type":"ListItem","position":3,"name":"Collier pour chien en cuir nacr\u00e9 \u2013 Vicky Pets"}]},{"@type":"WebSite","@id":"https:\/\/luciennelaparisienne.fr\/#website","url":"https:\/\/luciennelaparisienne.fr\/","name":"Lucienne la Parisienne","description":"Produits pour Teckels","potentialAction":[{"@type":"SearchAction","target":{"@type":"EntryPoint","urlTemplate":"https:\/\/luciennelaparisienne.fr\/?s={search_term_string}"},"query-input":{"@type":"PropertyValueSpecification","valueRequired":true,"valueName":"search_term_string"}}],"inLanguage":"en-GB"}]}},"_links":{"self":[{"href":"https:\/\/luciennelaparisienne.fr\/en\/wp-json\/wp\/v2\/product\/16170","targetHints":{"allow":["GET"]}}],"collection":[{"href":"https:\/\/luciennelaparisienne.fr\/en\/wp-json\/wp\/v2\/product"}],"about":[{"href":"https:\/\/luciennelaparisienne.fr\/en\/wp-json\/wp\/v2\/types\/product"}],"replies":[{"embeddable":true,"href":"https:\/\/luciennelaparisienne.fr\/en\/wp-json\/wp\/v2\/comments?post=16170"}],"wp:featuredmedia":[{"embeddable":true,"href":"https:\/\/luciennelaparisienne.fr\/en\/wp-json\/wp\/v2\/media\/16213"}],"wp:attachment":[{"href":"https:\/\/luciennelaparisienne.fr\/en\/wp-json\/wp\/v2\/media?parent=16170"}],"wp:term":[{"taxonomy":"product_brand","embeddable":true,"href":"https:\/\/luciennelaparisienne.fr\/en\/wp-json\/wp\/v2\/product_brand?post=16170"},{"taxonomy":"product_cat","embeddable":true,"href":"https:\/\/luciennelaparisienne.fr\/en\/wp-json\/wp\/v2\/product_cat?post=16170"},{"taxonomy":"product_tag","embeddable":true,"href":"https:\/\/luciennelaparisienne.fr\/en\/wp-json\/wp\/v2\/product_tag?post=16170"}],"curies":[{"name":"wp","href":"https:\/\/api.w.org\/{rel}","templated":true}]}}