{"id":16257,"date":"2026-01-16T00:44:17","date_gmt":"2026-01-15T23:44:17","guid":{"rendered":"https:\/\/luciennelaparisienne.fr\/?post_type=product&#038;p=16257"},"modified":"2026-02-10T19:21:41","modified_gmt":"2026-02-10T18:21:41","slug":"collier-cloute-teckel-rock","status":"publish","type":"product","link":"https:\/\/luciennelaparisienne.fr\/en\/product\/collier-cloute-teckel-rock\/","title":{"rendered":"Studded Collar \u00abTeckel Rock\u00bb"},"content":{"rendered":"<p>Collar <strong>Teckel Rock<\/strong> is a bold-style collar, designed for the strong-willed character of our dachshunds!<\/p>\n<p>The Teckel Rock collar is crafted from natural cowhide leather with a glossy finish, resulting in a luminous, chic, and highly elegant look.<\/p>\n<p>The rounded studs add an iconic rock touch while remaining perfectly smooth, ensuring they never hurt or catch on your dog.<\/p>\n<p>Thanks to its thick and supple leather, this collar is both highly durable and comfortable, while resisting dirt\u2014making it ideal for daily use, even for the most active Dachshunds.<\/p>\n<p>It is available in the two signature colors of our brand:<br \/>\n\u2022 Chic, intense, and timeless black \u2013 Lucienne\u2019s color<br \/>\n\u2022 Warm fawn, natural and iconic to the brand \u2013 Vicky\u2019s color<\/p>\n<p>Each collar is adorned with a small decorative logo featuring Lucienne and Vicky, the brand\u2019s iconic signature.<\/p>\n<p><strong>Caracteristics: <\/strong>High-quality natural cowhide leather. Pearlescent finish. Collar width: 2.5 cm.<\/p>\n<p><strong>Care Instructions:<\/strong><\/p>\n<p>To preserve the beauty of your collar:<\/p>\n<p>\u2022 Gently clean with a soft, dry cloth<br \/>\n\u2022 En cas de tache, utiliser un chiffon l\u00e9g\u00e8rement humide<br \/>\n\u2022 Do not immerse in water<br \/>\n\u2022 Avoid chemical or abrasive products<br \/>\n\u2022 Allow to dry naturally, away from any heat source<\/p>\n<p><strong>Disponible en tailles &#8211; tour de cou de chien:<\/strong><\/p>\n<p>XS \u2013 neck circumference under 22 cm<\/p>\n<p>S \u2013 neck circumference 23\u201325 cm<\/p>\n<p>M \u2013 neck circumference 25\u201329 cm<\/p>\n<p>L \u2013 neck circumference 30\u201333 cm<\/p>\n<p>We also offer a matching leash and pouch (for treats or small accessories) in the same colors.<\/p>\n<p>Made in Italy.<\/p>","protected":false},"excerpt":{"rendered":"<p>Collier Teckel Rock est un collier au style affirm\u00e9, pens\u00e9 pour le caract\u00e8re\u00a0 bien tremp\u00e9 de nos teckels! Le Collier Teckel Rock est confectionn\u00e9 en cuir de vache naturel \u00e0 finition brillante, offrant un rendu lumineux, chic et tr\u00e8s \u00e9l\u00e9gant. Les clous arrondis apportent une touche rock iconique tout en [&hellip;]<\/p>","protected":false},"featured_media":16278,"comment_status":"open","ping_status":"closed","template":"","meta":{"inline_featured_image":false},"product_brand":[],"product_cat":[204,70],"product_tag":[],"class_list":{"0":"post-16257","1":"product","2":"type-product","3":"status-publish","4":"has-post-thumbnail","6":"product_cat-laisses-et-colliers","7":"product_cat-pour-nos-teckels","9":"first","10":"instock","11":"taxable","12":"shipping-taxable","13":"purchasable","14":"product-type-variable"},"yoast_head":"<!-- This site is optimized with the Yoast SEO plugin v26.6 - https:\/\/yoast.com\/wordpress\/plugins\/seo\/ -->\n<title>Collier clout\u00e9 &quot;Teckel Rock&quot; - Lucienne la Parisienne<\/title>\n<meta name=\"robots\" content=\"index, follow, max-snippet:-1, max-image-preview:large, max-video-preview:-1\" \/>\n<link rel=\"canonical\" href=\"https:\/\/luciennelaparisienne.fr\/en\/product\/collier-cloute-teckel-rock\/\" \/>\n<meta property=\"og:locale\" content=\"en_GB\" \/>\n<meta property=\"og:type\" content=\"article\" \/>\n<meta property=\"og:title\" content=\"Collier clout\u00e9 &quot;Teckel Rock&quot; - Lucienne la Parisienne\" \/>\n<meta property=\"og:description\" content=\"Collier Teckel Rock est un collier au style affirm\u00e9, pens\u00e9 pour le caract\u00e8re\u00a0 bien tremp\u00e9 de nos teckels! Le Collier Teckel Rock est confectionn\u00e9 en cuir de vache naturel \u00e0 finition brillante, offrant un rendu lumineux, chic et tr\u00e8s \u00e9l\u00e9gant. Les clous arrondis apportent une touche rock iconique tout en [&hellip;]\" \/>\n<meta property=\"og:url\" content=\"https:\/\/luciennelaparisienne.fr\/en\/product\/collier-cloute-teckel-rock\/\" \/>\n<meta property=\"og:site_name\" content=\"Lucienne la Parisienne\" \/>\n<meta property=\"article:modified_time\" content=\"2026-02-10T18:21:41+00:00\" \/>\n<meta property=\"og:image\" content=\"https:\/\/luciennelaparisienne.fr\/wp-content\/uploads\/2026\/01\/4-13.jpg\" \/>\n\t<meta property=\"og:image:width\" content=\"1000\" \/>\n\t<meta property=\"og:image:height\" content=\"1000\" \/>\n\t<meta property=\"og:image:type\" content=\"image\/jpeg\" \/>\n<meta name=\"twitter:card\" content=\"summary_large_image\" \/>\n<meta name=\"twitter:label1\" content=\"Estimated reading time\" \/>\n\t<meta name=\"twitter:data1\" content=\"2 minutes\" \/>\n<script type=\"application\/ld+json\" class=\"yoast-schema-graph\">{\"@context\":\"https:\/\/schema.org\",\"@graph\":[{\"@type\":\"WebPage\",\"@id\":\"https:\/\/luciennelaparisienne.fr\/produit\/collier-cloute-teckel-rock\/\",\"url\":\"https:\/\/luciennelaparisienne.fr\/produit\/collier-cloute-teckel-rock\/\",\"name\":\"Collier clout\u00e9 \\\"Teckel Rock\\\" - Lucienne la Parisienne\",\"isPartOf\":{\"@id\":\"https:\/\/luciennelaparisienne.fr\/#website\"},\"primaryImageOfPage\":{\"@id\":\"https:\/\/luciennelaparisienne.fr\/produit\/collier-cloute-teckel-rock\/#primaryimage\"},\"image\":{\"@id\":\"https:\/\/luciennelaparisienne.fr\/produit\/collier-cloute-teckel-rock\/#primaryimage\"},\"thumbnailUrl\":\"https:\/\/luciennelaparisienne.fr\/wp-content\/uploads\/2026\/01\/4-13.jpg\",\"datePublished\":\"2026-01-15T23:44:17+00:00\",\"dateModified\":\"2026-02-10T18:21:41+00:00\",\"breadcrumb\":{\"@id\":\"https:\/\/luciennelaparisienne.fr\/produit\/collier-cloute-teckel-rock\/#breadcrumb\"},\"inLanguage\":\"en-GB\",\"potentialAction\":[{\"@type\":\"ReadAction\",\"target\":[\"https:\/\/luciennelaparisienne.fr\/produit\/collier-cloute-teckel-rock\/\"]}]},{\"@type\":\"ImageObject\",\"inLanguage\":\"en-GB\",\"@id\":\"https:\/\/luciennelaparisienne.fr\/produit\/collier-cloute-teckel-rock\/#primaryimage\",\"url\":\"https:\/\/luciennelaparisienne.fr\/wp-content\/uploads\/2026\/01\/4-13.jpg\",\"contentUrl\":\"https:\/\/luciennelaparisienne.fr\/wp-content\/uploads\/2026\/01\/4-13.jpg\",\"width\":1000,\"height\":1000},{\"@type\":\"BreadcrumbList\",\"@id\":\"https:\/\/luciennelaparisienne.fr\/produit\/collier-cloute-teckel-rock\/#breadcrumb\",\"itemListElement\":[{\"@type\":\"ListItem\",\"position\":1,\"name\":\"Accueil\",\"item\":\"https:\/\/luciennelaparisienne.fr\/\"},{\"@type\":\"ListItem\",\"position\":2,\"name\":\"Boutique\",\"item\":\"https:\/\/luciennelaparisienne.fr\/shop\/\"},{\"@type\":\"ListItem\",\"position\":3,\"name\":\"Collier clout\u00e9 \u00ab\u00a0Teckel Rock\u00a0\u00bb\"}]},{\"@type\":\"WebSite\",\"@id\":\"https:\/\/luciennelaparisienne.fr\/#website\",\"url\":\"https:\/\/luciennelaparisienne.fr\/\",\"name\":\"Lucienne la Parisienne\",\"description\":\"Produits pour Teckels\",\"potentialAction\":[{\"@type\":\"SearchAction\",\"target\":{\"@type\":\"EntryPoint\",\"urlTemplate\":\"https:\/\/luciennelaparisienne.fr\/?s={search_term_string}\"},\"query-input\":{\"@type\":\"PropertyValueSpecification\",\"valueRequired\":true,\"valueName\":\"search_term_string\"}}],\"inLanguage\":\"en-GB\"}]}<\/script>\n<!-- \/ Yoast SEO plugin. -->","yoast_head_json":{"title":"Collier clout\u00e9 \"Teckel Rock\" - Lucienne la Parisienne","robots":{"index":"index","follow":"follow","max-snippet":"max-snippet:-1","max-image-preview":"max-image-preview:large","max-video-preview":"max-video-preview:-1"},"canonical":"https:\/\/luciennelaparisienne.fr\/en\/product\/collier-cloute-teckel-rock\/","og_locale":"en_GB","og_type":"article","og_title":"Collier clout\u00e9 \"Teckel Rock\" - Lucienne la Parisienne","og_description":"Collier Teckel Rock est un collier au style affirm\u00e9, pens\u00e9 pour le caract\u00e8re\u00a0 bien tremp\u00e9 de nos teckels! Le Collier Teckel Rock est confectionn\u00e9 en cuir de vache naturel \u00e0 finition brillante, offrant un rendu lumineux, chic et tr\u00e8s \u00e9l\u00e9gant. Les clous arrondis apportent une touche rock iconique tout en [&hellip;]","og_url":"https:\/\/luciennelaparisienne.fr\/en\/product\/collier-cloute-teckel-rock\/","og_site_name":"Lucienne la Parisienne","article_modified_time":"2026-02-10T18:21:41+00:00","og_image":[{"width":1000,"height":1000,"url":"https:\/\/luciennelaparisienne.fr\/wp-content\/uploads\/2026\/01\/4-13.jpg","type":"image\/jpeg"}],"twitter_card":"summary_large_image","twitter_misc":{"Estimated reading time":"2 minutes"},"schema":{"@context":"https:\/\/schema.org","@graph":[{"@type":"WebPage","@id":"https:\/\/luciennelaparisienne.fr\/produit\/collier-cloute-teckel-rock\/","url":"https:\/\/luciennelaparisienne.fr\/produit\/collier-cloute-teckel-rock\/","name":"Collier clout\u00e9 \"Teckel Rock\" - Lucienne la Parisienne","isPartOf":{"@id":"https:\/\/luciennelaparisienne.fr\/#website"},"primaryImageOfPage":{"@id":"https:\/\/luciennelaparisienne.fr\/produit\/collier-cloute-teckel-rock\/#primaryimage"},"image":{"@id":"https:\/\/luciennelaparisienne.fr\/produit\/collier-cloute-teckel-rock\/#primaryimage"},"thumbnailUrl":"https:\/\/luciennelaparisienne.fr\/wp-content\/uploads\/2026\/01\/4-13.jpg","datePublished":"2026-01-15T23:44:17+00:00","dateModified":"2026-02-10T18:21:41+00:00","breadcrumb":{"@id":"https:\/\/luciennelaparisienne.fr\/produit\/collier-cloute-teckel-rock\/#breadcrumb"},"inLanguage":"en-GB","potentialAction":[{"@type":"ReadAction","target":["https:\/\/luciennelaparisienne.fr\/produit\/collier-cloute-teckel-rock\/"]}]},{"@type":"ImageObject","inLanguage":"en-GB","@id":"https:\/\/luciennelaparisienne.fr\/produit\/collier-cloute-teckel-rock\/#primaryimage","url":"https:\/\/luciennelaparisienne.fr\/wp-content\/uploads\/2026\/01\/4-13.jpg","contentUrl":"https:\/\/luciennelaparisienne.fr\/wp-content\/uploads\/2026\/01\/4-13.jpg","width":1000,"height":1000},{"@type":"BreadcrumbList","@id":"https:\/\/luciennelaparisienne.fr\/produit\/collier-cloute-teckel-rock\/#breadcrumb","itemListElement":[{"@type":"ListItem","position":1,"name":"Accueil","item":"https:\/\/luciennelaparisienne.fr\/"},{"@type":"ListItem","position":2,"name":"Boutique","item":"https:\/\/luciennelaparisienne.fr\/shop\/"},{"@type":"ListItem","position":3,"name":"Collier clout\u00e9 \u00ab\u00a0Teckel Rock\u00a0\u00bb"}]},{"@type":"WebSite","@id":"https:\/\/luciennelaparisienne.fr\/#website","url":"https:\/\/luciennelaparisienne.fr\/","name":"Lucienne la Parisienne","description":"Produits pour Teckels","potentialAction":[{"@type":"SearchAction","target":{"@type":"EntryPoint","urlTemplate":"https:\/\/luciennelaparisienne.fr\/?s={search_term_string}"},"query-input":{"@type":"PropertyValueSpecification","valueRequired":true,"valueName":"search_term_string"}}],"inLanguage":"en-GB"}]}},"_links":{"self":[{"href":"https:\/\/luciennelaparisienne.fr\/en\/wp-json\/wp\/v2\/product\/16257","targetHints":{"allow":["GET"]}}],"collection":[{"href":"https:\/\/luciennelaparisienne.fr\/en\/wp-json\/wp\/v2\/product"}],"about":[{"href":"https:\/\/luciennelaparisienne.fr\/en\/wp-json\/wp\/v2\/types\/product"}],"replies":[{"embeddable":true,"href":"https:\/\/luciennelaparisienne.fr\/en\/wp-json\/wp\/v2\/comments?post=16257"}],"wp:featuredmedia":[{"embeddable":true,"href":"https:\/\/luciennelaparisienne.fr\/en\/wp-json\/wp\/v2\/media\/16278"}],"wp:attachment":[{"href":"https:\/\/luciennelaparisienne.fr\/en\/wp-json\/wp\/v2\/media?parent=16257"}],"wp:term":[{"taxonomy":"product_brand","embeddable":true,"href":"https:\/\/luciennelaparisienne.fr\/en\/wp-json\/wp\/v2\/product_brand?post=16257"},{"taxonomy":"product_cat","embeddable":true,"href":"https:\/\/luciennelaparisienne.fr\/en\/wp-json\/wp\/v2\/product_cat?post=16257"},{"taxonomy":"product_tag","embeddable":true,"href":"https:\/\/luciennelaparisienne.fr\/en\/wp-json\/wp\/v2\/product_tag?post=16257"}],"curies":[{"name":"wp","href":"https:\/\/api.w.org\/{rel}","templated":true}]}}