{"id":16283,"date":"2026-01-16T01:30:06","date_gmt":"2026-01-16T00:30:06","guid":{"rendered":"https:\/\/luciennelaparisienne.fr\/?post_type=product&#038;p=16283"},"modified":"2026-04-19T13:54:59","modified_gmt":"2026-04-19T11:54:59","slug":"laisse-pour-chien-en-nylon-et-cuir","status":"publish","type":"product","link":"https:\/\/luciennelaparisienne.fr\/en\/product\/laisse-pour-chien-en-nylon-et-cuir\/","title":{"rendered":"Laisse pour chien en nylon et cuir"},"content":{"rendered":"<p>Designed to perfectly complement the pearlescent leather collars, this leash combines durability, comfort, and elegance.<\/p>\n<p>Made from high-strength round nylon, it is flexible, comfortable to hold, and highly durable. Its smooth surface prevents dirt from sticking and resists hair, dust, and fibers, making it ideal for daily use.<\/p>\n<p>It is enhanced with a touch of pearlescent natural leather, identical to that of the collars, for a perfectly coordinated set.<\/p>\n<p>The metal clasp is specially designed for Dachshunds: lightweight yet strong, with a stylish tinted finish and a secure closure for reliable attachment.<\/p>\n<p>With a length of 165 cm, it is ideal for city walks while still providing enough freedom for more relaxed strolls<\/p>\n<p>Cette laisse est con\u00e7ue pour \u00eatre port\u00e9e en total look avec le collier et la pochette assortie, afin de cr\u00e9er un ensemble \u00e9l\u00e9gant, pratique et parfaitement coordonn\u00e9.<\/p>\n<p><strong>Caracteristics: <\/strong>Nylon rond combin\u00e9 avec cuir de vache naturel de haute qualit\u00e9.<\/p>\n<p><strong>Care Instructions:<\/strong><\/p>\n<p>You can gently clean with a soft, dry cloth; if the item is heavily soiled, you can use a slightly damp cloth.<\/p>\n<p>One size only: 165 cm in length.<\/p>\n<p>We also offer matching collars and a pouch (for treats or small accessories) in the same colors.<\/p>\n<p>Made in Italy.<\/p>","protected":false},"excerpt":{"rendered":"<p>Pens\u00e9e pour accompagner parfaitement les colliers en cuire nacr\u00e9, cette laisse r\u00e9unit r\u00e9sistance, confort et \u00e9l\u00e9gance. Fabriqu\u00e9e en nylon rond haute r\u00e9sistance, elle est souple, agr\u00e9able \u00e0 tenir en main et particuli\u00e8rement durable. Sa surface lisse emp\u00eache la salet\u00e9 d\u2019adh\u00e9rer et rien ne s\u2019y accroche (poils, poussi\u00e8res, fibres), ce qui [&hellip;]<\/p>","protected":false},"featured_media":16306,"comment_status":"open","ping_status":"closed","template":"","meta":{"inline_featured_image":false},"product_brand":[],"product_cat":[204,70],"product_tag":[],"class_list":{"0":"post-16283","1":"product","2":"type-product","3":"status-publish","4":"has-post-thumbnail","6":"product_cat-laisses-et-colliers","7":"product_cat-pour-nos-teckels","9":"first","10":"instock","11":"featured","12":"taxable","13":"shipping-taxable","14":"purchasable","15":"product-type-variable"},"yoast_head":"<!-- This site is optimized with the Yoast SEO plugin v26.6 - https:\/\/yoast.com\/wordpress\/plugins\/seo\/ -->\n<title>Laisse pour chien en nylon et cuir - Lucienne la Parisienne<\/title>\n<meta name=\"robots\" content=\"index, follow, max-snippet:-1, max-image-preview:large, max-video-preview:-1\" \/>\n<link rel=\"canonical\" href=\"https:\/\/luciennelaparisienne.fr\/en\/product\/laisse-pour-chien-en-nylon-et-cuir\/\" \/>\n<meta property=\"og:locale\" content=\"en_GB\" \/>\n<meta property=\"og:type\" content=\"article\" \/>\n<meta property=\"og:title\" content=\"Laisse pour chien en nylon et cuir - Lucienne la Parisienne\" \/>\n<meta property=\"og:description\" content=\"Pens\u00e9e pour accompagner parfaitement les colliers en cuire nacr\u00e9, cette laisse r\u00e9unit r\u00e9sistance, confort et \u00e9l\u00e9gance. Fabriqu\u00e9e en nylon rond haute r\u00e9sistance, elle est souple, agr\u00e9able \u00e0 tenir en main et particuli\u00e8rement durable. Sa surface lisse emp\u00eache la salet\u00e9 d\u2019adh\u00e9rer et rien ne s\u2019y accroche (poils, poussi\u00e8res, fibres), ce qui [&hellip;]\" \/>\n<meta property=\"og:url\" content=\"https:\/\/luciennelaparisienne.fr\/en\/product\/laisse-pour-chien-en-nylon-et-cuir\/\" \/>\n<meta property=\"og:site_name\" content=\"Lucienne la Parisienne\" \/>\n<meta property=\"article:modified_time\" content=\"2026-04-19T11:54:59+00:00\" \/>\n<meta property=\"og:image\" content=\"https:\/\/luciennelaparisienne.fr\/wp-content\/uploads\/2026\/01\/6-7.jpg\" \/>\n\t<meta property=\"og:image:width\" content=\"1000\" \/>\n\t<meta property=\"og:image:height\" content=\"1000\" \/>\n\t<meta property=\"og:image:type\" content=\"image\/jpeg\" \/>\n<meta name=\"twitter:card\" content=\"summary_large_image\" \/>\n<meta name=\"twitter:label1\" content=\"Estimated reading time\" \/>\n\t<meta name=\"twitter:data1\" content=\"2 minutes\" \/>\n<script type=\"application\/ld+json\" class=\"yoast-schema-graph\">{\"@context\":\"https:\/\/schema.org\",\"@graph\":[{\"@type\":\"WebPage\",\"@id\":\"https:\/\/luciennelaparisienne.fr\/produit\/laisse-pour-chien-en-nylon-et-cuir\/\",\"url\":\"https:\/\/luciennelaparisienne.fr\/produit\/laisse-pour-chien-en-nylon-et-cuir\/\",\"name\":\"Laisse pour chien en nylon et cuir - Lucienne la Parisienne\",\"isPartOf\":{\"@id\":\"https:\/\/luciennelaparisienne.fr\/#website\"},\"primaryImageOfPage\":{\"@id\":\"https:\/\/luciennelaparisienne.fr\/produit\/laisse-pour-chien-en-nylon-et-cuir\/#primaryimage\"},\"image\":{\"@id\":\"https:\/\/luciennelaparisienne.fr\/produit\/laisse-pour-chien-en-nylon-et-cuir\/#primaryimage\"},\"thumbnailUrl\":\"https:\/\/luciennelaparisienne.fr\/wp-content\/uploads\/2026\/01\/6-7.jpg\",\"datePublished\":\"2026-01-16T00:30:06+00:00\",\"dateModified\":\"2026-04-19T11:54:59+00:00\",\"breadcrumb\":{\"@id\":\"https:\/\/luciennelaparisienne.fr\/produit\/laisse-pour-chien-en-nylon-et-cuir\/#breadcrumb\"},\"inLanguage\":\"en-GB\",\"potentialAction\":[{\"@type\":\"ReadAction\",\"target\":[\"https:\/\/luciennelaparisienne.fr\/produit\/laisse-pour-chien-en-nylon-et-cuir\/\"]}]},{\"@type\":\"ImageObject\",\"inLanguage\":\"en-GB\",\"@id\":\"https:\/\/luciennelaparisienne.fr\/produit\/laisse-pour-chien-en-nylon-et-cuir\/#primaryimage\",\"url\":\"https:\/\/luciennelaparisienne.fr\/wp-content\/uploads\/2026\/01\/6-7.jpg\",\"contentUrl\":\"https:\/\/luciennelaparisienne.fr\/wp-content\/uploads\/2026\/01\/6-7.jpg\",\"width\":1000,\"height\":1000},{\"@type\":\"BreadcrumbList\",\"@id\":\"https:\/\/luciennelaparisienne.fr\/produit\/laisse-pour-chien-en-nylon-et-cuir\/#breadcrumb\",\"itemListElement\":[{\"@type\":\"ListItem\",\"position\":1,\"name\":\"Accueil\",\"item\":\"https:\/\/luciennelaparisienne.fr\/\"},{\"@type\":\"ListItem\",\"position\":2,\"name\":\"Boutique\",\"item\":\"https:\/\/luciennelaparisienne.fr\/shop\/\"},{\"@type\":\"ListItem\",\"position\":3,\"name\":\"Laisse pour chien en nylon et cuir\"}]},{\"@type\":\"WebSite\",\"@id\":\"https:\/\/luciennelaparisienne.fr\/#website\",\"url\":\"https:\/\/luciennelaparisienne.fr\/\",\"name\":\"Lucienne la Parisienne\",\"description\":\"Produits pour Teckels\",\"potentialAction\":[{\"@type\":\"SearchAction\",\"target\":{\"@type\":\"EntryPoint\",\"urlTemplate\":\"https:\/\/luciennelaparisienne.fr\/?s={search_term_string}\"},\"query-input\":{\"@type\":\"PropertyValueSpecification\",\"valueRequired\":true,\"valueName\":\"search_term_string\"}}],\"inLanguage\":\"en-GB\"}]}<\/script>\n<!-- \/ Yoast SEO plugin. -->","yoast_head_json":{"title":"Laisse pour chien en nylon et cuir - Lucienne la Parisienne","robots":{"index":"index","follow":"follow","max-snippet":"max-snippet:-1","max-image-preview":"max-image-preview:large","max-video-preview":"max-video-preview:-1"},"canonical":"https:\/\/luciennelaparisienne.fr\/en\/product\/laisse-pour-chien-en-nylon-et-cuir\/","og_locale":"en_GB","og_type":"article","og_title":"Laisse pour chien en nylon et cuir - Lucienne la Parisienne","og_description":"Pens\u00e9e pour accompagner parfaitement les colliers en cuire nacr\u00e9, cette laisse r\u00e9unit r\u00e9sistance, confort et \u00e9l\u00e9gance. Fabriqu\u00e9e en nylon rond haute r\u00e9sistance, elle est souple, agr\u00e9able \u00e0 tenir en main et particuli\u00e8rement durable. Sa surface lisse emp\u00eache la salet\u00e9 d\u2019adh\u00e9rer et rien ne s\u2019y accroche (poils, poussi\u00e8res, fibres), ce qui [&hellip;]","og_url":"https:\/\/luciennelaparisienne.fr\/en\/product\/laisse-pour-chien-en-nylon-et-cuir\/","og_site_name":"Lucienne la Parisienne","article_modified_time":"2026-04-19T11:54:59+00:00","og_image":[{"width":1000,"height":1000,"url":"https:\/\/luciennelaparisienne.fr\/wp-content\/uploads\/2026\/01\/6-7.jpg","type":"image\/jpeg"}],"twitter_card":"summary_large_image","twitter_misc":{"Estimated reading time":"2 minutes"},"schema":{"@context":"https:\/\/schema.org","@graph":[{"@type":"WebPage","@id":"https:\/\/luciennelaparisienne.fr\/produit\/laisse-pour-chien-en-nylon-et-cuir\/","url":"https:\/\/luciennelaparisienne.fr\/produit\/laisse-pour-chien-en-nylon-et-cuir\/","name":"Laisse pour chien en nylon et cuir - Lucienne la Parisienne","isPartOf":{"@id":"https:\/\/luciennelaparisienne.fr\/#website"},"primaryImageOfPage":{"@id":"https:\/\/luciennelaparisienne.fr\/produit\/laisse-pour-chien-en-nylon-et-cuir\/#primaryimage"},"image":{"@id":"https:\/\/luciennelaparisienne.fr\/produit\/laisse-pour-chien-en-nylon-et-cuir\/#primaryimage"},"thumbnailUrl":"https:\/\/luciennelaparisienne.fr\/wp-content\/uploads\/2026\/01\/6-7.jpg","datePublished":"2026-01-16T00:30:06+00:00","dateModified":"2026-04-19T11:54:59+00:00","breadcrumb":{"@id":"https:\/\/luciennelaparisienne.fr\/produit\/laisse-pour-chien-en-nylon-et-cuir\/#breadcrumb"},"inLanguage":"en-GB","potentialAction":[{"@type":"ReadAction","target":["https:\/\/luciennelaparisienne.fr\/produit\/laisse-pour-chien-en-nylon-et-cuir\/"]}]},{"@type":"ImageObject","inLanguage":"en-GB","@id":"https:\/\/luciennelaparisienne.fr\/produit\/laisse-pour-chien-en-nylon-et-cuir\/#primaryimage","url":"https:\/\/luciennelaparisienne.fr\/wp-content\/uploads\/2026\/01\/6-7.jpg","contentUrl":"https:\/\/luciennelaparisienne.fr\/wp-content\/uploads\/2026\/01\/6-7.jpg","width":1000,"height":1000},{"@type":"BreadcrumbList","@id":"https:\/\/luciennelaparisienne.fr\/produit\/laisse-pour-chien-en-nylon-et-cuir\/#breadcrumb","itemListElement":[{"@type":"ListItem","position":1,"name":"Accueil","item":"https:\/\/luciennelaparisienne.fr\/"},{"@type":"ListItem","position":2,"name":"Boutique","item":"https:\/\/luciennelaparisienne.fr\/shop\/"},{"@type":"ListItem","position":3,"name":"Laisse pour chien en nylon et cuir"}]},{"@type":"WebSite","@id":"https:\/\/luciennelaparisienne.fr\/#website","url":"https:\/\/luciennelaparisienne.fr\/","name":"Lucienne la Parisienne","description":"Produits pour Teckels","potentialAction":[{"@type":"SearchAction","target":{"@type":"EntryPoint","urlTemplate":"https:\/\/luciennelaparisienne.fr\/?s={search_term_string}"},"query-input":{"@type":"PropertyValueSpecification","valueRequired":true,"valueName":"search_term_string"}}],"inLanguage":"en-GB"}]}},"_links":{"self":[{"href":"https:\/\/luciennelaparisienne.fr\/en\/wp-json\/wp\/v2\/product\/16283","targetHints":{"allow":["GET"]}}],"collection":[{"href":"https:\/\/luciennelaparisienne.fr\/en\/wp-json\/wp\/v2\/product"}],"about":[{"href":"https:\/\/luciennelaparisienne.fr\/en\/wp-json\/wp\/v2\/types\/product"}],"replies":[{"embeddable":true,"href":"https:\/\/luciennelaparisienne.fr\/en\/wp-json\/wp\/v2\/comments?post=16283"}],"wp:featuredmedia":[{"embeddable":true,"href":"https:\/\/luciennelaparisienne.fr\/en\/wp-json\/wp\/v2\/media\/16306"}],"wp:attachment":[{"href":"https:\/\/luciennelaparisienne.fr\/en\/wp-json\/wp\/v2\/media?parent=16283"}],"wp:term":[{"taxonomy":"product_brand","embeddable":true,"href":"https:\/\/luciennelaparisienne.fr\/en\/wp-json\/wp\/v2\/product_brand?post=16283"},{"taxonomy":"product_cat","embeddable":true,"href":"https:\/\/luciennelaparisienne.fr\/en\/wp-json\/wp\/v2\/product_cat?post=16283"},{"taxonomy":"product_tag","embeddable":true,"href":"https:\/\/luciennelaparisienne.fr\/en\/wp-json\/wp\/v2\/product_tag?post=16283"}],"curies":[{"name":"wp","href":"https:\/\/api.w.org\/{rel}","templated":true}]}}