{"id":16324,"date":"2026-01-16T02:48:09","date_gmt":"2026-01-16T01:48:09","guid":{"rendered":"https:\/\/luciennelaparisienne.fr\/?post_type=product&#038;p=16324"},"modified":"2026-05-02T10:02:32","modified_gmt":"2026-05-02T08:02:32","slug":"pochette-friandises-accessoires","status":"publish","type":"product","link":"https:\/\/luciennelaparisienne.fr\/en\/product\/pochette-friandises-accessoires\/","title":{"rendered":"Treat &amp; Accessories Pouch"},"content":{"rendered":"<p><strong>Pochette friandises &amp; accessoires<\/strong><br \/>\n<span style=\"font-size: 10pt;\">This elegant and practical pouch is designed to make your walks comfortable and convenient.<\/span><br \/>\n<span style=\"font-size: 10pt;\">Made from soft leather, identical to that of our collars and leashes, it adds a chic, perfectly coordinated touch to your set.<\/span><br \/>\n<span style=\"font-size: 10pt;\">Equipped with a zip lock, it securely holds treats, keys, waste bags, or other small essentials for your outings.<\/span><br \/>\n<span style=\"font-size: 10pt;\">It easily attaches with a stylish matching carabiner to the leash, bag, or belt, keeping it always within reach.<\/span><\/p>\n<p><strong>Caracteristics:<\/strong> <span style=\"font-size: 10pt;\">High-quality natural cowhide leather.<\/span><\/p>\n<p><strong>Care: <\/strong><span style=\"font-size: 10pt;\">You can gently clean with a soft, dry cloth; if the item is heavily soiled, you can use a slightly damp cloth.<\/span><\/p>\n<p><strong>One size :<\/strong> <span style=\"font-size: 10pt;\">10cm x 6cm.<\/span><\/p>\n<p><strong>We also offer matching collars and leashes in the same colors.<\/strong><\/p>\n<p><em>Made in Italy.<\/em><\/p>","protected":false},"excerpt":{"rendered":"<p>Pochette friandises &amp; accessoires Cette pochette \u00e9l\u00e9gante et pratique est con\u00e7ue pour accompagner vos promenades en tout confort. Fabriqu\u00e9e en cuir souple, identique \u00e0 celui de nos colliers et laisses, elle apporte une touche chic et parfaitement coordonn\u00e9e \u00e0 vos ensembles. Dot\u00e9e d\u2019une fermeture zipp\u00e9e, elle permet de garder en [&hellip;]<\/p>","protected":false},"featured_media":16334,"comment_status":"open","ping_status":"closed","template":"","meta":{"inline_featured_image":false},"product_brand":[],"product_cat":[204,70],"product_tag":[],"class_list":{"0":"post-16324","1":"product","2":"type-product","3":"status-publish","4":"has-post-thumbnail","6":"product_cat-laisses-et-colliers","7":"product_cat-pour-nos-teckels","9":"first","10":"instock","11":"taxable","12":"shipping-taxable","13":"purchasable","14":"product-type-variable"},"yoast_head":"<!-- This site is optimized with the Yoast SEO plugin v26.6 - https:\/\/yoast.com\/wordpress\/plugins\/seo\/ -->\n<title>Pochette friandises &amp; accessoires - Lucienne la Parisienne<\/title>\n<meta name=\"robots\" content=\"index, follow, max-snippet:-1, max-image-preview:large, max-video-preview:-1\" \/>\n<link rel=\"canonical\" href=\"https:\/\/luciennelaparisienne.fr\/en\/product\/pochette-friandises-accessoires\/\" \/>\n<meta property=\"og:locale\" content=\"en_GB\" \/>\n<meta property=\"og:type\" content=\"article\" \/>\n<meta property=\"og:title\" content=\"Pochette friandises &amp; accessoires - Lucienne la Parisienne\" \/>\n<meta property=\"og:description\" content=\"Pochette friandises &amp; accessoires Cette pochette \u00e9l\u00e9gante et pratique est con\u00e7ue pour accompagner vos promenades en tout confort. Fabriqu\u00e9e en cuir souple, identique \u00e0 celui de nos colliers et laisses, elle apporte une touche chic et parfaitement coordonn\u00e9e \u00e0 vos ensembles. Dot\u00e9e d\u2019une fermeture zipp\u00e9e, elle permet de garder en [&hellip;]\" \/>\n<meta property=\"og:url\" content=\"https:\/\/luciennelaparisienne.fr\/en\/product\/pochette-friandises-accessoires\/\" \/>\n<meta property=\"og:site_name\" content=\"Lucienne la Parisienne\" \/>\n<meta property=\"article:modified_time\" content=\"2026-05-02T08:02:32+00:00\" \/>\n<meta property=\"og:image\" content=\"https:\/\/luciennelaparisienne.fr\/wp-content\/uploads\/2026\/01\/5-50.jpg\" \/>\n\t<meta property=\"og:image:width\" content=\"1000\" \/>\n\t<meta property=\"og:image:height\" content=\"1000\" \/>\n\t<meta property=\"og:image:type\" content=\"image\/jpeg\" \/>\n<meta name=\"twitter:card\" content=\"summary_large_image\" \/>\n<meta name=\"twitter:label1\" content=\"Estimated reading time\" \/>\n\t<meta name=\"twitter:data1\" content=\"1 minute\" \/>\n<script type=\"application\/ld+json\" class=\"yoast-schema-graph\">{\"@context\":\"https:\/\/schema.org\",\"@graph\":[{\"@type\":\"WebPage\",\"@id\":\"https:\/\/luciennelaparisienne.fr\/produit\/pochette-friandises-accessoires\/\",\"url\":\"https:\/\/luciennelaparisienne.fr\/produit\/pochette-friandises-accessoires\/\",\"name\":\"Pochette friandises & accessoires - Lucienne la Parisienne\",\"isPartOf\":{\"@id\":\"https:\/\/luciennelaparisienne.fr\/#website\"},\"primaryImageOfPage\":{\"@id\":\"https:\/\/luciennelaparisienne.fr\/produit\/pochette-friandises-accessoires\/#primaryimage\"},\"image\":{\"@id\":\"https:\/\/luciennelaparisienne.fr\/produit\/pochette-friandises-accessoires\/#primaryimage\"},\"thumbnailUrl\":\"https:\/\/luciennelaparisienne.fr\/wp-content\/uploads\/2026\/01\/5-50.jpg\",\"datePublished\":\"2026-01-16T01:48:09+00:00\",\"dateModified\":\"2026-05-02T08:02:32+00:00\",\"breadcrumb\":{\"@id\":\"https:\/\/luciennelaparisienne.fr\/produit\/pochette-friandises-accessoires\/#breadcrumb\"},\"inLanguage\":\"en-GB\",\"potentialAction\":[{\"@type\":\"ReadAction\",\"target\":[\"https:\/\/luciennelaparisienne.fr\/produit\/pochette-friandises-accessoires\/\"]}]},{\"@type\":\"ImageObject\",\"inLanguage\":\"en-GB\",\"@id\":\"https:\/\/luciennelaparisienne.fr\/produit\/pochette-friandises-accessoires\/#primaryimage\",\"url\":\"https:\/\/luciennelaparisienne.fr\/wp-content\/uploads\/2026\/01\/5-50.jpg\",\"contentUrl\":\"https:\/\/luciennelaparisienne.fr\/wp-content\/uploads\/2026\/01\/5-50.jpg\",\"width\":1000,\"height\":1000},{\"@type\":\"BreadcrumbList\",\"@id\":\"https:\/\/luciennelaparisienne.fr\/produit\/pochette-friandises-accessoires\/#breadcrumb\",\"itemListElement\":[{\"@type\":\"ListItem\",\"position\":1,\"name\":\"Accueil\",\"item\":\"https:\/\/luciennelaparisienne.fr\/\"},{\"@type\":\"ListItem\",\"position\":2,\"name\":\"Boutique\",\"item\":\"https:\/\/luciennelaparisienne.fr\/shop\/\"},{\"@type\":\"ListItem\",\"position\":3,\"name\":\"Pochette friandises &#038; accessoires\"}]},{\"@type\":\"WebSite\",\"@id\":\"https:\/\/luciennelaparisienne.fr\/#website\",\"url\":\"https:\/\/luciennelaparisienne.fr\/\",\"name\":\"Lucienne la Parisienne\",\"description\":\"Produits pour Teckels\",\"potentialAction\":[{\"@type\":\"SearchAction\",\"target\":{\"@type\":\"EntryPoint\",\"urlTemplate\":\"https:\/\/luciennelaparisienne.fr\/?s={search_term_string}\"},\"query-input\":{\"@type\":\"PropertyValueSpecification\",\"valueRequired\":true,\"valueName\":\"search_term_string\"}}],\"inLanguage\":\"en-GB\"}]}<\/script>\n<!-- \/ Yoast SEO plugin. -->","yoast_head_json":{"title":"Pochette friandises & accessoires - Lucienne la Parisienne","robots":{"index":"index","follow":"follow","max-snippet":"max-snippet:-1","max-image-preview":"max-image-preview:large","max-video-preview":"max-video-preview:-1"},"canonical":"https:\/\/luciennelaparisienne.fr\/en\/product\/pochette-friandises-accessoires\/","og_locale":"en_GB","og_type":"article","og_title":"Pochette friandises & accessoires - Lucienne la Parisienne","og_description":"Pochette friandises &amp; accessoires Cette pochette \u00e9l\u00e9gante et pratique est con\u00e7ue pour accompagner vos promenades en tout confort. Fabriqu\u00e9e en cuir souple, identique \u00e0 celui de nos colliers et laisses, elle apporte une touche chic et parfaitement coordonn\u00e9e \u00e0 vos ensembles. Dot\u00e9e d\u2019une fermeture zipp\u00e9e, elle permet de garder en [&hellip;]","og_url":"https:\/\/luciennelaparisienne.fr\/en\/product\/pochette-friandises-accessoires\/","og_site_name":"Lucienne la Parisienne","article_modified_time":"2026-05-02T08:02:32+00:00","og_image":[{"width":1000,"height":1000,"url":"https:\/\/luciennelaparisienne.fr\/wp-content\/uploads\/2026\/01\/5-50.jpg","type":"image\/jpeg"}],"twitter_card":"summary_large_image","twitter_misc":{"Estimated reading time":"1 minute"},"schema":{"@context":"https:\/\/schema.org","@graph":[{"@type":"WebPage","@id":"https:\/\/luciennelaparisienne.fr\/produit\/pochette-friandises-accessoires\/","url":"https:\/\/luciennelaparisienne.fr\/produit\/pochette-friandises-accessoires\/","name":"Pochette friandises & accessoires - Lucienne la Parisienne","isPartOf":{"@id":"https:\/\/luciennelaparisienne.fr\/#website"},"primaryImageOfPage":{"@id":"https:\/\/luciennelaparisienne.fr\/produit\/pochette-friandises-accessoires\/#primaryimage"},"image":{"@id":"https:\/\/luciennelaparisienne.fr\/produit\/pochette-friandises-accessoires\/#primaryimage"},"thumbnailUrl":"https:\/\/luciennelaparisienne.fr\/wp-content\/uploads\/2026\/01\/5-50.jpg","datePublished":"2026-01-16T01:48:09+00:00","dateModified":"2026-05-02T08:02:32+00:00","breadcrumb":{"@id":"https:\/\/luciennelaparisienne.fr\/produit\/pochette-friandises-accessoires\/#breadcrumb"},"inLanguage":"en-GB","potentialAction":[{"@type":"ReadAction","target":["https:\/\/luciennelaparisienne.fr\/produit\/pochette-friandises-accessoires\/"]}]},{"@type":"ImageObject","inLanguage":"en-GB","@id":"https:\/\/luciennelaparisienne.fr\/produit\/pochette-friandises-accessoires\/#primaryimage","url":"https:\/\/luciennelaparisienne.fr\/wp-content\/uploads\/2026\/01\/5-50.jpg","contentUrl":"https:\/\/luciennelaparisienne.fr\/wp-content\/uploads\/2026\/01\/5-50.jpg","width":1000,"height":1000},{"@type":"BreadcrumbList","@id":"https:\/\/luciennelaparisienne.fr\/produit\/pochette-friandises-accessoires\/#breadcrumb","itemListElement":[{"@type":"ListItem","position":1,"name":"Accueil","item":"https:\/\/luciennelaparisienne.fr\/"},{"@type":"ListItem","position":2,"name":"Boutique","item":"https:\/\/luciennelaparisienne.fr\/shop\/"},{"@type":"ListItem","position":3,"name":"Pochette friandises &#038; accessoires"}]},{"@type":"WebSite","@id":"https:\/\/luciennelaparisienne.fr\/#website","url":"https:\/\/luciennelaparisienne.fr\/","name":"Lucienne la Parisienne","description":"Produits pour Teckels","potentialAction":[{"@type":"SearchAction","target":{"@type":"EntryPoint","urlTemplate":"https:\/\/luciennelaparisienne.fr\/?s={search_term_string}"},"query-input":{"@type":"PropertyValueSpecification","valueRequired":true,"valueName":"search_term_string"}}],"inLanguage":"en-GB"}]}},"_links":{"self":[{"href":"https:\/\/luciennelaparisienne.fr\/en\/wp-json\/wp\/v2\/product\/16324","targetHints":{"allow":["GET"]}}],"collection":[{"href":"https:\/\/luciennelaparisienne.fr\/en\/wp-json\/wp\/v2\/product"}],"about":[{"href":"https:\/\/luciennelaparisienne.fr\/en\/wp-json\/wp\/v2\/types\/product"}],"replies":[{"embeddable":true,"href":"https:\/\/luciennelaparisienne.fr\/en\/wp-json\/wp\/v2\/comments?post=16324"}],"wp:featuredmedia":[{"embeddable":true,"href":"https:\/\/luciennelaparisienne.fr\/en\/wp-json\/wp\/v2\/media\/16334"}],"wp:attachment":[{"href":"https:\/\/luciennelaparisienne.fr\/en\/wp-json\/wp\/v2\/media?parent=16324"}],"wp:term":[{"taxonomy":"product_brand","embeddable":true,"href":"https:\/\/luciennelaparisienne.fr\/en\/wp-json\/wp\/v2\/product_brand?post=16324"},{"taxonomy":"product_cat","embeddable":true,"href":"https:\/\/luciennelaparisienne.fr\/en\/wp-json\/wp\/v2\/product_cat?post=16324"},{"taxonomy":"product_tag","embeddable":true,"href":"https:\/\/luciennelaparisienne.fr\/en\/wp-json\/wp\/v2\/product_tag?post=16324"}],"curies":[{"name":"wp","href":"https:\/\/api.w.org\/{rel}","templated":true}]}}