{"id":16359,"date":"2026-01-16T04:37:14","date_gmt":"2026-01-16T03:37:14","guid":{"rendered":"https:\/\/luciennelaparisienne.fr\/?post_type=product&#038;p=16359"},"modified":"2026-03-28T11:40:59","modified_gmt":"2026-03-28T10:40:59","slug":"housse-de-coussin-pour-la-niche","status":"publish","type":"product","link":"https:\/\/luciennelaparisienne.fr\/en\/product\/housse-de-coussin-pour-la-niche\/","title":{"rendered":"Housse de coussin pour la niche"},"content":{"rendered":"<p>Pour prolonger la dur\u00e9e de vie de votre niche et faciliter l\u2019entretien au quotidien, cette housse de coussin est la solution id\u00e9ale pour garder un couchage toujours propre et \u00e9l\u00e9gant.<\/p>\n<p>Confectionn\u00e9e en tissu d\u2019ameublement r\u00e9sistant, elle prot\u00e8ge le coussin d\u2019origine tout en apportant confort et esth\u00e9tisme.<br \/>\nGr\u00e2ce \u00e0 cette housse, il n\u2019est plus n\u00e9cessaire de laver le coussin entier : il suffit de changer la housse et de la laver s\u00e9par\u00e9ment.<\/p>\n<p>Pratique et fonctionnelle, elle est \u00e9quip\u00e9e d\u2019une fermeture zipp\u00e9e permettant une installation rapide et un maintien parfait sur le coussin.<\/p>\n<p><strong>Caracteristics:\u00a0\u00a0<\/strong><\/p>\n<p><span data-contrast=\"none\">Rev\u00eatement ext\u00e9rieur : 100 % polyester r\u00e9sistant et facile d\u2019entretien. R\u00e9sistant, anti-griffes et anti-taches.\u00a0<\/span><\/p>\n<p><strong>Care:\u00a0\u00a0<\/strong><\/p>\n<p><span data-contrast=\"none\">Hand wash or machine wash at 30\u00b0C. Light spin and drying.<\/span><span data-ccp-props=\"{&quot;134233117&quot;:false,&quot;134233118&quot;:false,&quot;201341983&quot;:0,&quot;335559738&quot;:0,&quot;335559739&quot;:312,&quot;335559740&quot;:240}\">\u00a0<\/span><\/p>\n<p><span data-contrast=\"none\">A wet sponge is enough to remove small stains.<\/span><span data-ccp-props=\"{}\">\u00a0<\/span><\/p>\n<p><span data-contrast=\"none\">Disponible en taille unique 55cm x 45cm<\/span><\/p>\n<p><strong>Compatible avec les coussins de niche Lucienne la Parisienne.<\/strong><\/p>","protected":false},"excerpt":{"rendered":"<p>Pour prolonger la dur\u00e9e de vie de votre niche et faciliter l\u2019entretien au quotidien, cette housse de coussin est la solution id\u00e9ale pour garder un couchage toujours propre et \u00e9l\u00e9gant. Confectionn\u00e9e en tissu d\u2019ameublement r\u00e9sistant, elle prot\u00e8ge le coussin d\u2019origine tout en apportant confort et esth\u00e9tisme. Gr\u00e2ce \u00e0 cette housse, [&hellip;]<\/p>","protected":false},"featured_media":16368,"comment_status":"open","ping_status":"closed","template":"","meta":{"inline_featured_image":false},"product_brand":[],"product_cat":[150,152,70],"product_tag":[],"class_list":{"0":"post-16359","1":"product","2":"type-product","3":"status-publish","4":"has-post-thumbnail","6":"product_cat-paniers-coussins-niches","7":"product_cat-plaids-couvertures-tapis","8":"product_cat-pour-nos-teckels","10":"first","11":"instock","12":"taxable","13":"shipping-taxable","14":"purchasable","15":"product-type-variable"},"yoast_head":"<!-- This site is optimized with the Yoast SEO plugin v26.6 - https:\/\/yoast.com\/wordpress\/plugins\/seo\/ -->\n<title>Housse de coussin pour la niche - Lucienne la Parisienne<\/title>\n<meta name=\"robots\" content=\"index, follow, max-snippet:-1, max-image-preview:large, max-video-preview:-1\" \/>\n<link rel=\"canonical\" href=\"https:\/\/luciennelaparisienne.fr\/en\/product\/housse-de-coussin-pour-la-niche\/\" \/>\n<meta property=\"og:locale\" content=\"en_GB\" \/>\n<meta property=\"og:type\" content=\"article\" \/>\n<meta property=\"og:title\" content=\"Housse de coussin pour la niche - Lucienne la Parisienne\" \/>\n<meta property=\"og:description\" content=\"Pour prolonger la dur\u00e9e de vie de votre niche et faciliter l\u2019entretien au quotidien, cette housse de coussin est la solution id\u00e9ale pour garder un couchage toujours propre et \u00e9l\u00e9gant. Confectionn\u00e9e en tissu d\u2019ameublement r\u00e9sistant, elle prot\u00e8ge le coussin d\u2019origine tout en apportant confort et esth\u00e9tisme. Gr\u00e2ce \u00e0 cette housse, [&hellip;]\" \/>\n<meta property=\"og:url\" content=\"https:\/\/luciennelaparisienne.fr\/en\/product\/housse-de-coussin-pour-la-niche\/\" \/>\n<meta property=\"og:site_name\" content=\"Lucienne la Parisienne\" \/>\n<meta property=\"article:modified_time\" content=\"2026-03-28T10:40:59+00:00\" \/>\n<meta property=\"og:image\" content=\"https:\/\/luciennelaparisienne.fr\/wp-content\/uploads\/2026\/01\/mal-05341.jpg\" \/>\n\t<meta property=\"og:image:width\" content=\"1000\" \/>\n\t<meta property=\"og:image:height\" content=\"1000\" \/>\n\t<meta property=\"og:image:type\" content=\"image\/jpeg\" \/>\n<meta name=\"twitter:card\" content=\"summary_large_image\" \/>\n<meta name=\"twitter:label1\" content=\"Estimated reading time\" \/>\n\t<meta name=\"twitter:data1\" content=\"1 minute\" \/>\n<script type=\"application\/ld+json\" class=\"yoast-schema-graph\">{\"@context\":\"https:\/\/schema.org\",\"@graph\":[{\"@type\":\"WebPage\",\"@id\":\"https:\/\/luciennelaparisienne.fr\/produit\/housse-de-coussin-pour-la-niche\/\",\"url\":\"https:\/\/luciennelaparisienne.fr\/produit\/housse-de-coussin-pour-la-niche\/\",\"name\":\"Housse de coussin pour la niche - Lucienne la Parisienne\",\"isPartOf\":{\"@id\":\"https:\/\/luciennelaparisienne.fr\/#website\"},\"primaryImageOfPage\":{\"@id\":\"https:\/\/luciennelaparisienne.fr\/produit\/housse-de-coussin-pour-la-niche\/#primaryimage\"},\"image\":{\"@id\":\"https:\/\/luciennelaparisienne.fr\/produit\/housse-de-coussin-pour-la-niche\/#primaryimage\"},\"thumbnailUrl\":\"https:\/\/luciennelaparisienne.fr\/wp-content\/uploads\/2026\/01\/mal-05341.jpg\",\"datePublished\":\"2026-01-16T03:37:14+00:00\",\"dateModified\":\"2026-03-28T10:40:59+00:00\",\"breadcrumb\":{\"@id\":\"https:\/\/luciennelaparisienne.fr\/produit\/housse-de-coussin-pour-la-niche\/#breadcrumb\"},\"inLanguage\":\"en-GB\",\"potentialAction\":[{\"@type\":\"ReadAction\",\"target\":[\"https:\/\/luciennelaparisienne.fr\/produit\/housse-de-coussin-pour-la-niche\/\"]}]},{\"@type\":\"ImageObject\",\"inLanguage\":\"en-GB\",\"@id\":\"https:\/\/luciennelaparisienne.fr\/produit\/housse-de-coussin-pour-la-niche\/#primaryimage\",\"url\":\"https:\/\/luciennelaparisienne.fr\/wp-content\/uploads\/2026\/01\/mal-05341.jpg\",\"contentUrl\":\"https:\/\/luciennelaparisienne.fr\/wp-content\/uploads\/2026\/01\/mal-05341.jpg\",\"width\":1000,\"height\":1000},{\"@type\":\"BreadcrumbList\",\"@id\":\"https:\/\/luciennelaparisienne.fr\/produit\/housse-de-coussin-pour-la-niche\/#breadcrumb\",\"itemListElement\":[{\"@type\":\"ListItem\",\"position\":1,\"name\":\"Accueil\",\"item\":\"https:\/\/luciennelaparisienne.fr\/\"},{\"@type\":\"ListItem\",\"position\":2,\"name\":\"Boutique\",\"item\":\"https:\/\/luciennelaparisienne.fr\/shop\/\"},{\"@type\":\"ListItem\",\"position\":3,\"name\":\"Housse de coussin pour la niche\"}]},{\"@type\":\"WebSite\",\"@id\":\"https:\/\/luciennelaparisienne.fr\/#website\",\"url\":\"https:\/\/luciennelaparisienne.fr\/\",\"name\":\"Lucienne la Parisienne\",\"description\":\"Produits pour Teckels\",\"potentialAction\":[{\"@type\":\"SearchAction\",\"target\":{\"@type\":\"EntryPoint\",\"urlTemplate\":\"https:\/\/luciennelaparisienne.fr\/?s={search_term_string}\"},\"query-input\":{\"@type\":\"PropertyValueSpecification\",\"valueRequired\":true,\"valueName\":\"search_term_string\"}}],\"inLanguage\":\"en-GB\"}]}<\/script>\n<!-- \/ Yoast SEO plugin. -->","yoast_head_json":{"title":"Housse de coussin pour la niche - Lucienne la Parisienne","robots":{"index":"index","follow":"follow","max-snippet":"max-snippet:-1","max-image-preview":"max-image-preview:large","max-video-preview":"max-video-preview:-1"},"canonical":"https:\/\/luciennelaparisienne.fr\/en\/product\/housse-de-coussin-pour-la-niche\/","og_locale":"en_GB","og_type":"article","og_title":"Housse de coussin pour la niche - Lucienne la Parisienne","og_description":"Pour prolonger la dur\u00e9e de vie de votre niche et faciliter l\u2019entretien au quotidien, cette housse de coussin est la solution id\u00e9ale pour garder un couchage toujours propre et \u00e9l\u00e9gant. Confectionn\u00e9e en tissu d\u2019ameublement r\u00e9sistant, elle prot\u00e8ge le coussin d\u2019origine tout en apportant confort et esth\u00e9tisme. Gr\u00e2ce \u00e0 cette housse, [&hellip;]","og_url":"https:\/\/luciennelaparisienne.fr\/en\/product\/housse-de-coussin-pour-la-niche\/","og_site_name":"Lucienne la Parisienne","article_modified_time":"2026-03-28T10:40:59+00:00","og_image":[{"width":1000,"height":1000,"url":"https:\/\/luciennelaparisienne.fr\/wp-content\/uploads\/2026\/01\/mal-05341.jpg","type":"image\/jpeg"}],"twitter_card":"summary_large_image","twitter_misc":{"Estimated reading time":"1 minute"},"schema":{"@context":"https:\/\/schema.org","@graph":[{"@type":"WebPage","@id":"https:\/\/luciennelaparisienne.fr\/produit\/housse-de-coussin-pour-la-niche\/","url":"https:\/\/luciennelaparisienne.fr\/produit\/housse-de-coussin-pour-la-niche\/","name":"Housse de coussin pour la niche - Lucienne la Parisienne","isPartOf":{"@id":"https:\/\/luciennelaparisienne.fr\/#website"},"primaryImageOfPage":{"@id":"https:\/\/luciennelaparisienne.fr\/produit\/housse-de-coussin-pour-la-niche\/#primaryimage"},"image":{"@id":"https:\/\/luciennelaparisienne.fr\/produit\/housse-de-coussin-pour-la-niche\/#primaryimage"},"thumbnailUrl":"https:\/\/luciennelaparisienne.fr\/wp-content\/uploads\/2026\/01\/mal-05341.jpg","datePublished":"2026-01-16T03:37:14+00:00","dateModified":"2026-03-28T10:40:59+00:00","breadcrumb":{"@id":"https:\/\/luciennelaparisienne.fr\/produit\/housse-de-coussin-pour-la-niche\/#breadcrumb"},"inLanguage":"en-GB","potentialAction":[{"@type":"ReadAction","target":["https:\/\/luciennelaparisienne.fr\/produit\/housse-de-coussin-pour-la-niche\/"]}]},{"@type":"ImageObject","inLanguage":"en-GB","@id":"https:\/\/luciennelaparisienne.fr\/produit\/housse-de-coussin-pour-la-niche\/#primaryimage","url":"https:\/\/luciennelaparisienne.fr\/wp-content\/uploads\/2026\/01\/mal-05341.jpg","contentUrl":"https:\/\/luciennelaparisienne.fr\/wp-content\/uploads\/2026\/01\/mal-05341.jpg","width":1000,"height":1000},{"@type":"BreadcrumbList","@id":"https:\/\/luciennelaparisienne.fr\/produit\/housse-de-coussin-pour-la-niche\/#breadcrumb","itemListElement":[{"@type":"ListItem","position":1,"name":"Accueil","item":"https:\/\/luciennelaparisienne.fr\/"},{"@type":"ListItem","position":2,"name":"Boutique","item":"https:\/\/luciennelaparisienne.fr\/shop\/"},{"@type":"ListItem","position":3,"name":"Housse de coussin pour la niche"}]},{"@type":"WebSite","@id":"https:\/\/luciennelaparisienne.fr\/#website","url":"https:\/\/luciennelaparisienne.fr\/","name":"Lucienne la Parisienne","description":"Produits pour Teckels","potentialAction":[{"@type":"SearchAction","target":{"@type":"EntryPoint","urlTemplate":"https:\/\/luciennelaparisienne.fr\/?s={search_term_string}"},"query-input":{"@type":"PropertyValueSpecification","valueRequired":true,"valueName":"search_term_string"}}],"inLanguage":"en-GB"}]}},"_links":{"self":[{"href":"https:\/\/luciennelaparisienne.fr\/en\/wp-json\/wp\/v2\/product\/16359","targetHints":{"allow":["GET"]}}],"collection":[{"href":"https:\/\/luciennelaparisienne.fr\/en\/wp-json\/wp\/v2\/product"}],"about":[{"href":"https:\/\/luciennelaparisienne.fr\/en\/wp-json\/wp\/v2\/types\/product"}],"replies":[{"embeddable":true,"href":"https:\/\/luciennelaparisienne.fr\/en\/wp-json\/wp\/v2\/comments?post=16359"}],"wp:featuredmedia":[{"embeddable":true,"href":"https:\/\/luciennelaparisienne.fr\/en\/wp-json\/wp\/v2\/media\/16368"}],"wp:attachment":[{"href":"https:\/\/luciennelaparisienne.fr\/en\/wp-json\/wp\/v2\/media?parent=16359"}],"wp:term":[{"taxonomy":"product_brand","embeddable":true,"href":"https:\/\/luciennelaparisienne.fr\/en\/wp-json\/wp\/v2\/product_brand?post=16359"},{"taxonomy":"product_cat","embeddable":true,"href":"https:\/\/luciennelaparisienne.fr\/en\/wp-json\/wp\/v2\/product_cat?post=16359"},{"taxonomy":"product_tag","embeddable":true,"href":"https:\/\/luciennelaparisienne.fr\/en\/wp-json\/wp\/v2\/product_tag?post=16359"}],"curies":[{"name":"wp","href":"https:\/\/api.w.org\/{rel}","templated":true}]}}