{"id":16660,"date":"2026-02-09T23:01:23","date_gmt":"2026-02-09T22:01:23","guid":{"rendered":"https:\/\/luciennelaparisienne.fr\/?post_type=product&#038;p=16660"},"modified":"2026-04-05T09:27:27","modified_gmt":"2026-04-05T07:27:27","slug":"manteau-raspail","status":"publish","type":"product","link":"https:\/\/luciennelaparisienne.fr\/en\/product\/manteau-raspail\/","title":{"rendered":"Raspail Coat"},"content":{"rendered":"<p>The Raspail coat is warm, lightweight, and waterproof.<\/p>\n<p>Equipped with snap buttons, this coat effectively protects your dachshund in wet weather.<\/p>\n<p>The interior is lined with fleece fabric, making it nice and warm.<\/p>\n<p>The collar has a front opening, perfect for mid-season.<\/p>\n<p>It washes and dries very easily and quickly.<\/p>\n<p>An opening for a harness is provided on the upper back.<\/p>\n<p>Very easy to put on: simply slip the jacket over your dog\u2019s head and fasten the buttons on the side.<\/p>\n<p>Perfect for mid-season: lightweight yet warm enough.<\/p>\n<p><strong>Features<\/strong> :<\/p>\n<p><strong>Color<\/strong> : Duck blue.<\/p>\n<p><strong>Tissu<\/strong> : 84% Polyester 16% Polyamide<\/p>\n<p>Hand wash or machine wash at 30\u00b0C. Light spin and drying.<\/p>\n<p><strong>Available in sizes:<\/strong><\/p>\n<p>Available in sizes:<\/p>\n<p>XXS: Dachshund Kaninchen 3-4 kg<\/p>\n<p>XS: Mini Dachshund 5 kg<\/p>\n<p>S: Miniature Dachshund 6-7 kg<\/p>\n<p>M: Standard Dachshund 8\u20138.5 kg<\/p>\n<p>L: Large Standard Dachshund 9\u201310 kg<\/p>\n<p>XL: Large Standard Dachshund 10\u202fkg+<\/p>\n<p>Size XL is made to order and upon payment.<\/p>\n<p><strong>Custom manufacturing is done after payment and takes approximately two weeks.<\/strong><\/p>\n<p>Please note that the colors in the photos may vary slightly.<\/p>","protected":false},"excerpt":{"rendered":"<p>Le manteau Raspail est \u00e0 la fois chaud, l\u00e9ger et imperm\u00e9able. Dot\u00e9 de boutons-pression, ce manteau prot\u00e8ge efficacement votre teckel par temps humide. L\u2019int\u00e9rieur est doubl\u00e9 par tissu polaire, donc il est bien chaud. Le col a une ouverture devant parfait pour un demi-saison. Il se lave et se s\u00e8che [&hellip;]<\/p>","protected":false},"featured_media":16681,"comment_status":"open","ping_status":"closed","template":"","meta":{"inline_featured_image":false},"product_brand":[],"product_cat":[70,72,153],"product_tag":[],"class_list":{"0":"post-16660","1":"product","2":"type-product","3":"status-publish","4":"has-post-thumbnail","6":"product_cat-pour-nos-teckels","7":"product_cat-pour-shabiller","8":"product_cat-vetements","10":"first","11":"instock","12":"taxable","13":"shipping-taxable","14":"purchasable","15":"product-type-variable","16":"has-default-attributes"},"yoast_head":"<!-- This site is optimized with the Yoast SEO plugin v26.6 - https:\/\/yoast.com\/wordpress\/plugins\/seo\/ -->\n<title>Manteau Raspail - Lucienne la Parisienne<\/title>\n<meta name=\"robots\" content=\"index, follow, max-snippet:-1, max-image-preview:large, max-video-preview:-1\" \/>\n<link rel=\"canonical\" href=\"https:\/\/luciennelaparisienne.fr\/en\/product\/manteau-raspail\/\" \/>\n<meta property=\"og:locale\" content=\"en_GB\" \/>\n<meta property=\"og:type\" content=\"article\" \/>\n<meta property=\"og:title\" content=\"Manteau Raspail - Lucienne la Parisienne\" \/>\n<meta property=\"og:description\" content=\"Le manteau Raspail est \u00e0 la fois chaud, l\u00e9ger et imperm\u00e9able. Dot\u00e9 de boutons-pression, ce manteau prot\u00e8ge efficacement votre teckel par temps humide. L\u2019int\u00e9rieur est doubl\u00e9 par tissu polaire, donc il est bien chaud. Le col a une ouverture devant parfait pour un demi-saison. Il se lave et se s\u00e8che [&hellip;]\" \/>\n<meta property=\"og:url\" content=\"https:\/\/luciennelaparisienne.fr\/en\/product\/manteau-raspail\/\" \/>\n<meta property=\"og:site_name\" content=\"Lucienne la Parisienne\" \/>\n<meta property=\"article:modified_time\" content=\"2026-04-05T07:27:27+00:00\" \/>\n<meta property=\"og:image\" content=\"https:\/\/luciennelaparisienne.fr\/wp-content\/uploads\/2026\/02\/1-12.jpg\" \/>\n\t<meta property=\"og:image:width\" content=\"1000\" \/>\n\t<meta property=\"og:image:height\" content=\"1000\" \/>\n\t<meta property=\"og:image:type\" content=\"image\/jpeg\" \/>\n<meta name=\"twitter:card\" content=\"summary_large_image\" \/>\n<meta name=\"twitter:label1\" content=\"Estimated reading time\" \/>\n\t<meta name=\"twitter:data1\" content=\"2 minutes\" \/>\n<script type=\"application\/ld+json\" class=\"yoast-schema-graph\">{\"@context\":\"https:\/\/schema.org\",\"@graph\":[{\"@type\":\"WebPage\",\"@id\":\"https:\/\/luciennelaparisienne.fr\/produit\/manteau-raspail\/\",\"url\":\"https:\/\/luciennelaparisienne.fr\/produit\/manteau-raspail\/\",\"name\":\"Manteau Raspail - Lucienne la Parisienne\",\"isPartOf\":{\"@id\":\"https:\/\/luciennelaparisienne.fr\/#website\"},\"primaryImageOfPage\":{\"@id\":\"https:\/\/luciennelaparisienne.fr\/produit\/manteau-raspail\/#primaryimage\"},\"image\":{\"@id\":\"https:\/\/luciennelaparisienne.fr\/produit\/manteau-raspail\/#primaryimage\"},\"thumbnailUrl\":\"https:\/\/luciennelaparisienne.fr\/wp-content\/uploads\/2026\/02\/1-12.jpg\",\"datePublished\":\"2026-02-09T22:01:23+00:00\",\"dateModified\":\"2026-04-05T07:27:27+00:00\",\"breadcrumb\":{\"@id\":\"https:\/\/luciennelaparisienne.fr\/produit\/manteau-raspail\/#breadcrumb\"},\"inLanguage\":\"en-GB\",\"potentialAction\":[{\"@type\":\"ReadAction\",\"target\":[\"https:\/\/luciennelaparisienne.fr\/produit\/manteau-raspail\/\"]}]},{\"@type\":\"ImageObject\",\"inLanguage\":\"en-GB\",\"@id\":\"https:\/\/luciennelaparisienne.fr\/produit\/manteau-raspail\/#primaryimage\",\"url\":\"https:\/\/luciennelaparisienne.fr\/wp-content\/uploads\/2026\/02\/1-12.jpg\",\"contentUrl\":\"https:\/\/luciennelaparisienne.fr\/wp-content\/uploads\/2026\/02\/1-12.jpg\",\"width\":1000,\"height\":1000},{\"@type\":\"BreadcrumbList\",\"@id\":\"https:\/\/luciennelaparisienne.fr\/produit\/manteau-raspail\/#breadcrumb\",\"itemListElement\":[{\"@type\":\"ListItem\",\"position\":1,\"name\":\"Accueil\",\"item\":\"https:\/\/luciennelaparisienne.fr\/\"},{\"@type\":\"ListItem\",\"position\":2,\"name\":\"Boutique\",\"item\":\"https:\/\/luciennelaparisienne.fr\/shop\/\"},{\"@type\":\"ListItem\",\"position\":3,\"name\":\"Manteau Raspail\"}]},{\"@type\":\"WebSite\",\"@id\":\"https:\/\/luciennelaparisienne.fr\/#website\",\"url\":\"https:\/\/luciennelaparisienne.fr\/\",\"name\":\"Lucienne la Parisienne\",\"description\":\"Produits pour Teckels\",\"potentialAction\":[{\"@type\":\"SearchAction\",\"target\":{\"@type\":\"EntryPoint\",\"urlTemplate\":\"https:\/\/luciennelaparisienne.fr\/?s={search_term_string}\"},\"query-input\":{\"@type\":\"PropertyValueSpecification\",\"valueRequired\":true,\"valueName\":\"search_term_string\"}}],\"inLanguage\":\"en-GB\"}]}<\/script>\n<!-- \/ Yoast SEO plugin. -->","yoast_head_json":{"title":"Manteau Raspail - Lucienne la Parisienne","robots":{"index":"index","follow":"follow","max-snippet":"max-snippet:-1","max-image-preview":"max-image-preview:large","max-video-preview":"max-video-preview:-1"},"canonical":"https:\/\/luciennelaparisienne.fr\/en\/product\/manteau-raspail\/","og_locale":"en_GB","og_type":"article","og_title":"Manteau Raspail - Lucienne la Parisienne","og_description":"Le manteau Raspail est \u00e0 la fois chaud, l\u00e9ger et imperm\u00e9able. Dot\u00e9 de boutons-pression, ce manteau prot\u00e8ge efficacement votre teckel par temps humide. L\u2019int\u00e9rieur est doubl\u00e9 par tissu polaire, donc il est bien chaud. Le col a une ouverture devant parfait pour un demi-saison. Il se lave et se s\u00e8che [&hellip;]","og_url":"https:\/\/luciennelaparisienne.fr\/en\/product\/manteau-raspail\/","og_site_name":"Lucienne la Parisienne","article_modified_time":"2026-04-05T07:27:27+00:00","og_image":[{"width":1000,"height":1000,"url":"https:\/\/luciennelaparisienne.fr\/wp-content\/uploads\/2026\/02\/1-12.jpg","type":"image\/jpeg"}],"twitter_card":"summary_large_image","twitter_misc":{"Estimated reading time":"2 minutes"},"schema":{"@context":"https:\/\/schema.org","@graph":[{"@type":"WebPage","@id":"https:\/\/luciennelaparisienne.fr\/produit\/manteau-raspail\/","url":"https:\/\/luciennelaparisienne.fr\/produit\/manteau-raspail\/","name":"Manteau Raspail - Lucienne la Parisienne","isPartOf":{"@id":"https:\/\/luciennelaparisienne.fr\/#website"},"primaryImageOfPage":{"@id":"https:\/\/luciennelaparisienne.fr\/produit\/manteau-raspail\/#primaryimage"},"image":{"@id":"https:\/\/luciennelaparisienne.fr\/produit\/manteau-raspail\/#primaryimage"},"thumbnailUrl":"https:\/\/luciennelaparisienne.fr\/wp-content\/uploads\/2026\/02\/1-12.jpg","datePublished":"2026-02-09T22:01:23+00:00","dateModified":"2026-04-05T07:27:27+00:00","breadcrumb":{"@id":"https:\/\/luciennelaparisienne.fr\/produit\/manteau-raspail\/#breadcrumb"},"inLanguage":"en-GB","potentialAction":[{"@type":"ReadAction","target":["https:\/\/luciennelaparisienne.fr\/produit\/manteau-raspail\/"]}]},{"@type":"ImageObject","inLanguage":"en-GB","@id":"https:\/\/luciennelaparisienne.fr\/produit\/manteau-raspail\/#primaryimage","url":"https:\/\/luciennelaparisienne.fr\/wp-content\/uploads\/2026\/02\/1-12.jpg","contentUrl":"https:\/\/luciennelaparisienne.fr\/wp-content\/uploads\/2026\/02\/1-12.jpg","width":1000,"height":1000},{"@type":"BreadcrumbList","@id":"https:\/\/luciennelaparisienne.fr\/produit\/manteau-raspail\/#breadcrumb","itemListElement":[{"@type":"ListItem","position":1,"name":"Accueil","item":"https:\/\/luciennelaparisienne.fr\/"},{"@type":"ListItem","position":2,"name":"Boutique","item":"https:\/\/luciennelaparisienne.fr\/shop\/"},{"@type":"ListItem","position":3,"name":"Manteau Raspail"}]},{"@type":"WebSite","@id":"https:\/\/luciennelaparisienne.fr\/#website","url":"https:\/\/luciennelaparisienne.fr\/","name":"Lucienne la Parisienne","description":"Produits pour Teckels","potentialAction":[{"@type":"SearchAction","target":{"@type":"EntryPoint","urlTemplate":"https:\/\/luciennelaparisienne.fr\/?s={search_term_string}"},"query-input":{"@type":"PropertyValueSpecification","valueRequired":true,"valueName":"search_term_string"}}],"inLanguage":"en-GB"}]}},"_links":{"self":[{"href":"https:\/\/luciennelaparisienne.fr\/en\/wp-json\/wp\/v2\/product\/16660","targetHints":{"allow":["GET"]}}],"collection":[{"href":"https:\/\/luciennelaparisienne.fr\/en\/wp-json\/wp\/v2\/product"}],"about":[{"href":"https:\/\/luciennelaparisienne.fr\/en\/wp-json\/wp\/v2\/types\/product"}],"replies":[{"embeddable":true,"href":"https:\/\/luciennelaparisienne.fr\/en\/wp-json\/wp\/v2\/comments?post=16660"}],"wp:featuredmedia":[{"embeddable":true,"href":"https:\/\/luciennelaparisienne.fr\/en\/wp-json\/wp\/v2\/media\/16681"}],"wp:attachment":[{"href":"https:\/\/luciennelaparisienne.fr\/en\/wp-json\/wp\/v2\/media?parent=16660"}],"wp:term":[{"taxonomy":"product_brand","embeddable":true,"href":"https:\/\/luciennelaparisienne.fr\/en\/wp-json\/wp\/v2\/product_brand?post=16660"},{"taxonomy":"product_cat","embeddable":true,"href":"https:\/\/luciennelaparisienne.fr\/en\/wp-json\/wp\/v2\/product_cat?post=16660"},{"taxonomy":"product_tag","embeddable":true,"href":"https:\/\/luciennelaparisienne.fr\/en\/wp-json\/wp\/v2\/product_tag?post=16660"}],"curies":[{"name":"wp","href":"https:\/\/api.w.org\/{rel}","templated":true}]}}