{"id":17227,"date":"2026-04-15T18:33:10","date_gmt":"2026-04-15T16:33:10","guid":{"rendered":"https:\/\/luciennelaparisienne.fr\/?post_type=product&#038;p=17227"},"modified":"2026-04-15T20:20:53","modified_gmt":"2026-04-15T18:20:53","slug":"housse-ete-pour-sac-en-velours","status":"publish","type":"product","link":"https:\/\/luciennelaparisienne.fr\/en\/product\/housse-ete-pour-sac-en-velours\/","title":{"rendered":"Housse \u00e9t\u00e9 pour sac en velours"},"content":{"rendered":"<p data-start=\"67\" data-end=\"280\">Nous vous proposons des <strong data-start=\"91\" data-end=\"143\">housses d\u2019\u00e9t\u00e9 sp\u00e9cialement con\u00e7ues pour nos sacs<\/strong>.<br data-start=\"144\" data-end=\"147\" \/>Si vous poss\u00e9dez d\u00e9j\u00e0 l\u2019un de nos mod\u00e8les, vous pouvez remplacer la housse en fourrure par une housse en velours.<\/p>\n<p data-start=\"282\" data-end=\"500\">La housse est r\u00e9alis\u00e9e en <strong>velours d&rsquo;ameublements<\/strong>, tr\u00e8s r\u00e9sistant et tr\u00e8s doux \u00e0 la fois . C&rsquo;est un tissu anti griffure et anti tache.<\/p>\n<p data-start=\"282\" data-end=\"500\">Le sac avec cette housse peut vous servir toute l&rsquo;ann\u00e9e.<\/p>\n<h3 data-section-id=\"1gek3xq\" data-start=\"635\" data-end=\"657\"><span style=\"font-size: 12pt;\">Caract\u00e9ristiques:<\/span><\/h3>\n<ul data-start=\"658\" data-end=\"728\">\n<li data-section-id=\"dk17up\" data-start=\"658\" data-end=\"691\">Couleurs: Beige, bordeaux, menthe, lilas, fauve<\/li>\n<li data-section-id=\"vcduj5\" data-start=\"692\" data-end=\"728\">Tissu : Velours d&rsquo;ameublement<\/li>\n<\/ul>\n<p><strong>Care Instructions:<\/strong><strong>\u202f:<\/strong><strong>\u00a0\u00a0<\/strong><\/p>\n<p>Hand wash or machine wash at 30\u00b0C. Gentle spin and drying, do not dry clean, do not bleach.<\/p>\n<p><strong>Size\u00a0<\/strong>: M, L, XL<\/p>\n<p>Size XL is made on pre-order and after payment.<\/p>\n<p>Custom orders are available, thank you for <a href=\"https:\/\/luciennelaparisienne.fr\/contactez-nous\/\"><strong>contacting us via the Contact section<\/strong><\/a>.<\/p>","protected":false},"excerpt":{"rendered":"<p>Nous vous proposons des housses d\u2019\u00e9t\u00e9 sp\u00e9cialement con\u00e7ues pour nos sacs.Si vous poss\u00e9dez d\u00e9j\u00e0 l\u2019un de nos mod\u00e8les, vous pouvez remplacer la housse en fourrure par une housse en velours. La housse est r\u00e9alis\u00e9e en velours d&rsquo;ameublements, tr\u00e8s r\u00e9sistant et tr\u00e8s doux \u00e0 la fois . C&rsquo;est un tissu anti [&hellip;]<\/p>","protected":false},"featured_media":17151,"comment_status":"open","ping_status":"closed","template":"","meta":{"inline_featured_image":false},"product_brand":[],"product_cat":[70,155],"product_tag":[],"class_list":{"0":"post-17227","1":"product","2":"type-product","3":"status-publish","4":"has-post-thumbnail","6":"product_cat-pour-nos-teckels","7":"product_cat-sacs","9":"first","10":"instock","11":"taxable","12":"shipping-taxable","13":"purchasable","14":"product-type-variable"},"yoast_head":"<!-- This site is optimized with the Yoast SEO plugin v26.6 - https:\/\/yoast.com\/wordpress\/plugins\/seo\/ -->\n<title>Housse \u00e9t\u00e9 pour sac en velours - Lucienne la Parisienne<\/title>\n<meta name=\"robots\" content=\"index, follow, max-snippet:-1, max-image-preview:large, max-video-preview:-1\" \/>\n<link rel=\"canonical\" href=\"https:\/\/luciennelaparisienne.fr\/en\/product\/housse-ete-pour-sac-en-velours\/\" \/>\n<meta property=\"og:locale\" content=\"en_GB\" \/>\n<meta property=\"og:type\" content=\"article\" \/>\n<meta property=\"og:title\" content=\"Housse \u00e9t\u00e9 pour sac en velours - Lucienne la Parisienne\" \/>\n<meta property=\"og:description\" content=\"Nous vous proposons des housses d\u2019\u00e9t\u00e9 sp\u00e9cialement con\u00e7ues pour nos sacs.Si vous poss\u00e9dez d\u00e9j\u00e0 l\u2019un de nos mod\u00e8les, vous pouvez remplacer la housse en fourrure par une housse en velours. La housse est r\u00e9alis\u00e9e en velours d&rsquo;ameublements, tr\u00e8s r\u00e9sistant et tr\u00e8s doux \u00e0 la fois . C&rsquo;est un tissu anti [&hellip;]\" \/>\n<meta property=\"og:url\" content=\"https:\/\/luciennelaparisienne.fr\/en\/product\/housse-ete-pour-sac-en-velours\/\" \/>\n<meta property=\"og:site_name\" content=\"Lucienne la Parisienne\" \/>\n<meta property=\"article:modified_time\" content=\"2026-04-15T18:20:53+00:00\" \/>\n<meta property=\"og:image\" content=\"https:\/\/luciennelaparisienne.fr\/wp-content\/uploads\/2026\/02\/Emiliya-Sultan-46.jpg\" \/>\n\t<meta property=\"og:image:width\" content=\"1000\" \/>\n\t<meta property=\"og:image:height\" content=\"1000\" \/>\n\t<meta property=\"og:image:type\" content=\"image\/jpeg\" \/>\n<meta name=\"twitter:card\" content=\"summary_large_image\" \/>\n<meta name=\"twitter:label1\" content=\"Estimated reading time\" \/>\n\t<meta name=\"twitter:data1\" content=\"1 minute\" \/>\n<script type=\"application\/ld+json\" class=\"yoast-schema-graph\">{\"@context\":\"https:\/\/schema.org\",\"@graph\":[{\"@type\":\"WebPage\",\"@id\":\"https:\/\/luciennelaparisienne.fr\/produit\/housse-ete-pour-sac-en-velours\/\",\"url\":\"https:\/\/luciennelaparisienne.fr\/produit\/housse-ete-pour-sac-en-velours\/\",\"name\":\"Housse \u00e9t\u00e9 pour sac en velours - Lucienne la Parisienne\",\"isPartOf\":{\"@id\":\"https:\/\/luciennelaparisienne.fr\/#website\"},\"primaryImageOfPage\":{\"@id\":\"https:\/\/luciennelaparisienne.fr\/produit\/housse-ete-pour-sac-en-velours\/#primaryimage\"},\"image\":{\"@id\":\"https:\/\/luciennelaparisienne.fr\/produit\/housse-ete-pour-sac-en-velours\/#primaryimage\"},\"thumbnailUrl\":\"https:\/\/luciennelaparisienne.fr\/wp-content\/uploads\/2026\/02\/Emiliya-Sultan-46.jpg\",\"datePublished\":\"2026-04-15T16:33:10+00:00\",\"dateModified\":\"2026-04-15T18:20:53+00:00\",\"breadcrumb\":{\"@id\":\"https:\/\/luciennelaparisienne.fr\/produit\/housse-ete-pour-sac-en-velours\/#breadcrumb\"},\"inLanguage\":\"en-GB\",\"potentialAction\":[{\"@type\":\"ReadAction\",\"target\":[\"https:\/\/luciennelaparisienne.fr\/produit\/housse-ete-pour-sac-en-velours\/\"]}]},{\"@type\":\"ImageObject\",\"inLanguage\":\"en-GB\",\"@id\":\"https:\/\/luciennelaparisienne.fr\/produit\/housse-ete-pour-sac-en-velours\/#primaryimage\",\"url\":\"https:\/\/luciennelaparisienne.fr\/wp-content\/uploads\/2026\/02\/Emiliya-Sultan-46.jpg\",\"contentUrl\":\"https:\/\/luciennelaparisienne.fr\/wp-content\/uploads\/2026\/02\/Emiliya-Sultan-46.jpg\",\"width\":1000,\"height\":1000},{\"@type\":\"BreadcrumbList\",\"@id\":\"https:\/\/luciennelaparisienne.fr\/produit\/housse-ete-pour-sac-en-velours\/#breadcrumb\",\"itemListElement\":[{\"@type\":\"ListItem\",\"position\":1,\"name\":\"Accueil\",\"item\":\"https:\/\/luciennelaparisienne.fr\/\"},{\"@type\":\"ListItem\",\"position\":2,\"name\":\"Boutique\",\"item\":\"https:\/\/luciennelaparisienne.fr\/shop\/\"},{\"@type\":\"ListItem\",\"position\":3,\"name\":\"Housse \u00e9t\u00e9 pour sac en velours\"}]},{\"@type\":\"WebSite\",\"@id\":\"https:\/\/luciennelaparisienne.fr\/#website\",\"url\":\"https:\/\/luciennelaparisienne.fr\/\",\"name\":\"Lucienne la Parisienne\",\"description\":\"Produits pour Teckels\",\"potentialAction\":[{\"@type\":\"SearchAction\",\"target\":{\"@type\":\"EntryPoint\",\"urlTemplate\":\"https:\/\/luciennelaparisienne.fr\/?s={search_term_string}\"},\"query-input\":{\"@type\":\"PropertyValueSpecification\",\"valueRequired\":true,\"valueName\":\"search_term_string\"}}],\"inLanguage\":\"en-GB\"}]}<\/script>\n<!-- \/ Yoast SEO plugin. -->","yoast_head_json":{"title":"Housse \u00e9t\u00e9 pour sac en velours - Lucienne la Parisienne","robots":{"index":"index","follow":"follow","max-snippet":"max-snippet:-1","max-image-preview":"max-image-preview:large","max-video-preview":"max-video-preview:-1"},"canonical":"https:\/\/luciennelaparisienne.fr\/en\/product\/housse-ete-pour-sac-en-velours\/","og_locale":"en_GB","og_type":"article","og_title":"Housse \u00e9t\u00e9 pour sac en velours - Lucienne la Parisienne","og_description":"Nous vous proposons des housses d\u2019\u00e9t\u00e9 sp\u00e9cialement con\u00e7ues pour nos sacs.Si vous poss\u00e9dez d\u00e9j\u00e0 l\u2019un de nos mod\u00e8les, vous pouvez remplacer la housse en fourrure par une housse en velours. La housse est r\u00e9alis\u00e9e en velours d&rsquo;ameublements, tr\u00e8s r\u00e9sistant et tr\u00e8s doux \u00e0 la fois . C&rsquo;est un tissu anti [&hellip;]","og_url":"https:\/\/luciennelaparisienne.fr\/en\/product\/housse-ete-pour-sac-en-velours\/","og_site_name":"Lucienne la Parisienne","article_modified_time":"2026-04-15T18:20:53+00:00","og_image":[{"width":1000,"height":1000,"url":"https:\/\/luciennelaparisienne.fr\/wp-content\/uploads\/2026\/02\/Emiliya-Sultan-46.jpg","type":"image\/jpeg"}],"twitter_card":"summary_large_image","twitter_misc":{"Estimated reading time":"1 minute"},"schema":{"@context":"https:\/\/schema.org","@graph":[{"@type":"WebPage","@id":"https:\/\/luciennelaparisienne.fr\/produit\/housse-ete-pour-sac-en-velours\/","url":"https:\/\/luciennelaparisienne.fr\/produit\/housse-ete-pour-sac-en-velours\/","name":"Housse \u00e9t\u00e9 pour sac en velours - Lucienne la Parisienne","isPartOf":{"@id":"https:\/\/luciennelaparisienne.fr\/#website"},"primaryImageOfPage":{"@id":"https:\/\/luciennelaparisienne.fr\/produit\/housse-ete-pour-sac-en-velours\/#primaryimage"},"image":{"@id":"https:\/\/luciennelaparisienne.fr\/produit\/housse-ete-pour-sac-en-velours\/#primaryimage"},"thumbnailUrl":"https:\/\/luciennelaparisienne.fr\/wp-content\/uploads\/2026\/02\/Emiliya-Sultan-46.jpg","datePublished":"2026-04-15T16:33:10+00:00","dateModified":"2026-04-15T18:20:53+00:00","breadcrumb":{"@id":"https:\/\/luciennelaparisienne.fr\/produit\/housse-ete-pour-sac-en-velours\/#breadcrumb"},"inLanguage":"en-GB","potentialAction":[{"@type":"ReadAction","target":["https:\/\/luciennelaparisienne.fr\/produit\/housse-ete-pour-sac-en-velours\/"]}]},{"@type":"ImageObject","inLanguage":"en-GB","@id":"https:\/\/luciennelaparisienne.fr\/produit\/housse-ete-pour-sac-en-velours\/#primaryimage","url":"https:\/\/luciennelaparisienne.fr\/wp-content\/uploads\/2026\/02\/Emiliya-Sultan-46.jpg","contentUrl":"https:\/\/luciennelaparisienne.fr\/wp-content\/uploads\/2026\/02\/Emiliya-Sultan-46.jpg","width":1000,"height":1000},{"@type":"BreadcrumbList","@id":"https:\/\/luciennelaparisienne.fr\/produit\/housse-ete-pour-sac-en-velours\/#breadcrumb","itemListElement":[{"@type":"ListItem","position":1,"name":"Accueil","item":"https:\/\/luciennelaparisienne.fr\/"},{"@type":"ListItem","position":2,"name":"Boutique","item":"https:\/\/luciennelaparisienne.fr\/shop\/"},{"@type":"ListItem","position":3,"name":"Housse \u00e9t\u00e9 pour sac en velours"}]},{"@type":"WebSite","@id":"https:\/\/luciennelaparisienne.fr\/#website","url":"https:\/\/luciennelaparisienne.fr\/","name":"Lucienne la Parisienne","description":"Produits pour Teckels","potentialAction":[{"@type":"SearchAction","target":{"@type":"EntryPoint","urlTemplate":"https:\/\/luciennelaparisienne.fr\/?s={search_term_string}"},"query-input":{"@type":"PropertyValueSpecification","valueRequired":true,"valueName":"search_term_string"}}],"inLanguage":"en-GB"}]}},"_links":{"self":[{"href":"https:\/\/luciennelaparisienne.fr\/en\/wp-json\/wp\/v2\/product\/17227","targetHints":{"allow":["GET"]}}],"collection":[{"href":"https:\/\/luciennelaparisienne.fr\/en\/wp-json\/wp\/v2\/product"}],"about":[{"href":"https:\/\/luciennelaparisienne.fr\/en\/wp-json\/wp\/v2\/types\/product"}],"replies":[{"embeddable":true,"href":"https:\/\/luciennelaparisienne.fr\/en\/wp-json\/wp\/v2\/comments?post=17227"}],"wp:featuredmedia":[{"embeddable":true,"href":"https:\/\/luciennelaparisienne.fr\/en\/wp-json\/wp\/v2\/media\/17151"}],"wp:attachment":[{"href":"https:\/\/luciennelaparisienne.fr\/en\/wp-json\/wp\/v2\/media?parent=17227"}],"wp:term":[{"taxonomy":"product_brand","embeddable":true,"href":"https:\/\/luciennelaparisienne.fr\/en\/wp-json\/wp\/v2\/product_brand?post=17227"},{"taxonomy":"product_cat","embeddable":true,"href":"https:\/\/luciennelaparisienne.fr\/en\/wp-json\/wp\/v2\/product_cat?post=17227"},{"taxonomy":"product_tag","embeddable":true,"href":"https:\/\/luciennelaparisienne.fr\/en\/wp-json\/wp\/v2\/product_tag?post=17227"}],"curies":[{"name":"wp","href":"https:\/\/api.w.org\/{rel}","templated":true}]}}