{"id":17357,"date":"2026-05-10T17:03:00","date_gmt":"2026-05-10T15:03:00","guid":{"rendered":"https:\/\/luciennelaparisienne.fr\/?post_type=product&#038;p=17357"},"modified":"2026-05-11T12:43:03","modified_gmt":"2026-05-11T10:43:03","slug":"bandana-pour-teckels","status":"publish","type":"product","link":"https:\/\/luciennelaparisienne.fr\/en\/product\/bandana-pour-teckels\/","title":{"rendered":"Bandana pour teckels"},"content":{"rendered":"<p><strong>Bandana<\/strong><\/p>\n<p><span style=\"font-size: 10pt;\">Le bandana chic pens\u00e9 sp\u00e9cialement pour les teckels. <\/span><span style=\"font-size: 10pt;\">Un accessoire \u00e9l\u00e9gant, confortable et l\u00e9ger, con\u00e7u pour sublimer vos petits compagnons tout en respectant leur morphologie unique.<\/span><br \/>\n<span style=\"font-size: 10pt;\">Fabriqu\u00e9 dans un tissu doux et agr\u00e9able \u00e0 porter, notre bandana apporte une touche parisienne et intemporelle au look de votre chien \u2014 parfait pour les promenades, les sorties en ville ou les jolies photos du quotidien. Accessoires parfait pour les \u00e9v\u00e8nements et marches de teckels. <\/span><span style=\"font-size: 10pt;\">Fermeture avec un n\u0153ud, convient aux teckels de diff\u00e9rentes tailles.<\/span><\/p>\n<p><strong>Caracteristics:\u00a0<\/strong><br \/>\n<span style=\"font-size: 10pt;\">Couleurs : ray\u00e9 bleue marine et blanc.<\/span><br \/>\n<span style=\"font-size: 10pt;\">Tissu : 100% coton. Sticker exclusif Lucienne la Parisienne.<\/span><\/p>\n<p><strong>Care:<\/strong> <span style=\"font-size: 10pt;\">Lavage d\u00e9licat \u00e0 la main \u00e0 30 \u00b0C. conseill\u00e9. S\u00e9chage \u00e0 l&rsquo;air libre.<\/span><\/p>\n<p><strong>Taille unique: <\/strong><span style=\"font-size: 10pt;\">longueur 61cm<\/span><\/p>","protected":false},"excerpt":{"rendered":"<p>Bandana Le bandana chic pens\u00e9 sp\u00e9cialement pour les teckels. Un accessoire \u00e9l\u00e9gant, confortable et l\u00e9ger, con\u00e7u pour sublimer vos petits compagnons tout en respectant leur morphologie unique. Fabriqu\u00e9 dans un tissu doux et agr\u00e9able \u00e0 porter, notre bandana apporte une touche parisienne et intemporelle au look de votre chien \u2014 [&hellip;]<\/p>","protected":false},"featured_media":17363,"comment_status":"open","ping_status":"closed","template":"","meta":{"inline_featured_image":false},"product_brand":[],"product_cat":[162,154,70,72],"product_tag":[],"class_list":{"0":"post-17357","1":"product","2":"type-product","3":"status-publish","4":"has-post-thumbnail","6":"product_cat-christmas","7":"product_cat-jouets-et-accessoires","8":"product_cat-pour-nos-teckels","9":"product_cat-pour-shabiller","11":"first","12":"instock","13":"featured","14":"taxable","15":"shipping-taxable","16":"purchasable","17":"product-type-variable"},"yoast_head":"<!-- This site is optimized with the Yoast SEO plugin v26.6 - https:\/\/yoast.com\/wordpress\/plugins\/seo\/ -->\n<title>N\u0153ud Papillon pour Chien, Teckel | Lucienne la Parisienne<\/title>\n<meta name=\"description\" content=\"Magnifiques v\u00eatements &amp; accessoires pour prendre soin de son chien. Produits con\u00e7us pour les teckels 100% artisanaux et fabriqu\u00e9s en France.\" \/>\n<meta name=\"robots\" content=\"index, follow, max-snippet:-1, max-image-preview:large, max-video-preview:-1\" \/>\n<link rel=\"canonical\" href=\"https:\/\/luciennelaparisienne.fr\/en\/product\/bandana-pour-teckels\/\" \/>\n<meta property=\"og:locale\" content=\"en_GB\" \/>\n<meta property=\"og:type\" content=\"article\" \/>\n<meta property=\"og:title\" content=\"N\u0153ud Papillon pour Chien, Teckel | Lucienne la Parisienne\" \/>\n<meta property=\"og:description\" content=\"Magnifiques v\u00eatements &amp; accessoires pour prendre soin de son chien. Produits con\u00e7us pour les teckels 100% artisanaux et fabriqu\u00e9s en France.\" \/>\n<meta property=\"og:url\" content=\"https:\/\/luciennelaparisienne.fr\/en\/product\/bandana-pour-teckels\/\" \/>\n<meta property=\"og:site_name\" content=\"Lucienne la Parisienne\" \/>\n<meta property=\"article:modified_time\" content=\"2026-05-11T10:43:03+00:00\" \/>\n<meta name=\"twitter:card\" content=\"summary_large_image\" \/>\n<meta name=\"twitter:label1\" content=\"Estimated reading time\" \/>\n\t<meta name=\"twitter:data1\" content=\"1 minute\" \/>\n<script type=\"application\/ld+json\" class=\"yoast-schema-graph\">{\"@context\":\"https:\/\/schema.org\",\"@graph\":[{\"@type\":\"WebPage\",\"@id\":\"https:\/\/luciennelaparisienne.fr\/produit\/bandana-pour-teckels\/\",\"url\":\"https:\/\/luciennelaparisienne.fr\/produit\/bandana-pour-teckels\/\",\"name\":\"N\u0153ud Papillon pour Chien, Teckel | Lucienne la Parisienne\",\"isPartOf\":{\"@id\":\"https:\/\/luciennelaparisienne.fr\/#website\"},\"primaryImageOfPage\":{\"@id\":\"https:\/\/luciennelaparisienne.fr\/produit\/bandana-pour-teckels\/#primaryimage\"},\"image\":{\"@id\":\"https:\/\/luciennelaparisienne.fr\/produit\/bandana-pour-teckels\/#primaryimage\"},\"thumbnailUrl\":\"https:\/\/luciennelaparisienne.fr\/wp-content\/uploads\/2026\/05\/Bandana-Lucienne-la-Parisienne-carre-1-pdf.jpg\",\"datePublished\":\"2026-05-10T15:03:00+00:00\",\"dateModified\":\"2026-05-11T10:43:03+00:00\",\"description\":\"Magnifiques v\u00eatements & accessoires pour prendre soin de son chien. Produits con\u00e7us pour les teckels 100% artisanaux et fabriqu\u00e9s en France.\",\"breadcrumb\":{\"@id\":\"https:\/\/luciennelaparisienne.fr\/produit\/bandana-pour-teckels\/#breadcrumb\"},\"inLanguage\":\"en-GB\",\"potentialAction\":[{\"@type\":\"ReadAction\",\"target\":[\"https:\/\/luciennelaparisienne.fr\/produit\/bandana-pour-teckels\/\"]}]},{\"@type\":\"ImageObject\",\"inLanguage\":\"en-GB\",\"@id\":\"https:\/\/luciennelaparisienne.fr\/produit\/bandana-pour-teckels\/#primaryimage\",\"url\":\"https:\/\/luciennelaparisienne.fr\/wp-content\/uploads\/2026\/05\/Bandana-Lucienne-la-Parisienne-carre-1-pdf.jpg\",\"contentUrl\":\"https:\/\/luciennelaparisienne.fr\/wp-content\/uploads\/2026\/05\/Bandana-Lucienne-la-Parisienne-carre-1-pdf.jpg\"},{\"@type\":\"BreadcrumbList\",\"@id\":\"https:\/\/luciennelaparisienne.fr\/produit\/bandana-pour-teckels\/#breadcrumb\",\"itemListElement\":[{\"@type\":\"ListItem\",\"position\":1,\"name\":\"Accueil\",\"item\":\"https:\/\/luciennelaparisienne.fr\/\"},{\"@type\":\"ListItem\",\"position\":2,\"name\":\"Boutique\",\"item\":\"https:\/\/luciennelaparisienne.fr\/shop\/\"},{\"@type\":\"ListItem\",\"position\":3,\"name\":\"Bandana pour teckels\"}]},{\"@type\":\"WebSite\",\"@id\":\"https:\/\/luciennelaparisienne.fr\/#website\",\"url\":\"https:\/\/luciennelaparisienne.fr\/\",\"name\":\"Lucienne la Parisienne\",\"description\":\"Produits pour Teckels\",\"potentialAction\":[{\"@type\":\"SearchAction\",\"target\":{\"@type\":\"EntryPoint\",\"urlTemplate\":\"https:\/\/luciennelaparisienne.fr\/?s={search_term_string}\"},\"query-input\":{\"@type\":\"PropertyValueSpecification\",\"valueRequired\":true,\"valueName\":\"search_term_string\"}}],\"inLanguage\":\"en-GB\"}]}<\/script>\n<!-- \/ Yoast SEO plugin. -->","yoast_head_json":{"title":"N\u0153ud Papillon pour Chien, Teckel | Lucienne la Parisienne","description":"Magnifiques v\u00eatements & accessoires pour prendre soin de son chien. Produits con\u00e7us pour les teckels 100% artisanaux et fabriqu\u00e9s en France.","robots":{"index":"index","follow":"follow","max-snippet":"max-snippet:-1","max-image-preview":"max-image-preview:large","max-video-preview":"max-video-preview:-1"},"canonical":"https:\/\/luciennelaparisienne.fr\/en\/product\/bandana-pour-teckels\/","og_locale":"en_GB","og_type":"article","og_title":"N\u0153ud Papillon pour Chien, Teckel | Lucienne la Parisienne","og_description":"Magnifiques v\u00eatements & accessoires pour prendre soin de son chien. Produits con\u00e7us pour les teckels 100% artisanaux et fabriqu\u00e9s en France.","og_url":"https:\/\/luciennelaparisienne.fr\/en\/product\/bandana-pour-teckels\/","og_site_name":"Lucienne la Parisienne","article_modified_time":"2026-05-11T10:43:03+00:00","twitter_card":"summary_large_image","twitter_misc":{"Estimated reading time":"1 minute"},"schema":{"@context":"https:\/\/schema.org","@graph":[{"@type":"WebPage","@id":"https:\/\/luciennelaparisienne.fr\/produit\/bandana-pour-teckels\/","url":"https:\/\/luciennelaparisienne.fr\/produit\/bandana-pour-teckels\/","name":"N\u0153ud Papillon pour Chien, Teckel | Lucienne la Parisienne","isPartOf":{"@id":"https:\/\/luciennelaparisienne.fr\/#website"},"primaryImageOfPage":{"@id":"https:\/\/luciennelaparisienne.fr\/produit\/bandana-pour-teckels\/#primaryimage"},"image":{"@id":"https:\/\/luciennelaparisienne.fr\/produit\/bandana-pour-teckels\/#primaryimage"},"thumbnailUrl":"https:\/\/luciennelaparisienne.fr\/wp-content\/uploads\/2026\/05\/Bandana-Lucienne-la-Parisienne-carre-1-pdf.jpg","datePublished":"2026-05-10T15:03:00+00:00","dateModified":"2026-05-11T10:43:03+00:00","description":"Magnifiques v\u00eatements & accessoires pour prendre soin de son chien. Produits con\u00e7us pour les teckels 100% artisanaux et fabriqu\u00e9s en France.","breadcrumb":{"@id":"https:\/\/luciennelaparisienne.fr\/produit\/bandana-pour-teckels\/#breadcrumb"},"inLanguage":"en-GB","potentialAction":[{"@type":"ReadAction","target":["https:\/\/luciennelaparisienne.fr\/produit\/bandana-pour-teckels\/"]}]},{"@type":"ImageObject","inLanguage":"en-GB","@id":"https:\/\/luciennelaparisienne.fr\/produit\/bandana-pour-teckels\/#primaryimage","url":"https:\/\/luciennelaparisienne.fr\/wp-content\/uploads\/2026\/05\/Bandana-Lucienne-la-Parisienne-carre-1-pdf.jpg","contentUrl":"https:\/\/luciennelaparisienne.fr\/wp-content\/uploads\/2026\/05\/Bandana-Lucienne-la-Parisienne-carre-1-pdf.jpg"},{"@type":"BreadcrumbList","@id":"https:\/\/luciennelaparisienne.fr\/produit\/bandana-pour-teckels\/#breadcrumb","itemListElement":[{"@type":"ListItem","position":1,"name":"Accueil","item":"https:\/\/luciennelaparisienne.fr\/"},{"@type":"ListItem","position":2,"name":"Boutique","item":"https:\/\/luciennelaparisienne.fr\/shop\/"},{"@type":"ListItem","position":3,"name":"Bandana pour teckels"}]},{"@type":"WebSite","@id":"https:\/\/luciennelaparisienne.fr\/#website","url":"https:\/\/luciennelaparisienne.fr\/","name":"Lucienne la Parisienne","description":"Produits pour Teckels","potentialAction":[{"@type":"SearchAction","target":{"@type":"EntryPoint","urlTemplate":"https:\/\/luciennelaparisienne.fr\/?s={search_term_string}"},"query-input":{"@type":"PropertyValueSpecification","valueRequired":true,"valueName":"search_term_string"}}],"inLanguage":"en-GB"}]}},"_links":{"self":[{"href":"https:\/\/luciennelaparisienne.fr\/en\/wp-json\/wp\/v2\/product\/17357","targetHints":{"allow":["GET"]}}],"collection":[{"href":"https:\/\/luciennelaparisienne.fr\/en\/wp-json\/wp\/v2\/product"}],"about":[{"href":"https:\/\/luciennelaparisienne.fr\/en\/wp-json\/wp\/v2\/types\/product"}],"replies":[{"embeddable":true,"href":"https:\/\/luciennelaparisienne.fr\/en\/wp-json\/wp\/v2\/comments?post=17357"}],"wp:featuredmedia":[{"embeddable":true,"href":"https:\/\/luciennelaparisienne.fr\/en\/wp-json\/wp\/v2\/media\/17363"}],"wp:attachment":[{"href":"https:\/\/luciennelaparisienne.fr\/en\/wp-json\/wp\/v2\/media?parent=17357"}],"wp:term":[{"taxonomy":"product_brand","embeddable":true,"href":"https:\/\/luciennelaparisienne.fr\/en\/wp-json\/wp\/v2\/product_brand?post=17357"},{"taxonomy":"product_cat","embeddable":true,"href":"https:\/\/luciennelaparisienne.fr\/en\/wp-json\/wp\/v2\/product_cat?post=17357"},{"taxonomy":"product_tag","embeddable":true,"href":"https:\/\/luciennelaparisienne.fr\/en\/wp-json\/wp\/v2\/product_tag?post=17357"}],"curies":[{"name":"wp","href":"https:\/\/api.w.org\/{rel}","templated":true}]}}