{"id":17382,"date":"2026-05-13T09:07:04","date_gmt":"2026-05-13T07:07:04","guid":{"rendered":"https:\/\/luciennelaparisienne.fr\/?post_type=product&#038;p=17382"},"modified":"2026-05-13T09:17:35","modified_gmt":"2026-05-13T07:17:35","slug":"impermeable-argente","status":"publish","type":"product","link":"https:\/\/luciennelaparisienne.fr\/en\/product\/impermeable-argente\/","title":{"rendered":"Imperm\u00e9able Argent\u00e9"},"content":{"rendered":"<p><strong>Imperm\u00e9able Argent\u00e9<\/strong><br \/>\n<span style=\"font-size: 10pt;\">Many Dachshunds don't like the rain throughout the year! <\/span><span style=\"font-size: 10pt;\">That's why we offer lightweight raincoats to cover and protect them from rainwater.<\/span><br \/>\n<span style=\"font-size: 10pt;\">There are two openings: one opening for the collar at the base of the neck and one for the harness on the top of the back. <\/span><span style=\"font-size: 10pt;\">La fermeture est en sangles seulement.\u00a0<\/span><span style=\"font-size: 10pt;\">There are two adjustable elastics to secure the raincoats around the legs for those who prefer it. <\/span><br \/>\n<span style=\"font-size: 10pt;\">There is no lining inside, which allows for easy rinsing and drying of the raincoat after outings in the rain.<\/span><\/p>\n<p><strong>Characteristics:<\/strong><br \/>\n<span style=\"font-size: 10pt;\">Couleurs : argent\u00e9e\u00a0<\/span><br \/>\n<span style=\"font-size: 10pt;\">Fabric: 84% Polyester, 16% Polyamide<\/span><\/p>\n<p><strong>Care:<\/strong> <span style=\"font-size: 10pt;\">It is recommended to only rinse the raincoats without putting them in the washing machine. Air dry only.<\/span><\/p>\n<p><strong>Available in sizes:<\/strong><br \/>\n<span style=\"font-size: 10pt;\">XXS: Dachshund Kaninchen 3-4 kg<\/span><br \/>\n<span style=\"font-size: 10pt;\">XS: Mini Dachshund 5 kg<\/span><br \/>\n<span style=\"font-size: 10pt;\">S: Miniature Dachshund 6-7 kg<\/span><br \/>\n<span style=\"font-size: 10pt;\">M: Standard Dachshund 8\u20138.5 kg<\/span><br \/>\n<span style=\"font-size: 10pt;\">L: Large Standard Dachshund 9\u201310 kg<\/span><br \/>\n<span style=\"font-size: 10pt;\">Custom orders are available, thank you for <a href=\"https:\/\/luciennelaparisienne.fr\/contactez-nous\/\"><strong>contacting us via the Contact section<\/strong><\/a>.<\/span><br \/>\n<span style=\"font-size: 10pt;\"><strong>Custom manufacturing is done after payment and takes approximately two weeks.<\/strong><\/span><\/p>\n<p><em>Please note that the colors displayed in the photos may vary slightly depending on your screen.<\/em><\/p>","protected":false},"excerpt":{"rendered":"<p>Imperm\u00e9able Argent\u00e9 Beaucoup de teckels n\u2019aiment pas la pluie en toutes saisons de l\u2019ann\u00e9e ! C\u2019est pourquoi nous vous proposons les imperm\u00e9ables l\u00e9gers pour les couvrir et prot\u00e9ger de l\u2019eau de pluie. Il y a deux ouvertures : 1 ouverture pour le collier en bas du coll et 1 pour [&hellip;]<\/p>","protected":false},"featured_media":17407,"comment_status":"open","ping_status":"closed","template":"","meta":{"inline_featured_image":false},"product_brand":[],"product_cat":[70,72,153],"product_tag":[],"class_list":{"0":"post-17382","1":"product","2":"type-product","3":"status-publish","4":"has-post-thumbnail","6":"product_cat-pour-nos-teckels","7":"product_cat-pour-shabiller","8":"product_cat-vetements","10":"first","11":"instock","12":"featured","13":"taxable","14":"shipping-taxable","15":"purchasable","16":"product-type-variable"},"yoast_head":"<!-- This site is optimized with the Yoast SEO plugin v26.6 - https:\/\/yoast.com\/wordpress\/plugins\/seo\/ -->\n<title>Imperm\u00e9able pour Chien, Teckel | Lucienne la Parisienne<\/title>\n<meta name=\"description\" content=\"Magnifiques v\u00eatements &amp; accessoires pour prendre soin de son chien. Produits con\u00e7us pour les teckels 100% artisanaux et fabriqu\u00e9s en France.\" \/>\n<meta name=\"robots\" content=\"index, follow, max-snippet:-1, max-image-preview:large, max-video-preview:-1\" \/>\n<link rel=\"canonical\" href=\"https:\/\/luciennelaparisienne.fr\/en\/product\/impermeable-argente\/\" \/>\n<meta property=\"og:locale\" content=\"en_GB\" \/>\n<meta property=\"og:type\" content=\"article\" \/>\n<meta property=\"og:title\" content=\"Imperm\u00e9able pour Chien, Teckel | Lucienne la Parisienne\" \/>\n<meta property=\"og:description\" content=\"Magnifiques v\u00eatements &amp; accessoires pour prendre soin de son chien. Produits con\u00e7us pour les teckels 100% artisanaux et fabriqu\u00e9s en France.\" \/>\n<meta property=\"og:url\" content=\"https:\/\/luciennelaparisienne.fr\/en\/product\/impermeable-argente\/\" \/>\n<meta property=\"og:site_name\" content=\"Lucienne la Parisienne\" \/>\n<meta property=\"article:modified_time\" content=\"2026-05-13T07:17:35+00:00\" \/>\n<meta property=\"og:image\" content=\"https:\/\/luciennelaparisienne.fr\/wp-content\/uploads\/2026\/05\/4_26-44_resized.jpg\" \/>\n\t<meta property=\"og:image:width\" content=\"2560\" \/>\n\t<meta property=\"og:image:height\" content=\"2560\" \/>\n\t<meta property=\"og:image:type\" content=\"image\/jpeg\" \/>\n<meta name=\"twitter:card\" content=\"summary_large_image\" \/>\n<meta name=\"twitter:label1\" content=\"Estimated reading time\" \/>\n\t<meta name=\"twitter:data1\" content=\"2 minutes\" \/>\n<script type=\"application\/ld+json\" class=\"yoast-schema-graph\">{\"@context\":\"https:\/\/schema.org\",\"@graph\":[{\"@type\":\"WebPage\",\"@id\":\"https:\/\/luciennelaparisienne.fr\/produit\/impermeable-argente\/\",\"url\":\"https:\/\/luciennelaparisienne.fr\/produit\/impermeable-argente\/\",\"name\":\"Imperm\u00e9able pour Chien, Teckel | Lucienne la Parisienne\",\"isPartOf\":{\"@id\":\"https:\/\/luciennelaparisienne.fr\/#website\"},\"primaryImageOfPage\":{\"@id\":\"https:\/\/luciennelaparisienne.fr\/produit\/impermeable-argente\/#primaryimage\"},\"image\":{\"@id\":\"https:\/\/luciennelaparisienne.fr\/produit\/impermeable-argente\/#primaryimage\"},\"thumbnailUrl\":\"https:\/\/luciennelaparisienne.fr\/wp-content\/uploads\/2026\/05\/4_26-44_resized.jpg\",\"datePublished\":\"2026-05-13T07:07:04+00:00\",\"dateModified\":\"2026-05-13T07:17:35+00:00\",\"description\":\"Magnifiques v\u00eatements & accessoires pour prendre soin de son chien. Produits con\u00e7us pour les teckels 100% artisanaux et fabriqu\u00e9s en France.\",\"breadcrumb\":{\"@id\":\"https:\/\/luciennelaparisienne.fr\/produit\/impermeable-argente\/#breadcrumb\"},\"inLanguage\":\"en-GB\",\"potentialAction\":[{\"@type\":\"ReadAction\",\"target\":[\"https:\/\/luciennelaparisienne.fr\/produit\/impermeable-argente\/\"]}]},{\"@type\":\"ImageObject\",\"inLanguage\":\"en-GB\",\"@id\":\"https:\/\/luciennelaparisienne.fr\/produit\/impermeable-argente\/#primaryimage\",\"url\":\"https:\/\/luciennelaparisienne.fr\/wp-content\/uploads\/2026\/05\/4_26-44_resized.jpg\",\"contentUrl\":\"https:\/\/luciennelaparisienne.fr\/wp-content\/uploads\/2026\/05\/4_26-44_resized.jpg\",\"width\":2560,\"height\":2560},{\"@type\":\"BreadcrumbList\",\"@id\":\"https:\/\/luciennelaparisienne.fr\/produit\/impermeable-argente\/#breadcrumb\",\"itemListElement\":[{\"@type\":\"ListItem\",\"position\":1,\"name\":\"Accueil\",\"item\":\"https:\/\/luciennelaparisienne.fr\/\"},{\"@type\":\"ListItem\",\"position\":2,\"name\":\"Boutique\",\"item\":\"https:\/\/luciennelaparisienne.fr\/shop\/\"},{\"@type\":\"ListItem\",\"position\":3,\"name\":\"Imperm\u00e9able Argent\u00e9\"}]},{\"@type\":\"WebSite\",\"@id\":\"https:\/\/luciennelaparisienne.fr\/#website\",\"url\":\"https:\/\/luciennelaparisienne.fr\/\",\"name\":\"Lucienne la Parisienne\",\"description\":\"Produits pour Teckels\",\"potentialAction\":[{\"@type\":\"SearchAction\",\"target\":{\"@type\":\"EntryPoint\",\"urlTemplate\":\"https:\/\/luciennelaparisienne.fr\/?s={search_term_string}\"},\"query-input\":{\"@type\":\"PropertyValueSpecification\",\"valueRequired\":true,\"valueName\":\"search_term_string\"}}],\"inLanguage\":\"en-GB\"}]}<\/script>\n<!-- \/ Yoast SEO plugin. -->","yoast_head_json":{"title":"Imperm\u00e9able pour Chien, Teckel | Lucienne la Parisienne","description":"Magnifiques v\u00eatements & accessoires pour prendre soin de son chien. Produits con\u00e7us pour les teckels 100% artisanaux et fabriqu\u00e9s en France.","robots":{"index":"index","follow":"follow","max-snippet":"max-snippet:-1","max-image-preview":"max-image-preview:large","max-video-preview":"max-video-preview:-1"},"canonical":"https:\/\/luciennelaparisienne.fr\/en\/product\/impermeable-argente\/","og_locale":"en_GB","og_type":"article","og_title":"Imperm\u00e9able pour Chien, Teckel | Lucienne la Parisienne","og_description":"Magnifiques v\u00eatements & accessoires pour prendre soin de son chien. Produits con\u00e7us pour les teckels 100% artisanaux et fabriqu\u00e9s en France.","og_url":"https:\/\/luciennelaparisienne.fr\/en\/product\/impermeable-argente\/","og_site_name":"Lucienne la Parisienne","article_modified_time":"2026-05-13T07:17:35+00:00","og_image":[{"width":2560,"height":2560,"url":"https:\/\/luciennelaparisienne.fr\/wp-content\/uploads\/2026\/05\/4_26-44_resized.jpg","type":"image\/jpeg"}],"twitter_card":"summary_large_image","twitter_misc":{"Estimated reading time":"2 minutes"},"schema":{"@context":"https:\/\/schema.org","@graph":[{"@type":"WebPage","@id":"https:\/\/luciennelaparisienne.fr\/produit\/impermeable-argente\/","url":"https:\/\/luciennelaparisienne.fr\/produit\/impermeable-argente\/","name":"Imperm\u00e9able pour Chien, Teckel | Lucienne la Parisienne","isPartOf":{"@id":"https:\/\/luciennelaparisienne.fr\/#website"},"primaryImageOfPage":{"@id":"https:\/\/luciennelaparisienne.fr\/produit\/impermeable-argente\/#primaryimage"},"image":{"@id":"https:\/\/luciennelaparisienne.fr\/produit\/impermeable-argente\/#primaryimage"},"thumbnailUrl":"https:\/\/luciennelaparisienne.fr\/wp-content\/uploads\/2026\/05\/4_26-44_resized.jpg","datePublished":"2026-05-13T07:07:04+00:00","dateModified":"2026-05-13T07:17:35+00:00","description":"Magnifiques v\u00eatements & accessoires pour prendre soin de son chien. Produits con\u00e7us pour les teckels 100% artisanaux et fabriqu\u00e9s en France.","breadcrumb":{"@id":"https:\/\/luciennelaparisienne.fr\/produit\/impermeable-argente\/#breadcrumb"},"inLanguage":"en-GB","potentialAction":[{"@type":"ReadAction","target":["https:\/\/luciennelaparisienne.fr\/produit\/impermeable-argente\/"]}]},{"@type":"ImageObject","inLanguage":"en-GB","@id":"https:\/\/luciennelaparisienne.fr\/produit\/impermeable-argente\/#primaryimage","url":"https:\/\/luciennelaparisienne.fr\/wp-content\/uploads\/2026\/05\/4_26-44_resized.jpg","contentUrl":"https:\/\/luciennelaparisienne.fr\/wp-content\/uploads\/2026\/05\/4_26-44_resized.jpg","width":2560,"height":2560},{"@type":"BreadcrumbList","@id":"https:\/\/luciennelaparisienne.fr\/produit\/impermeable-argente\/#breadcrumb","itemListElement":[{"@type":"ListItem","position":1,"name":"Accueil","item":"https:\/\/luciennelaparisienne.fr\/"},{"@type":"ListItem","position":2,"name":"Boutique","item":"https:\/\/luciennelaparisienne.fr\/shop\/"},{"@type":"ListItem","position":3,"name":"Imperm\u00e9able Argent\u00e9"}]},{"@type":"WebSite","@id":"https:\/\/luciennelaparisienne.fr\/#website","url":"https:\/\/luciennelaparisienne.fr\/","name":"Lucienne la Parisienne","description":"Produits pour Teckels","potentialAction":[{"@type":"SearchAction","target":{"@type":"EntryPoint","urlTemplate":"https:\/\/luciennelaparisienne.fr\/?s={search_term_string}"},"query-input":{"@type":"PropertyValueSpecification","valueRequired":true,"valueName":"search_term_string"}}],"inLanguage":"en-GB"}]}},"_links":{"self":[{"href":"https:\/\/luciennelaparisienne.fr\/en\/wp-json\/wp\/v2\/product\/17382","targetHints":{"allow":["GET"]}}],"collection":[{"href":"https:\/\/luciennelaparisienne.fr\/en\/wp-json\/wp\/v2\/product"}],"about":[{"href":"https:\/\/luciennelaparisienne.fr\/en\/wp-json\/wp\/v2\/types\/product"}],"replies":[{"embeddable":true,"href":"https:\/\/luciennelaparisienne.fr\/en\/wp-json\/wp\/v2\/comments?post=17382"}],"wp:featuredmedia":[{"embeddable":true,"href":"https:\/\/luciennelaparisienne.fr\/en\/wp-json\/wp\/v2\/media\/17407"}],"wp:attachment":[{"href":"https:\/\/luciennelaparisienne.fr\/en\/wp-json\/wp\/v2\/media?parent=17382"}],"wp:term":[{"taxonomy":"product_brand","embeddable":true,"href":"https:\/\/luciennelaparisienne.fr\/en\/wp-json\/wp\/v2\/product_brand?post=17382"},{"taxonomy":"product_cat","embeddable":true,"href":"https:\/\/luciennelaparisienne.fr\/en\/wp-json\/wp\/v2\/product_cat?post=17382"},{"taxonomy":"product_tag","embeddable":true,"href":"https:\/\/luciennelaparisienne.fr\/en\/wp-json\/wp\/v2\/product_tag?post=17382"}],"curies":[{"name":"wp","href":"https:\/\/api.w.org\/{rel}","templated":true}]}}