{"id":17422,"date":"2026-05-15T15:54:36","date_gmt":"2026-05-15T13:54:36","guid":{"rendered":"https:\/\/luciennelaparisienne.fr\/?post_type=product&#038;p=17422"},"modified":"2026-05-15T17:32:53","modified_gmt":"2026-05-15T15:32:53","slug":"panier-dehoussable-en-velours","status":"publish","type":"product","link":"https:\/\/luciennelaparisienne.fr\/en\/product\/panier-dehoussable-en-velours\/","title":{"rendered":"Panier d\u00e9houssable en velours"},"content":{"rendered":"<p><strong>Panier d\u00e9houssable\u00a0<\/strong><br \/>\n<span style=\"font-size: 10pt;\">Les paniers d\u00e9houssables de la marque Vicky Pets sont fabriqu\u00e9s en tissu d\u2019ameublement anti\u2011griffures et anti\u2011taches. Ce tissu, \u00e0 la fois tr\u00e8s doux au toucher et extr\u00eamement r\u00e9sistant, est sp\u00e9cialement con\u00e7u pour les meubles (canap\u00e9s, fauteuils). <\/span><br \/>\n<span style=\"font-size: 10pt;\">Il r\u00e9siste aux poils de chien et \u00e0 la salet\u00e9 : un simple coup d\u2019\u00e9ponge suffit pour le nettoyage quotidien. <\/span><span style=\"font-size: 10pt;\">La housse s\u2019enl\u00e8ve facilement gr\u00e2ce \u00e0 une fermeture \u00e9clair pour \u00eatre lav\u00e9 \u00e0 la machine.\u00a0<\/span><br \/>\n<span style=\"font-size: 10pt;\">Chaque panier est confectionn\u00e9 \u00e0 la main de fa\u00e7on artisanale. Rembourr\u00e9 d\u2019une garniture stable et ferme, il conserve sa forme au fil du temps et apr\u00e8s de nombreux lavages. <\/span><span style=\"font-size: 10pt;\">Le mod\u00e8le a un look moderne et tendance qui s\u2019int\u00e8gre parfaitement \u00e0 votre int\u00e9rieur.<\/span><br \/>\n<em><span style=\"font-size: 10pt;\">Un petit coussin et un jouet sont offerts avec.<\/span><\/em><br \/>\n<em><span style=\"font-size: 10pt;\">Taille sur mesure disponible sur demande.<\/span><\/em><\/p>\n<p class=\" translation-block\"><strong>Features :  <\/strong><span style=\"font-weight: 400;font-size: 10pt\">100% polyester upholstery velvet, durable and easy to care for, stain-resistant and scratch-resistant.<\/span><br>\n<span style=\"font-size: 10pt\">Filled with hypoallergenic, anti-pilling fibre flakes that retain their shape even after washing.<\/span><\/span><br>\n<span style=\"font-size: 10pt\">Removable and reversible cushion.<\/span><\/p>\n<p class=\" translation-block\"><strong>Care : <\/strong><span style=\"font-size: 10pt\"><span style=\"font-weight: 400\">Machine wash the cover at 30\u00b0C. <\/span><span style=\"font-weight: 400\">Tumble dry on a gentle cycle. <\/span><span style=\"font-weight: 400\">For small everyday stains, a damp sponge is sufficient. <\/span><\/span><\/p>\n<p><strong>Dimensions : <\/strong><span style=\"font-size: 10pt;\">65cm x 45cm x 23cm<\/span><\/p>\n<p><em><span style=\"font-size: 10pt;\">Please note that the colors displayed in the photos may vary slightly depending on your screen.<\/span><\/em><\/p>","protected":false},"excerpt":{"rendered":"<p>Panier d\u00e9houssable\u00a0 Les paniers d\u00e9houssables de la marque Vicky Pets sont fabriqu\u00e9s en tissu d\u2019ameublement anti\u2011griffures et anti\u2011taches. Ce tissu, \u00e0 la fois tr\u00e8s doux au toucher et extr\u00eamement r\u00e9sistant, est sp\u00e9cialement con\u00e7u pour les meubles (canap\u00e9s, fauteuils). Il r\u00e9siste aux poils de chien et \u00e0 la salet\u00e9 : un [&hellip;]<\/p>","protected":false},"featured_media":17425,"comment_status":"open","ping_status":"closed","template":"","meta":{"inline_featured_image":false},"product_brand":[],"product_cat":[150,70,71],"product_tag":[],"class_list":{"0":"post-17422","1":"product","2":"type-product","3":"status-publish","4":"has-post-thumbnail","6":"product_cat-paniers-coussins-niches-paniers-voiture","7":"product_cat-pour-nos-teckels","8":"product_cat-pour-se-coucher","10":"first","11":"instock","12":"featured","13":"taxable","14":"shipping-taxable","15":"purchasable","16":"product-type-variable"},"yoast_head":"<!-- This site is optimized with the Yoast SEO plugin v26.6 - https:\/\/yoast.com\/wordpress\/plugins\/seo\/ -->\n<title>Panier pour Chien de qualit\u00e9, Tissu Premium, Cr\u00e9ation Artisanale<\/title>\n<meta name=\"description\" content=\"Magnifiques v\u00eatements &amp; accessoires pour prendre soin de son chien. Produits con\u00e7us pour les teckels 100% artisanaux et fabriqu\u00e9s en France.\" \/>\n<meta name=\"robots\" content=\"index, follow, max-snippet:-1, max-image-preview:large, max-video-preview:-1\" \/>\n<link rel=\"canonical\" href=\"https:\/\/luciennelaparisienne.fr\/en\/product\/panier-dehoussable-en-velours\/\" \/>\n<meta property=\"og:locale\" content=\"en_GB\" \/>\n<meta property=\"og:type\" content=\"article\" \/>\n<meta property=\"og:title\" content=\"Panier pour Chien de qualit\u00e9, Tissu Premium, Cr\u00e9ation Artisanale\" \/>\n<meta property=\"og:description\" content=\"Magnifiques v\u00eatements &amp; accessoires pour prendre soin de son chien. Produits con\u00e7us pour les teckels 100% artisanaux et fabriqu\u00e9s en France.\" \/>\n<meta property=\"og:url\" content=\"https:\/\/luciennelaparisienne.fr\/en\/product\/panier-dehoussable-en-velours\/\" \/>\n<meta property=\"og:site_name\" content=\"Lucienne la Parisienne\" \/>\n<meta property=\"article:modified_time\" content=\"2026-05-15T15:32:53+00:00\" \/>\n<meta property=\"og:image\" content=\"https:\/\/luciennelaparisienne.fr\/wp-content\/uploads\/2026\/05\/04_26-08.jpg\" \/>\n\t<meta property=\"og:image:width\" content=\"1000\" \/>\n\t<meta property=\"og:image:height\" content=\"1000\" \/>\n\t<meta property=\"og:image:type\" content=\"image\/jpeg\" \/>\n<meta name=\"twitter:card\" content=\"summary_large_image\" \/>\n<meta name=\"twitter:label1\" content=\"Estimated reading time\" \/>\n\t<meta name=\"twitter:data1\" content=\"2 minutes\" \/>\n<script type=\"application\/ld+json\" class=\"yoast-schema-graph\">{\"@context\":\"https:\/\/schema.org\",\"@graph\":[{\"@type\":\"WebPage\",\"@id\":\"https:\/\/luciennelaparisienne.fr\/produit\/panier-dehoussable-en-velours\/\",\"url\":\"https:\/\/luciennelaparisienne.fr\/produit\/panier-dehoussable-en-velours\/\",\"name\":\"Panier pour Chien de qualit\u00e9, Tissu Premium, Cr\u00e9ation Artisanale\",\"isPartOf\":{\"@id\":\"https:\/\/luciennelaparisienne.fr\/#website\"},\"primaryImageOfPage\":{\"@id\":\"https:\/\/luciennelaparisienne.fr\/produit\/panier-dehoussable-en-velours\/#primaryimage\"},\"image\":{\"@id\":\"https:\/\/luciennelaparisienne.fr\/produit\/panier-dehoussable-en-velours\/#primaryimage\"},\"thumbnailUrl\":\"https:\/\/luciennelaparisienne.fr\/wp-content\/uploads\/2026\/05\/04_26-08.jpg\",\"datePublished\":\"2026-05-15T13:54:36+00:00\",\"dateModified\":\"2026-05-15T15:32:53+00:00\",\"description\":\"Magnifiques v\u00eatements & accessoires pour prendre soin de son chien. Produits con\u00e7us pour les teckels 100% artisanaux et fabriqu\u00e9s en France.\",\"breadcrumb\":{\"@id\":\"https:\/\/luciennelaparisienne.fr\/produit\/panier-dehoussable-en-velours\/#breadcrumb\"},\"inLanguage\":\"en-GB\",\"potentialAction\":[{\"@type\":\"ReadAction\",\"target\":[\"https:\/\/luciennelaparisienne.fr\/produit\/panier-dehoussable-en-velours\/\"]}]},{\"@type\":\"ImageObject\",\"inLanguage\":\"en-GB\",\"@id\":\"https:\/\/luciennelaparisienne.fr\/produit\/panier-dehoussable-en-velours\/#primaryimage\",\"url\":\"https:\/\/luciennelaparisienne.fr\/wp-content\/uploads\/2026\/05\/04_26-08.jpg\",\"contentUrl\":\"https:\/\/luciennelaparisienne.fr\/wp-content\/uploads\/2026\/05\/04_26-08.jpg\",\"width\":1000,\"height\":1000},{\"@type\":\"BreadcrumbList\",\"@id\":\"https:\/\/luciennelaparisienne.fr\/produit\/panier-dehoussable-en-velours\/#breadcrumb\",\"itemListElement\":[{\"@type\":\"ListItem\",\"position\":1,\"name\":\"Accueil\",\"item\":\"https:\/\/luciennelaparisienne.fr\/\"},{\"@type\":\"ListItem\",\"position\":2,\"name\":\"Boutique\",\"item\":\"https:\/\/luciennelaparisienne.fr\/shop\/\"},{\"@type\":\"ListItem\",\"position\":3,\"name\":\"Panier d\u00e9houssable en velours\"}]},{\"@type\":\"WebSite\",\"@id\":\"https:\/\/luciennelaparisienne.fr\/#website\",\"url\":\"https:\/\/luciennelaparisienne.fr\/\",\"name\":\"Lucienne la Parisienne\",\"description\":\"Produits pour Teckels\",\"potentialAction\":[{\"@type\":\"SearchAction\",\"target\":{\"@type\":\"EntryPoint\",\"urlTemplate\":\"https:\/\/luciennelaparisienne.fr\/?s={search_term_string}\"},\"query-input\":{\"@type\":\"PropertyValueSpecification\",\"valueRequired\":true,\"valueName\":\"search_term_string\"}}],\"inLanguage\":\"en-GB\"}]}<\/script>\n<!-- \/ Yoast SEO plugin. -->","yoast_head_json":{"title":"Panier pour Chien de qualit\u00e9, Tissu Premium, Cr\u00e9ation Artisanale","description":"Magnifiques v\u00eatements & accessoires pour prendre soin de son chien. Produits con\u00e7us pour les teckels 100% artisanaux et fabriqu\u00e9s en France.","robots":{"index":"index","follow":"follow","max-snippet":"max-snippet:-1","max-image-preview":"max-image-preview:large","max-video-preview":"max-video-preview:-1"},"canonical":"https:\/\/luciennelaparisienne.fr\/en\/product\/panier-dehoussable-en-velours\/","og_locale":"en_GB","og_type":"article","og_title":"Panier pour Chien de qualit\u00e9, Tissu Premium, Cr\u00e9ation Artisanale","og_description":"Magnifiques v\u00eatements & accessoires pour prendre soin de son chien. Produits con\u00e7us pour les teckels 100% artisanaux et fabriqu\u00e9s en France.","og_url":"https:\/\/luciennelaparisienne.fr\/en\/product\/panier-dehoussable-en-velours\/","og_site_name":"Lucienne la Parisienne","article_modified_time":"2026-05-15T15:32:53+00:00","og_image":[{"width":1000,"height":1000,"url":"https:\/\/luciennelaparisienne.fr\/wp-content\/uploads\/2026\/05\/04_26-08.jpg","type":"image\/jpeg"}],"twitter_card":"summary_large_image","twitter_misc":{"Estimated reading time":"2 minutes"},"schema":{"@context":"https:\/\/schema.org","@graph":[{"@type":"WebPage","@id":"https:\/\/luciennelaparisienne.fr\/produit\/panier-dehoussable-en-velours\/","url":"https:\/\/luciennelaparisienne.fr\/produit\/panier-dehoussable-en-velours\/","name":"Panier pour Chien de qualit\u00e9, Tissu Premium, Cr\u00e9ation Artisanale","isPartOf":{"@id":"https:\/\/luciennelaparisienne.fr\/#website"},"primaryImageOfPage":{"@id":"https:\/\/luciennelaparisienne.fr\/produit\/panier-dehoussable-en-velours\/#primaryimage"},"image":{"@id":"https:\/\/luciennelaparisienne.fr\/produit\/panier-dehoussable-en-velours\/#primaryimage"},"thumbnailUrl":"https:\/\/luciennelaparisienne.fr\/wp-content\/uploads\/2026\/05\/04_26-08.jpg","datePublished":"2026-05-15T13:54:36+00:00","dateModified":"2026-05-15T15:32:53+00:00","description":"Magnifiques v\u00eatements & accessoires pour prendre soin de son chien. Produits con\u00e7us pour les teckels 100% artisanaux et fabriqu\u00e9s en France.","breadcrumb":{"@id":"https:\/\/luciennelaparisienne.fr\/produit\/panier-dehoussable-en-velours\/#breadcrumb"},"inLanguage":"en-GB","potentialAction":[{"@type":"ReadAction","target":["https:\/\/luciennelaparisienne.fr\/produit\/panier-dehoussable-en-velours\/"]}]},{"@type":"ImageObject","inLanguage":"en-GB","@id":"https:\/\/luciennelaparisienne.fr\/produit\/panier-dehoussable-en-velours\/#primaryimage","url":"https:\/\/luciennelaparisienne.fr\/wp-content\/uploads\/2026\/05\/04_26-08.jpg","contentUrl":"https:\/\/luciennelaparisienne.fr\/wp-content\/uploads\/2026\/05\/04_26-08.jpg","width":1000,"height":1000},{"@type":"BreadcrumbList","@id":"https:\/\/luciennelaparisienne.fr\/produit\/panier-dehoussable-en-velours\/#breadcrumb","itemListElement":[{"@type":"ListItem","position":1,"name":"Accueil","item":"https:\/\/luciennelaparisienne.fr\/"},{"@type":"ListItem","position":2,"name":"Boutique","item":"https:\/\/luciennelaparisienne.fr\/shop\/"},{"@type":"ListItem","position":3,"name":"Panier d\u00e9houssable en velours"}]},{"@type":"WebSite","@id":"https:\/\/luciennelaparisienne.fr\/#website","url":"https:\/\/luciennelaparisienne.fr\/","name":"Lucienne la Parisienne","description":"Produits pour Teckels","potentialAction":[{"@type":"SearchAction","target":{"@type":"EntryPoint","urlTemplate":"https:\/\/luciennelaparisienne.fr\/?s={search_term_string}"},"query-input":{"@type":"PropertyValueSpecification","valueRequired":true,"valueName":"search_term_string"}}],"inLanguage":"en-GB"}]}},"_links":{"self":[{"href":"https:\/\/luciennelaparisienne.fr\/en\/wp-json\/wp\/v2\/product\/17422","targetHints":{"allow":["GET"]}}],"collection":[{"href":"https:\/\/luciennelaparisienne.fr\/en\/wp-json\/wp\/v2\/product"}],"about":[{"href":"https:\/\/luciennelaparisienne.fr\/en\/wp-json\/wp\/v2\/types\/product"}],"replies":[{"embeddable":true,"href":"https:\/\/luciennelaparisienne.fr\/en\/wp-json\/wp\/v2\/comments?post=17422"}],"wp:featuredmedia":[{"embeddable":true,"href":"https:\/\/luciennelaparisienne.fr\/en\/wp-json\/wp\/v2\/media\/17425"}],"wp:attachment":[{"href":"https:\/\/luciennelaparisienne.fr\/en\/wp-json\/wp\/v2\/media?parent=17422"}],"wp:term":[{"taxonomy":"product_brand","embeddable":true,"href":"https:\/\/luciennelaparisienne.fr\/en\/wp-json\/wp\/v2\/product_brand?post=17422"},{"taxonomy":"product_cat","embeddable":true,"href":"https:\/\/luciennelaparisienne.fr\/en\/wp-json\/wp\/v2\/product_cat?post=17422"},{"taxonomy":"product_tag","embeddable":true,"href":"https:\/\/luciennelaparisienne.fr\/en\/wp-json\/wp\/v2\/product_tag?post=17422"}],"curies":[{"name":"wp","href":"https:\/\/api.w.org\/{rel}","templated":true}]}}