{"id":17484,"date":"2026-05-16T09:41:57","date_gmt":"2026-05-16T07:41:57","guid":{"rendered":"https:\/\/luciennelaparisienne.fr\/?post_type=product&#038;p=17484"},"modified":"2026-05-16T16:10:33","modified_gmt":"2026-05-16T14:10:33","slug":"cocoon-grotte-a-calins-fourrure-lapin-gris","status":"publish","type":"product","link":"https:\/\/luciennelaparisienne.fr\/en\/product\/cocoon-grotte-a-calins-fourrure-lapin-gris\/","title":{"rendered":"Cocoon &#8211; Grotte \u00e0 c\u00e2lins fourrure Lapin gris"},"content":{"rendered":"<p><strong>Cocoon &#8211; Grotte \u00e0 c\u00e2lins fourrure Lapin gris<\/strong><br \/>\n<span style=\"font-size: 10pt;\">Dachshunds really enjoy wrapping themselves in something warm to sleep in. <\/span><span style=\"font-size: 10pt;\">This is especially true for short-haired dachshunds, which are very sensitive to the cold. <\/span><span style=\"font-size: 10pt;\">That's why they love snuggling close to us under the blankets!<\/span><br \/>\n<span style=\"font-size: 10pt;\">Nos Cocoons &#8211; Grottes \u00e0 calins sont faits de fausse fourrure douce et de tr\u00e8s haute qualit\u00e9 avec les tissus particuli\u00e8rement stables et robustes. Pour un Cocoon achet\u00e9, un os en tissu \u00e0 la couleur du Cocoon est offert. Possible acheter le pouf assorti pour faire un jolie ensemble.<\/span><\/p>\n<p><strong>Caracteristics:\u00a0<\/strong><span style=\"font-size: 10pt;\">Outer covering: 97% cotton, 3% elastane<\/span><\/p>\n<p><strong>Care:\u00a0<\/strong><span style=\"font-size: 10pt;\">Hand wash or machine wash at 30\u00b0C on delicate cycle. Gentle spin and delicate drying. Can be dried with a hair dryer.<\/span><\/p>\n<p><strong>Dimensions :\u00a0<\/strong><br \/>\n<span style=\"font-size: 10pt;\"><span class=\"TextRun SCXW138891938 BCX0\" lang=\"FR-FR\" xml:lang=\"FR-FR\" data-contrast=\"none\"><span class=\"NormalTextRun SCXW138891938 BCX0\">M: Width 65cm, Depth 60cm<\/span><\/span><span class=\"EOP SCXW138891938 BCX0\" data-ccp-props=\"{}\">\u00a0<\/span><\/span><br \/>\n<span style=\"font-size: 10pt;\"><span class=\"TextRun SCXW138891938 BCX0\" lang=\"FR-FR\" xml:lang=\"FR-FR\" data-contrast=\"none\"><span class=\"NormalTextRun SCXW138891938 BCX0\">L: Width 80 cm, Depth 70 cm<\/span><\/span><span class=\"EOP SCXW138891938 BCX0\" data-ccp-props=\"{}\">\u00a0<\/span><\/span><\/p>\n<p><strong>Size XL is made on pre-order and requires payment in advance.\u00a0<\/strong><\/p>\n<p><em>Please note that the colors in the photos may vary slightly.<\/em><\/p>\n<p>&nbsp;<\/p>\n<p>&nbsp;<\/p>\n<p>&nbsp;<\/p>\n<p>&nbsp;<\/p>\n<p>&nbsp;<\/p>","protected":false},"excerpt":{"rendered":"<p>Cocoon &#8211; Grotte \u00e0 c\u00e2lins fourrure Lapin gris Les teckels aiment beaucoup s\u2019envelopper dans quelque chose de chaud pour dormir. Surtout les teckels \u00e0 poils ras qui sont tr\u00e8s frileux. C\u2019est pourquoi ils adorent dormir coll\u00e9s \u00e0 nous sous les couettes ! Nos Cocoons &#8211; Grottes \u00e0 calins sont faits [&hellip;]<\/p>","protected":false},"featured_media":17495,"comment_status":"open","ping_status":"closed","template":"","meta":{"inline_featured_image":false},"product_brand":[],"product_cat":[151,70,71],"product_tag":[],"class_list":{"0":"post-17484","1":"product","2":"type-product","3":"status-publish","4":"has-post-thumbnail","6":"product_cat-cocoons","7":"product_cat-pour-nos-teckels","8":"product_cat-pour-se-coucher","10":"first","11":"instock","12":"taxable","13":"shipping-taxable","14":"purchasable","15":"product-type-variable"},"yoast_head":"<!-- This site is optimized with the Yoast SEO plugin v26.6 - https:\/\/yoast.com\/wordpress\/plugins\/seo\/ -->\n<title>Cocoon - Grotte \u00e0 c\u00e2lins fourrure Lapin gris - Lucienne la Parisienne<\/title>\n<meta name=\"robots\" content=\"index, follow, max-snippet:-1, max-image-preview:large, max-video-preview:-1\" \/>\n<link rel=\"canonical\" href=\"https:\/\/luciennelaparisienne.fr\/en\/product\/cocoon-grotte-a-calins-fourrure-lapin-gris\/\" \/>\n<meta property=\"og:locale\" content=\"en_GB\" \/>\n<meta property=\"og:type\" content=\"article\" \/>\n<meta property=\"og:title\" content=\"Cocoon - Grotte \u00e0 c\u00e2lins fourrure Lapin gris - Lucienne la Parisienne\" \/>\n<meta property=\"og:description\" content=\"Cocoon &#8211; Grotte \u00e0 c\u00e2lins fourrure Lapin gris Les teckels aiment beaucoup s\u2019envelopper dans quelque chose de chaud pour dormir. Surtout les teckels \u00e0 poils ras qui sont tr\u00e8s frileux. C\u2019est pourquoi ils adorent dormir coll\u00e9s \u00e0 nous sous les couettes ! Nos Cocoons &#8211; Grottes \u00e0 calins sont faits [&hellip;]\" \/>\n<meta property=\"og:url\" content=\"https:\/\/luciennelaparisienne.fr\/en\/product\/cocoon-grotte-a-calins-fourrure-lapin-gris\/\" \/>\n<meta property=\"og:site_name\" content=\"Lucienne la Parisienne\" \/>\n<meta property=\"article:modified_time\" content=\"2026-05-16T14:10:33+00:00\" \/>\n<meta property=\"og:image\" content=\"https:\/\/luciennelaparisienne.fr\/wp-content\/uploads\/2026\/05\/1-58.jpg\" \/>\n\t<meta property=\"og:image:width\" content=\"1000\" \/>\n\t<meta property=\"og:image:height\" content=\"1000\" \/>\n\t<meta property=\"og:image:type\" content=\"image\/jpeg\" \/>\n<meta name=\"twitter:card\" content=\"summary_large_image\" \/>\n<meta name=\"twitter:label1\" content=\"Estimated reading time\" \/>\n\t<meta name=\"twitter:data1\" content=\"1 minute\" \/>\n<script type=\"application\/ld+json\" class=\"yoast-schema-graph\">{\"@context\":\"https:\/\/schema.org\",\"@graph\":[{\"@type\":\"WebPage\",\"@id\":\"https:\/\/luciennelaparisienne.fr\/produit\/cocoon-grotte-a-calins-fourrure-lapin-gris\/\",\"url\":\"https:\/\/luciennelaparisienne.fr\/produit\/cocoon-grotte-a-calins-fourrure-lapin-gris\/\",\"name\":\"Cocoon - Grotte \u00e0 c\u00e2lins fourrure Lapin gris - Lucienne la Parisienne\",\"isPartOf\":{\"@id\":\"https:\/\/luciennelaparisienne.fr\/#website\"},\"primaryImageOfPage\":{\"@id\":\"https:\/\/luciennelaparisienne.fr\/produit\/cocoon-grotte-a-calins-fourrure-lapin-gris\/#primaryimage\"},\"image\":{\"@id\":\"https:\/\/luciennelaparisienne.fr\/produit\/cocoon-grotte-a-calins-fourrure-lapin-gris\/#primaryimage\"},\"thumbnailUrl\":\"https:\/\/luciennelaparisienne.fr\/wp-content\/uploads\/2026\/05\/1-58.jpg\",\"datePublished\":\"2026-05-16T07:41:57+00:00\",\"dateModified\":\"2026-05-16T14:10:33+00:00\",\"breadcrumb\":{\"@id\":\"https:\/\/luciennelaparisienne.fr\/produit\/cocoon-grotte-a-calins-fourrure-lapin-gris\/#breadcrumb\"},\"inLanguage\":\"en-GB\",\"potentialAction\":[{\"@type\":\"ReadAction\",\"target\":[\"https:\/\/luciennelaparisienne.fr\/produit\/cocoon-grotte-a-calins-fourrure-lapin-gris\/\"]}]},{\"@type\":\"ImageObject\",\"inLanguage\":\"en-GB\",\"@id\":\"https:\/\/luciennelaparisienne.fr\/produit\/cocoon-grotte-a-calins-fourrure-lapin-gris\/#primaryimage\",\"url\":\"https:\/\/luciennelaparisienne.fr\/wp-content\/uploads\/2026\/05\/1-58.jpg\",\"contentUrl\":\"https:\/\/luciennelaparisienne.fr\/wp-content\/uploads\/2026\/05\/1-58.jpg\",\"width\":1000,\"height\":1000},{\"@type\":\"BreadcrumbList\",\"@id\":\"https:\/\/luciennelaparisienne.fr\/produit\/cocoon-grotte-a-calins-fourrure-lapin-gris\/#breadcrumb\",\"itemListElement\":[{\"@type\":\"ListItem\",\"position\":1,\"name\":\"Accueil\",\"item\":\"https:\/\/luciennelaparisienne.fr\/\"},{\"@type\":\"ListItem\",\"position\":2,\"name\":\"Boutique\",\"item\":\"https:\/\/luciennelaparisienne.fr\/shop\/\"},{\"@type\":\"ListItem\",\"position\":3,\"name\":\"Cocoon &#8211; Grotte \u00e0 c\u00e2lins fourrure Lapin gris\"}]},{\"@type\":\"WebSite\",\"@id\":\"https:\/\/luciennelaparisienne.fr\/#website\",\"url\":\"https:\/\/luciennelaparisienne.fr\/\",\"name\":\"Lucienne la Parisienne\",\"description\":\"Produits pour Teckels\",\"potentialAction\":[{\"@type\":\"SearchAction\",\"target\":{\"@type\":\"EntryPoint\",\"urlTemplate\":\"https:\/\/luciennelaparisienne.fr\/?s={search_term_string}\"},\"query-input\":{\"@type\":\"PropertyValueSpecification\",\"valueRequired\":true,\"valueName\":\"search_term_string\"}}],\"inLanguage\":\"en-GB\"}]}<\/script>\n<!-- \/ Yoast SEO plugin. -->","yoast_head_json":{"title":"Cocoon - Grotte \u00e0 c\u00e2lins fourrure Lapin gris - Lucienne la Parisienne","robots":{"index":"index","follow":"follow","max-snippet":"max-snippet:-1","max-image-preview":"max-image-preview:large","max-video-preview":"max-video-preview:-1"},"canonical":"https:\/\/luciennelaparisienne.fr\/en\/product\/cocoon-grotte-a-calins-fourrure-lapin-gris\/","og_locale":"en_GB","og_type":"article","og_title":"Cocoon - Grotte \u00e0 c\u00e2lins fourrure Lapin gris - Lucienne la Parisienne","og_description":"Cocoon &#8211; Grotte \u00e0 c\u00e2lins fourrure Lapin gris Les teckels aiment beaucoup s\u2019envelopper dans quelque chose de chaud pour dormir. Surtout les teckels \u00e0 poils ras qui sont tr\u00e8s frileux. C\u2019est pourquoi ils adorent dormir coll\u00e9s \u00e0 nous sous les couettes ! Nos Cocoons &#8211; Grottes \u00e0 calins sont faits [&hellip;]","og_url":"https:\/\/luciennelaparisienne.fr\/en\/product\/cocoon-grotte-a-calins-fourrure-lapin-gris\/","og_site_name":"Lucienne la Parisienne","article_modified_time":"2026-05-16T14:10:33+00:00","og_image":[{"width":1000,"height":1000,"url":"https:\/\/luciennelaparisienne.fr\/wp-content\/uploads\/2026\/05\/1-58.jpg","type":"image\/jpeg"}],"twitter_card":"summary_large_image","twitter_misc":{"Estimated reading time":"1 minute"},"schema":{"@context":"https:\/\/schema.org","@graph":[{"@type":"WebPage","@id":"https:\/\/luciennelaparisienne.fr\/produit\/cocoon-grotte-a-calins-fourrure-lapin-gris\/","url":"https:\/\/luciennelaparisienne.fr\/produit\/cocoon-grotte-a-calins-fourrure-lapin-gris\/","name":"Cocoon - Grotte \u00e0 c\u00e2lins fourrure Lapin gris - Lucienne la Parisienne","isPartOf":{"@id":"https:\/\/luciennelaparisienne.fr\/#website"},"primaryImageOfPage":{"@id":"https:\/\/luciennelaparisienne.fr\/produit\/cocoon-grotte-a-calins-fourrure-lapin-gris\/#primaryimage"},"image":{"@id":"https:\/\/luciennelaparisienne.fr\/produit\/cocoon-grotte-a-calins-fourrure-lapin-gris\/#primaryimage"},"thumbnailUrl":"https:\/\/luciennelaparisienne.fr\/wp-content\/uploads\/2026\/05\/1-58.jpg","datePublished":"2026-05-16T07:41:57+00:00","dateModified":"2026-05-16T14:10:33+00:00","breadcrumb":{"@id":"https:\/\/luciennelaparisienne.fr\/produit\/cocoon-grotte-a-calins-fourrure-lapin-gris\/#breadcrumb"},"inLanguage":"en-GB","potentialAction":[{"@type":"ReadAction","target":["https:\/\/luciennelaparisienne.fr\/produit\/cocoon-grotte-a-calins-fourrure-lapin-gris\/"]}]},{"@type":"ImageObject","inLanguage":"en-GB","@id":"https:\/\/luciennelaparisienne.fr\/produit\/cocoon-grotte-a-calins-fourrure-lapin-gris\/#primaryimage","url":"https:\/\/luciennelaparisienne.fr\/wp-content\/uploads\/2026\/05\/1-58.jpg","contentUrl":"https:\/\/luciennelaparisienne.fr\/wp-content\/uploads\/2026\/05\/1-58.jpg","width":1000,"height":1000},{"@type":"BreadcrumbList","@id":"https:\/\/luciennelaparisienne.fr\/produit\/cocoon-grotte-a-calins-fourrure-lapin-gris\/#breadcrumb","itemListElement":[{"@type":"ListItem","position":1,"name":"Accueil","item":"https:\/\/luciennelaparisienne.fr\/"},{"@type":"ListItem","position":2,"name":"Boutique","item":"https:\/\/luciennelaparisienne.fr\/shop\/"},{"@type":"ListItem","position":3,"name":"Cocoon &#8211; Grotte \u00e0 c\u00e2lins fourrure Lapin gris"}]},{"@type":"WebSite","@id":"https:\/\/luciennelaparisienne.fr\/#website","url":"https:\/\/luciennelaparisienne.fr\/","name":"Lucienne la Parisienne","description":"Produits pour Teckels","potentialAction":[{"@type":"SearchAction","target":{"@type":"EntryPoint","urlTemplate":"https:\/\/luciennelaparisienne.fr\/?s={search_term_string}"},"query-input":{"@type":"PropertyValueSpecification","valueRequired":true,"valueName":"search_term_string"}}],"inLanguage":"en-GB"}]}},"_links":{"self":[{"href":"https:\/\/luciennelaparisienne.fr\/en\/wp-json\/wp\/v2\/product\/17484","targetHints":{"allow":["GET"]}}],"collection":[{"href":"https:\/\/luciennelaparisienne.fr\/en\/wp-json\/wp\/v2\/product"}],"about":[{"href":"https:\/\/luciennelaparisienne.fr\/en\/wp-json\/wp\/v2\/types\/product"}],"replies":[{"embeddable":true,"href":"https:\/\/luciennelaparisienne.fr\/en\/wp-json\/wp\/v2\/comments?post=17484"}],"wp:featuredmedia":[{"embeddable":true,"href":"https:\/\/luciennelaparisienne.fr\/en\/wp-json\/wp\/v2\/media\/17495"}],"wp:attachment":[{"href":"https:\/\/luciennelaparisienne.fr\/en\/wp-json\/wp\/v2\/media?parent=17484"}],"wp:term":[{"taxonomy":"product_brand","embeddable":true,"href":"https:\/\/luciennelaparisienne.fr\/en\/wp-json\/wp\/v2\/product_brand?post=17484"},{"taxonomy":"product_cat","embeddable":true,"href":"https:\/\/luciennelaparisienne.fr\/en\/wp-json\/wp\/v2\/product_cat?post=17484"},{"taxonomy":"product_tag","embeddable":true,"href":"https:\/\/luciennelaparisienne.fr\/en\/wp-json\/wp\/v2\/product_tag?post=17484"}],"curies":[{"name":"wp","href":"https:\/\/api.w.org\/{rel}","templated":true}]}}