{"id":4656,"date":"2023-09-20T16:26:55","date_gmt":"2023-09-20T14:26:55","guid":{"rendered":"https:\/\/luciennelaparisienne.fr\/?post_type=product&#038;p=4656"},"modified":"2026-04-17T14:04:55","modified_gmt":"2026-04-17T12:04:55","slug":"coussin-royal","status":"publish","type":"product","link":"https:\/\/luciennelaparisienne.fr\/en\/product\/coussin-royal\/","title":{"rendered":"Cushion \"Royal\""},"content":{"rendered":"<p><span style=\"font-size: 12pt;\"><b>Cushion \"Royal\"\u00a0<\/b><\/span><br \/>\n<span style=\"font-weight: 400; font-size: 10pt;\">Notre coussin\u00a0 Royal est une excellente alternative au panier traditionnel pour chien.<\/span><br \/>\n<span style=\"font-weight: 400; font-size: 10pt;\">Vous pouvez cr\u00e9er un couchage suppl\u00e9mentaire et confortable car le coussin est facile \u00e0 d\u00e9placer dans la cuisine, dans le salon ou m\u00eame l&#8217;emmener avec vous en vacances \u00e0 la place du panier.<\/span><br \/>\n<span style=\"font-weight: 400; font-size: 10pt;\">Avec un look chic et \u00e9l\u00e9gant, il est pratique et ultra r\u00e9sistant gr\u00e2ce \u00e0 son tissu d&rsquo;ameublement et son fond imperm\u00e9able.<\/span><br \/>\n<span style=\"font-weight: 400; font-size: 10pt;\">Les coussins sont faciles d&rsquo;entretien car ils sont enti\u00e8rement lavables en machine \u00e0 30 \u00b0C et peuvent \u00eatre s\u00e9ch\u00e9s au s\u00e8che-linge avec un programme doux.<\/span><\/p>\n<p><b>Caracteristics: <\/b><span style=\"font-size: 10pt;\">V<span style=\"font-weight: 400;\">elours d&rsquo;ameublement anti taches, anti griffures, 100% polyester et facile d&rsquo;entretien\u00a0<\/span><\/span><br \/>\n<span style=\"font-size: 10pt;\">Remplissage en <span style=\"font-weight: 400;\">flocons de fibres hypoallerg\u00e9niques anti-boulochage, qui conservent leur forme m\u00eame apr\u00e8s les lavages<\/span><\/span><\/p>\n<p><b>Care: <\/b><span style=\"font-size: 10pt;\"><span style=\"font-weight: 400;\">Lavage en machine \u00e0 30 \u00b0C. <\/span><span style=\"font-weight: 400;\">S\u00e9chage au s\u00e8che-linge en programme doux. <\/span><span style=\"font-weight: 400;\">Pour les petites taches du quotidien, une \u00e9ponge humide suffit.<\/span><\/span><\/p>\n<p><b>Dimensions :<\/b><span style=\"font-weight: 400; font-size: 10pt;\">\u00a075 cm x 85 cm<\/span><\/p>\n<p><em><span style=\"font-size: 10pt;\">Please note that the colors displayed in the photos may vary slightly depending on your screen.<\/span><\/em><\/p>","protected":false},"excerpt":{"rendered":"<p>Coussin Royal\u00a0 Notre coussin\u00a0 Royal est une excellente alternative au panier traditionnel pour chien. Vous pouvez cr\u00e9er un couchage suppl\u00e9mentaire et confortable car le coussin est facile \u00e0 d\u00e9placer dans la cuisine, dans le salon ou m\u00eame l&#8217;emmener avec vous en vacances \u00e0 la place du panier. Avec un look [&hellip;]<\/p>","protected":false},"featured_media":16605,"comment_status":"open","ping_status":"closed","template":"","meta":{"inline_featured_image":false},"product_brand":[],"product_cat":[203,150,70,71],"product_tag":[],"class_list":{"0":"post-4656","1":"product","2":"type-product","3":"status-publish","4":"has-post-thumbnail","6":"product_cat-fin-de-collection","7":"product_cat-paniers-coussins-niches-paniers-voiture","8":"product_cat-pour-nos-teckels","9":"product_cat-pour-se-coucher","11":"first","12":"outofstock","13":"featured","14":"taxable","15":"shipping-taxable","16":"purchasable","17":"product-type-simple"},"yoast_head":"<!-- This site is optimized with the Yoast SEO plugin v26.6 - https:\/\/yoast.com\/wordpress\/plugins\/seo\/ -->\n<title>Coussin confortable pour Teckel, Chien &amp; Chiot<\/title>\n<meta name=\"description\" content=\"Magnifiques v\u00eatements &amp; accessoires pour prendre soin de son chien. Produits con\u00e7us pour les teckels 100% artisanaux et fabriqu\u00e9s en France.\" \/>\n<meta name=\"robots\" content=\"index, follow, max-snippet:-1, max-image-preview:large, max-video-preview:-1\" \/>\n<link rel=\"canonical\" href=\"https:\/\/luciennelaparisienne.fr\/en\/product\/coussin-royal\/\" \/>\n<meta property=\"og:locale\" content=\"en_GB\" \/>\n<meta property=\"og:type\" content=\"article\" \/>\n<meta property=\"og:title\" content=\"Coussin confortable pour Teckel, Chien &amp; Chiot\" \/>\n<meta property=\"og:description\" content=\"Magnifiques v\u00eatements &amp; accessoires pour prendre soin de son chien. Produits con\u00e7us pour les teckels 100% artisanaux et fabriqu\u00e9s en France.\" \/>\n<meta property=\"og:url\" content=\"https:\/\/luciennelaparisienne.fr\/en\/product\/coussin-royal\/\" \/>\n<meta property=\"og:site_name\" content=\"Lucienne la Parisienne\" \/>\n<meta property=\"article:modified_time\" content=\"2026-04-17T12:04:55+00:00\" \/>\n<meta property=\"og:image\" content=\"https:\/\/luciennelaparisienne.fr\/wp-content\/uploads\/2023\/09\/1-26.jpg\" \/>\n\t<meta property=\"og:image:width\" content=\"1000\" \/>\n\t<meta property=\"og:image:height\" content=\"1000\" \/>\n\t<meta property=\"og:image:type\" content=\"image\/jpeg\" \/>\n<meta name=\"twitter:card\" content=\"summary_large_image\" \/>\n<meta name=\"twitter:label1\" content=\"Estimated reading time\" \/>\n\t<meta name=\"twitter:data1\" content=\"2 minutes\" \/>\n<script type=\"application\/ld+json\" class=\"yoast-schema-graph\">{\"@context\":\"https:\/\/schema.org\",\"@graph\":[{\"@type\":\"WebPage\",\"@id\":\"https:\/\/luciennelaparisienne.fr\/produit\/coussin-royal\/\",\"url\":\"https:\/\/luciennelaparisienne.fr\/produit\/coussin-royal\/\",\"name\":\"Coussin confortable pour Teckel, Chien & Chiot\",\"isPartOf\":{\"@id\":\"https:\/\/luciennelaparisienne.fr\/#website\"},\"primaryImageOfPage\":{\"@id\":\"https:\/\/luciennelaparisienne.fr\/produit\/coussin-royal\/#primaryimage\"},\"image\":{\"@id\":\"https:\/\/luciennelaparisienne.fr\/produit\/coussin-royal\/#primaryimage\"},\"thumbnailUrl\":\"https:\/\/luciennelaparisienne.fr\/wp-content\/uploads\/2023\/09\/1-26.jpg\",\"datePublished\":\"2023-09-20T14:26:55+00:00\",\"dateModified\":\"2026-04-17T12:04:55+00:00\",\"description\":\"Magnifiques v\u00eatements & accessoires pour prendre soin de son chien. Produits con\u00e7us pour les teckels 100% artisanaux et fabriqu\u00e9s en France.\",\"breadcrumb\":{\"@id\":\"https:\/\/luciennelaparisienne.fr\/produit\/coussin-royal\/#breadcrumb\"},\"inLanguage\":\"en-GB\",\"potentialAction\":[{\"@type\":\"ReadAction\",\"target\":[\"https:\/\/luciennelaparisienne.fr\/produit\/coussin-royal\/\"]}]},{\"@type\":\"ImageObject\",\"inLanguage\":\"en-GB\",\"@id\":\"https:\/\/luciennelaparisienne.fr\/produit\/coussin-royal\/#primaryimage\",\"url\":\"https:\/\/luciennelaparisienne.fr\/wp-content\/uploads\/2023\/09\/1-26.jpg\",\"contentUrl\":\"https:\/\/luciennelaparisienne.fr\/wp-content\/uploads\/2023\/09\/1-26.jpg\",\"width\":1000,\"height\":1000},{\"@type\":\"BreadcrumbList\",\"@id\":\"https:\/\/luciennelaparisienne.fr\/produit\/coussin-royal\/#breadcrumb\",\"itemListElement\":[{\"@type\":\"ListItem\",\"position\":1,\"name\":\"Accueil\",\"item\":\"https:\/\/luciennelaparisienne.fr\/\"},{\"@type\":\"ListItem\",\"position\":2,\"name\":\"Boutique\",\"item\":\"https:\/\/luciennelaparisienne.fr\/shop\/\"},{\"@type\":\"ListItem\",\"position\":3,\"name\":\"Coussin Royal\"}]},{\"@type\":\"WebSite\",\"@id\":\"https:\/\/luciennelaparisienne.fr\/#website\",\"url\":\"https:\/\/luciennelaparisienne.fr\/\",\"name\":\"Lucienne la Parisienne\",\"description\":\"Produits pour Teckels\",\"potentialAction\":[{\"@type\":\"SearchAction\",\"target\":{\"@type\":\"EntryPoint\",\"urlTemplate\":\"https:\/\/luciennelaparisienne.fr\/?s={search_term_string}\"},\"query-input\":{\"@type\":\"PropertyValueSpecification\",\"valueRequired\":true,\"valueName\":\"search_term_string\"}}],\"inLanguage\":\"en-GB\"}]}<\/script>\n<!-- \/ Yoast SEO plugin. -->","yoast_head_json":{"title":"Coussin confortable pour Teckel, Chien & Chiot","description":"Magnifiques v\u00eatements & accessoires pour prendre soin de son chien. Produits con\u00e7us pour les teckels 100% artisanaux et fabriqu\u00e9s en France.","robots":{"index":"index","follow":"follow","max-snippet":"max-snippet:-1","max-image-preview":"max-image-preview:large","max-video-preview":"max-video-preview:-1"},"canonical":"https:\/\/luciennelaparisienne.fr\/en\/product\/coussin-royal\/","og_locale":"en_GB","og_type":"article","og_title":"Coussin confortable pour Teckel, Chien & Chiot","og_description":"Magnifiques v\u00eatements & accessoires pour prendre soin de son chien. Produits con\u00e7us pour les teckels 100% artisanaux et fabriqu\u00e9s en France.","og_url":"https:\/\/luciennelaparisienne.fr\/en\/product\/coussin-royal\/","og_site_name":"Lucienne la Parisienne","article_modified_time":"2026-04-17T12:04:55+00:00","og_image":[{"width":1000,"height":1000,"url":"https:\/\/luciennelaparisienne.fr\/wp-content\/uploads\/2023\/09\/1-26.jpg","type":"image\/jpeg"}],"twitter_card":"summary_large_image","twitter_misc":{"Estimated reading time":"2 minutes"},"schema":{"@context":"https:\/\/schema.org","@graph":[{"@type":"WebPage","@id":"https:\/\/luciennelaparisienne.fr\/produit\/coussin-royal\/","url":"https:\/\/luciennelaparisienne.fr\/produit\/coussin-royal\/","name":"Coussin confortable pour Teckel, Chien & Chiot","isPartOf":{"@id":"https:\/\/luciennelaparisienne.fr\/#website"},"primaryImageOfPage":{"@id":"https:\/\/luciennelaparisienne.fr\/produit\/coussin-royal\/#primaryimage"},"image":{"@id":"https:\/\/luciennelaparisienne.fr\/produit\/coussin-royal\/#primaryimage"},"thumbnailUrl":"https:\/\/luciennelaparisienne.fr\/wp-content\/uploads\/2023\/09\/1-26.jpg","datePublished":"2023-09-20T14:26:55+00:00","dateModified":"2026-04-17T12:04:55+00:00","description":"Magnifiques v\u00eatements & accessoires pour prendre soin de son chien. Produits con\u00e7us pour les teckels 100% artisanaux et fabriqu\u00e9s en France.","breadcrumb":{"@id":"https:\/\/luciennelaparisienne.fr\/produit\/coussin-royal\/#breadcrumb"},"inLanguage":"en-GB","potentialAction":[{"@type":"ReadAction","target":["https:\/\/luciennelaparisienne.fr\/produit\/coussin-royal\/"]}]},{"@type":"ImageObject","inLanguage":"en-GB","@id":"https:\/\/luciennelaparisienne.fr\/produit\/coussin-royal\/#primaryimage","url":"https:\/\/luciennelaparisienne.fr\/wp-content\/uploads\/2023\/09\/1-26.jpg","contentUrl":"https:\/\/luciennelaparisienne.fr\/wp-content\/uploads\/2023\/09\/1-26.jpg","width":1000,"height":1000},{"@type":"BreadcrumbList","@id":"https:\/\/luciennelaparisienne.fr\/produit\/coussin-royal\/#breadcrumb","itemListElement":[{"@type":"ListItem","position":1,"name":"Accueil","item":"https:\/\/luciennelaparisienne.fr\/"},{"@type":"ListItem","position":2,"name":"Boutique","item":"https:\/\/luciennelaparisienne.fr\/shop\/"},{"@type":"ListItem","position":3,"name":"Coussin Royal"}]},{"@type":"WebSite","@id":"https:\/\/luciennelaparisienne.fr\/#website","url":"https:\/\/luciennelaparisienne.fr\/","name":"Lucienne la Parisienne","description":"Produits pour Teckels","potentialAction":[{"@type":"SearchAction","target":{"@type":"EntryPoint","urlTemplate":"https:\/\/luciennelaparisienne.fr\/?s={search_term_string}"},"query-input":{"@type":"PropertyValueSpecification","valueRequired":true,"valueName":"search_term_string"}}],"inLanguage":"en-GB"}]}},"_links":{"self":[{"href":"https:\/\/luciennelaparisienne.fr\/en\/wp-json\/wp\/v2\/product\/4656","targetHints":{"allow":["GET"]}}],"collection":[{"href":"https:\/\/luciennelaparisienne.fr\/en\/wp-json\/wp\/v2\/product"}],"about":[{"href":"https:\/\/luciennelaparisienne.fr\/en\/wp-json\/wp\/v2\/types\/product"}],"replies":[{"embeddable":true,"href":"https:\/\/luciennelaparisienne.fr\/en\/wp-json\/wp\/v2\/comments?post=4656"}],"wp:featuredmedia":[{"embeddable":true,"href":"https:\/\/luciennelaparisienne.fr\/en\/wp-json\/wp\/v2\/media\/16605"}],"wp:attachment":[{"href":"https:\/\/luciennelaparisienne.fr\/en\/wp-json\/wp\/v2\/media?parent=4656"}],"wp:term":[{"taxonomy":"product_brand","embeddable":true,"href":"https:\/\/luciennelaparisienne.fr\/en\/wp-json\/wp\/v2\/product_brand?post=4656"},{"taxonomy":"product_cat","embeddable":true,"href":"https:\/\/luciennelaparisienne.fr\/en\/wp-json\/wp\/v2\/product_cat?post=4656"},{"taxonomy":"product_tag","embeddable":true,"href":"https:\/\/luciennelaparisienne.fr\/en\/wp-json\/wp\/v2\/product_tag?post=4656"}],"curies":[{"name":"wp","href":"https:\/\/api.w.org\/{rel}","templated":true}]}}