{"id":4673,"date":"2023-09-20T17:36:44","date_gmt":"2023-09-20T15:36:44","guid":{"rendered":"https:\/\/luciennelaparisienne.fr\/?post_type=product&#038;p=4673"},"modified":"2026-03-22T21:33:17","modified_gmt":"2026-03-22T20:33:17","slug":"gilet-de-natation-lucienne","status":"publish","type":"product","link":"https:\/\/luciennelaparisienne.fr\/en\/product\/gilet-de-natation-lucienne\/","title":{"rendered":"Swim Vest \"Lucienne\""},"content":{"rendered":"<p><strong>Swimming Vest \"Lucienne\"<\/strong><\/p>\n<p>It is essential to have a flotation vest specially designed for a dachshund. Firstly, because our vests are tailor-made. Most standard vests are too short and wide for a dachshund.<\/p>\n<p>Our vests cover the entire back and help keep your dachshund afloat in a horizontal position. Thanks to the vest\u2019s buoyancy, the dog can effectively use its legs and strengthen its back in a balanced way without having to arch its back and neck!<\/p>\n<p>Even if your pet knows how to swim, the vest reduces the risk of drowning in very strong currents.<\/p>\n<p>With the vest, the dog gets less tired and can enjoy swimming.<\/p>\n<p>The handle on top allows you to lift your dog if you are on a boat or stand-up paddleboard.<\/p>\n<p>The reflective strips help you keep an eye on your dachshund.<\/p>\n<p>Finally, each vest comes with its own mesh bag in which you can store the leash during swimming and then dry the vest directly in its bag.<\/p>\n<p>Hand made<\/p>\n<p>Care:<\/p>\n<p>Rinse the vest after each use with fresh water and air dry without placing it in direct sunlight.<\/p>\n<p>Available in 4 colors:<\/p>\n<p>Yellow, Red, Green, Orange<\/p>\n<p>Available in sizes XS, S, M and L.<\/p>\n<p>To make it easier to choose the vest, below are indicated the back lengths of each vest by size:<\/p>\n<p>XXS 25 cm (Dachshund Kaninchen and puppies 3\u20134 kg)<\/p>\n<p>XS 25 cm (Dachshund Kaninchen 4-5 kg)<\/p>\n<p>S 30 cm (Miniature Dachshund 6\u20137 kg)<\/p>\n<p>M 35 cm (Standard Dachshund 8-9 kg)<\/p>\n<p>L 39 cm (Large Standard Dachshund 10\u201312 kg)<\/p>\n<p class=\"p1\"><span class=\"s1\">Safety information:<\/span><\/p>\n<p class=\"p1\"><span class=\"s1\">To be used under human supervision and not intended for professional rescue use.<\/span><\/p>\n<p>&nbsp;<\/p>","protected":false},"excerpt":{"rendered":"<p>Gilet de natation \u00ab\u00a0Lucienne\u00a0\u00bb C\u2019est indispensable d\u2019avoir un gilet de flottaison sp\u00e9cialement con\u00e7u pour un teckel. Tout d\u2019abord, parce que nos gilets sont faits sur mesure. La plupart des gilets classiques sont courts et larges pour un teckel. Nos gilets couvrent l\u2019ensemble du dos et permettent de maintenir votre teckel [&hellip;]<\/p>","protected":false},"featured_media":11659,"comment_status":"open","ping_status":"closed","template":"","meta":{"inline_featured_image":false},"product_brand":[],"product_cat":[191,70,73],"product_tag":[],"class_list":{"0":"post-4673","1":"product","2":"type-product","3":"status-publish","4":"has-post-thumbnail","6":"product_cat-gilets-de-natation","7":"product_cat-pour-nos-teckels","8":"product_cat-pour-voyager","10":"first","11":"instock","12":"taxable","13":"shipping-taxable","14":"purchasable","15":"product-type-variable"},"yoast_head":"<!-- This site is optimized with the Yoast SEO plugin v26.6 - https:\/\/yoast.com\/wordpress\/plugins\/seo\/ -->\n<title>Gilet de natation, Gilet de sauvetage pour Chien, Teckel<\/title>\n<meta name=\"description\" content=\"Magnifiques v\u00eatements &amp; accessoires pour prendre soin de son chien. Produits con\u00e7us pour les teckels 100% artisanaux et fabriqu\u00e9s en France.\" \/>\n<meta name=\"robots\" content=\"index, follow, max-snippet:-1, max-image-preview:large, max-video-preview:-1\" \/>\n<link rel=\"canonical\" href=\"https:\/\/luciennelaparisienne.fr\/en\/product\/gilet-de-natation-lucienne\/\" \/>\n<meta property=\"og:locale\" content=\"en_GB\" \/>\n<meta property=\"og:type\" content=\"article\" \/>\n<meta property=\"og:title\" content=\"Gilet de natation, Gilet de sauvetage pour Chien, Teckel\" \/>\n<meta property=\"og:description\" content=\"Magnifiques v\u00eatements &amp; accessoires pour prendre soin de son chien. Produits con\u00e7us pour les teckels 100% artisanaux et fabriqu\u00e9s en France.\" \/>\n<meta property=\"og:url\" content=\"https:\/\/luciennelaparisienne.fr\/en\/product\/gilet-de-natation-lucienne\/\" \/>\n<meta property=\"og:site_name\" content=\"Lucienne la Parisienne\" \/>\n<meta property=\"article:modified_time\" content=\"2026-03-22T20:33:17+00:00\" \/>\n<meta property=\"og:image\" content=\"https:\/\/luciennelaparisienne.fr\/wp-content\/uploads\/2023\/09\/Lucia-SUP-min.jpg\" \/>\n\t<meta property=\"og:image:width\" content=\"1000\" \/>\n\t<meta property=\"og:image:height\" content=\"1000\" \/>\n\t<meta property=\"og:image:type\" content=\"image\/jpeg\" \/>\n<meta name=\"twitter:card\" content=\"summary_large_image\" \/>\n<meta name=\"twitter:label1\" content=\"Estimated reading time\" \/>\n\t<meta name=\"twitter:data1\" content=\"2 minutes\" \/>\n<script type=\"application\/ld+json\" class=\"yoast-schema-graph\">{\"@context\":\"https:\/\/schema.org\",\"@graph\":[{\"@type\":\"WebPage\",\"@id\":\"https:\/\/luciennelaparisienne.fr\/produit\/gilet-de-natation-lucienne\/\",\"url\":\"https:\/\/luciennelaparisienne.fr\/produit\/gilet-de-natation-lucienne\/\",\"name\":\"Gilet de natation, Gilet de sauvetage pour Chien, Teckel\",\"isPartOf\":{\"@id\":\"https:\/\/luciennelaparisienne.fr\/#website\"},\"primaryImageOfPage\":{\"@id\":\"https:\/\/luciennelaparisienne.fr\/produit\/gilet-de-natation-lucienne\/#primaryimage\"},\"image\":{\"@id\":\"https:\/\/luciennelaparisienne.fr\/produit\/gilet-de-natation-lucienne\/#primaryimage\"},\"thumbnailUrl\":\"https:\/\/luciennelaparisienne.fr\/wp-content\/uploads\/2023\/09\/Lucia-SUP-min.jpg\",\"datePublished\":\"2023-09-20T15:36:44+00:00\",\"dateModified\":\"2026-03-22T20:33:17+00:00\",\"description\":\"Magnifiques v\u00eatements & accessoires pour prendre soin de son chien. Produits con\u00e7us pour les teckels 100% artisanaux et fabriqu\u00e9s en France.\",\"breadcrumb\":{\"@id\":\"https:\/\/luciennelaparisienne.fr\/produit\/gilet-de-natation-lucienne\/#breadcrumb\"},\"inLanguage\":\"en-GB\",\"potentialAction\":[{\"@type\":\"ReadAction\",\"target\":[\"https:\/\/luciennelaparisienne.fr\/produit\/gilet-de-natation-lucienne\/\"]}]},{\"@type\":\"ImageObject\",\"inLanguage\":\"en-GB\",\"@id\":\"https:\/\/luciennelaparisienne.fr\/produit\/gilet-de-natation-lucienne\/#primaryimage\",\"url\":\"https:\/\/luciennelaparisienne.fr\/wp-content\/uploads\/2023\/09\/Lucia-SUP-min.jpg\",\"contentUrl\":\"https:\/\/luciennelaparisienne.fr\/wp-content\/uploads\/2023\/09\/Lucia-SUP-min.jpg\",\"width\":1000,\"height\":1000},{\"@type\":\"BreadcrumbList\",\"@id\":\"https:\/\/luciennelaparisienne.fr\/produit\/gilet-de-natation-lucienne\/#breadcrumb\",\"itemListElement\":[{\"@type\":\"ListItem\",\"position\":1,\"name\":\"Accueil\",\"item\":\"https:\/\/luciennelaparisienne.fr\/\"},{\"@type\":\"ListItem\",\"position\":2,\"name\":\"Boutique\",\"item\":\"https:\/\/luciennelaparisienne.fr\/shop\/\"},{\"@type\":\"ListItem\",\"position\":3,\"name\":\"Gilet de natation Lucienne\"}]},{\"@type\":\"WebSite\",\"@id\":\"https:\/\/luciennelaparisienne.fr\/#website\",\"url\":\"https:\/\/luciennelaparisienne.fr\/\",\"name\":\"Lucienne la Parisienne\",\"description\":\"Produits pour Teckels\",\"potentialAction\":[{\"@type\":\"SearchAction\",\"target\":{\"@type\":\"EntryPoint\",\"urlTemplate\":\"https:\/\/luciennelaparisienne.fr\/?s={search_term_string}\"},\"query-input\":{\"@type\":\"PropertyValueSpecification\",\"valueRequired\":true,\"valueName\":\"search_term_string\"}}],\"inLanguage\":\"en-GB\"}]}<\/script>\n<!-- \/ Yoast SEO plugin. -->","yoast_head_json":{"title":"Gilet de natation, Gilet de sauvetage pour Chien, Teckel","description":"Magnifiques v\u00eatements & accessoires pour prendre soin de son chien. Produits con\u00e7us pour les teckels 100% artisanaux et fabriqu\u00e9s en France.","robots":{"index":"index","follow":"follow","max-snippet":"max-snippet:-1","max-image-preview":"max-image-preview:large","max-video-preview":"max-video-preview:-1"},"canonical":"https:\/\/luciennelaparisienne.fr\/en\/product\/gilet-de-natation-lucienne\/","og_locale":"en_GB","og_type":"article","og_title":"Gilet de natation, Gilet de sauvetage pour Chien, Teckel","og_description":"Magnifiques v\u00eatements & accessoires pour prendre soin de son chien. Produits con\u00e7us pour les teckels 100% artisanaux et fabriqu\u00e9s en France.","og_url":"https:\/\/luciennelaparisienne.fr\/en\/product\/gilet-de-natation-lucienne\/","og_site_name":"Lucienne la Parisienne","article_modified_time":"2026-03-22T20:33:17+00:00","og_image":[{"width":1000,"height":1000,"url":"https:\/\/luciennelaparisienne.fr\/wp-content\/uploads\/2023\/09\/Lucia-SUP-min.jpg","type":"image\/jpeg"}],"twitter_card":"summary_large_image","twitter_misc":{"Estimated reading time":"2 minutes"},"schema":{"@context":"https:\/\/schema.org","@graph":[{"@type":"WebPage","@id":"https:\/\/luciennelaparisienne.fr\/produit\/gilet-de-natation-lucienne\/","url":"https:\/\/luciennelaparisienne.fr\/produit\/gilet-de-natation-lucienne\/","name":"Gilet de natation, Gilet de sauvetage pour Chien, Teckel","isPartOf":{"@id":"https:\/\/luciennelaparisienne.fr\/#website"},"primaryImageOfPage":{"@id":"https:\/\/luciennelaparisienne.fr\/produit\/gilet-de-natation-lucienne\/#primaryimage"},"image":{"@id":"https:\/\/luciennelaparisienne.fr\/produit\/gilet-de-natation-lucienne\/#primaryimage"},"thumbnailUrl":"https:\/\/luciennelaparisienne.fr\/wp-content\/uploads\/2023\/09\/Lucia-SUP-min.jpg","datePublished":"2023-09-20T15:36:44+00:00","dateModified":"2026-03-22T20:33:17+00:00","description":"Magnifiques v\u00eatements & accessoires pour prendre soin de son chien. Produits con\u00e7us pour les teckels 100% artisanaux et fabriqu\u00e9s en France.","breadcrumb":{"@id":"https:\/\/luciennelaparisienne.fr\/produit\/gilet-de-natation-lucienne\/#breadcrumb"},"inLanguage":"en-GB","potentialAction":[{"@type":"ReadAction","target":["https:\/\/luciennelaparisienne.fr\/produit\/gilet-de-natation-lucienne\/"]}]},{"@type":"ImageObject","inLanguage":"en-GB","@id":"https:\/\/luciennelaparisienne.fr\/produit\/gilet-de-natation-lucienne\/#primaryimage","url":"https:\/\/luciennelaparisienne.fr\/wp-content\/uploads\/2023\/09\/Lucia-SUP-min.jpg","contentUrl":"https:\/\/luciennelaparisienne.fr\/wp-content\/uploads\/2023\/09\/Lucia-SUP-min.jpg","width":1000,"height":1000},{"@type":"BreadcrumbList","@id":"https:\/\/luciennelaparisienne.fr\/produit\/gilet-de-natation-lucienne\/#breadcrumb","itemListElement":[{"@type":"ListItem","position":1,"name":"Accueil","item":"https:\/\/luciennelaparisienne.fr\/"},{"@type":"ListItem","position":2,"name":"Boutique","item":"https:\/\/luciennelaparisienne.fr\/shop\/"},{"@type":"ListItem","position":3,"name":"Gilet de natation Lucienne"}]},{"@type":"WebSite","@id":"https:\/\/luciennelaparisienne.fr\/#website","url":"https:\/\/luciennelaparisienne.fr\/","name":"Lucienne la Parisienne","description":"Produits pour Teckels","potentialAction":[{"@type":"SearchAction","target":{"@type":"EntryPoint","urlTemplate":"https:\/\/luciennelaparisienne.fr\/?s={search_term_string}"},"query-input":{"@type":"PropertyValueSpecification","valueRequired":true,"valueName":"search_term_string"}}],"inLanguage":"en-GB"}]}},"_links":{"self":[{"href":"https:\/\/luciennelaparisienne.fr\/en\/wp-json\/wp\/v2\/product\/4673","targetHints":{"allow":["GET"]}}],"collection":[{"href":"https:\/\/luciennelaparisienne.fr\/en\/wp-json\/wp\/v2\/product"}],"about":[{"href":"https:\/\/luciennelaparisienne.fr\/en\/wp-json\/wp\/v2\/types\/product"}],"replies":[{"embeddable":true,"href":"https:\/\/luciennelaparisienne.fr\/en\/wp-json\/wp\/v2\/comments?post=4673"}],"wp:featuredmedia":[{"embeddable":true,"href":"https:\/\/luciennelaparisienne.fr\/en\/wp-json\/wp\/v2\/media\/11659"}],"wp:attachment":[{"href":"https:\/\/luciennelaparisienne.fr\/en\/wp-json\/wp\/v2\/media?parent=4673"}],"wp:term":[{"taxonomy":"product_brand","embeddable":true,"href":"https:\/\/luciennelaparisienne.fr\/en\/wp-json\/wp\/v2\/product_brand?post=4673"},{"taxonomy":"product_cat","embeddable":true,"href":"https:\/\/luciennelaparisienne.fr\/en\/wp-json\/wp\/v2\/product_cat?post=4673"},{"taxonomy":"product_tag","embeddable":true,"href":"https:\/\/luciennelaparisienne.fr\/en\/wp-json\/wp\/v2\/product_tag?post=4673"}],"curies":[{"name":"wp","href":"https:\/\/api.w.org\/{rel}","templated":true}]}}