{"id":5245,"date":"2023-10-11T00:54:37","date_gmt":"2023-10-10T22:54:37","guid":{"rendered":"https:\/\/luciennelaparisienne.fr\/?post_type=product&#038;p=5245"},"modified":"2026-04-17T12:05:50","modified_gmt":"2026-04-17T10:05:50","slug":"niche-villa-lucienne","status":"publish","type":"product","link":"https:\/\/luciennelaparisienne.fr\/en\/product\/niche-villa-lucienne\/","title":{"rendered":"Niche Villa Lucienne\u202f"},"content":{"rendered":"<p><b>Niche Villa Lucienne\u00a0<\/b><br \/>\n<span style=\"font-weight: 400; font-size: 10pt;\">La niche Villa Lucienne est une vraie maison pour votre teckel !<\/span><br \/>\n<span style=\"font-weight: 400; font-size: 10pt;\">C&rsquo;est un espace priv\u00e9 o\u00f9 votre chien peut s&rsquo;isoler et se sentir en s\u00e9curit\u00e9. La Villa Lucienne lui permet de s&rsquo;y reposer, d&rsquo;y stocker ses jouets, de cacher ses troph\u00e9es parfois vol\u00e9s, d&rsquo;y ronger un os ou autre gourmandise, de se sentir bien au chaud et de s&rsquo;imaginer dans son terrier.<\/span><br \/>\n<span style=\"font-weight: 400; font-size: 10pt;\">Les teckels ont en particulier l&rsquo;instinct de creuser et de se nicher lorsqu&rsquo;ils se pr\u00e9parent \u00e0 dormir.<\/span><br \/>\n<span style=\"font-weight: 400; font-size: 10pt;\">La niche est fabriqu\u00e9e avec un tissu de haute qualit\u00e9 qui garde sa forme avec le temps et les lavages. Le coussin int\u00e9rieur est amovible et lavable. Le fond est imperm\u00e9able.<\/span><br \/>\n<span style=\"font-size: 10pt;\"><i><span style=\"font-weight: 400;\">*Pensez \u00e9galement \u00e0 ajouter un plaid doux dans la niche, que vous pouvez trouver sur notre boutique.<\/span><\/i><\/span><\/p>\n<p><b>Caracteristics: <span style=\"font-weight: 400; font-size: 10pt;\">Velours d&rsquo;ameublements 100 % polyester, r\u00e9sistante et facile d&rsquo;entretien, anti t\u00e2ches et anti griffures.<\/span><br \/>\n<\/b><span style=\"font-size: 10pt;\">Remplissage en<\/span><b><span style=\"font-size: 10pt;\"> <span style=\"font-weight: 400;\">flocons de fibres hypoallerg\u00e9niques anti boulochage, qui conservent leur forme m\u00eame apr\u00e8s les lavages.<\/span><\/span><\/b><\/p>\n<p><b>Care: <\/b><span style=\"font-size: 10pt;\"><span style=\"font-weight: 400;\">Lavage en machine \u00e0 30 \u00b0C. <\/span><span style=\"font-weight: 400;\">S\u00e9chage l\u00e9ger recommand\u00e9. <\/span><span style=\"font-weight: 400;\">Pour les petites taches du quotidien, une \u00e9ponge humide suffit.<\/span><\/span><\/p>\n<p><b>Dimensions : <\/b><span style=\"font-size: 10pt;\"><span style=\"font-weight: 400;\">Teckel nain ou standard \u00e0 partir de 6 kg (<\/span><span style=\"font-weight: 400;\">50 cm x 38 cm x 46 cm)<\/span><\/span><\/p>\n<p><em><span style=\"font-size: 10pt;\">Please note that the colors displayed in the photos may vary slightly depending on your screen.<\/span><\/em><\/p>","protected":false},"excerpt":{"rendered":"<p>Niche Villa Lucienne\u00a0 La niche Villa Lucienne est une vraie maison pour votre teckel ! C&rsquo;est un espace priv\u00e9 o\u00f9 votre chien peut s&rsquo;isoler et se sentir en s\u00e9curit\u00e9. La Villa Lucienne lui permet de s&rsquo;y reposer, d&rsquo;y stocker ses jouets, de cacher ses troph\u00e9es parfois vol\u00e9s, d&rsquo;y ronger un [&hellip;]<\/p>","protected":false},"featured_media":11526,"comment_status":"open","ping_status":"closed","template":"","meta":{"inline_featured_image":false},"product_brand":[],"product_cat":[150,70,71],"product_tag":[],"class_list":{"0":"post-5245","1":"product","2":"type-product","3":"status-publish","4":"has-post-thumbnail","6":"product_cat-paniers-coussins-niches-paniers-voiture","7":"product_cat-pour-nos-teckels","8":"product_cat-pour-se-coucher","10":"first","11":"instock","12":"featured","13":"taxable","14":"shipping-taxable","15":"purchasable","16":"product-type-variable"},"yoast_head":"<!-- This site is optimized with the Yoast SEO plugin v26.6 - https:\/\/yoast.com\/wordpress\/plugins\/seo\/ -->\n<title>Niche pour Chien, Teckel, Cr\u00e9ation Artisanale &amp; Made in France<\/title>\n<meta name=\"description\" content=\"Magnifiques v\u00eatements &amp; accessoires pour prendre soin de son chien. Produits con\u00e7us pour les teckels 100% artisanaux et fabriqu\u00e9s en France.\" \/>\n<meta name=\"robots\" content=\"index, follow, max-snippet:-1, max-image-preview:large, max-video-preview:-1\" \/>\n<link rel=\"canonical\" href=\"https:\/\/luciennelaparisienne.fr\/en\/product\/niche-villa-lucienne\/\" \/>\n<meta property=\"og:locale\" content=\"en_GB\" \/>\n<meta property=\"og:type\" content=\"article\" \/>\n<meta property=\"og:title\" content=\"Niche pour Chien, Teckel, Cr\u00e9ation Artisanale &amp; Made in France\" \/>\n<meta property=\"og:description\" content=\"Magnifiques v\u00eatements &amp; accessoires pour prendre soin de son chien. Produits con\u00e7us pour les teckels 100% artisanaux et fabriqu\u00e9s en France.\" \/>\n<meta property=\"og:url\" content=\"https:\/\/luciennelaparisienne.fr\/en\/product\/niche-villa-lucienne\/\" \/>\n<meta property=\"og:site_name\" content=\"Lucienne la Parisienne\" \/>\n<meta property=\"article:modified_time\" content=\"2026-04-17T10:05:50+00:00\" \/>\n<meta property=\"og:image\" content=\"https:\/\/luciennelaparisienne.fr\/wp-content\/uploads\/2023\/10\/Niche-transformed-min-scaled.png\" \/>\n\t<meta property=\"og:image:width\" content=\"2560\" \/>\n\t<meta property=\"og:image:height\" content=\"2560\" \/>\n\t<meta property=\"og:image:type\" content=\"image\/png\" \/>\n<meta name=\"twitter:card\" content=\"summary_large_image\" \/>\n<meta name=\"twitter:label1\" content=\"Estimated reading time\" \/>\n\t<meta name=\"twitter:data1\" content=\"2 minutes\" \/>\n<script type=\"application\/ld+json\" class=\"yoast-schema-graph\">{\"@context\":\"https:\/\/schema.org\",\"@graph\":[{\"@type\":\"WebPage\",\"@id\":\"https:\/\/luciennelaparisienne.fr\/produit\/niche-villa-lucienne\/\",\"url\":\"https:\/\/luciennelaparisienne.fr\/produit\/niche-villa-lucienne\/\",\"name\":\"Niche pour Chien, Teckel, Cr\u00e9ation Artisanale & Made in France\",\"isPartOf\":{\"@id\":\"https:\/\/luciennelaparisienne.fr\/#website\"},\"primaryImageOfPage\":{\"@id\":\"https:\/\/luciennelaparisienne.fr\/produit\/niche-villa-lucienne\/#primaryimage\"},\"image\":{\"@id\":\"https:\/\/luciennelaparisienne.fr\/produit\/niche-villa-lucienne\/#primaryimage\"},\"thumbnailUrl\":\"https:\/\/luciennelaparisienne.fr\/wp-content\/uploads\/2023\/10\/Niche-transformed-min-scaled.png\",\"datePublished\":\"2023-10-10T22:54:37+00:00\",\"dateModified\":\"2026-04-17T10:05:50+00:00\",\"description\":\"Magnifiques v\u00eatements & accessoires pour prendre soin de son chien. Produits con\u00e7us pour les teckels 100% artisanaux et fabriqu\u00e9s en France.\",\"breadcrumb\":{\"@id\":\"https:\/\/luciennelaparisienne.fr\/produit\/niche-villa-lucienne\/#breadcrumb\"},\"inLanguage\":\"en-GB\",\"potentialAction\":[{\"@type\":\"ReadAction\",\"target\":[\"https:\/\/luciennelaparisienne.fr\/produit\/niche-villa-lucienne\/\"]}]},{\"@type\":\"ImageObject\",\"inLanguage\":\"en-GB\",\"@id\":\"https:\/\/luciennelaparisienne.fr\/produit\/niche-villa-lucienne\/#primaryimage\",\"url\":\"https:\/\/luciennelaparisienne.fr\/wp-content\/uploads\/2023\/10\/Niche-transformed-min-scaled.png\",\"contentUrl\":\"https:\/\/luciennelaparisienne.fr\/wp-content\/uploads\/2023\/10\/Niche-transformed-min-scaled.png\",\"width\":2560,\"height\":2560},{\"@type\":\"BreadcrumbList\",\"@id\":\"https:\/\/luciennelaparisienne.fr\/produit\/niche-villa-lucienne\/#breadcrumb\",\"itemListElement\":[{\"@type\":\"ListItem\",\"position\":1,\"name\":\"Accueil\",\"item\":\"https:\/\/luciennelaparisienne.fr\/\"},{\"@type\":\"ListItem\",\"position\":2,\"name\":\"Boutique\",\"item\":\"https:\/\/luciennelaparisienne.fr\/shop\/\"},{\"@type\":\"ListItem\",\"position\":3,\"name\":\"Niche Villa Lucienne\u202f\"}]},{\"@type\":\"WebSite\",\"@id\":\"https:\/\/luciennelaparisienne.fr\/#website\",\"url\":\"https:\/\/luciennelaparisienne.fr\/\",\"name\":\"Lucienne la Parisienne\",\"description\":\"Produits pour Teckels\",\"potentialAction\":[{\"@type\":\"SearchAction\",\"target\":{\"@type\":\"EntryPoint\",\"urlTemplate\":\"https:\/\/luciennelaparisienne.fr\/?s={search_term_string}\"},\"query-input\":{\"@type\":\"PropertyValueSpecification\",\"valueRequired\":true,\"valueName\":\"search_term_string\"}}],\"inLanguage\":\"en-GB\"}]}<\/script>\n<!-- \/ Yoast SEO plugin. -->","yoast_head_json":{"title":"Niche pour Chien, Teckel, Cr\u00e9ation Artisanale & Made in France","description":"Magnifiques v\u00eatements & accessoires pour prendre soin de son chien. Produits con\u00e7us pour les teckels 100% artisanaux et fabriqu\u00e9s en France.","robots":{"index":"index","follow":"follow","max-snippet":"max-snippet:-1","max-image-preview":"max-image-preview:large","max-video-preview":"max-video-preview:-1"},"canonical":"https:\/\/luciennelaparisienne.fr\/en\/product\/niche-villa-lucienne\/","og_locale":"en_GB","og_type":"article","og_title":"Niche pour Chien, Teckel, Cr\u00e9ation Artisanale & Made in France","og_description":"Magnifiques v\u00eatements & accessoires pour prendre soin de son chien. Produits con\u00e7us pour les teckels 100% artisanaux et fabriqu\u00e9s en France.","og_url":"https:\/\/luciennelaparisienne.fr\/en\/product\/niche-villa-lucienne\/","og_site_name":"Lucienne la Parisienne","article_modified_time":"2026-04-17T10:05:50+00:00","og_image":[{"width":2560,"height":2560,"url":"https:\/\/luciennelaparisienne.fr\/wp-content\/uploads\/2023\/10\/Niche-transformed-min-scaled.png","type":"image\/png"}],"twitter_card":"summary_large_image","twitter_misc":{"Estimated reading time":"2 minutes"},"schema":{"@context":"https:\/\/schema.org","@graph":[{"@type":"WebPage","@id":"https:\/\/luciennelaparisienne.fr\/produit\/niche-villa-lucienne\/","url":"https:\/\/luciennelaparisienne.fr\/produit\/niche-villa-lucienne\/","name":"Niche pour Chien, Teckel, Cr\u00e9ation Artisanale & Made in France","isPartOf":{"@id":"https:\/\/luciennelaparisienne.fr\/#website"},"primaryImageOfPage":{"@id":"https:\/\/luciennelaparisienne.fr\/produit\/niche-villa-lucienne\/#primaryimage"},"image":{"@id":"https:\/\/luciennelaparisienne.fr\/produit\/niche-villa-lucienne\/#primaryimage"},"thumbnailUrl":"https:\/\/luciennelaparisienne.fr\/wp-content\/uploads\/2023\/10\/Niche-transformed-min-scaled.png","datePublished":"2023-10-10T22:54:37+00:00","dateModified":"2026-04-17T10:05:50+00:00","description":"Magnifiques v\u00eatements & accessoires pour prendre soin de son chien. Produits con\u00e7us pour les teckels 100% artisanaux et fabriqu\u00e9s en France.","breadcrumb":{"@id":"https:\/\/luciennelaparisienne.fr\/produit\/niche-villa-lucienne\/#breadcrumb"},"inLanguage":"en-GB","potentialAction":[{"@type":"ReadAction","target":["https:\/\/luciennelaparisienne.fr\/produit\/niche-villa-lucienne\/"]}]},{"@type":"ImageObject","inLanguage":"en-GB","@id":"https:\/\/luciennelaparisienne.fr\/produit\/niche-villa-lucienne\/#primaryimage","url":"https:\/\/luciennelaparisienne.fr\/wp-content\/uploads\/2023\/10\/Niche-transformed-min-scaled.png","contentUrl":"https:\/\/luciennelaparisienne.fr\/wp-content\/uploads\/2023\/10\/Niche-transformed-min-scaled.png","width":2560,"height":2560},{"@type":"BreadcrumbList","@id":"https:\/\/luciennelaparisienne.fr\/produit\/niche-villa-lucienne\/#breadcrumb","itemListElement":[{"@type":"ListItem","position":1,"name":"Accueil","item":"https:\/\/luciennelaparisienne.fr\/"},{"@type":"ListItem","position":2,"name":"Boutique","item":"https:\/\/luciennelaparisienne.fr\/shop\/"},{"@type":"ListItem","position":3,"name":"Niche Villa Lucienne\u202f"}]},{"@type":"WebSite","@id":"https:\/\/luciennelaparisienne.fr\/#website","url":"https:\/\/luciennelaparisienne.fr\/","name":"Lucienne la Parisienne","description":"Produits pour Teckels","potentialAction":[{"@type":"SearchAction","target":{"@type":"EntryPoint","urlTemplate":"https:\/\/luciennelaparisienne.fr\/?s={search_term_string}"},"query-input":{"@type":"PropertyValueSpecification","valueRequired":true,"valueName":"search_term_string"}}],"inLanguage":"en-GB"}]}},"_links":{"self":[{"href":"https:\/\/luciennelaparisienne.fr\/en\/wp-json\/wp\/v2\/product\/5245","targetHints":{"allow":["GET"]}}],"collection":[{"href":"https:\/\/luciennelaparisienne.fr\/en\/wp-json\/wp\/v2\/product"}],"about":[{"href":"https:\/\/luciennelaparisienne.fr\/en\/wp-json\/wp\/v2\/types\/product"}],"replies":[{"embeddable":true,"href":"https:\/\/luciennelaparisienne.fr\/en\/wp-json\/wp\/v2\/comments?post=5245"}],"wp:featuredmedia":[{"embeddable":true,"href":"https:\/\/luciennelaparisienne.fr\/en\/wp-json\/wp\/v2\/media\/11526"}],"wp:attachment":[{"href":"https:\/\/luciennelaparisienne.fr\/en\/wp-json\/wp\/v2\/media?parent=5245"}],"wp:term":[{"taxonomy":"product_brand","embeddable":true,"href":"https:\/\/luciennelaparisienne.fr\/en\/wp-json\/wp\/v2\/product_brand?post=5245"},{"taxonomy":"product_cat","embeddable":true,"href":"https:\/\/luciennelaparisienne.fr\/en\/wp-json\/wp\/v2\/product_cat?post=5245"},{"taxonomy":"product_tag","embeddable":true,"href":"https:\/\/luciennelaparisienne.fr\/en\/wp-json\/wp\/v2\/product_tag?post=5245"}],"curies":[{"name":"wp","href":"https:\/\/api.w.org\/{rel}","templated":true}]}}