{"id":5272,"date":"2023-12-04T10:11:14","date_gmt":"2023-12-04T09:11:14","guid":{"rendered":"https:\/\/luciennelaparisienne.fr\/?post_type=product&#038;p=5272"},"modified":"2026-04-20T10:08:10","modified_gmt":"2026-04-20T08:08:10","slug":"couverture-en-fourrure","status":"publish","type":"product","link":"https:\/\/luciennelaparisienne.fr\/en\/product\/couverture-en-fourrure\/","title":{"rendered":"Fur blanket"},"content":{"rendered":"<p><strong>Fur blanket\u00a0<\/strong><br \/>\n<span style=\"font-size: 10pt;\" data-contrast=\"none\">A luxurious double-sided blanket made from soft faux fur and plush gray fleece, offering warmth, comfort, and refined style.<\/span><br \/>\n<span style=\"font-size: 10pt;\" data-contrast=\"none\">Dachshunds, especially short-haired ones, love to stay warm. That's why soft blankets and throws are a must for their comfort and coziness! \u00a0<\/span><br \/>\n<span style=\"font-size: 10pt;\"> Vos teckels vont adorer sa texture c\u00e2line et douillette. La couverture est faite \u00e0 la main.<\/span><br \/>\n<span style=\"font-size: 10pt;\" data-contrast=\"none\">It will also be a true decorative piece for your living room or bedroom.<\/span><\/p>\n<p><strong>Caracteristics: <\/strong><span style=\"font-size: 10pt;\">Tissu\u202f: fausse fourrure doubl\u00e9e par tissu polaire.\u00a0<\/span><\/p>\n<p><strong>Care: <\/strong><span style=\"font-size: 10pt;\">Hand wash or machine wash at 30\u00b0C. Gentle spin, do not dry clean, do not bleach. Do not iron!\u00a0<\/span><\/p>\n<p><span data-contrast=\"none\"><strong>Dimensions\u202f:<\/strong> <span style=\"font-size: 10pt;\">75x85cm<\/span><\/span><\/p>","protected":false},"excerpt":{"rendered":"<p>Couverture en fourrure\u00a0 Cette couverture belle et chic double face extr\u00eamement \u00e9l\u00e9gantes et douces. La couverture faite en fourrure douce doubl\u00e9e par polaire toute douce en couleur grise. Les teckels adorent \u00eatre au chaud. Surtout les poils ras qui sont frileux. C&rsquo;est pourquoi les plaids et les couvertures sont indispensables [&hellip;]<\/p>","protected":false},"featured_media":12505,"comment_status":"open","ping_status":"closed","template":"","meta":{"inline_featured_image":false},"product_brand":[],"product_cat":[152,70,71],"product_tag":[],"class_list":{"0":"post-5272","1":"product","2":"type-product","3":"status-publish","4":"has-post-thumbnail","6":"product_cat-plaids-couvertures-tapis","7":"product_cat-pour-nos-teckels","8":"product_cat-pour-se-coucher","10":"first","11":"instock","12":"featured","13":"taxable","14":"shipping-taxable","15":"purchasable","16":"product-type-simple"},"yoast_head":"<!-- This site is optimized with the Yoast SEO plugin v26.6 - https:\/\/yoast.com\/wordpress\/plugins\/seo\/ -->\n<title>Couverture Plaid confortable pour Teckel, Chien &amp; Chiot<\/title>\n<meta name=\"description\" content=\"Magnifiques v\u00eatements &amp; accessoires pour prendre soin de son chien. Produits con\u00e7us pour les teckels 100% artisanaux et fabriqu\u00e9s en France.\" \/>\n<meta name=\"robots\" content=\"index, follow, max-snippet:-1, max-image-preview:large, max-video-preview:-1\" \/>\n<link rel=\"canonical\" href=\"https:\/\/luciennelaparisienne.fr\/en\/product\/couverture-en-fourrure\/\" \/>\n<meta property=\"og:locale\" content=\"en_GB\" \/>\n<meta property=\"og:type\" content=\"article\" \/>\n<meta property=\"og:title\" content=\"Couverture Plaid confortable pour Teckel, Chien &amp; Chiot\" \/>\n<meta property=\"og:description\" content=\"Magnifiques v\u00eatements &amp; accessoires pour prendre soin de son chien. Produits con\u00e7us pour les teckels 100% artisanaux et fabriqu\u00e9s en France.\" \/>\n<meta property=\"og:url\" content=\"https:\/\/luciennelaparisienne.fr\/en\/product\/couverture-en-fourrure\/\" \/>\n<meta property=\"og:site_name\" content=\"Lucienne la Parisienne\" \/>\n<meta property=\"article:modified_time\" content=\"2026-04-20T08:08:10+00:00\" \/>\n<meta property=\"og:image\" content=\"https:\/\/luciennelaparisienne.fr\/wp-content\/uploads\/2024\/10\/DSC03867-2.jpg\" \/>\n\t<meta property=\"og:image:width\" content=\"757\" \/>\n\t<meta property=\"og:image:height\" content=\"757\" \/>\n\t<meta property=\"og:image:type\" content=\"image\/jpeg\" \/>\n<meta name=\"twitter:card\" content=\"summary_large_image\" \/>\n<meta name=\"twitter:label1\" content=\"Estimated reading time\" \/>\n\t<meta name=\"twitter:data1\" content=\"1 minute\" \/>\n<script type=\"application\/ld+json\" class=\"yoast-schema-graph\">{\"@context\":\"https:\/\/schema.org\",\"@graph\":[{\"@type\":\"WebPage\",\"@id\":\"https:\/\/luciennelaparisienne.fr\/produit\/couverture-en-fourrure\/\",\"url\":\"https:\/\/luciennelaparisienne.fr\/produit\/couverture-en-fourrure\/\",\"name\":\"Couverture Plaid confortable pour Teckel, Chien & Chiot\",\"isPartOf\":{\"@id\":\"https:\/\/luciennelaparisienne.fr\/#website\"},\"primaryImageOfPage\":{\"@id\":\"https:\/\/luciennelaparisienne.fr\/produit\/couverture-en-fourrure\/#primaryimage\"},\"image\":{\"@id\":\"https:\/\/luciennelaparisienne.fr\/produit\/couverture-en-fourrure\/#primaryimage\"},\"thumbnailUrl\":\"https:\/\/luciennelaparisienne.fr\/wp-content\/uploads\/2024\/10\/DSC03867-2.jpg\",\"datePublished\":\"2023-12-04T09:11:14+00:00\",\"dateModified\":\"2026-04-20T08:08:10+00:00\",\"description\":\"Magnifiques v\u00eatements & accessoires pour prendre soin de son chien. Produits con\u00e7us pour les teckels 100% artisanaux et fabriqu\u00e9s en France.\",\"breadcrumb\":{\"@id\":\"https:\/\/luciennelaparisienne.fr\/produit\/couverture-en-fourrure\/#breadcrumb\"},\"inLanguage\":\"en-GB\",\"potentialAction\":[{\"@type\":\"ReadAction\",\"target\":[\"https:\/\/luciennelaparisienne.fr\/produit\/couverture-en-fourrure\/\"]}]},{\"@type\":\"ImageObject\",\"inLanguage\":\"en-GB\",\"@id\":\"https:\/\/luciennelaparisienne.fr\/produit\/couverture-en-fourrure\/#primaryimage\",\"url\":\"https:\/\/luciennelaparisienne.fr\/wp-content\/uploads\/2024\/10\/DSC03867-2.jpg\",\"contentUrl\":\"https:\/\/luciennelaparisienne.fr\/wp-content\/uploads\/2024\/10\/DSC03867-2.jpg\",\"width\":757,\"height\":757},{\"@type\":\"BreadcrumbList\",\"@id\":\"https:\/\/luciennelaparisienne.fr\/produit\/couverture-en-fourrure\/#breadcrumb\",\"itemListElement\":[{\"@type\":\"ListItem\",\"position\":1,\"name\":\"Accueil\",\"item\":\"https:\/\/luciennelaparisienne.fr\/\"},{\"@type\":\"ListItem\",\"position\":2,\"name\":\"Boutique\",\"item\":\"https:\/\/luciennelaparisienne.fr\/shop\/\"},{\"@type\":\"ListItem\",\"position\":3,\"name\":\"Couverture en fourrure\"}]},{\"@type\":\"WebSite\",\"@id\":\"https:\/\/luciennelaparisienne.fr\/#website\",\"url\":\"https:\/\/luciennelaparisienne.fr\/\",\"name\":\"Lucienne la Parisienne\",\"description\":\"Produits pour Teckels\",\"potentialAction\":[{\"@type\":\"SearchAction\",\"target\":{\"@type\":\"EntryPoint\",\"urlTemplate\":\"https:\/\/luciennelaparisienne.fr\/?s={search_term_string}\"},\"query-input\":{\"@type\":\"PropertyValueSpecification\",\"valueRequired\":true,\"valueName\":\"search_term_string\"}}],\"inLanguage\":\"en-GB\"}]}<\/script>\n<!-- \/ Yoast SEO plugin. -->","yoast_head_json":{"title":"Couverture Plaid confortable pour Teckel, Chien & Chiot","description":"Magnifiques v\u00eatements & accessoires pour prendre soin de son chien. Produits con\u00e7us pour les teckels 100% artisanaux et fabriqu\u00e9s en France.","robots":{"index":"index","follow":"follow","max-snippet":"max-snippet:-1","max-image-preview":"max-image-preview:large","max-video-preview":"max-video-preview:-1"},"canonical":"https:\/\/luciennelaparisienne.fr\/en\/product\/couverture-en-fourrure\/","og_locale":"en_GB","og_type":"article","og_title":"Couverture Plaid confortable pour Teckel, Chien & Chiot","og_description":"Magnifiques v\u00eatements & accessoires pour prendre soin de son chien. Produits con\u00e7us pour les teckels 100% artisanaux et fabriqu\u00e9s en France.","og_url":"https:\/\/luciennelaparisienne.fr\/en\/product\/couverture-en-fourrure\/","og_site_name":"Lucienne la Parisienne","article_modified_time":"2026-04-20T08:08:10+00:00","og_image":[{"width":757,"height":757,"url":"https:\/\/luciennelaparisienne.fr\/wp-content\/uploads\/2024\/10\/DSC03867-2.jpg","type":"image\/jpeg"}],"twitter_card":"summary_large_image","twitter_misc":{"Estimated reading time":"1 minute"},"schema":{"@context":"https:\/\/schema.org","@graph":[{"@type":"WebPage","@id":"https:\/\/luciennelaparisienne.fr\/produit\/couverture-en-fourrure\/","url":"https:\/\/luciennelaparisienne.fr\/produit\/couverture-en-fourrure\/","name":"Couverture Plaid confortable pour Teckel, Chien & Chiot","isPartOf":{"@id":"https:\/\/luciennelaparisienne.fr\/#website"},"primaryImageOfPage":{"@id":"https:\/\/luciennelaparisienne.fr\/produit\/couverture-en-fourrure\/#primaryimage"},"image":{"@id":"https:\/\/luciennelaparisienne.fr\/produit\/couverture-en-fourrure\/#primaryimage"},"thumbnailUrl":"https:\/\/luciennelaparisienne.fr\/wp-content\/uploads\/2024\/10\/DSC03867-2.jpg","datePublished":"2023-12-04T09:11:14+00:00","dateModified":"2026-04-20T08:08:10+00:00","description":"Magnifiques v\u00eatements & accessoires pour prendre soin de son chien. Produits con\u00e7us pour les teckels 100% artisanaux et fabriqu\u00e9s en France.","breadcrumb":{"@id":"https:\/\/luciennelaparisienne.fr\/produit\/couverture-en-fourrure\/#breadcrumb"},"inLanguage":"en-GB","potentialAction":[{"@type":"ReadAction","target":["https:\/\/luciennelaparisienne.fr\/produit\/couverture-en-fourrure\/"]}]},{"@type":"ImageObject","inLanguage":"en-GB","@id":"https:\/\/luciennelaparisienne.fr\/produit\/couverture-en-fourrure\/#primaryimage","url":"https:\/\/luciennelaparisienne.fr\/wp-content\/uploads\/2024\/10\/DSC03867-2.jpg","contentUrl":"https:\/\/luciennelaparisienne.fr\/wp-content\/uploads\/2024\/10\/DSC03867-2.jpg","width":757,"height":757},{"@type":"BreadcrumbList","@id":"https:\/\/luciennelaparisienne.fr\/produit\/couverture-en-fourrure\/#breadcrumb","itemListElement":[{"@type":"ListItem","position":1,"name":"Accueil","item":"https:\/\/luciennelaparisienne.fr\/"},{"@type":"ListItem","position":2,"name":"Boutique","item":"https:\/\/luciennelaparisienne.fr\/shop\/"},{"@type":"ListItem","position":3,"name":"Couverture en fourrure"}]},{"@type":"WebSite","@id":"https:\/\/luciennelaparisienne.fr\/#website","url":"https:\/\/luciennelaparisienne.fr\/","name":"Lucienne la Parisienne","description":"Produits pour Teckels","potentialAction":[{"@type":"SearchAction","target":{"@type":"EntryPoint","urlTemplate":"https:\/\/luciennelaparisienne.fr\/?s={search_term_string}"},"query-input":{"@type":"PropertyValueSpecification","valueRequired":true,"valueName":"search_term_string"}}],"inLanguage":"en-GB"}]}},"_links":{"self":[{"href":"https:\/\/luciennelaparisienne.fr\/en\/wp-json\/wp\/v2\/product\/5272","targetHints":{"allow":["GET"]}}],"collection":[{"href":"https:\/\/luciennelaparisienne.fr\/en\/wp-json\/wp\/v2\/product"}],"about":[{"href":"https:\/\/luciennelaparisienne.fr\/en\/wp-json\/wp\/v2\/types\/product"}],"replies":[{"embeddable":true,"href":"https:\/\/luciennelaparisienne.fr\/en\/wp-json\/wp\/v2\/comments?post=5272"}],"wp:featuredmedia":[{"embeddable":true,"href":"https:\/\/luciennelaparisienne.fr\/en\/wp-json\/wp\/v2\/media\/12505"}],"wp:attachment":[{"href":"https:\/\/luciennelaparisienne.fr\/en\/wp-json\/wp\/v2\/media?parent=5272"}],"wp:term":[{"taxonomy":"product_brand","embeddable":true,"href":"https:\/\/luciennelaparisienne.fr\/en\/wp-json\/wp\/v2\/product_brand?post=5272"},{"taxonomy":"product_cat","embeddable":true,"href":"https:\/\/luciennelaparisienne.fr\/en\/wp-json\/wp\/v2\/product_cat?post=5272"},{"taxonomy":"product_tag","embeddable":true,"href":"https:\/\/luciennelaparisienne.fr\/en\/wp-json\/wp\/v2\/product_tag?post=5272"}],"curies":[{"name":"wp","href":"https:\/\/api.w.org\/{rel}","templated":true}]}}