{"id":9629,"date":"2024-10-07T17:41:50","date_gmt":"2024-10-07T15:41:50","guid":{"rendered":"https:\/\/luciennelaparisienne.fr\/?post_type=product&#038;p=9629"},"modified":"2026-04-20T12:10:17","modified_gmt":"2026-04-20T10:10:17","slug":"doudoune-edelweiss","status":"publish","type":"product","link":"https:\/\/luciennelaparisienne.fr\/en\/product\/doudoune-edelweiss\/","title":{"rendered":"Doudoune Edelweiss"},"content":{"rendered":"<p><strong>Doudoune Edelweiss<\/strong><br \/>\n<span style=\"font-size: 10pt;\">La doudoune Edelweiss est un manteau \u00e0 la fois chaud, tr\u00e8s l\u00e9ger et imperm\u00e9able. Elle va prot\u00e9ger et chauffer votre teckel pendant les p\u00e9riodes de froid, de temps sec ou de pluie. Le manteau couvre tout le dos et a un col haut autour du cou pour bien garder la chaleur.<\/span><br \/>\n<span style=\"font-size: 10pt;\">The fabric is water-repellent, making the Puppuccino down jacket both warm and perfect for dachshunds who get chilly or love spending their holidays in winter sports! Finally, your dachshund can fully enjoy the snow!<\/span><br \/>\n<span style=\"font-size: 10pt;\">The filling of the Edelweiss down jacket is made from polyester, making it easy and quick to wash and dry. On the inside, it features very soft fleece for added warmth and comfort.<\/span><br \/>\n<span style=\"font-size: 10pt;\">Tr\u00e8s facile \u00e0 mettre, il suffit de la glisser sur la t\u00eate de votre chien. Une ouverture pour le harnais est pr\u00e9vue sur le haut du dos de la doudoune. Il y a une deuxi\u00e8me ouverture pour le collier au niveau de la base du cou. Elle se ferme en boucle avec les sangles r\u00e9glables sur le dos. Il y a deux \u00e9lastiques r\u00e9glables pour fixer le manteau aux pattes pour ceux qui pr\u00e9f\u00e8rent.<\/span><\/p>\n<p><strong>Caracteristics:<\/strong><br \/>\n<span style=\"font-size: 10pt;\">Color options: Red, Black, Navy Blue, Yellow, with black on the underside.<\/span><br \/>\n<span style=\"font-size: 10pt;\">Fabric: 84% Polyester, 16% Polyamide<\/span><\/p>\n<p><strong>Care:<\/strong> <span style=\"font-size: 10pt;\">Hand wash or machine wash at 30\u00b0C. Light spin and drying.<\/span><\/p>\n<p><strong>Available in sizes: <\/strong><span style=\"font-size: 10pt;\">XXS, XS, S, M, L, XL\u00a0<\/span><\/p>\n<p>XXS: Dachshund Kaninchen 3-4 kg<\/p>\n<p>XS: Mini Dachshund 5 kg<\/p>\n<p>S: Miniature Dachshund 6-7 kg<\/p>\n<p>M: Standard Dachshund 8\u20138.5 kg<\/p>\n<p>L: Large Standard Dachshund 9\u201310 kg<\/p>\n<p>XL: Large Standard Dachshund 10\u202fkg+<\/p>\n<p>It is possible to order custom-made items in the color of your choice. Thank you for <a href=\"https:\/\/luciennelaparisienne.fr\/contactez-nous\/\"><strong>contacting us via the Contact section<\/strong><\/a>.<\/p>\n<p><strong>Custom manufacturing is done after payment and takes approximately two weeks.<\/strong><\/p>","protected":false},"excerpt":{"rendered":"<p>Doudoune Edelweiss La doudoune Edelweiss est un manteau \u00e0 la fois chaud, tr\u00e8s l\u00e9ger et imperm\u00e9able. Elle va prot\u00e9ger et chauffer votre teckel pendant les p\u00e9riodes de froid, de temps sec ou de pluie. Le manteau couvre tout le dos et a un col haut autour du cou pour bien [&hellip;]<\/p>","protected":false},"featured_media":15753,"comment_status":"open","ping_status":"closed","template":"","meta":{"inline_featured_image":false},"product_brand":[],"product_cat":[203,70,72,153],"product_tag":[],"class_list":{"0":"post-9629","1":"product","2":"type-product","3":"status-publish","4":"has-post-thumbnail","6":"product_cat-fin-de-collection","7":"product_cat-pour-nos-teckels","8":"product_cat-pour-shabiller","9":"product_cat-vetements","11":"first","12":"instock","13":"featured","14":"taxable","15":"shipping-taxable","16":"purchasable","17":"product-type-variable","18":"has-default-attributes"},"yoast_head":"<!-- This site is optimized with the Yoast SEO plugin v26.6 - https:\/\/yoast.com\/wordpress\/plugins\/seo\/ -->\n<title>Doudoune Edelweiss - Lucienne la Parisienne<\/title>\n<meta name=\"robots\" content=\"index, follow, max-snippet:-1, max-image-preview:large, max-video-preview:-1\" \/>\n<link rel=\"canonical\" href=\"https:\/\/luciennelaparisienne.fr\/en\/product\/doudoune-edelweiss\/\" \/>\n<meta property=\"og:locale\" content=\"en_GB\" \/>\n<meta property=\"og:type\" content=\"article\" \/>\n<meta property=\"og:title\" content=\"Doudoune Edelweiss - Lucienne la Parisienne\" \/>\n<meta property=\"og:description\" content=\"Doudoune Edelweiss La doudoune Edelweiss est un manteau \u00e0 la fois chaud, tr\u00e8s l\u00e9ger et imperm\u00e9able. Elle va prot\u00e9ger et chauffer votre teckel pendant les p\u00e9riodes de froid, de temps sec ou de pluie. Le manteau couvre tout le dos et a un col haut autour du cou pour bien [&hellip;]\" \/>\n<meta property=\"og:url\" content=\"https:\/\/luciennelaparisienne.fr\/en\/product\/doudoune-edelweiss\/\" \/>\n<meta property=\"og:site_name\" content=\"Lucienne la Parisienne\" \/>\n<meta property=\"article:modified_time\" content=\"2026-04-20T10:10:17+00:00\" \/>\n<meta property=\"og:image\" content=\"https:\/\/luciennelaparisienne.fr\/wp-content\/uploads\/2024\/10\/IMG_4612.webp\" \/>\n\t<meta property=\"og:image:width\" content=\"600\" \/>\n\t<meta property=\"og:image:height\" content=\"600\" \/>\n\t<meta property=\"og:image:type\" content=\"image\/webp\" \/>\n<meta name=\"twitter:card\" content=\"summary_large_image\" \/>\n<meta name=\"twitter:label1\" content=\"Estimated reading time\" \/>\n\t<meta name=\"twitter:data1\" content=\"2 minutes\" \/>\n<script type=\"application\/ld+json\" class=\"yoast-schema-graph\">{\"@context\":\"https:\/\/schema.org\",\"@graph\":[{\"@type\":\"WebPage\",\"@id\":\"https:\/\/luciennelaparisienne.fr\/produit\/doudoune-edelweiss\/\",\"url\":\"https:\/\/luciennelaparisienne.fr\/produit\/doudoune-edelweiss\/\",\"name\":\"Doudoune Edelweiss - Lucienne la Parisienne\",\"isPartOf\":{\"@id\":\"https:\/\/luciennelaparisienne.fr\/#website\"},\"primaryImageOfPage\":{\"@id\":\"https:\/\/luciennelaparisienne.fr\/produit\/doudoune-edelweiss\/#primaryimage\"},\"image\":{\"@id\":\"https:\/\/luciennelaparisienne.fr\/produit\/doudoune-edelweiss\/#primaryimage\"},\"thumbnailUrl\":\"https:\/\/luciennelaparisienne.fr\/wp-content\/uploads\/2024\/10\/IMG_4612.webp\",\"datePublished\":\"2024-10-07T15:41:50+00:00\",\"dateModified\":\"2026-04-20T10:10:17+00:00\",\"breadcrumb\":{\"@id\":\"https:\/\/luciennelaparisienne.fr\/produit\/doudoune-edelweiss\/#breadcrumb\"},\"inLanguage\":\"en-GB\",\"potentialAction\":[{\"@type\":\"ReadAction\",\"target\":[\"https:\/\/luciennelaparisienne.fr\/produit\/doudoune-edelweiss\/\"]}]},{\"@type\":\"ImageObject\",\"inLanguage\":\"en-GB\",\"@id\":\"https:\/\/luciennelaparisienne.fr\/produit\/doudoune-edelweiss\/#primaryimage\",\"url\":\"https:\/\/luciennelaparisienne.fr\/wp-content\/uploads\/2024\/10\/IMG_4612.webp\",\"contentUrl\":\"https:\/\/luciennelaparisienne.fr\/wp-content\/uploads\/2024\/10\/IMG_4612.webp\",\"width\":600,\"height\":600},{\"@type\":\"BreadcrumbList\",\"@id\":\"https:\/\/luciennelaparisienne.fr\/produit\/doudoune-edelweiss\/#breadcrumb\",\"itemListElement\":[{\"@type\":\"ListItem\",\"position\":1,\"name\":\"Accueil\",\"item\":\"https:\/\/luciennelaparisienne.fr\/\"},{\"@type\":\"ListItem\",\"position\":2,\"name\":\"Boutique\",\"item\":\"https:\/\/luciennelaparisienne.fr\/shop\/\"},{\"@type\":\"ListItem\",\"position\":3,\"name\":\"Doudoune Edelweiss\"}]},{\"@type\":\"WebSite\",\"@id\":\"https:\/\/luciennelaparisienne.fr\/#website\",\"url\":\"https:\/\/luciennelaparisienne.fr\/\",\"name\":\"Lucienne la Parisienne\",\"description\":\"Produits pour Teckels\",\"potentialAction\":[{\"@type\":\"SearchAction\",\"target\":{\"@type\":\"EntryPoint\",\"urlTemplate\":\"https:\/\/luciennelaparisienne.fr\/?s={search_term_string}\"},\"query-input\":{\"@type\":\"PropertyValueSpecification\",\"valueRequired\":true,\"valueName\":\"search_term_string\"}}],\"inLanguage\":\"en-GB\"}]}<\/script>\n<!-- \/ Yoast SEO plugin. -->","yoast_head_json":{"title":"Doudoune Edelweiss - Lucienne la Parisienne","robots":{"index":"index","follow":"follow","max-snippet":"max-snippet:-1","max-image-preview":"max-image-preview:large","max-video-preview":"max-video-preview:-1"},"canonical":"https:\/\/luciennelaparisienne.fr\/en\/product\/doudoune-edelweiss\/","og_locale":"en_GB","og_type":"article","og_title":"Doudoune Edelweiss - Lucienne la Parisienne","og_description":"Doudoune Edelweiss La doudoune Edelweiss est un manteau \u00e0 la fois chaud, tr\u00e8s l\u00e9ger et imperm\u00e9able. Elle va prot\u00e9ger et chauffer votre teckel pendant les p\u00e9riodes de froid, de temps sec ou de pluie. Le manteau couvre tout le dos et a un col haut autour du cou pour bien [&hellip;]","og_url":"https:\/\/luciennelaparisienne.fr\/en\/product\/doudoune-edelweiss\/","og_site_name":"Lucienne la Parisienne","article_modified_time":"2026-04-20T10:10:17+00:00","og_image":[{"width":600,"height":600,"url":"https:\/\/luciennelaparisienne.fr\/wp-content\/uploads\/2024\/10\/IMG_4612.webp","type":"image\/webp"}],"twitter_card":"summary_large_image","twitter_misc":{"Estimated reading time":"2 minutes"},"schema":{"@context":"https:\/\/schema.org","@graph":[{"@type":"WebPage","@id":"https:\/\/luciennelaparisienne.fr\/produit\/doudoune-edelweiss\/","url":"https:\/\/luciennelaparisienne.fr\/produit\/doudoune-edelweiss\/","name":"Doudoune Edelweiss - Lucienne la Parisienne","isPartOf":{"@id":"https:\/\/luciennelaparisienne.fr\/#website"},"primaryImageOfPage":{"@id":"https:\/\/luciennelaparisienne.fr\/produit\/doudoune-edelweiss\/#primaryimage"},"image":{"@id":"https:\/\/luciennelaparisienne.fr\/produit\/doudoune-edelweiss\/#primaryimage"},"thumbnailUrl":"https:\/\/luciennelaparisienne.fr\/wp-content\/uploads\/2024\/10\/IMG_4612.webp","datePublished":"2024-10-07T15:41:50+00:00","dateModified":"2026-04-20T10:10:17+00:00","breadcrumb":{"@id":"https:\/\/luciennelaparisienne.fr\/produit\/doudoune-edelweiss\/#breadcrumb"},"inLanguage":"en-GB","potentialAction":[{"@type":"ReadAction","target":["https:\/\/luciennelaparisienne.fr\/produit\/doudoune-edelweiss\/"]}]},{"@type":"ImageObject","inLanguage":"en-GB","@id":"https:\/\/luciennelaparisienne.fr\/produit\/doudoune-edelweiss\/#primaryimage","url":"https:\/\/luciennelaparisienne.fr\/wp-content\/uploads\/2024\/10\/IMG_4612.webp","contentUrl":"https:\/\/luciennelaparisienne.fr\/wp-content\/uploads\/2024\/10\/IMG_4612.webp","width":600,"height":600},{"@type":"BreadcrumbList","@id":"https:\/\/luciennelaparisienne.fr\/produit\/doudoune-edelweiss\/#breadcrumb","itemListElement":[{"@type":"ListItem","position":1,"name":"Accueil","item":"https:\/\/luciennelaparisienne.fr\/"},{"@type":"ListItem","position":2,"name":"Boutique","item":"https:\/\/luciennelaparisienne.fr\/shop\/"},{"@type":"ListItem","position":3,"name":"Doudoune Edelweiss"}]},{"@type":"WebSite","@id":"https:\/\/luciennelaparisienne.fr\/#website","url":"https:\/\/luciennelaparisienne.fr\/","name":"Lucienne la Parisienne","description":"Produits pour Teckels","potentialAction":[{"@type":"SearchAction","target":{"@type":"EntryPoint","urlTemplate":"https:\/\/luciennelaparisienne.fr\/?s={search_term_string}"},"query-input":{"@type":"PropertyValueSpecification","valueRequired":true,"valueName":"search_term_string"}}],"inLanguage":"en-GB"}]}},"_links":{"self":[{"href":"https:\/\/luciennelaparisienne.fr\/en\/wp-json\/wp\/v2\/product\/9629","targetHints":{"allow":["GET"]}}],"collection":[{"href":"https:\/\/luciennelaparisienne.fr\/en\/wp-json\/wp\/v2\/product"}],"about":[{"href":"https:\/\/luciennelaparisienne.fr\/en\/wp-json\/wp\/v2\/types\/product"}],"replies":[{"embeddable":true,"href":"https:\/\/luciennelaparisienne.fr\/en\/wp-json\/wp\/v2\/comments?post=9629"}],"wp:featuredmedia":[{"embeddable":true,"href":"https:\/\/luciennelaparisienne.fr\/en\/wp-json\/wp\/v2\/media\/15753"}],"wp:attachment":[{"href":"https:\/\/luciennelaparisienne.fr\/en\/wp-json\/wp\/v2\/media?parent=9629"}],"wp:term":[{"taxonomy":"product_brand","embeddable":true,"href":"https:\/\/luciennelaparisienne.fr\/en\/wp-json\/wp\/v2\/product_brand?post=9629"},{"taxonomy":"product_cat","embeddable":true,"href":"https:\/\/luciennelaparisienne.fr\/en\/wp-json\/wp\/v2\/product_cat?post=9629"},{"taxonomy":"product_tag","embeddable":true,"href":"https:\/\/luciennelaparisienne.fr\/en\/wp-json\/wp\/v2\/product_tag?post=9629"}],"curies":[{"name":"wp","href":"https:\/\/api.w.org\/{rel}","templated":true}]}}