{"id":3,"date":"2023-08-24T12:56:18","date_gmt":"2023-08-24T10:56:18","guid":{"rendered":"https:\/\/luciennelaparisienne.fr\/?page_id=3"},"modified":"2023-10-23T12:08:58","modified_gmt":"2023-10-23T10:08:58","slug":"politique-de-confidentialite","status":"publish","type":"page","link":"https:\/\/luciennelaparisienne.fr\/it\/politique-de-confidentialite\/","title":{"rendered":"Politica sulla privacy"},"content":{"rendered":"<div class=\"wpb-content-wrapper\"><div  class=\"sec_row container\"><div class=\"vc_row wpb_row vc_row-fluid\"><div class=\"wpb_column vc_column_container vc_col-sm-12 et-dark-column\"><div class=\"vc_column-inner\"><div class=\"wpb_wrapper\">\n\t<div class=\"wpb_text_column wpb_content_element\" >\n\t\t<div class=\"wpb_wrapper\">\n\t\t\t<h2>Utilizzo dei dati personali<\/h2>\n<p>Quando lasci un commento sul nostro sito web, i dati inseriti nel modulo di commento, cos\u00ec come il tuo indirizzo IP e l'agent user del tuo browser vengono raccolti per aiutarci a rilevare i commenti indesiderati.<\/p>\n<p>Dopo la convalida del tuo commento, la tua foto del profilo sar\u00e0 visibile pubblicamente accanto al tuo commento.<\/p>\n<h2>Cookies<\/h2>\n<p>Se lasci un commento sul nostro sito, ti verr\u00e0 chiesto di salvare il tuo nome, indirizzo email e sito web nei cookie. Questo \u00e8 solo per la tua comodit\u00e0, in modo da non dover inserire nuovamente queste informazioni se lasci un altro commento in futuro. Questi cookie scadono dopo un anno.<\/p>\n<p>Se hai un account e accedi a questo sito, verr\u00e0 creato un cookie temporaneo per determinare se il tuo browser accetta i cookie. Non contiene dati personali e verr\u00e0 eliminato automaticamente quando chiudi il tuo browser.<\/p>\n<p>Quando effettuerai l'accesso, imposteremo una serie di cookie per registrare le tue informazioni di accesso e le preferenze di visualizzazione. La durata di un cookie di accesso \u00e8 di due giorni, mentre quella di un cookie di opzioni di visualizzazione \u00e8 di un anno. Se selezioni \"Ricordami\", il tuo cookie di accesso sar\u00e0 conservato per due settimane. Se esci dal tuo account, il cookie di accesso verr\u00e0 eliminato.<\/p>\n<p>Modificando o pubblicando un articolo, verr\u00e0 salvato un ulteriore cookie nel tuo browser. Questo cookie non contiene dati personali. Indica semplicemente l'ID dell'articolo che hai appena modificato. Scadr\u00e0 dopo un giorno.<\/p>\n<h2>Il contenuto incorporato da altri siti web<\/h2>\n<p>Gli articoli su questo sito possono includere contenuti incorporati (ad esempio, video, immagini, articoli, ecc.). Il contenuto incorporato da altri siti web si comporta esattamente come se il visitatore visitasse direttamente l'altro sito.<\/p>\n<p>Questi siti web potrebbero raccogliere dati su di te, utilizzare cookie, incorporare strumenti di monitoraggio di terze parti e seguire le tue interazioni con questi contenuti incorporati se hai un account connesso al loro sito web.<\/p>\n<p>Statistiche e misurazioni del pubblico<\/p>\n<h2>Utilizzo e trasmissione dei tuoi dati personali<\/h2>\n<h3>Durata di conservazione dei tuoi dati<\/h3>\n<p>Se lasci un commento, il commento e i suoi metadati vengono conservati indefinitamente. Questo permette di riconoscere e approvare automaticamente i commenti successivi invece di lasciarli in coda per la moderazione.<\/p>\n<p>Per gli utenti e le utenti che si registrano sul nostro sito (se possibile), memorizziamo anche i dati personali indicati nel loro profilo. Tutti gli utenti e le utenti possono visualizzare, modificare o eliminare le loro informazioni personali in qualsiasi momento (ad eccezione del loro nome utente). I gestori del sito possono anche visualizzare e modificare queste informazioni.<\/p>\n<h3>I diritti che avete sui vostri dati<\/h3>\n<p>Se avete un account o se avete lasciato dei commenti sul sito, potete richiedere di ricevere un file contenente tutti i dati personali che possediamo su di voi, inclusi quelli che ci avete fornito. Potete anche richiedere la cancellazione dei dati personali che vi riguardano. Questo non include i dati archiviati per scopi amministrativi, legali o per motivi di sicurezza.<\/p>\n<h3>La trasmissione dei vostri dati personali<\/h3>\n<p>I commenti dei visitatori possono essere verificati tramite un servizio automatizzato di rilevamento dei commenti indesiderati<\/p>\n\n\t\t<\/div>\n\t<\/div>\n<\/div><\/div><\/div><\/div><\/div>\n<\/div>","protected":false},"excerpt":{"rendered":"Utilisation des donn\u00e9es personnelles Quand vous laissez un commentaire sur notre site web, les donn\u00e9es inscrites dans le formulaire de commentaire, mais aussi votre adresse IP et l\u2019agent utilisateur de votre navigateur sont collect\u00e9s pour nous aider \u00e0 la d\u00e9tection des commentaires ind\u00e9sirables. Apr\u00e8s validation de votre commentaire, votre photo [...]","protected":false},"author":1,"featured_media":0,"parent":0,"menu_order":0,"comment_status":"closed","ping_status":"open","template":"","meta":{"inline_featured_image":false,"footnotes":""},"class_list":["post-3","page","type-page","status-publish","hentry"],"yoast_head":"<!-- This site is optimized with the Yoast SEO plugin v26.6 - https:\/\/yoast.com\/wordpress\/plugins\/seo\/ -->\n<title>Politique de confidentialit\u00e9 - Lucienne la Parisienne<\/title>\n<meta name=\"robots\" content=\"noindex, nofollow\" \/>\n<meta property=\"og:locale\" content=\"it_IT\" \/>\n<meta property=\"og:type\" content=\"article\" \/>\n<meta property=\"og:title\" content=\"Politique de confidentialit\u00e9 - Lucienne la Parisienne\" \/>\n<meta property=\"og:url\" content=\"https:\/\/luciennelaparisienne.fr\/it\/politique-de-confidentialite\/\" \/>\n<meta property=\"og:site_name\" content=\"Lucienne la Parisienne\" \/>\n<meta property=\"article:modified_time\" content=\"2023-10-23T10:08:58+00:00\" \/>\n<meta name=\"twitter:card\" content=\"summary_large_image\" \/>\n<meta name=\"twitter:label1\" content=\"Tempo di lettura stimato\" \/>\n\t<meta name=\"twitter:data1\" content=\"3 minuti\" \/>\n<script type=\"application\/ld+json\" class=\"yoast-schema-graph\">{\"@context\":\"https:\/\/schema.org\",\"@graph\":[{\"@type\":\"WebPage\",\"@id\":\"https:\/\/luciennelaparisienne.fr\/politique-de-confidentialite\/\",\"url\":\"https:\/\/luciennelaparisienne.fr\/politique-de-confidentialite\/\",\"name\":\"Politique de confidentialit\u00e9 - Lucienne la Parisienne\",\"isPartOf\":{\"@id\":\"https:\/\/luciennelaparisienne.fr\/#website\"},\"datePublished\":\"2023-08-24T10:56:18+00:00\",\"dateModified\":\"2023-10-23T10:08:58+00:00\",\"breadcrumb\":{\"@id\":\"https:\/\/luciennelaparisienne.fr\/politique-de-confidentialite\/#breadcrumb\"},\"inLanguage\":\"it-IT\",\"potentialAction\":[{\"@type\":\"ReadAction\",\"target\":[\"https:\/\/luciennelaparisienne.fr\/politique-de-confidentialite\/\"]}]},{\"@type\":\"BreadcrumbList\",\"@id\":\"https:\/\/luciennelaparisienne.fr\/politique-de-confidentialite\/#breadcrumb\",\"itemListElement\":[{\"@type\":\"ListItem\",\"position\":1,\"name\":\"Accueil\",\"item\":\"https:\/\/luciennelaparisienne.fr\/\"},{\"@type\":\"ListItem\",\"position\":2,\"name\":\"Politique de confidentialit\u00e9\"}]},{\"@type\":\"WebSite\",\"@id\":\"https:\/\/luciennelaparisienne.fr\/#website\",\"url\":\"https:\/\/luciennelaparisienne.fr\/\",\"name\":\"Lucienne la Parisienne\",\"description\":\"Produits pour Teckels\",\"potentialAction\":[{\"@type\":\"SearchAction\",\"target\":{\"@type\":\"EntryPoint\",\"urlTemplate\":\"https:\/\/luciennelaparisienne.fr\/?s={search_term_string}\"},\"query-input\":{\"@type\":\"PropertyValueSpecification\",\"valueRequired\":true,\"valueName\":\"search_term_string\"}}],\"inLanguage\":\"it-IT\"}]}<\/script>\n<!-- \/ Yoast SEO plugin. -->","yoast_head_json":{"title":"Politique de confidentialit\u00e9 - Lucienne la Parisienne","robots":{"index":"noindex","follow":"nofollow"},"og_locale":"it_IT","og_type":"article","og_title":"Politique de confidentialit\u00e9 - Lucienne la Parisienne","og_url":"https:\/\/luciennelaparisienne.fr\/it\/politique-de-confidentialite\/","og_site_name":"Lucienne la Parisienne","article_modified_time":"2023-10-23T10:08:58+00:00","twitter_card":"summary_large_image","twitter_misc":{"Tempo di lettura stimato":"3 minuti"},"schema":{"@context":"https:\/\/schema.org","@graph":[{"@type":"WebPage","@id":"https:\/\/luciennelaparisienne.fr\/politique-de-confidentialite\/","url":"https:\/\/luciennelaparisienne.fr\/politique-de-confidentialite\/","name":"Politique de confidentialit\u00e9 - Lucienne la Parisienne","isPartOf":{"@id":"https:\/\/luciennelaparisienne.fr\/#website"},"datePublished":"2023-08-24T10:56:18+00:00","dateModified":"2023-10-23T10:08:58+00:00","breadcrumb":{"@id":"https:\/\/luciennelaparisienne.fr\/politique-de-confidentialite\/#breadcrumb"},"inLanguage":"it-IT","potentialAction":[{"@type":"ReadAction","target":["https:\/\/luciennelaparisienne.fr\/politique-de-confidentialite\/"]}]},{"@type":"BreadcrumbList","@id":"https:\/\/luciennelaparisienne.fr\/politique-de-confidentialite\/#breadcrumb","itemListElement":[{"@type":"ListItem","position":1,"name":"Accueil","item":"https:\/\/luciennelaparisienne.fr\/"},{"@type":"ListItem","position":2,"name":"Politique de confidentialit\u00e9"}]},{"@type":"WebSite","@id":"https:\/\/luciennelaparisienne.fr\/#website","url":"https:\/\/luciennelaparisienne.fr\/","name":"Lucienne la Parisienne","description":"Produits pour Teckels","potentialAction":[{"@type":"SearchAction","target":{"@type":"EntryPoint","urlTemplate":"https:\/\/luciennelaparisienne.fr\/?s={search_term_string}"},"query-input":{"@type":"PropertyValueSpecification","valueRequired":true,"valueName":"search_term_string"}}],"inLanguage":"it-IT"}]}},"_links":{"self":[{"href":"https:\/\/luciennelaparisienne.fr\/it\/wp-json\/wp\/v2\/pages\/3","targetHints":{"allow":["GET"]}}],"collection":[{"href":"https:\/\/luciennelaparisienne.fr\/it\/wp-json\/wp\/v2\/pages"}],"about":[{"href":"https:\/\/luciennelaparisienne.fr\/it\/wp-json\/wp\/v2\/types\/page"}],"author":[{"embeddable":true,"href":"https:\/\/luciennelaparisienne.fr\/it\/wp-json\/wp\/v2\/users\/1"}],"replies":[{"embeddable":true,"href":"https:\/\/luciennelaparisienne.fr\/it\/wp-json\/wp\/v2\/comments?post=3"}],"version-history":[{"count":2,"href":"https:\/\/luciennelaparisienne.fr\/it\/wp-json\/wp\/v2\/pages\/3\/revisions"}],"predecessor-version":[{"id":5720,"href":"https:\/\/luciennelaparisienne.fr\/it\/wp-json\/wp\/v2\/pages\/3\/revisions\/5720"}],"wp:attachment":[{"href":"https:\/\/luciennelaparisienne.fr\/it\/wp-json\/wp\/v2\/media?parent=3"}],"curies":[{"name":"wp","href":"https:\/\/api.w.org\/{rel}","templated":true}]}}