{"id":3533,"date":"2023-08-29T21:03:31","date_gmt":"2023-08-29T19:03:31","guid":{"rendered":"https:\/\/luciennelaparisienne.fr\/?page_id=3533"},"modified":"2023-08-30T14:59:40","modified_gmt":"2023-08-30T12:59:40","slug":"presentation","status":"publish","type":"page","link":"https:\/\/luciennelaparisienne.fr\/it\/presentation\/","title":{"rendered":"Pr\u00e9sentation"},"content":{"rendered":"<div class=\"wpb-content-wrapper\"><div  class=\"sec_row container\"><div class=\"vc_row wpb_row vc_row-fluid\"><div class=\"wpb_column vc_column_container vc_col-sm-12 et-dark-column\"><div class=\"vc_column-inner\"><div class=\"wpb_wrapper\"><div class=\"vc_row wpb_row vc_inner vc_row-fluid max_width align-center vc_row-o-content-middle vc_row-flex\"><div class=\"wpb_column vc_column_container vc_col-sm-6 et-dark-column\"><div class=\"vc_column-inner\"><div class=\"wpb_wrapper\">\t<div class=\"et-image-591 et-image     et_image_link\">\n\t\t<div class=\"et-image-inner\">\n\t\t\t\t\t\t\t<div class=\"et-image-thumb\">\n\t\t\t\t\t<img loading=\"lazy\" decoding=\"async\" width=\"550\" height=\"666\" src=\"https:\/\/luciennelaparisienne.fr\/wp-content\/uploads\/2023\/08\/presentation1-min.jpg\" class=\"attachment-full\" alt=\"\" title=\"\" srcset=\"https:\/\/luciennelaparisienne.fr\/wp-content\/uploads\/2023\/08\/presentation1-min.jpg 550w, https:\/\/luciennelaparisienne.fr\/wp-content\/uploads\/2023\/08\/presentation1-min-248x300.jpg 248w, https:\/\/luciennelaparisienne.fr\/wp-content\/uploads\/2023\/08\/presentation1-min-124x150.jpg 124w, https:\/\/luciennelaparisienne.fr\/wp-content\/uploads\/2023\/08\/presentation1-min-450x545.jpg 450w\" sizes=\"auto, (max-width: 550px) 100vw, 550px\" \/>\t\t\t\t<\/div>\n\t\t\t\t\t\t\t\t\t\t\t<\/div>\n\t<\/div>\n  <\/div><\/div><\/div><div class=\"wpb_column vc_column_container vc_col-sm-6 et-dark-column\"><div class=\"vc_column-inner\"><div class=\"wpb_wrapper\">\n\t<div  class=\"wpb_single_image wpb_content_element vc_align_left wpb_content_element  phrase\">\n\t\t\n\t\t<figure class=\"wpb_wrapper vc_figure\">\n\t\t\t<div class=\"vc_single_image-wrapper   vc_box_border_grey\"><img loading=\"lazy\" decoding=\"async\" width=\"1\" height=\"1\" src=\"https:\/\/luciennelaparisienne.fr\/wp-content\/uploads\/2023\/08\/phrase.svg\" class=\"vc_single_image-img attachment-full\" alt=\"\" title=\"\" \/><\/div>\n\t\t<\/figure>\n\t<\/div>\n\n\t<div class=\"wpb_text_column wpb_content_element\" >\n\t\t<div class=\"wpb_wrapper\">\n\t\t\t<p>Tutta la mia vita, sono stata appassionata di cani, tanto che la mia prima parola \u00e8 stato il nome della mia cagnolina. Amo particolarmente i bassotti, per la loro grande personalit\u00e0 nonostante la loro piccola taglia.<\/p>\n<p>Lucienne est un teckel nain poil ras. Quand Lucienne est arriv\u00e9e dans notre famille, elle est devenue toute de suite l\u2019inspiration pour tout le monde\u00a0: les enfants bricolaient pour elle, la dessinaient, inventaient des histoires.<\/p>\n<p>Per il bene del nostro amore a quattro zampe, ho cercato i prodotti necessari ma non riuscivo a trovare ci\u00f2 di cui avevo bisogno. Cos\u00ec, ho deciso di creare io stessa i prodotti progettati appositamente per i bassotti e le loro necessit\u00e0.<\/p>\n\n\t\t<\/div>\n\t<\/div>\n<\/div><\/div><\/div><\/div><div class=\"vc_row wpb_row vc_inner vc_row-fluid max_width align-center vc_row-o-content-middle vc_row-flex\"><div class=\"wpb_column vc_column_container vc_col-sm-6 et-dark-column\"><div class=\"vc_column-inner\"><div class=\"wpb_wrapper\">\n\t<div class=\"wpb_text_column wpb_content_element\" >\n\t\t<div class=\"wpb_wrapper\">\n\t\t\t<p>Il 14 febbraio 2023, mi sono fatta il regalo dell'amore: ho registrato il marchio Lucienne la Parisienne, il cui logo \u00e8 stato disegnato da mia figlia di 9 anni.<\/p>\n<p>Aujourd\u2019hui, je suis ravie de partager avec vous mes connaissances de cette belle race et vous propose les produits pour vos teckels qui peuvent aller et pour d\u2019autres chiens aussi\u00a0! L\u2019objectif que nous soyons tous heureux\u00a0!<\/p>\n<p>Viktoriya, la \u00ab mamma \u00bb di Lucienne e creatrice del marchio Lucienne la Parisienne.<\/p>\n\n\t\t<\/div>\n\t<\/div>\n<\/div><\/div><\/div><div class=\"wpb_column vc_column_container vc_col-sm-6 et-dark-column\"><div class=\"vc_column-inner\"><div class=\"wpb_wrapper\">\t<div class=\"et-image-806 et-image     et_image_link\">\n\t\t<div class=\"et-image-inner\">\n\t\t\t\t\t\t\t<div class=\"et-image-thumb\">\n\t\t\t\t\t<img loading=\"lazy\" decoding=\"async\" width=\"1627\" height=\"1636\" src=\"https:\/\/luciennelaparisienne.fr\/wp-content\/uploads\/2023\/08\/presentation2-min.jpg\" class=\"attachment-full\" alt=\"\" title=\"\" srcset=\"https:\/\/luciennelaparisienne.fr\/wp-content\/uploads\/2023\/08\/presentation2-min.jpg 1627w, https:\/\/luciennelaparisienne.fr\/wp-content\/uploads\/2023\/08\/presentation2-min-600x603.jpg 600w, https:\/\/luciennelaparisienne.fr\/wp-content\/uploads\/2023\/08\/presentation2-min-100x100.jpg 100w, https:\/\/luciennelaparisienne.fr\/wp-content\/uploads\/2023\/08\/presentation2-min-900x905.jpg 900w, https:\/\/luciennelaparisienne.fr\/wp-content\/uploads\/2023\/08\/presentation2-min-298x300.jpg 298w, https:\/\/luciennelaparisienne.fr\/wp-content\/uploads\/2023\/08\/presentation2-min-1018x1024.jpg 1018w, https:\/\/luciennelaparisienne.fr\/wp-content\/uploads\/2023\/08\/presentation2-min-150x150.jpg 150w, https:\/\/luciennelaparisienne.fr\/wp-content\/uploads\/2023\/08\/presentation2-min-768x772.jpg 768w, https:\/\/luciennelaparisienne.fr\/wp-content\/uploads\/2023\/08\/presentation2-min-1528x1536.jpg 1528w, https:\/\/luciennelaparisienne.fr\/wp-content\/uploads\/2023\/08\/presentation2-min-50x50.jpg 50w\" sizes=\"auto, (max-width: 1627px) 100vw, 1627px\" \/>\t\t\t\t<\/div>\n\t\t\t\t\t\t\t\t\t\t\t<\/div>\n\t<\/div>\n  <\/div><\/div><\/div><\/div><div class=\"vc_row wpb_row vc_inner vc_row-fluid max_width\"><div class=\"wpb_column vc_column_container vc_col-sm-12 et-dark-column\"><div class=\"vc_column-inner\"><div class=\"wpb_wrapper\"><div class=\"vc_empty_space\"   style=\"height: 55px\"><span class=\"vc_empty_space_inner\"><\/span><\/div>\t<div id=\"et-image-slider-556\" class=\"et-image-slider slick slick-slider slick-dotted slick-dots-centered centered mfp-gallery\" data-adaptive-height=\"false\" variable-width=\"true\" data-pagination=\"true\" data-navigation=\"\" data-center=\"\" data-fade=\"\" data-columns=\"5\" data-infinite=\"true\" data-autoplay=\"true\" data-autoplay-speed=\"3000\" data-pause=\"\">\n\t\t\n\t\t\t\t\t<div class=\"gallery-item\">\n\t\t\t\t\t\t<a href=\"https:\/\/luciennelaparisienne.fr\/wp-content\/uploads\/2023\/08\/04-min-1.jpg\">\t\t\t\t\t\t\t<div class=\"et-image-inner\">\n\t\t\t\t\t\t\t\t<div class=\"et_image_slider-wrapper\"><img decoding=\"async\" class=\"et_image_slider-img\" src=\"https:\/\/luciennelaparisienne.fr\/wp-content\/uploads\/2023\/08\/04-min-1-500x500.jpg\" width=\"500\" height=\"500\" alt=\"\" title=\"\" loading=\"lazy\" \/><\/div>\t\t\t\t\t\t\t\t\t\t\t\t\t\t\t\t\t\t\t\t\t\t\t<\/div>\n\t\t\t\t\t\t<\/a>\t\t\t\t\t<\/div>\n\t\t\t\t\n\t\t\t\t\n\t\t\t\t\t<div class=\"gallery-item\">\n\t\t\t\t\t\t<a href=\"https:\/\/luciennelaparisienne.fr\/wp-content\/uploads\/2023\/08\/02-min-1.jpeg\">\t\t\t\t\t\t\t<div class=\"et-image-inner\">\n\t\t\t\t\t\t\t\t<div class=\"et_image_slider-wrapper\"><img decoding=\"async\" class=\"et_image_slider-img\" src=\"https:\/\/luciennelaparisienne.fr\/wp-content\/uploads\/2023\/08\/02-min-1-500x500.jpeg\" width=\"500\" height=\"500\" alt=\"\" title=\"\" loading=\"lazy\" \/><\/div>\t\t\t\t\t\t\t\t\t\t\t\t\t\t\t\t\t\t\t\t\t\t\t<\/div>\n\t\t\t\t\t\t<\/a>\t\t\t\t\t<\/div>\n\t\t\t\t\n\t\t\t\t\n\t\t\t\t\t<div class=\"gallery-item\">\n\t\t\t\t\t\t<a href=\"https:\/\/luciennelaparisienne.fr\/wp-content\/uploads\/2023\/08\/9Q8A6297-scaled-1.jpeg\">\t\t\t\t\t\t\t<div class=\"et-image-inner\">\n\t\t\t\t\t\t\t\t<div class=\"et_image_slider-wrapper\"><img decoding=\"async\" class=\"et_image_slider-img\" src=\"https:\/\/luciennelaparisienne.fr\/wp-content\/uploads\/2023\/08\/9Q8A6297-scaled-1-500x500.jpeg\" width=\"500\" height=\"500\" alt=\"\" title=\"\" loading=\"lazy\" \/><\/div>\t\t\t\t\t\t\t\t\t\t\t\t\t\t\t\t\t\t\t\t\t\t\t<\/div>\n\t\t\t\t\t\t<\/a>\t\t\t\t\t<\/div>\n\t\t\t\t\n\t\t\t\t\n\t\t\t\t\t<div class=\"gallery-item\">\n\t\t\t\t\t\t<a href=\"https:\/\/luciennelaparisienne.fr\/wp-content\/uploads\/2023\/08\/03-min.jpg\">\t\t\t\t\t\t\t<div class=\"et-image-inner\">\n\t\t\t\t\t\t\t\t<div class=\"et_image_slider-wrapper\"><img decoding=\"async\" class=\"et_image_slider-img\" src=\"https:\/\/luciennelaparisienne.fr\/wp-content\/uploads\/2023\/08\/03-min-500x500.jpg\" width=\"500\" height=\"500\" alt=\"\" title=\"\" loading=\"lazy\" \/><\/div>\t\t\t\t\t\t\t\t\t\t\t\t\t\t\t\t\t\t\t\t\t\t\t<\/div>\n\t\t\t\t\t\t<\/a>\t\t\t\t\t<\/div>\n\t\t\t\t\n\t\t\t\t\n\t\t\t\t\t<div class=\"gallery-item\">\n\t\t\t\t\t\t<a href=\"https:\/\/luciennelaparisienne.fr\/wp-content\/uploads\/2023\/08\/Palais-Royal-vika_lucia-min-1.jpeg\">\t\t\t\t\t\t\t<div class=\"et-image-inner\">\n\t\t\t\t\t\t\t\t<div class=\"et_image_slider-wrapper\"><img decoding=\"async\" class=\"et_image_slider-img\" src=\"https:\/\/luciennelaparisienne.fr\/wp-content\/uploads\/2023\/08\/Palais-Royal-vika_lucia-min-1-500x500.jpeg\" width=\"500\" height=\"500\" alt=\"\" title=\"\" loading=\"lazy\" \/><\/div>\t\t\t\t\t\t\t\t\t\t\t\t\t\t\t\t\t\t\t\t\t\t\t<\/div>\n\t\t\t\t\t\t<\/a>\t\t\t\t\t<\/div>\n\t\t\t\t\n\t\t\t\t\n\t\t\t\t\t<div class=\"gallery-item\">\n\t\t\t\t\t\t<a href=\"https:\/\/luciennelaparisienne.fr\/wp-content\/uploads\/2023\/08\/9Q8A7039-min.jpeg\">\t\t\t\t\t\t\t<div class=\"et-image-inner\">\n\t\t\t\t\t\t\t\t<div class=\"et_image_slider-wrapper\"><img decoding=\"async\" class=\"et_image_slider-img\" src=\"https:\/\/luciennelaparisienne.fr\/wp-content\/uploads\/2023\/08\/9Q8A7039-min-500x500.jpeg\" width=\"500\" height=\"500\" alt=\"\" title=\"\" loading=\"lazy\" \/><\/div>\t\t\t\t\t\t\t\t\t\t\t\t\t\t\t\t\t\t\t\t\t\t\t<\/div>\n\t\t\t\t\t\t<\/a>\t\t\t\t\t<\/div>\n\t\t\t\t\n\t\t\t\t\n\t\t\t\t\t<div class=\"gallery-item\">\n\t\t\t\t\t\t<a href=\"https:\/\/luciennelaparisienne.fr\/wp-content\/uploads\/2023\/08\/IMG_0383-min.jpg\">\t\t\t\t\t\t\t<div class=\"et-image-inner\">\n\t\t\t\t\t\t\t\t<div class=\"et_image_slider-wrapper\"><img decoding=\"async\" class=\"et_image_slider-img\" src=\"https:\/\/luciennelaparisienne.fr\/wp-content\/uploads\/2023\/08\/IMG_0383-min-500x500.jpg\" width=\"500\" height=\"500\" alt=\"\" title=\"\" loading=\"lazy\" \/><\/div>\t\t\t\t\t\t\t\t\t\t\t\t\t\t\t\t\t\t\t\t\t\t\t<\/div>\n\t\t\t\t\t\t<\/a>\t\t\t\t\t<\/div>\n\t\t\t\t\n\t\t\t\t\n\t\t\t\t\t<div class=\"gallery-item\">\n\t\t\t\t\t\t<a href=\"https:\/\/luciennelaparisienne.fr\/wp-content\/uploads\/2023\/08\/2-17-min-1.jpeg\">\t\t\t\t\t\t\t<div class=\"et-image-inner\">\n\t\t\t\t\t\t\t\t<div class=\"et_image_slider-wrapper\"><img decoding=\"async\" class=\"et_image_slider-img\" src=\"https:\/\/luciennelaparisienne.fr\/wp-content\/uploads\/2023\/08\/2-17-min-1-500x500.jpeg\" width=\"500\" height=\"500\" alt=\"\" title=\"\" loading=\"lazy\" \/><\/div>\t\t\t\t\t\t\t\t\t\t\t\t\t\t\t\t\t\t\t\t\t\t\t<\/div>\n\t\t\t\t\t\t<\/a>\t\t\t\t\t<\/div>\n\t\t\t\t\n\t\t\t\t\t<\/div>\n\t<\/div><\/div><\/div><\/div><\/div><\/div><\/div><\/div><\/div>\n<\/div>","protected":false},"excerpt":{"rendered":"Toute ma vie, j\u2019ai \u00e9t\u00e9 passionn\u00e9e par les chiens, m\u00eame mon premier mot a \u00e9t\u00e9 le nom de ma chienne. J\u2019aime particuli\u00e8rement les teckels, pour leur grande personnalit\u00e9 malgr\u00e9 la petite taille. Lucienne est un teckel nain poil ras. Quand Lucienne est arriv\u00e9e dans notre famille, elle est devenue toute [...]","protected":false},"author":1,"featured_media":0,"parent":0,"menu_order":0,"comment_status":"closed","ping_status":"closed","template":"","meta":{"inline_featured_image":false,"footnotes":""},"class_list":["post-3533","page","type-page","status-publish","hentry"],"yoast_head":"<!-- This site is optimized with the Yoast SEO plugin v26.6 - https:\/\/yoast.com\/wordpress\/plugins\/seo\/ -->\n<title>Pr\u00e9sentation - Lucienne la Parisienne<\/title>\n<meta name=\"robots\" content=\"index, follow, max-snippet:-1, max-image-preview:large, max-video-preview:-1\" \/>\n<link rel=\"canonical\" href=\"https:\/\/luciennelaparisienne.fr\/it\/presentation\/\" \/>\n<meta property=\"og:locale\" content=\"it_IT\" \/>\n<meta property=\"og:type\" content=\"article\" \/>\n<meta property=\"og:title\" content=\"Pr\u00e9sentation - Lucienne la Parisienne\" \/>\n<meta property=\"og:url\" content=\"https:\/\/luciennelaparisienne.fr\/it\/presentation\/\" \/>\n<meta property=\"og:site_name\" content=\"Lucienne la Parisienne\" \/>\n<meta property=\"article:modified_time\" content=\"2023-08-30T12:59:40+00:00\" \/>\n<meta name=\"twitter:card\" content=\"summary_large_image\" \/>\n<meta name=\"twitter:label1\" content=\"Tempo di lettura stimato\" \/>\n\t<meta name=\"twitter:data1\" content=\"2 minuti\" \/>\n<script type=\"application\/ld+json\" class=\"yoast-schema-graph\">{\"@context\":\"https:\/\/schema.org\",\"@graph\":[{\"@type\":\"WebPage\",\"@id\":\"https:\/\/luciennelaparisienne.fr\/presentation\/\",\"url\":\"https:\/\/luciennelaparisienne.fr\/presentation\/\",\"name\":\"Pr\u00e9sentation - Lucienne la Parisienne\",\"isPartOf\":{\"@id\":\"https:\/\/luciennelaparisienne.fr\/#website\"},\"datePublished\":\"2023-08-29T19:03:31+00:00\",\"dateModified\":\"2023-08-30T12:59:40+00:00\",\"breadcrumb\":{\"@id\":\"https:\/\/luciennelaparisienne.fr\/presentation\/#breadcrumb\"},\"inLanguage\":\"it-IT\",\"potentialAction\":[{\"@type\":\"ReadAction\",\"target\":[\"https:\/\/luciennelaparisienne.fr\/presentation\/\"]}]},{\"@type\":\"BreadcrumbList\",\"@id\":\"https:\/\/luciennelaparisienne.fr\/presentation\/#breadcrumb\",\"itemListElement\":[{\"@type\":\"ListItem\",\"position\":1,\"name\":\"Accueil\",\"item\":\"https:\/\/luciennelaparisienne.fr\/\"},{\"@type\":\"ListItem\",\"position\":2,\"name\":\"Pr\u00e9sentation\"}]},{\"@type\":\"WebSite\",\"@id\":\"https:\/\/luciennelaparisienne.fr\/#website\",\"url\":\"https:\/\/luciennelaparisienne.fr\/\",\"name\":\"Lucienne la Parisienne\",\"description\":\"Produits pour Teckels\",\"potentialAction\":[{\"@type\":\"SearchAction\",\"target\":{\"@type\":\"EntryPoint\",\"urlTemplate\":\"https:\/\/luciennelaparisienne.fr\/?s={search_term_string}\"},\"query-input\":{\"@type\":\"PropertyValueSpecification\",\"valueRequired\":true,\"valueName\":\"search_term_string\"}}],\"inLanguage\":\"it-IT\"}]}<\/script>\n<!-- \/ Yoast SEO plugin. -->","yoast_head_json":{"title":"Pr\u00e9sentation - Lucienne la Parisienne","robots":{"index":"index","follow":"follow","max-snippet":"max-snippet:-1","max-image-preview":"max-image-preview:large","max-video-preview":"max-video-preview:-1"},"canonical":"https:\/\/luciennelaparisienne.fr\/it\/presentation\/","og_locale":"it_IT","og_type":"article","og_title":"Pr\u00e9sentation - Lucienne la Parisienne","og_url":"https:\/\/luciennelaparisienne.fr\/it\/presentation\/","og_site_name":"Lucienne la Parisienne","article_modified_time":"2023-08-30T12:59:40+00:00","twitter_card":"summary_large_image","twitter_misc":{"Tempo di lettura stimato":"2 minuti"},"schema":{"@context":"https:\/\/schema.org","@graph":[{"@type":"WebPage","@id":"https:\/\/luciennelaparisienne.fr\/presentation\/","url":"https:\/\/luciennelaparisienne.fr\/presentation\/","name":"Pr\u00e9sentation - Lucienne la Parisienne","isPartOf":{"@id":"https:\/\/luciennelaparisienne.fr\/#website"},"datePublished":"2023-08-29T19:03:31+00:00","dateModified":"2023-08-30T12:59:40+00:00","breadcrumb":{"@id":"https:\/\/luciennelaparisienne.fr\/presentation\/#breadcrumb"},"inLanguage":"it-IT","potentialAction":[{"@type":"ReadAction","target":["https:\/\/luciennelaparisienne.fr\/presentation\/"]}]},{"@type":"BreadcrumbList","@id":"https:\/\/luciennelaparisienne.fr\/presentation\/#breadcrumb","itemListElement":[{"@type":"ListItem","position":1,"name":"Accueil","item":"https:\/\/luciennelaparisienne.fr\/"},{"@type":"ListItem","position":2,"name":"Pr\u00e9sentation"}]},{"@type":"WebSite","@id":"https:\/\/luciennelaparisienne.fr\/#website","url":"https:\/\/luciennelaparisienne.fr\/","name":"Lucienne la Parisienne","description":"Produits pour Teckels","potentialAction":[{"@type":"SearchAction","target":{"@type":"EntryPoint","urlTemplate":"https:\/\/luciennelaparisienne.fr\/?s={search_term_string}"},"query-input":{"@type":"PropertyValueSpecification","valueRequired":true,"valueName":"search_term_string"}}],"inLanguage":"it-IT"}]}},"_links":{"self":[{"href":"https:\/\/luciennelaparisienne.fr\/it\/wp-json\/wp\/v2\/pages\/3533","targetHints":{"allow":["GET"]}}],"collection":[{"href":"https:\/\/luciennelaparisienne.fr\/it\/wp-json\/wp\/v2\/pages"}],"about":[{"href":"https:\/\/luciennelaparisienne.fr\/it\/wp-json\/wp\/v2\/types\/page"}],"author":[{"embeddable":true,"href":"https:\/\/luciennelaparisienne.fr\/it\/wp-json\/wp\/v2\/users\/1"}],"replies":[{"embeddable":true,"href":"https:\/\/luciennelaparisienne.fr\/it\/wp-json\/wp\/v2\/comments?post=3533"}],"version-history":[{"count":3,"href":"https:\/\/luciennelaparisienne.fr\/it\/wp-json\/wp\/v2\/pages\/3533\/revisions"}],"predecessor-version":[{"id":3674,"href":"https:\/\/luciennelaparisienne.fr\/it\/wp-json\/wp\/v2\/pages\/3533\/revisions\/3674"}],"wp:attachment":[{"href":"https:\/\/luciennelaparisienne.fr\/it\/wp-json\/wp\/v2\/media?parent=3533"}],"curies":[{"name":"wp","href":"https:\/\/api.w.org\/{rel}","templated":true}]}}