{"id":3775,"date":"2023-08-30T23:30:12","date_gmt":"2023-08-30T21:30:12","guid":{"rendered":"https:\/\/luciennelaparisienne.fr\/?page_id=3775"},"modified":"2026-04-15T18:32:07","modified_gmt":"2026-04-15T16:32:07","slug":"mentions-legales","status":"publish","type":"page","link":"https:\/\/luciennelaparisienne.fr\/it\/mentions-legales\/","title":{"rendered":"Mentioni legali"},"content":{"rendered":"<div class=\"wpb-content-wrapper\"><div  class=\"sec_row container\"><div class=\"vc_row wpb_row vc_row-fluid\"><div class=\"bloc-link wpb_column vc_column_container vc_col-sm-12 et-dark-column\"><div class=\"vc_column-inner\"><div class=\"wpb_wrapper\"><div class=\"vc_row wpb_row vc_inner vc_row-fluid max_width\"><div class=\"wpb_column vc_column_container vc_col-sm-5 et-dark-column\"><div class=\"vc_column-inner\"><div class=\"wpb_wrapper\"><h3 style=\"text-align: left\" class=\"vc_custom_heading vc_do_custom_heading\" >Lucienne la Parisienne<\/h3>\n\t<div class=\"wpb_text_column wpb_content_element\" >\n\t\t<div class=\"wpb_wrapper\">\n\t\t\t<p>Soci\u00e9t\u00e9 : <strong>L&amp;V PETS<\/strong><br \/>\n27 RUE CHAUVEAU,<br \/>\n92200 NEUILLY-SUR-SEINE<br \/>\nE-mail : <a href=\"mailto:contact@luciennelaparisienne.fr\">contact@luciennelaparisienne.fr<\/a><br \/>\n<span class=\"bold\">Site Internet :\u00a0<\/span><a class=\"colortext-red\" title=\"Lucienne la Parisienne\" href=\"https:\/\/www.luciennelaparisienne.fr\/\" target=\"_blank\" rel=\"noopener\">www.luciennelaparisienne.fr<\/a><br \/>\n<span class=\"bold\">SIRET :<\/span> 992 874 305 00012<br \/>\nR.C.S. Nanterre<br \/>\nTVA non applicable, article 293 B du CGI<\/p>\n\n\t\t<\/div>\n\t<\/div>\n<h3 style=\"text-align: left\" class=\"vc_custom_heading vc_do_custom_heading\" >Direttrice della pubblicazione:<\/h3>\n\t<div class=\"wpb_text_column wpb_content_element\" >\n\t\t<div class=\"wpb_wrapper\">\n\t\t\t<p>Viktoriya Aubry-Dumand<br \/>\nE-mail: <a href=\"mailto:contact@luciennelaparisienne.fr\"><span class=\"address\">contact@luciennelaparisienne.fr<\/span><\/a><\/p>\n\n\t\t<\/div>\n\t<\/div>\n<\/div><\/div><\/div><div class=\"wpb_column vc_column_container vc_col-sm-6 et-dark-column\"><div class=\"vc_column-inner\"><div class=\"wpb_wrapper\"><h3 style=\"text-align: left\" class=\"vc_custom_heading vc_do_custom_heading\" >Ospitalit\u00e0:<\/h3>\n\t<div class=\"wpb_text_column wpb_content_element\" >\n\t\t<div class=\"wpb_wrapper\">\n\t\t\t<p>Hostinger Limited<br \/>\n6 Lloyds Avenue<br \/>\nSuite 4CL<br \/>\nLondres EC3N 3AX<br \/>\nAngleterre<\/p>\n\n\t\t<\/div>\n\t<\/div>\n<h3 style=\"text-align: left\" class=\"vc_custom_heading vc_do_custom_heading\" >Progettazione del sito web:<\/h3>\n\t<div class=\"wpb_text_column wpb_content_element\" >\n\t\t<div class=\"wpb_wrapper\">\n\t\t\t<p>Slagon\u00ae<br \/>\n9 rue des colonnes<br \/>\n75002 Paris, FRANCE<br \/>\nT\u00e9l. : (+33) 09 77 19 71 33<br \/>\nE-mail :\u00a0<a href=\"mailto:contact@slagon.fr\">contact@slagon.fr<\/a><br \/>\n<span class=\"bold\">Site Internet :\u00a0<\/span><a class=\"colortext-red\" title=\"Slagon, Agence Web \u00e0 Paris\" href=\"https:\/\/www.slagon.fr\/\" target=\"_blank\" rel=\"noopener\">www.slagon.fr<\/a><\/p>\n\n\t\t<\/div>\n\t<\/div>\n<\/div><\/div><\/div><\/div><div class=\"vc_row wpb_row vc_inner vc_row-fluid max_width\"><div class=\"wpb_column vc_column_container vc_col-sm-12 et-dark-column\"><div class=\"vc_column-inner\"><div class=\"wpb_wrapper\"><div class=\"vc_empty_space\"   style=\"height: 33px\"><span class=\"vc_empty_space_inner\"><\/span><\/div><\/div><\/div><\/div><\/div><div class=\"vc_row wpb_row vc_inner vc_row-fluid max_width\"><div class=\"wpb_column vc_column_container vc_col-sm-12 et-dark-column\"><div class=\"vc_column-inner\"><div class=\"wpb_wrapper\">\n\t<div class=\"wpb_text_column wpb_content_element\" >\n\t\t<div class=\"wpb_wrapper\">\n\t\t\t<h2>2. Condizioni generali d'uso del sito e dei servizi offerti.<\/h2>\n<p>Questo sito \u00e8 normalmente accessibile in qualsiasi momento agli utenti. Tuttavia, una interruzione per motivi di manutenzione tecnica pu\u00f2 essere decisa da Lucienne la Parisienne, che cercher\u00e0 di comunicare agli utenti in anticipo le date e gli orari dell'intervento.<\/p>\n<p class=\"padding-37-bas\">Il sito\u00a0<a href=\"https:\/\/luciennelaparisienne.fr\/\">luciennelaparisienne.fr<\/a>\u00a0Il sito \u00e8 aggiornato regolarmente da Lucienne la Parisienne. Allo stesso modo, le note legali possono essere modificate in qualsiasi momento: esse sono vincolanti per l'utente, che \u00e8 invitato a consultarle il pi\u00f9 spesso possibile per prenderne conoscenza.<\/p>\n<h2>3. Descrizione dei servizi forniti.<\/h2>\n<p>Il sito\u00a0<a href=\"https:\/\/luciennelaparisienne.fr\/\">luciennelaparisienne.fr<\/a>\u00a0ha l'obiettivo di fornire informazioni riguardo a tutte le attivit\u00e0 dell'azienda.<\/p>\n<p>Lucienne la Parisienne si impegna a fornire sul sito\u00a0<a href=\"https:\/\/luciennelaparisienne.fr\/\">luciennelaparisienne.fr<\/a>\u00a0informazioni il pi\u00f9 precise possibile. Tuttavia, non potr\u00e0 essere ritenuta responsabile per omissioni, imprecisioni e carenze nell'aggiornamento, che siano causate da essa o dai partner terzi che le forniscono queste informazioni.<\/p>\n<p class=\"padding-37-bas\">Tutte le informazioni indicate sul sito\u00a0<a href=\"https:\/\/luciennelaparisienne.fr\/\">luciennelaparisienne.fr<\/a>\u00a0ChatGPT said:\nsono fornite a titolo indicativo e possono subire modifiche. Inoltre, le informazioni presenti sul sito\u00a0<a href=\"https:\/\/luciennelaparisienne.fr\/\">luciennelaparisienne.fr<\/a>\u00a0non sono esaustive. Sono fornite con riserva di modifiche che potrebbero essere state apportate dopo la loro pubblicazione online.<\/p>\n<h2>4. Limitazioni contrattuali sulle informazioni tecniche.<\/h2>\n<p>Il sito utilizza la tecnologia JavaScript.<\/p>\n<p class=\"padding-37-bas\">Il sito internet non potr\u00e0 essere ritenuto responsabile per danni materiali legati all'utilizzo del sito. Inoltre, l'utente del sito si impegna ad accedere al sito utilizzando un dispositivo recente, privo di virus e con un browser di ultima generazione aggiornato.<\/p>\n<h2>5. Propriet\u00e0 intellettuale e contraffazioni.<\/h2>\n<p>Lucienne la Parisienne \u00e8 proprietaria dei diritti di propriet\u00e0 intellettuale o detiene i diritti d'uso su tutti gli elementi accessibili sul sito, tra cui testi, immagini, grafica, logo, icone, suoni, software.<\/p>\n<p>Qualsiasi riproduzione, rappresentazione, modifica, pubblicazione, adattamento di tutto o parte degli elementi del sito, con qualsiasi mezzo o processo utilizzato, \u00e8 vietata, salvo previa autorizzazione scritta di: Lucienne la Parisienne.<\/p>\n<p class=\"padding-37-bas\">Qualsiasi utilizzo non autorizzato del sito o di uno degli elementi in esso contenuti sar\u00e0 considerato come una violazione dei diritti d'autore e perseguito secondo le disposizioni degli articoli.\u00a0<a href=\"https:\/\/www.legifrance.gouv.fr\/affichCodeArticle.do?cidTexte=LEGITEXT000006069414&amp;idArticle=LEGIARTI000006279172\">L.335-2<\/a>\u00a0e seguenti del Codice della Propriet\u00e0 Intellettuale.<\/p>\n<h2>6. Limitazioni di responsabilit\u00e0.<\/h2>\n<p>Lucienne la Parisienne non potr\u00e0 essere ritenuta responsabile per i danni diretti e indiretti causati al materiale dell'utente durante l'accesso al sito.\u00a0<a href=\"https:\/\/luciennelaparisienne.fr\/\">luciennelaparisienne.fr<\/a>, e derivanti sia dall'utilizzo di un dispositivo che non soddisfa le specifiche indicate al punto 4, sia dalla comparsa di un bug o di un'incompatibilit\u00e0.<\/p>\n<p>Lucienne la Parisienne non potr\u00e0 inoltre essere ritenuta responsabile per danni indiretti (come, ad esempio, una perdita di mercato o la perdita di un'opportunit\u00e0) derivanti dall'utilizzo del sito.\u00a0<a href=\"https:\/\/luciennelaparisienne.fr\/\">luciennelaparisienne.fr<\/a>.<\/p>\n<p class=\"padding-37-bas\">Sono disponibili degli spazi interattivi (possibilit\u00e0 di porre domande nell'area contatti) per gli utenti. Lucienne la Parisienne si riserva il diritto di rimuovere, senza preavviso, qualsiasi contenuto pubblicato in questo spazio che violi la legislazione applicabile in Francia, in particolare le disposizioni relative alla protezione dei dati. Se necessario, Lucienne la Parisienne si riserva anche la possibilit\u00e0 di mettere in discussione la responsabilit\u00e0 civile e\/o penale dell'utente, in particolare nel caso di messaggi a carattere razzista, offensivo, diffamatorio o pornografico, indipendentemente dal supporto utilizzato (testo, fotografia\u2026).<\/p>\n<h2>7. Gestione dei dati personali.<\/h2>\n<p>En France, les donn\u00e9es personnelles sont notamment prot\u00e9g\u00e9es par la loi n\u00b0 78-87 du 6 janvier 1978, la loi n\u00b0 2004-801 du 6 ao\u00fbt 2004, l&rsquo;article\u00a0<a href=\"https:\/\/www.legifrance.gouv.fr\/affichCodeArticle.do?cidTexte=LEGITEXT000006070719&amp;idArticle=LEGIARTI000006417945\">L.226-13<\/a>\u00a0du Code p\u00e9nal et la Directive Europ\u00e9enne du 24 octobre 1995.<\/p>\n<p>A l&rsquo;occasion de l&rsquo;utilisation du site\u00a0<a href=\"https:\/\/luciennelaparisienne.fr\/\">luciennelaparisienne.fr<\/a>, peuvent \u00eatres recueillies : l&rsquo;URL des liens par l&rsquo;interm\u00e9diaire desquels l&rsquo;utilisateur a acc\u00e9d\u00e9 au site\u00a0<a href=\"https:\/\/luciennelaparisienne.fr\/\">luciennelaparisienne.fr<\/a>, le fournisseur d&rsquo;acc\u00e8s de l&rsquo;utilisateur, l&rsquo;adresse de protocole Internet (IP) de l&rsquo;utilisateur.<\/p>\n<p>En tout \u00e9tat de cause Lucienne la Parisienne ne collecte des informations personnelles relatives \u00e0 l&rsquo;utilisateur que pour le besoin de certains services propos\u00e9s par le site\u00a0<a href=\"https:\/\/luciennelaparisienne.fr\/\">luciennelaparisienne.fr<\/a>. L&rsquo;utilisateur fournit ces informations en toute connaissance de cause, notamment lorsqu&rsquo;il proc\u00e8de par lui-m\u00eame \u00e0 leur saisie. Il est alors pr\u00e9cis\u00e9 \u00e0 l&rsquo;utilisateur du site\u00a0<a href=\"https:\/\/luciennelaparisienne.fr\/\">luciennelaparisienne.fr<\/a>\u00a0se sia obbligatorio o meno fornire queste informazioni.<\/p>\n<p>In conformit\u00e0 con le disposizioni degli articoli 38 e seguenti della legge\u00a0<a href=\"https:\/\/www.legifrance.gouv.fr\/affichTexte.do?cidTexte=JORFTEXT000000886460\">L.78-17<\/a>\u00a0del 6 gennaio 1978 relativa all'informatica, ai file e alle libert\u00e0, ogni utente ha il diritto di accesso, rettifica e opposizione ai dati personali che lo riguardano, presentando una richiesta scritta e firmata, accompagnata da una copia del documento di identit\u00e0 con la firma del titolare del documento, indicando l'indirizzo al quale deve essere inviata la risposta.<\/p>\n<p>Aucune information personnelle de l&rsquo;utilisateur du site\u00a0<a href=\"https:\/\/luciennelaparisienne.fr\/\">luciennelaparisienne.fr<\/a>\u00a0n&rsquo;est publi\u00e9e \u00e0 l&rsquo;insu de l&rsquo;utilisateur, \u00e9chang\u00e9e, transf\u00e9r\u00e9e, c\u00e9d\u00e9e ou vendue sur un support quelconque \u00e0 des tiers. Seule l&rsquo;hypoth\u00e8se du rachat de Lucienne la Parisienne et de ses droits permettrait la transmission des dites informations \u00e0 l&rsquo;\u00e9ventuel acqu\u00e9reur qui serait \u00e0 son tour tenu de la m\u00eame obligation de conservation et de modification des donn\u00e9es vis \u00e0 vis de l&rsquo;utilisateur du site\u00a0<a href=\"https:\/\/luciennelaparisienne.fr\/\">luciennelaparisienne.fr<\/a>.<\/p>\n<p>Le site n&rsquo;est pas d\u00e9clar\u00e9 \u00e0 la CNIL car il ne recueille pas d&rsquo;informations personnelles.<\/p>\n<p class=\"padding-37-bas\">Le banche dati sono protette dalle disposizioni della legge del 1\u00b0 luglio 1998 che recepisce la direttiva 96\/9 dell'11 marzo 1996 relativa alla protezione giuridica delle banche dati.<\/p>\n<h2>8. Link ipertestuali e cookie.<\/h2>\n<p>Il sito\u00a0<a href=\"https:\/\/luciennelaparisienne.fr\/\">luciennelaparisienne.fr<\/a>\u00a0contiene un certo numero di link ipertestuali verso altri siti, creati con l'autorizzazione di Lucienne la Parisienne. Tuttavia, Lucienne la Parisienne non ha la possibilit\u00e0 di verificare il contenuto dei siti visitati in questo modo e, di conseguenza, non si assume alcuna responsabilit\u00e0 in merito.<\/p>\n<p>La navigazione sul sito\u00a0<a href=\"https:\/\/luciennelaparisienne.fr\/\">luciennelaparisienne.fr<\/a>\u00a0pu\u00f2 comportare l'installazione di cookie sul computer dell'utente. Un cookie \u00e8 un piccolo file che non permette l'identificazione dell'utente, ma che registra informazioni relative alla navigazione di un computer su un sito. I dati ottenuti in questo modo mirano a facilitare la navigazione successiva sul sito e sono anche destinati a consentire diverse misurazioni di traffico.<\/p>\n<p class=\"padding-37-bas\">Il rifiuto dell'installazione di un cookie pu\u00f2 comportare l'impossibilit\u00e0 di accedere ad alcuni servizi. Tuttavia, l'utente pu\u00f2 configurare il proprio browser internet per rifiutare l'installazione dei cookie.<\/p>\n<h2>9. Diritto applicabile e attribuzione di giurisdizione.<\/h2>\n<p class=\"padding-37-bas\">Ogni controversia relativa all'utilizzo del sito\u00a0<a href=\"https:\/\/luciennelaparisienne.fr\/\">luciennelaparisienne.fr<\/a>\u00a0ChatGPT said:\n\u00e8 soggetto al diritto francese. Si attribuisce giurisdizione esclusiva ai tribunali competenti di Parigi.<\/p>\n<h2>10. Le principali leggi interessate.<\/h2>\n<p>Loi n\u00b0 78-17 du 6 janvier 1978, notamment modifi\u00e9e par la loi n\u00b0 2004-801 du 6 ao\u00fbt 2004 relative \u00e0 l&rsquo;informatique, aux fichiers et aux libert\u00e9s.<\/p>\n<p class=\"padding-37-bas\">Loi n\u00b0 2004-575 du 21 juin 2004 pour la confiance dans l&rsquo;\u00e9conomie num\u00e9rique.<\/p>\n<h2>11. Glossario.<\/h2>\n<p>Utente: Navigatore che si connette e utilizza il sito sopra menzionato.<\/p>\n<p class=\"padding-75-bas\">Informations personnelles : \u00ab les informations qui permettent, sous quelque forme que ce soit, directement ou non, l&rsquo;identification des personnes physiques auxquelles elles s&rsquo;appliquent \u00bb (article 4 de la loi n\u00b0 78-17 du 6 janvier 1978).<\/p>\n\n\t\t<\/div>\n\t<\/div>\n<\/div><\/div><\/div><\/div><div class=\"vc_empty_space\"   style=\"height: 33px\"><span class=\"vc_empty_space_inner\"><\/span><\/div><\/div><\/div><\/div><\/div><\/div>\n<\/div>","protected":false},"excerpt":{"rendered":"Lucienne la Parisienne Soci\u00e9t\u00e9 : L&amp;V PETS 27 RUE CHAUVEAU, 92200 NEUILLY-SUR-SEINE E-mail : contact@luciennelaparisienne.fr Site Internet :\u00a0www.luciennelaparisienne.fr SIRET : 992 874 305 00012 R.C.S. Nanterre TVA non applicable, article 293 B du CGI Directrice de publication : Viktoriya Aubry-Dumand E-mail: contact@luciennelaparisienne.fr H\u00e9bergement : Hostinger Limited 6 Lloyds Avenue Suite [...]","protected":false},"author":1,"featured_media":0,"parent":0,"menu_order":0,"comment_status":"closed","ping_status":"closed","template":"","meta":{"inline_featured_image":false,"footnotes":""},"class_list":["post-3775","page","type-page","status-publish","hentry"],"yoast_head":"<!-- This site is optimized with the Yoast SEO plugin v26.6 - https:\/\/yoast.com\/wordpress\/plugins\/seo\/ -->\n<title>Mentions l\u00e9gales - Lucienne la Parisienne<\/title>\n<meta name=\"robots\" content=\"noindex, nofollow\" \/>\n<meta property=\"og:locale\" content=\"it_IT\" \/>\n<meta property=\"og:type\" content=\"article\" \/>\n<meta property=\"og:title\" content=\"Mentions l\u00e9gales - Lucienne la Parisienne\" \/>\n<meta property=\"og:url\" content=\"https:\/\/luciennelaparisienne.fr\/it\/mentions-legales\/\" \/>\n<meta property=\"og:site_name\" content=\"Lucienne la Parisienne\" \/>\n<meta property=\"article:modified_time\" content=\"2026-04-15T16:32:07+00:00\" \/>\n<meta name=\"twitter:card\" content=\"summary_large_image\" \/>\n<meta name=\"twitter:label1\" content=\"Tempo di lettura stimato\" \/>\n\t<meta name=\"twitter:data1\" content=\"7 minuti\" \/>\n<script type=\"application\/ld+json\" class=\"yoast-schema-graph\">{\"@context\":\"https:\/\/schema.org\",\"@graph\":[{\"@type\":\"WebPage\",\"@id\":\"https:\/\/luciennelaparisienne.fr\/mentions-legales\/\",\"url\":\"https:\/\/luciennelaparisienne.fr\/mentions-legales\/\",\"name\":\"Mentions l\u00e9gales - Lucienne la Parisienne\",\"isPartOf\":{\"@id\":\"https:\/\/luciennelaparisienne.fr\/#website\"},\"datePublished\":\"2023-08-30T21:30:12+00:00\",\"dateModified\":\"2026-04-15T16:32:07+00:00\",\"breadcrumb\":{\"@id\":\"https:\/\/luciennelaparisienne.fr\/mentions-legales\/#breadcrumb\"},\"inLanguage\":\"it-IT\",\"potentialAction\":[{\"@type\":\"ReadAction\",\"target\":[\"https:\/\/luciennelaparisienne.fr\/mentions-legales\/\"]}]},{\"@type\":\"BreadcrumbList\",\"@id\":\"https:\/\/luciennelaparisienne.fr\/mentions-legales\/#breadcrumb\",\"itemListElement\":[{\"@type\":\"ListItem\",\"position\":1,\"name\":\"Accueil\",\"item\":\"https:\/\/luciennelaparisienne.fr\/\"},{\"@type\":\"ListItem\",\"position\":2,\"name\":\"Mentions l\u00e9gales\"}]},{\"@type\":\"WebSite\",\"@id\":\"https:\/\/luciennelaparisienne.fr\/#website\",\"url\":\"https:\/\/luciennelaparisienne.fr\/\",\"name\":\"Lucienne la Parisienne\",\"description\":\"Produits pour Teckels\",\"potentialAction\":[{\"@type\":\"SearchAction\",\"target\":{\"@type\":\"EntryPoint\",\"urlTemplate\":\"https:\/\/luciennelaparisienne.fr\/?s={search_term_string}\"},\"query-input\":{\"@type\":\"PropertyValueSpecification\",\"valueRequired\":true,\"valueName\":\"search_term_string\"}}],\"inLanguage\":\"it-IT\"}]}<\/script>\n<!-- \/ Yoast SEO plugin. -->","yoast_head_json":{"title":"Mentions l\u00e9gales - Lucienne la Parisienne","robots":{"index":"noindex","follow":"nofollow"},"og_locale":"it_IT","og_type":"article","og_title":"Mentions l\u00e9gales - Lucienne la Parisienne","og_url":"https:\/\/luciennelaparisienne.fr\/it\/mentions-legales\/","og_site_name":"Lucienne la Parisienne","article_modified_time":"2026-04-15T16:32:07+00:00","twitter_card":"summary_large_image","twitter_misc":{"Tempo di lettura stimato":"7 minuti"},"schema":{"@context":"https:\/\/schema.org","@graph":[{"@type":"WebPage","@id":"https:\/\/luciennelaparisienne.fr\/mentions-legales\/","url":"https:\/\/luciennelaparisienne.fr\/mentions-legales\/","name":"Mentions l\u00e9gales - Lucienne la Parisienne","isPartOf":{"@id":"https:\/\/luciennelaparisienne.fr\/#website"},"datePublished":"2023-08-30T21:30:12+00:00","dateModified":"2026-04-15T16:32:07+00:00","breadcrumb":{"@id":"https:\/\/luciennelaparisienne.fr\/mentions-legales\/#breadcrumb"},"inLanguage":"it-IT","potentialAction":[{"@type":"ReadAction","target":["https:\/\/luciennelaparisienne.fr\/mentions-legales\/"]}]},{"@type":"BreadcrumbList","@id":"https:\/\/luciennelaparisienne.fr\/mentions-legales\/#breadcrumb","itemListElement":[{"@type":"ListItem","position":1,"name":"Accueil","item":"https:\/\/luciennelaparisienne.fr\/"},{"@type":"ListItem","position":2,"name":"Mentions l\u00e9gales"}]},{"@type":"WebSite","@id":"https:\/\/luciennelaparisienne.fr\/#website","url":"https:\/\/luciennelaparisienne.fr\/","name":"Lucienne la Parisienne","description":"Produits pour Teckels","potentialAction":[{"@type":"SearchAction","target":{"@type":"EntryPoint","urlTemplate":"https:\/\/luciennelaparisienne.fr\/?s={search_term_string}"},"query-input":{"@type":"PropertyValueSpecification","valueRequired":true,"valueName":"search_term_string"}}],"inLanguage":"it-IT"}]}},"_links":{"self":[{"href":"https:\/\/luciennelaparisienne.fr\/it\/wp-json\/wp\/v2\/pages\/3775","targetHints":{"allow":["GET"]}}],"collection":[{"href":"https:\/\/luciennelaparisienne.fr\/it\/wp-json\/wp\/v2\/pages"}],"about":[{"href":"https:\/\/luciennelaparisienne.fr\/it\/wp-json\/wp\/v2\/types\/page"}],"author":[{"embeddable":true,"href":"https:\/\/luciennelaparisienne.fr\/it\/wp-json\/wp\/v2\/users\/1"}],"replies":[{"embeddable":true,"href":"https:\/\/luciennelaparisienne.fr\/it\/wp-json\/wp\/v2\/comments?post=3775"}],"version-history":[{"count":19,"href":"https:\/\/luciennelaparisienne.fr\/it\/wp-json\/wp\/v2\/pages\/3775\/revisions"}],"predecessor-version":[{"id":17226,"href":"https:\/\/luciennelaparisienne.fr\/it\/wp-json\/wp\/v2\/pages\/3775\/revisions\/17226"}],"wp:attachment":[{"href":"https:\/\/luciennelaparisienne.fr\/it\/wp-json\/wp\/v2\/media?parent=3775"}],"curies":[{"name":"wp","href":"https:\/\/api.w.org\/{rel}","templated":true}]}}