{"id":3777,"date":"2023-08-30T23:31:03","date_gmt":"2023-08-30T21:31:03","guid":{"rendered":"https:\/\/luciennelaparisienne.fr\/?page_id=3777"},"modified":"2025-12-03T23:04:41","modified_gmt":"2025-12-03T22:04:41","slug":"cgv","status":"publish","type":"page","link":"https:\/\/luciennelaparisienne.fr\/it\/cgv\/","title":{"rendered":"Condizioni generali di vendita (CGV)"},"content":{"rendered":"<div class=\"wpb-content-wrapper\"><div  class=\"sec_row container\"><div class=\"vc_row wpb_row vc_row-fluid\"><div class=\"wpb_column vc_column_container vc_col-sm-12 et-dark-column\"><div class=\"vc_column-inner\"><div class=\"wpb_wrapper\">\n\t<div class=\"wpb_text_column wpb_content_element\" >\n\t\t<div class=\"wpb_wrapper\">\n\t\t\t<p>Le condizioni generali di vendita si applicano a ogni acquisto effettuato sul sito internet.\u00a0<b>luciennelaparisienne.fr<\/b> par une personne physique ou morale (ci-apr\u00e8s \u00ab le Client \u00bb) aupr\u00e8s de la SARL L&amp;V PETS (ci-apr\u00e8s \u00ab le Vendeur \u00bb) immatricul\u00e9e sous le num\u00e9ro de 992 874 305 R.C.S. Nanterre dont le si\u00e8ge social est situ\u00e9 au 27 rue Chauveau, 92200 Neuilly-sur-Seine.<\/p>\n<p>\u200b<b>Articolo 1: Accettazione delle condizioni generali di vendita.<\/b><\/p>\n<p>Il Cliente si impegna a leggere e accettare le presenti condizioni generali di vendita prima di procedere al pagamento di un ordine effettuato sul sito internet.\u00a0<b>luciennelaparisienne.fr<\/b><\/p>\n<p><b>Articolo 2: Ordini<\/b><\/p>\n<p>Il Venditore si impegna a descrivere le caratteristiche essenziali dei prodotti nelle schede prodotto del sito internet e a informare il Cliente di eventuali esaurimenti di stock di un prodotto, di un colore o di qualsiasi altra caratteristica. Il Cliente si impegna a prendere conoscenza di queste caratteristiche prima di effettuare un acquisto.<\/p>\n<p>Ogni creazione \u00e8 unica e prodotta in modo artigianale, pertanto potrebbe capitare che un articolo ricevuto dal Cliente differisca leggermente dalle creazioni presentate in foto sul sito.<\/p>\n<p><b>Articolo 3: Validit\u00e0 dell'offerta\u00a0<\/b><\/p>\n<p>La riproduzione identica degli articoli acquistati \u00e8 vietata.<\/p>\n<p>En cas d\u2019encaissement d\u2019une commande pour laquelle un produit s\u2019av\u00e8rerait indisponible au moment de la livraison, le vendeur s\u2019engage \u00e0 pr\u00e9venir le Client et \u00e0 lui proposer une nouvelle date de livraison le plus rapidement possible ou un remboursement dans un d\u00e9lai maximum de 30 jours apr\u00e8s la demande d\u2019annulation de commande.<\/p>\n<p>\u200b<b>Articolo 4: Prezzo\u00a0<\/b><\/p>\n<p>I prezzi indicati sul sito luciennelaparisienne.fr sono espressi in euro al netto delle tasse (IVA non applicabile, art. 293 B del CGI), ma non comprendono le spese di spedizione e logistica.<\/p>\n<p>Se il prezzo delle materie prime in vigore dovesse essere modificato, i prezzi degli articoli potrebbero essere modificati di conseguenza, senza che il Cliente ne venga informato preventivamente.<\/p>\n<p>Le vendeur se r\u00e9serve le droit de modification de ses prix sans pr\u00e9avis et \u00e0 tout moment. La facturation se fait au tarif en vigueur au moment de l\u2019enregistrement et de l\u2019acceptation de la commande.<\/p>\n<p>Les produits demeurent la propri\u00e9t\u00e9 du vendeur jusqu\u2019au complet paiement du prix. Ce prix est payable en totalit\u00e9 et en un seul versement.<\/p>\n<p>Le vendeur se r\u00e9serve le droit d\u2019annuler ou de ne pas valider une commande pour laquelle le paiement de cette commande ou d\u2019une commande ant\u00e9rieure du client pr\u00e9senterait un litige.<\/p>\n<p>Appena in vostro possesso fisico i prodotti ordinati, i rischi di perdita o danneggiamento dei prodotti vengono trasferiti a voi.<\/p>\n<p><b>Articolo 5: Conferma e Gestione degli ordini\u00a0<\/b><\/p>\n<p>Apr\u00e8s envoi du courriel \u00e9lectronique de confirmation de commande, Le vendeur ne peut garantir la possibilit\u00e9 au client d\u2019annuler la commande.<\/p>\n<p>Se doveste effettuare una modifica o un'annullamento, vi invitiamo a contattarci il pi\u00f9 rapidamente possibile via e-mail all'indirizzo seguente: vika@luciennelaparisienne.fr<\/p>\n<p>Le vendeur s\u2019engage \u00e0 vous informer ensuite des diff\u00e9rentes \u00e9tapes de votre commande et notamment de son exp\u00e9dition.<\/p>\n<p>I prodotti sono realizzati a mano e in modo artigianale dal Venditore. Il termine di produzione \u00e8 mediamente di 30 giorni lavorativi, ma questo termine pu\u00f2 essere superato in base alla disponibilit\u00e0 delle materie prime presso i fornitori.<\/p>\n<p><b>Articolo 6: Presentazione dei prodotti\u00a0<\/b><\/p>\n<p>Le vendeur s\u2019engage \u00e0 d\u00e9crire le plus pr\u00e9cis\u00e9ment possible ses produits dans ses descriptions. Si des erreurs ou des omissions \u00e9taient constat\u00e9es concernant ces pr\u00e9sentations ou la description des produits, la responsabilit\u00e9 du vendeur ne pourrait \u00eatre engag\u00e9e.<\/p>\n<p>Le fotografie e le illustrazioni non rientrano nemmeno nel campo contrattuale.<\/p>\n<p>Ogni creazione \u00e8 unica, quindi i prodotti potrebbero differire da quelli visti nelle foto sul sito luciennelaparisienne.fr.<\/p>\n<p>\u200b<b>Articolo 7: Consegna\u00a0<\/b><\/p>\n<p>Le d\u00e9lai de pr\u00e9paration de commande est de 5 jours ouvr\u00e9s<\/p>\n<p>Les colis sont exp\u00e9di\u00e9s et livr\u00e9s par la poste Colissimo et par Mondial Relay au point relais choisi par le Client lors de sa commande.<\/p>\n<p>I tempi di consegna corrispondono ai tempi medi rilevati per la spedizione e la consegna, in giorni lavorativi, e non costituiscono un impegno contrattuale.<\/p>\n<p>Le Client est responsable des informations (adresse de livraison, nom et t\u00e9l\u00e9phone) qu\u2019il transmet lorsqu\u2019il passe sa commande. La responsabilit\u00e9 du vendeur ne peut \u00eatre engag\u00e9e dans l\u2019\u00e9ventualit\u00e9 o\u00f9 une erreur emp\u00eache ou retarde la livraison.<\/p>\n<p><b>Articolo 8: Pagamento\u00a0<\/b><\/p>\n<ol>\n<li>Metodo di pagamento<\/li>\n<\/ol>\n<p>La convalida definitiva dell'ordine comporta l'accettazione piena e completa delle presenti condizioni generali di vendita.<\/p>\n<p>Il pagamento degli acquisti avviene tramite carta di credito o PayPal.<\/p>\n<ol start=\"2\">\n<li>Verifica dei pagamenti<\/li>\n<\/ol>\n<p>Afin de se prot\u00e9ger des fraudeurs, le vendeur contr\u00f4le chacune des commandes effectu\u00e9es.<\/p>\n<ol start=\"3\">\n<li>Sicurezza dei pagamenti<\/li>\n<\/ol>\n<p>Aucune donn\u00e9e confidentielle (num\u00e9ro de carte, date d\u2019expiration ou code \u00e0 3 chiffres) n\u2019est stock\u00e9e sur les serveurs du vendeur. Ces donn\u00e9es sont directement transmises crypt\u00e9es aux serveurs de nos partenaires.<\/p>\n<p><b>Articolo 9: Disponibilit\u00e0\u00a0<\/b><\/p>\n<p>I nostri prodotti sono offerti nei limiti delle scorte disponibili.<\/p>\n<p>Per i prodotti non in stock, le nostre offerte sono valide salvo disponibilit\u00e0 presso i nostri fornitori.<\/p>\n<p>In caso di indisponibilit\u00e0 dopo aver effettuato l'ordine, vi informeremo via e-mail. Il vostro ordine sar\u00e0 automaticamente annullato e nessun addebito bancario verr\u00e0 effettuato.<\/p>\n<p><b>Articolo 10: Scambio e reso<br \/>\n<\/b><\/p>\n<p>Hai il diritto di restituire gli articoli acquistati entro 14 giorni dalla loro ricezione.<\/p>\n<p>Per fare ci\u00f2, ti preghiamo di inviarci un'email a <a href=\"mailto:vika@luciennelaparisienne.fr\">vika@luciennelaparisienne.fr<\/a> indicare la tua volont\u00e0 di restituire l'articolo, il tuo nome e il numero dell'ordine.<\/p>\n<p class=\" translation-block\">Gli articoli restituiti devono essere in perfette condizioni, con le etichette e l'imballaggio originali.\nLe restituzioni di articoli difettosi o errati sono gratuite. In altri casi, l'acquirente si far\u00e0 carico delle spese di spedizione per il reso.<\/p>\n<p>Se desideri cambiare un articolo, ti preghiamo di inviarci un'email a <a href=\"mailto:vika@luciennelaparisienne.fr\">vika@luciennelaparisienne.fr<\/a><\/p>\n<p>La spedizione del nuovo articolo sar\u00e0 a tuo carico. Sarai informato del costo del cambiamento nel caso in cui l'importo del tuo nuovo prodotto sia pi\u00f9 elevato e riceverai le istruzioni per pagare la differenza.<\/p>\n<p>Spetta a te pagare le spese di restituzione e di spedizione dell'articolo di sostituzione.<\/p>\n<p><b>Articolo 11: Responsabilit\u00e0\u00a0<\/b><\/p>\n<p>Le vendeur n\u2019a qu\u2019une obligation de moyen dans toutes les \u00e9tapes d\u2019acc\u00e8s au site, de visite, de saisie des formulaires, de passation des commandes, de pr\u00e9paration des commandes, de livraison des commandes, de retours des produits et de remboursements des commandes \u00e0 rembourser.<\/p>\n<p>Tous cas de force majeure, d\u2019intrusion ext\u00e9rieure ou pr\u00e9sence de virus informatique ne sauraient engager la responsabilit\u00e9 du vendeur.<\/p>\n<p>La responsabilit\u00e9 du vendeur ne saurait \u00eatre engag\u00e9e en cas de non-respect de la l\u00e9gislation du pays o\u00f9 le produit est livr\u00e9.<\/p>\n<p>Spetta a voi verificare presso le autorit\u00e0 locali le possibilit\u00e0 di importazione o utilizzo dei prodotti che intendete ordinare.<\/p>\n<p>Par ailleurs, le vendeur ne saurait \u00eatre tenu pour responsable des dommages r\u00e9sultant d\u2019une mauvaise utilisation du produit achet\u00e9.<\/p>\n<p><b>Articolo 12: Propriet\u00e0 intellettuale\u00a0<\/b><\/p>\n<p>Toutes les images, photographies, illustrations et design ainsi que les textes et commentaires reproduits sur le site LUCIENNE LA PARISIENNE ainsi que sur ses r\u00e9seaux sociaux sont prot\u00e9g\u00e9s par le droit d\u2019auteur, le droit des marques et le droit \u00e0 l\u2019image.<\/p>\n<p>Toute autre utilisation est constitutive de contrefa\u00e7on et sanctionn\u00e9e au titre de la propri\u00e9t\u00e9 intellectuelle sauf autorisation pr\u00e9alable du vendeur.<\/p>\n<p>La riproduzione totale o parziale del sito LUCIENNE LA PARISIENNE \u00e8 strettamente vietata.<\/p>\n<p><b>Articolo 13 : Condizioni di Garanzia\u00a0<\/b><\/p>\n<p>Le vendeur respecte la garantie l\u00e9gale des vices cach\u00e9s de la chose pr\u00e9vue par les articles 1641 et suivants du code Civil.<\/p>\n<p><b>Articolo 14: Archiviazione<\/b><\/p>\n<p>Le vendeur archivera les bons de commandes et les factures sur un support fiable et durable constituant une copie fid\u00e8le conform\u00e9ment aux dispositions de l\u2019article 1348 du Code Civil.<\/p>\n<p>Les registres informatis\u00e9s du vendeur, seront consid\u00e9r\u00e9s par toutes les parties concern\u00e9es comme preuve des communications, commandes, paiements et transactions intervenus entre les parties.<\/p>\n<p><b>Article 15 : Donn\u00e9es nominatives\u00a0<\/b><\/p>\n<p>Le vendeur se r\u00e9serve le droit, gr\u00e2ce au cookie vis\u00e9 \u00e0 l\u2019article 11 de collecter des donn\u00e9es relatives aux utilisateurs du site et ce de mani\u00e8re nominative.<\/p>\n<p>Le vendeur est propri\u00e9taire des donn\u00e9es collect\u00e9es et se r\u00e9serve le droit de les utiliser et de les c\u00e9der.<\/p>\n<p>In ogni caso, e conformemente alla legge n\u00b078-17 del 6 gennaio 1978, ogni utente o cliente del sito pu\u00f2 in qualsiasi momento opporsi all'utilizzo commerciale di tali dati e beneficia inoltre di un diritto di accesso, rettifica e cancellazione dei dati che lo riguardano.<\/p>\n<p><b>Article 16 : Modification des conditions g\u00e9n\u00e9rales de vente\u00a0<\/b><\/p>\n<p>Le vendeur se r\u00e9serve le droit de modifier les pr\u00e9sentes conditions g\u00e9n\u00e9rales de vente et d\u2019utilisation. Les membres qui ne souhaiteraient pas que les relations contractuelles soient r\u00e9gies par la nouvelle version des conditions g\u00e9n\u00e9rales de vente et d\u2019utilisation, devront le notifier par \u00e9crit et devront cesser d\u2019utiliser les services ou acheter les produits du vendeur.<\/p>\n<p>Nel caso in cui una qualsiasi disposizione dei termini e delle condizioni di vendita e utilizzo venga considerata illegale o inapplicabile da una decisione giudiziaria, le altre disposizioni rimarranno in vigore.<\/p>\n<p><b>Article 17 : Contact\u00a0<\/b><\/p>\n<p>Risponderemo con piacere a tutte le vostre domande entro 24-48 ore via e-mail: vika@luciennelaparisienne.fr<\/p>\n<p>&nbsp;<\/p>\n<p>Mise \u00e0 jour des CGV : 03\/12\/2025<\/p>\n\n\t\t<\/div>\n\t<\/div>\n<\/div><\/div><\/div><\/div><\/div>\n<\/div>","protected":false},"excerpt":{"rendered":"Les conditions g\u00e9n\u00e9rales de vente s\u2019appliquent \u00e0 tout achat effectu\u00e9\u00a0sur le site internet\u00a0luciennelaparisienne.fr par une personne physique ou morale (ci-apr\u00e8s \u00ab le Client \u00bb) aupr\u00e8s de la SARL L&amp;V PETS (ci-apr\u00e8s \u00ab le Vendeur \u00bb) immatricul\u00e9e sous le num\u00e9ro de 992 874 305 R.C.S. Nanterre dont le si\u00e8ge social est [...]","protected":false},"author":1,"featured_media":0,"parent":0,"menu_order":0,"comment_status":"closed","ping_status":"closed","template":"","meta":{"inline_featured_image":false,"footnotes":""},"class_list":["post-3777","page","type-page","status-publish","hentry"],"yoast_head":"<!-- This site is optimized with the Yoast SEO plugin v26.6 - https:\/\/yoast.com\/wordpress\/plugins\/seo\/ -->\n<title>Conditions g\u00e9n\u00e9rales de vente (CGV) - Lucienne la Parisienne<\/title>\n<meta name=\"robots\" content=\"noindex, nofollow\" \/>\n<meta property=\"og:locale\" content=\"it_IT\" \/>\n<meta property=\"og:type\" content=\"article\" \/>\n<meta property=\"og:title\" content=\"Conditions g\u00e9n\u00e9rales de vente (CGV) - Lucienne la Parisienne\" \/>\n<meta property=\"og:url\" content=\"https:\/\/luciennelaparisienne.fr\/it\/cgv\/\" \/>\n<meta property=\"og:site_name\" content=\"Lucienne la Parisienne\" \/>\n<meta property=\"article:modified_time\" content=\"2025-12-03T22:04:41+00:00\" \/>\n<meta name=\"twitter:card\" content=\"summary_large_image\" \/>\n<meta name=\"twitter:label1\" content=\"Tempo di lettura stimato\" \/>\n\t<meta name=\"twitter:data1\" content=\"8 minuti\" \/>\n<script type=\"application\/ld+json\" class=\"yoast-schema-graph\">{\"@context\":\"https:\/\/schema.org\",\"@graph\":[{\"@type\":\"WebPage\",\"@id\":\"https:\/\/luciennelaparisienne.fr\/cgv\/\",\"url\":\"https:\/\/luciennelaparisienne.fr\/cgv\/\",\"name\":\"Conditions g\u00e9n\u00e9rales de vente (CGV) - Lucienne la Parisienne\",\"isPartOf\":{\"@id\":\"https:\/\/luciennelaparisienne.fr\/#website\"},\"datePublished\":\"2023-08-30T21:31:03+00:00\",\"dateModified\":\"2025-12-03T22:04:41+00:00\",\"breadcrumb\":{\"@id\":\"https:\/\/luciennelaparisienne.fr\/cgv\/#breadcrumb\"},\"inLanguage\":\"it-IT\",\"potentialAction\":[{\"@type\":\"ReadAction\",\"target\":[\"https:\/\/luciennelaparisienne.fr\/cgv\/\"]}]},{\"@type\":\"BreadcrumbList\",\"@id\":\"https:\/\/luciennelaparisienne.fr\/cgv\/#breadcrumb\",\"itemListElement\":[{\"@type\":\"ListItem\",\"position\":1,\"name\":\"Accueil\",\"item\":\"https:\/\/luciennelaparisienne.fr\/\"},{\"@type\":\"ListItem\",\"position\":2,\"name\":\"Conditions g\u00e9n\u00e9rales de vente (CGV)\"}]},{\"@type\":\"WebSite\",\"@id\":\"https:\/\/luciennelaparisienne.fr\/#website\",\"url\":\"https:\/\/luciennelaparisienne.fr\/\",\"name\":\"Lucienne la Parisienne\",\"description\":\"Produits pour Teckels\",\"potentialAction\":[{\"@type\":\"SearchAction\",\"target\":{\"@type\":\"EntryPoint\",\"urlTemplate\":\"https:\/\/luciennelaparisienne.fr\/?s={search_term_string}\"},\"query-input\":{\"@type\":\"PropertyValueSpecification\",\"valueRequired\":true,\"valueName\":\"search_term_string\"}}],\"inLanguage\":\"it-IT\"}]}<\/script>\n<!-- \/ Yoast SEO plugin. -->","yoast_head_json":{"title":"Conditions g\u00e9n\u00e9rales de vente (CGV) - Lucienne la Parisienne","robots":{"index":"noindex","follow":"nofollow"},"og_locale":"it_IT","og_type":"article","og_title":"Conditions g\u00e9n\u00e9rales de vente (CGV) - Lucienne la Parisienne","og_url":"https:\/\/luciennelaparisienne.fr\/it\/cgv\/","og_site_name":"Lucienne la Parisienne","article_modified_time":"2025-12-03T22:04:41+00:00","twitter_card":"summary_large_image","twitter_misc":{"Tempo di lettura stimato":"8 minuti"},"schema":{"@context":"https:\/\/schema.org","@graph":[{"@type":"WebPage","@id":"https:\/\/luciennelaparisienne.fr\/cgv\/","url":"https:\/\/luciennelaparisienne.fr\/cgv\/","name":"Conditions g\u00e9n\u00e9rales de vente (CGV) - Lucienne la Parisienne","isPartOf":{"@id":"https:\/\/luciennelaparisienne.fr\/#website"},"datePublished":"2023-08-30T21:31:03+00:00","dateModified":"2025-12-03T22:04:41+00:00","breadcrumb":{"@id":"https:\/\/luciennelaparisienne.fr\/cgv\/#breadcrumb"},"inLanguage":"it-IT","potentialAction":[{"@type":"ReadAction","target":["https:\/\/luciennelaparisienne.fr\/cgv\/"]}]},{"@type":"BreadcrumbList","@id":"https:\/\/luciennelaparisienne.fr\/cgv\/#breadcrumb","itemListElement":[{"@type":"ListItem","position":1,"name":"Accueil","item":"https:\/\/luciennelaparisienne.fr\/"},{"@type":"ListItem","position":2,"name":"Conditions g\u00e9n\u00e9rales de vente (CGV)"}]},{"@type":"WebSite","@id":"https:\/\/luciennelaparisienne.fr\/#website","url":"https:\/\/luciennelaparisienne.fr\/","name":"Lucienne la Parisienne","description":"Produits pour Teckels","potentialAction":[{"@type":"SearchAction","target":{"@type":"EntryPoint","urlTemplate":"https:\/\/luciennelaparisienne.fr\/?s={search_term_string}"},"query-input":{"@type":"PropertyValueSpecification","valueRequired":true,"valueName":"search_term_string"}}],"inLanguage":"it-IT"}]}},"_links":{"self":[{"href":"https:\/\/luciennelaparisienne.fr\/it\/wp-json\/wp\/v2\/pages\/3777","targetHints":{"allow":["GET"]}}],"collection":[{"href":"https:\/\/luciennelaparisienne.fr\/it\/wp-json\/wp\/v2\/pages"}],"about":[{"href":"https:\/\/luciennelaparisienne.fr\/it\/wp-json\/wp\/v2\/types\/page"}],"author":[{"embeddable":true,"href":"https:\/\/luciennelaparisienne.fr\/it\/wp-json\/wp\/v2\/users\/1"}],"replies":[{"embeddable":true,"href":"https:\/\/luciennelaparisienne.fr\/it\/wp-json\/wp\/v2\/comments?post=3777"}],"version-history":[{"count":11,"href":"https:\/\/luciennelaparisienne.fr\/it\/wp-json\/wp\/v2\/pages\/3777\/revisions"}],"predecessor-version":[{"id":15814,"href":"https:\/\/luciennelaparisienne.fr\/it\/wp-json\/wp\/v2\/pages\/3777\/revisions\/15814"}],"wp:attachment":[{"href":"https:\/\/luciennelaparisienne.fr\/it\/wp-json\/wp\/v2\/media?parent=3777"}],"curies":[{"name":"wp","href":"https:\/\/api.w.org\/{rel}","templated":true}]}}