{"id":3790,"date":"2023-08-31T00:20:36","date_gmt":"2023-08-30T22:20:36","guid":{"rendered":"https:\/\/luciennelaparisienne.fr\/?page_id=3790"},"modified":"2023-08-31T00:33:19","modified_gmt":"2023-08-30T22:33:19","slug":"politique-relative-aux-cookies","status":"publish","type":"page","link":"https:\/\/luciennelaparisienne.fr\/it\/politique-relative-aux-cookies\/","title":{"rendered":"Politique relative aux cookies"},"content":{"rendered":"<div class=\"wpb-content-wrapper\"><div  class=\"sec_row container\"><div class=\"vc_row wpb_row vc_row-fluid\"><div class=\"wpb_column vc_column_container vc_col-sm-12 et-dark-column\"><div class=\"vc_column-inner\"><div class=\"wpb_wrapper\">\n\t<div class=\"wpb_text_column wpb_content_element\" >\n\t\t<div class=\"wpb_wrapper\">\n\t\t\t<p>Lors de la consultation du site des fichiers appel\u00e9s cookies sont d\u00e9pos\u00e9s dans le navigateur de votre ordinateur, de votre tablette ou de votre smartphone.<\/p>\n<p>En donnant votre consentement, vous acceptez que le site puisse utiliser des cookies. Vous pouvez \u00e0 tout moment d\u00e9sactiver ces cookies \u00e0 partir de la console de param\u00e9trage des cookies depuis la rubrique Gestion des cookies accessible depuis le bas de la page d\u2019accueil du site<\/p>\n<p>Le site utilise ces cookies pour faciliter votre navigation, conserver vos pr\u00e9f\u00e9rences, vous fournir certaines fonctionnalit\u00e9s, et collecter des informations sur vos interactions.<\/p>\n<p>Quels cookies utilisons-nous et pour quelles utilit\u00e9s ?<\/p>\n<p>Le site utilise des cookies de navigation et des cookies de mesure d\u2019audience.<\/p>\n<p>Les cookies de navigation permettent un bon fonctionnement du site. Ils nous permettent de conna\u00eetre votre moyen de connexion et votre navigation. Mieux vous conna\u00eetre pour mieux vous servir en am\u00e9liorant en permanence l\u2019utilisation de nos services, voil\u00e0 \u00e0 quoi servent les cookies de navigation que nous utilisons.<\/p>\n<p>Vous pouvez \u00e0 tout moment d\u00e9sactiver ces cookies. Toutefois, leur d\u00e9sactivation r\u00e9duirait voire emp\u00eacherait votre acc\u00e8s aux services du site.<\/p>\n<p>Les Cookies de navigation d\u00e9pos\u00e9s sur votre ordinateur sont les suivants :<\/p>\n<p>Cookie-1 :<br \/>\nCe cookie enregistre votre consentement au d\u00e9p\u00f4t de cookies<\/p>\n<p>Cookie-2 :<br \/>\nCe cookie identifie l\u2019utilisateur selon un num\u00e9ro de session unique<\/p>\n<p>Cookie-3 :<br \/>\nCe cookie permet l\u2019identification unique de votre navigateur<\/p>\n<p>Cookie-4 :<br \/>\nCe cookie permet de savoir si l\u2019utilisateur est authentifi\u00e9<\/p>\n<p>Cookie-5 :<br \/>\nCe cookie de session contient tous les \u00e9l\u00e9ments de l\u2019url de l\u2019utilisateur<\/p>\n<p>Cookie-6 :<br \/>\nCe cookie permet de conserver temporairement vos choix d\u2019une page<br \/>\n\u00e0 l\u2019autre<\/p>\n<p>Cookie-7 :<br \/>\nCe cookie assure le suivi d\u2019une r\u00e9servation par un internaute pendant toutes les \u00e9tapes de la r\u00e9servation<\/p>\n<p>Cookie-8 :<br \/>\nCe cookie identifie la session pour des besoins de suivi interne.<\/p>\n<p>Les cookies de mesures d\u2019audience<\/p>\n<p>Les cookies de mesures d\u2019audience permettent, pendant la dur\u00e9e de validit\u00e9 de ces cookies, de suivre l\u2019origine, le volume et les interactions de tous les visiteurs du site afin d\u2019am\u00e9liorer l\u2019exp\u00e9rience utilisateur.<\/p>\n<p>Le cookie de mesure d\u2019audience d\u00e9pos\u00e9 sur votre ordinateur est le suivant :<\/p>\n<p>Cookie-11 :<br \/>\nCe cookie permet de mesurer le nombre de visites, le nombre de pages consult\u00e9es, le parcours des utilisateurs. Il permet d\u2019adapter le site aux demandes et aux besoins des utilisateurs.<\/p>\n<p>Accepter ou refuser les Cookies<\/p>\n<p>Vous pouvez choisir \u00e0 tout moment de d\u00e9sactiver ces cookies depuis la console de param\u00e9trage des cookies accessible depuis le bas de la page d\u2019accueil du site.<\/p>\n<p><strong>ATTENTION : d\u00e9sactiver certains cookies pourrait r\u00e9duire voire emp\u00eacher votre acc\u00e8s aux services du site.<\/strong><\/p>\n<p>Votre navigateur peut \u00e9galement \u00eatre param\u00e9tr\u00e9 pour vous signaler les cookies qui sont d\u00e9pos\u00e9s dans votre ordinateur et vous demander de les accepter ou non.<\/p>\n<p>Voici comment configurer les navigateurs les plus utilis\u00e9s :<\/p>\n<p><strong>Firefox :<\/strong><br \/>\nMenu\/Param\u00e8tres\/Vie priv\u00e9e et s\u00e9curit\u00e9<br \/>\npuis cliquez sur \u00ab Interdire les cookies \u00bb.<br \/>\nChoisissez le type de cookies que vous voulez bloquer.<\/p>\n<p><strong>Chrome :<\/strong><br \/>\nSur votre t\u00e9l\u00e9phone ou tablette Android, ouvrez l\u2019application Chrome,<br \/>\ncliquez sur Plus puis Param\u00e8tres, puis Param\u00e8tres du site puis Cookies.<br \/>\nS\u00e9lectionnez Activez ou d\u00e9sactivez l\u2019option Cookies.<\/p>\n<p>Sur votre ordinateur, ouvrez Chrome, cliquez sur Plus puis Param\u00e8tres,<br \/>\ndans la section \u00abConfidentialit\u00e9 et s\u00e9curit\u00e9\u00bb, cliquez sur Param\u00e8tres des sites,<br \/>\ncliquez sur Cookies. Vous pouvez alors effectuer les op\u00e9rations suivantes :<br \/>\nactiver les cookies : \u00e0 c\u00f4t\u00e9 de \u00abBloqu\u00e9\u00bb, mettez le bouton en position activ\u00e9e<br \/>\nou d\u00e9sactiver les cookies : d\u00e9sactivez l\u2019option Autoriser les sites \u00e0 enregistrer<br \/>\net \u00e0 lire les donn\u00e9es des cookies.<\/p>\n<p><strong>Safari sur votre Mac :<\/strong><br \/>\nOuvrez Safari puis cliquez sur Pr\u00e9f\u00e9rences puis Onglet puis Confidentialit\u00e9.<br \/>\nCocher la case \u00ab Bloquer tous les cookies \u00bb<\/p>\n<p><strong>Safari sur votre t\u00e9l\u00e9phone ou votre tablette :<\/strong><br \/>\ncliquez sur l\u2019ic\u00f4ne R\u00e9glages puis Safari puis activez la case \u00ab Bloquer tous les cookies \u00bb<\/p>\n<p><strong>Internet Explorer :<\/strong><br \/>\nOuvrir Internet Explorer, s\u00e9lectionnez le bouton Outils,<br \/>\npointez sur S\u00e9curit\u00e9, puis s\u00e9lectionnez Supprimer l\u2019historique de navigation.<br \/>\nCochez la case Cookies et donn\u00e9es de site web, puis s\u00e9lectionnez Supprimer.<\/p>\n<p>Pour toutes questions, r\u00e9clamations ou suggestions sur la gestion des cookies et votre consentement, nous vous remercions de nous contacter via le formulaire de contact.<\/p>\n\n\t\t<\/div>\n\t<\/div>\n<\/div><\/div><\/div><\/div><\/div>\n<\/div>","protected":false},"excerpt":{"rendered":"Lors de la consultation du site des fichiers appel\u00e9s cookies sont d\u00e9pos\u00e9s dans le navigateur de votre ordinateur, de votre tablette ou de votre smartphone. En donnant votre consentement, vous acceptez que le site puisse utiliser des cookies. Vous pouvez \u00e0 tout moment d\u00e9sactiver ces cookies \u00e0 partir de la [...]","protected":false},"author":1,"featured_media":0,"parent":0,"menu_order":0,"comment_status":"closed","ping_status":"closed","template":"","meta":{"inline_featured_image":false,"footnotes":""},"class_list":["post-3790","page","type-page","status-publish","hentry"],"yoast_head":"<!-- This site is optimized with the Yoast SEO plugin v26.6 - https:\/\/yoast.com\/wordpress\/plugins\/seo\/ -->\n<title>Politique relative aux cookies - Lucienne la Parisienne<\/title>\n<meta name=\"robots\" content=\"index, follow, max-snippet:-1, max-image-preview:large, max-video-preview:-1\" \/>\n<link rel=\"canonical\" href=\"https:\/\/luciennelaparisienne.fr\/it\/politique-relative-aux-cookies\/\" \/>\n<meta property=\"og:locale\" content=\"it_IT\" \/>\n<meta property=\"og:type\" content=\"article\" \/>\n<meta property=\"og:title\" content=\"Politique relative aux cookies - Lucienne la Parisienne\" \/>\n<meta property=\"og:url\" content=\"https:\/\/luciennelaparisienne.fr\/it\/politique-relative-aux-cookies\/\" \/>\n<meta property=\"og:site_name\" content=\"Lucienne la Parisienne\" \/>\n<meta property=\"article:modified_time\" content=\"2023-08-30T22:33:19+00:00\" \/>\n<meta name=\"twitter:card\" content=\"summary_large_image\" \/>\n<meta name=\"twitter:label1\" content=\"Tempo di lettura stimato\" \/>\n\t<meta name=\"twitter:data1\" content=\"4 minuti\" \/>\n<script type=\"application\/ld+json\" class=\"yoast-schema-graph\">{\"@context\":\"https:\/\/schema.org\",\"@graph\":[{\"@type\":\"WebPage\",\"@id\":\"https:\/\/luciennelaparisienne.fr\/politique-relative-aux-cookies\/\",\"url\":\"https:\/\/luciennelaparisienne.fr\/politique-relative-aux-cookies\/\",\"name\":\"Politique relative aux cookies - Lucienne la Parisienne\",\"isPartOf\":{\"@id\":\"https:\/\/luciennelaparisienne.fr\/#website\"},\"datePublished\":\"2023-08-30T22:20:36+00:00\",\"dateModified\":\"2023-08-30T22:33:19+00:00\",\"breadcrumb\":{\"@id\":\"https:\/\/luciennelaparisienne.fr\/politique-relative-aux-cookies\/#breadcrumb\"},\"inLanguage\":\"it-IT\",\"potentialAction\":[{\"@type\":\"ReadAction\",\"target\":[\"https:\/\/luciennelaparisienne.fr\/politique-relative-aux-cookies\/\"]}]},{\"@type\":\"BreadcrumbList\",\"@id\":\"https:\/\/luciennelaparisienne.fr\/politique-relative-aux-cookies\/#breadcrumb\",\"itemListElement\":[{\"@type\":\"ListItem\",\"position\":1,\"name\":\"Accueil\",\"item\":\"https:\/\/luciennelaparisienne.fr\/\"},{\"@type\":\"ListItem\",\"position\":2,\"name\":\"Politique relative aux cookies\"}]},{\"@type\":\"WebSite\",\"@id\":\"https:\/\/luciennelaparisienne.fr\/#website\",\"url\":\"https:\/\/luciennelaparisienne.fr\/\",\"name\":\"Lucienne la Parisienne\",\"description\":\"Produits pour Teckels\",\"potentialAction\":[{\"@type\":\"SearchAction\",\"target\":{\"@type\":\"EntryPoint\",\"urlTemplate\":\"https:\/\/luciennelaparisienne.fr\/?s={search_term_string}\"},\"query-input\":{\"@type\":\"PropertyValueSpecification\",\"valueRequired\":true,\"valueName\":\"search_term_string\"}}],\"inLanguage\":\"it-IT\"}]}<\/script>\n<!-- \/ Yoast SEO plugin. -->","yoast_head_json":{"title":"Politique relative aux cookies - Lucienne la Parisienne","robots":{"index":"index","follow":"follow","max-snippet":"max-snippet:-1","max-image-preview":"max-image-preview:large","max-video-preview":"max-video-preview:-1"},"canonical":"https:\/\/luciennelaparisienne.fr\/it\/politique-relative-aux-cookies\/","og_locale":"it_IT","og_type":"article","og_title":"Politique relative aux cookies - Lucienne la Parisienne","og_url":"https:\/\/luciennelaparisienne.fr\/it\/politique-relative-aux-cookies\/","og_site_name":"Lucienne la Parisienne","article_modified_time":"2023-08-30T22:33:19+00:00","twitter_card":"summary_large_image","twitter_misc":{"Tempo di lettura stimato":"4 minuti"},"schema":{"@context":"https:\/\/schema.org","@graph":[{"@type":"WebPage","@id":"https:\/\/luciennelaparisienne.fr\/politique-relative-aux-cookies\/","url":"https:\/\/luciennelaparisienne.fr\/politique-relative-aux-cookies\/","name":"Politique relative aux cookies - Lucienne la Parisienne","isPartOf":{"@id":"https:\/\/luciennelaparisienne.fr\/#website"},"datePublished":"2023-08-30T22:20:36+00:00","dateModified":"2023-08-30T22:33:19+00:00","breadcrumb":{"@id":"https:\/\/luciennelaparisienne.fr\/politique-relative-aux-cookies\/#breadcrumb"},"inLanguage":"it-IT","potentialAction":[{"@type":"ReadAction","target":["https:\/\/luciennelaparisienne.fr\/politique-relative-aux-cookies\/"]}]},{"@type":"BreadcrumbList","@id":"https:\/\/luciennelaparisienne.fr\/politique-relative-aux-cookies\/#breadcrumb","itemListElement":[{"@type":"ListItem","position":1,"name":"Accueil","item":"https:\/\/luciennelaparisienne.fr\/"},{"@type":"ListItem","position":2,"name":"Politique relative aux cookies"}]},{"@type":"WebSite","@id":"https:\/\/luciennelaparisienne.fr\/#website","url":"https:\/\/luciennelaparisienne.fr\/","name":"Lucienne la Parisienne","description":"Produits pour Teckels","potentialAction":[{"@type":"SearchAction","target":{"@type":"EntryPoint","urlTemplate":"https:\/\/luciennelaparisienne.fr\/?s={search_term_string}"},"query-input":{"@type":"PropertyValueSpecification","valueRequired":true,"valueName":"search_term_string"}}],"inLanguage":"it-IT"}]}},"_links":{"self":[{"href":"https:\/\/luciennelaparisienne.fr\/it\/wp-json\/wp\/v2\/pages\/3790","targetHints":{"allow":["GET"]}}],"collection":[{"href":"https:\/\/luciennelaparisienne.fr\/it\/wp-json\/wp\/v2\/pages"}],"about":[{"href":"https:\/\/luciennelaparisienne.fr\/it\/wp-json\/wp\/v2\/types\/page"}],"author":[{"embeddable":true,"href":"https:\/\/luciennelaparisienne.fr\/it\/wp-json\/wp\/v2\/users\/1"}],"replies":[{"embeddable":true,"href":"https:\/\/luciennelaparisienne.fr\/it\/wp-json\/wp\/v2\/comments?post=3790"}],"version-history":[{"count":4,"href":"https:\/\/luciennelaparisienne.fr\/it\/wp-json\/wp\/v2\/pages\/3790\/revisions"}],"predecessor-version":[{"id":3794,"href":"https:\/\/luciennelaparisienne.fr\/it\/wp-json\/wp\/v2\/pages\/3790\/revisions\/3794"}],"wp:attachment":[{"href":"https:\/\/luciennelaparisienne.fr\/it\/wp-json\/wp\/v2\/media?parent=3790"}],"curies":[{"name":"wp","href":"https:\/\/api.w.org\/{rel}","templated":true}]}}