{"id":11665,"date":"2024-06-25T13:55:44","date_gmt":"2024-06-25T11:55:44","guid":{"rendered":"https:\/\/luciennelaparisienne.fr\/?post_type=product&#038;p=11665"},"modified":"2026-04-27T15:45:35","modified_gmt":"2026-04-27T13:45:35","slug":"gilet-de-natation-la-parisienne","status":"publish","type":"product","link":"https:\/\/luciennelaparisienne.fr\/it\/prodotto\/gilet-de-natation-la-parisienne\/","title":{"rendered":"Giubbotto da nuoto \"La Parisienne\""},"content":{"rendered":"<p><strong>Giubbotto salvagente \"La Parisienne\"<\/strong><br \/>\n<span style=\"font-size: 10pt;\">Il giubbotto salvagente a righe \u00e8 una collezione limitata per quest\u2019estate nello stile di Lucienne la Parisienne!<\/span><br \/>\n<span style=\"font-size: 10pt;\">\u00c8 indispensabile avere un giubbotto di galleggiamento appositamente progettato per un bassotto. Prima di tutto perch\u00e9 i nostri giubbotti sono realizzati su misura. La maggior parte dei giubbotti classici \u00e8 troppo corta e larga per un bassotto.<\/span><br \/>\n<span style=\"font-size: 10pt;\">I nostri giubbotti coprono l\u2019intera schiena e permettono di mantenere il vostro bassotto a galla in posizione orizzontale. Grazie alla galleggiabilit\u00e0 del giubbotto, il cane pu\u00f2 muovere bene le zampe e rinforzare la schiena in modo equilibrato, senza essere costretto ad inarcare il dorso e il collo!<\/span><br \/>\n<span style=\"font-size: 10pt;\">M\u00eame si votre animal sait nager, le gilet limite le risque de noyade lorsqu\u2019il y a des courants tr\u00e8s forts. Avec le gilet, le chien est moins fatigu\u00e9 et va profiter de la baignade.<\/span><br \/>\n<span style=\"font-size: 10pt;\">La poign\u00e9e sur le dessus permet de soulever votre chien si vous \u00eates en bateau ou sur stand-up paddle. Les bandes r\u00e9fl\u00e9chissantes permettent de ne pas perdre de vue votre teckel.<\/span><br \/>\n<span style=\"font-size: 10pt;\">Infine, ogni giubbotto \u00e8 dotato di una borsa in rete dove puoi riporre il guinzaglio durante il bagno e poi asciugare il giubbotto direttamente nella sua borsa.<\/span><\/p>\n<p><strong>Manutenzione:\u00a0<\/strong><span style=\"font-size: 10pt;\">Risciacquare il gilet dopo ogni utilizzo con un getto di acqua dolce e lasciarlo asciugare all'aria senza esporlo direttamente al sole.<\/span><\/p>\n<p><strong>Tailles disponibles :<\/strong> <span style=\"font-size: 10pt;\">SX, S, M et L. <em>Possible commander en XXS.<\/em><\/span><br \/>\n<span style=\"font-size: 10pt;\">Per facilitare la scelta del giubbotto, qui sotto sono indicate le lunghezze del dorso di ogni giubbotto per taglia:<\/span><br \/>\n<span style=\"font-size: 10pt;\">XXS 25cm (Bassotto Kaninchen e cuccioli 3-4kg)<\/span><br \/>\n<span style=\"font-size: 10pt;\">XS 25cm (Bassotto Kaninchen 4-5 kg)<\/span><br \/>\n<span style=\"font-size: 10pt;\">S 30 cm (Bassotto Nano 6-7 kg)<\/span><br \/>\n<span style=\"font-size: 10pt;\">M 35 cm (Bassotto Standard 8-9 kg)<\/span><br \/>\n<span style=\"font-size: 10pt;\">L 39cm (Bassotto grande standard 10-12 kg)<\/span><br \/>\n<em><span style=\"font-size: 10pt;\">Attention ! Le gilet ne doit pas couvrir tout le dos jusqu&rsquo;au la base de la queue, ce n&rsquo;est pas un manteau.<\/span><\/em><\/p>\n<p class=\"p1\"><strong><span class=\"s1\">Avvertenze di sicurezza: <\/span><\/strong><span class=\"s1\">Da utilizzare sotto supervisione umana. Prodotto non destinato all\u2019uso per il salvataggio professionale.<\/span><\/p>","protected":false},"excerpt":{"rendered":"<p>Gilet de natation \u00ab La Parisienne\u00bb Le gilet de natation en rayures est une collection limit\u00e9e de cet \u00e9t\u00e9 dans le style de Lucienne la Parisienne! C\u2019est indispensable d\u2019avoir un gilet de flottaison sp\u00e9cialement con\u00e7u pour un teckel. Tout d\u2019abord, parce que nos gilets sont faits sur mesure. La plupart [&hellip;]<\/p>","protected":false},"featured_media":13723,"comment_status":"open","ping_status":"closed","template":"","meta":{"inline_featured_image":false},"product_brand":[],"product_cat":[156,191,157,70,73],"product_tag":[],"class_list":{"0":"post-11665","1":"product","2":"type-product","3":"status-publish","4":"has-post-thumbnail","6":"product_cat-collections","7":"product_cat-gilets-de-natation","8":"product_cat-la-parisienne","9":"product_cat-pour-nos-teckels","10":"product_cat-pour-voyager","12":"first","13":"instock","14":"taxable","15":"shipping-taxable","16":"purchasable","17":"product-type-variable"},"yoast_head":"<!-- This site is optimized with the Yoast SEO plugin v26.6 - https:\/\/yoast.com\/wordpress\/plugins\/seo\/ -->\n<title>Gilet de natation, Gilet de sauvetage pour Chien, Teckel<\/title>\n<meta name=\"description\" content=\"Magnifiques v\u00eatements &amp; accessoires pour prendre soin de son chien. Produits con\u00e7us pour les teckels 100% artisanaux et fabriqu\u00e9s en France.\" \/>\n<meta name=\"robots\" content=\"index, follow, max-snippet:-1, max-image-preview:large, max-video-preview:-1\" \/>\n<link rel=\"canonical\" href=\"https:\/\/luciennelaparisienne.fr\/it\/prodotto\/gilet-de-natation-la-parisienne\/\" \/>\n<meta property=\"og:locale\" content=\"it_IT\" \/>\n<meta property=\"og:type\" content=\"article\" \/>\n<meta property=\"og:title\" content=\"Gilet de natation, Gilet de sauvetage pour Chien, Teckel\" \/>\n<meta property=\"og:description\" content=\"Magnifiques v\u00eatements &amp; accessoires pour prendre soin de son chien. Produits con\u00e7us pour les teckels 100% artisanaux et fabriqu\u00e9s en France.\" \/>\n<meta property=\"og:url\" content=\"https:\/\/luciennelaparisienne.fr\/it\/prodotto\/gilet-de-natation-la-parisienne\/\" \/>\n<meta property=\"og:site_name\" content=\"Lucienne la Parisienne\" \/>\n<meta property=\"article:modified_time\" content=\"2026-04-27T13:45:35+00:00\" \/>\n<meta property=\"og:image\" content=\"https:\/\/luciennelaparisienne.fr\/wp-content\/uploads\/2025\/04\/8-01.jpg\" \/>\n\t<meta property=\"og:image:width\" content=\"1553\" \/>\n\t<meta property=\"og:image:height\" content=\"1553\" \/>\n\t<meta property=\"og:image:type\" content=\"image\/jpeg\" \/>\n<meta name=\"twitter:card\" content=\"summary_large_image\" \/>\n<meta name=\"twitter:label1\" content=\"Tempo di lettura stimato\" \/>\n\t<meta name=\"twitter:data1\" content=\"2 minuti\" \/>\n<script type=\"application\/ld+json\" class=\"yoast-schema-graph\">{\"@context\":\"https:\/\/schema.org\",\"@graph\":[{\"@type\":\"WebPage\",\"@id\":\"https:\/\/luciennelaparisienne.fr\/produit\/gilet-de-natation-la-parisienne\/\",\"url\":\"https:\/\/luciennelaparisienne.fr\/produit\/gilet-de-natation-la-parisienne\/\",\"name\":\"Gilet de natation, Gilet de sauvetage pour Chien, Teckel\",\"isPartOf\":{\"@id\":\"https:\/\/luciennelaparisienne.fr\/#website\"},\"primaryImageOfPage\":{\"@id\":\"https:\/\/luciennelaparisienne.fr\/produit\/gilet-de-natation-la-parisienne\/#primaryimage\"},\"image\":{\"@id\":\"https:\/\/luciennelaparisienne.fr\/produit\/gilet-de-natation-la-parisienne\/#primaryimage\"},\"thumbnailUrl\":\"https:\/\/luciennelaparisienne.fr\/wp-content\/uploads\/2025\/04\/8-01.jpg\",\"datePublished\":\"2024-06-25T11:55:44+00:00\",\"dateModified\":\"2026-04-27T13:45:35+00:00\",\"description\":\"Magnifiques v\u00eatements & accessoires pour prendre soin de son chien. Produits con\u00e7us pour les teckels 100% artisanaux et fabriqu\u00e9s en France.\",\"breadcrumb\":{\"@id\":\"https:\/\/luciennelaparisienne.fr\/produit\/gilet-de-natation-la-parisienne\/#breadcrumb\"},\"inLanguage\":\"it-IT\",\"potentialAction\":[{\"@type\":\"ReadAction\",\"target\":[\"https:\/\/luciennelaparisienne.fr\/produit\/gilet-de-natation-la-parisienne\/\"]}]},{\"@type\":\"ImageObject\",\"inLanguage\":\"it-IT\",\"@id\":\"https:\/\/luciennelaparisienne.fr\/produit\/gilet-de-natation-la-parisienne\/#primaryimage\",\"url\":\"https:\/\/luciennelaparisienne.fr\/wp-content\/uploads\/2025\/04\/8-01.jpg\",\"contentUrl\":\"https:\/\/luciennelaparisienne.fr\/wp-content\/uploads\/2025\/04\/8-01.jpg\",\"width\":1553,\"height\":1553},{\"@type\":\"BreadcrumbList\",\"@id\":\"https:\/\/luciennelaparisienne.fr\/produit\/gilet-de-natation-la-parisienne\/#breadcrumb\",\"itemListElement\":[{\"@type\":\"ListItem\",\"position\":1,\"name\":\"Accueil\",\"item\":\"https:\/\/luciennelaparisienne.fr\/\"},{\"@type\":\"ListItem\",\"position\":2,\"name\":\"Boutique\",\"item\":\"https:\/\/luciennelaparisienne.fr\/shop\/\"},{\"@type\":\"ListItem\",\"position\":3,\"name\":\"Gilet de natation La Parisienne\"}]},{\"@type\":\"WebSite\",\"@id\":\"https:\/\/luciennelaparisienne.fr\/#website\",\"url\":\"https:\/\/luciennelaparisienne.fr\/\",\"name\":\"Lucienne la Parisienne\",\"description\":\"Produits pour Teckels\",\"potentialAction\":[{\"@type\":\"SearchAction\",\"target\":{\"@type\":\"EntryPoint\",\"urlTemplate\":\"https:\/\/luciennelaparisienne.fr\/?s={search_term_string}\"},\"query-input\":{\"@type\":\"PropertyValueSpecification\",\"valueRequired\":true,\"valueName\":\"search_term_string\"}}],\"inLanguage\":\"it-IT\"}]}<\/script>\n<!-- \/ Yoast SEO plugin. -->","yoast_head_json":{"title":"Gilet de natation, Gilet de sauvetage pour Chien, Teckel","description":"Magnifiques v\u00eatements & accessoires pour prendre soin de son chien. Produits con\u00e7us pour les teckels 100% artisanaux et fabriqu\u00e9s en France.","robots":{"index":"index","follow":"follow","max-snippet":"max-snippet:-1","max-image-preview":"max-image-preview:large","max-video-preview":"max-video-preview:-1"},"canonical":"https:\/\/luciennelaparisienne.fr\/it\/prodotto\/gilet-de-natation-la-parisienne\/","og_locale":"it_IT","og_type":"article","og_title":"Gilet de natation, Gilet de sauvetage pour Chien, Teckel","og_description":"Magnifiques v\u00eatements & accessoires pour prendre soin de son chien. Produits con\u00e7us pour les teckels 100% artisanaux et fabriqu\u00e9s en France.","og_url":"https:\/\/luciennelaparisienne.fr\/it\/prodotto\/gilet-de-natation-la-parisienne\/","og_site_name":"Lucienne la Parisienne","article_modified_time":"2026-04-27T13:45:35+00:00","og_image":[{"width":1553,"height":1553,"url":"https:\/\/luciennelaparisienne.fr\/wp-content\/uploads\/2025\/04\/8-01.jpg","type":"image\/jpeg"}],"twitter_card":"summary_large_image","twitter_misc":{"Tempo di lettura stimato":"2 minuti"},"schema":{"@context":"https:\/\/schema.org","@graph":[{"@type":"WebPage","@id":"https:\/\/luciennelaparisienne.fr\/produit\/gilet-de-natation-la-parisienne\/","url":"https:\/\/luciennelaparisienne.fr\/produit\/gilet-de-natation-la-parisienne\/","name":"Gilet de natation, Gilet de sauvetage pour Chien, Teckel","isPartOf":{"@id":"https:\/\/luciennelaparisienne.fr\/#website"},"primaryImageOfPage":{"@id":"https:\/\/luciennelaparisienne.fr\/produit\/gilet-de-natation-la-parisienne\/#primaryimage"},"image":{"@id":"https:\/\/luciennelaparisienne.fr\/produit\/gilet-de-natation-la-parisienne\/#primaryimage"},"thumbnailUrl":"https:\/\/luciennelaparisienne.fr\/wp-content\/uploads\/2025\/04\/8-01.jpg","datePublished":"2024-06-25T11:55:44+00:00","dateModified":"2026-04-27T13:45:35+00:00","description":"Magnifiques v\u00eatements & accessoires pour prendre soin de son chien. Produits con\u00e7us pour les teckels 100% artisanaux et fabriqu\u00e9s en France.","breadcrumb":{"@id":"https:\/\/luciennelaparisienne.fr\/produit\/gilet-de-natation-la-parisienne\/#breadcrumb"},"inLanguage":"it-IT","potentialAction":[{"@type":"ReadAction","target":["https:\/\/luciennelaparisienne.fr\/produit\/gilet-de-natation-la-parisienne\/"]}]},{"@type":"ImageObject","inLanguage":"it-IT","@id":"https:\/\/luciennelaparisienne.fr\/produit\/gilet-de-natation-la-parisienne\/#primaryimage","url":"https:\/\/luciennelaparisienne.fr\/wp-content\/uploads\/2025\/04\/8-01.jpg","contentUrl":"https:\/\/luciennelaparisienne.fr\/wp-content\/uploads\/2025\/04\/8-01.jpg","width":1553,"height":1553},{"@type":"BreadcrumbList","@id":"https:\/\/luciennelaparisienne.fr\/produit\/gilet-de-natation-la-parisienne\/#breadcrumb","itemListElement":[{"@type":"ListItem","position":1,"name":"Accueil","item":"https:\/\/luciennelaparisienne.fr\/"},{"@type":"ListItem","position":2,"name":"Boutique","item":"https:\/\/luciennelaparisienne.fr\/shop\/"},{"@type":"ListItem","position":3,"name":"Gilet de natation La Parisienne"}]},{"@type":"WebSite","@id":"https:\/\/luciennelaparisienne.fr\/#website","url":"https:\/\/luciennelaparisienne.fr\/","name":"Lucienne la Parisienne","description":"Produits pour Teckels","potentialAction":[{"@type":"SearchAction","target":{"@type":"EntryPoint","urlTemplate":"https:\/\/luciennelaparisienne.fr\/?s={search_term_string}"},"query-input":{"@type":"PropertyValueSpecification","valueRequired":true,"valueName":"search_term_string"}}],"inLanguage":"it-IT"}]}},"_links":{"self":[{"href":"https:\/\/luciennelaparisienne.fr\/it\/wp-json\/wp\/v2\/product\/11665","targetHints":{"allow":["GET"]}}],"collection":[{"href":"https:\/\/luciennelaparisienne.fr\/it\/wp-json\/wp\/v2\/product"}],"about":[{"href":"https:\/\/luciennelaparisienne.fr\/it\/wp-json\/wp\/v2\/types\/product"}],"replies":[{"embeddable":true,"href":"https:\/\/luciennelaparisienne.fr\/it\/wp-json\/wp\/v2\/comments?post=11665"}],"wp:featuredmedia":[{"embeddable":true,"href":"https:\/\/luciennelaparisienne.fr\/it\/wp-json\/wp\/v2\/media\/13723"}],"wp:attachment":[{"href":"https:\/\/luciennelaparisienne.fr\/it\/wp-json\/wp\/v2\/media?parent=11665"}],"wp:term":[{"taxonomy":"product_brand","embeddable":true,"href":"https:\/\/luciennelaparisienne.fr\/it\/wp-json\/wp\/v2\/product_brand?post=11665"},{"taxonomy":"product_cat","embeddable":true,"href":"https:\/\/luciennelaparisienne.fr\/it\/wp-json\/wp\/v2\/product_cat?post=11665"},{"taxonomy":"product_tag","embeddable":true,"href":"https:\/\/luciennelaparisienne.fr\/it\/wp-json\/wp\/v2\/product_tag?post=11665"}],"curies":[{"name":"wp","href":"https:\/\/api.w.org\/{rel}","templated":true}]}}