{"id":12202,"date":"2024-10-23T23:39:05","date_gmt":"2024-10-23T21:39:05","guid":{"rendered":"https:\/\/luciennelaparisienne.fr\/?post_type=product&#038;p=12202"},"modified":"2026-04-17T12:05:26","modified_gmt":"2026-04-17T10:05:26","slug":"panier-vaux-le-vicomte","status":"publish","type":"product","link":"https:\/\/luciennelaparisienne.fr\/it\/prodotto\/panier-vaux-le-vicomte\/","title":{"rendered":"Panier Vaux le Vicomte"},"content":{"rendered":"<p><b>Panier Vaux le Vicomte\u00a0<\/b><br \/>\n<span style=\"font-size: 10pt;\"><span style=\"font-weight: 400;\">Nos paniers<\/span> <span style=\"font-weight: 400;\">Vaux le Vicomte sont fabriqu\u00e9s en tissu d&rsquo;ameublement anti tache et anti griffures. Leur velours c\u00f4tel\u00e9, \u00e0 la fois tr\u00e8s doux au toucher et extr\u00eamement r\u00e9sistant, est sp\u00e9cialement con\u00e7u pour les meubles tels que canap\u00e9s et fauteuils.<\/span><\/span><br \/>\n<span style=\"font-weight: 400; font-size: 10pt;\">Cette mati\u00e8re haut de gamme r\u00e9siste aux poils de chien et \u00e0 la salet\u00e9 : un simple coup d&rsquo;\u00e9ponge suffit pour le nettoyage quotidien.<\/span><br \/>\n<span style=\"font-weight: 400; font-size: 10pt;\">Les bords sur\u00e9lev\u00e9s offrent une v\u00e9ritable sensation de nid douillet, cr\u00e9ant un sentiment de s\u00e9curit\u00e9 et de confort pour votre teckel. Le coussin est amovible pour un entretien facilit\u00e9.<\/span><br \/>\n<span style=\"font-weight: 400; font-size: 10pt;\">Chaque panier est fabriqu\u00e9 \u00e0 la main de fa\u00e7on artisanale, rembourr\u00e9 d&rsquo;une garniture stable et ferme qui conserve sa forme au fil du temps et apr\u00e8s de nombreux lavages.<\/span><br \/>\n<span style=\"font-weight: 400; font-size: 10pt;\">Ce panier au look moderne et tendance s&rsquo;int\u00e8gre parfaitement \u00e0 votre int\u00e9rieur.<\/span><br \/>\n<span style=\"font-size: 10pt;\"><i><span style=\"font-weight: 400;\">Taille XL disponible sur demande.<\/span><\/i><\/span><\/p>\n<p><b>Caratteristiche: <span style=\"font-weight: 400; font-size: 10pt;\">Velours d&rsquo;ameublements 100 % polyester, r\u00e9sistante et facile d&rsquo;entretien, anti taches et anti griffures.<\/span><br \/>\n<\/b><span style=\"font-size: 10pt;\">Remplissage en<\/span><b><span style=\"font-size: 10pt;\"> <span style=\"font-weight: 400;\">flocons de fibres hypoallerg\u00e9niques anti boulochage, qui conservent leur forme m\u00eame apr\u00e8s les lavages.<\/span><\/span><\/b><\/p>\n<p><b>Manutenzione: <\/b><span style=\"font-size: 10pt;\"><span style=\"font-weight: 400;\">Lavage en machine \u00e0 30 \u00b0C. <\/span><span style=\"font-weight: 400;\">S\u00e9chage l\u00e9ger recommand\u00e9. <\/span><span style=\"font-weight: 400;\">Pour les petites taches du quotidien, une \u00e9ponge humide suffit.\u00a0<\/span><\/span><\/p>\n<p><b>Dimensions : <\/b><span style=\"font-weight: 400; font-size: 10pt;\">65 cm x 45 cm x 23 cm<\/span><\/p>\n<p><em><span style=\"font-size: 10pt;\">Merci de noter que les couleurs visibles sur les photos peuvent l\u00e9g\u00e8rement varier selon les \u00e9crans.<\/span><\/em><\/p>","protected":false},"excerpt":{"rendered":"<p>Panier Vaux le Vicomte\u00a0 Nos paniers Vaux le Vicomte sont fabriqu\u00e9s en tissu d&rsquo;ameublement anti tache et anti griffures. Leur velours c\u00f4tel\u00e9, \u00e0 la fois tr\u00e8s doux au toucher et extr\u00eamement r\u00e9sistant, est sp\u00e9cialement con\u00e7u pour les meubles tels que canap\u00e9s et fauteuils. Cette mati\u00e8re haut de gamme r\u00e9siste aux [&hellip;]<\/p>","protected":false},"featured_media":16610,"comment_status":"open","ping_status":"closed","template":"","meta":{"inline_featured_image":false},"product_brand":[],"product_cat":[150,70,71],"product_tag":[],"class_list":{"0":"post-12202","1":"product","2":"type-product","3":"status-publish","4":"has-post-thumbnail","6":"product_cat-paniers-coussins-niches-paniers-voiture","7":"product_cat-pour-nos-teckels","8":"product_cat-pour-se-coucher","10":"first","11":"instock","12":"featured","13":"taxable","14":"shipping-taxable","15":"purchasable","16":"product-type-variable"},"yoast_head":"<!-- This site is optimized with the Yoast SEO plugin v26.6 - https:\/\/yoast.com\/wordpress\/plugins\/seo\/ -->\n<title>Panier Haut de Gamme pour Teckel, Chien, Chiots<\/title>\n<meta name=\"description\" content=\"D\u00e9couvrez le panier Vaux le Vicomte : velours c\u00f4tel\u00e9 anti-griffures et anti-taches, fabrication artisanale, coussin amovible facile d&#039;entretien. Un couchage haut de gamme pour votre teckel.\" \/>\n<meta name=\"robots\" content=\"index, follow, max-snippet:-1, max-image-preview:large, max-video-preview:-1\" \/>\n<link rel=\"canonical\" href=\"https:\/\/luciennelaparisienne.fr\/it\/prodotto\/panier-vaux-le-vicomte\/\" \/>\n<meta property=\"og:locale\" content=\"it_IT\" \/>\n<meta property=\"og:type\" content=\"article\" \/>\n<meta property=\"og:title\" content=\"Panier Haut de Gamme pour Teckel, Chien, Chiots\" \/>\n<meta property=\"og:description\" content=\"D\u00e9couvrez le panier Vaux le Vicomte : velours c\u00f4tel\u00e9 anti-griffures et anti-taches, fabrication artisanale, coussin amovible facile d&#039;entretien. Un couchage haut de gamme pour votre teckel.\" \/>\n<meta property=\"og:url\" content=\"https:\/\/luciennelaparisienne.fr\/it\/prodotto\/panier-vaux-le-vicomte\/\" \/>\n<meta property=\"og:site_name\" content=\"Lucienne la Parisienne\" \/>\n<meta property=\"article:modified_time\" content=\"2026-04-17T10:05:26+00:00\" \/>\n<meta property=\"og:image\" content=\"https:\/\/luciennelaparisienne.fr\/wp-content\/uploads\/2024\/10\/1-22.jpg\" \/>\n\t<meta property=\"og:image:width\" content=\"965\" \/>\n\t<meta property=\"og:image:height\" content=\"965\" \/>\n\t<meta property=\"og:image:type\" content=\"image\/jpeg\" \/>\n<meta name=\"twitter:card\" content=\"summary_large_image\" \/>\n<meta name=\"twitter:label1\" content=\"Tempo di lettura stimato\" \/>\n\t<meta name=\"twitter:data1\" content=\"2 minuti\" \/>\n<script type=\"application\/ld+json\" class=\"yoast-schema-graph\">{\"@context\":\"https:\/\/schema.org\",\"@graph\":[{\"@type\":\"WebPage\",\"@id\":\"https:\/\/luciennelaparisienne.fr\/produit\/panier-vaux-le-vicomte\/\",\"url\":\"https:\/\/luciennelaparisienne.fr\/produit\/panier-vaux-le-vicomte\/\",\"name\":\"Panier Haut de Gamme pour Teckel, Chien, Chiots\",\"isPartOf\":{\"@id\":\"https:\/\/luciennelaparisienne.fr\/#website\"},\"primaryImageOfPage\":{\"@id\":\"https:\/\/luciennelaparisienne.fr\/produit\/panier-vaux-le-vicomte\/#primaryimage\"},\"image\":{\"@id\":\"https:\/\/luciennelaparisienne.fr\/produit\/panier-vaux-le-vicomte\/#primaryimage\"},\"thumbnailUrl\":\"https:\/\/luciennelaparisienne.fr\/wp-content\/uploads\/2024\/10\/1-22.jpg\",\"datePublished\":\"2024-10-23T21:39:05+00:00\",\"dateModified\":\"2026-04-17T10:05:26+00:00\",\"description\":\"D\u00e9couvrez le panier Vaux le Vicomte : velours c\u00f4tel\u00e9 anti-griffures et anti-taches, fabrication artisanale, coussin amovible facile d'entretien. Un couchage haut de gamme pour votre teckel.\",\"breadcrumb\":{\"@id\":\"https:\/\/luciennelaparisienne.fr\/produit\/panier-vaux-le-vicomte\/#breadcrumb\"},\"inLanguage\":\"it-IT\",\"potentialAction\":[{\"@type\":\"ReadAction\",\"target\":[\"https:\/\/luciennelaparisienne.fr\/produit\/panier-vaux-le-vicomte\/\"]}]},{\"@type\":\"ImageObject\",\"inLanguage\":\"it-IT\",\"@id\":\"https:\/\/luciennelaparisienne.fr\/produit\/panier-vaux-le-vicomte\/#primaryimage\",\"url\":\"https:\/\/luciennelaparisienne.fr\/wp-content\/uploads\/2024\/10\/1-22.jpg\",\"contentUrl\":\"https:\/\/luciennelaparisienne.fr\/wp-content\/uploads\/2024\/10\/1-22.jpg\",\"width\":965,\"height\":965},{\"@type\":\"BreadcrumbList\",\"@id\":\"https:\/\/luciennelaparisienne.fr\/produit\/panier-vaux-le-vicomte\/#breadcrumb\",\"itemListElement\":[{\"@type\":\"ListItem\",\"position\":1,\"name\":\"Accueil\",\"item\":\"https:\/\/luciennelaparisienne.fr\/\"},{\"@type\":\"ListItem\",\"position\":2,\"name\":\"Boutique\",\"item\":\"https:\/\/luciennelaparisienne.fr\/shop\/\"},{\"@type\":\"ListItem\",\"position\":3,\"name\":\"Panier Vaux le Vicomte\"}]},{\"@type\":\"WebSite\",\"@id\":\"https:\/\/luciennelaparisienne.fr\/#website\",\"url\":\"https:\/\/luciennelaparisienne.fr\/\",\"name\":\"Lucienne la Parisienne\",\"description\":\"Produits pour Teckels\",\"potentialAction\":[{\"@type\":\"SearchAction\",\"target\":{\"@type\":\"EntryPoint\",\"urlTemplate\":\"https:\/\/luciennelaparisienne.fr\/?s={search_term_string}\"},\"query-input\":{\"@type\":\"PropertyValueSpecification\",\"valueRequired\":true,\"valueName\":\"search_term_string\"}}],\"inLanguage\":\"it-IT\"}]}<\/script>\n<!-- \/ Yoast SEO plugin. -->","yoast_head_json":{"title":"Panier Haut de Gamme pour Teckel, Chien, Chiots","description":"D\u00e9couvrez le panier Vaux le Vicomte : velours c\u00f4tel\u00e9 anti-griffures et anti-taches, fabrication artisanale, coussin amovible facile d'entretien. Un couchage haut de gamme pour votre teckel.","robots":{"index":"index","follow":"follow","max-snippet":"max-snippet:-1","max-image-preview":"max-image-preview:large","max-video-preview":"max-video-preview:-1"},"canonical":"https:\/\/luciennelaparisienne.fr\/it\/prodotto\/panier-vaux-le-vicomte\/","og_locale":"it_IT","og_type":"article","og_title":"Panier Haut de Gamme pour Teckel, Chien, Chiots","og_description":"D\u00e9couvrez le panier Vaux le Vicomte : velours c\u00f4tel\u00e9 anti-griffures et anti-taches, fabrication artisanale, coussin amovible facile d'entretien. Un couchage haut de gamme pour votre teckel.","og_url":"https:\/\/luciennelaparisienne.fr\/it\/prodotto\/panier-vaux-le-vicomte\/","og_site_name":"Lucienne la Parisienne","article_modified_time":"2026-04-17T10:05:26+00:00","og_image":[{"width":965,"height":965,"url":"https:\/\/luciennelaparisienne.fr\/wp-content\/uploads\/2024\/10\/1-22.jpg","type":"image\/jpeg"}],"twitter_card":"summary_large_image","twitter_misc":{"Tempo di lettura stimato":"2 minuti"},"schema":{"@context":"https:\/\/schema.org","@graph":[{"@type":"WebPage","@id":"https:\/\/luciennelaparisienne.fr\/produit\/panier-vaux-le-vicomte\/","url":"https:\/\/luciennelaparisienne.fr\/produit\/panier-vaux-le-vicomte\/","name":"Panier Haut de Gamme pour Teckel, Chien, Chiots","isPartOf":{"@id":"https:\/\/luciennelaparisienne.fr\/#website"},"primaryImageOfPage":{"@id":"https:\/\/luciennelaparisienne.fr\/produit\/panier-vaux-le-vicomte\/#primaryimage"},"image":{"@id":"https:\/\/luciennelaparisienne.fr\/produit\/panier-vaux-le-vicomte\/#primaryimage"},"thumbnailUrl":"https:\/\/luciennelaparisienne.fr\/wp-content\/uploads\/2024\/10\/1-22.jpg","datePublished":"2024-10-23T21:39:05+00:00","dateModified":"2026-04-17T10:05:26+00:00","description":"D\u00e9couvrez le panier Vaux le Vicomte : velours c\u00f4tel\u00e9 anti-griffures et anti-taches, fabrication artisanale, coussin amovible facile d'entretien. Un couchage haut de gamme pour votre teckel.","breadcrumb":{"@id":"https:\/\/luciennelaparisienne.fr\/produit\/panier-vaux-le-vicomte\/#breadcrumb"},"inLanguage":"it-IT","potentialAction":[{"@type":"ReadAction","target":["https:\/\/luciennelaparisienne.fr\/produit\/panier-vaux-le-vicomte\/"]}]},{"@type":"ImageObject","inLanguage":"it-IT","@id":"https:\/\/luciennelaparisienne.fr\/produit\/panier-vaux-le-vicomte\/#primaryimage","url":"https:\/\/luciennelaparisienne.fr\/wp-content\/uploads\/2024\/10\/1-22.jpg","contentUrl":"https:\/\/luciennelaparisienne.fr\/wp-content\/uploads\/2024\/10\/1-22.jpg","width":965,"height":965},{"@type":"BreadcrumbList","@id":"https:\/\/luciennelaparisienne.fr\/produit\/panier-vaux-le-vicomte\/#breadcrumb","itemListElement":[{"@type":"ListItem","position":1,"name":"Accueil","item":"https:\/\/luciennelaparisienne.fr\/"},{"@type":"ListItem","position":2,"name":"Boutique","item":"https:\/\/luciennelaparisienne.fr\/shop\/"},{"@type":"ListItem","position":3,"name":"Panier Vaux le Vicomte"}]},{"@type":"WebSite","@id":"https:\/\/luciennelaparisienne.fr\/#website","url":"https:\/\/luciennelaparisienne.fr\/","name":"Lucienne la Parisienne","description":"Produits pour Teckels","potentialAction":[{"@type":"SearchAction","target":{"@type":"EntryPoint","urlTemplate":"https:\/\/luciennelaparisienne.fr\/?s={search_term_string}"},"query-input":{"@type":"PropertyValueSpecification","valueRequired":true,"valueName":"search_term_string"}}],"inLanguage":"it-IT"}]}},"_links":{"self":[{"href":"https:\/\/luciennelaparisienne.fr\/it\/wp-json\/wp\/v2\/product\/12202","targetHints":{"allow":["GET"]}}],"collection":[{"href":"https:\/\/luciennelaparisienne.fr\/it\/wp-json\/wp\/v2\/product"}],"about":[{"href":"https:\/\/luciennelaparisienne.fr\/it\/wp-json\/wp\/v2\/types\/product"}],"replies":[{"embeddable":true,"href":"https:\/\/luciennelaparisienne.fr\/it\/wp-json\/wp\/v2\/comments?post=12202"}],"wp:featuredmedia":[{"embeddable":true,"href":"https:\/\/luciennelaparisienne.fr\/it\/wp-json\/wp\/v2\/media\/16610"}],"wp:attachment":[{"href":"https:\/\/luciennelaparisienne.fr\/it\/wp-json\/wp\/v2\/media?parent=12202"}],"wp:term":[{"taxonomy":"product_brand","embeddable":true,"href":"https:\/\/luciennelaparisienne.fr\/it\/wp-json\/wp\/v2\/product_brand?post=12202"},{"taxonomy":"product_cat","embeddable":true,"href":"https:\/\/luciennelaparisienne.fr\/it\/wp-json\/wp\/v2\/product_cat?post=12202"},{"taxonomy":"product_tag","embeddable":true,"href":"https:\/\/luciennelaparisienne.fr\/it\/wp-json\/wp\/v2\/product_tag?post=12202"}],"curies":[{"name":"wp","href":"https:\/\/api.w.org\/{rel}","templated":true}]}}