{"id":12312,"date":"2024-11-14T11:49:21","date_gmt":"2024-11-14T10:49:21","guid":{"rendered":"https:\/\/luciennelaparisienne.fr\/?post_type=product&#038;p=12312"},"modified":"2026-04-22T14:17:35","modified_gmt":"2026-04-22T12:17:35","slug":"doudoune-puppuccino","status":"publish","type":"product","link":"https:\/\/luciennelaparisienne.fr\/it\/prodotto\/doudoune-puppuccino\/","title":{"rendered":"Doudoune Puppuccino"},"content":{"rendered":"<p><strong>Doudoune Puppuccino\u00a0<\/strong><br \/>\n<span style=\"font-size: 10pt;\">La nouvelle Doudoune Puppuccino en moumoute est un manteau \u00e0 la fois chaud, tr\u00e8s l\u00e9ger et imperm\u00e9able. Elle va prot\u00e9ger et chauffer votre teckel pendant les p\u00e9riodes de froid, de temps sec ou de pluie.\u00a0Le manteau couvre tout le dos et a un col haut autour du cou pour bien garder la chaleur.<\/span><br \/>\n<span style=\"font-size: 10pt;\">Il materiale \u00e8 idrorepellente, la piumino \u00e8 molto caldo ed \u00e8 perfetto per i teckel freddolosi o che amano passare le vacanze sulla neve! Finalmente il tuo teckel pu\u00f2 godersi la neve!<\/span><br \/>\n<span style=\"font-size: 10pt;\">Remplissage en polyester donc lavage et s\u00e9chage facile et rapide. En int\u00e9rieur elle est en fausse fourrure moumoute bien douillette. Une ouverture pour le harnais est pr\u00e9vue sur le haut du dos de la doudoune. Tr\u00e8s facile \u00e0 mettre, il suffit de la glisser sur la t\u00eate de votre chien.<\/span><br \/>\n<span style=\"font-size: 10pt;\">Si chiude con una fibbia e cinturini regolabili sulla schiena. Ci sono due elastici regolabili per fissare il cappotto alle zampe per chi lo preferisce.<\/span><\/p>\n<p><strong>Caratteristiche:<\/strong><br \/>\n<span style=\"font-size: 10pt;\">Colore: Moka, Nero<\/span><br \/>\n<span style=\"font-size: 10pt;\">Tessuto: 84% Poliestere, 16% Poliamide<\/span><\/p>\n<p><strong>Manutenzione:<\/strong> <span style=\"font-size: 10pt;\">Lavaggio a mano o in lavatrice a 30 \u00b0C. Centrifuga e asciugatura delicata.<\/span><\/p>\n<p><strong>Disponible en tailles :<\/strong><br \/>\n<span style=\"font-size: 10pt;\">XXS: Bassotto Kaninchen 3-4 kg<\/span><br \/>\n<span style=\"font-size: 10pt;\">XS : Teckel Nain 5 kg<\/span><br \/>\n<span style=\"font-size: 10pt;\">\u00c8 possibile ordinare su misura, grazie di <a href=\"https:\/\/luciennelaparisienne.fr\/contactez-nous\/\"><strong>contattarci tramite la sezione contatti<\/strong><\/a>.<\/span><br \/>\n<span style=\"font-size: 10pt;\"><strong>La produzione su misura avviene dopo il pagamento e richiede 2 settimane.<\/strong><\/span><\/p>\n<p><em>Merci de noter que les couleurs visibles sur les photos peuvent l\u00e9g\u00e8rement varier selon les \u00e9crans.<\/em><\/p>\n<p>&nbsp;<\/p>\n<p>&nbsp;<\/p>","protected":false},"excerpt":{"rendered":"<p>Doudoune Puppuccino\u00a0 La nouvelle Doudoune Puppuccino en moumoute est un manteau \u00e0 la fois chaud, tr\u00e8s l\u00e9ger et imperm\u00e9able. Elle va prot\u00e9ger et chauffer votre teckel pendant les p\u00e9riodes de froid, de temps sec ou de pluie.\u00a0Le manteau couvre tout le dos et a un col haut autour du cou [&hellip;]<\/p>","protected":false},"featured_media":16103,"comment_status":"open","ping_status":"closed","template":"","meta":{"inline_featured_image":false},"product_brand":[],"product_cat":[203,70,72,153],"product_tag":[],"class_list":{"0":"post-12312","1":"product","2":"type-product","3":"status-publish","4":"has-post-thumbnail","6":"product_cat-fin-de-collection","7":"product_cat-pour-nos-teckels","8":"product_cat-pour-shabiller","9":"product_cat-vetements","11":"first","12":"instock","13":"featured","14":"taxable","15":"shipping-taxable","16":"purchasable","17":"product-type-variable"},"yoast_head":"<!-- This site is optimized with the Yoast SEO plugin v26.6 - https:\/\/yoast.com\/wordpress\/plugins\/seo\/ -->\n<title>Doudoune Puppuccino pour Chien, Teckel | Lucienne la Parisienne<\/title>\n<meta name=\"description\" content=\"Magnifiques v\u00eatements &amp; accessoires pour prendre soin de son chien. Produits con\u00e7us pour les teckels 100% artisanaux et fabriqu\u00e9s en France.\" \/>\n<meta name=\"robots\" content=\"index, follow, max-snippet:-1, max-image-preview:large, max-video-preview:-1\" \/>\n<link rel=\"canonical\" href=\"https:\/\/luciennelaparisienne.fr\/it\/prodotto\/doudoune-puppuccino\/\" \/>\n<meta property=\"og:locale\" content=\"it_IT\" \/>\n<meta property=\"og:type\" content=\"article\" \/>\n<meta property=\"og:title\" content=\"Doudoune Puppuccino pour Chien, Teckel | Lucienne la Parisienne\" \/>\n<meta property=\"og:description\" content=\"Magnifiques v\u00eatements &amp; accessoires pour prendre soin de son chien. Produits con\u00e7us pour les teckels 100% artisanaux et fabriqu\u00e9s en France.\" \/>\n<meta property=\"og:url\" content=\"https:\/\/luciennelaparisienne.fr\/it\/prodotto\/doudoune-puppuccino\/\" \/>\n<meta property=\"og:site_name\" content=\"Lucienne la Parisienne\" \/>\n<meta property=\"article:modified_time\" content=\"2026-04-22T12:17:35+00:00\" \/>\n<meta property=\"og:image\" content=\"https:\/\/luciennelaparisienne.fr\/wp-content\/uploads\/2024\/11\/DSC03986temn2-2.jpg\" \/>\n\t<meta property=\"og:image:width\" content=\"812\" \/>\n\t<meta property=\"og:image:height\" content=\"812\" \/>\n\t<meta property=\"og:image:type\" content=\"image\/jpeg\" \/>\n<meta name=\"twitter:card\" content=\"summary_large_image\" \/>\n<meta name=\"twitter:label1\" content=\"Tempo di lettura stimato\" \/>\n\t<meta name=\"twitter:data1\" content=\"2 minuti\" \/>\n<script type=\"application\/ld+json\" class=\"yoast-schema-graph\">{\"@context\":\"https:\/\/schema.org\",\"@graph\":[{\"@type\":\"WebPage\",\"@id\":\"https:\/\/luciennelaparisienne.fr\/produit\/doudoune-puppuccino\/\",\"url\":\"https:\/\/luciennelaparisienne.fr\/produit\/doudoune-puppuccino\/\",\"name\":\"Doudoune Puppuccino pour Chien, Teckel | Lucienne la Parisienne\",\"isPartOf\":{\"@id\":\"https:\/\/luciennelaparisienne.fr\/#website\"},\"primaryImageOfPage\":{\"@id\":\"https:\/\/luciennelaparisienne.fr\/produit\/doudoune-puppuccino\/#primaryimage\"},\"image\":{\"@id\":\"https:\/\/luciennelaparisienne.fr\/produit\/doudoune-puppuccino\/#primaryimage\"},\"thumbnailUrl\":\"https:\/\/luciennelaparisienne.fr\/wp-content\/uploads\/2024\/11\/DSC03986temn2-2.jpg\",\"datePublished\":\"2024-11-14T10:49:21+00:00\",\"dateModified\":\"2026-04-22T12:17:35+00:00\",\"description\":\"Magnifiques v\u00eatements & accessoires pour prendre soin de son chien. Produits con\u00e7us pour les teckels 100% artisanaux et fabriqu\u00e9s en France.\",\"breadcrumb\":{\"@id\":\"https:\/\/luciennelaparisienne.fr\/produit\/doudoune-puppuccino\/#breadcrumb\"},\"inLanguage\":\"it-IT\",\"potentialAction\":[{\"@type\":\"ReadAction\",\"target\":[\"https:\/\/luciennelaparisienne.fr\/produit\/doudoune-puppuccino\/\"]}]},{\"@type\":\"ImageObject\",\"inLanguage\":\"it-IT\",\"@id\":\"https:\/\/luciennelaparisienne.fr\/produit\/doudoune-puppuccino\/#primaryimage\",\"url\":\"https:\/\/luciennelaparisienne.fr\/wp-content\/uploads\/2024\/11\/DSC03986temn2-2.jpg\",\"contentUrl\":\"https:\/\/luciennelaparisienne.fr\/wp-content\/uploads\/2024\/11\/DSC03986temn2-2.jpg\",\"width\":812,\"height\":812},{\"@type\":\"BreadcrumbList\",\"@id\":\"https:\/\/luciennelaparisienne.fr\/produit\/doudoune-puppuccino\/#breadcrumb\",\"itemListElement\":[{\"@type\":\"ListItem\",\"position\":1,\"name\":\"Accueil\",\"item\":\"https:\/\/luciennelaparisienne.fr\/\"},{\"@type\":\"ListItem\",\"position\":2,\"name\":\"Boutique\",\"item\":\"https:\/\/luciennelaparisienne.fr\/shop\/\"},{\"@type\":\"ListItem\",\"position\":3,\"name\":\"Doudoune Puppuccino\"}]},{\"@type\":\"WebSite\",\"@id\":\"https:\/\/luciennelaparisienne.fr\/#website\",\"url\":\"https:\/\/luciennelaparisienne.fr\/\",\"name\":\"Lucienne la Parisienne\",\"description\":\"Produits pour Teckels\",\"potentialAction\":[{\"@type\":\"SearchAction\",\"target\":{\"@type\":\"EntryPoint\",\"urlTemplate\":\"https:\/\/luciennelaparisienne.fr\/?s={search_term_string}\"},\"query-input\":{\"@type\":\"PropertyValueSpecification\",\"valueRequired\":true,\"valueName\":\"search_term_string\"}}],\"inLanguage\":\"it-IT\"}]}<\/script>\n<!-- \/ Yoast SEO plugin. -->","yoast_head_json":{"title":"Doudoune Puppuccino pour Chien, Teckel | Lucienne la Parisienne","description":"Magnifiques v\u00eatements & accessoires pour prendre soin de son chien. Produits con\u00e7us pour les teckels 100% artisanaux et fabriqu\u00e9s en France.","robots":{"index":"index","follow":"follow","max-snippet":"max-snippet:-1","max-image-preview":"max-image-preview:large","max-video-preview":"max-video-preview:-1"},"canonical":"https:\/\/luciennelaparisienne.fr\/it\/prodotto\/doudoune-puppuccino\/","og_locale":"it_IT","og_type":"article","og_title":"Doudoune Puppuccino pour Chien, Teckel | Lucienne la Parisienne","og_description":"Magnifiques v\u00eatements & accessoires pour prendre soin de son chien. Produits con\u00e7us pour les teckels 100% artisanaux et fabriqu\u00e9s en France.","og_url":"https:\/\/luciennelaparisienne.fr\/it\/prodotto\/doudoune-puppuccino\/","og_site_name":"Lucienne la Parisienne","article_modified_time":"2026-04-22T12:17:35+00:00","og_image":[{"width":812,"height":812,"url":"https:\/\/luciennelaparisienne.fr\/wp-content\/uploads\/2024\/11\/DSC03986temn2-2.jpg","type":"image\/jpeg"}],"twitter_card":"summary_large_image","twitter_misc":{"Tempo di lettura stimato":"2 minuti"},"schema":{"@context":"https:\/\/schema.org","@graph":[{"@type":"WebPage","@id":"https:\/\/luciennelaparisienne.fr\/produit\/doudoune-puppuccino\/","url":"https:\/\/luciennelaparisienne.fr\/produit\/doudoune-puppuccino\/","name":"Doudoune Puppuccino pour Chien, Teckel | Lucienne la Parisienne","isPartOf":{"@id":"https:\/\/luciennelaparisienne.fr\/#website"},"primaryImageOfPage":{"@id":"https:\/\/luciennelaparisienne.fr\/produit\/doudoune-puppuccino\/#primaryimage"},"image":{"@id":"https:\/\/luciennelaparisienne.fr\/produit\/doudoune-puppuccino\/#primaryimage"},"thumbnailUrl":"https:\/\/luciennelaparisienne.fr\/wp-content\/uploads\/2024\/11\/DSC03986temn2-2.jpg","datePublished":"2024-11-14T10:49:21+00:00","dateModified":"2026-04-22T12:17:35+00:00","description":"Magnifiques v\u00eatements & accessoires pour prendre soin de son chien. Produits con\u00e7us pour les teckels 100% artisanaux et fabriqu\u00e9s en France.","breadcrumb":{"@id":"https:\/\/luciennelaparisienne.fr\/produit\/doudoune-puppuccino\/#breadcrumb"},"inLanguage":"it-IT","potentialAction":[{"@type":"ReadAction","target":["https:\/\/luciennelaparisienne.fr\/produit\/doudoune-puppuccino\/"]}]},{"@type":"ImageObject","inLanguage":"it-IT","@id":"https:\/\/luciennelaparisienne.fr\/produit\/doudoune-puppuccino\/#primaryimage","url":"https:\/\/luciennelaparisienne.fr\/wp-content\/uploads\/2024\/11\/DSC03986temn2-2.jpg","contentUrl":"https:\/\/luciennelaparisienne.fr\/wp-content\/uploads\/2024\/11\/DSC03986temn2-2.jpg","width":812,"height":812},{"@type":"BreadcrumbList","@id":"https:\/\/luciennelaparisienne.fr\/produit\/doudoune-puppuccino\/#breadcrumb","itemListElement":[{"@type":"ListItem","position":1,"name":"Accueil","item":"https:\/\/luciennelaparisienne.fr\/"},{"@type":"ListItem","position":2,"name":"Boutique","item":"https:\/\/luciennelaparisienne.fr\/shop\/"},{"@type":"ListItem","position":3,"name":"Doudoune Puppuccino"}]},{"@type":"WebSite","@id":"https:\/\/luciennelaparisienne.fr\/#website","url":"https:\/\/luciennelaparisienne.fr\/","name":"Lucienne la Parisienne","description":"Produits pour Teckels","potentialAction":[{"@type":"SearchAction","target":{"@type":"EntryPoint","urlTemplate":"https:\/\/luciennelaparisienne.fr\/?s={search_term_string}"},"query-input":{"@type":"PropertyValueSpecification","valueRequired":true,"valueName":"search_term_string"}}],"inLanguage":"it-IT"}]}},"_links":{"self":[{"href":"https:\/\/luciennelaparisienne.fr\/it\/wp-json\/wp\/v2\/product\/12312","targetHints":{"allow":["GET"]}}],"collection":[{"href":"https:\/\/luciennelaparisienne.fr\/it\/wp-json\/wp\/v2\/product"}],"about":[{"href":"https:\/\/luciennelaparisienne.fr\/it\/wp-json\/wp\/v2\/types\/product"}],"replies":[{"embeddable":true,"href":"https:\/\/luciennelaparisienne.fr\/it\/wp-json\/wp\/v2\/comments?post=12312"}],"wp:featuredmedia":[{"embeddable":true,"href":"https:\/\/luciennelaparisienne.fr\/it\/wp-json\/wp\/v2\/media\/16103"}],"wp:attachment":[{"href":"https:\/\/luciennelaparisienne.fr\/it\/wp-json\/wp\/v2\/media?parent=12312"}],"wp:term":[{"taxonomy":"product_brand","embeddable":true,"href":"https:\/\/luciennelaparisienne.fr\/it\/wp-json\/wp\/v2\/product_brand?post=12312"},{"taxonomy":"product_cat","embeddable":true,"href":"https:\/\/luciennelaparisienne.fr\/it\/wp-json\/wp\/v2\/product_cat?post=12312"},{"taxonomy":"product_tag","embeddable":true,"href":"https:\/\/luciennelaparisienne.fr\/it\/wp-json\/wp\/v2\/product_tag?post=12312"}],"curies":[{"name":"wp","href":"https:\/\/api.w.org\/{rel}","templated":true}]}}