{"id":12511,"date":"2024-11-27T16:18:10","date_gmt":"2024-11-27T15:18:10","guid":{"rendered":"https:\/\/luciennelaparisienne.fr\/?post_type=product&#038;p=12511"},"modified":"2026-02-24T18:30:39","modified_gmt":"2026-02-24T17:30:39","slug":"couverture-leopard","status":"publish","type":"product","link":"https:\/\/luciennelaparisienne.fr\/it\/prodotto\/couverture-leopard\/","title":{"rendered":"Coperta Leopardo"},"content":{"rendered":"<p><span data-contrast=\"none\">Per completare la nostra collezione molto alla moda \"Leopardo\", vi proponiamo questa coperta in pelliccia. La coperta \"double face\" \u00e8 estremamente elegante e morbida.<\/span><\/p>\n<p><span data-contrast=\"none\">I bassotto adorano stare al caldo, soprattutto quelli a pelo corto che sono molto sensibili al freddo. Per questo motivo, le coperte e i plaid saranno molto apprezzati da loro! \u00a0<\/span><\/p>\n<p><span data-contrast=\"none\"> I vostri bassotto adoreranno la sua texture morbida e accogliente. <\/span><span data-contrast=\"none\">La couverture faite \u00e0 la main.<\/span><\/p>\n<p><span data-contrast=\"none\">Sar\u00e0 anche un vero e proprio elemento di decorazione per il vostro salotto o la vostra camera da letto.<\/span><\/p>\n<p><strong>Caratteristiche:\u00a0\u00a0<\/strong><\/p>\n<p><span data-contrast=\"none\">Tessuto:<\/span><span data-contrast=\"none\"> Finta pelliccia foderata con tessuto in pile.\u00a0<\/span><\/p>\n<p><strong>Manutenzione:\u00a0\u00a0<\/strong><\/p>\n<p><span data-contrast=\"none\">Lavaggio a mano o in lavatrice a 30\u00b0C. Centrifuga e asciugatura leggera, non lavare a secco, non usare candeggina. Non stirare!<\/span><span data-ccp-props=\"{&quot;134233117&quot;:false,&quot;134233118&quot;:false,&quot;201341983&quot;:0,&quot;335559738&quot;:0,&quot;335559739&quot;:312,&quot;335559740&quot;:240}\">\u00a0<\/span><\/p>\n<p><span data-contrast=\"none\">Dimensioni: 75x85cm<\/span><\/p>","protected":false},"excerpt":{"rendered":"<p>Pour completer notre collection tr\u00e8s tendance \u00ab\u00a0L\u00e9opard\u00a0\u00bb nous vous proposons cette couverture en fourrure. La couverture en \u00ab\u00a0double face extr\u00eamement \u00e9l\u00e9gantes et douces. Les teckels adorent \u00eatre au chaud. Surtout les poils ras qui sont frileux. C&rsquo;est pourquoi les plaids et les couvertures serons tr\u00e8s appr\u00e9ci\u00e9 par eux\u202f! \u00a0 Vos [&hellip;]<\/p>","protected":false},"featured_media":16511,"comment_status":"open","ping_status":"closed","template":"","meta":{"inline_featured_image":false},"product_brand":[],"product_cat":[156,158,152,70,71],"product_tag":[],"class_list":{"0":"post-12511","1":"product","2":"type-product","3":"status-publish","4":"has-post-thumbnail","6":"product_cat-collections","7":"product_cat-leopard","8":"product_cat-plaids-couvertures-tapis","9":"product_cat-pour-nos-teckels","10":"product_cat-pour-se-coucher","12":"first","13":"instock","14":"taxable","15":"shipping-taxable","16":"purchasable","17":"product-type-variable"},"yoast_head":"<!-- This site is optimized with the Yoast SEO plugin v26.6 - https:\/\/yoast.com\/wordpress\/plugins\/seo\/ -->\n<title>Couverture Plaid confortable pour Teckel, Chien &amp; Chiot<\/title>\n<meta name=\"description\" content=\"Magnifiques v\u00eatements &amp; accessoires pour prendre soin de son chien. Produits con\u00e7us pour les teckels 100% artisanaux et fabriqu\u00e9s en France.\" \/>\n<meta name=\"robots\" content=\"index, follow, max-snippet:-1, max-image-preview:large, max-video-preview:-1\" \/>\n<link rel=\"canonical\" href=\"https:\/\/luciennelaparisienne.fr\/it\/prodotto\/couverture-leopard\/\" \/>\n<meta property=\"og:locale\" content=\"it_IT\" \/>\n<meta property=\"og:type\" content=\"article\" \/>\n<meta property=\"og:title\" content=\"Couverture Plaid confortable pour Teckel, Chien &amp; Chiot\" \/>\n<meta property=\"og:description\" content=\"Magnifiques v\u00eatements &amp; accessoires pour prendre soin de son chien. Produits con\u00e7us pour les teckels 100% artisanaux et fabriqu\u00e9s en France.\" \/>\n<meta property=\"og:url\" content=\"https:\/\/luciennelaparisienne.fr\/it\/prodotto\/couverture-leopard\/\" \/>\n<meta property=\"og:site_name\" content=\"Lucienne la Parisienne\" \/>\n<meta property=\"article:modified_time\" content=\"2026-02-24T17:30:39+00:00\" \/>\n<meta property=\"og:image\" content=\"https:\/\/luciennelaparisienne.fr\/wp-content\/uploads\/2024\/11\/DSC04125-2.jpg\" \/>\n\t<meta property=\"og:image:width\" content=\"1000\" \/>\n\t<meta property=\"og:image:height\" content=\"1000\" \/>\n\t<meta property=\"og:image:type\" content=\"image\/jpeg\" \/>\n<meta name=\"twitter:card\" content=\"summary_large_image\" \/>\n<meta name=\"twitter:label1\" content=\"Tempo di lettura stimato\" \/>\n\t<meta name=\"twitter:data1\" content=\"1 minuto\" \/>\n<script type=\"application\/ld+json\" class=\"yoast-schema-graph\">{\"@context\":\"https:\/\/schema.org\",\"@graph\":[{\"@type\":\"WebPage\",\"@id\":\"https:\/\/luciennelaparisienne.fr\/produit\/couverture-leopard\/\",\"url\":\"https:\/\/luciennelaparisienne.fr\/produit\/couverture-leopard\/\",\"name\":\"Couverture Plaid confortable pour Teckel, Chien & Chiot\",\"isPartOf\":{\"@id\":\"https:\/\/luciennelaparisienne.fr\/#website\"},\"primaryImageOfPage\":{\"@id\":\"https:\/\/luciennelaparisienne.fr\/produit\/couverture-leopard\/#primaryimage\"},\"image\":{\"@id\":\"https:\/\/luciennelaparisienne.fr\/produit\/couverture-leopard\/#primaryimage\"},\"thumbnailUrl\":\"https:\/\/luciennelaparisienne.fr\/wp-content\/uploads\/2024\/11\/DSC04125-2.jpg\",\"datePublished\":\"2024-11-27T15:18:10+00:00\",\"dateModified\":\"2026-02-24T17:30:39+00:00\",\"description\":\"Magnifiques v\u00eatements & accessoires pour prendre soin de son chien. Produits con\u00e7us pour les teckels 100% artisanaux et fabriqu\u00e9s en France.\",\"breadcrumb\":{\"@id\":\"https:\/\/luciennelaparisienne.fr\/produit\/couverture-leopard\/#breadcrumb\"},\"inLanguage\":\"it-IT\",\"potentialAction\":[{\"@type\":\"ReadAction\",\"target\":[\"https:\/\/luciennelaparisienne.fr\/produit\/couverture-leopard\/\"]}]},{\"@type\":\"ImageObject\",\"inLanguage\":\"it-IT\",\"@id\":\"https:\/\/luciennelaparisienne.fr\/produit\/couverture-leopard\/#primaryimage\",\"url\":\"https:\/\/luciennelaparisienne.fr\/wp-content\/uploads\/2024\/11\/DSC04125-2.jpg\",\"contentUrl\":\"https:\/\/luciennelaparisienne.fr\/wp-content\/uploads\/2024\/11\/DSC04125-2.jpg\",\"width\":1000,\"height\":1000},{\"@type\":\"BreadcrumbList\",\"@id\":\"https:\/\/luciennelaparisienne.fr\/produit\/couverture-leopard\/#breadcrumb\",\"itemListElement\":[{\"@type\":\"ListItem\",\"position\":1,\"name\":\"Accueil\",\"item\":\"https:\/\/luciennelaparisienne.fr\/\"},{\"@type\":\"ListItem\",\"position\":2,\"name\":\"Boutique\",\"item\":\"https:\/\/luciennelaparisienne.fr\/shop\/\"},{\"@type\":\"ListItem\",\"position\":3,\"name\":\"Couverture L\u00e9opard\"}]},{\"@type\":\"WebSite\",\"@id\":\"https:\/\/luciennelaparisienne.fr\/#website\",\"url\":\"https:\/\/luciennelaparisienne.fr\/\",\"name\":\"Lucienne la Parisienne\",\"description\":\"Produits pour Teckels\",\"potentialAction\":[{\"@type\":\"SearchAction\",\"target\":{\"@type\":\"EntryPoint\",\"urlTemplate\":\"https:\/\/luciennelaparisienne.fr\/?s={search_term_string}\"},\"query-input\":{\"@type\":\"PropertyValueSpecification\",\"valueRequired\":true,\"valueName\":\"search_term_string\"}}],\"inLanguage\":\"it-IT\"}]}<\/script>\n<!-- \/ Yoast SEO plugin. -->","yoast_head_json":{"title":"Couverture Plaid confortable pour Teckel, Chien & Chiot","description":"Magnifiques v\u00eatements & accessoires pour prendre soin de son chien. Produits con\u00e7us pour les teckels 100% artisanaux et fabriqu\u00e9s en France.","robots":{"index":"index","follow":"follow","max-snippet":"max-snippet:-1","max-image-preview":"max-image-preview:large","max-video-preview":"max-video-preview:-1"},"canonical":"https:\/\/luciennelaparisienne.fr\/it\/prodotto\/couverture-leopard\/","og_locale":"it_IT","og_type":"article","og_title":"Couverture Plaid confortable pour Teckel, Chien & Chiot","og_description":"Magnifiques v\u00eatements & accessoires pour prendre soin de son chien. Produits con\u00e7us pour les teckels 100% artisanaux et fabriqu\u00e9s en France.","og_url":"https:\/\/luciennelaparisienne.fr\/it\/prodotto\/couverture-leopard\/","og_site_name":"Lucienne la Parisienne","article_modified_time":"2026-02-24T17:30:39+00:00","og_image":[{"width":1000,"height":1000,"url":"https:\/\/luciennelaparisienne.fr\/wp-content\/uploads\/2024\/11\/DSC04125-2.jpg","type":"image\/jpeg"}],"twitter_card":"summary_large_image","twitter_misc":{"Tempo di lettura stimato":"1 minuto"},"schema":{"@context":"https:\/\/schema.org","@graph":[{"@type":"WebPage","@id":"https:\/\/luciennelaparisienne.fr\/produit\/couverture-leopard\/","url":"https:\/\/luciennelaparisienne.fr\/produit\/couverture-leopard\/","name":"Couverture Plaid confortable pour Teckel, Chien & Chiot","isPartOf":{"@id":"https:\/\/luciennelaparisienne.fr\/#website"},"primaryImageOfPage":{"@id":"https:\/\/luciennelaparisienne.fr\/produit\/couverture-leopard\/#primaryimage"},"image":{"@id":"https:\/\/luciennelaparisienne.fr\/produit\/couverture-leopard\/#primaryimage"},"thumbnailUrl":"https:\/\/luciennelaparisienne.fr\/wp-content\/uploads\/2024\/11\/DSC04125-2.jpg","datePublished":"2024-11-27T15:18:10+00:00","dateModified":"2026-02-24T17:30:39+00:00","description":"Magnifiques v\u00eatements & accessoires pour prendre soin de son chien. Produits con\u00e7us pour les teckels 100% artisanaux et fabriqu\u00e9s en France.","breadcrumb":{"@id":"https:\/\/luciennelaparisienne.fr\/produit\/couverture-leopard\/#breadcrumb"},"inLanguage":"it-IT","potentialAction":[{"@type":"ReadAction","target":["https:\/\/luciennelaparisienne.fr\/produit\/couverture-leopard\/"]}]},{"@type":"ImageObject","inLanguage":"it-IT","@id":"https:\/\/luciennelaparisienne.fr\/produit\/couverture-leopard\/#primaryimage","url":"https:\/\/luciennelaparisienne.fr\/wp-content\/uploads\/2024\/11\/DSC04125-2.jpg","contentUrl":"https:\/\/luciennelaparisienne.fr\/wp-content\/uploads\/2024\/11\/DSC04125-2.jpg","width":1000,"height":1000},{"@type":"BreadcrumbList","@id":"https:\/\/luciennelaparisienne.fr\/produit\/couverture-leopard\/#breadcrumb","itemListElement":[{"@type":"ListItem","position":1,"name":"Accueil","item":"https:\/\/luciennelaparisienne.fr\/"},{"@type":"ListItem","position":2,"name":"Boutique","item":"https:\/\/luciennelaparisienne.fr\/shop\/"},{"@type":"ListItem","position":3,"name":"Couverture L\u00e9opard"}]},{"@type":"WebSite","@id":"https:\/\/luciennelaparisienne.fr\/#website","url":"https:\/\/luciennelaparisienne.fr\/","name":"Lucienne la Parisienne","description":"Produits pour Teckels","potentialAction":[{"@type":"SearchAction","target":{"@type":"EntryPoint","urlTemplate":"https:\/\/luciennelaparisienne.fr\/?s={search_term_string}"},"query-input":{"@type":"PropertyValueSpecification","valueRequired":true,"valueName":"search_term_string"}}],"inLanguage":"it-IT"}]}},"_links":{"self":[{"href":"https:\/\/luciennelaparisienne.fr\/it\/wp-json\/wp\/v2\/product\/12511","targetHints":{"allow":["GET"]}}],"collection":[{"href":"https:\/\/luciennelaparisienne.fr\/it\/wp-json\/wp\/v2\/product"}],"about":[{"href":"https:\/\/luciennelaparisienne.fr\/it\/wp-json\/wp\/v2\/types\/product"}],"replies":[{"embeddable":true,"href":"https:\/\/luciennelaparisienne.fr\/it\/wp-json\/wp\/v2\/comments?post=12511"}],"wp:featuredmedia":[{"embeddable":true,"href":"https:\/\/luciennelaparisienne.fr\/it\/wp-json\/wp\/v2\/media\/16511"}],"wp:attachment":[{"href":"https:\/\/luciennelaparisienne.fr\/it\/wp-json\/wp\/v2\/media?parent=12511"}],"wp:term":[{"taxonomy":"product_brand","embeddable":true,"href":"https:\/\/luciennelaparisienne.fr\/it\/wp-json\/wp\/v2\/product_brand?post=12511"},{"taxonomy":"product_cat","embeddable":true,"href":"https:\/\/luciennelaparisienne.fr\/it\/wp-json\/wp\/v2\/product_cat?post=12511"},{"taxonomy":"product_tag","embeddable":true,"href":"https:\/\/luciennelaparisienne.fr\/it\/wp-json\/wp\/v2\/product_tag?post=12511"}],"curies":[{"name":"wp","href":"https:\/\/api.w.org\/{rel}","templated":true}]}}