{"id":12755,"date":"2024-12-29T21:43:36","date_gmt":"2024-12-29T20:43:36","guid":{"rendered":"https:\/\/luciennelaparisienne.fr\/?post_type=product&#038;p=12755"},"modified":"2026-03-22T23:52:36","modified_gmt":"2026-03-22T22:52:36","slug":"cocoon-grotte-a-calins-fourrure-leopard","status":"publish","type":"product","link":"https:\/\/luciennelaparisienne.fr\/it\/prodotto\/cocoon-grotte-a-calins-fourrure-leopard\/","title":{"rendered":"Cocoon \u2013 Grotta da coccole in pelliccia \u00abLeopardo\u00bb"},"content":{"rendered":"<h3 data-start=\"188\" data-end=\"240\">Cocoon \u2013 Grotte \u00e0 c\u00e2lins en fourrure \u00ab L\u00e9opard \u00bb<\/h3>\n<p data-start=\"242\" data-end=\"379\">Les teckels aiment se blottir dans quelque chose de chaud pour dormir,<br data-start=\"312\" data-end=\"315\" \/>en particulier les teckels \u00e0 poil ras, souvent tr\u00e8s frileux.<\/p>\n<p data-start=\"381\" data-end=\"471\">C\u2019est d\u2019ailleurs pour cela qu\u2019ils adorent se glisser contre nous, sous les couettes .<\/p>\n<p data-start=\"473\" data-end=\"720\">Nos Cocoons \u2013 Grottes \u00e0 c\u00e2lins sont confectionn\u00e9s en fausse fourrure douce de tr\u00e8s haute qualit\u00e9, associ\u00e9e \u00e0 des tissus stables, r\u00e9sistants et durables. Ils offrent \u00e0 votre teckel un v\u00e9ritable refuge douillet, rassurant et confortable.<\/p>\n<p data-start=\"722\" data-end=\"811\">Pour tout Cocoon achet\u00e9, un os en tissu assorti \u00e0 la couleur du Cocoon est offert.<\/p>\n<p><strong>Caratteristiche : Colori: kaki, blu, viola<\/strong><\/p>\n<p>Rivestimento esterno: 97% cotone, 3% elastan<\/p>\n<p><strong>Manutenzione :<\/strong><\/p>\n<p>Lavaggio a mano o in lavatrice a 30\u202f\u00b0C con programma delicato. Centrifuga e asciugatura delicata. Possibile asciugare con un phon.<\/p>\n<p>Disponibile nelle taglie M e L<\/p>\n<p><span class=\"TextRun SCXW138891938 BCX0\" lang=\"FR-FR\" xml:lang=\"FR-FR\" data-contrast=\"none\"><span class=\"NormalTextRun SCXW138891938 BCX0\">M: Larghezza 65\u202fcm, Profondit\u00e0 60\u202fcm.<\/span><\/span><span class=\"EOP SCXW138891938 BCX0\" data-ccp-props=\"{}\">\u00a0<\/span><\/p>\n<p><span class=\"TextRun SCXW138891938 BCX0\" lang=\"FR-FR\" xml:lang=\"FR-FR\" data-contrast=\"none\"><span class=\"NormalTextRun SCXW138891938 BCX0\">L: Larghezza 80\u202fcm, Profondit\u00e0 70\u202fcm.<\/span><\/span><span class=\"EOP SCXW138891938 BCX0\" data-ccp-props=\"{}\">\u00a0<\/span><\/p>\n<p><strong>La taglia XL viene realizzata su richiesta e dopo il pagamento.\u00a0<\/strong><\/p>\n<p>&nbsp;<\/p>\n<p>&nbsp;<\/p>\n<p>&nbsp;<\/p>\n<p>&nbsp;<\/p>\n<p>&nbsp;<\/p>","protected":false},"excerpt":{"rendered":"<p>Cocoon \u2013 Grotte \u00e0 c\u00e2lins en fourrure \u00ab L\u00e9opard \u00bb Les teckels aiment se blottir dans quelque chose de chaud pour dormir,en particulier les teckels \u00e0 poil ras, souvent tr\u00e8s frileux. C\u2019est d\u2019ailleurs pour cela qu\u2019ils adorent se glisser contre nous, sous les couettes . Nos Cocoons \u2013 Grottes \u00e0 [&hellip;]<\/p>","protected":false},"featured_media":16137,"comment_status":"open","ping_status":"closed","template":"","meta":{"inline_featured_image":false},"product_brand":[],"product_cat":[151,203,158,70,71],"product_tag":[],"class_list":{"0":"post-12755","1":"product","2":"type-product","3":"status-publish","4":"has-post-thumbnail","6":"product_cat-cocoons","7":"product_cat-fin-de-collection","8":"product_cat-leopard","9":"product_cat-pour-nos-teckels","10":"product_cat-pour-se-coucher","12":"first","13":"outofstock","14":"taxable","15":"shipping-taxable","16":"purchasable","17":"product-type-variable"},"yoast_head":"<!-- This site is optimized with the Yoast SEO plugin v26.6 - https:\/\/yoast.com\/wordpress\/plugins\/seo\/ -->\n<title>Cocoon - Grotte \u00e0 c\u00e2lins fourrure &quot;L\u00e9opard&quot; - Lucienne la Parisienne<\/title>\n<meta name=\"robots\" content=\"index, follow, max-snippet:-1, max-image-preview:large, max-video-preview:-1\" \/>\n<link rel=\"canonical\" href=\"https:\/\/luciennelaparisienne.fr\/it\/prodotto\/cocoon-grotte-a-calins-fourrure-leopard\/\" \/>\n<meta property=\"og:locale\" content=\"it_IT\" \/>\n<meta property=\"og:type\" content=\"article\" \/>\n<meta property=\"og:title\" content=\"Cocoon - Grotte \u00e0 c\u00e2lins fourrure &quot;L\u00e9opard&quot; - Lucienne la Parisienne\" \/>\n<meta property=\"og:description\" content=\"Cocoon \u2013 Grotte \u00e0 c\u00e2lins en fourrure \u00ab L\u00e9opard \u00bb Les teckels aiment se blottir dans quelque chose de chaud pour dormir,en particulier les teckels \u00e0 poil ras, souvent tr\u00e8s frileux. C\u2019est d\u2019ailleurs pour cela qu\u2019ils adorent se glisser contre nous, sous les couettes . Nos Cocoons \u2013 Grottes \u00e0 [&hellip;]\" \/>\n<meta property=\"og:url\" content=\"https:\/\/luciennelaparisienne.fr\/it\/prodotto\/cocoon-grotte-a-calins-fourrure-leopard\/\" \/>\n<meta property=\"og:site_name\" content=\"Lucienne la Parisienne\" \/>\n<meta property=\"article:modified_time\" content=\"2026-03-22T22:52:36+00:00\" \/>\n<meta property=\"og:image\" content=\"https:\/\/luciennelaparisienne.fr\/wp-content\/uploads\/2024\/12\/DSC05938-4.jpg\" \/>\n\t<meta property=\"og:image:width\" content=\"870\" \/>\n\t<meta property=\"og:image:height\" content=\"870\" \/>\n\t<meta property=\"og:image:type\" content=\"image\/jpeg\" \/>\n<meta name=\"twitter:card\" content=\"summary_large_image\" \/>\n<meta name=\"twitter:label1\" content=\"Tempo di lettura stimato\" \/>\n\t<meta name=\"twitter:data1\" content=\"1 minuto\" \/>\n<script type=\"application\/ld+json\" class=\"yoast-schema-graph\">{\"@context\":\"https:\/\/schema.org\",\"@graph\":[{\"@type\":\"WebPage\",\"@id\":\"https:\/\/luciennelaparisienne.fr\/produit\/cocoon-grotte-a-calins-fourrure-leopard\/\",\"url\":\"https:\/\/luciennelaparisienne.fr\/produit\/cocoon-grotte-a-calins-fourrure-leopard\/\",\"name\":\"Cocoon - Grotte \u00e0 c\u00e2lins fourrure \\\"L\u00e9opard\\\" - Lucienne la Parisienne\",\"isPartOf\":{\"@id\":\"https:\/\/luciennelaparisienne.fr\/#website\"},\"primaryImageOfPage\":{\"@id\":\"https:\/\/luciennelaparisienne.fr\/produit\/cocoon-grotte-a-calins-fourrure-leopard\/#primaryimage\"},\"image\":{\"@id\":\"https:\/\/luciennelaparisienne.fr\/produit\/cocoon-grotte-a-calins-fourrure-leopard\/#primaryimage\"},\"thumbnailUrl\":\"https:\/\/luciennelaparisienne.fr\/wp-content\/uploads\/2024\/12\/DSC05938-4.jpg\",\"datePublished\":\"2024-12-29T20:43:36+00:00\",\"dateModified\":\"2026-03-22T22:52:36+00:00\",\"breadcrumb\":{\"@id\":\"https:\/\/luciennelaparisienne.fr\/produit\/cocoon-grotte-a-calins-fourrure-leopard\/#breadcrumb\"},\"inLanguage\":\"it-IT\",\"potentialAction\":[{\"@type\":\"ReadAction\",\"target\":[\"https:\/\/luciennelaparisienne.fr\/produit\/cocoon-grotte-a-calins-fourrure-leopard\/\"]}]},{\"@type\":\"ImageObject\",\"inLanguage\":\"it-IT\",\"@id\":\"https:\/\/luciennelaparisienne.fr\/produit\/cocoon-grotte-a-calins-fourrure-leopard\/#primaryimage\",\"url\":\"https:\/\/luciennelaparisienne.fr\/wp-content\/uploads\/2024\/12\/DSC05938-4.jpg\",\"contentUrl\":\"https:\/\/luciennelaparisienne.fr\/wp-content\/uploads\/2024\/12\/DSC05938-4.jpg\",\"width\":870,\"height\":870},{\"@type\":\"BreadcrumbList\",\"@id\":\"https:\/\/luciennelaparisienne.fr\/produit\/cocoon-grotte-a-calins-fourrure-leopard\/#breadcrumb\",\"itemListElement\":[{\"@type\":\"ListItem\",\"position\":1,\"name\":\"Accueil\",\"item\":\"https:\/\/luciennelaparisienne.fr\/\"},{\"@type\":\"ListItem\",\"position\":2,\"name\":\"Boutique\",\"item\":\"https:\/\/luciennelaparisienne.fr\/shop\/\"},{\"@type\":\"ListItem\",\"position\":3,\"name\":\"Cocoon &#8211; Grotte \u00e0 c\u00e2lins fourrure \u00ab\u00a0L\u00e9opard\u00a0\u00bb\"}]},{\"@type\":\"WebSite\",\"@id\":\"https:\/\/luciennelaparisienne.fr\/#website\",\"url\":\"https:\/\/luciennelaparisienne.fr\/\",\"name\":\"Lucienne la Parisienne\",\"description\":\"Produits pour Teckels\",\"potentialAction\":[{\"@type\":\"SearchAction\",\"target\":{\"@type\":\"EntryPoint\",\"urlTemplate\":\"https:\/\/luciennelaparisienne.fr\/?s={search_term_string}\"},\"query-input\":{\"@type\":\"PropertyValueSpecification\",\"valueRequired\":true,\"valueName\":\"search_term_string\"}}],\"inLanguage\":\"it-IT\"}]}<\/script>\n<!-- \/ Yoast SEO plugin. -->","yoast_head_json":{"title":"Cocoon - Grotte \u00e0 c\u00e2lins fourrure \"L\u00e9opard\" - Lucienne la Parisienne","robots":{"index":"index","follow":"follow","max-snippet":"max-snippet:-1","max-image-preview":"max-image-preview:large","max-video-preview":"max-video-preview:-1"},"canonical":"https:\/\/luciennelaparisienne.fr\/it\/prodotto\/cocoon-grotte-a-calins-fourrure-leopard\/","og_locale":"it_IT","og_type":"article","og_title":"Cocoon - Grotte \u00e0 c\u00e2lins fourrure \"L\u00e9opard\" - Lucienne la Parisienne","og_description":"Cocoon \u2013 Grotte \u00e0 c\u00e2lins en fourrure \u00ab L\u00e9opard \u00bb Les teckels aiment se blottir dans quelque chose de chaud pour dormir,en particulier les teckels \u00e0 poil ras, souvent tr\u00e8s frileux. C\u2019est d\u2019ailleurs pour cela qu\u2019ils adorent se glisser contre nous, sous les couettes . Nos Cocoons \u2013 Grottes \u00e0 [&hellip;]","og_url":"https:\/\/luciennelaparisienne.fr\/it\/prodotto\/cocoon-grotte-a-calins-fourrure-leopard\/","og_site_name":"Lucienne la Parisienne","article_modified_time":"2026-03-22T22:52:36+00:00","og_image":[{"width":870,"height":870,"url":"https:\/\/luciennelaparisienne.fr\/wp-content\/uploads\/2024\/12\/DSC05938-4.jpg","type":"image\/jpeg"}],"twitter_card":"summary_large_image","twitter_misc":{"Tempo di lettura stimato":"1 minuto"},"schema":{"@context":"https:\/\/schema.org","@graph":[{"@type":"WebPage","@id":"https:\/\/luciennelaparisienne.fr\/produit\/cocoon-grotte-a-calins-fourrure-leopard\/","url":"https:\/\/luciennelaparisienne.fr\/produit\/cocoon-grotte-a-calins-fourrure-leopard\/","name":"Cocoon - Grotte \u00e0 c\u00e2lins fourrure \"L\u00e9opard\" - Lucienne la Parisienne","isPartOf":{"@id":"https:\/\/luciennelaparisienne.fr\/#website"},"primaryImageOfPage":{"@id":"https:\/\/luciennelaparisienne.fr\/produit\/cocoon-grotte-a-calins-fourrure-leopard\/#primaryimage"},"image":{"@id":"https:\/\/luciennelaparisienne.fr\/produit\/cocoon-grotte-a-calins-fourrure-leopard\/#primaryimage"},"thumbnailUrl":"https:\/\/luciennelaparisienne.fr\/wp-content\/uploads\/2024\/12\/DSC05938-4.jpg","datePublished":"2024-12-29T20:43:36+00:00","dateModified":"2026-03-22T22:52:36+00:00","breadcrumb":{"@id":"https:\/\/luciennelaparisienne.fr\/produit\/cocoon-grotte-a-calins-fourrure-leopard\/#breadcrumb"},"inLanguage":"it-IT","potentialAction":[{"@type":"ReadAction","target":["https:\/\/luciennelaparisienne.fr\/produit\/cocoon-grotte-a-calins-fourrure-leopard\/"]}]},{"@type":"ImageObject","inLanguage":"it-IT","@id":"https:\/\/luciennelaparisienne.fr\/produit\/cocoon-grotte-a-calins-fourrure-leopard\/#primaryimage","url":"https:\/\/luciennelaparisienne.fr\/wp-content\/uploads\/2024\/12\/DSC05938-4.jpg","contentUrl":"https:\/\/luciennelaparisienne.fr\/wp-content\/uploads\/2024\/12\/DSC05938-4.jpg","width":870,"height":870},{"@type":"BreadcrumbList","@id":"https:\/\/luciennelaparisienne.fr\/produit\/cocoon-grotte-a-calins-fourrure-leopard\/#breadcrumb","itemListElement":[{"@type":"ListItem","position":1,"name":"Accueil","item":"https:\/\/luciennelaparisienne.fr\/"},{"@type":"ListItem","position":2,"name":"Boutique","item":"https:\/\/luciennelaparisienne.fr\/shop\/"},{"@type":"ListItem","position":3,"name":"Cocoon &#8211; Grotte \u00e0 c\u00e2lins fourrure \u00ab\u00a0L\u00e9opard\u00a0\u00bb"}]},{"@type":"WebSite","@id":"https:\/\/luciennelaparisienne.fr\/#website","url":"https:\/\/luciennelaparisienne.fr\/","name":"Lucienne la Parisienne","description":"Produits pour Teckels","potentialAction":[{"@type":"SearchAction","target":{"@type":"EntryPoint","urlTemplate":"https:\/\/luciennelaparisienne.fr\/?s={search_term_string}"},"query-input":{"@type":"PropertyValueSpecification","valueRequired":true,"valueName":"search_term_string"}}],"inLanguage":"it-IT"}]}},"_links":{"self":[{"href":"https:\/\/luciennelaparisienne.fr\/it\/wp-json\/wp\/v2\/product\/12755","targetHints":{"allow":["GET"]}}],"collection":[{"href":"https:\/\/luciennelaparisienne.fr\/it\/wp-json\/wp\/v2\/product"}],"about":[{"href":"https:\/\/luciennelaparisienne.fr\/it\/wp-json\/wp\/v2\/types\/product"}],"replies":[{"embeddable":true,"href":"https:\/\/luciennelaparisienne.fr\/it\/wp-json\/wp\/v2\/comments?post=12755"}],"wp:featuredmedia":[{"embeddable":true,"href":"https:\/\/luciennelaparisienne.fr\/it\/wp-json\/wp\/v2\/media\/16137"}],"wp:attachment":[{"href":"https:\/\/luciennelaparisienne.fr\/it\/wp-json\/wp\/v2\/media?parent=12755"}],"wp:term":[{"taxonomy":"product_brand","embeddable":true,"href":"https:\/\/luciennelaparisienne.fr\/it\/wp-json\/wp\/v2\/product_brand?post=12755"},{"taxonomy":"product_cat","embeddable":true,"href":"https:\/\/luciennelaparisienne.fr\/it\/wp-json\/wp\/v2\/product_cat?post=12755"},{"taxonomy":"product_tag","embeddable":true,"href":"https:\/\/luciennelaparisienne.fr\/it\/wp-json\/wp\/v2\/product_tag?post=12755"}],"curies":[{"name":"wp","href":"https:\/\/api.w.org\/{rel}","templated":true}]}}