{"id":13263,"date":"2025-03-06T17:28:47","date_gmt":"2025-03-06T16:28:47","guid":{"rendered":"https:\/\/luciennelaparisienne.fr\/?post_type=product&#038;p=13263"},"modified":"2026-04-17T14:07:58","modified_gmt":"2026-04-17T12:07:58","slug":"coussin-zebre","status":"publish","type":"product","link":"https:\/\/luciennelaparisienne.fr\/it\/prodotto\/coussin-zebre\/","title":{"rendered":"Cuscino Zebra"},"content":{"rendered":"<p><b><span data-contrast=\"none\">Cuscino Zebra<\/span><\/b><br \/>\n<span style=\"font-size: 10pt;\">Notre coussin <strong>Zebra<\/strong> est une excellente alternative au panier traditionnel pour chien. \u00a0<\/span><br \/>\n<span style=\"font-size: 10pt;\">Vous pouvez cr\u00e9er un couchage suppl\u00e9mentaire et confortable car le coussin est facile \u00e0 d\u00e9placer dans la cuisine, dans le salon ou m\u00eame en vacances \u00e0 la place du panier. <\/span><span style=\"font-size: 10pt;\">Avec un look chic et \u00e9l\u00e9gant, il est pratique et ultra r\u00e9sistant gr\u00e2ce \u00e0 son tissu polaire et velours c\u00f4tel\u00e9s. \u00a0<\/span><br \/>\n<span style=\"font-size: 10pt;\">I cuscini sono facili da mantenere, poich\u00e9 sono completamente e facilmente lavabili in lavatrice a 30 \u00b0C e possono essere asciugati nell\u2019asciugatrice con un programma delicato.\u00a0<\/span><\/p>\n<p><strong>Caratteristiche: <\/strong><span style=\"font-weight: 400; font-size: 10pt;\">Velours d&rsquo;ameublements 100 % polyester, r\u00e9sistante et facile d&rsquo;entretien, anti t\u00e2ches et anti griffures doubl\u00e9 polaire.<\/span><br \/>\n<span style=\"font-size: 10pt;\">Remplissage en <span style=\"font-weight: 400;\">flocons de fibres hypoallerg\u00e9niques anti boulochage, qui conservent leur forme m\u00eame apr\u00e8s les lavages.<\/span><\/span><\/p>\n<p><strong>Manutenzione:\u00a0 <\/strong><span style=\"font-size: 10pt;\"><span style=\"font-weight: 400;\">Lavage de la housse en machine \u00e0 30 \u00b0C. <\/span><span style=\"font-weight: 400;\">S\u00e9chage au s\u00e8che-linge en programme doux. <\/span><span style=\"font-weight: 400;\">Pour les petites taches du quotidien, une \u00e9ponge humide suffit.<\/span><\/span><\/p>\n<p><strong>Dimensions : <\/strong><span style=\"font-size: 10pt;\">55cmx75cm<\/span><\/p>\n<p><strong>Possible commander la taille sur mesures.<\/strong><\/p>\n<p><em><span style=\"font-size: 10pt;\">Merci de noter que les couleurs visibles sur les photos peuvent l\u00e9g\u00e8rement varier selon les \u00e9crans.<\/span><\/em><\/p>","protected":false},"excerpt":{"rendered":"<p>Coussin Z\u00e8bre Notre coussin Z\u00e8bre est une excellente alternative au panier traditionnel pour chien. \u00a0 Vous pouvez cr\u00e9er un couchage suppl\u00e9mentaire et confortable car le coussin est facile \u00e0 d\u00e9placer dans la cuisine, dans le salon ou m\u00eame en vacances \u00e0 la place du panier. Avec un look chic et [&hellip;]<\/p>","protected":false},"featured_media":13650,"comment_status":"open","ping_status":"closed","template":"","meta":{"inline_featured_image":false},"product_brand":[],"product_cat":[203,150,70,71],"product_tag":[],"class_list":{"0":"post-13263","1":"product","2":"type-product","3":"status-publish","4":"has-post-thumbnail","6":"product_cat-fin-de-collection","7":"product_cat-paniers-coussins-niches-paniers-voiture","8":"product_cat-pour-nos-teckels","9":"product_cat-pour-se-coucher","11":"first","12":"instock","13":"taxable","14":"shipping-taxable","15":"purchasable","16":"product-type-simple"},"yoast_head":"<!-- This site is optimized with the Yoast SEO plugin v26.6 - https:\/\/yoast.com\/wordpress\/plugins\/seo\/ -->\n<title>Coussin confortable pour Teckel, Chien &amp; Chiot<\/title>\n<meta name=\"description\" content=\"Magnifiques v\u00eatements &amp; accessoires pour prendre soin de son chien. Produits con\u00e7us pour les teckels 100% artisanaux et fabriqu\u00e9s en France.\" \/>\n<meta name=\"robots\" content=\"index, follow, max-snippet:-1, max-image-preview:large, max-video-preview:-1\" \/>\n<link rel=\"canonical\" href=\"https:\/\/luciennelaparisienne.fr\/it\/prodotto\/coussin-zebre\/\" \/>\n<meta property=\"og:locale\" content=\"it_IT\" \/>\n<meta property=\"og:type\" content=\"article\" \/>\n<meta property=\"og:title\" content=\"Coussin confortable pour Teckel, Chien &amp; Chiot\" \/>\n<meta property=\"og:description\" content=\"Magnifiques v\u00eatements &amp; accessoires pour prendre soin de son chien. Produits con\u00e7us pour les teckels 100% artisanaux et fabriqu\u00e9s en France.\" \/>\n<meta property=\"og:url\" content=\"https:\/\/luciennelaparisienne.fr\/it\/prodotto\/coussin-zebre\/\" \/>\n<meta property=\"og:site_name\" content=\"Lucienne la Parisienne\" \/>\n<meta property=\"article:modified_time\" content=\"2026-04-17T12:07:58+00:00\" \/>\n<meta property=\"og:image\" content=\"https:\/\/luciennelaparisienne.fr\/wp-content\/uploads\/2025\/03\/DSC04996.jpg\" \/>\n\t<meta property=\"og:image:width\" content=\"1000\" \/>\n\t<meta property=\"og:image:height\" content=\"1000\" \/>\n\t<meta property=\"og:image:type\" content=\"image\/jpeg\" \/>\n<meta name=\"twitter:card\" content=\"summary_large_image\" \/>\n<meta name=\"twitter:label1\" content=\"Tempo di lettura stimato\" \/>\n\t<meta name=\"twitter:data1\" content=\"2 minuti\" \/>\n<script type=\"application\/ld+json\" class=\"yoast-schema-graph\">{\"@context\":\"https:\/\/schema.org\",\"@graph\":[{\"@type\":\"WebPage\",\"@id\":\"https:\/\/luciennelaparisienne.fr\/produit\/coussin-zebre\/\",\"url\":\"https:\/\/luciennelaparisienne.fr\/produit\/coussin-zebre\/\",\"name\":\"Coussin confortable pour Teckel, Chien & Chiot\",\"isPartOf\":{\"@id\":\"https:\/\/luciennelaparisienne.fr\/#website\"},\"primaryImageOfPage\":{\"@id\":\"https:\/\/luciennelaparisienne.fr\/produit\/coussin-zebre\/#primaryimage\"},\"image\":{\"@id\":\"https:\/\/luciennelaparisienne.fr\/produit\/coussin-zebre\/#primaryimage\"},\"thumbnailUrl\":\"https:\/\/luciennelaparisienne.fr\/wp-content\/uploads\/2025\/03\/DSC04996.jpg\",\"datePublished\":\"2025-03-06T16:28:47+00:00\",\"dateModified\":\"2026-04-17T12:07:58+00:00\",\"description\":\"Magnifiques v\u00eatements & accessoires pour prendre soin de son chien. Produits con\u00e7us pour les teckels 100% artisanaux et fabriqu\u00e9s en France.\",\"breadcrumb\":{\"@id\":\"https:\/\/luciennelaparisienne.fr\/produit\/coussin-zebre\/#breadcrumb\"},\"inLanguage\":\"it-IT\",\"potentialAction\":[{\"@type\":\"ReadAction\",\"target\":[\"https:\/\/luciennelaparisienne.fr\/produit\/coussin-zebre\/\"]}]},{\"@type\":\"ImageObject\",\"inLanguage\":\"it-IT\",\"@id\":\"https:\/\/luciennelaparisienne.fr\/produit\/coussin-zebre\/#primaryimage\",\"url\":\"https:\/\/luciennelaparisienne.fr\/wp-content\/uploads\/2025\/03\/DSC04996.jpg\",\"contentUrl\":\"https:\/\/luciennelaparisienne.fr\/wp-content\/uploads\/2025\/03\/DSC04996.jpg\",\"width\":1000,\"height\":1000},{\"@type\":\"BreadcrumbList\",\"@id\":\"https:\/\/luciennelaparisienne.fr\/produit\/coussin-zebre\/#breadcrumb\",\"itemListElement\":[{\"@type\":\"ListItem\",\"position\":1,\"name\":\"Accueil\",\"item\":\"https:\/\/luciennelaparisienne.fr\/\"},{\"@type\":\"ListItem\",\"position\":2,\"name\":\"Boutique\",\"item\":\"https:\/\/luciennelaparisienne.fr\/shop\/\"},{\"@type\":\"ListItem\",\"position\":3,\"name\":\"Coussin Z\u00e8bre\"}]},{\"@type\":\"WebSite\",\"@id\":\"https:\/\/luciennelaparisienne.fr\/#website\",\"url\":\"https:\/\/luciennelaparisienne.fr\/\",\"name\":\"Lucienne la Parisienne\",\"description\":\"Produits pour Teckels\",\"potentialAction\":[{\"@type\":\"SearchAction\",\"target\":{\"@type\":\"EntryPoint\",\"urlTemplate\":\"https:\/\/luciennelaparisienne.fr\/?s={search_term_string}\"},\"query-input\":{\"@type\":\"PropertyValueSpecification\",\"valueRequired\":true,\"valueName\":\"search_term_string\"}}],\"inLanguage\":\"it-IT\"}]}<\/script>\n<!-- \/ Yoast SEO plugin. -->","yoast_head_json":{"title":"Coussin confortable pour Teckel, Chien & Chiot","description":"Magnifiques v\u00eatements & accessoires pour prendre soin de son chien. Produits con\u00e7us pour les teckels 100% artisanaux et fabriqu\u00e9s en France.","robots":{"index":"index","follow":"follow","max-snippet":"max-snippet:-1","max-image-preview":"max-image-preview:large","max-video-preview":"max-video-preview:-1"},"canonical":"https:\/\/luciennelaparisienne.fr\/it\/prodotto\/coussin-zebre\/","og_locale":"it_IT","og_type":"article","og_title":"Coussin confortable pour Teckel, Chien & Chiot","og_description":"Magnifiques v\u00eatements & accessoires pour prendre soin de son chien. Produits con\u00e7us pour les teckels 100% artisanaux et fabriqu\u00e9s en France.","og_url":"https:\/\/luciennelaparisienne.fr\/it\/prodotto\/coussin-zebre\/","og_site_name":"Lucienne la Parisienne","article_modified_time":"2026-04-17T12:07:58+00:00","og_image":[{"width":1000,"height":1000,"url":"https:\/\/luciennelaparisienne.fr\/wp-content\/uploads\/2025\/03\/DSC04996.jpg","type":"image\/jpeg"}],"twitter_card":"summary_large_image","twitter_misc":{"Tempo di lettura stimato":"2 minuti"},"schema":{"@context":"https:\/\/schema.org","@graph":[{"@type":"WebPage","@id":"https:\/\/luciennelaparisienne.fr\/produit\/coussin-zebre\/","url":"https:\/\/luciennelaparisienne.fr\/produit\/coussin-zebre\/","name":"Coussin confortable pour Teckel, Chien & Chiot","isPartOf":{"@id":"https:\/\/luciennelaparisienne.fr\/#website"},"primaryImageOfPage":{"@id":"https:\/\/luciennelaparisienne.fr\/produit\/coussin-zebre\/#primaryimage"},"image":{"@id":"https:\/\/luciennelaparisienne.fr\/produit\/coussin-zebre\/#primaryimage"},"thumbnailUrl":"https:\/\/luciennelaparisienne.fr\/wp-content\/uploads\/2025\/03\/DSC04996.jpg","datePublished":"2025-03-06T16:28:47+00:00","dateModified":"2026-04-17T12:07:58+00:00","description":"Magnifiques v\u00eatements & accessoires pour prendre soin de son chien. Produits con\u00e7us pour les teckels 100% artisanaux et fabriqu\u00e9s en France.","breadcrumb":{"@id":"https:\/\/luciennelaparisienne.fr\/produit\/coussin-zebre\/#breadcrumb"},"inLanguage":"it-IT","potentialAction":[{"@type":"ReadAction","target":["https:\/\/luciennelaparisienne.fr\/produit\/coussin-zebre\/"]}]},{"@type":"ImageObject","inLanguage":"it-IT","@id":"https:\/\/luciennelaparisienne.fr\/produit\/coussin-zebre\/#primaryimage","url":"https:\/\/luciennelaparisienne.fr\/wp-content\/uploads\/2025\/03\/DSC04996.jpg","contentUrl":"https:\/\/luciennelaparisienne.fr\/wp-content\/uploads\/2025\/03\/DSC04996.jpg","width":1000,"height":1000},{"@type":"BreadcrumbList","@id":"https:\/\/luciennelaparisienne.fr\/produit\/coussin-zebre\/#breadcrumb","itemListElement":[{"@type":"ListItem","position":1,"name":"Accueil","item":"https:\/\/luciennelaparisienne.fr\/"},{"@type":"ListItem","position":2,"name":"Boutique","item":"https:\/\/luciennelaparisienne.fr\/shop\/"},{"@type":"ListItem","position":3,"name":"Coussin Z\u00e8bre"}]},{"@type":"WebSite","@id":"https:\/\/luciennelaparisienne.fr\/#website","url":"https:\/\/luciennelaparisienne.fr\/","name":"Lucienne la Parisienne","description":"Produits pour Teckels","potentialAction":[{"@type":"SearchAction","target":{"@type":"EntryPoint","urlTemplate":"https:\/\/luciennelaparisienne.fr\/?s={search_term_string}"},"query-input":{"@type":"PropertyValueSpecification","valueRequired":true,"valueName":"search_term_string"}}],"inLanguage":"it-IT"}]}},"_links":{"self":[{"href":"https:\/\/luciennelaparisienne.fr\/it\/wp-json\/wp\/v2\/product\/13263","targetHints":{"allow":["GET"]}}],"collection":[{"href":"https:\/\/luciennelaparisienne.fr\/it\/wp-json\/wp\/v2\/product"}],"about":[{"href":"https:\/\/luciennelaparisienne.fr\/it\/wp-json\/wp\/v2\/types\/product"}],"replies":[{"embeddable":true,"href":"https:\/\/luciennelaparisienne.fr\/it\/wp-json\/wp\/v2\/comments?post=13263"}],"wp:featuredmedia":[{"embeddable":true,"href":"https:\/\/luciennelaparisienne.fr\/it\/wp-json\/wp\/v2\/media\/13650"}],"wp:attachment":[{"href":"https:\/\/luciennelaparisienne.fr\/it\/wp-json\/wp\/v2\/media?parent=13263"}],"wp:term":[{"taxonomy":"product_brand","embeddable":true,"href":"https:\/\/luciennelaparisienne.fr\/it\/wp-json\/wp\/v2\/product_brand?post=13263"},{"taxonomy":"product_cat","embeddable":true,"href":"https:\/\/luciennelaparisienne.fr\/it\/wp-json\/wp\/v2\/product_cat?post=13263"},{"taxonomy":"product_tag","embeddable":true,"href":"https:\/\/luciennelaparisienne.fr\/it\/wp-json\/wp\/v2\/product_tag?post=13263"}],"curies":[{"name":"wp","href":"https:\/\/api.w.org\/{rel}","templated":true}]}}