{"id":13307,"date":"2025-03-16T12:50:50","date_gmt":"2025-03-16T11:50:50","guid":{"rendered":"https:\/\/luciennelaparisienne.fr\/?post_type=product&#038;p=13307"},"modified":"2026-04-10T08:22:04","modified_gmt":"2026-04-10T06:22:04","slug":"sac-de-transport-teckel-noir","status":"publish","type":"product","link":"https:\/\/luciennelaparisienne.fr\/it\/prodotto\/sac-de-transport-teckel-noir\/","title":{"rendered":"Borsa da trasporto Bassotto nera"},"content":{"rendered":"<p>I nostri cani adorano accompagnarci ovunque. Soprattutto i teckel, che sono molto affettuosi e facili da portare.<\/p>\n<p>La borsa \u00e8 indispensabile, soprattutto se amate portare il vostro teckel con voi nella vita di tutti i giorni.<\/p>\n<p>Abbiamo creato una borsa che pu\u00f2 essere sia una borsa che una cuccia. La nostra borsa \u00e8 molto adatta per la citt\u00e0, dove il vostro cane pu\u00f2 stare molto comodamente nel taxi, al ristorante o a casa degli amici.<\/p>\n<p>Inoltre, la borsa pu\u00f2 servirvi da cuccia durante i vostri viaggi!<\/p>\n<p>La borsa \u00e8 realizzata in materiale impermeabile, si lava facilmente a mano o in lavatrice. Basta una semplice spugna per pulire le piccole macchie.<\/p>\n<p>Il fondo \u00e8 molto rigido e non si piega, il che garantisce un buon supporto per la schiena fragile dei nostri teckel. Il fondo ha una fodera con cerniera che pu\u00f2 essere rimossa per essere lavata.<\/p>\n<p>La borsa \u00e8 dotata di una fodera in pelliccia sintetica molto morbida e calda. La fodera si lava facilmente in lavatrice. Grazie a questa fodera, i nostri teckel hanno la sensazione di essere in un nido accogliente e nel Cocoon. La fodera pu\u00f2 essere rimossa e sostituita con la pelliccia di tua scelta.<\/p>\n<p>Le maniglie sono in nastri piatti e larghi per non fare male alla spalla. In ogni borsa c'\u00e8 una grande tasca con cerniera. C'\u00e8 anche una tracolla in nylon.<\/p>\n<p>Le sac se ferme en zippe et dispose d\u2019une sangle int\u00e9rieure pour accrocher le chien. Petit sac rond \u00e0 friandises n\u2019est pas inclu mais peut \u00eatre achet\u00e9 s\u00e9par\u00e9ment.<\/p>\n<p>Infine, le nostre borse sono molto chic ed eleganti e possono sostituire la tua borsa a mano! \ud83d\ude0a<\/p>\n<p><strong>Caratteristiche<\/strong><strong>\u202f:<\/strong><strong>\u00a0\u00a0<\/strong><\/p>\n<p>Colore: nero<\/p>\n<p>Tessuto: poliestere impermeabile<\/p>\n<p>Housse: la fourrure synth\u00e9tique type Lapin gris. Possible acheter la housse version \u00e9t\u00e9 pour chaque taille.<\/p>\n<ul>\n<li>Una tracolla in nylon<\/li>\n<li>Housse en fourrure<\/li>\n<li>Cinghia interna per agganciare il cane<\/li>\n<li>Fondo rigido con copertura con cerniera<\/li>\n<li>Grande tasca<\/li>\n<li>Borsa con cerniera<\/li>\n<\/ul>\n<p><strong>Manutenzione<\/strong><strong>\u202f:<\/strong><strong>\u00a0\u00a0<\/strong><\/p>\n<p>Lavaggio a mano o in lavatrice a 30\u00b0C. Centrifuga e asciugatura leggera, non lavare a secco, non usare candeggina. Non stirare!<\/p>\n<p><strong>Taglia <\/strong>:<\/p>\n<p>M : 50 cm longueur du sac, 45cm longueur du fond\u00a0 (kaninchens et nains jusqu\u2019au 6kg)<\/p>\n<p>L : 55cm longueur du sac, 50 cm longueur du fond (petit standards 8 kg ou deux kaninchens)<\/p>\n<p>XL : 60cm longueur du sac, 55 cm longueur du fond (standards 9kg+ ou\u00a0 deux nains)<\/p>","protected":false},"excerpt":{"rendered":"<p>Nos chiens adorent nous accompagner partout. Surtout les teckels qui sont tr\u00e8s attachants et faciles \u00e0 porter. Le sac est indispensable surtout si vous aimez emmener votre teckel avec vous dans la vie de tous les jours. Nous avons cr\u00e9\u00e9 un sac qui peut \u00e0 la fois faire sac et [&hellip;]<\/p>","protected":false},"featured_media":16343,"comment_status":"open","ping_status":"closed","template":"","meta":{"inline_featured_image":false},"product_brand":[],"product_cat":[155,70],"product_tag":[],"class_list":{"0":"post-13307","1":"product","2":"type-product","3":"status-publish","4":"has-post-thumbnail","6":"product_cat-sacs","7":"product_cat-pour-nos-teckels","9":"first","10":"instock","11":"taxable","12":"shipping-taxable","13":"purchasable","14":"product-type-variable"},"yoast_head":"<!-- This site is optimized with the Yoast SEO plugin v26.6 - https:\/\/yoast.com\/wordpress\/plugins\/seo\/ -->\n<title>Sac de transport Teckel noir - Lucienne la Parisienne<\/title>\n<meta name=\"robots\" content=\"index, follow, max-snippet:-1, max-image-preview:large, max-video-preview:-1\" \/>\n<link rel=\"canonical\" href=\"https:\/\/luciennelaparisienne.fr\/it\/prodotto\/sac-de-transport-teckel-noir\/\" \/>\n<meta property=\"og:locale\" content=\"it_IT\" \/>\n<meta property=\"og:type\" content=\"article\" \/>\n<meta property=\"og:title\" content=\"Sac de transport Teckel noir - Lucienne la Parisienne\" \/>\n<meta property=\"og:description\" content=\"Nos chiens adorent nous accompagner partout. Surtout les teckels qui sont tr\u00e8s attachants et faciles \u00e0 porter. Le sac est indispensable surtout si vous aimez emmener votre teckel avec vous dans la vie de tous les jours. Nous avons cr\u00e9\u00e9 un sac qui peut \u00e0 la fois faire sac et [&hellip;]\" \/>\n<meta property=\"og:url\" content=\"https:\/\/luciennelaparisienne.fr\/it\/prodotto\/sac-de-transport-teckel-noir\/\" \/>\n<meta property=\"og:site_name\" content=\"Lucienne la Parisienne\" \/>\n<meta property=\"article:modified_time\" content=\"2026-04-10T06:22:04+00:00\" \/>\n<meta property=\"og:image\" content=\"https:\/\/luciennelaparisienne.fr\/wp-content\/uploads\/2026\/01\/4-36.jpg\" \/>\n\t<meta property=\"og:image:width\" content=\"1000\" \/>\n\t<meta property=\"og:image:height\" content=\"1000\" \/>\n\t<meta property=\"og:image:type\" content=\"image\/jpeg\" \/>\n<meta name=\"twitter:card\" content=\"summary_large_image\" \/>\n<meta name=\"twitter:label1\" content=\"Tempo di lettura stimato\" \/>\n\t<meta name=\"twitter:data1\" content=\"3 minuti\" \/>\n<script type=\"application\/ld+json\" class=\"yoast-schema-graph\">{\"@context\":\"https:\/\/schema.org\",\"@graph\":[{\"@type\":\"WebPage\",\"@id\":\"https:\/\/luciennelaparisienne.fr\/produit\/sac-de-transport-teckel-noir\/\",\"url\":\"https:\/\/luciennelaparisienne.fr\/produit\/sac-de-transport-teckel-noir\/\",\"name\":\"Sac de transport Teckel noir - Lucienne la Parisienne\",\"isPartOf\":{\"@id\":\"https:\/\/luciennelaparisienne.fr\/#website\"},\"primaryImageOfPage\":{\"@id\":\"https:\/\/luciennelaparisienne.fr\/produit\/sac-de-transport-teckel-noir\/#primaryimage\"},\"image\":{\"@id\":\"https:\/\/luciennelaparisienne.fr\/produit\/sac-de-transport-teckel-noir\/#primaryimage\"},\"thumbnailUrl\":\"https:\/\/luciennelaparisienne.fr\/wp-content\/uploads\/2026\/01\/4-36.jpg\",\"datePublished\":\"2025-03-16T11:50:50+00:00\",\"dateModified\":\"2026-04-10T06:22:04+00:00\",\"breadcrumb\":{\"@id\":\"https:\/\/luciennelaparisienne.fr\/produit\/sac-de-transport-teckel-noir\/#breadcrumb\"},\"inLanguage\":\"it-IT\",\"potentialAction\":[{\"@type\":\"ReadAction\",\"target\":[\"https:\/\/luciennelaparisienne.fr\/produit\/sac-de-transport-teckel-noir\/\"]}]},{\"@type\":\"ImageObject\",\"inLanguage\":\"it-IT\",\"@id\":\"https:\/\/luciennelaparisienne.fr\/produit\/sac-de-transport-teckel-noir\/#primaryimage\",\"url\":\"https:\/\/luciennelaparisienne.fr\/wp-content\/uploads\/2026\/01\/4-36.jpg\",\"contentUrl\":\"https:\/\/luciennelaparisienne.fr\/wp-content\/uploads\/2026\/01\/4-36.jpg\",\"width\":1000,\"height\":1000},{\"@type\":\"BreadcrumbList\",\"@id\":\"https:\/\/luciennelaparisienne.fr\/produit\/sac-de-transport-teckel-noir\/#breadcrumb\",\"itemListElement\":[{\"@type\":\"ListItem\",\"position\":1,\"name\":\"Accueil\",\"item\":\"https:\/\/luciennelaparisienne.fr\/\"},{\"@type\":\"ListItem\",\"position\":2,\"name\":\"Boutique\",\"item\":\"https:\/\/luciennelaparisienne.fr\/shop\/\"},{\"@type\":\"ListItem\",\"position\":3,\"name\":\"Sac de transport Teckel noir\"}]},{\"@type\":\"WebSite\",\"@id\":\"https:\/\/luciennelaparisienne.fr\/#website\",\"url\":\"https:\/\/luciennelaparisienne.fr\/\",\"name\":\"Lucienne la Parisienne\",\"description\":\"Produits pour Teckels\",\"potentialAction\":[{\"@type\":\"SearchAction\",\"target\":{\"@type\":\"EntryPoint\",\"urlTemplate\":\"https:\/\/luciennelaparisienne.fr\/?s={search_term_string}\"},\"query-input\":{\"@type\":\"PropertyValueSpecification\",\"valueRequired\":true,\"valueName\":\"search_term_string\"}}],\"inLanguage\":\"it-IT\"}]}<\/script>\n<!-- \/ Yoast SEO plugin. -->","yoast_head_json":{"title":"Sac de transport Teckel noir - Lucienne la Parisienne","robots":{"index":"index","follow":"follow","max-snippet":"max-snippet:-1","max-image-preview":"max-image-preview:large","max-video-preview":"max-video-preview:-1"},"canonical":"https:\/\/luciennelaparisienne.fr\/it\/prodotto\/sac-de-transport-teckel-noir\/","og_locale":"it_IT","og_type":"article","og_title":"Sac de transport Teckel noir - Lucienne la Parisienne","og_description":"Nos chiens adorent nous accompagner partout. Surtout les teckels qui sont tr\u00e8s attachants et faciles \u00e0 porter. Le sac est indispensable surtout si vous aimez emmener votre teckel avec vous dans la vie de tous les jours. Nous avons cr\u00e9\u00e9 un sac qui peut \u00e0 la fois faire sac et [&hellip;]","og_url":"https:\/\/luciennelaparisienne.fr\/it\/prodotto\/sac-de-transport-teckel-noir\/","og_site_name":"Lucienne la Parisienne","article_modified_time":"2026-04-10T06:22:04+00:00","og_image":[{"width":1000,"height":1000,"url":"https:\/\/luciennelaparisienne.fr\/wp-content\/uploads\/2026\/01\/4-36.jpg","type":"image\/jpeg"}],"twitter_card":"summary_large_image","twitter_misc":{"Tempo di lettura stimato":"3 minuti"},"schema":{"@context":"https:\/\/schema.org","@graph":[{"@type":"WebPage","@id":"https:\/\/luciennelaparisienne.fr\/produit\/sac-de-transport-teckel-noir\/","url":"https:\/\/luciennelaparisienne.fr\/produit\/sac-de-transport-teckel-noir\/","name":"Sac de transport Teckel noir - Lucienne la Parisienne","isPartOf":{"@id":"https:\/\/luciennelaparisienne.fr\/#website"},"primaryImageOfPage":{"@id":"https:\/\/luciennelaparisienne.fr\/produit\/sac-de-transport-teckel-noir\/#primaryimage"},"image":{"@id":"https:\/\/luciennelaparisienne.fr\/produit\/sac-de-transport-teckel-noir\/#primaryimage"},"thumbnailUrl":"https:\/\/luciennelaparisienne.fr\/wp-content\/uploads\/2026\/01\/4-36.jpg","datePublished":"2025-03-16T11:50:50+00:00","dateModified":"2026-04-10T06:22:04+00:00","breadcrumb":{"@id":"https:\/\/luciennelaparisienne.fr\/produit\/sac-de-transport-teckel-noir\/#breadcrumb"},"inLanguage":"it-IT","potentialAction":[{"@type":"ReadAction","target":["https:\/\/luciennelaparisienne.fr\/produit\/sac-de-transport-teckel-noir\/"]}]},{"@type":"ImageObject","inLanguage":"it-IT","@id":"https:\/\/luciennelaparisienne.fr\/produit\/sac-de-transport-teckel-noir\/#primaryimage","url":"https:\/\/luciennelaparisienne.fr\/wp-content\/uploads\/2026\/01\/4-36.jpg","contentUrl":"https:\/\/luciennelaparisienne.fr\/wp-content\/uploads\/2026\/01\/4-36.jpg","width":1000,"height":1000},{"@type":"BreadcrumbList","@id":"https:\/\/luciennelaparisienne.fr\/produit\/sac-de-transport-teckel-noir\/#breadcrumb","itemListElement":[{"@type":"ListItem","position":1,"name":"Accueil","item":"https:\/\/luciennelaparisienne.fr\/"},{"@type":"ListItem","position":2,"name":"Boutique","item":"https:\/\/luciennelaparisienne.fr\/shop\/"},{"@type":"ListItem","position":3,"name":"Sac de transport Teckel noir"}]},{"@type":"WebSite","@id":"https:\/\/luciennelaparisienne.fr\/#website","url":"https:\/\/luciennelaparisienne.fr\/","name":"Lucienne la Parisienne","description":"Produits pour Teckels","potentialAction":[{"@type":"SearchAction","target":{"@type":"EntryPoint","urlTemplate":"https:\/\/luciennelaparisienne.fr\/?s={search_term_string}"},"query-input":{"@type":"PropertyValueSpecification","valueRequired":true,"valueName":"search_term_string"}}],"inLanguage":"it-IT"}]}},"_links":{"self":[{"href":"https:\/\/luciennelaparisienne.fr\/it\/wp-json\/wp\/v2\/product\/13307","targetHints":{"allow":["GET"]}}],"collection":[{"href":"https:\/\/luciennelaparisienne.fr\/it\/wp-json\/wp\/v2\/product"}],"about":[{"href":"https:\/\/luciennelaparisienne.fr\/it\/wp-json\/wp\/v2\/types\/product"}],"replies":[{"embeddable":true,"href":"https:\/\/luciennelaparisienne.fr\/it\/wp-json\/wp\/v2\/comments?post=13307"}],"wp:featuredmedia":[{"embeddable":true,"href":"https:\/\/luciennelaparisienne.fr\/it\/wp-json\/wp\/v2\/media\/16343"}],"wp:attachment":[{"href":"https:\/\/luciennelaparisienne.fr\/it\/wp-json\/wp\/v2\/media?parent=13307"}],"wp:term":[{"taxonomy":"product_brand","embeddable":true,"href":"https:\/\/luciennelaparisienne.fr\/it\/wp-json\/wp\/v2\/product_brand?post=13307"},{"taxonomy":"product_cat","embeddable":true,"href":"https:\/\/luciennelaparisienne.fr\/it\/wp-json\/wp\/v2\/product_cat?post=13307"},{"taxonomy":"product_tag","embeddable":true,"href":"https:\/\/luciennelaparisienne.fr\/it\/wp-json\/wp\/v2\/product_tag?post=13307"}],"curies":[{"name":"wp","href":"https:\/\/api.w.org\/{rel}","templated":true}]}}