{"id":13354,"date":"2025-03-22T09:14:14","date_gmt":"2025-03-22T08:14:14","guid":{"rendered":"https:\/\/luciennelaparisienne.fr\/?post_type=product&#038;p=13354"},"modified":"2026-04-09T00:43:30","modified_gmt":"2026-04-08T22:43:30","slug":"veste-impermeable-la-parisienne","status":"publish","type":"product","link":"https:\/\/luciennelaparisienne.fr\/it\/prodotto\/veste-impermeable-la-parisienne\/","title":{"rendered":"Veste imperm\u00e9able La parisienne"},"content":{"rendered":"<p>La nostra giacca impermeabile \u00e8 ideale per la mezza stagione.<\/p>\n<p>Questa giacca \u00e8 leggera, copre e protegge bene dalla pioggia o dal vento.<\/p>\n<p>C'\u00e8 un'apertura per il pettorina sulla parte superiore della schiena.<\/p>\n<p>La chiusura \u00e8 con bottoni a pressione.<\/p>\n<p>Non ci sono elastici per le zampe!<\/p>\n<p>All'interno, la giacca \u00e8 foderata con un tessuto impermeabile.<\/p>\n<p><strong>Caratteristiche : Colori: kaki, blu, viola<\/strong><\/p>\n<p>Tessuto: 84% Poliestere 16% Poliamide<\/p>\n<p>Colori: Rosso, Nero<\/p>\n<p>XXS: Bassotto Kaninchen 3-4 kg<\/p>\n<p>XS : Teckel Nain 5 kg<\/p>\n<p>S: Bassotto Nano 6-7 kg<\/p>\n<p>M : Teckel Standard 8-8,5 kg<\/p>\n<p>L : Teckel grand Standard 9-10 kg<\/p>\n<p>XL : Teckel grand Standard 10 kg +<\/p>\n<p>\u00c8 possibile ordinare su misura nel colore di vostra scelta, grazie a <a href=\"https:\/\/luciennelaparisienne.fr\/contactez-nous\/\"><strong>contattarci tramite la sezione contatti<\/strong><\/a>.<\/p>\n<p><strong>La produzione su misura avviene dopo il pagamento e richiede 2 settimane.<\/strong><\/p>","protected":false},"excerpt":{"rendered":"<p>Notre veste imperm\u00e9able est id\u00e9ale pour un demi saison. Cette veste est l\u00e9g\u00e8re, elle couvre et prot\u00e8ge bien contre la pluie ou le vent. Il y a une ouverture pour le harnais sur le haut du dos. La fermeture est en boutons de pression. Il n&rsquo; y a pas d&rsquo;\u00e9lastiques [&hellip;]<\/p>","protected":false},"featured_media":16176,"comment_status":"open","ping_status":"closed","template":"","meta":{"inline_featured_image":false},"product_brand":[],"product_cat":[157,153,70,72],"product_tag":[],"class_list":{"0":"post-13354","1":"product","2":"type-product","3":"status-publish","4":"has-post-thumbnail","6":"product_cat-la-parisienne","7":"product_cat-vetements","8":"product_cat-pour-nos-teckels","9":"product_cat-pour-shabiller","11":"first","12":"instock","13":"taxable","14":"shipping-taxable","15":"purchasable","16":"product-type-variable"},"yoast_head":"<!-- This site is optimized with the Yoast SEO plugin v26.6 - https:\/\/yoast.com\/wordpress\/plugins\/seo\/ -->\n<title>Imperm\u00e9able pour Chien, Teckel | Lucienne la Parisienne<\/title>\n<meta name=\"description\" content=\"Magnifiques v\u00eatements &amp; accessoires pour prendre soin de son chien. Produits con\u00e7us pour les teckels 100% artisanaux et fabriqu\u00e9s en France.\" \/>\n<meta name=\"robots\" content=\"index, follow, max-snippet:-1, max-image-preview:large, max-video-preview:-1\" \/>\n<link rel=\"canonical\" href=\"https:\/\/luciennelaparisienne.fr\/it\/prodotto\/veste-impermeable-la-parisienne\/\" \/>\n<meta property=\"og:locale\" content=\"it_IT\" \/>\n<meta property=\"og:type\" content=\"article\" \/>\n<meta property=\"og:title\" content=\"Imperm\u00e9able pour Chien, Teckel | Lucienne la Parisienne\" \/>\n<meta property=\"og:description\" content=\"Magnifiques v\u00eatements &amp; accessoires pour prendre soin de son chien. Produits con\u00e7us pour les teckels 100% artisanaux et fabriqu\u00e9s en France.\" \/>\n<meta property=\"og:url\" content=\"https:\/\/luciennelaparisienne.fr\/it\/prodotto\/veste-impermeable-la-parisienne\/\" \/>\n<meta property=\"og:site_name\" content=\"Lucienne la Parisienne\" \/>\n<meta property=\"article:modified_time\" content=\"2026-04-08T22:43:30+00:00\" \/>\n<meta property=\"og:image\" content=\"https:\/\/luciennelaparisienne.fr\/wp-content\/uploads\/2025\/03\/DSC05473-1.jpg\" \/>\n\t<meta property=\"og:image:width\" content=\"1000\" \/>\n\t<meta property=\"og:image:height\" content=\"1000\" \/>\n\t<meta property=\"og:image:type\" content=\"image\/jpeg\" \/>\n<meta name=\"twitter:card\" content=\"summary_large_image\" \/>\n<meta name=\"twitter:label1\" content=\"Tempo di lettura stimato\" \/>\n\t<meta name=\"twitter:data1\" content=\"1 minuto\" \/>\n<script type=\"application\/ld+json\" class=\"yoast-schema-graph\">{\"@context\":\"https:\/\/schema.org\",\"@graph\":[{\"@type\":\"WebPage\",\"@id\":\"https:\/\/luciennelaparisienne.fr\/produit\/veste-impermeable-la-parisienne\/\",\"url\":\"https:\/\/luciennelaparisienne.fr\/produit\/veste-impermeable-la-parisienne\/\",\"name\":\"Imperm\u00e9able pour Chien, Teckel | Lucienne la Parisienne\",\"isPartOf\":{\"@id\":\"https:\/\/luciennelaparisienne.fr\/#website\"},\"primaryImageOfPage\":{\"@id\":\"https:\/\/luciennelaparisienne.fr\/produit\/veste-impermeable-la-parisienne\/#primaryimage\"},\"image\":{\"@id\":\"https:\/\/luciennelaparisienne.fr\/produit\/veste-impermeable-la-parisienne\/#primaryimage\"},\"thumbnailUrl\":\"https:\/\/luciennelaparisienne.fr\/wp-content\/uploads\/2025\/03\/DSC05473-1.jpg\",\"datePublished\":\"2025-03-22T08:14:14+00:00\",\"dateModified\":\"2026-04-08T22:43:30+00:00\",\"description\":\"Magnifiques v\u00eatements & accessoires pour prendre soin de son chien. Produits con\u00e7us pour les teckels 100% artisanaux et fabriqu\u00e9s en France.\",\"breadcrumb\":{\"@id\":\"https:\/\/luciennelaparisienne.fr\/produit\/veste-impermeable-la-parisienne\/#breadcrumb\"},\"inLanguage\":\"it-IT\",\"potentialAction\":[{\"@type\":\"ReadAction\",\"target\":[\"https:\/\/luciennelaparisienne.fr\/produit\/veste-impermeable-la-parisienne\/\"]}]},{\"@type\":\"ImageObject\",\"inLanguage\":\"it-IT\",\"@id\":\"https:\/\/luciennelaparisienne.fr\/produit\/veste-impermeable-la-parisienne\/#primaryimage\",\"url\":\"https:\/\/luciennelaparisienne.fr\/wp-content\/uploads\/2025\/03\/DSC05473-1.jpg\",\"contentUrl\":\"https:\/\/luciennelaparisienne.fr\/wp-content\/uploads\/2025\/03\/DSC05473-1.jpg\",\"width\":1000,\"height\":1000},{\"@type\":\"BreadcrumbList\",\"@id\":\"https:\/\/luciennelaparisienne.fr\/produit\/veste-impermeable-la-parisienne\/#breadcrumb\",\"itemListElement\":[{\"@type\":\"ListItem\",\"position\":1,\"name\":\"Accueil\",\"item\":\"https:\/\/luciennelaparisienne.fr\/\"},{\"@type\":\"ListItem\",\"position\":2,\"name\":\"Boutique\",\"item\":\"https:\/\/luciennelaparisienne.fr\/shop\/\"},{\"@type\":\"ListItem\",\"position\":3,\"name\":\"Veste imperm\u00e9able La parisienne\"}]},{\"@type\":\"WebSite\",\"@id\":\"https:\/\/luciennelaparisienne.fr\/#website\",\"url\":\"https:\/\/luciennelaparisienne.fr\/\",\"name\":\"Lucienne la Parisienne\",\"description\":\"Produits pour Teckels\",\"potentialAction\":[{\"@type\":\"SearchAction\",\"target\":{\"@type\":\"EntryPoint\",\"urlTemplate\":\"https:\/\/luciennelaparisienne.fr\/?s={search_term_string}\"},\"query-input\":{\"@type\":\"PropertyValueSpecification\",\"valueRequired\":true,\"valueName\":\"search_term_string\"}}],\"inLanguage\":\"it-IT\"}]}<\/script>\n<!-- \/ Yoast SEO plugin. -->","yoast_head_json":{"title":"Imperm\u00e9able pour Chien, Teckel | Lucienne la Parisienne","description":"Magnifiques v\u00eatements & accessoires pour prendre soin de son chien. Produits con\u00e7us pour les teckels 100% artisanaux et fabriqu\u00e9s en France.","robots":{"index":"index","follow":"follow","max-snippet":"max-snippet:-1","max-image-preview":"max-image-preview:large","max-video-preview":"max-video-preview:-1"},"canonical":"https:\/\/luciennelaparisienne.fr\/it\/prodotto\/veste-impermeable-la-parisienne\/","og_locale":"it_IT","og_type":"article","og_title":"Imperm\u00e9able pour Chien, Teckel | Lucienne la Parisienne","og_description":"Magnifiques v\u00eatements & accessoires pour prendre soin de son chien. Produits con\u00e7us pour les teckels 100% artisanaux et fabriqu\u00e9s en France.","og_url":"https:\/\/luciennelaparisienne.fr\/it\/prodotto\/veste-impermeable-la-parisienne\/","og_site_name":"Lucienne la Parisienne","article_modified_time":"2026-04-08T22:43:30+00:00","og_image":[{"width":1000,"height":1000,"url":"https:\/\/luciennelaparisienne.fr\/wp-content\/uploads\/2025\/03\/DSC05473-1.jpg","type":"image\/jpeg"}],"twitter_card":"summary_large_image","twitter_misc":{"Tempo di lettura stimato":"1 minuto"},"schema":{"@context":"https:\/\/schema.org","@graph":[{"@type":"WebPage","@id":"https:\/\/luciennelaparisienne.fr\/produit\/veste-impermeable-la-parisienne\/","url":"https:\/\/luciennelaparisienne.fr\/produit\/veste-impermeable-la-parisienne\/","name":"Imperm\u00e9able pour Chien, Teckel | Lucienne la Parisienne","isPartOf":{"@id":"https:\/\/luciennelaparisienne.fr\/#website"},"primaryImageOfPage":{"@id":"https:\/\/luciennelaparisienne.fr\/produit\/veste-impermeable-la-parisienne\/#primaryimage"},"image":{"@id":"https:\/\/luciennelaparisienne.fr\/produit\/veste-impermeable-la-parisienne\/#primaryimage"},"thumbnailUrl":"https:\/\/luciennelaparisienne.fr\/wp-content\/uploads\/2025\/03\/DSC05473-1.jpg","datePublished":"2025-03-22T08:14:14+00:00","dateModified":"2026-04-08T22:43:30+00:00","description":"Magnifiques v\u00eatements & accessoires pour prendre soin de son chien. Produits con\u00e7us pour les teckels 100% artisanaux et fabriqu\u00e9s en France.","breadcrumb":{"@id":"https:\/\/luciennelaparisienne.fr\/produit\/veste-impermeable-la-parisienne\/#breadcrumb"},"inLanguage":"it-IT","potentialAction":[{"@type":"ReadAction","target":["https:\/\/luciennelaparisienne.fr\/produit\/veste-impermeable-la-parisienne\/"]}]},{"@type":"ImageObject","inLanguage":"it-IT","@id":"https:\/\/luciennelaparisienne.fr\/produit\/veste-impermeable-la-parisienne\/#primaryimage","url":"https:\/\/luciennelaparisienne.fr\/wp-content\/uploads\/2025\/03\/DSC05473-1.jpg","contentUrl":"https:\/\/luciennelaparisienne.fr\/wp-content\/uploads\/2025\/03\/DSC05473-1.jpg","width":1000,"height":1000},{"@type":"BreadcrumbList","@id":"https:\/\/luciennelaparisienne.fr\/produit\/veste-impermeable-la-parisienne\/#breadcrumb","itemListElement":[{"@type":"ListItem","position":1,"name":"Accueil","item":"https:\/\/luciennelaparisienne.fr\/"},{"@type":"ListItem","position":2,"name":"Boutique","item":"https:\/\/luciennelaparisienne.fr\/shop\/"},{"@type":"ListItem","position":3,"name":"Veste imperm\u00e9able La parisienne"}]},{"@type":"WebSite","@id":"https:\/\/luciennelaparisienne.fr\/#website","url":"https:\/\/luciennelaparisienne.fr\/","name":"Lucienne la Parisienne","description":"Produits pour Teckels","potentialAction":[{"@type":"SearchAction","target":{"@type":"EntryPoint","urlTemplate":"https:\/\/luciennelaparisienne.fr\/?s={search_term_string}"},"query-input":{"@type":"PropertyValueSpecification","valueRequired":true,"valueName":"search_term_string"}}],"inLanguage":"it-IT"}]}},"_links":{"self":[{"href":"https:\/\/luciennelaparisienne.fr\/it\/wp-json\/wp\/v2\/product\/13354","targetHints":{"allow":["GET"]}}],"collection":[{"href":"https:\/\/luciennelaparisienne.fr\/it\/wp-json\/wp\/v2\/product"}],"about":[{"href":"https:\/\/luciennelaparisienne.fr\/it\/wp-json\/wp\/v2\/types\/product"}],"replies":[{"embeddable":true,"href":"https:\/\/luciennelaparisienne.fr\/it\/wp-json\/wp\/v2\/comments?post=13354"}],"wp:featuredmedia":[{"embeddable":true,"href":"https:\/\/luciennelaparisienne.fr\/it\/wp-json\/wp\/v2\/media\/16176"}],"wp:attachment":[{"href":"https:\/\/luciennelaparisienne.fr\/it\/wp-json\/wp\/v2\/media?parent=13354"}],"wp:term":[{"taxonomy":"product_brand","embeddable":true,"href":"https:\/\/luciennelaparisienne.fr\/it\/wp-json\/wp\/v2\/product_brand?post=13354"},{"taxonomy":"product_cat","embeddable":true,"href":"https:\/\/luciennelaparisienne.fr\/it\/wp-json\/wp\/v2\/product_cat?post=13354"},{"taxonomy":"product_tag","embeddable":true,"href":"https:\/\/luciennelaparisienne.fr\/it\/wp-json\/wp\/v2\/product_tag?post=13354"}],"curies":[{"name":"wp","href":"https:\/\/api.w.org\/{rel}","templated":true}]}}