{"id":13466,"date":"2025-04-09T16:48:14","date_gmt":"2025-04-09T14:48:14","guid":{"rendered":"https:\/\/luciennelaparisienne.fr\/?post_type=product&#038;p=13466"},"modified":"2026-04-08T19:32:47","modified_gmt":"2026-04-08T17:32:47","slug":"housse-ete-pour-sac","status":"publish","type":"product","link":"https:\/\/luciennelaparisienne.fr\/it\/prodotto\/housse-ete-pour-sac\/","title":{"rendered":"Copertura estiva per borsa"},"content":{"rendered":"<p>Vi offriamo le coperture estive per le borse. Se avete gi\u00e0 le nostre borse, potete sostituire la copertura in pelliccia con quella in cotone a vostra scelta.<\/p>\n<p>La copertura \u00e8 foderata con un materiale solido, e sul fondo la copertura \u00e8 rinforzata con la schiuma per rendere pi\u00f9 comodo il riposo nella borsa.<\/p>\n<p>La copertura \u00e8 realizzata in materiale leggero, naturale e traspirante. \u00c8 un'alternativa perfetta per sostituire le coperture in pelliccia, affinch\u00e9 il vostro cane non abbia caldo in estate.\"<\/p>\n<p><strong>Caratteristiche<\/strong><strong>\u202f:<\/strong><strong>\u00a0\u00a0<\/strong><\/p>\n<p>Couleurs: Vichy bleu marine, vichy jaune, vichy rose, vichy rouge ainsi que carreaux beiges.<\/p>\n<p>Tessuto: cotone.<\/p>\n<p><strong>Manutenzione<\/strong><strong>\u202f:<\/strong><strong>\u00a0\u00a0<\/strong><\/p>\n<p>Lavaggio a mano o in lavatrice a 30\u00b0C. Centrifuga e asciugatura leggera, non lavare a secco, non usare candeggina.<\/p>\n<p><strong>Taglia\u00a0<\/strong>:<\/p>\n<p>M: 55 cm lunghezza della borsa, 45 cm lunghezza del fondo (kaninchen e nani fino a 6 kg)<\/p>\n<p>L: 60 cm lunghezza della borsa, 50 cm lunghezza del fondo (piccoli standard 8 kg o due kaninchen)<\/p>\n<p>XL: 70 cm lunghezza della borsa, 60 cm lunghezza del fondo (standard 9 kg+ o due nani)<\/p>\n<p>Taille XL se fabriquent seulement en pr\u00e9-commande et apr\u00e8s le r\u00e8glement.<\/p>\n<p>\u00c8 possibile ordinare su misura, grazie di <a href=\"https:\/\/luciennelaparisienne.fr\/contactez-nous\/\"><strong>contattarci tramite la sezione contatti<\/strong><\/a>.<\/p>","protected":false},"excerpt":{"rendered":"<p>Nous vous proposons les housses d&rsquo;\u00e9t\u00e9 pour les sacs. Si vous avez d\u00e9j\u00e0 nos sacs vous pouvez remplacer la housse fourrure par la housse en coton de votre choix. La housse est doubl\u00e9 par une mati\u00e8re solide, au fond la housse est renforc\u00e9e par la mousse pour adoucir le couchage [&hellip;]<\/p>","protected":false},"featured_media":17044,"comment_status":"open","ping_status":"closed","template":"","meta":{"inline_featured_image":false},"product_brand":[],"product_cat":[155,70],"product_tag":[],"class_list":{"0":"post-13466","1":"product","2":"type-product","3":"status-publish","4":"has-post-thumbnail","6":"product_cat-sacs","7":"product_cat-pour-nos-teckels","9":"first","10":"instock","11":"taxable","12":"shipping-taxable","13":"purchasable","14":"product-type-variable"},"yoast_head":"<!-- This site is optimized with the Yoast SEO plugin v26.6 - https:\/\/yoast.com\/wordpress\/plugins\/seo\/ -->\n<title>Housse \u00e9t\u00e9 pour sac - Lucienne la Parisienne<\/title>\n<meta name=\"robots\" content=\"index, follow, max-snippet:-1, max-image-preview:large, max-video-preview:-1\" \/>\n<link rel=\"canonical\" href=\"https:\/\/luciennelaparisienne.fr\/it\/prodotto\/housse-ete-pour-sac\/\" \/>\n<meta property=\"og:locale\" content=\"it_IT\" \/>\n<meta property=\"og:type\" content=\"article\" \/>\n<meta property=\"og:title\" content=\"Housse \u00e9t\u00e9 pour sac - Lucienne la Parisienne\" \/>\n<meta property=\"og:description\" content=\"Nous vous proposons les housses d&rsquo;\u00e9t\u00e9 pour les sacs. Si vous avez d\u00e9j\u00e0 nos sacs vous pouvez remplacer la housse fourrure par la housse en coton de votre choix. La housse est doubl\u00e9 par une mati\u00e8re solide, au fond la housse est renforc\u00e9e par la mousse pour adoucir le couchage [&hellip;]\" \/>\n<meta property=\"og:url\" content=\"https:\/\/luciennelaparisienne.fr\/it\/prodotto\/housse-ete-pour-sac\/\" \/>\n<meta property=\"og:site_name\" content=\"Lucienne la Parisienne\" \/>\n<meta property=\"article:modified_time\" content=\"2026-04-08T17:32:47+00:00\" \/>\n<meta property=\"og:image\" content=\"https:\/\/luciennelaparisienne.fr\/wp-content\/uploads\/2025\/04\/DSC05722-3.jpg\" \/>\n\t<meta property=\"og:image:width\" content=\"1000\" \/>\n\t<meta property=\"og:image:height\" content=\"1000\" \/>\n\t<meta property=\"og:image:type\" content=\"image\/jpeg\" \/>\n<meta name=\"twitter:card\" content=\"summary_large_image\" \/>\n<meta name=\"twitter:label1\" content=\"Tempo di lettura stimato\" \/>\n\t<meta name=\"twitter:data1\" content=\"2 minuti\" \/>\n<script type=\"application\/ld+json\" class=\"yoast-schema-graph\">{\"@context\":\"https:\/\/schema.org\",\"@graph\":[{\"@type\":\"WebPage\",\"@id\":\"https:\/\/luciennelaparisienne.fr\/produit\/housse-ete-pour-sac\/\",\"url\":\"https:\/\/luciennelaparisienne.fr\/produit\/housse-ete-pour-sac\/\",\"name\":\"Housse \u00e9t\u00e9 pour sac - Lucienne la Parisienne\",\"isPartOf\":{\"@id\":\"https:\/\/luciennelaparisienne.fr\/#website\"},\"primaryImageOfPage\":{\"@id\":\"https:\/\/luciennelaparisienne.fr\/produit\/housse-ete-pour-sac\/#primaryimage\"},\"image\":{\"@id\":\"https:\/\/luciennelaparisienne.fr\/produit\/housse-ete-pour-sac\/#primaryimage\"},\"thumbnailUrl\":\"https:\/\/luciennelaparisienne.fr\/wp-content\/uploads\/2025\/04\/DSC05722-3.jpg\",\"datePublished\":\"2025-04-09T14:48:14+00:00\",\"dateModified\":\"2026-04-08T17:32:47+00:00\",\"breadcrumb\":{\"@id\":\"https:\/\/luciennelaparisienne.fr\/produit\/housse-ete-pour-sac\/#breadcrumb\"},\"inLanguage\":\"it-IT\",\"potentialAction\":[{\"@type\":\"ReadAction\",\"target\":[\"https:\/\/luciennelaparisienne.fr\/produit\/housse-ete-pour-sac\/\"]}]},{\"@type\":\"ImageObject\",\"inLanguage\":\"it-IT\",\"@id\":\"https:\/\/luciennelaparisienne.fr\/produit\/housse-ete-pour-sac\/#primaryimage\",\"url\":\"https:\/\/luciennelaparisienne.fr\/wp-content\/uploads\/2025\/04\/DSC05722-3.jpg\",\"contentUrl\":\"https:\/\/luciennelaparisienne.fr\/wp-content\/uploads\/2025\/04\/DSC05722-3.jpg\",\"width\":1000,\"height\":1000},{\"@type\":\"BreadcrumbList\",\"@id\":\"https:\/\/luciennelaparisienne.fr\/produit\/housse-ete-pour-sac\/#breadcrumb\",\"itemListElement\":[{\"@type\":\"ListItem\",\"position\":1,\"name\":\"Accueil\",\"item\":\"https:\/\/luciennelaparisienne.fr\/\"},{\"@type\":\"ListItem\",\"position\":2,\"name\":\"Boutique\",\"item\":\"https:\/\/luciennelaparisienne.fr\/shop\/\"},{\"@type\":\"ListItem\",\"position\":3,\"name\":\"Housse \u00e9t\u00e9 pour sac\"}]},{\"@type\":\"WebSite\",\"@id\":\"https:\/\/luciennelaparisienne.fr\/#website\",\"url\":\"https:\/\/luciennelaparisienne.fr\/\",\"name\":\"Lucienne la Parisienne\",\"description\":\"Produits pour Teckels\",\"potentialAction\":[{\"@type\":\"SearchAction\",\"target\":{\"@type\":\"EntryPoint\",\"urlTemplate\":\"https:\/\/luciennelaparisienne.fr\/?s={search_term_string}\"},\"query-input\":{\"@type\":\"PropertyValueSpecification\",\"valueRequired\":true,\"valueName\":\"search_term_string\"}}],\"inLanguage\":\"it-IT\"}]}<\/script>\n<!-- \/ Yoast SEO plugin. -->","yoast_head_json":{"title":"Housse \u00e9t\u00e9 pour sac - Lucienne la Parisienne","robots":{"index":"index","follow":"follow","max-snippet":"max-snippet:-1","max-image-preview":"max-image-preview:large","max-video-preview":"max-video-preview:-1"},"canonical":"https:\/\/luciennelaparisienne.fr\/it\/prodotto\/housse-ete-pour-sac\/","og_locale":"it_IT","og_type":"article","og_title":"Housse \u00e9t\u00e9 pour sac - Lucienne la Parisienne","og_description":"Nous vous proposons les housses d&rsquo;\u00e9t\u00e9 pour les sacs. Si vous avez d\u00e9j\u00e0 nos sacs vous pouvez remplacer la housse fourrure par la housse en coton de votre choix. La housse est doubl\u00e9 par une mati\u00e8re solide, au fond la housse est renforc\u00e9e par la mousse pour adoucir le couchage [&hellip;]","og_url":"https:\/\/luciennelaparisienne.fr\/it\/prodotto\/housse-ete-pour-sac\/","og_site_name":"Lucienne la Parisienne","article_modified_time":"2026-04-08T17:32:47+00:00","og_image":[{"width":1000,"height":1000,"url":"https:\/\/luciennelaparisienne.fr\/wp-content\/uploads\/2025\/04\/DSC05722-3.jpg","type":"image\/jpeg"}],"twitter_card":"summary_large_image","twitter_misc":{"Tempo di lettura stimato":"2 minuti"},"schema":{"@context":"https:\/\/schema.org","@graph":[{"@type":"WebPage","@id":"https:\/\/luciennelaparisienne.fr\/produit\/housse-ete-pour-sac\/","url":"https:\/\/luciennelaparisienne.fr\/produit\/housse-ete-pour-sac\/","name":"Housse \u00e9t\u00e9 pour sac - Lucienne la Parisienne","isPartOf":{"@id":"https:\/\/luciennelaparisienne.fr\/#website"},"primaryImageOfPage":{"@id":"https:\/\/luciennelaparisienne.fr\/produit\/housse-ete-pour-sac\/#primaryimage"},"image":{"@id":"https:\/\/luciennelaparisienne.fr\/produit\/housse-ete-pour-sac\/#primaryimage"},"thumbnailUrl":"https:\/\/luciennelaparisienne.fr\/wp-content\/uploads\/2025\/04\/DSC05722-3.jpg","datePublished":"2025-04-09T14:48:14+00:00","dateModified":"2026-04-08T17:32:47+00:00","breadcrumb":{"@id":"https:\/\/luciennelaparisienne.fr\/produit\/housse-ete-pour-sac\/#breadcrumb"},"inLanguage":"it-IT","potentialAction":[{"@type":"ReadAction","target":["https:\/\/luciennelaparisienne.fr\/produit\/housse-ete-pour-sac\/"]}]},{"@type":"ImageObject","inLanguage":"it-IT","@id":"https:\/\/luciennelaparisienne.fr\/produit\/housse-ete-pour-sac\/#primaryimage","url":"https:\/\/luciennelaparisienne.fr\/wp-content\/uploads\/2025\/04\/DSC05722-3.jpg","contentUrl":"https:\/\/luciennelaparisienne.fr\/wp-content\/uploads\/2025\/04\/DSC05722-3.jpg","width":1000,"height":1000},{"@type":"BreadcrumbList","@id":"https:\/\/luciennelaparisienne.fr\/produit\/housse-ete-pour-sac\/#breadcrumb","itemListElement":[{"@type":"ListItem","position":1,"name":"Accueil","item":"https:\/\/luciennelaparisienne.fr\/"},{"@type":"ListItem","position":2,"name":"Boutique","item":"https:\/\/luciennelaparisienne.fr\/shop\/"},{"@type":"ListItem","position":3,"name":"Housse \u00e9t\u00e9 pour sac"}]},{"@type":"WebSite","@id":"https:\/\/luciennelaparisienne.fr\/#website","url":"https:\/\/luciennelaparisienne.fr\/","name":"Lucienne la Parisienne","description":"Produits pour Teckels","potentialAction":[{"@type":"SearchAction","target":{"@type":"EntryPoint","urlTemplate":"https:\/\/luciennelaparisienne.fr\/?s={search_term_string}"},"query-input":{"@type":"PropertyValueSpecification","valueRequired":true,"valueName":"search_term_string"}}],"inLanguage":"it-IT"}]}},"_links":{"self":[{"href":"https:\/\/luciennelaparisienne.fr\/it\/wp-json\/wp\/v2\/product\/13466","targetHints":{"allow":["GET"]}}],"collection":[{"href":"https:\/\/luciennelaparisienne.fr\/it\/wp-json\/wp\/v2\/product"}],"about":[{"href":"https:\/\/luciennelaparisienne.fr\/it\/wp-json\/wp\/v2\/types\/product"}],"replies":[{"embeddable":true,"href":"https:\/\/luciennelaparisienne.fr\/it\/wp-json\/wp\/v2\/comments?post=13466"}],"wp:featuredmedia":[{"embeddable":true,"href":"https:\/\/luciennelaparisienne.fr\/it\/wp-json\/wp\/v2\/media\/17044"}],"wp:attachment":[{"href":"https:\/\/luciennelaparisienne.fr\/it\/wp-json\/wp\/v2\/media?parent=13466"}],"wp:term":[{"taxonomy":"product_brand","embeddable":true,"href":"https:\/\/luciennelaparisienne.fr\/it\/wp-json\/wp\/v2\/product_brand?post=13466"},{"taxonomy":"product_cat","embeddable":true,"href":"https:\/\/luciennelaparisienne.fr\/it\/wp-json\/wp\/v2\/product_cat?post=13466"},{"taxonomy":"product_tag","embeddable":true,"href":"https:\/\/luciennelaparisienne.fr\/it\/wp-json\/wp\/v2\/product_tag?post=13466"}],"curies":[{"name":"wp","href":"https:\/\/api.w.org\/{rel}","templated":true}]}}